{"id":302667,"date":"2025-07-26T13:30:20","date_gmt":"2025-07-26T12:30:20","guid":{"rendered":"https:\/\/ecosupplements.be\/product\/ostrovit-creatine-monohydrate-natural-500-g\/"},"modified":"2025-08-28T03:41:57","modified_gmt":"2025-08-28T02:41:57","slug":"ostrovit-creatine-monohydrate-natural-500-g","status":"publish","type":"product","link":"https:\/\/ecosupplements.be\/fr\/produit\/ostrovit-creatine-monohydrate-natural-500-g\/","title":{"rendered":"Cr\u00e9atine monohydrate naturelle OSTROVIT (500 g)"},"content":{"rendered":"<h2>OSTROVIT Creatine Monohydrate Natural (500 g)<\/h2>\n<p>D\u00e9couvrez OSTROVIT Creatine Monohydrate Natural,un produit de haute qualit\u00e9 pour ceux qui appr\u00e9cient les ingr\u00e9dients purs et d&#8217;origine naturelle.Ce compl\u00e9ment est compos\u00e9 exclusivement de monohydrate de cr\u00e9atine, sans aucun additif superflu, garantissant une puret\u00e9 exceptionnelle.<\/p>\n<ul>\n<li>Contenu : 500 g de monohydrate de cr\u00e9atine.<\/li>\n<li>Nombre d&#8217;unit\u00e9s : Environ 166 portions par emballage.<\/li>\n<li>Utilisation recommand\u00e9e : Une mesure quotidienne m\u00e9lang\u00e9e avec votre boisson pr\u00e9f\u00e9r\u00e9e.<\/li>\n<\/ul>\n<p>Ce produit est parfaitement adapt\u00e9 \u00e0 un mode de vie actif, offrant une solution pratique pour votre quotidien. Il se dissout facilement et peut \u00eatre consomm\u00e9 avec diverses boissons gr\u00e2ce \u00e0 sa texture fine et son absence de go\u00fbt sp\u00e9cifique.<\/p>\n<p>L&#8217;emballage pratique assure une utilisation facile et permet un dosage pr\u00e9cis pour une routine simplifi\u00e9e. OSTROVIT Creatine monohydrate Natural est le choix id\u00e9al pour ceux qui recherchent un produit pur dans le cadre d&#8217;un mode de vie \u00e9quilibr\u00e9.<\/p>\n<div class=\"nutrition_table_wrapper\">\n<div class=\"top_info\"><label>Masse nette du produit: 500 g<\/label><\/div>\n<div class=\"top_info\"><label>Nombre de portions dans l&#8217;emballage: 166<\/label><\/div>\n<div class=\"top_info\"><label>taille des portions: 3 g<\/label><\/div>\n<table>\n<tbody>\n<tr>\n<th>Ingr\u00e9dient actif<\/th>\n<th>Par portion<\/th>\n<\/tr>\n<tr>\n<td style=\"text-align:left;font-weight:600\">Monohydrate de cr\u00e9atine:<\/td>\n<td style=\"text-align:center\">3000 mg<\/td>\n<\/tr>\n<\/tbody>\n<\/table>\n<\/div>\n<p>veuillez noter que ce compl\u00e9ment alimentaire doit \u00eatre utilis\u00e9 dans le cadre d&#8217;une alimentation vari\u00e9e et \u00e9quilibr\u00e9e et d&#8217;un mode de vie sain. Ne pas d\u00e9passer la dose journali\u00e8re recommand\u00e9e. Conserver hors port\u00e9e des enfants.<\/p>\n","protected":false},"excerpt":{"rendered":"<p>OSTROVIT Creatine Monohydrate Natural (500 g) D\u00e9couvrez OSTROVIT Creatine Monohydrate Natural,un produit de haute qualit\u00e9 pour ceux qui appr\u00e9cient les ingr\u00e9dients purs et d&#8217;origine naturelle.Ce compl\u00e9ment est compos\u00e9 exclusivement de monohydrate de cr\u00e9atine, sans aucun additif superflu, garantissant une puret\u00e9 exceptionnelle. Contenu : 500 g de monohydrate de cr\u00e9atine. Nombre d&#8217;unit\u00e9s : Environ 166 portions [&#8230;]\n","protected":false},"featured_media":276807,"comment_status":"closed","ping_status":"open","template":"","meta":[],"product_brand":[5326],"product_cat":[5053],"product_tag":[],"class_list":{"0":"post-302667","1":"product","2":"type-product","3":"status-publish","4":"has-post-thumbnail","6":"product_brand-ostrovit-2","7":"product_cat-vitamines-et-mineraux","9":"first","10":"instock","11":"taxable","12":"shipping-taxable","13":"purchasable","14":"product-type-simple"},"yoast_head":"<!-- This site is optimized with the Yoast SEO Premium plugin v27.3 (Yoast SEO v27.3) - https:\/\/yoast.com\/product\/yoast-seo-premium-wordpress\/ -->\n<title>Cr\u00e9atine monohydrate naturelle OSTROVIT (500 g) - ECO Supplements<\/title>\n<meta name=\"description\" content=\"Wij hebben een ruime keuze aan producten van Cr\u00e9atine monohydrate naturelle OSTROVIT (500 g) . Winkel bij Eco Supplements altijd gratis verzending boven 100\u20ac\" \/>\n<meta name=\"robots\" content=\"index, follow, max-snippet:-1, max-image-preview:large, max-video-preview:-1\" \/>\n<link rel=\"canonical\" href=\"https:\/\/ecosupplements.be\/fr\/produit\/ostrovit-creatine-monohydrate-natural-500-g\/\" \/>\n<meta property=\"og:locale\" content=\"fr_FR\" \/>\n<meta property=\"og:type\" content=\"article\" \/>\n<meta property=\"og:title\" content=\"Cr\u00e9atine monohydrate naturelle OSTROVIT (500 g)\" \/>\n<meta property=\"og:description\" content=\"Wij hebben een ruime keuze aan producten van Cr\u00e9atine monohydrate naturelle OSTROVIT (500 g) . Winkel bij Eco Supplements altijd gratis verzending boven 100\u20ac\" \/>\n<meta property=\"og:url\" content=\"https:\/\/ecosupplements.be\/fr\/produit\/ostrovit-creatine-monohydrate-natural-500-g\/\" \/>\n<meta property=\"og:site_name\" content=\"ECO Supplements\" \/>\n<meta property=\"article:modified_time\" content=\"2025-08-28T02:41:57+00:00\" \/>\n<meta property=\"og:image\" content=\"https:\/\/ecosupplements.be\/wp-content\/uploads\/2025\/08\/Ostrovit-OSTROVIT-Creatine-Monohydrate-natural-500-g.png\" \/>\n\t<meta property=\"og:image:width\" content=\"1000\" \/>\n\t<meta property=\"og:image:height\" content=\"1000\" \/>\n\t<meta property=\"og:image:type\" content=\"image\/jpeg\" \/>\n<meta name=\"twitter:card\" content=\"summary_large_image\" \/>\n<meta name=\"twitter:label1\" content=\"Prix\" \/>\n\t<meta name=\"twitter:data1\" content=\"8.05&nbsp;&euro;\" \/>\n\t<meta name=\"twitter:label2\" content=\"Disponibilit\u00e9\" \/>\n\t<meta name=\"twitter:data2\" content=\"En stock\" \/>\n<script type=\"application\/ld+json\" class=\"yoast-schema-graph\">{\"@context\":\"https:\\\/\\\/schema.org\",\"@graph\":[{\"@type\":[\"WebPage\",\"ItemPage\"],\"@id\":\"https:\\\/\\\/ecosupplements.be\\\/fr\\\/produit\\\/ostrovit-creatine-monohydrate-natural-500-g\\\/\",\"url\":\"https:\\\/\\\/ecosupplements.be\\\/fr\\\/produit\\\/ostrovit-creatine-monohydrate-natural-500-g\\\/\",\"name\":\"Cr\u00e9atine monohydrate naturelle OSTROVIT (500 g) - ECO Supplements\",\"isPartOf\":{\"@id\":\"https:\\\/\\\/ecosupplements.be\\\/fr\\\/#website\"},\"primaryImageOfPage\":{\"@id\":\"https:\\\/\\\/ecosupplements.be\\\/fr\\\/produit\\\/ostrovit-creatine-monohydrate-natural-500-g\\\/#primaryimage\"},\"image\":{\"@id\":\"https:\\\/\\\/ecosupplements.be\\\/fr\\\/produit\\\/ostrovit-creatine-monohydrate-natural-500-g\\\/#primaryimage\"},\"thumbnailUrl\":\"https:\\\/\\\/ecosupplements.be\\\/wp-content\\\/uploads\\\/2025\\\/08\\\/OSTROVIT-Creatine-Monohydrate-natural-500-g.png\",\"datePublished\":\"2025-07-26T12:30:20+00:00\",\"dateModified\":\"2025-08-28T02:41:57+00:00\",\"description\":\"Wij hebben een ruime keuze aan producten van Cr\u00e9atine monohydrate naturelle OSTROVIT (500 g) . Winkel bij Eco Supplements altijd gratis verzending boven 100\u20ac\",\"breadcrumb\":{\"@id\":\"https:\\\/\\\/ecosupplements.be\\\/fr\\\/produit\\\/ostrovit-creatine-monohydrate-natural-500-g\\\/#breadcrumb\"},\"inLanguage\":\"fr-FR\",\"potentialAction\":[{\"@type\":\"ReadAction\",\"target\":[\"https:\\\/\\\/ecosupplements.be\\\/fr\\\/produit\\\/ostrovit-creatine-monohydrate-natural-500-g\\\/\"]}]},{\"@type\":\"ImageObject\",\"inLanguage\":\"fr-FR\",\"@id\":\"https:\\\/\\\/ecosupplements.be\\\/fr\\\/produit\\\/ostrovit-creatine-monohydrate-natural-500-g\\\/#primaryimage\",\"url\":\"https:\\\/\\\/ecosupplements.be\\\/wp-content\\\/uploads\\\/2025\\\/08\\\/OSTROVIT-Creatine-Monohydrate-natural-500-g.png\",\"contentUrl\":\"https:\\\/\\\/ecosupplements.be\\\/wp-content\\\/uploads\\\/2025\\\/08\\\/OSTROVIT-Creatine-Monohydrate-natural-500-g.png\",\"width\":1000,\"height\":1000},{\"@type\":\"BreadcrumbList\",\"@id\":\"https:\\\/\\\/ecosupplements.be\\\/fr\\\/produit\\\/ostrovit-creatine-monohydrate-natural-500-g\\\/#breadcrumb\",\"itemListElement\":[{\"@type\":\"ListItem\",\"position\":1,\"name\":\"Home\",\"item\":\"https:\\\/\\\/ecosupplements.be\\\/fr\\\/\"},{\"@type\":\"ListItem\",\"position\":2,\"name\":\"Boutique\",\"item\":\"https:\\\/\\\/ecosupplements.be\\\/fr\\\/boutique\\\/\"},{\"@type\":\"ListItem\",\"position\":3,\"name\":\"Cr\u00e9atine monohydrate naturelle OSTROVIT (500 g)\"}]},{\"@type\":\"WebSite\",\"@id\":\"https:\\\/\\\/ecosupplements.be\\\/fr\\\/#website\",\"url\":\"https:\\\/\\\/ecosupplements.be\\\/fr\\\/\",\"name\":\"ECO Supplements\",\"description\":\"Eco Supplements - Gezonde supplementen\",\"publisher\":{\"@id\":\"https:\\\/\\\/ecosupplements.be\\\/fr\\\/#organization\"},\"potentialAction\":[{\"@type\":\"SearchAction\",\"target\":{\"@type\":\"EntryPoint\",\"urlTemplate\":\"https:\\\/\\\/ecosupplements.be\\\/fr\\\/?s={search_term_string}\"},\"query-input\":{\"@type\":\"PropertyValueSpecification\",\"valueRequired\":true,\"valueName\":\"search_term_string\"}}],\"inLanguage\":\"fr-FR\"},{\"@type\":\"Organization\",\"@id\":\"https:\\\/\\\/ecosupplements.be\\\/fr\\\/#organization\",\"name\":\"Eco Supplements\",\"url\":\"https:\\\/\\\/ecosupplements.be\\\/fr\\\/\",\"logo\":{\"@type\":\"ImageObject\",\"inLanguage\":\"fr-FR\",\"@id\":\"https:\\\/\\\/ecosupplements.be\\\/fr\\\/#\\\/schema\\\/logo\\\/image\\\/\",\"url\":\"https:\\\/\\\/ecosupplements.be\\\/wp-content\\\/uploads\\\/2022\\\/06\\\/ecosupplement-family.png\",\"contentUrl\":\"https:\\\/\\\/ecosupplements.be\\\/wp-content\\\/uploads\\\/2022\\\/06\\\/ecosupplement-family.png\",\"width\":593,\"height\":374,\"caption\":\"Eco Supplements\"},\"image\":{\"@id\":\"https:\\\/\\\/ecosupplements.be\\\/fr\\\/#\\\/schema\\\/logo\\\/image\\\/\"}}]}<\/script>\n<meta property=\"product:brand\" content=\"Ostrovit\" \/>\n<meta property=\"product:price:amount\" content=\"8.05\" \/>\n<meta property=\"product:price:currency\" content=\"EUR\" \/>\n<meta property=\"og:availability\" content=\"instock\" \/>\n<meta property=\"product:availability\" content=\"instock\" \/>\n<meta property=\"product:retailer_item_id\" content=\"5902232610260\" \/>\n<meta property=\"product:condition\" content=\"new\" \/>\n<!-- \/ Yoast SEO Premium plugin. -->","yoast_head_json":{"title":"Cr\u00e9atine monohydrate naturelle OSTROVIT (500 g) - ECO Supplements","description":"Wij hebben een ruime keuze aan producten van Cr\u00e9atine monohydrate naturelle OSTROVIT (500 g) . Winkel bij Eco Supplements altijd gratis verzending boven 100\u20ac","robots":{"index":"index","follow":"follow","max-snippet":"max-snippet:-1","max-image-preview":"max-image-preview:large","max-video-preview":"max-video-preview:-1"},"canonical":"https:\/\/ecosupplements.be\/fr\/produit\/ostrovit-creatine-monohydrate-natural-500-g\/","og_locale":"fr_FR","og_type":"article","og_title":"Cr\u00e9atine monohydrate naturelle OSTROVIT (500 g)","og_description":"Wij hebben een ruime keuze aan producten van Cr\u00e9atine monohydrate naturelle OSTROVIT (500 g) . Winkel bij Eco Supplements altijd gratis verzending boven 100\u20ac","og_url":"https:\/\/ecosupplements.be\/fr\/produit\/ostrovit-creatine-monohydrate-natural-500-g\/","og_site_name":"ECO Supplements","article_modified_time":"2025-08-28T02:41:57+00:00","og_image":[{"width":1000,"height":1000,"url":"https:\/\/ecosupplements.be\/wp-content\/uploads\/2025\/08\/Ostrovit-OSTROVIT-Creatine-Monohydrate-natural-500-g.png","type":"image\/jpeg"}],"twitter_card":"summary_large_image","twitter_misc":{"Prix":"8.05&nbsp;&euro;","Disponibilit\u00e9":"En stock"},"schema":{"@context":"https:\/\/schema.org","@graph":[{"@type":["WebPage","ItemPage"],"@id":"https:\/\/ecosupplements.be\/fr\/produit\/ostrovit-creatine-monohydrate-natural-500-g\/","url":"https:\/\/ecosupplements.be\/fr\/produit\/ostrovit-creatine-monohydrate-natural-500-g\/","name":"Cr\u00e9atine monohydrate naturelle OSTROVIT (500 g) - ECO Supplements","isPartOf":{"@id":"https:\/\/ecosupplements.be\/fr\/#website"},"primaryImageOfPage":{"@id":"https:\/\/ecosupplements.be\/fr\/produit\/ostrovit-creatine-monohydrate-natural-500-g\/#primaryimage"},"image":{"@id":"https:\/\/ecosupplements.be\/fr\/produit\/ostrovit-creatine-monohydrate-natural-500-g\/#primaryimage"},"thumbnailUrl":"https:\/\/ecosupplements.be\/wp-content\/uploads\/2025\/08\/OSTROVIT-Creatine-Monohydrate-natural-500-g.png","datePublished":"2025-07-26T12:30:20+00:00","dateModified":"2025-08-28T02:41:57+00:00","description":"Wij hebben een ruime keuze aan producten van Cr\u00e9atine monohydrate naturelle OSTROVIT (500 g) . Winkel bij Eco Supplements altijd gratis verzending boven 100\u20ac","breadcrumb":{"@id":"https:\/\/ecosupplements.be\/fr\/produit\/ostrovit-creatine-monohydrate-natural-500-g\/#breadcrumb"},"inLanguage":"fr-FR","potentialAction":[{"@type":"ReadAction","target":["https:\/\/ecosupplements.be\/fr\/produit\/ostrovit-creatine-monohydrate-natural-500-g\/"]}]},{"@type":"ImageObject","inLanguage":"fr-FR","@id":"https:\/\/ecosupplements.be\/fr\/produit\/ostrovit-creatine-monohydrate-natural-500-g\/#primaryimage","url":"https:\/\/ecosupplements.be\/wp-content\/uploads\/2025\/08\/OSTROVIT-Creatine-Monohydrate-natural-500-g.png","contentUrl":"https:\/\/ecosupplements.be\/wp-content\/uploads\/2025\/08\/OSTROVIT-Creatine-Monohydrate-natural-500-g.png","width":1000,"height":1000},{"@type":"BreadcrumbList","@id":"https:\/\/ecosupplements.be\/fr\/produit\/ostrovit-creatine-monohydrate-natural-500-g\/#breadcrumb","itemListElement":[{"@type":"ListItem","position":1,"name":"Home","item":"https:\/\/ecosupplements.be\/fr\/"},{"@type":"ListItem","position":2,"name":"Boutique","item":"https:\/\/ecosupplements.be\/fr\/boutique\/"},{"@type":"ListItem","position":3,"name":"Cr\u00e9atine monohydrate naturelle OSTROVIT (500 g)"}]},{"@type":"WebSite","@id":"https:\/\/ecosupplements.be\/fr\/#website","url":"https:\/\/ecosupplements.be\/fr\/","name":"ECO Supplements","description":"Eco Supplements - Gezonde supplementen","publisher":{"@id":"https:\/\/ecosupplements.be\/fr\/#organization"},"potentialAction":[{"@type":"SearchAction","target":{"@type":"EntryPoint","urlTemplate":"https:\/\/ecosupplements.be\/fr\/?s={search_term_string}"},"query-input":{"@type":"PropertyValueSpecification","valueRequired":true,"valueName":"search_term_string"}}],"inLanguage":"fr-FR"},{"@type":"Organization","@id":"https:\/\/ecosupplements.be\/fr\/#organization","name":"Eco Supplements","url":"https:\/\/ecosupplements.be\/fr\/","logo":{"@type":"ImageObject","inLanguage":"fr-FR","@id":"https:\/\/ecosupplements.be\/fr\/#\/schema\/logo\/image\/","url":"https:\/\/ecosupplements.be\/wp-content\/uploads\/2022\/06\/ecosupplement-family.png","contentUrl":"https:\/\/ecosupplements.be\/wp-content\/uploads\/2022\/06\/ecosupplement-family.png","width":593,"height":374,"caption":"Eco Supplements"},"image":{"@id":"https:\/\/ecosupplements.be\/fr\/#\/schema\/logo\/image\/"}}]},"product_brand":"Ostrovit","product_price_amount":"8.05","product_price_currency":"EUR","og_availability":"instock","product_availability":"instock","product_retailer_item_id":"5902232610260","product_condition":"new"},"_links":{"self":[{"href":"https:\/\/ecosupplements.be\/fr\/wp-json\/wp\/v2\/product\/302667","targetHints":{"allow":["GET"]}}],"collection":[{"href":"https:\/\/ecosupplements.be\/fr\/wp-json\/wp\/v2\/product"}],"about":[{"href":"https:\/\/ecosupplements.be\/fr\/wp-json\/wp\/v2\/types\/product"}],"replies":[{"embeddable":true,"href":"https:\/\/ecosupplements.be\/fr\/wp-json\/wp\/v2\/comments?post=302667"}],"wp:featuredmedia":[{"embeddable":true,"href":"https:\/\/ecosupplements.be\/fr\/wp-json\/wp\/v2\/media\/276807"}],"wp:attachment":[{"href":"https:\/\/ecosupplements.be\/fr\/wp-json\/wp\/v2\/media?parent=302667"}],"wp:term":[{"taxonomy":"product_brand","embeddable":true,"href":"https:\/\/ecosupplements.be\/fr\/wp-json\/wp\/v2\/product_brand?post=302667"},{"taxonomy":"product_cat","embeddable":true,"href":"https:\/\/ecosupplements.be\/fr\/wp-json\/wp\/v2\/product_cat?post=302667"},{"taxonomy":"product_tag","embeddable":true,"href":"https:\/\/ecosupplements.be\/fr\/wp-json\/wp\/v2\/product_tag?post=302667"}],"curies":[{"name":"wp","href":"https:\/\/api.w.org\/{rel}","templated":true}]}}