{"id":302676,"date":"2025-07-26T13:45:12","date_gmt":"2025-07-26T12:45:12","guid":{"rendered":"https:\/\/ecosupplements.be\/product\/ostrovit-creatine-monohydrate-3300-mg-120-caps\/"},"modified":"2025-08-28T03:42:09","modified_gmt":"2025-08-28T02:42:09","slug":"ostrovit-creatine-monohydrate-3300-mg-120-caps","status":"publish","type":"product","link":"https:\/\/ecosupplements.be\/fr\/produit\/ostrovit-creatine-monohydrate-3300-mg-120-caps\/","title":{"rendered":"Cr\u00e9atine monohydrate OSTROVIT 3300 mg (120 g\u00e9lules)"},"content":{"rendered":"<h2>OSTROVIT Creatine Monohydrate 3300 mg (120 caps)<\/h2>\n<p>D\u00e9couvrez OSTROVIT Creatine Monohydrate, un compl\u00e9ment de haute qualit\u00e9 con\u00e7u pour ceux qui appr\u00e9cient les produits naturels et purs dans leur quotidien actif. Chaque capsule contient 3300 mg de monohydrate de cr\u00e9atine, une forme appr\u00e9ci\u00e9e pour sa grande puret\u00e9.<\/p>\n<p>Ce produit est pr\u00e9sent\u00e9 sous forme de capsules faciles \u00e0 avaler, id\u00e9ales pour une utilisation pratique et sans contrainte. Il est particuli\u00e8rement adapt\u00e9 aux adultes qui m\u00e8nent une vie active.<\/p>\n<p><strong>Ingr\u00e9dients :<\/strong> Monohydrate de cr\u00e9atine, enveloppe de la capsule (g\u00e9latine, eau purifi\u00e9e), anti-agglom\u00e9rant : sels magn\u00e9siens d&#8217;acides gras. Peut contenir des traces de lait (lactose inclus), soja, arachides, autres noix, graines de s\u00e9same, c\u00e9r\u00e9ales contenant du gluten, \u0153ufs, crustac\u00e9s et poissons.<\/p>\n<div>\n<h3>Utilisation recommand\u00e9e<\/h3>\n<p>pour les jours d&#8217;entra\u00eenement : Prendre une portion (3 capsules) par jour apr\u00e8s l&#8217;entra\u00eenement. Les jours sans entra\u00eenement : Prendre une portion au r\u00e9veil.<\/p>\n<\/div>\n<div>\n<h3>Informations suppl\u00e9mentaires<\/h3>\n<ul>\n<li><strong>contenu net :<\/strong> 148 g<\/li>\n<li><strong>Nombre d&#8217;unit\u00e9s :<\/strong> 120 capsules<\/li>\n<li><strong>Taille d&#8217;une portion :<\/strong> 3 capsules<\/li>\n<li><strong>Nombres de portions par emballage :<\/strong> 40<\/li>\n<\/ul>\n<p>Veuillez ne pas d\u00e9passer la dose journali\u00e8re recommand\u00e9e. Ce produit ne doit pas \u00eatre utilis\u00e9 comme substitut \u00e0 un r\u00e9gime alimentaire vari\u00e9. Un mode de vie \u00e9quilibr\u00e9 est recommand\u00e9.Ne pas utiliser en cas d&#8217;allergie \u00e0 l&#8217;un des ingr\u00e9dients.<\/p>\n<p>gardez hors de port\u00e9e des enfants et stockez dans un endroit sec entre 15-25\u00b0C \u00e0 l&#8217;abri du soleil direct.<\/p>\n<\/div>\n<p>Ce compl\u00e9ment simple s&#8217;int\u00e8gre parfaitement dans le cadre d&#8217;un mode vie actif tout en respectant votre choix pour des ingr\u00e9dients naturels et purs.<\/p>\n","protected":false},"excerpt":{"rendered":"<p>OSTROVIT Creatine Monohydrate 3300 mg (120 caps) D\u00e9couvrez OSTROVIT Creatine Monohydrate, un compl\u00e9ment de haute qualit\u00e9 con\u00e7u pour ceux qui appr\u00e9cient les produits naturels et purs dans leur quotidien actif. Chaque capsule contient 3300 mg de monohydrate de cr\u00e9atine, une forme appr\u00e9ci\u00e9e pour sa grande puret\u00e9. Ce produit est pr\u00e9sent\u00e9 sous forme de capsules faciles [&#8230;]\n","protected":false},"featured_media":276816,"comment_status":"closed","ping_status":"open","template":"","meta":[],"product_brand":[5326],"product_cat":[5053],"product_tag":[],"class_list":{"0":"post-302676","1":"product","2":"type-product","3":"status-publish","4":"has-post-thumbnail","6":"product_brand-ostrovit-2","7":"product_cat-vitamines-et-mineraux","9":"first","10":"instock","11":"taxable","12":"shipping-taxable","13":"purchasable","14":"product-type-simple"},"yoast_head":"<!-- This site is optimized with the Yoast SEO Premium plugin v27.3 (Yoast SEO v27.3) - https:\/\/yoast.com\/product\/yoast-seo-premium-wordpress\/ -->\n<title>Cr\u00e9atine monohydrate OSTROVIT 3300 mg (120 g\u00e9lules) - ECO Supplements<\/title>\n<meta name=\"description\" content=\"Wij hebben een ruime keuze aan producten van Cr\u00e9atine monohydrate OSTROVIT 3300 mg (120 g\u00e9lules) . Winkel bij Eco Supplements altijd gratis verzending boven 100\u20ac\" \/>\n<meta name=\"robots\" content=\"index, follow, max-snippet:-1, max-image-preview:large, max-video-preview:-1\" \/>\n<link rel=\"canonical\" href=\"https:\/\/ecosupplements.be\/fr\/produit\/ostrovit-creatine-monohydrate-3300-mg-120-caps\/\" \/>\n<meta property=\"og:locale\" content=\"fr_FR\" \/>\n<meta property=\"og:type\" content=\"article\" \/>\n<meta property=\"og:title\" content=\"Cr\u00e9atine monohydrate OSTROVIT 3300 mg (120 g\u00e9lules)\" \/>\n<meta property=\"og:description\" content=\"Wij hebben een ruime keuze aan producten van Cr\u00e9atine monohydrate OSTROVIT 3300 mg (120 g\u00e9lules) . Winkel bij Eco Supplements altijd gratis verzending boven 100\u20ac\" \/>\n<meta property=\"og:url\" content=\"https:\/\/ecosupplements.be\/fr\/produit\/ostrovit-creatine-monohydrate-3300-mg-120-caps\/\" \/>\n<meta property=\"og:site_name\" content=\"ECO Supplements\" \/>\n<meta property=\"article:modified_time\" content=\"2025-08-28T02:42:09+00:00\" \/>\n<meta property=\"og:image\" content=\"https:\/\/ecosupplements.be\/wp-content\/uploads\/2025\/08\/Ostrovit-OSTROVIT-Creatine-Monohydrate-3300-mg-120-caps.jpg\" \/>\n\t<meta property=\"og:image:width\" content=\"600\" \/>\n\t<meta property=\"og:image:height\" content=\"600\" \/>\n\t<meta property=\"og:image:type\" content=\"image\/jpeg\" \/>\n<meta name=\"twitter:card\" content=\"summary_large_image\" \/>\n<meta name=\"twitter:label1\" content=\"Prix\" \/>\n\t<meta name=\"twitter:data1\" content=\"7.47&nbsp;&euro;\" \/>\n\t<meta name=\"twitter:label2\" content=\"Disponibilit\u00e9\" \/>\n\t<meta name=\"twitter:data2\" content=\"En stock\" \/>\n<script type=\"application\/ld+json\" class=\"yoast-schema-graph\">{\"@context\":\"https:\\\/\\\/schema.org\",\"@graph\":[{\"@type\":[\"WebPage\",\"ItemPage\"],\"@id\":\"https:\\\/\\\/ecosupplements.be\\\/fr\\\/produit\\\/ostrovit-creatine-monohydrate-3300-mg-120-caps\\\/\",\"url\":\"https:\\\/\\\/ecosupplements.be\\\/fr\\\/produit\\\/ostrovit-creatine-monohydrate-3300-mg-120-caps\\\/\",\"name\":\"Cr\u00e9atine monohydrate OSTROVIT 3300 mg (120 g\u00e9lules) - ECO Supplements\",\"isPartOf\":{\"@id\":\"https:\\\/\\\/ecosupplements.be\\\/fr\\\/#website\"},\"primaryImageOfPage\":{\"@id\":\"https:\\\/\\\/ecosupplements.be\\\/fr\\\/produit\\\/ostrovit-creatine-monohydrate-3300-mg-120-caps\\\/#primaryimage\"},\"image\":{\"@id\":\"https:\\\/\\\/ecosupplements.be\\\/fr\\\/produit\\\/ostrovit-creatine-monohydrate-3300-mg-120-caps\\\/#primaryimage\"},\"thumbnailUrl\":\"https:\\\/\\\/ecosupplements.be\\\/wp-content\\\/uploads\\\/2025\\\/08\\\/OSTROVIT-Creatine-Monohydrate-3300-mg-120-caps.jpg\",\"datePublished\":\"2025-07-26T12:45:12+00:00\",\"dateModified\":\"2025-08-28T02:42:09+00:00\",\"description\":\"Wij hebben een ruime keuze aan producten van Cr\u00e9atine monohydrate OSTROVIT 3300 mg (120 g\u00e9lules) . Winkel bij Eco Supplements altijd gratis verzending boven 100\u20ac\",\"breadcrumb\":{\"@id\":\"https:\\\/\\\/ecosupplements.be\\\/fr\\\/produit\\\/ostrovit-creatine-monohydrate-3300-mg-120-caps\\\/#breadcrumb\"},\"inLanguage\":\"fr-FR\",\"potentialAction\":[{\"@type\":\"ReadAction\",\"target\":[\"https:\\\/\\\/ecosupplements.be\\\/fr\\\/produit\\\/ostrovit-creatine-monohydrate-3300-mg-120-caps\\\/\"]}]},{\"@type\":\"ImageObject\",\"inLanguage\":\"fr-FR\",\"@id\":\"https:\\\/\\\/ecosupplements.be\\\/fr\\\/produit\\\/ostrovit-creatine-monohydrate-3300-mg-120-caps\\\/#primaryimage\",\"url\":\"https:\\\/\\\/ecosupplements.be\\\/wp-content\\\/uploads\\\/2025\\\/08\\\/OSTROVIT-Creatine-Monohydrate-3300-mg-120-caps.jpg\",\"contentUrl\":\"https:\\\/\\\/ecosupplements.be\\\/wp-content\\\/uploads\\\/2025\\\/08\\\/OSTROVIT-Creatine-Monohydrate-3300-mg-120-caps.jpg\",\"width\":600,\"height\":600},{\"@type\":\"BreadcrumbList\",\"@id\":\"https:\\\/\\\/ecosupplements.be\\\/fr\\\/produit\\\/ostrovit-creatine-monohydrate-3300-mg-120-caps\\\/#breadcrumb\",\"itemListElement\":[{\"@type\":\"ListItem\",\"position\":1,\"name\":\"Home\",\"item\":\"https:\\\/\\\/ecosupplements.be\\\/fr\\\/\"},{\"@type\":\"ListItem\",\"position\":2,\"name\":\"Boutique\",\"item\":\"https:\\\/\\\/ecosupplements.be\\\/fr\\\/boutique\\\/\"},{\"@type\":\"ListItem\",\"position\":3,\"name\":\"Cr\u00e9atine monohydrate OSTROVIT 3300 mg (120 g\u00e9lules)\"}]},{\"@type\":\"WebSite\",\"@id\":\"https:\\\/\\\/ecosupplements.be\\\/fr\\\/#website\",\"url\":\"https:\\\/\\\/ecosupplements.be\\\/fr\\\/\",\"name\":\"ECO Supplements\",\"description\":\"Eco Supplements - Gezonde supplementen\",\"publisher\":{\"@id\":\"https:\\\/\\\/ecosupplements.be\\\/fr\\\/#organization\"},\"potentialAction\":[{\"@type\":\"SearchAction\",\"target\":{\"@type\":\"EntryPoint\",\"urlTemplate\":\"https:\\\/\\\/ecosupplements.be\\\/fr\\\/?s={search_term_string}\"},\"query-input\":{\"@type\":\"PropertyValueSpecification\",\"valueRequired\":true,\"valueName\":\"search_term_string\"}}],\"inLanguage\":\"fr-FR\"},{\"@type\":\"Organization\",\"@id\":\"https:\\\/\\\/ecosupplements.be\\\/fr\\\/#organization\",\"name\":\"Eco Supplements\",\"url\":\"https:\\\/\\\/ecosupplements.be\\\/fr\\\/\",\"logo\":{\"@type\":\"ImageObject\",\"inLanguage\":\"fr-FR\",\"@id\":\"https:\\\/\\\/ecosupplements.be\\\/fr\\\/#\\\/schema\\\/logo\\\/image\\\/\",\"url\":\"https:\\\/\\\/ecosupplements.be\\\/wp-content\\\/uploads\\\/2022\\\/06\\\/ecosupplement-family.png\",\"contentUrl\":\"https:\\\/\\\/ecosupplements.be\\\/wp-content\\\/uploads\\\/2022\\\/06\\\/ecosupplement-family.png\",\"width\":593,\"height\":374,\"caption\":\"Eco Supplements\"},\"image\":{\"@id\":\"https:\\\/\\\/ecosupplements.be\\\/fr\\\/#\\\/schema\\\/logo\\\/image\\\/\"}}]}<\/script>\n<meta property=\"product:brand\" content=\"Ostrovit\" \/>\n<meta property=\"product:price:amount\" content=\"7.47\" \/>\n<meta property=\"product:price:currency\" content=\"EUR\" \/>\n<meta property=\"og:availability\" content=\"instock\" \/>\n<meta property=\"product:availability\" content=\"instock\" \/>\n<meta property=\"product:retailer_item_id\" content=\"5903933913582\" \/>\n<meta property=\"product:condition\" content=\"new\" \/>\n<!-- \/ Yoast SEO Premium plugin. -->","yoast_head_json":{"title":"Cr\u00e9atine monohydrate OSTROVIT 3300 mg (120 g\u00e9lules) - ECO Supplements","description":"Wij hebben een ruime keuze aan producten van Cr\u00e9atine monohydrate OSTROVIT 3300 mg (120 g\u00e9lules) . Winkel bij Eco Supplements altijd gratis verzending boven 100\u20ac","robots":{"index":"index","follow":"follow","max-snippet":"max-snippet:-1","max-image-preview":"max-image-preview:large","max-video-preview":"max-video-preview:-1"},"canonical":"https:\/\/ecosupplements.be\/fr\/produit\/ostrovit-creatine-monohydrate-3300-mg-120-caps\/","og_locale":"fr_FR","og_type":"article","og_title":"Cr\u00e9atine monohydrate OSTROVIT 3300 mg (120 g\u00e9lules)","og_description":"Wij hebben een ruime keuze aan producten van Cr\u00e9atine monohydrate OSTROVIT 3300 mg (120 g\u00e9lules) . Winkel bij Eco Supplements altijd gratis verzending boven 100\u20ac","og_url":"https:\/\/ecosupplements.be\/fr\/produit\/ostrovit-creatine-monohydrate-3300-mg-120-caps\/","og_site_name":"ECO Supplements","article_modified_time":"2025-08-28T02:42:09+00:00","og_image":[{"width":600,"height":600,"url":"https:\/\/ecosupplements.be\/wp-content\/uploads\/2025\/08\/Ostrovit-OSTROVIT-Creatine-Monohydrate-3300-mg-120-caps.jpg","type":"image\/jpeg"}],"twitter_card":"summary_large_image","twitter_misc":{"Prix":"7.47&nbsp;&euro;","Disponibilit\u00e9":"En stock"},"schema":{"@context":"https:\/\/schema.org","@graph":[{"@type":["WebPage","ItemPage"],"@id":"https:\/\/ecosupplements.be\/fr\/produit\/ostrovit-creatine-monohydrate-3300-mg-120-caps\/","url":"https:\/\/ecosupplements.be\/fr\/produit\/ostrovit-creatine-monohydrate-3300-mg-120-caps\/","name":"Cr\u00e9atine monohydrate OSTROVIT 3300 mg (120 g\u00e9lules) - ECO Supplements","isPartOf":{"@id":"https:\/\/ecosupplements.be\/fr\/#website"},"primaryImageOfPage":{"@id":"https:\/\/ecosupplements.be\/fr\/produit\/ostrovit-creatine-monohydrate-3300-mg-120-caps\/#primaryimage"},"image":{"@id":"https:\/\/ecosupplements.be\/fr\/produit\/ostrovit-creatine-monohydrate-3300-mg-120-caps\/#primaryimage"},"thumbnailUrl":"https:\/\/ecosupplements.be\/wp-content\/uploads\/2025\/08\/OSTROVIT-Creatine-Monohydrate-3300-mg-120-caps.jpg","datePublished":"2025-07-26T12:45:12+00:00","dateModified":"2025-08-28T02:42:09+00:00","description":"Wij hebben een ruime keuze aan producten van Cr\u00e9atine monohydrate OSTROVIT 3300 mg (120 g\u00e9lules) . Winkel bij Eco Supplements altijd gratis verzending boven 100\u20ac","breadcrumb":{"@id":"https:\/\/ecosupplements.be\/fr\/produit\/ostrovit-creatine-monohydrate-3300-mg-120-caps\/#breadcrumb"},"inLanguage":"fr-FR","potentialAction":[{"@type":"ReadAction","target":["https:\/\/ecosupplements.be\/fr\/produit\/ostrovit-creatine-monohydrate-3300-mg-120-caps\/"]}]},{"@type":"ImageObject","inLanguage":"fr-FR","@id":"https:\/\/ecosupplements.be\/fr\/produit\/ostrovit-creatine-monohydrate-3300-mg-120-caps\/#primaryimage","url":"https:\/\/ecosupplements.be\/wp-content\/uploads\/2025\/08\/OSTROVIT-Creatine-Monohydrate-3300-mg-120-caps.jpg","contentUrl":"https:\/\/ecosupplements.be\/wp-content\/uploads\/2025\/08\/OSTROVIT-Creatine-Monohydrate-3300-mg-120-caps.jpg","width":600,"height":600},{"@type":"BreadcrumbList","@id":"https:\/\/ecosupplements.be\/fr\/produit\/ostrovit-creatine-monohydrate-3300-mg-120-caps\/#breadcrumb","itemListElement":[{"@type":"ListItem","position":1,"name":"Home","item":"https:\/\/ecosupplements.be\/fr\/"},{"@type":"ListItem","position":2,"name":"Boutique","item":"https:\/\/ecosupplements.be\/fr\/boutique\/"},{"@type":"ListItem","position":3,"name":"Cr\u00e9atine monohydrate OSTROVIT 3300 mg (120 g\u00e9lules)"}]},{"@type":"WebSite","@id":"https:\/\/ecosupplements.be\/fr\/#website","url":"https:\/\/ecosupplements.be\/fr\/","name":"ECO Supplements","description":"Eco Supplements - Gezonde supplementen","publisher":{"@id":"https:\/\/ecosupplements.be\/fr\/#organization"},"potentialAction":[{"@type":"SearchAction","target":{"@type":"EntryPoint","urlTemplate":"https:\/\/ecosupplements.be\/fr\/?s={search_term_string}"},"query-input":{"@type":"PropertyValueSpecification","valueRequired":true,"valueName":"search_term_string"}}],"inLanguage":"fr-FR"},{"@type":"Organization","@id":"https:\/\/ecosupplements.be\/fr\/#organization","name":"Eco Supplements","url":"https:\/\/ecosupplements.be\/fr\/","logo":{"@type":"ImageObject","inLanguage":"fr-FR","@id":"https:\/\/ecosupplements.be\/fr\/#\/schema\/logo\/image\/","url":"https:\/\/ecosupplements.be\/wp-content\/uploads\/2022\/06\/ecosupplement-family.png","contentUrl":"https:\/\/ecosupplements.be\/wp-content\/uploads\/2022\/06\/ecosupplement-family.png","width":593,"height":374,"caption":"Eco Supplements"},"image":{"@id":"https:\/\/ecosupplements.be\/fr\/#\/schema\/logo\/image\/"}}]},"product_brand":"Ostrovit","product_price_amount":"7.47","product_price_currency":"EUR","og_availability":"instock","product_availability":"instock","product_retailer_item_id":"5903933913582","product_condition":"new"},"_links":{"self":[{"href":"https:\/\/ecosupplements.be\/fr\/wp-json\/wp\/v2\/product\/302676","targetHints":{"allow":["GET"]}}],"collection":[{"href":"https:\/\/ecosupplements.be\/fr\/wp-json\/wp\/v2\/product"}],"about":[{"href":"https:\/\/ecosupplements.be\/fr\/wp-json\/wp\/v2\/types\/product"}],"replies":[{"embeddable":true,"href":"https:\/\/ecosupplements.be\/fr\/wp-json\/wp\/v2\/comments?post=302676"}],"wp:featuredmedia":[{"embeddable":true,"href":"https:\/\/ecosupplements.be\/fr\/wp-json\/wp\/v2\/media\/276816"}],"wp:attachment":[{"href":"https:\/\/ecosupplements.be\/fr\/wp-json\/wp\/v2\/media?parent=302676"}],"wp:term":[{"taxonomy":"product_brand","embeddable":true,"href":"https:\/\/ecosupplements.be\/fr\/wp-json\/wp\/v2\/product_brand?post=302676"},{"taxonomy":"product_cat","embeddable":true,"href":"https:\/\/ecosupplements.be\/fr\/wp-json\/wp\/v2\/product_cat?post=302676"},{"taxonomy":"product_tag","embeddable":true,"href":"https:\/\/ecosupplements.be\/fr\/wp-json\/wp\/v2\/product_tag?post=302676"}],"curies":[{"name":"wp","href":"https:\/\/api.w.org\/{rel}","templated":true}]}}