{"id":302721,"date":"2025-07-26T14:45:12","date_gmt":"2025-07-26T13:45:12","guid":{"rendered":"https:\/\/ecosupplements.be\/product\/ostrovit-tyrosine-supreme-pure-210-g\/"},"modified":"2025-08-28T03:42:59","modified_gmt":"2025-08-28T02:42:59","slug":"ostrovit-tyrosine-supreme-pure-210-g","status":"publish","type":"product","link":"https:\/\/ecosupplements.be\/fr\/produit\/ostrovit-tyrosine-supreme-pure-210-g\/","title":{"rendered":"Tyrosine supr\u00eame pure (210 g)"},"content":{"rendered":"<h2>OSTROVIT Tyrosine Supreme Pure (210 g)<\/h2>\n<p>D\u00e9couvrez OSTROVIT Tyrosine Supreme Pure, un produit de haute qualit\u00e9 con\u00e7u pour ceux qui appr\u00e9cient les ingr\u00e9dients naturels dans leur quotidien. Ce compl\u00e9ment alimentaire est pr\u00e9sent\u00e9 sous forme de poudre facile \u00e0 utiliser, offrant une source pure de L-Tyrosine.<\/p>\n<p><strong>Ingr\u00e9dients principaux :<\/strong> L-Tyrosine.<\/p>\n<table border=\"1\">\n<tbody>\n<tr>\n<th>Ingr\u00e9dient actif<\/th>\n<th>par 100 g<\/th>\n<th>Par portion<\/th>\n<\/tr>\n<tr>\n<td style=\"text-align:left;font-weight:600\">L-Tyrosine<\/td>\n<td style=\"text-align:left;font-weight:600\">100 g<\/td>\n<td style=\"text-align:left;font-weight:600\">1500 mg<\/td>\n<\/tr>\n<\/tbody>\n<\/table>\n<p>Ce produit est fabriqu\u00e9 dans un \u00e9tablissement utilisant des ingr\u00e9dients d\u00e9riv\u00e9s du lait (y compris le lactose), du soja, des arachides, d&#8217;autres noix, des graines de s\u00e9same, des c\u00e9r\u00e9ales contenant du gluten, des \u0153ufs, des crustac\u00e9s et du poisson.<\/p>\n<p><strong>Utilisation :<\/strong> M\u00e9langez une dose de 1.5 g (1\/2 mesure) avec 100-150 ml d&#8217;eau ou de jus. Les jours d&#8217;entra\u00eenement, consommez une portion par jour environ 30 minutes avant l&#8217;exercice.<\/p>\n<p>N&#8217;exc\u00e9dez pas la dose journali\u00e8re recommand\u00e9e. Ce suppl\u00e9ment ne doit pas \u00eatre utilis\u00e9 comme substitut \u00e0 une alimentation vari\u00e9e. Un mode de vie \u00e9quilibr\u00e9 est recommand\u00e9. Ne pas consommer en cas d&#8217;allergie \u00e0 l&#8217;un des composants du produit. Ce produit n&#8217;est pas destin\u00e9 aux enfants, aux femmes enceintes ou allaitantes. Conservez hors de port\u00e9e des jeunes enfants.<\/p>\n<p>Avec OSTROVIT tyrosine Supreme Pure, int\u00e9grez simplement un choix naturel et pur dans votre routine quotidienne sans compromis sur la qualit\u00e9.<\/p>\n","protected":false},"excerpt":{"rendered":"<p>OSTROVIT Tyrosine Supreme Pure (210 g) D\u00e9couvrez OSTROVIT Tyrosine Supreme Pure, un produit de haute qualit\u00e9 con\u00e7u pour ceux qui appr\u00e9cient les ingr\u00e9dients naturels dans leur quotidien. Ce compl\u00e9ment alimentaire est pr\u00e9sent\u00e9 sous forme de poudre facile \u00e0 utiliser, offrant une source pure de L-Tyrosine. Ingr\u00e9dients principaux : L-Tyrosine. Ingr\u00e9dient actif par 100 g Par [&#8230;]\n","protected":false},"featured_media":276861,"comment_status":"closed","ping_status":"open","template":"","meta":[],"product_brand":[5326],"product_cat":[5053],"product_tag":[],"class_list":{"0":"post-302721","1":"product","2":"type-product","3":"status-publish","4":"has-post-thumbnail","6":"product_brand-ostrovit-2","7":"product_cat-vitamines-et-mineraux","9":"first","10":"instock","11":"taxable","12":"shipping-taxable","13":"purchasable","14":"product-type-simple"},"yoast_head":"<!-- This site is optimized with the Yoast SEO Premium plugin v27.3 (Yoast SEO v27.3) - https:\/\/yoast.com\/product\/yoast-seo-premium-wordpress\/ -->\n<title>Tyrosine supr\u00eame pure (210 g) - ECO Supplements<\/title>\n<meta name=\"description\" content=\"Wij hebben een ruime keuze aan producten van Tyrosine supr\u00eame pure (210 g) . Winkel bij Eco Supplements altijd gratis verzending boven 100\u20ac\" \/>\n<meta name=\"robots\" content=\"index, follow, max-snippet:-1, max-image-preview:large, max-video-preview:-1\" \/>\n<link rel=\"canonical\" href=\"https:\/\/ecosupplements.be\/fr\/produit\/ostrovit-tyrosine-supreme-pure-210-g\/\" \/>\n<meta property=\"og:locale\" content=\"fr_FR\" \/>\n<meta property=\"og:type\" content=\"article\" \/>\n<meta property=\"og:title\" content=\"Tyrosine supr\u00eame pure (210 g)\" \/>\n<meta property=\"og:description\" content=\"Wij hebben een ruime keuze aan producten van Tyrosine supr\u00eame pure (210 g) . Winkel bij Eco Supplements altijd gratis verzending boven 100\u20ac\" \/>\n<meta property=\"og:url\" content=\"https:\/\/ecosupplements.be\/fr\/produit\/ostrovit-tyrosine-supreme-pure-210-g\/\" \/>\n<meta property=\"og:site_name\" content=\"ECO Supplements\" \/>\n<meta property=\"article:modified_time\" content=\"2025-08-28T02:42:59+00:00\" \/>\n<meta property=\"og:image\" content=\"https:\/\/ecosupplements.be\/wp-content\/uploads\/2025\/08\/Ostrovit-OSTROVIT-Tyrosine-supreme-pure-210-g.jpg\" \/>\n\t<meta property=\"og:image:width\" content=\"450\" \/>\n\t<meta property=\"og:image:height\" content=\"450\" \/>\n\t<meta property=\"og:image:type\" content=\"image\/jpeg\" \/>\n<meta name=\"twitter:card\" content=\"summary_large_image\" \/>\n<meta name=\"twitter:label1\" content=\"Prix\" \/>\n\t<meta name=\"twitter:data1\" content=\"10.93&nbsp;&euro;\" \/>\n\t<meta name=\"twitter:label2\" content=\"Disponibilit\u00e9\" \/>\n\t<meta name=\"twitter:data2\" content=\"En stock\" \/>\n<script type=\"application\/ld+json\" class=\"yoast-schema-graph\">{\"@context\":\"https:\\\/\\\/schema.org\",\"@graph\":[{\"@type\":[\"WebPage\",\"ItemPage\"],\"@id\":\"https:\\\/\\\/ecosupplements.be\\\/fr\\\/produit\\\/ostrovit-tyrosine-supreme-pure-210-g\\\/\",\"url\":\"https:\\\/\\\/ecosupplements.be\\\/fr\\\/produit\\\/ostrovit-tyrosine-supreme-pure-210-g\\\/\",\"name\":\"Tyrosine supr\u00eame pure (210 g) - ECO Supplements\",\"isPartOf\":{\"@id\":\"https:\\\/\\\/ecosupplements.be\\\/fr\\\/#website\"},\"primaryImageOfPage\":{\"@id\":\"https:\\\/\\\/ecosupplements.be\\\/fr\\\/produit\\\/ostrovit-tyrosine-supreme-pure-210-g\\\/#primaryimage\"},\"image\":{\"@id\":\"https:\\\/\\\/ecosupplements.be\\\/fr\\\/produit\\\/ostrovit-tyrosine-supreme-pure-210-g\\\/#primaryimage\"},\"thumbnailUrl\":\"https:\\\/\\\/ecosupplements.be\\\/wp-content\\\/uploads\\\/2025\\\/08\\\/OSTROVIT-Tyrosine-supreme-pure-210-g.jpg\",\"datePublished\":\"2025-07-26T13:45:12+00:00\",\"dateModified\":\"2025-08-28T02:42:59+00:00\",\"description\":\"Wij hebben een ruime keuze aan producten van Tyrosine supr\u00eame pure (210 g) . Winkel bij Eco Supplements altijd gratis verzending boven 100\u20ac\",\"breadcrumb\":{\"@id\":\"https:\\\/\\\/ecosupplements.be\\\/fr\\\/produit\\\/ostrovit-tyrosine-supreme-pure-210-g\\\/#breadcrumb\"},\"inLanguage\":\"fr-FR\",\"potentialAction\":[{\"@type\":\"ReadAction\",\"target\":[\"https:\\\/\\\/ecosupplements.be\\\/fr\\\/produit\\\/ostrovit-tyrosine-supreme-pure-210-g\\\/\"]}]},{\"@type\":\"ImageObject\",\"inLanguage\":\"fr-FR\",\"@id\":\"https:\\\/\\\/ecosupplements.be\\\/fr\\\/produit\\\/ostrovit-tyrosine-supreme-pure-210-g\\\/#primaryimage\",\"url\":\"https:\\\/\\\/ecosupplements.be\\\/wp-content\\\/uploads\\\/2025\\\/08\\\/OSTROVIT-Tyrosine-supreme-pure-210-g.jpg\",\"contentUrl\":\"https:\\\/\\\/ecosupplements.be\\\/wp-content\\\/uploads\\\/2025\\\/08\\\/OSTROVIT-Tyrosine-supreme-pure-210-g.jpg\",\"width\":450,\"height\":450},{\"@type\":\"BreadcrumbList\",\"@id\":\"https:\\\/\\\/ecosupplements.be\\\/fr\\\/produit\\\/ostrovit-tyrosine-supreme-pure-210-g\\\/#breadcrumb\",\"itemListElement\":[{\"@type\":\"ListItem\",\"position\":1,\"name\":\"Home\",\"item\":\"https:\\\/\\\/ecosupplements.be\\\/fr\\\/\"},{\"@type\":\"ListItem\",\"position\":2,\"name\":\"Boutique\",\"item\":\"https:\\\/\\\/ecosupplements.be\\\/fr\\\/boutique\\\/\"},{\"@type\":\"ListItem\",\"position\":3,\"name\":\"Tyrosine supr\u00eame pure (210 g)\"}]},{\"@type\":\"WebSite\",\"@id\":\"https:\\\/\\\/ecosupplements.be\\\/fr\\\/#website\",\"url\":\"https:\\\/\\\/ecosupplements.be\\\/fr\\\/\",\"name\":\"ECO Supplements\",\"description\":\"Eco Supplements - Gezonde supplementen\",\"publisher\":{\"@id\":\"https:\\\/\\\/ecosupplements.be\\\/fr\\\/#organization\"},\"potentialAction\":[{\"@type\":\"SearchAction\",\"target\":{\"@type\":\"EntryPoint\",\"urlTemplate\":\"https:\\\/\\\/ecosupplements.be\\\/fr\\\/?s={search_term_string}\"},\"query-input\":{\"@type\":\"PropertyValueSpecification\",\"valueRequired\":true,\"valueName\":\"search_term_string\"}}],\"inLanguage\":\"fr-FR\"},{\"@type\":\"Organization\",\"@id\":\"https:\\\/\\\/ecosupplements.be\\\/fr\\\/#organization\",\"name\":\"Eco Supplements\",\"url\":\"https:\\\/\\\/ecosupplements.be\\\/fr\\\/\",\"logo\":{\"@type\":\"ImageObject\",\"inLanguage\":\"fr-FR\",\"@id\":\"https:\\\/\\\/ecosupplements.be\\\/fr\\\/#\\\/schema\\\/logo\\\/image\\\/\",\"url\":\"https:\\\/\\\/ecosupplements.be\\\/wp-content\\\/uploads\\\/2022\\\/06\\\/ecosupplement-family.png\",\"contentUrl\":\"https:\\\/\\\/ecosupplements.be\\\/wp-content\\\/uploads\\\/2022\\\/06\\\/ecosupplement-family.png\",\"width\":593,\"height\":374,\"caption\":\"Eco Supplements\"},\"image\":{\"@id\":\"https:\\\/\\\/ecosupplements.be\\\/fr\\\/#\\\/schema\\\/logo\\\/image\\\/\"}}]}<\/script>\n<meta property=\"product:brand\" content=\"Ostrovit\" \/>\n<meta property=\"product:price:amount\" content=\"10.93\" \/>\n<meta property=\"product:price:currency\" content=\"EUR\" \/>\n<meta property=\"og:availability\" content=\"instock\" \/>\n<meta property=\"product:availability\" content=\"instock\" \/>\n<meta property=\"product:retailer_item_id\" content=\"5902232611212\" \/>\n<meta property=\"product:condition\" content=\"new\" \/>\n<!-- \/ Yoast SEO Premium plugin. -->","yoast_head_json":{"title":"Tyrosine supr\u00eame pure (210 g) - ECO Supplements","description":"Wij hebben een ruime keuze aan producten van Tyrosine supr\u00eame pure (210 g) . Winkel bij Eco Supplements altijd gratis verzending boven 100\u20ac","robots":{"index":"index","follow":"follow","max-snippet":"max-snippet:-1","max-image-preview":"max-image-preview:large","max-video-preview":"max-video-preview:-1"},"canonical":"https:\/\/ecosupplements.be\/fr\/produit\/ostrovit-tyrosine-supreme-pure-210-g\/","og_locale":"fr_FR","og_type":"article","og_title":"Tyrosine supr\u00eame pure (210 g)","og_description":"Wij hebben een ruime keuze aan producten van Tyrosine supr\u00eame pure (210 g) . Winkel bij Eco Supplements altijd gratis verzending boven 100\u20ac","og_url":"https:\/\/ecosupplements.be\/fr\/produit\/ostrovit-tyrosine-supreme-pure-210-g\/","og_site_name":"ECO Supplements","article_modified_time":"2025-08-28T02:42:59+00:00","og_image":[{"width":450,"height":450,"url":"https:\/\/ecosupplements.be\/wp-content\/uploads\/2025\/08\/Ostrovit-OSTROVIT-Tyrosine-supreme-pure-210-g.jpg","type":"image\/jpeg"}],"twitter_card":"summary_large_image","twitter_misc":{"Prix":"10.93&nbsp;&euro;","Disponibilit\u00e9":"En stock"},"schema":{"@context":"https:\/\/schema.org","@graph":[{"@type":["WebPage","ItemPage"],"@id":"https:\/\/ecosupplements.be\/fr\/produit\/ostrovit-tyrosine-supreme-pure-210-g\/","url":"https:\/\/ecosupplements.be\/fr\/produit\/ostrovit-tyrosine-supreme-pure-210-g\/","name":"Tyrosine supr\u00eame pure (210 g) - ECO Supplements","isPartOf":{"@id":"https:\/\/ecosupplements.be\/fr\/#website"},"primaryImageOfPage":{"@id":"https:\/\/ecosupplements.be\/fr\/produit\/ostrovit-tyrosine-supreme-pure-210-g\/#primaryimage"},"image":{"@id":"https:\/\/ecosupplements.be\/fr\/produit\/ostrovit-tyrosine-supreme-pure-210-g\/#primaryimage"},"thumbnailUrl":"https:\/\/ecosupplements.be\/wp-content\/uploads\/2025\/08\/OSTROVIT-Tyrosine-supreme-pure-210-g.jpg","datePublished":"2025-07-26T13:45:12+00:00","dateModified":"2025-08-28T02:42:59+00:00","description":"Wij hebben een ruime keuze aan producten van Tyrosine supr\u00eame pure (210 g) . Winkel bij Eco Supplements altijd gratis verzending boven 100\u20ac","breadcrumb":{"@id":"https:\/\/ecosupplements.be\/fr\/produit\/ostrovit-tyrosine-supreme-pure-210-g\/#breadcrumb"},"inLanguage":"fr-FR","potentialAction":[{"@type":"ReadAction","target":["https:\/\/ecosupplements.be\/fr\/produit\/ostrovit-tyrosine-supreme-pure-210-g\/"]}]},{"@type":"ImageObject","inLanguage":"fr-FR","@id":"https:\/\/ecosupplements.be\/fr\/produit\/ostrovit-tyrosine-supreme-pure-210-g\/#primaryimage","url":"https:\/\/ecosupplements.be\/wp-content\/uploads\/2025\/08\/OSTROVIT-Tyrosine-supreme-pure-210-g.jpg","contentUrl":"https:\/\/ecosupplements.be\/wp-content\/uploads\/2025\/08\/OSTROVIT-Tyrosine-supreme-pure-210-g.jpg","width":450,"height":450},{"@type":"BreadcrumbList","@id":"https:\/\/ecosupplements.be\/fr\/produit\/ostrovit-tyrosine-supreme-pure-210-g\/#breadcrumb","itemListElement":[{"@type":"ListItem","position":1,"name":"Home","item":"https:\/\/ecosupplements.be\/fr\/"},{"@type":"ListItem","position":2,"name":"Boutique","item":"https:\/\/ecosupplements.be\/fr\/boutique\/"},{"@type":"ListItem","position":3,"name":"Tyrosine supr\u00eame pure (210 g)"}]},{"@type":"WebSite","@id":"https:\/\/ecosupplements.be\/fr\/#website","url":"https:\/\/ecosupplements.be\/fr\/","name":"ECO Supplements","description":"Eco Supplements - Gezonde supplementen","publisher":{"@id":"https:\/\/ecosupplements.be\/fr\/#organization"},"potentialAction":[{"@type":"SearchAction","target":{"@type":"EntryPoint","urlTemplate":"https:\/\/ecosupplements.be\/fr\/?s={search_term_string}"},"query-input":{"@type":"PropertyValueSpecification","valueRequired":true,"valueName":"search_term_string"}}],"inLanguage":"fr-FR"},{"@type":"Organization","@id":"https:\/\/ecosupplements.be\/fr\/#organization","name":"Eco Supplements","url":"https:\/\/ecosupplements.be\/fr\/","logo":{"@type":"ImageObject","inLanguage":"fr-FR","@id":"https:\/\/ecosupplements.be\/fr\/#\/schema\/logo\/image\/","url":"https:\/\/ecosupplements.be\/wp-content\/uploads\/2022\/06\/ecosupplement-family.png","contentUrl":"https:\/\/ecosupplements.be\/wp-content\/uploads\/2022\/06\/ecosupplement-family.png","width":593,"height":374,"caption":"Eco Supplements"},"image":{"@id":"https:\/\/ecosupplements.be\/fr\/#\/schema\/logo\/image\/"}}]},"product_brand":"Ostrovit","product_price_amount":"10.93","product_price_currency":"EUR","og_availability":"instock","product_availability":"instock","product_retailer_item_id":"5902232611212","product_condition":"new"},"_links":{"self":[{"href":"https:\/\/ecosupplements.be\/fr\/wp-json\/wp\/v2\/product\/302721","targetHints":{"allow":["GET"]}}],"collection":[{"href":"https:\/\/ecosupplements.be\/fr\/wp-json\/wp\/v2\/product"}],"about":[{"href":"https:\/\/ecosupplements.be\/fr\/wp-json\/wp\/v2\/types\/product"}],"replies":[{"embeddable":true,"href":"https:\/\/ecosupplements.be\/fr\/wp-json\/wp\/v2\/comments?post=302721"}],"wp:featuredmedia":[{"embeddable":true,"href":"https:\/\/ecosupplements.be\/fr\/wp-json\/wp\/v2\/media\/276861"}],"wp:attachment":[{"href":"https:\/\/ecosupplements.be\/fr\/wp-json\/wp\/v2\/media?parent=302721"}],"wp:term":[{"taxonomy":"product_brand","embeddable":true,"href":"https:\/\/ecosupplements.be\/fr\/wp-json\/wp\/v2\/product_brand?post=302721"},{"taxonomy":"product_cat","embeddable":true,"href":"https:\/\/ecosupplements.be\/fr\/wp-json\/wp\/v2\/product_cat?post=302721"},{"taxonomy":"product_tag","embeddable":true,"href":"https:\/\/ecosupplements.be\/fr\/wp-json\/wp\/v2\/product_tag?post=302721"}],"curies":[{"name":"wp","href":"https:\/\/api.w.org\/{rel}","templated":true}]}}