{"id":302724,"date":"2025-07-26T14:45:12","date_gmt":"2025-07-26T13:45:12","guid":{"rendered":"https:\/\/ecosupplements.be\/product\/ostrovit-ubichinon-q10-vege-100-vcaps\/"},"modified":"2025-08-28T03:43:02","modified_gmt":"2025-08-28T02:43:02","slug":"ostrovit-ubichinon-q10-vege-100-vcaps","status":"publish","type":"product","link":"https:\/\/ecosupplements.be\/fr\/produit\/ostrovit-ubichinon-q10-vege-100-vcaps\/","title":{"rendered":"OSTROVIT Ubiquinone Q10 VEGAN (100 g\u00e9lules)"},"content":{"rendered":"<h2>OSTROVIT Ubichinon Q10 VEGE (100 vcaps)<\/h2>\n<p>D\u00e9couvrez OSTROVIT Ubichinon Q10 VEGE, un produit con\u00e7u pour s&#8217;int\u00e9grer harmonieusement \u00e0 votre quotidien.Chaque capsule v\u00e9g\u00e9tale contient 100 mg de coenzyme Q10, un composant d&#8217;origine naturelle reconnu pour sa grande puret\u00e9.<\/p>\n<ul>\n<li><strong>Contenu de l&#8217;emballage :<\/strong> Une bo\u00eete contient 100 capsules v\u00e9g\u00e9tales.<\/li>\n<li><strong>Ingr\u00e9dients principaux :<\/strong> Coenzyme Q10,inuline,otoczka kapsu\u0142ki (hydroxypropylmethylcellulose).<\/li>\n<\/ul>\n<p>Ce produit est adapt\u00e9 \u00e0 ceux qui appr\u00e9cient les ingr\u00e9dients naturels et recherchent une option pratique pour leur routine quotidienne. Les capsules sont faciles \u00e0 consommer gr\u00e2ce \u00e0 leur petite taille et leur composition v\u00e9g\u00e9tale convient parfaitement aux r\u00e9gimes v\u00e9g\u00e9tariens.<\/p>\n<div class=\"nutrition_table_wrapper\">\n<div class=\"top_info\"><label>Masse netto du produit : 36 g<\/label><\/div>\n<div class=\"top_info\"><label>Ilo\u015b\u0107 porcji w opakowaniu : 100<\/label><\/div>\n<div class=\"top_info\"><label>Taille de la portion : 1 capsule<\/label><\/div>\n<table style=\"width:100%\">\n<tr>\n<th>Ingr\u00e9dients actifs par portion:<\/th>\n<td style=\"text-align:center\">Coenzyme Q10 &#8211; 100 mg<\/td>\n<\/tr>\n<\/table>\n<p>Pour une utilisation optimale,il est recommand\u00e9 de prendre une capsule par jour. Ce compl\u00e9ment alimentaire est un choix id\u00e9al pour ceux qui cherchent \u00e0 int\u00e9grer des \u00e9l\u00e9ments naturels dans leur mode de vie \u00e9quilibr\u00e9 sans faire r\u00e9f\u00e9rence aux effets sur la sant\u00e9.<\/p>\n<p>Notez que ce produit peut contenir des traces de mleko (lactose inclus), soja, orzeszki ziemne (arachides), autres noix, nasiona sezamu (graines de s\u00e9same), zbo\u017ca zawieraj\u0105ce gluten (c\u00e9r\u00e9ales contenant du gluten), jaja (\u0153ufs), skorupiaki (crustac\u00e9s) et ryby (poissons). Il est conseill\u00e9 de ne pas d\u00e9passer la dose journali\u00e8re recommand\u00e9e et ce compl\u00e9ment ne doit pas \u00eatre utilis\u00e9 comme substitut d&#8217;un r\u00e9gime alimentaire vari\u00e9.<\/p>\n","protected":false},"excerpt":{"rendered":"<p>OSTROVIT Ubichinon Q10 VEGE (100 vcaps) D\u00e9couvrez OSTROVIT Ubichinon Q10 VEGE, un produit con\u00e7u pour s&#8217;int\u00e9grer harmonieusement \u00e0 votre quotidien.Chaque capsule v\u00e9g\u00e9tale contient 100 mg de coenzyme Q10, un composant d&#8217;origine naturelle reconnu pour sa grande puret\u00e9. Contenu de l&#8217;emballage : Une bo\u00eete contient 100 capsules v\u00e9g\u00e9tales. Ingr\u00e9dients principaux : Coenzyme Q10,inuline,otoczka kapsu\u0142ki (hydroxypropylmethylcellulose). Ce [&#8230;]\n","protected":false},"featured_media":276864,"comment_status":"closed","ping_status":"open","template":"","meta":[],"product_brand":[5326],"product_cat":[5053],"product_tag":[],"class_list":{"0":"post-302724","1":"product","2":"type-product","3":"status-publish","4":"has-post-thumbnail","6":"product_brand-ostrovit-2","7":"product_cat-vitamines-et-mineraux","9":"first","10":"instock","11":"taxable","12":"shipping-taxable","13":"purchasable","14":"product-type-simple"},"yoast_head":"<!-- This site is optimized with the Yoast SEO Premium plugin v27.3 (Yoast SEO v27.3) - https:\/\/yoast.com\/product\/yoast-seo-premium-wordpress\/ -->\n<title>OSTROVIT Ubiquinone Q10 VEGAN (100 g\u00e9lules) - ECO Supplements<\/title>\n<meta name=\"description\" content=\"Wij hebben een ruime keuze aan producten van OSTROVIT Ubiquinone Q10 VEGAN (100 g\u00e9lules) . Winkel bij Eco Supplements altijd gratis verzending boven 100\u20ac\" \/>\n<meta name=\"robots\" content=\"index, follow, max-snippet:-1, max-image-preview:large, max-video-preview:-1\" \/>\n<link rel=\"canonical\" href=\"https:\/\/ecosupplements.be\/fr\/produit\/ostrovit-ubichinon-q10-vege-100-vcaps\/\" \/>\n<meta property=\"og:locale\" content=\"fr_FR\" \/>\n<meta property=\"og:type\" content=\"article\" \/>\n<meta property=\"og:title\" content=\"OSTROVIT Ubiquinone Q10 VEGAN (100 g\u00e9lules)\" \/>\n<meta property=\"og:description\" content=\"Wij hebben een ruime keuze aan producten van OSTROVIT Ubiquinone Q10 VEGAN (100 g\u00e9lules) . Winkel bij Eco Supplements altijd gratis verzending boven 100\u20ac\" \/>\n<meta property=\"og:url\" content=\"https:\/\/ecosupplements.be\/fr\/produit\/ostrovit-ubichinon-q10-vege-100-vcaps\/\" \/>\n<meta property=\"og:site_name\" content=\"ECO Supplements\" \/>\n<meta property=\"article:modified_time\" content=\"2025-08-28T02:43:02+00:00\" \/>\n<meta property=\"og:image\" content=\"https:\/\/ecosupplements.be\/wp-content\/uploads\/2025\/08\/Ostrovit-OSTROVIT-Ubichinon-Q10-VEGE-100-vcaps.jpg\" \/>\n\t<meta property=\"og:image:width\" content=\"859\" \/>\n\t<meta property=\"og:image:height\" content=\"872\" \/>\n\t<meta property=\"og:image:type\" content=\"image\/jpeg\" \/>\n<meta name=\"twitter:card\" content=\"summary_large_image\" \/>\n<meta name=\"twitter:label1\" content=\"Prix\" \/>\n\t<meta name=\"twitter:data1\" content=\"9.16&nbsp;&euro;\" \/>\n\t<meta name=\"twitter:label2\" content=\"Disponibilit\u00e9\" \/>\n\t<meta name=\"twitter:data2\" content=\"En stock\" \/>\n<script type=\"application\/ld+json\" class=\"yoast-schema-graph\">{\"@context\":\"https:\\\/\\\/schema.org\",\"@graph\":[{\"@type\":[\"WebPage\",\"ItemPage\"],\"@id\":\"https:\\\/\\\/ecosupplements.be\\\/fr\\\/produit\\\/ostrovit-ubichinon-q10-vege-100-vcaps\\\/\",\"url\":\"https:\\\/\\\/ecosupplements.be\\\/fr\\\/produit\\\/ostrovit-ubichinon-q10-vege-100-vcaps\\\/\",\"name\":\"OSTROVIT Ubiquinone Q10 VEGAN (100 g\u00e9lules) - ECO Supplements\",\"isPartOf\":{\"@id\":\"https:\\\/\\\/ecosupplements.be\\\/fr\\\/#website\"},\"primaryImageOfPage\":{\"@id\":\"https:\\\/\\\/ecosupplements.be\\\/fr\\\/produit\\\/ostrovit-ubichinon-q10-vege-100-vcaps\\\/#primaryimage\"},\"image\":{\"@id\":\"https:\\\/\\\/ecosupplements.be\\\/fr\\\/produit\\\/ostrovit-ubichinon-q10-vege-100-vcaps\\\/#primaryimage\"},\"thumbnailUrl\":\"https:\\\/\\\/ecosupplements.be\\\/wp-content\\\/uploads\\\/2025\\\/08\\\/OSTROVIT-Ubichinon-Q10-VEGE-100-vcaps.jpg\",\"datePublished\":\"2025-07-26T13:45:12+00:00\",\"dateModified\":\"2025-08-28T02:43:02+00:00\",\"description\":\"Wij hebben een ruime keuze aan producten van OSTROVIT Ubiquinone Q10 VEGAN (100 g\u00e9lules) . Winkel bij Eco Supplements altijd gratis verzending boven 100\u20ac\",\"breadcrumb\":{\"@id\":\"https:\\\/\\\/ecosupplements.be\\\/fr\\\/produit\\\/ostrovit-ubichinon-q10-vege-100-vcaps\\\/#breadcrumb\"},\"inLanguage\":\"fr-FR\",\"potentialAction\":[{\"@type\":\"ReadAction\",\"target\":[\"https:\\\/\\\/ecosupplements.be\\\/fr\\\/produit\\\/ostrovit-ubichinon-q10-vege-100-vcaps\\\/\"]}]},{\"@type\":\"ImageObject\",\"inLanguage\":\"fr-FR\",\"@id\":\"https:\\\/\\\/ecosupplements.be\\\/fr\\\/produit\\\/ostrovit-ubichinon-q10-vege-100-vcaps\\\/#primaryimage\",\"url\":\"https:\\\/\\\/ecosupplements.be\\\/wp-content\\\/uploads\\\/2025\\\/08\\\/OSTROVIT-Ubichinon-Q10-VEGE-100-vcaps.jpg\",\"contentUrl\":\"https:\\\/\\\/ecosupplements.be\\\/wp-content\\\/uploads\\\/2025\\\/08\\\/OSTROVIT-Ubichinon-Q10-VEGE-100-vcaps.jpg\",\"width\":859,\"height\":872},{\"@type\":\"BreadcrumbList\",\"@id\":\"https:\\\/\\\/ecosupplements.be\\\/fr\\\/produit\\\/ostrovit-ubichinon-q10-vege-100-vcaps\\\/#breadcrumb\",\"itemListElement\":[{\"@type\":\"ListItem\",\"position\":1,\"name\":\"Home\",\"item\":\"https:\\\/\\\/ecosupplements.be\\\/fr\\\/\"},{\"@type\":\"ListItem\",\"position\":2,\"name\":\"Boutique\",\"item\":\"https:\\\/\\\/ecosupplements.be\\\/fr\\\/boutique\\\/\"},{\"@type\":\"ListItem\",\"position\":3,\"name\":\"OSTROVIT Ubiquinone Q10 VEGAN (100 g\u00e9lules)\"}]},{\"@type\":\"WebSite\",\"@id\":\"https:\\\/\\\/ecosupplements.be\\\/fr\\\/#website\",\"url\":\"https:\\\/\\\/ecosupplements.be\\\/fr\\\/\",\"name\":\"ECO Supplements\",\"description\":\"Eco Supplements - Gezonde supplementen\",\"publisher\":{\"@id\":\"https:\\\/\\\/ecosupplements.be\\\/fr\\\/#organization\"},\"potentialAction\":[{\"@type\":\"SearchAction\",\"target\":{\"@type\":\"EntryPoint\",\"urlTemplate\":\"https:\\\/\\\/ecosupplements.be\\\/fr\\\/?s={search_term_string}\"},\"query-input\":{\"@type\":\"PropertyValueSpecification\",\"valueRequired\":true,\"valueName\":\"search_term_string\"}}],\"inLanguage\":\"fr-FR\"},{\"@type\":\"Organization\",\"@id\":\"https:\\\/\\\/ecosupplements.be\\\/fr\\\/#organization\",\"name\":\"Eco Supplements\",\"url\":\"https:\\\/\\\/ecosupplements.be\\\/fr\\\/\",\"logo\":{\"@type\":\"ImageObject\",\"inLanguage\":\"fr-FR\",\"@id\":\"https:\\\/\\\/ecosupplements.be\\\/fr\\\/#\\\/schema\\\/logo\\\/image\\\/\",\"url\":\"https:\\\/\\\/ecosupplements.be\\\/wp-content\\\/uploads\\\/2022\\\/06\\\/ecosupplement-family.png\",\"contentUrl\":\"https:\\\/\\\/ecosupplements.be\\\/wp-content\\\/uploads\\\/2022\\\/06\\\/ecosupplement-family.png\",\"width\":593,\"height\":374,\"caption\":\"Eco Supplements\"},\"image\":{\"@id\":\"https:\\\/\\\/ecosupplements.be\\\/fr\\\/#\\\/schema\\\/logo\\\/image\\\/\"}}]}<\/script>\n<meta property=\"product:brand\" content=\"Ostrovit\" \/>\n<meta property=\"product:price:amount\" content=\"9.16\" \/>\n<meta property=\"product:price:currency\" content=\"EUR\" \/>\n<meta property=\"og:availability\" content=\"instock\" \/>\n<meta property=\"product:availability\" content=\"instock\" \/>\n<meta property=\"product:retailer_item_id\" content=\"5903933903316\" \/>\n<meta property=\"product:condition\" content=\"new\" \/>\n<!-- \/ Yoast SEO Premium plugin. -->","yoast_head_json":{"title":"OSTROVIT Ubiquinone Q10 VEGAN (100 g\u00e9lules) - ECO Supplements","description":"Wij hebben een ruime keuze aan producten van OSTROVIT Ubiquinone Q10 VEGAN (100 g\u00e9lules) . Winkel bij Eco Supplements altijd gratis verzending boven 100\u20ac","robots":{"index":"index","follow":"follow","max-snippet":"max-snippet:-1","max-image-preview":"max-image-preview:large","max-video-preview":"max-video-preview:-1"},"canonical":"https:\/\/ecosupplements.be\/fr\/produit\/ostrovit-ubichinon-q10-vege-100-vcaps\/","og_locale":"fr_FR","og_type":"article","og_title":"OSTROVIT Ubiquinone Q10 VEGAN (100 g\u00e9lules)","og_description":"Wij hebben een ruime keuze aan producten van OSTROVIT Ubiquinone Q10 VEGAN (100 g\u00e9lules) . Winkel bij Eco Supplements altijd gratis verzending boven 100\u20ac","og_url":"https:\/\/ecosupplements.be\/fr\/produit\/ostrovit-ubichinon-q10-vege-100-vcaps\/","og_site_name":"ECO Supplements","article_modified_time":"2025-08-28T02:43:02+00:00","og_image":[{"width":859,"height":872,"url":"https:\/\/ecosupplements.be\/wp-content\/uploads\/2025\/08\/Ostrovit-OSTROVIT-Ubichinon-Q10-VEGE-100-vcaps.jpg","type":"image\/jpeg"}],"twitter_card":"summary_large_image","twitter_misc":{"Prix":"9.16&nbsp;&euro;","Disponibilit\u00e9":"En stock"},"schema":{"@context":"https:\/\/schema.org","@graph":[{"@type":["WebPage","ItemPage"],"@id":"https:\/\/ecosupplements.be\/fr\/produit\/ostrovit-ubichinon-q10-vege-100-vcaps\/","url":"https:\/\/ecosupplements.be\/fr\/produit\/ostrovit-ubichinon-q10-vege-100-vcaps\/","name":"OSTROVIT Ubiquinone Q10 VEGAN (100 g\u00e9lules) - ECO Supplements","isPartOf":{"@id":"https:\/\/ecosupplements.be\/fr\/#website"},"primaryImageOfPage":{"@id":"https:\/\/ecosupplements.be\/fr\/produit\/ostrovit-ubichinon-q10-vege-100-vcaps\/#primaryimage"},"image":{"@id":"https:\/\/ecosupplements.be\/fr\/produit\/ostrovit-ubichinon-q10-vege-100-vcaps\/#primaryimage"},"thumbnailUrl":"https:\/\/ecosupplements.be\/wp-content\/uploads\/2025\/08\/OSTROVIT-Ubichinon-Q10-VEGE-100-vcaps.jpg","datePublished":"2025-07-26T13:45:12+00:00","dateModified":"2025-08-28T02:43:02+00:00","description":"Wij hebben een ruime keuze aan producten van OSTROVIT Ubiquinone Q10 VEGAN (100 g\u00e9lules) . Winkel bij Eco Supplements altijd gratis verzending boven 100\u20ac","breadcrumb":{"@id":"https:\/\/ecosupplements.be\/fr\/produit\/ostrovit-ubichinon-q10-vege-100-vcaps\/#breadcrumb"},"inLanguage":"fr-FR","potentialAction":[{"@type":"ReadAction","target":["https:\/\/ecosupplements.be\/fr\/produit\/ostrovit-ubichinon-q10-vege-100-vcaps\/"]}]},{"@type":"ImageObject","inLanguage":"fr-FR","@id":"https:\/\/ecosupplements.be\/fr\/produit\/ostrovit-ubichinon-q10-vege-100-vcaps\/#primaryimage","url":"https:\/\/ecosupplements.be\/wp-content\/uploads\/2025\/08\/OSTROVIT-Ubichinon-Q10-VEGE-100-vcaps.jpg","contentUrl":"https:\/\/ecosupplements.be\/wp-content\/uploads\/2025\/08\/OSTROVIT-Ubichinon-Q10-VEGE-100-vcaps.jpg","width":859,"height":872},{"@type":"BreadcrumbList","@id":"https:\/\/ecosupplements.be\/fr\/produit\/ostrovit-ubichinon-q10-vege-100-vcaps\/#breadcrumb","itemListElement":[{"@type":"ListItem","position":1,"name":"Home","item":"https:\/\/ecosupplements.be\/fr\/"},{"@type":"ListItem","position":2,"name":"Boutique","item":"https:\/\/ecosupplements.be\/fr\/boutique\/"},{"@type":"ListItem","position":3,"name":"OSTROVIT Ubiquinone Q10 VEGAN (100 g\u00e9lules)"}]},{"@type":"WebSite","@id":"https:\/\/ecosupplements.be\/fr\/#website","url":"https:\/\/ecosupplements.be\/fr\/","name":"ECO Supplements","description":"Eco Supplements - Gezonde supplementen","publisher":{"@id":"https:\/\/ecosupplements.be\/fr\/#organization"},"potentialAction":[{"@type":"SearchAction","target":{"@type":"EntryPoint","urlTemplate":"https:\/\/ecosupplements.be\/fr\/?s={search_term_string}"},"query-input":{"@type":"PropertyValueSpecification","valueRequired":true,"valueName":"search_term_string"}}],"inLanguage":"fr-FR"},{"@type":"Organization","@id":"https:\/\/ecosupplements.be\/fr\/#organization","name":"Eco Supplements","url":"https:\/\/ecosupplements.be\/fr\/","logo":{"@type":"ImageObject","inLanguage":"fr-FR","@id":"https:\/\/ecosupplements.be\/fr\/#\/schema\/logo\/image\/","url":"https:\/\/ecosupplements.be\/wp-content\/uploads\/2022\/06\/ecosupplement-family.png","contentUrl":"https:\/\/ecosupplements.be\/wp-content\/uploads\/2022\/06\/ecosupplement-family.png","width":593,"height":374,"caption":"Eco Supplements"},"image":{"@id":"https:\/\/ecosupplements.be\/fr\/#\/schema\/logo\/image\/"}}]},"product_brand":"Ostrovit","product_price_amount":"9.16","product_price_currency":"EUR","og_availability":"instock","product_availability":"instock","product_retailer_item_id":"5903933903316","product_condition":"new"},"_links":{"self":[{"href":"https:\/\/ecosupplements.be\/fr\/wp-json\/wp\/v2\/product\/302724","targetHints":{"allow":["GET"]}}],"collection":[{"href":"https:\/\/ecosupplements.be\/fr\/wp-json\/wp\/v2\/product"}],"about":[{"href":"https:\/\/ecosupplements.be\/fr\/wp-json\/wp\/v2\/types\/product"}],"replies":[{"embeddable":true,"href":"https:\/\/ecosupplements.be\/fr\/wp-json\/wp\/v2\/comments?post=302724"}],"wp:featuredmedia":[{"embeddable":true,"href":"https:\/\/ecosupplements.be\/fr\/wp-json\/wp\/v2\/media\/276864"}],"wp:attachment":[{"href":"https:\/\/ecosupplements.be\/fr\/wp-json\/wp\/v2\/media?parent=302724"}],"wp:term":[{"taxonomy":"product_brand","embeddable":true,"href":"https:\/\/ecosupplements.be\/fr\/wp-json\/wp\/v2\/product_brand?post=302724"},{"taxonomy":"product_cat","embeddable":true,"href":"https:\/\/ecosupplements.be\/fr\/wp-json\/wp\/v2\/product_cat?post=302724"},{"taxonomy":"product_tag","embeddable":true,"href":"https:\/\/ecosupplements.be\/fr\/wp-json\/wp\/v2\/product_tag?post=302724"}],"curies":[{"name":"wp","href":"https:\/\/api.w.org\/{rel}","templated":true}]}}