{"id":302790,"date":"2025-07-26T16:00:28","date_gmt":"2025-07-26T15:00:28","guid":{"rendered":"https:\/\/ecosupplements.be\/product\/panaseus-formula-for-joints-50-caps\/"},"modified":"2025-08-28T03:44:26","modified_gmt":"2025-08-28T02:44:26","slug":"panaseus-formula-for-joints-50-caps","status":"publish","type":"product","link":"https:\/\/ecosupplements.be\/fr\/produit\/panaseus-formula-for-joints-50-caps\/","title":{"rendered":"Formule PANASEUS pour les articulations (50 g\u00e9lules)"},"content":{"rendered":"<h2>PANASEUS Formula for joints (50 caps)<\/h2>\n<p>D\u00e9couvrez PANASEUS Formula, un choix parfait pour ceux qui appr\u00e9cient les ingr\u00e9dients naturels dans un mode de vie sain. Ce produit est con\u00e7u avec une s\u00e9lection d&#8217;extraits v\u00e9g\u00e9taux et de composants naturels, pr\u00e9sent\u00e9s dans un format pratique de 50 capsules v\u00e9g\u00e9tales.<\/p>\n<p>Ce compl\u00e9ment alimentaire est formul\u00e9 \u00e0 partir d&#8217;ingr\u00e9dients soigneusement choisis pour leur grande puret\u00e9 et leur origine naturelle.Chaque capsule contient une combinaison harmonieuse d&#8217;extraits de plantes reconnus pour leurs qualit\u00e9s intrins\u00e8ques.<\/p>\n<ul>\n<li>Contenu : 50 capsules v\u00e9g\u00e9tales<\/li>\n<li>Utilisation recommand\u00e9e : 1 capsule par jour<\/li>\n<li>Emballage pratique, adapt\u00e9 \u00e0 un usage quotidien<\/li>\n<li>Ingr\u00e9dients principaux : MSM, Tarczyca bajkalska (dont bajkaline), Kadzid\u0142owiec indyjski (dont acides boswelliques), Extrait d&#8217;Imbir, Extrait de Kurkuma, Extrait de Vilcacora, Acide hyaluronique<\/li>\n<\/ul>\n<p>Ce produit est une excellente option pour int\u00e9grer dans votre routine quotidienne. Il se distingue par sa composition respectueuse et son engagement envers la qualit\u00e9 sans compromis.<\/p>\n<table>\n<tbody>\n<tr>\n<td><strong>Quantit\u00e9 par capsule :<\/strong><\/td>\n<\/tr>\n<tr>\n<td>MSM: 250 mg<\/td>\n<\/tr>\n<tr>\n<td>Tarczyca bajkalska: 25 mg (bajkaline 85% &#8211; 21.3 mg)<\/td>\n<\/tr>\n<tr>\n<td>Kadzid\u0142owiec indyjski: 25 mg (acides boswelliques 65% -16.3 mg)<\/td>\n<\/tr>\n<tr>\n<td>extrait d&#8217;Imbir: 25 mg<\/td>\n<\/tr>\n<tr>\n<td>Extrait de Kurkuma: 25 mg<\/td>\n<\/tr>\n<tr>\n<td>Extrait de Vilcacora: 25 mg<\/td>\n<\/tr>\n<tr>\n<td>Acide hyaluronique:5mg <\/ td ><\/ tr ><br \/>\n    <\/tbody>\n<\/table>\n<p> Remarque importante : Ne pas d\u00e9passer la dose journali\u00e8re recommand\u00e9e . Ce compl\u00e9ment alimentaire ne doit pas \u00eatre utilis \u00e9 comme substitut \u00e0 une alimentation vari\u00e9e et \u00e9quilibr\u00e9e ni \u00e0 un mode de vie sain . Non recommand \u00e9 pour les enfants et les femmes enceintes .<\/p>\n","protected":false},"excerpt":{"rendered":"<p>PANASEUS Formula for joints (50 caps) D\u00e9couvrez PANASEUS Formula, un choix parfait pour ceux qui appr\u00e9cient les ingr\u00e9dients naturels dans un mode de vie sain. Ce produit est con\u00e7u avec une s\u00e9lection d&#8217;extraits v\u00e9g\u00e9taux et de composants naturels, pr\u00e9sent\u00e9s dans un format pratique de 50 capsules v\u00e9g\u00e9tales. Ce compl\u00e9ment alimentaire est formul\u00e9 \u00e0 partir d&#8217;ingr\u00e9dients [&#8230;]\n","protected":false},"featured_media":276930,"comment_status":"closed","ping_status":"open","template":"","meta":[],"product_brand":[5379],"product_cat":[5053],"product_tag":[],"class_list":{"0":"post-302790","1":"product","2":"type-product","3":"status-publish","4":"has-post-thumbnail","6":"product_brand-panaseus-2","7":"product_cat-vitamines-et-mineraux","9":"first","10":"instock","11":"taxable","12":"shipping-taxable","13":"purchasable","14":"product-type-simple"},"yoast_head":"<!-- This site is optimized with the Yoast SEO Premium plugin v27.5 (Yoast SEO v27.5) - https:\/\/yoast.com\/product\/yoast-seo-premium-wordpress\/ -->\n<title>Formule PANASEUS pour les articulations (50 g\u00e9lules) - ECO Supplements<\/title>\n<meta name=\"description\" content=\"Wij hebben een ruime keuze aan producten van Formule PANASEUS pour les articulations (50 g\u00e9lules) . Winkel bij Eco Supplements altijd gratis verzending boven 100\u20ac\" \/>\n<meta name=\"robots\" content=\"index, follow, max-snippet:-1, max-image-preview:large, max-video-preview:-1\" \/>\n<link rel=\"canonical\" href=\"https:\/\/ecosupplements.be\/fr\/produit\/panaseus-formula-for-joints-50-caps\/\" \/>\n<meta property=\"og:locale\" content=\"fr_FR\" \/>\n<meta property=\"og:type\" content=\"article\" \/>\n<meta property=\"og:title\" content=\"Formule PANASEUS pour les articulations (50 g\u00e9lules)\" \/>\n<meta property=\"og:description\" content=\"Wij hebben een ruime keuze aan producten van Formule PANASEUS pour les articulations (50 g\u00e9lules) . Winkel bij Eco Supplements altijd gratis verzending boven 100\u20ac\" \/>\n<meta property=\"og:url\" content=\"https:\/\/ecosupplements.be\/fr\/produit\/panaseus-formula-for-joints-50-caps\/\" \/>\n<meta property=\"og:site_name\" content=\"ECO Supplements\" \/>\n<meta property=\"article:modified_time\" content=\"2025-08-28T02:44:26+00:00\" \/>\n<meta property=\"og:image\" content=\"https:\/\/ecosupplements.be\/wp-content\/uploads\/2025\/08\/Panaseus-PANASEUS-Formula-for-joints-50-caps.jpg\" \/>\n\t<meta property=\"og:image:width\" content=\"549\" \/>\n\t<meta property=\"og:image:height\" content=\"900\" \/>\n\t<meta property=\"og:image:type\" content=\"image\/jpeg\" \/>\n<meta name=\"twitter:card\" content=\"summary_large_image\" \/>\n<meta name=\"twitter:label1\" content=\"Prix\" \/>\n\t<meta name=\"twitter:data1\" content=\"10.08&nbsp;&euro;\" \/>\n\t<meta name=\"twitter:label2\" content=\"Disponibilit\u00e9\" \/>\n\t<meta name=\"twitter:data2\" content=\"En stock\" \/>\n<script type=\"application\/ld+json\" class=\"yoast-schema-graph\">{\"@context\":\"https:\\\/\\\/schema.org\",\"@graph\":[{\"@type\":[\"WebPage\",\"ItemPage\"],\"@id\":\"https:\\\/\\\/ecosupplements.be\\\/fr\\\/produit\\\/panaseus-formula-for-joints-50-caps\\\/\",\"url\":\"https:\\\/\\\/ecosupplements.be\\\/fr\\\/produit\\\/panaseus-formula-for-joints-50-caps\\\/\",\"name\":\"Formule PANASEUS pour les articulations (50 g\u00e9lules) - ECO Supplements\",\"isPartOf\":{\"@id\":\"https:\\\/\\\/ecosupplements.be\\\/fr\\\/#website\"},\"primaryImageOfPage\":{\"@id\":\"https:\\\/\\\/ecosupplements.be\\\/fr\\\/produit\\\/panaseus-formula-for-joints-50-caps\\\/#primaryimage\"},\"image\":{\"@id\":\"https:\\\/\\\/ecosupplements.be\\\/fr\\\/produit\\\/panaseus-formula-for-joints-50-caps\\\/#primaryimage\"},\"thumbnailUrl\":\"https:\\\/\\\/ecosupplements.be\\\/wp-content\\\/uploads\\\/2025\\\/08\\\/PANASEUS-Formula-for-joints-50-caps.jpg\",\"datePublished\":\"2025-07-26T15:00:28+00:00\",\"dateModified\":\"2025-08-28T02:44:26+00:00\",\"description\":\"Wij hebben een ruime keuze aan producten van Formule PANASEUS pour les articulations (50 g\u00e9lules) . Winkel bij Eco Supplements altijd gratis verzending boven 100\u20ac\",\"breadcrumb\":{\"@id\":\"https:\\\/\\\/ecosupplements.be\\\/fr\\\/produit\\\/panaseus-formula-for-joints-50-caps\\\/#breadcrumb\"},\"inLanguage\":\"fr-FR\",\"potentialAction\":[{\"@type\":\"ReadAction\",\"target\":[\"https:\\\/\\\/ecosupplements.be\\\/fr\\\/produit\\\/panaseus-formula-for-joints-50-caps\\\/\"]}]},{\"@type\":\"ImageObject\",\"inLanguage\":\"fr-FR\",\"@id\":\"https:\\\/\\\/ecosupplements.be\\\/fr\\\/produit\\\/panaseus-formula-for-joints-50-caps\\\/#primaryimage\",\"url\":\"https:\\\/\\\/ecosupplements.be\\\/wp-content\\\/uploads\\\/2025\\\/08\\\/PANASEUS-Formula-for-joints-50-caps.jpg\",\"contentUrl\":\"https:\\\/\\\/ecosupplements.be\\\/wp-content\\\/uploads\\\/2025\\\/08\\\/PANASEUS-Formula-for-joints-50-caps.jpg\",\"width\":549,\"height\":900},{\"@type\":\"BreadcrumbList\",\"@id\":\"https:\\\/\\\/ecosupplements.be\\\/fr\\\/produit\\\/panaseus-formula-for-joints-50-caps\\\/#breadcrumb\",\"itemListElement\":[{\"@type\":\"ListItem\",\"position\":1,\"name\":\"Home\",\"item\":\"https:\\\/\\\/ecosupplements.be\\\/fr\\\/\"},{\"@type\":\"ListItem\",\"position\":2,\"name\":\"Boutique\",\"item\":\"https:\\\/\\\/ecosupplements.be\\\/fr\\\/boutique\\\/\"},{\"@type\":\"ListItem\",\"position\":3,\"name\":\"Formule PANASEUS pour les articulations (50 g\u00e9lules)\"}]},{\"@type\":\"WebSite\",\"@id\":\"https:\\\/\\\/ecosupplements.be\\\/fr\\\/#website\",\"url\":\"https:\\\/\\\/ecosupplements.be\\\/fr\\\/\",\"name\":\"ECO Supplements\",\"description\":\"Eco Supplements - Gezonde supplementen\",\"publisher\":{\"@id\":\"https:\\\/\\\/ecosupplements.be\\\/fr\\\/#organization\"},\"potentialAction\":[{\"@type\":\"SearchAction\",\"target\":{\"@type\":\"EntryPoint\",\"urlTemplate\":\"https:\\\/\\\/ecosupplements.be\\\/fr\\\/?s={search_term_string}\"},\"query-input\":{\"@type\":\"PropertyValueSpecification\",\"valueRequired\":true,\"valueName\":\"search_term_string\"}}],\"inLanguage\":\"fr-FR\"},{\"@type\":\"Organization\",\"@id\":\"https:\\\/\\\/ecosupplements.be\\\/fr\\\/#organization\",\"name\":\"Eco Supplements\",\"url\":\"https:\\\/\\\/ecosupplements.be\\\/fr\\\/\",\"logo\":{\"@type\":\"ImageObject\",\"inLanguage\":\"fr-FR\",\"@id\":\"https:\\\/\\\/ecosupplements.be\\\/fr\\\/#\\\/schema\\\/logo\\\/image\\\/\",\"url\":\"https:\\\/\\\/ecosupplements.be\\\/wp-content\\\/uploads\\\/2022\\\/06\\\/ecosupplement-family.png\",\"contentUrl\":\"https:\\\/\\\/ecosupplements.be\\\/wp-content\\\/uploads\\\/2022\\\/06\\\/ecosupplement-family.png\",\"width\":593,\"height\":374,\"caption\":\"Eco Supplements\"},\"image\":{\"@id\":\"https:\\\/\\\/ecosupplements.be\\\/fr\\\/#\\\/schema\\\/logo\\\/image\\\/\"}}]}<\/script>\n<meta property=\"product:brand\" content=\"Panaseus\" \/>\n<meta property=\"product:price:amount\" content=\"10.08\" \/>\n<meta property=\"product:price:currency\" content=\"EUR\" \/>\n<meta property=\"og:availability\" content=\"instock\" \/>\n<meta property=\"product:availability\" content=\"instock\" \/>\n<meta property=\"product:retailer_item_id\" content=\"5904194061340\" \/>\n<meta property=\"product:condition\" content=\"new\" \/>\n<!-- \/ Yoast SEO Premium plugin. -->","yoast_head_json":{"title":"Formule PANASEUS pour les articulations (50 g\u00e9lules) - ECO Supplements","description":"Wij hebben een ruime keuze aan producten van Formule PANASEUS pour les articulations (50 g\u00e9lules) . Winkel bij Eco Supplements altijd gratis verzending boven 100\u20ac","robots":{"index":"index","follow":"follow","max-snippet":"max-snippet:-1","max-image-preview":"max-image-preview:large","max-video-preview":"max-video-preview:-1"},"canonical":"https:\/\/ecosupplements.be\/fr\/produit\/panaseus-formula-for-joints-50-caps\/","og_locale":"fr_FR","og_type":"article","og_title":"Formule PANASEUS pour les articulations (50 g\u00e9lules)","og_description":"Wij hebben een ruime keuze aan producten van Formule PANASEUS pour les articulations (50 g\u00e9lules) . Winkel bij Eco Supplements altijd gratis verzending boven 100\u20ac","og_url":"https:\/\/ecosupplements.be\/fr\/produit\/panaseus-formula-for-joints-50-caps\/","og_site_name":"ECO Supplements","article_modified_time":"2025-08-28T02:44:26+00:00","og_image":[{"width":549,"height":900,"url":"https:\/\/ecosupplements.be\/wp-content\/uploads\/2025\/08\/Panaseus-PANASEUS-Formula-for-joints-50-caps.jpg","type":"image\/jpeg"}],"twitter_card":"summary_large_image","twitter_misc":{"Prix":"10.08&nbsp;&euro;","Disponibilit\u00e9":"En stock"},"schema":{"@context":"https:\/\/schema.org","@graph":[{"@type":["WebPage","ItemPage"],"@id":"https:\/\/ecosupplements.be\/fr\/produit\/panaseus-formula-for-joints-50-caps\/","url":"https:\/\/ecosupplements.be\/fr\/produit\/panaseus-formula-for-joints-50-caps\/","name":"Formule PANASEUS pour les articulations (50 g\u00e9lules) - ECO Supplements","isPartOf":{"@id":"https:\/\/ecosupplements.be\/fr\/#website"},"primaryImageOfPage":{"@id":"https:\/\/ecosupplements.be\/fr\/produit\/panaseus-formula-for-joints-50-caps\/#primaryimage"},"image":{"@id":"https:\/\/ecosupplements.be\/fr\/produit\/panaseus-formula-for-joints-50-caps\/#primaryimage"},"thumbnailUrl":"https:\/\/ecosupplements.be\/wp-content\/uploads\/2025\/08\/PANASEUS-Formula-for-joints-50-caps.jpg","datePublished":"2025-07-26T15:00:28+00:00","dateModified":"2025-08-28T02:44:26+00:00","description":"Wij hebben een ruime keuze aan producten van Formule PANASEUS pour les articulations (50 g\u00e9lules) . Winkel bij Eco Supplements altijd gratis verzending boven 100\u20ac","breadcrumb":{"@id":"https:\/\/ecosupplements.be\/fr\/produit\/panaseus-formula-for-joints-50-caps\/#breadcrumb"},"inLanguage":"fr-FR","potentialAction":[{"@type":"ReadAction","target":["https:\/\/ecosupplements.be\/fr\/produit\/panaseus-formula-for-joints-50-caps\/"]}]},{"@type":"ImageObject","inLanguage":"fr-FR","@id":"https:\/\/ecosupplements.be\/fr\/produit\/panaseus-formula-for-joints-50-caps\/#primaryimage","url":"https:\/\/ecosupplements.be\/wp-content\/uploads\/2025\/08\/PANASEUS-Formula-for-joints-50-caps.jpg","contentUrl":"https:\/\/ecosupplements.be\/wp-content\/uploads\/2025\/08\/PANASEUS-Formula-for-joints-50-caps.jpg","width":549,"height":900},{"@type":"BreadcrumbList","@id":"https:\/\/ecosupplements.be\/fr\/produit\/panaseus-formula-for-joints-50-caps\/#breadcrumb","itemListElement":[{"@type":"ListItem","position":1,"name":"Home","item":"https:\/\/ecosupplements.be\/fr\/"},{"@type":"ListItem","position":2,"name":"Boutique","item":"https:\/\/ecosupplements.be\/fr\/boutique\/"},{"@type":"ListItem","position":3,"name":"Formule PANASEUS pour les articulations (50 g\u00e9lules)"}]},{"@type":"WebSite","@id":"https:\/\/ecosupplements.be\/fr\/#website","url":"https:\/\/ecosupplements.be\/fr\/","name":"ECO Supplements","description":"Eco Supplements - Gezonde supplementen","publisher":{"@id":"https:\/\/ecosupplements.be\/fr\/#organization"},"potentialAction":[{"@type":"SearchAction","target":{"@type":"EntryPoint","urlTemplate":"https:\/\/ecosupplements.be\/fr\/?s={search_term_string}"},"query-input":{"@type":"PropertyValueSpecification","valueRequired":true,"valueName":"search_term_string"}}],"inLanguage":"fr-FR"},{"@type":"Organization","@id":"https:\/\/ecosupplements.be\/fr\/#organization","name":"Eco Supplements","url":"https:\/\/ecosupplements.be\/fr\/","logo":{"@type":"ImageObject","inLanguage":"fr-FR","@id":"https:\/\/ecosupplements.be\/fr\/#\/schema\/logo\/image\/","url":"https:\/\/ecosupplements.be\/wp-content\/uploads\/2022\/06\/ecosupplement-family.png","contentUrl":"https:\/\/ecosupplements.be\/wp-content\/uploads\/2022\/06\/ecosupplement-family.png","width":593,"height":374,"caption":"Eco Supplements"},"image":{"@id":"https:\/\/ecosupplements.be\/fr\/#\/schema\/logo\/image\/"}}]},"product_brand":"Panaseus","product_price_amount":"10.08","product_price_currency":"EUR","og_availability":"instock","product_availability":"instock","product_retailer_item_id":"5904194061340","product_condition":"new"},"_links":{"self":[{"href":"https:\/\/ecosupplements.be\/fr\/wp-json\/wp\/v2\/product\/302790","targetHints":{"allow":["GET"]}}],"collection":[{"href":"https:\/\/ecosupplements.be\/fr\/wp-json\/wp\/v2\/product"}],"about":[{"href":"https:\/\/ecosupplements.be\/fr\/wp-json\/wp\/v2\/types\/product"}],"replies":[{"embeddable":true,"href":"https:\/\/ecosupplements.be\/fr\/wp-json\/wp\/v2\/comments?post=302790"}],"wp:featuredmedia":[{"embeddable":true,"href":"https:\/\/ecosupplements.be\/fr\/wp-json\/wp\/v2\/media\/276930"}],"wp:attachment":[{"href":"https:\/\/ecosupplements.be\/fr\/wp-json\/wp\/v2\/media?parent=302790"}],"wp:term":[{"taxonomy":"product_brand","embeddable":true,"href":"https:\/\/ecosupplements.be\/fr\/wp-json\/wp\/v2\/product_brand?post=302790"},{"taxonomy":"product_cat","embeddable":true,"href":"https:\/\/ecosupplements.be\/fr\/wp-json\/wp\/v2\/product_cat?post=302790"},{"taxonomy":"product_tag","embeddable":true,"href":"https:\/\/ecosupplements.be\/fr\/wp-json\/wp\/v2\/product_tag?post=302790"}],"curies":[{"name":"wp","href":"https:\/\/api.w.org\/{rel}","templated":true}]}}