{"id":302796,"date":"2025-07-26T16:15:12","date_gmt":"2025-07-26T15:15:12","guid":{"rendered":"https:\/\/ecosupplements.be\/product\/panaseus-deep-breath-50-caps\/"},"modified":"2025-08-28T03:44:32","modified_gmt":"2025-08-28T02:44:32","slug":"panaseus-deep-breath-50-caps","status":"publish","type":"product","link":"https:\/\/ecosupplements.be\/fr\/produit\/panaseus-deep-breath-50-caps\/","title":{"rendered":"PANASEUS Respire Profond\u00e9ment (50 g\u00e9lules)"},"content":{"rendered":"<h2>PANASEUS Deep breath (50 caps)<\/h2>\n<p>D\u00e9couvrez PANASEUS Deep breath, un choix parfait pour ceux qui appr\u00e9cient les ingr\u00e9dients naturels dans un mode de vie sain. Ce produit est con\u00e7u avec une s\u00e9lection rigoureuse d&#8217;extraits de plantes et de composants naturels, offrant une qualit\u00e9 exceptionnelle sans all\u00e9gations m\u00e9dicales.<\/p>\n<h3>Ingr\u00e9dients principaux :<\/h3>\n<ul>\n<li>Extrait de Lukrecja (Glycyrrhiza gabra) 10:1<\/li>\n<li>Extrait standardis\u00e9 d&#8217;Echinacea purpurea contenant 4% de polyph\u00e9nols<\/li>\n<li>Extrait de fruit de Rosa canina standardis\u00e9 \u00e0 70% en vitamine C<\/li>\n<li>Inuline issue du chicor\u00e9e (prebiotique)<\/li>\n<li>Extrait d&#8217;Origanum vulgare 10:1<\/li>\n<li>Extrait de Schisandra chinensis 10:1<\/li>\n<li>Extrait d&#8217;Alium sativum (ail)10:1<\/li>\n<ul><strong>Capsule :<\/strong><br \/>\n      Cellulose v\u00e9g\u00e9tale (adapt\u00e9e aux v\u00e9g\u00e9tariens).<\/ul>\n<\/p>\n<h3>Contenu et emballage :<\/h3>\n<p>Ce produit est pr\u00e9sent\u00e9 sous forme de capsules, avec un emballage contenant au total cinquante unit\u00e9s.<\/p>\n<h3>Utilisation recommand\u00e9e :<\/h3>\n<p>Pour une utilisation quotidienne simple, il est conseill\u00e9 de prendre une capsule par jour avec beaucoup d&#8217;eau apr\u00e8s le repas. Ne pas d\u00e9passer la dose journali\u00e8re recommand\u00e9e.<\/p>\n<h3>Fonctionnalit\u00e9s pratiques :<\/h3>\n<p>PANASEUS Deep breath se distingue par sa facilit\u00e9 d&#8217;utilisation et son format pratique qui s&#8217;int\u00e8gre facilement dans votre routine quotidienne. Les capsules sont faciles \u00e0 avaler et con\u00e7ues pour \u00eatre utilis\u00e9es n&#8217;importe o\u00f9.<\/p>\n<p><em>Note : Ce compl\u00e9ment alimentaire ne doit pas \u00eatre utilis\u00e9 comme substitut \u00e0 une alimentation vari\u00e9e et \u00e9quilibr\u00e9e ni \u00e0 un mode de vie sain. Pour toute condition particuli\u00e8re ou prise simultan\u00e9e d&#8217;autres m\u00e9dicaments, il est conseill\u00e9 de consulter un professionnel avant utilisation.Conserver dans un endroit sec et frais, hors port\u00e9e des enfants.<\/em><\/p>\n<p>L&#8217;emballage du produit peut varier par rapport aux images pr\u00e9sent\u00e9es selon les lots produits.&lt;\/p<\/p>\n","protected":false},"excerpt":{"rendered":"<p>PANASEUS Deep breath (50 caps) D\u00e9couvrez PANASEUS Deep breath, un choix parfait pour ceux qui appr\u00e9cient les ingr\u00e9dients naturels dans un mode de vie sain. Ce produit est con\u00e7u avec une s\u00e9lection rigoureuse d&#8217;extraits de plantes et de composants naturels, offrant une qualit\u00e9 exceptionnelle sans all\u00e9gations m\u00e9dicales. Ingr\u00e9dients principaux : Extrait de Lukrecja (Glycyrrhiza gabra) [&#8230;]\n","protected":false},"featured_media":276936,"comment_status":"closed","ping_status":"open","template":"","meta":[],"product_brand":[5379],"product_cat":[5052,5094,5053],"product_tag":[],"class_list":{"0":"post-302796","1":"product","2":"type-product","3":"status-publish","4":"has-post-thumbnail","6":"product_brand-panaseus-2","7":"product_cat-sante-et-bien-etre","8":"product_cat-supplements-a-base-de-plantes","9":"product_cat-vitamines-et-mineraux","11":"first","12":"instock","13":"taxable","14":"shipping-taxable","15":"purchasable","16":"product-type-simple"},"yoast_head":"<!-- This site is optimized with the Yoast SEO Premium plugin v27.5 (Yoast SEO v27.5) - https:\/\/yoast.com\/product\/yoast-seo-premium-wordpress\/ -->\n<title>PANASEUS Respire Profond\u00e9ment (50 g\u00e9lules) - ECO Supplements<\/title>\n<meta name=\"description\" content=\"Wij hebben een ruime keuze aan producten van PANASEUS Respire Profond\u00e9ment (50 g\u00e9lules) . Winkel bij Eco Supplements altijd gratis verzending boven 100\u20ac\" \/>\n<meta name=\"robots\" content=\"index, follow, max-snippet:-1, max-image-preview:large, max-video-preview:-1\" \/>\n<link rel=\"canonical\" href=\"https:\/\/ecosupplements.be\/fr\/produit\/panaseus-deep-breath-50-caps\/\" \/>\n<meta property=\"og:locale\" content=\"fr_FR\" \/>\n<meta property=\"og:type\" content=\"article\" \/>\n<meta property=\"og:title\" content=\"PANASEUS Respire Profond\u00e9ment (50 g\u00e9lules)\" \/>\n<meta property=\"og:description\" content=\"Wij hebben een ruime keuze aan producten van PANASEUS Respire Profond\u00e9ment (50 g\u00e9lules) . Winkel bij Eco Supplements altijd gratis verzending boven 100\u20ac\" \/>\n<meta property=\"og:url\" content=\"https:\/\/ecosupplements.be\/fr\/produit\/panaseus-deep-breath-50-caps\/\" \/>\n<meta property=\"og:site_name\" content=\"ECO Supplements\" \/>\n<meta property=\"article:modified_time\" content=\"2025-08-28T02:44:32+00:00\" \/>\n<meta property=\"og:image\" content=\"https:\/\/ecosupplements.be\/wp-content\/uploads\/2025\/08\/Panaseus-PANASEUS-Deep-breath-50-caps.jpg\" \/>\n\t<meta property=\"og:image:width\" content=\"1080\" \/>\n\t<meta property=\"og:image:height\" content=\"1673\" \/>\n\t<meta property=\"og:image:type\" content=\"image\/jpeg\" \/>\n<meta name=\"twitter:card\" content=\"summary_large_image\" \/>\n<meta name=\"twitter:label1\" content=\"Prix\" \/>\n\t<meta name=\"twitter:data1\" content=\"10.40&nbsp;&euro;\" \/>\n\t<meta name=\"twitter:label2\" content=\"Disponibilit\u00e9\" \/>\n\t<meta name=\"twitter:data2\" content=\"En stock\" \/>\n<script type=\"application\/ld+json\" class=\"yoast-schema-graph\">{\"@context\":\"https:\\\/\\\/schema.org\",\"@graph\":[{\"@type\":[\"WebPage\",\"ItemPage\"],\"@id\":\"https:\\\/\\\/ecosupplements.be\\\/fr\\\/produit\\\/panaseus-deep-breath-50-caps\\\/\",\"url\":\"https:\\\/\\\/ecosupplements.be\\\/fr\\\/produit\\\/panaseus-deep-breath-50-caps\\\/\",\"name\":\"PANASEUS Respire Profond\u00e9ment (50 g\u00e9lules) - ECO Supplements\",\"isPartOf\":{\"@id\":\"https:\\\/\\\/ecosupplements.be\\\/fr\\\/#website\"},\"primaryImageOfPage\":{\"@id\":\"https:\\\/\\\/ecosupplements.be\\\/fr\\\/produit\\\/panaseus-deep-breath-50-caps\\\/#primaryimage\"},\"image\":{\"@id\":\"https:\\\/\\\/ecosupplements.be\\\/fr\\\/produit\\\/panaseus-deep-breath-50-caps\\\/#primaryimage\"},\"thumbnailUrl\":\"https:\\\/\\\/ecosupplements.be\\\/wp-content\\\/uploads\\\/2025\\\/08\\\/PANASEUS-Deep-breath-50-caps.jpg\",\"datePublished\":\"2025-07-26T15:15:12+00:00\",\"dateModified\":\"2025-08-28T02:44:32+00:00\",\"description\":\"Wij hebben een ruime keuze aan producten van PANASEUS Respire Profond\u00e9ment (50 g\u00e9lules) . Winkel bij Eco Supplements altijd gratis verzending boven 100\u20ac\",\"breadcrumb\":{\"@id\":\"https:\\\/\\\/ecosupplements.be\\\/fr\\\/produit\\\/panaseus-deep-breath-50-caps\\\/#breadcrumb\"},\"inLanguage\":\"fr-FR\",\"potentialAction\":[{\"@type\":\"ReadAction\",\"target\":[\"https:\\\/\\\/ecosupplements.be\\\/fr\\\/produit\\\/panaseus-deep-breath-50-caps\\\/\"]}]},{\"@type\":\"ImageObject\",\"inLanguage\":\"fr-FR\",\"@id\":\"https:\\\/\\\/ecosupplements.be\\\/fr\\\/produit\\\/panaseus-deep-breath-50-caps\\\/#primaryimage\",\"url\":\"https:\\\/\\\/ecosupplements.be\\\/wp-content\\\/uploads\\\/2025\\\/08\\\/PANASEUS-Deep-breath-50-caps.jpg\",\"contentUrl\":\"https:\\\/\\\/ecosupplements.be\\\/wp-content\\\/uploads\\\/2025\\\/08\\\/PANASEUS-Deep-breath-50-caps.jpg\",\"width\":1080,\"height\":1673},{\"@type\":\"BreadcrumbList\",\"@id\":\"https:\\\/\\\/ecosupplements.be\\\/fr\\\/produit\\\/panaseus-deep-breath-50-caps\\\/#breadcrumb\",\"itemListElement\":[{\"@type\":\"ListItem\",\"position\":1,\"name\":\"Home\",\"item\":\"https:\\\/\\\/ecosupplements.be\\\/fr\\\/\"},{\"@type\":\"ListItem\",\"position\":2,\"name\":\"Boutique\",\"item\":\"https:\\\/\\\/ecosupplements.be\\\/fr\\\/boutique\\\/\"},{\"@type\":\"ListItem\",\"position\":3,\"name\":\"PANASEUS Respire Profond\u00e9ment (50 g\u00e9lules)\"}]},{\"@type\":\"WebSite\",\"@id\":\"https:\\\/\\\/ecosupplements.be\\\/fr\\\/#website\",\"url\":\"https:\\\/\\\/ecosupplements.be\\\/fr\\\/\",\"name\":\"ECO Supplements\",\"description\":\"Eco Supplements - Gezonde supplementen\",\"publisher\":{\"@id\":\"https:\\\/\\\/ecosupplements.be\\\/fr\\\/#organization\"},\"potentialAction\":[{\"@type\":\"SearchAction\",\"target\":{\"@type\":\"EntryPoint\",\"urlTemplate\":\"https:\\\/\\\/ecosupplements.be\\\/fr\\\/?s={search_term_string}\"},\"query-input\":{\"@type\":\"PropertyValueSpecification\",\"valueRequired\":true,\"valueName\":\"search_term_string\"}}],\"inLanguage\":\"fr-FR\"},{\"@type\":\"Organization\",\"@id\":\"https:\\\/\\\/ecosupplements.be\\\/fr\\\/#organization\",\"name\":\"Eco Supplements\",\"url\":\"https:\\\/\\\/ecosupplements.be\\\/fr\\\/\",\"logo\":{\"@type\":\"ImageObject\",\"inLanguage\":\"fr-FR\",\"@id\":\"https:\\\/\\\/ecosupplements.be\\\/fr\\\/#\\\/schema\\\/logo\\\/image\\\/\",\"url\":\"https:\\\/\\\/ecosupplements.be\\\/wp-content\\\/uploads\\\/2022\\\/06\\\/ecosupplement-family.png\",\"contentUrl\":\"https:\\\/\\\/ecosupplements.be\\\/wp-content\\\/uploads\\\/2022\\\/06\\\/ecosupplement-family.png\",\"width\":593,\"height\":374,\"caption\":\"Eco Supplements\"},\"image\":{\"@id\":\"https:\\\/\\\/ecosupplements.be\\\/fr\\\/#\\\/schema\\\/logo\\\/image\\\/\"}}]}<\/script>\n<meta property=\"product:brand\" content=\"Panaseus\" \/>\n<meta property=\"product:price:amount\" content=\"10.40\" \/>\n<meta property=\"product:price:currency\" content=\"EUR\" \/>\n<meta property=\"og:availability\" content=\"instock\" \/>\n<meta property=\"product:availability\" content=\"instock\" \/>\n<meta property=\"product:retailer_item_id\" content=\"5904194061470\" \/>\n<meta property=\"product:condition\" content=\"new\" \/>\n<!-- \/ Yoast SEO Premium plugin. -->","yoast_head_json":{"title":"PANASEUS Respire Profond\u00e9ment (50 g\u00e9lules) - ECO Supplements","description":"Wij hebben een ruime keuze aan producten van PANASEUS Respire Profond\u00e9ment (50 g\u00e9lules) . Winkel bij Eco Supplements altijd gratis verzending boven 100\u20ac","robots":{"index":"index","follow":"follow","max-snippet":"max-snippet:-1","max-image-preview":"max-image-preview:large","max-video-preview":"max-video-preview:-1"},"canonical":"https:\/\/ecosupplements.be\/fr\/produit\/panaseus-deep-breath-50-caps\/","og_locale":"fr_FR","og_type":"article","og_title":"PANASEUS Respire Profond\u00e9ment (50 g\u00e9lules)","og_description":"Wij hebben een ruime keuze aan producten van PANASEUS Respire Profond\u00e9ment (50 g\u00e9lules) . Winkel bij Eco Supplements altijd gratis verzending boven 100\u20ac","og_url":"https:\/\/ecosupplements.be\/fr\/produit\/panaseus-deep-breath-50-caps\/","og_site_name":"ECO Supplements","article_modified_time":"2025-08-28T02:44:32+00:00","og_image":[{"width":1080,"height":1673,"url":"https:\/\/ecosupplements.be\/wp-content\/uploads\/2025\/08\/Panaseus-PANASEUS-Deep-breath-50-caps.jpg","type":"image\/jpeg"}],"twitter_card":"summary_large_image","twitter_misc":{"Prix":"10.40&nbsp;&euro;","Disponibilit\u00e9":"En stock"},"schema":{"@context":"https:\/\/schema.org","@graph":[{"@type":["WebPage","ItemPage"],"@id":"https:\/\/ecosupplements.be\/fr\/produit\/panaseus-deep-breath-50-caps\/","url":"https:\/\/ecosupplements.be\/fr\/produit\/panaseus-deep-breath-50-caps\/","name":"PANASEUS Respire Profond\u00e9ment (50 g\u00e9lules) - ECO Supplements","isPartOf":{"@id":"https:\/\/ecosupplements.be\/fr\/#website"},"primaryImageOfPage":{"@id":"https:\/\/ecosupplements.be\/fr\/produit\/panaseus-deep-breath-50-caps\/#primaryimage"},"image":{"@id":"https:\/\/ecosupplements.be\/fr\/produit\/panaseus-deep-breath-50-caps\/#primaryimage"},"thumbnailUrl":"https:\/\/ecosupplements.be\/wp-content\/uploads\/2025\/08\/PANASEUS-Deep-breath-50-caps.jpg","datePublished":"2025-07-26T15:15:12+00:00","dateModified":"2025-08-28T02:44:32+00:00","description":"Wij hebben een ruime keuze aan producten van PANASEUS Respire Profond\u00e9ment (50 g\u00e9lules) . Winkel bij Eco Supplements altijd gratis verzending boven 100\u20ac","breadcrumb":{"@id":"https:\/\/ecosupplements.be\/fr\/produit\/panaseus-deep-breath-50-caps\/#breadcrumb"},"inLanguage":"fr-FR","potentialAction":[{"@type":"ReadAction","target":["https:\/\/ecosupplements.be\/fr\/produit\/panaseus-deep-breath-50-caps\/"]}]},{"@type":"ImageObject","inLanguage":"fr-FR","@id":"https:\/\/ecosupplements.be\/fr\/produit\/panaseus-deep-breath-50-caps\/#primaryimage","url":"https:\/\/ecosupplements.be\/wp-content\/uploads\/2025\/08\/PANASEUS-Deep-breath-50-caps.jpg","contentUrl":"https:\/\/ecosupplements.be\/wp-content\/uploads\/2025\/08\/PANASEUS-Deep-breath-50-caps.jpg","width":1080,"height":1673},{"@type":"BreadcrumbList","@id":"https:\/\/ecosupplements.be\/fr\/produit\/panaseus-deep-breath-50-caps\/#breadcrumb","itemListElement":[{"@type":"ListItem","position":1,"name":"Home","item":"https:\/\/ecosupplements.be\/fr\/"},{"@type":"ListItem","position":2,"name":"Boutique","item":"https:\/\/ecosupplements.be\/fr\/boutique\/"},{"@type":"ListItem","position":3,"name":"PANASEUS Respire Profond\u00e9ment (50 g\u00e9lules)"}]},{"@type":"WebSite","@id":"https:\/\/ecosupplements.be\/fr\/#website","url":"https:\/\/ecosupplements.be\/fr\/","name":"ECO Supplements","description":"Eco Supplements - Gezonde supplementen","publisher":{"@id":"https:\/\/ecosupplements.be\/fr\/#organization"},"potentialAction":[{"@type":"SearchAction","target":{"@type":"EntryPoint","urlTemplate":"https:\/\/ecosupplements.be\/fr\/?s={search_term_string}"},"query-input":{"@type":"PropertyValueSpecification","valueRequired":true,"valueName":"search_term_string"}}],"inLanguage":"fr-FR"},{"@type":"Organization","@id":"https:\/\/ecosupplements.be\/fr\/#organization","name":"Eco Supplements","url":"https:\/\/ecosupplements.be\/fr\/","logo":{"@type":"ImageObject","inLanguage":"fr-FR","@id":"https:\/\/ecosupplements.be\/fr\/#\/schema\/logo\/image\/","url":"https:\/\/ecosupplements.be\/wp-content\/uploads\/2022\/06\/ecosupplement-family.png","contentUrl":"https:\/\/ecosupplements.be\/wp-content\/uploads\/2022\/06\/ecosupplement-family.png","width":593,"height":374,"caption":"Eco Supplements"},"image":{"@id":"https:\/\/ecosupplements.be\/fr\/#\/schema\/logo\/image\/"}}]},"product_brand":"Panaseus","product_price_amount":"10.40","product_price_currency":"EUR","og_availability":"instock","product_availability":"instock","product_retailer_item_id":"5904194061470","product_condition":"new"},"_links":{"self":[{"href":"https:\/\/ecosupplements.be\/fr\/wp-json\/wp\/v2\/product\/302796","targetHints":{"allow":["GET"]}}],"collection":[{"href":"https:\/\/ecosupplements.be\/fr\/wp-json\/wp\/v2\/product"}],"about":[{"href":"https:\/\/ecosupplements.be\/fr\/wp-json\/wp\/v2\/types\/product"}],"replies":[{"embeddable":true,"href":"https:\/\/ecosupplements.be\/fr\/wp-json\/wp\/v2\/comments?post=302796"}],"wp:featuredmedia":[{"embeddable":true,"href":"https:\/\/ecosupplements.be\/fr\/wp-json\/wp\/v2\/media\/276936"}],"wp:attachment":[{"href":"https:\/\/ecosupplements.be\/fr\/wp-json\/wp\/v2\/media?parent=302796"}],"wp:term":[{"taxonomy":"product_brand","embeddable":true,"href":"https:\/\/ecosupplements.be\/fr\/wp-json\/wp\/v2\/product_brand?post=302796"},{"taxonomy":"product_cat","embeddable":true,"href":"https:\/\/ecosupplements.be\/fr\/wp-json\/wp\/v2\/product_cat?post=302796"},{"taxonomy":"product_tag","embeddable":true,"href":"https:\/\/ecosupplements.be\/fr\/wp-json\/wp\/v2\/product_tag?post=302796"}],"curies":[{"name":"wp","href":"https:\/\/api.w.org\/{rel}","templated":true}]}}