{"id":302805,"date":"2025-07-26T16:30:21","date_gmt":"2025-07-26T15:30:21","guid":{"rendered":"https:\/\/ecosupplements.be\/product\/panaseus-collagen-complex-50-caps\/"},"modified":"2025-08-28T03:44:42","modified_gmt":"2025-08-28T02:44:42","slug":"panaseus-collagen-complex-50-caps","status":"publish","type":"product","link":"https:\/\/ecosupplements.be\/fr\/produit\/panaseus-collagen-complex-50-caps\/","title":{"rendered":"Complexe de Collag\u00e8ne PANASEUS (50 g\u00e9lules)"},"content":{"rendered":"<h2>PANASEUS collagen Complex (50 caps)<\/h2>\n<p>D\u00e9couvrez le PANASEUS Collagen Complex, un choix parfait pour ceux qui appr\u00e9cient les ingr\u00e9dients naturels dans un mode de vie sain. Ce produit est formul\u00e9 \u00e0 partir d&#8217;ingr\u00e9dients de grande puret\u00e9 et d&#8217;origine naturelle, offrant une solution simple pour un usage quotidien.<\/p>\n<p>Le PANASEUS Collagen Complex contient une combinaison de collag\u00e8ne hydrolys\u00e9 de type II et I,ainsi que du collag\u00e8ne de type III provenant de sources bovines et piscicoles. Enrichi en vitamine C, ce complexe est compl\u00e9t\u00e9 par des extraits standardis\u00e9s de plantes comme l&#8217;Equisetum arvense (pr\u00eale des champs) et la Centella asiatica (Gotu Kola), ainsi que des extraits de peau de grenade.<\/p>\n<p>ce produit se pr\u00e9sente sous forme de capsules v\u00e9g\u00e9tales faciles \u00e0 consommer, avec une recommandation d&#8217;une capsule par jour. Chaque emballage contient 50 capsules, ce qui correspond \u00e0 une suppl\u00e9mentation naturelle pour 50 jours.<\/p>\n<table>\n<tbody>\n<tr>\n<td><strong>Contenu:<\/strong><\/td>\n<td>50 capsules<\/td>\n<\/tr>\n<tr>\n<td><strong>type de capsules:<\/strong><\/td>\n<td>V\u00e9g\u00e9talien<\/td>\n<\/tr>\n<tr>\n<td><strong>Utilisation recommand\u00e9e:<\/strong><\/td>\n<td>1 capsule par jour<\/td>\n<\/tr>\n<\/tbody>\n<\/table>\n<p>Fabriqu\u00e9 dans l&#8217;Union Europ\u00e9enne sans utilisation d&#8217;additifs artificiels ou conservateurs. Ce produit ne contient pas non plus d&#8217;allerg\u00e8nes courants tels que les crustac\u00e9s, les \u0153ufs ou les noix.<\/p>\n<p>Pour garantir la qualit\u00e9 sup\u00e9rieure du PANASEUS Collagen Complex, il est produit sans substances artificielles ajout\u00e9es et est exempt de m\u00e9taux lourds tels que l&#8217;arsenic ou le plomb.<\/p>\n<p>Ce compl\u00e9ment alimentaire repr\u00e9sente un choix pratique pour votre quotidien tout en respectant votre pr\u00e9f\u00e9rence pour les produits naturels et purs.<\/p>\n","protected":false},"excerpt":{"rendered":"<p>PANASEUS collagen Complex (50 caps) D\u00e9couvrez le PANASEUS Collagen Complex, un choix parfait pour ceux qui appr\u00e9cient les ingr\u00e9dients naturels dans un mode de vie sain. Ce produit est formul\u00e9 \u00e0 partir d&#8217;ingr\u00e9dients de grande puret\u00e9 et d&#8217;origine naturelle, offrant une solution simple pour un usage quotidien. Le PANASEUS Collagen Complex contient une combinaison de [&#8230;]\n","protected":false},"featured_media":276945,"comment_status":"closed","ping_status":"open","template":"","meta":[],"product_brand":[5379],"product_cat":[5121,5052,5053],"product_tag":[],"class_list":{"0":"post-302805","1":"product","2":"type-product","3":"status-publish","4":"has-post-thumbnail","6":"product_brand-panaseus-2","7":"product_cat-collagene","8":"product_cat-sante-et-bien-etre","9":"product_cat-vitamines-et-mineraux","11":"first","12":"instock","13":"taxable","14":"shipping-taxable","15":"purchasable","16":"product-type-simple"},"yoast_head":"<!-- This site is optimized with the Yoast SEO Premium plugin v27.3 (Yoast SEO v27.3) - https:\/\/yoast.com\/product\/yoast-seo-premium-wordpress\/ -->\n<title>Complexe de Collag\u00e8ne PANASEUS (50 g\u00e9lules) - ECO Supplements<\/title>\n<meta name=\"description\" content=\"Wij hebben een ruime keuze aan producten van Complexe de Collag\u00e8ne PANASEUS (50 g\u00e9lules) . Winkel bij Eco Supplements altijd gratis verzending boven 100\u20ac\" \/>\n<meta name=\"robots\" content=\"index, follow, max-snippet:-1, max-image-preview:large, max-video-preview:-1\" \/>\n<link rel=\"canonical\" href=\"https:\/\/ecosupplements.be\/fr\/produit\/panaseus-collagen-complex-50-caps\/\" \/>\n<meta property=\"og:locale\" content=\"fr_FR\" \/>\n<meta property=\"og:type\" content=\"article\" \/>\n<meta property=\"og:title\" content=\"Complexe de Collag\u00e8ne PANASEUS (50 g\u00e9lules)\" \/>\n<meta property=\"og:description\" content=\"Wij hebben een ruime keuze aan producten van Complexe de Collag\u00e8ne PANASEUS (50 g\u00e9lules) . Winkel bij Eco Supplements altijd gratis verzending boven 100\u20ac\" \/>\n<meta property=\"og:url\" content=\"https:\/\/ecosupplements.be\/fr\/produit\/panaseus-collagen-complex-50-caps\/\" \/>\n<meta property=\"og:site_name\" content=\"ECO Supplements\" \/>\n<meta property=\"article:modified_time\" content=\"2025-08-28T02:44:42+00:00\" \/>\n<meta property=\"og:image\" content=\"https:\/\/ecosupplements.be\/wp-content\/uploads\/2025\/08\/Panaseus-PANASEUS-Collagen-Complex-50-caps.jpg\" \/>\n\t<meta property=\"og:image:width\" content=\"800\" \/>\n\t<meta property=\"og:image:height\" content=\"800\" \/>\n\t<meta property=\"og:image:type\" content=\"image\/jpeg\" \/>\n<meta name=\"twitter:card\" content=\"summary_large_image\" \/>\n<meta name=\"twitter:label1\" content=\"Prix\" \/>\n\t<meta name=\"twitter:data1\" content=\"11.66&nbsp;&euro;\" \/>\n\t<meta name=\"twitter:label2\" content=\"Disponibilit\u00e9\" \/>\n\t<meta name=\"twitter:data2\" content=\"En stock\" \/>\n<script type=\"application\/ld+json\" class=\"yoast-schema-graph\">{\"@context\":\"https:\\\/\\\/schema.org\",\"@graph\":[{\"@type\":[\"WebPage\",\"ItemPage\"],\"@id\":\"https:\\\/\\\/ecosupplements.be\\\/fr\\\/produit\\\/panaseus-collagen-complex-50-caps\\\/\",\"url\":\"https:\\\/\\\/ecosupplements.be\\\/fr\\\/produit\\\/panaseus-collagen-complex-50-caps\\\/\",\"name\":\"Complexe de Collag\u00e8ne PANASEUS (50 g\u00e9lules) - ECO Supplements\",\"isPartOf\":{\"@id\":\"https:\\\/\\\/ecosupplements.be\\\/fr\\\/#website\"},\"primaryImageOfPage\":{\"@id\":\"https:\\\/\\\/ecosupplements.be\\\/fr\\\/produit\\\/panaseus-collagen-complex-50-caps\\\/#primaryimage\"},\"image\":{\"@id\":\"https:\\\/\\\/ecosupplements.be\\\/fr\\\/produit\\\/panaseus-collagen-complex-50-caps\\\/#primaryimage\"},\"thumbnailUrl\":\"https:\\\/\\\/ecosupplements.be\\\/wp-content\\\/uploads\\\/2025\\\/08\\\/PANASEUS-Collagen-Complex-50-caps.jpg\",\"datePublished\":\"2025-07-26T15:30:21+00:00\",\"dateModified\":\"2025-08-28T02:44:42+00:00\",\"description\":\"Wij hebben een ruime keuze aan producten van Complexe de Collag\u00e8ne PANASEUS (50 g\u00e9lules) . Winkel bij Eco Supplements altijd gratis verzending boven 100\u20ac\",\"breadcrumb\":{\"@id\":\"https:\\\/\\\/ecosupplements.be\\\/fr\\\/produit\\\/panaseus-collagen-complex-50-caps\\\/#breadcrumb\"},\"inLanguage\":\"fr-FR\",\"potentialAction\":[{\"@type\":\"ReadAction\",\"target\":[\"https:\\\/\\\/ecosupplements.be\\\/fr\\\/produit\\\/panaseus-collagen-complex-50-caps\\\/\"]}]},{\"@type\":\"ImageObject\",\"inLanguage\":\"fr-FR\",\"@id\":\"https:\\\/\\\/ecosupplements.be\\\/fr\\\/produit\\\/panaseus-collagen-complex-50-caps\\\/#primaryimage\",\"url\":\"https:\\\/\\\/ecosupplements.be\\\/wp-content\\\/uploads\\\/2025\\\/08\\\/PANASEUS-Collagen-Complex-50-caps.jpg\",\"contentUrl\":\"https:\\\/\\\/ecosupplements.be\\\/wp-content\\\/uploads\\\/2025\\\/08\\\/PANASEUS-Collagen-Complex-50-caps.jpg\",\"width\":800,\"height\":800},{\"@type\":\"BreadcrumbList\",\"@id\":\"https:\\\/\\\/ecosupplements.be\\\/fr\\\/produit\\\/panaseus-collagen-complex-50-caps\\\/#breadcrumb\",\"itemListElement\":[{\"@type\":\"ListItem\",\"position\":1,\"name\":\"Home\",\"item\":\"https:\\\/\\\/ecosupplements.be\\\/fr\\\/\"},{\"@type\":\"ListItem\",\"position\":2,\"name\":\"Boutique\",\"item\":\"https:\\\/\\\/ecosupplements.be\\\/fr\\\/boutique\\\/\"},{\"@type\":\"ListItem\",\"position\":3,\"name\":\"Complexe de Collag\u00e8ne PANASEUS (50 g\u00e9lules)\"}]},{\"@type\":\"WebSite\",\"@id\":\"https:\\\/\\\/ecosupplements.be\\\/fr\\\/#website\",\"url\":\"https:\\\/\\\/ecosupplements.be\\\/fr\\\/\",\"name\":\"ECO Supplements\",\"description\":\"Eco Supplements - Gezonde supplementen\",\"publisher\":{\"@id\":\"https:\\\/\\\/ecosupplements.be\\\/fr\\\/#organization\"},\"potentialAction\":[{\"@type\":\"SearchAction\",\"target\":{\"@type\":\"EntryPoint\",\"urlTemplate\":\"https:\\\/\\\/ecosupplements.be\\\/fr\\\/?s={search_term_string}\"},\"query-input\":{\"@type\":\"PropertyValueSpecification\",\"valueRequired\":true,\"valueName\":\"search_term_string\"}}],\"inLanguage\":\"fr-FR\"},{\"@type\":\"Organization\",\"@id\":\"https:\\\/\\\/ecosupplements.be\\\/fr\\\/#organization\",\"name\":\"Eco Supplements\",\"url\":\"https:\\\/\\\/ecosupplements.be\\\/fr\\\/\",\"logo\":{\"@type\":\"ImageObject\",\"inLanguage\":\"fr-FR\",\"@id\":\"https:\\\/\\\/ecosupplements.be\\\/fr\\\/#\\\/schema\\\/logo\\\/image\\\/\",\"url\":\"https:\\\/\\\/ecosupplements.be\\\/wp-content\\\/uploads\\\/2022\\\/06\\\/ecosupplement-family.png\",\"contentUrl\":\"https:\\\/\\\/ecosupplements.be\\\/wp-content\\\/uploads\\\/2022\\\/06\\\/ecosupplement-family.png\",\"width\":593,\"height\":374,\"caption\":\"Eco Supplements\"},\"image\":{\"@id\":\"https:\\\/\\\/ecosupplements.be\\\/fr\\\/#\\\/schema\\\/logo\\\/image\\\/\"}}]}<\/script>\n<meta property=\"product:brand\" content=\"Panaseus\" \/>\n<meta property=\"product:price:amount\" content=\"11.66\" \/>\n<meta property=\"product:price:currency\" content=\"EUR\" \/>\n<meta property=\"og:availability\" content=\"instock\" \/>\n<meta property=\"product:availability\" content=\"instock\" \/>\n<meta property=\"product:retailer_item_id\" content=\"5904194061333\" \/>\n<meta property=\"product:condition\" content=\"new\" \/>\n<!-- \/ Yoast SEO Premium plugin. -->","yoast_head_json":{"title":"Complexe de Collag\u00e8ne PANASEUS (50 g\u00e9lules) - ECO Supplements","description":"Wij hebben een ruime keuze aan producten van Complexe de Collag\u00e8ne PANASEUS (50 g\u00e9lules) . Winkel bij Eco Supplements altijd gratis verzending boven 100\u20ac","robots":{"index":"index","follow":"follow","max-snippet":"max-snippet:-1","max-image-preview":"max-image-preview:large","max-video-preview":"max-video-preview:-1"},"canonical":"https:\/\/ecosupplements.be\/fr\/produit\/panaseus-collagen-complex-50-caps\/","og_locale":"fr_FR","og_type":"article","og_title":"Complexe de Collag\u00e8ne PANASEUS (50 g\u00e9lules)","og_description":"Wij hebben een ruime keuze aan producten van Complexe de Collag\u00e8ne PANASEUS (50 g\u00e9lules) . Winkel bij Eco Supplements altijd gratis verzending boven 100\u20ac","og_url":"https:\/\/ecosupplements.be\/fr\/produit\/panaseus-collagen-complex-50-caps\/","og_site_name":"ECO Supplements","article_modified_time":"2025-08-28T02:44:42+00:00","og_image":[{"width":800,"height":800,"url":"https:\/\/ecosupplements.be\/wp-content\/uploads\/2025\/08\/Panaseus-PANASEUS-Collagen-Complex-50-caps.jpg","type":"image\/jpeg"}],"twitter_card":"summary_large_image","twitter_misc":{"Prix":"11.66&nbsp;&euro;","Disponibilit\u00e9":"En stock"},"schema":{"@context":"https:\/\/schema.org","@graph":[{"@type":["WebPage","ItemPage"],"@id":"https:\/\/ecosupplements.be\/fr\/produit\/panaseus-collagen-complex-50-caps\/","url":"https:\/\/ecosupplements.be\/fr\/produit\/panaseus-collagen-complex-50-caps\/","name":"Complexe de Collag\u00e8ne PANASEUS (50 g\u00e9lules) - ECO Supplements","isPartOf":{"@id":"https:\/\/ecosupplements.be\/fr\/#website"},"primaryImageOfPage":{"@id":"https:\/\/ecosupplements.be\/fr\/produit\/panaseus-collagen-complex-50-caps\/#primaryimage"},"image":{"@id":"https:\/\/ecosupplements.be\/fr\/produit\/panaseus-collagen-complex-50-caps\/#primaryimage"},"thumbnailUrl":"https:\/\/ecosupplements.be\/wp-content\/uploads\/2025\/08\/PANASEUS-Collagen-Complex-50-caps.jpg","datePublished":"2025-07-26T15:30:21+00:00","dateModified":"2025-08-28T02:44:42+00:00","description":"Wij hebben een ruime keuze aan producten van Complexe de Collag\u00e8ne PANASEUS (50 g\u00e9lules) . Winkel bij Eco Supplements altijd gratis verzending boven 100\u20ac","breadcrumb":{"@id":"https:\/\/ecosupplements.be\/fr\/produit\/panaseus-collagen-complex-50-caps\/#breadcrumb"},"inLanguage":"fr-FR","potentialAction":[{"@type":"ReadAction","target":["https:\/\/ecosupplements.be\/fr\/produit\/panaseus-collagen-complex-50-caps\/"]}]},{"@type":"ImageObject","inLanguage":"fr-FR","@id":"https:\/\/ecosupplements.be\/fr\/produit\/panaseus-collagen-complex-50-caps\/#primaryimage","url":"https:\/\/ecosupplements.be\/wp-content\/uploads\/2025\/08\/PANASEUS-Collagen-Complex-50-caps.jpg","contentUrl":"https:\/\/ecosupplements.be\/wp-content\/uploads\/2025\/08\/PANASEUS-Collagen-Complex-50-caps.jpg","width":800,"height":800},{"@type":"BreadcrumbList","@id":"https:\/\/ecosupplements.be\/fr\/produit\/panaseus-collagen-complex-50-caps\/#breadcrumb","itemListElement":[{"@type":"ListItem","position":1,"name":"Home","item":"https:\/\/ecosupplements.be\/fr\/"},{"@type":"ListItem","position":2,"name":"Boutique","item":"https:\/\/ecosupplements.be\/fr\/boutique\/"},{"@type":"ListItem","position":3,"name":"Complexe de Collag\u00e8ne PANASEUS (50 g\u00e9lules)"}]},{"@type":"WebSite","@id":"https:\/\/ecosupplements.be\/fr\/#website","url":"https:\/\/ecosupplements.be\/fr\/","name":"ECO Supplements","description":"Eco Supplements - Gezonde supplementen","publisher":{"@id":"https:\/\/ecosupplements.be\/fr\/#organization"},"potentialAction":[{"@type":"SearchAction","target":{"@type":"EntryPoint","urlTemplate":"https:\/\/ecosupplements.be\/fr\/?s={search_term_string}"},"query-input":{"@type":"PropertyValueSpecification","valueRequired":true,"valueName":"search_term_string"}}],"inLanguage":"fr-FR"},{"@type":"Organization","@id":"https:\/\/ecosupplements.be\/fr\/#organization","name":"Eco Supplements","url":"https:\/\/ecosupplements.be\/fr\/","logo":{"@type":"ImageObject","inLanguage":"fr-FR","@id":"https:\/\/ecosupplements.be\/fr\/#\/schema\/logo\/image\/","url":"https:\/\/ecosupplements.be\/wp-content\/uploads\/2022\/06\/ecosupplement-family.png","contentUrl":"https:\/\/ecosupplements.be\/wp-content\/uploads\/2022\/06\/ecosupplement-family.png","width":593,"height":374,"caption":"Eco Supplements"},"image":{"@id":"https:\/\/ecosupplements.be\/fr\/#\/schema\/logo\/image\/"}}]},"product_brand":"Panaseus","product_price_amount":"11.66","product_price_currency":"EUR","og_availability":"instock","product_availability":"instock","product_retailer_item_id":"5904194061333","product_condition":"new"},"_links":{"self":[{"href":"https:\/\/ecosupplements.be\/fr\/wp-json\/wp\/v2\/product\/302805","targetHints":{"allow":["GET"]}}],"collection":[{"href":"https:\/\/ecosupplements.be\/fr\/wp-json\/wp\/v2\/product"}],"about":[{"href":"https:\/\/ecosupplements.be\/fr\/wp-json\/wp\/v2\/types\/product"}],"replies":[{"embeddable":true,"href":"https:\/\/ecosupplements.be\/fr\/wp-json\/wp\/v2\/comments?post=302805"}],"wp:featuredmedia":[{"embeddable":true,"href":"https:\/\/ecosupplements.be\/fr\/wp-json\/wp\/v2\/media\/276945"}],"wp:attachment":[{"href":"https:\/\/ecosupplements.be\/fr\/wp-json\/wp\/v2\/media?parent=302805"}],"wp:term":[{"taxonomy":"product_brand","embeddable":true,"href":"https:\/\/ecosupplements.be\/fr\/wp-json\/wp\/v2\/product_brand?post=302805"},{"taxonomy":"product_cat","embeddable":true,"href":"https:\/\/ecosupplements.be\/fr\/wp-json\/wp\/v2\/product_cat?post=302805"},{"taxonomy":"product_tag","embeddable":true,"href":"https:\/\/ecosupplements.be\/fr\/wp-json\/wp\/v2\/product_tag?post=302805"}],"curies":[{"name":"wp","href":"https:\/\/api.w.org\/{rel}","templated":true}]}}