{"id":302901,"date":"2025-07-26T18:30:19","date_gmt":"2025-07-26T17:30:19","guid":{"rendered":"https:\/\/ecosupplements.be\/product\/panaseus-thermogenesis-50-caps\/"},"modified":"2025-08-28T03:46:36","modified_gmt":"2025-08-28T02:46:36","slug":"panaseus-thermogenesis-50-caps","status":"publish","type":"product","link":"https:\/\/ecosupplements.be\/fr\/produit\/panaseus-thermogenesis-50-caps\/","title":{"rendered":"PANASEUS Thermogen\u00e8se (50 g\u00e9lules)"},"content":{"rendered":"<h2>PANASEUS Thermogenesis (50 caps)<\/h2>\n<p>D\u00e9couvrez PANASEUS Thermogenesis, un produit con\u00e7u avec des ingr\u00e9dients d&#8217;origine naturelle pour s&#8217;int\u00e9grer harmonieusement \u00e0 votre quotidien. Chaque capsule est formul\u00e9e \u00e0 partir de composants soigneusement s\u00e9lectionn\u00e9s pour leur puret\u00e9 et leur qualit\u00e9.<\/p>\n<h3>Ingr\u00e9dients principaux<\/h3>\n<ul>\n<li>L-carnitine<\/li>\n<li>Extrait de feuilles de th\u00e9 vert (Camellia sinensis), riche en polyph\u00e9nols, cat\u00e9chines et EGCG<\/li>\n<li>Choline bitartrate<\/li>\n<li>Extrait de graines de guarana (Paullinia cupana) concentr\u00e9 10:1<\/li>\n<li>Extrait de cannelle de Ceylan (Cinnamomum verum) concentr\u00e9 10:1<\/li>\n<li>Extrait d&#8217;gingembre (Zingiber officinale) concentr\u00e9 10:1<\/li>\n<li>Extrait de graines de chardon-Marie (Silybum marianum), standardis\u00e9 en silymarine et silybine<\/li>\n<li>Extrait du fruit du piment cayenne concentr\u00e9 10:1 &lt;\/lIi\n<li>Mio-inositol &lt;\/lIi\n<li>Coleus forskohii &#8211; Extrait racinaire concentr\u00e9 &lt;\/lIi\n<li>BioPerine\u00ae &#8211; Extrait du fruit du poivre noir, riche en pip\u00e9rine &lt;\/lIi\n<ul>\n<h3>Description d\u00e9taill\u00e9e:<\/h3>\n<p>Ce produit se pr\u00e9sente sous forme d&#8217;une bo\u00eete contenant cinquante capsules v\u00e9g\u00e9tariennes faciles \u00e0 ing\u00e9rer. La recommandation est simple : une capsule par jour avec beaucoup d&#8217;eau apr\u00e8s le premier repas.<\/p>\n<h4>Note :<\/h4>\n<p>Pour une utilisation optimale, il est conseill\u00e9 aux personnes sous m\u00e9dication ou ayant des conditions particuli\u00e8res, ainsi qu&#8217;aux femmes enceintes ou allaitantes, de consulter un professionnel avant utilisation. Ce produit doit \u00eatre conserv\u00e9 dans un endroit sec et sombre \u00e0 temp\u00e9rature ambiante.<\/p>\n<p>PANASEUS Thermogenesis est exempt de m\u00e9taux lourds tels que l&#8217;arsenic, le cadmium, le plomb ou le mercure.<\/p>\n<p>Avec PANASEUS Thermogenesis int\u00e9grez facilement la qualit\u00e9 et la naturalit\u00e9 dans votre routine quotidienne!<\/p>\n","protected":false},"excerpt":{"rendered":"<p>PANASEUS Thermogenesis (50 caps) D\u00e9couvrez PANASEUS Thermogenesis, un produit con\u00e7u avec des ingr\u00e9dients d&#8217;origine naturelle pour s&#8217;int\u00e9grer harmonieusement \u00e0 votre quotidien. Chaque capsule est formul\u00e9e \u00e0 partir de composants soigneusement s\u00e9lectionn\u00e9s pour leur puret\u00e9 et leur qualit\u00e9. Ingr\u00e9dients principaux L-carnitine Extrait de feuilles de th\u00e9 vert (Camellia sinensis), riche en polyph\u00e9nols, cat\u00e9chines et EGCG Choline [&#8230;]\n","protected":false},"featured_media":277041,"comment_status":"closed","ping_status":"open","template":"","meta":[],"product_brand":[5379],"product_cat":[5053],"product_tag":[],"class_list":{"0":"post-302901","1":"product","2":"type-product","3":"status-publish","4":"has-post-thumbnail","6":"product_brand-panaseus-2","7":"product_cat-vitamines-et-mineraux","9":"first","10":"instock","11":"taxable","12":"shipping-taxable","13":"purchasable","14":"product-type-simple"},"yoast_head":"<!-- This site is optimized with the Yoast SEO Premium plugin v27.5 (Yoast SEO v27.5) - https:\/\/yoast.com\/product\/yoast-seo-premium-wordpress\/ -->\n<title>PANASEUS Thermogen\u00e8se (50 g\u00e9lules) - ECO Supplements<\/title>\n<meta name=\"description\" content=\"Wij hebben een ruime keuze aan producten van PANASEUS Thermogen\u00e8se (50 g\u00e9lules) . Winkel bij Eco Supplements altijd gratis verzending boven 100\u20ac\" \/>\n<meta name=\"robots\" content=\"index, follow, max-snippet:-1, max-image-preview:large, max-video-preview:-1\" \/>\n<link rel=\"canonical\" href=\"https:\/\/ecosupplements.be\/fr\/produit\/panaseus-thermogenesis-50-caps\/\" \/>\n<meta property=\"og:locale\" content=\"fr_FR\" \/>\n<meta property=\"og:type\" content=\"article\" \/>\n<meta property=\"og:title\" content=\"PANASEUS Thermogen\u00e8se (50 g\u00e9lules)\" \/>\n<meta property=\"og:description\" content=\"Wij hebben een ruime keuze aan producten van PANASEUS Thermogen\u00e8se (50 g\u00e9lules) . Winkel bij Eco Supplements altijd gratis verzending boven 100\u20ac\" \/>\n<meta property=\"og:url\" content=\"https:\/\/ecosupplements.be\/fr\/produit\/panaseus-thermogenesis-50-caps\/\" \/>\n<meta property=\"og:site_name\" content=\"ECO Supplements\" \/>\n<meta property=\"article:modified_time\" content=\"2025-08-28T02:46:36+00:00\" \/>\n<meta property=\"og:image\" content=\"https:\/\/ecosupplements.be\/wp-content\/uploads\/2025\/08\/Panaseus-PANASEUS-Thermogenesis-50-caps.jpg\" \/>\n\t<meta property=\"og:image:width\" content=\"1000\" \/>\n\t<meta property=\"og:image:height\" content=\"1243\" \/>\n\t<meta property=\"og:image:type\" content=\"image\/jpeg\" \/>\n<meta name=\"twitter:card\" content=\"summary_large_image\" \/>\n<meta name=\"twitter:label1\" content=\"Prix\" \/>\n\t<meta name=\"twitter:data1\" content=\"11.45&nbsp;&euro;\" \/>\n\t<meta name=\"twitter:label2\" content=\"Disponibilit\u00e9\" \/>\n\t<meta name=\"twitter:data2\" content=\"En stock\" \/>\n<script type=\"application\/ld+json\" class=\"yoast-schema-graph\">{\"@context\":\"https:\\\/\\\/schema.org\",\"@graph\":[{\"@type\":[\"WebPage\",\"ItemPage\"],\"@id\":\"https:\\\/\\\/ecosupplements.be\\\/fr\\\/produit\\\/panaseus-thermogenesis-50-caps\\\/\",\"url\":\"https:\\\/\\\/ecosupplements.be\\\/fr\\\/produit\\\/panaseus-thermogenesis-50-caps\\\/\",\"name\":\"PANASEUS Thermogen\u00e8se (50 g\u00e9lules) - ECO Supplements\",\"isPartOf\":{\"@id\":\"https:\\\/\\\/ecosupplements.be\\\/fr\\\/#website\"},\"primaryImageOfPage\":{\"@id\":\"https:\\\/\\\/ecosupplements.be\\\/fr\\\/produit\\\/panaseus-thermogenesis-50-caps\\\/#primaryimage\"},\"image\":{\"@id\":\"https:\\\/\\\/ecosupplements.be\\\/fr\\\/produit\\\/panaseus-thermogenesis-50-caps\\\/#primaryimage\"},\"thumbnailUrl\":\"https:\\\/\\\/ecosupplements.be\\\/wp-content\\\/uploads\\\/2025\\\/08\\\/PANASEUS-Thermogenesis-50-caps.jpg\",\"datePublished\":\"2025-07-26T17:30:19+00:00\",\"dateModified\":\"2025-08-28T02:46:36+00:00\",\"description\":\"Wij hebben een ruime keuze aan producten van PANASEUS Thermogen\u00e8se (50 g\u00e9lules) . Winkel bij Eco Supplements altijd gratis verzending boven 100\u20ac\",\"breadcrumb\":{\"@id\":\"https:\\\/\\\/ecosupplements.be\\\/fr\\\/produit\\\/panaseus-thermogenesis-50-caps\\\/#breadcrumb\"},\"inLanguage\":\"fr-FR\",\"potentialAction\":[{\"@type\":\"ReadAction\",\"target\":[\"https:\\\/\\\/ecosupplements.be\\\/fr\\\/produit\\\/panaseus-thermogenesis-50-caps\\\/\"]}]},{\"@type\":\"ImageObject\",\"inLanguage\":\"fr-FR\",\"@id\":\"https:\\\/\\\/ecosupplements.be\\\/fr\\\/produit\\\/panaseus-thermogenesis-50-caps\\\/#primaryimage\",\"url\":\"https:\\\/\\\/ecosupplements.be\\\/wp-content\\\/uploads\\\/2025\\\/08\\\/PANASEUS-Thermogenesis-50-caps.jpg\",\"contentUrl\":\"https:\\\/\\\/ecosupplements.be\\\/wp-content\\\/uploads\\\/2025\\\/08\\\/PANASEUS-Thermogenesis-50-caps.jpg\",\"width\":1000,\"height\":1243},{\"@type\":\"BreadcrumbList\",\"@id\":\"https:\\\/\\\/ecosupplements.be\\\/fr\\\/produit\\\/panaseus-thermogenesis-50-caps\\\/#breadcrumb\",\"itemListElement\":[{\"@type\":\"ListItem\",\"position\":1,\"name\":\"Home\",\"item\":\"https:\\\/\\\/ecosupplements.be\\\/fr\\\/\"},{\"@type\":\"ListItem\",\"position\":2,\"name\":\"Boutique\",\"item\":\"https:\\\/\\\/ecosupplements.be\\\/fr\\\/boutique\\\/\"},{\"@type\":\"ListItem\",\"position\":3,\"name\":\"PANASEUS Thermogen\u00e8se (50 g\u00e9lules)\"}]},{\"@type\":\"WebSite\",\"@id\":\"https:\\\/\\\/ecosupplements.be\\\/fr\\\/#website\",\"url\":\"https:\\\/\\\/ecosupplements.be\\\/fr\\\/\",\"name\":\"ECO Supplements\",\"description\":\"Eco Supplements - Gezonde supplementen\",\"publisher\":{\"@id\":\"https:\\\/\\\/ecosupplements.be\\\/fr\\\/#organization\"},\"potentialAction\":[{\"@type\":\"SearchAction\",\"target\":{\"@type\":\"EntryPoint\",\"urlTemplate\":\"https:\\\/\\\/ecosupplements.be\\\/fr\\\/?s={search_term_string}\"},\"query-input\":{\"@type\":\"PropertyValueSpecification\",\"valueRequired\":true,\"valueName\":\"search_term_string\"}}],\"inLanguage\":\"fr-FR\"},{\"@type\":\"Organization\",\"@id\":\"https:\\\/\\\/ecosupplements.be\\\/fr\\\/#organization\",\"name\":\"Eco Supplements\",\"url\":\"https:\\\/\\\/ecosupplements.be\\\/fr\\\/\",\"logo\":{\"@type\":\"ImageObject\",\"inLanguage\":\"fr-FR\",\"@id\":\"https:\\\/\\\/ecosupplements.be\\\/fr\\\/#\\\/schema\\\/logo\\\/image\\\/\",\"url\":\"https:\\\/\\\/ecosupplements.be\\\/wp-content\\\/uploads\\\/2022\\\/06\\\/ecosupplement-family.png\",\"contentUrl\":\"https:\\\/\\\/ecosupplements.be\\\/wp-content\\\/uploads\\\/2022\\\/06\\\/ecosupplement-family.png\",\"width\":593,\"height\":374,\"caption\":\"Eco Supplements\"},\"image\":{\"@id\":\"https:\\\/\\\/ecosupplements.be\\\/fr\\\/#\\\/schema\\\/logo\\\/image\\\/\"}}]}<\/script>\n<meta property=\"product:brand\" content=\"Panaseus\" \/>\n<meta property=\"product:price:amount\" content=\"11.45\" \/>\n<meta property=\"product:price:currency\" content=\"EUR\" \/>\n<meta property=\"og:availability\" content=\"instock\" \/>\n<meta property=\"product:availability\" content=\"instock\" \/>\n<meta property=\"product:retailer_item_id\" content=\"5904194062644\" \/>\n<meta property=\"product:condition\" content=\"new\" \/>\n<!-- \/ Yoast SEO Premium plugin. -->","yoast_head_json":{"title":"PANASEUS Thermogen\u00e8se (50 g\u00e9lules) - ECO Supplements","description":"Wij hebben een ruime keuze aan producten van PANASEUS Thermogen\u00e8se (50 g\u00e9lules) . Winkel bij Eco Supplements altijd gratis verzending boven 100\u20ac","robots":{"index":"index","follow":"follow","max-snippet":"max-snippet:-1","max-image-preview":"max-image-preview:large","max-video-preview":"max-video-preview:-1"},"canonical":"https:\/\/ecosupplements.be\/fr\/produit\/panaseus-thermogenesis-50-caps\/","og_locale":"fr_FR","og_type":"article","og_title":"PANASEUS Thermogen\u00e8se (50 g\u00e9lules)","og_description":"Wij hebben een ruime keuze aan producten van PANASEUS Thermogen\u00e8se (50 g\u00e9lules) . Winkel bij Eco Supplements altijd gratis verzending boven 100\u20ac","og_url":"https:\/\/ecosupplements.be\/fr\/produit\/panaseus-thermogenesis-50-caps\/","og_site_name":"ECO Supplements","article_modified_time":"2025-08-28T02:46:36+00:00","og_image":[{"width":1000,"height":1243,"url":"https:\/\/ecosupplements.be\/wp-content\/uploads\/2025\/08\/Panaseus-PANASEUS-Thermogenesis-50-caps.jpg","type":"image\/jpeg"}],"twitter_card":"summary_large_image","twitter_misc":{"Prix":"11.45&nbsp;&euro;","Disponibilit\u00e9":"En stock"},"schema":{"@context":"https:\/\/schema.org","@graph":[{"@type":["WebPage","ItemPage"],"@id":"https:\/\/ecosupplements.be\/fr\/produit\/panaseus-thermogenesis-50-caps\/","url":"https:\/\/ecosupplements.be\/fr\/produit\/panaseus-thermogenesis-50-caps\/","name":"PANASEUS Thermogen\u00e8se (50 g\u00e9lules) - ECO Supplements","isPartOf":{"@id":"https:\/\/ecosupplements.be\/fr\/#website"},"primaryImageOfPage":{"@id":"https:\/\/ecosupplements.be\/fr\/produit\/panaseus-thermogenesis-50-caps\/#primaryimage"},"image":{"@id":"https:\/\/ecosupplements.be\/fr\/produit\/panaseus-thermogenesis-50-caps\/#primaryimage"},"thumbnailUrl":"https:\/\/ecosupplements.be\/wp-content\/uploads\/2025\/08\/PANASEUS-Thermogenesis-50-caps.jpg","datePublished":"2025-07-26T17:30:19+00:00","dateModified":"2025-08-28T02:46:36+00:00","description":"Wij hebben een ruime keuze aan producten van PANASEUS Thermogen\u00e8se (50 g\u00e9lules) . Winkel bij Eco Supplements altijd gratis verzending boven 100\u20ac","breadcrumb":{"@id":"https:\/\/ecosupplements.be\/fr\/produit\/panaseus-thermogenesis-50-caps\/#breadcrumb"},"inLanguage":"fr-FR","potentialAction":[{"@type":"ReadAction","target":["https:\/\/ecosupplements.be\/fr\/produit\/panaseus-thermogenesis-50-caps\/"]}]},{"@type":"ImageObject","inLanguage":"fr-FR","@id":"https:\/\/ecosupplements.be\/fr\/produit\/panaseus-thermogenesis-50-caps\/#primaryimage","url":"https:\/\/ecosupplements.be\/wp-content\/uploads\/2025\/08\/PANASEUS-Thermogenesis-50-caps.jpg","contentUrl":"https:\/\/ecosupplements.be\/wp-content\/uploads\/2025\/08\/PANASEUS-Thermogenesis-50-caps.jpg","width":1000,"height":1243},{"@type":"BreadcrumbList","@id":"https:\/\/ecosupplements.be\/fr\/produit\/panaseus-thermogenesis-50-caps\/#breadcrumb","itemListElement":[{"@type":"ListItem","position":1,"name":"Home","item":"https:\/\/ecosupplements.be\/fr\/"},{"@type":"ListItem","position":2,"name":"Boutique","item":"https:\/\/ecosupplements.be\/fr\/boutique\/"},{"@type":"ListItem","position":3,"name":"PANASEUS Thermogen\u00e8se (50 g\u00e9lules)"}]},{"@type":"WebSite","@id":"https:\/\/ecosupplements.be\/fr\/#website","url":"https:\/\/ecosupplements.be\/fr\/","name":"ECO Supplements","description":"Eco Supplements - Gezonde supplementen","publisher":{"@id":"https:\/\/ecosupplements.be\/fr\/#organization"},"potentialAction":[{"@type":"SearchAction","target":{"@type":"EntryPoint","urlTemplate":"https:\/\/ecosupplements.be\/fr\/?s={search_term_string}"},"query-input":{"@type":"PropertyValueSpecification","valueRequired":true,"valueName":"search_term_string"}}],"inLanguage":"fr-FR"},{"@type":"Organization","@id":"https:\/\/ecosupplements.be\/fr\/#organization","name":"Eco Supplements","url":"https:\/\/ecosupplements.be\/fr\/","logo":{"@type":"ImageObject","inLanguage":"fr-FR","@id":"https:\/\/ecosupplements.be\/fr\/#\/schema\/logo\/image\/","url":"https:\/\/ecosupplements.be\/wp-content\/uploads\/2022\/06\/ecosupplement-family.png","contentUrl":"https:\/\/ecosupplements.be\/wp-content\/uploads\/2022\/06\/ecosupplement-family.png","width":593,"height":374,"caption":"Eco Supplements"},"image":{"@id":"https:\/\/ecosupplements.be\/fr\/#\/schema\/logo\/image\/"}}]},"product_brand":"Panaseus","product_price_amount":"11.45","product_price_currency":"EUR","og_availability":"instock","product_availability":"instock","product_retailer_item_id":"5904194062644","product_condition":"new"},"_links":{"self":[{"href":"https:\/\/ecosupplements.be\/fr\/wp-json\/wp\/v2\/product\/302901","targetHints":{"allow":["GET"]}}],"collection":[{"href":"https:\/\/ecosupplements.be\/fr\/wp-json\/wp\/v2\/product"}],"about":[{"href":"https:\/\/ecosupplements.be\/fr\/wp-json\/wp\/v2\/types\/product"}],"replies":[{"embeddable":true,"href":"https:\/\/ecosupplements.be\/fr\/wp-json\/wp\/v2\/comments?post=302901"}],"wp:featuredmedia":[{"embeddable":true,"href":"https:\/\/ecosupplements.be\/fr\/wp-json\/wp\/v2\/media\/277041"}],"wp:attachment":[{"href":"https:\/\/ecosupplements.be\/fr\/wp-json\/wp\/v2\/media?parent=302901"}],"wp:term":[{"taxonomy":"product_brand","embeddable":true,"href":"https:\/\/ecosupplements.be\/fr\/wp-json\/wp\/v2\/product_brand?post=302901"},{"taxonomy":"product_cat","embeddable":true,"href":"https:\/\/ecosupplements.be\/fr\/wp-json\/wp\/v2\/product_cat?post=302901"},{"taxonomy":"product_tag","embeddable":true,"href":"https:\/\/ecosupplements.be\/fr\/wp-json\/wp\/v2\/product_tag?post=302901"}],"curies":[{"name":"wp","href":"https:\/\/api.w.org\/{rel}","templated":true}]}}