{"id":302946,"date":"2025-07-26T19:15:13","date_gmt":"2025-07-26T18:15:13","guid":{"rendered":"https:\/\/ecosupplements.be\/product\/perma-guard-diatomit-vita-diatomite-fossil-shell-flour-200-g\/"},"modified":"2025-08-28T03:47:29","modified_gmt":"2025-08-28T02:47:29","slug":"perma-guard-diatomit-vita-diatomite-fossil-shell-flour-200-g","status":"publish","type":"product","link":"https:\/\/ecosupplements.be\/fr\/produit\/perma-guard-diatomit-vita-diatomite-fossil-shell-flour-200-g\/","title":{"rendered":"PERMA-GUARD Diatomite Vita &#8211; Farine de coquilles de fossiles de diatom\u00e9es (200 g)"},"content":{"rendered":"<div>\n<h2>PERMA-GUARD Diatomit Vita &#8211; Diatomite Fossil shell Flour (200 g)<\/h2>\n<p>D\u00e9couvrez la diatomite de haute qualit\u00e9, une forme naturelle d&#8217;amorphe de terre de diatom\u00e9e issue des d\u00e9p\u00f4ts fossilis\u00e9s des diatom\u00e9es Melosira Preicelanica. Ces diatom\u00e9es proviennent d&#8217;environnements d&#8217;eau douce extr\u00eamement purs, garantissant un produit de grande puret\u00e9.<\/p>\n<h3>Caract\u00e9ristiques du produit :<\/h3>\n<ul>\n<li>Origine naturelle avec une teneur en silice de 92% (SiO2).<\/li>\n<li>Fourni par Perma-Guard Europe,leader mondial reconnu pour sa terre de diatom\u00e9e alimentaire pure.<\/li>\n<li>Format pratique en poudre facile \u00e0 m\u00e9langer avec l&#8217;eau ou d&#8217;autres boissons.<\/li>\n<\/ul>\n<h3>Utilisation :<\/h3>\n<p>Ce produit est simple \u00e0 utiliser au quotidien.Pour les adultes : ajoutez une mesure (3g) dans un verre,versez de l&#8217;eau ou une autre boisson et m\u00e9langez bien avant de consommer. La suspension cr\u00e9\u00e9e doit \u00eatre bue imm\u00e9diatement.<\/p>\n<h3>Contenu et emballage :<\/h3>\n<p>Ce paquet contient 200 g de terre de diatom\u00e9e amorphe sous forme de poudre, conditionn\u00e9e dans un emballage qui pr\u00e9serve sa fra\u00eecheur et sa puret\u00e9.<\/p>\n<h4>Conservation :<\/h4>\n<p><\/p>\n<p>Gardez le produit dans son emballage original bien ferm\u00e9,\u00e0 l&#8217;abri dans un endroit sec et \u00e0 temp\u00e9rature ambiante. Assurez-vous qu&#8217;il reste hors de port\u00e9e des enfants.<\/p>\n<\/div>\n","protected":false},"excerpt":{"rendered":"<p>PERMA-GUARD Diatomit Vita &#8211; Diatomite Fossil shell Flour (200 g) D\u00e9couvrez la diatomite de haute qualit\u00e9, une forme naturelle d&#8217;amorphe de terre de diatom\u00e9e issue des d\u00e9p\u00f4ts fossilis\u00e9s des diatom\u00e9es Melosira Preicelanica. Ces diatom\u00e9es proviennent d&#8217;environnements d&#8217;eau douce extr\u00eamement purs, garantissant un produit de grande puret\u00e9. Caract\u00e9ristiques du produit : Origine naturelle avec une teneur [&#8230;]\n","protected":false},"featured_media":277086,"comment_status":"closed","ping_status":"open","template":"","meta":[],"product_brand":[5381],"product_cat":[5064,5053],"product_tag":[],"class_list":{"0":"post-302946","1":"product","2":"type-product","3":"status-publish","4":"has-post-thumbnail","6":"product_brand-perma-guard-2","7":"product_cat-mineraux-simples","8":"product_cat-vitamines-et-mineraux","10":"first","11":"instock","12":"taxable","13":"shipping-taxable","14":"purchasable","15":"product-type-simple"},"yoast_head":"<!-- This site is optimized with the Yoast SEO Premium plugin v27.5 (Yoast SEO v27.5) - https:\/\/yoast.com\/product\/yoast-seo-premium-wordpress\/ -->\n<title>PERMA-GUARD Diatomite Vita - Farine de coquilles de fossiles de diatom\u00e9es (200 g) - ECO Supplements<\/title>\n<meta name=\"description\" content=\"Wij hebben een ruime keuze aan producten van PERMA-GUARD Diatomite Vita - Farine de coquilles de fossiles de diatom\u00e9es (200 g) . Winkel bij Eco Supplements altijd gratis verzending boven 100\u20ac\" \/>\n<meta name=\"robots\" content=\"index, follow, max-snippet:-1, max-image-preview:large, max-video-preview:-1\" \/>\n<link rel=\"canonical\" href=\"https:\/\/ecosupplements.be\/fr\/produit\/perma-guard-diatomit-vita-diatomite-fossil-shell-flour-200-g\/\" \/>\n<meta property=\"og:locale\" content=\"fr_FR\" \/>\n<meta property=\"og:type\" content=\"article\" \/>\n<meta property=\"og:title\" content=\"PERMA-GUARD Diatomite Vita - Farine de coquilles de fossiles de diatom\u00e9es (200 g)\" \/>\n<meta property=\"og:description\" content=\"Wij hebben een ruime keuze aan producten van PERMA-GUARD Diatomite Vita - Farine de coquilles de fossiles de diatom\u00e9es (200 g) . Winkel bij Eco Supplements altijd gratis verzending boven 100\u20ac\" \/>\n<meta property=\"og:url\" content=\"https:\/\/ecosupplements.be\/fr\/produit\/perma-guard-diatomit-vita-diatomite-fossil-shell-flour-200-g\/\" \/>\n<meta property=\"og:site_name\" content=\"ECO Supplements\" \/>\n<meta property=\"article:modified_time\" content=\"2025-08-28T02:47:29+00:00\" \/>\n<meta property=\"og:image\" content=\"https:\/\/ecosupplements.be\/wp-content\/uploads\/2025\/08\/Perma-Guard-PERMA-GUARD-Diatomit-Vita-Diatomite-Fossil-Shell-Flour-200-g.jpg\" \/>\n\t<meta property=\"og:image:width\" content=\"748\" \/>\n\t<meta property=\"og:image:height\" content=\"742\" \/>\n\t<meta property=\"og:image:type\" content=\"image\/jpeg\" \/>\n<meta name=\"twitter:card\" content=\"summary_large_image\" \/>\n<meta name=\"twitter:label1\" content=\"Prix\" \/>\n\t<meta name=\"twitter:data1\" content=\"5.84&nbsp;&euro;\" \/>\n\t<meta name=\"twitter:label2\" content=\"Disponibilit\u00e9\" \/>\n\t<meta name=\"twitter:data2\" content=\"En stock\" \/>\n<script type=\"application\/ld+json\" class=\"yoast-schema-graph\">{\"@context\":\"https:\\\/\\\/schema.org\",\"@graph\":[{\"@type\":[\"WebPage\",\"ItemPage\"],\"@id\":\"https:\\\/\\\/ecosupplements.be\\\/fr\\\/produit\\\/perma-guard-diatomit-vita-diatomite-fossil-shell-flour-200-g\\\/\",\"url\":\"https:\\\/\\\/ecosupplements.be\\\/fr\\\/produit\\\/perma-guard-diatomit-vita-diatomite-fossil-shell-flour-200-g\\\/\",\"name\":\"PERMA-GUARD Diatomite Vita - Farine de coquilles de fossiles de diatom\u00e9es (200 g) - ECO Supplements\",\"isPartOf\":{\"@id\":\"https:\\\/\\\/ecosupplements.be\\\/fr\\\/#website\"},\"primaryImageOfPage\":{\"@id\":\"https:\\\/\\\/ecosupplements.be\\\/fr\\\/produit\\\/perma-guard-diatomit-vita-diatomite-fossil-shell-flour-200-g\\\/#primaryimage\"},\"image\":{\"@id\":\"https:\\\/\\\/ecosupplements.be\\\/fr\\\/produit\\\/perma-guard-diatomit-vita-diatomite-fossil-shell-flour-200-g\\\/#primaryimage\"},\"thumbnailUrl\":\"https:\\\/\\\/ecosupplements.be\\\/wp-content\\\/uploads\\\/2025\\\/08\\\/PERMA-GUARD-Diatomit-Vita-Diatomite-Fossil-Shell-Flour-200-g.jpg\",\"datePublished\":\"2025-07-26T18:15:13+00:00\",\"dateModified\":\"2025-08-28T02:47:29+00:00\",\"description\":\"Wij hebben een ruime keuze aan producten van PERMA-GUARD Diatomite Vita - Farine de coquilles de fossiles de diatom\u00e9es (200 g) . Winkel bij Eco Supplements altijd gratis verzending boven 100\u20ac\",\"breadcrumb\":{\"@id\":\"https:\\\/\\\/ecosupplements.be\\\/fr\\\/produit\\\/perma-guard-diatomit-vita-diatomite-fossil-shell-flour-200-g\\\/#breadcrumb\"},\"inLanguage\":\"fr-FR\",\"potentialAction\":[{\"@type\":\"ReadAction\",\"target\":[\"https:\\\/\\\/ecosupplements.be\\\/fr\\\/produit\\\/perma-guard-diatomit-vita-diatomite-fossil-shell-flour-200-g\\\/\"]}]},{\"@type\":\"ImageObject\",\"inLanguage\":\"fr-FR\",\"@id\":\"https:\\\/\\\/ecosupplements.be\\\/fr\\\/produit\\\/perma-guard-diatomit-vita-diatomite-fossil-shell-flour-200-g\\\/#primaryimage\",\"url\":\"https:\\\/\\\/ecosupplements.be\\\/wp-content\\\/uploads\\\/2025\\\/08\\\/PERMA-GUARD-Diatomit-Vita-Diatomite-Fossil-Shell-Flour-200-g.jpg\",\"contentUrl\":\"https:\\\/\\\/ecosupplements.be\\\/wp-content\\\/uploads\\\/2025\\\/08\\\/PERMA-GUARD-Diatomit-Vita-Diatomite-Fossil-Shell-Flour-200-g.jpg\",\"width\":748,\"height\":742},{\"@type\":\"BreadcrumbList\",\"@id\":\"https:\\\/\\\/ecosupplements.be\\\/fr\\\/produit\\\/perma-guard-diatomit-vita-diatomite-fossil-shell-flour-200-g\\\/#breadcrumb\",\"itemListElement\":[{\"@type\":\"ListItem\",\"position\":1,\"name\":\"Home\",\"item\":\"https:\\\/\\\/ecosupplements.be\\\/fr\\\/\"},{\"@type\":\"ListItem\",\"position\":2,\"name\":\"Boutique\",\"item\":\"https:\\\/\\\/ecosupplements.be\\\/fr\\\/boutique\\\/\"},{\"@type\":\"ListItem\",\"position\":3,\"name\":\"PERMA-GUARD Diatomite Vita &#8211; Farine de coquilles de fossiles de diatom\u00e9es (200 g)\"}]},{\"@type\":\"WebSite\",\"@id\":\"https:\\\/\\\/ecosupplements.be\\\/fr\\\/#website\",\"url\":\"https:\\\/\\\/ecosupplements.be\\\/fr\\\/\",\"name\":\"ECO Supplements\",\"description\":\"Eco Supplements - Gezonde supplementen\",\"publisher\":{\"@id\":\"https:\\\/\\\/ecosupplements.be\\\/fr\\\/#organization\"},\"potentialAction\":[{\"@type\":\"SearchAction\",\"target\":{\"@type\":\"EntryPoint\",\"urlTemplate\":\"https:\\\/\\\/ecosupplements.be\\\/fr\\\/?s={search_term_string}\"},\"query-input\":{\"@type\":\"PropertyValueSpecification\",\"valueRequired\":true,\"valueName\":\"search_term_string\"}}],\"inLanguage\":\"fr-FR\"},{\"@type\":\"Organization\",\"@id\":\"https:\\\/\\\/ecosupplements.be\\\/fr\\\/#organization\",\"name\":\"Eco Supplements\",\"url\":\"https:\\\/\\\/ecosupplements.be\\\/fr\\\/\",\"logo\":{\"@type\":\"ImageObject\",\"inLanguage\":\"fr-FR\",\"@id\":\"https:\\\/\\\/ecosupplements.be\\\/fr\\\/#\\\/schema\\\/logo\\\/image\\\/\",\"url\":\"https:\\\/\\\/ecosupplements.be\\\/wp-content\\\/uploads\\\/2022\\\/06\\\/ecosupplement-family.png\",\"contentUrl\":\"https:\\\/\\\/ecosupplements.be\\\/wp-content\\\/uploads\\\/2022\\\/06\\\/ecosupplement-family.png\",\"width\":593,\"height\":374,\"caption\":\"Eco Supplements\"},\"image\":{\"@id\":\"https:\\\/\\\/ecosupplements.be\\\/fr\\\/#\\\/schema\\\/logo\\\/image\\\/\"}}]}<\/script>\n<meta property=\"product:brand\" content=\"Perma-Guard\" \/>\n<meta property=\"product:price:amount\" content=\"5.84\" \/>\n<meta property=\"product:price:currency\" content=\"EUR\" \/>\n<meta property=\"og:availability\" content=\"instock\" \/>\n<meta property=\"product:availability\" content=\"instock\" \/>\n<meta property=\"product:retailer_item_id\" content=\"5906395603206\" \/>\n<meta property=\"product:condition\" content=\"new\" \/>\n<!-- \/ Yoast SEO Premium plugin. -->","yoast_head_json":{"title":"PERMA-GUARD Diatomite Vita - Farine de coquilles de fossiles de diatom\u00e9es (200 g) - ECO Supplements","description":"Wij hebben een ruime keuze aan producten van PERMA-GUARD Diatomite Vita - Farine de coquilles de fossiles de diatom\u00e9es (200 g) . Winkel bij Eco Supplements altijd gratis verzending boven 100\u20ac","robots":{"index":"index","follow":"follow","max-snippet":"max-snippet:-1","max-image-preview":"max-image-preview:large","max-video-preview":"max-video-preview:-1"},"canonical":"https:\/\/ecosupplements.be\/fr\/produit\/perma-guard-diatomit-vita-diatomite-fossil-shell-flour-200-g\/","og_locale":"fr_FR","og_type":"article","og_title":"PERMA-GUARD Diatomite Vita - Farine de coquilles de fossiles de diatom\u00e9es (200 g)","og_description":"Wij hebben een ruime keuze aan producten van PERMA-GUARD Diatomite Vita - Farine de coquilles de fossiles de diatom\u00e9es (200 g) . Winkel bij Eco Supplements altijd gratis verzending boven 100\u20ac","og_url":"https:\/\/ecosupplements.be\/fr\/produit\/perma-guard-diatomit-vita-diatomite-fossil-shell-flour-200-g\/","og_site_name":"ECO Supplements","article_modified_time":"2025-08-28T02:47:29+00:00","og_image":[{"width":748,"height":742,"url":"https:\/\/ecosupplements.be\/wp-content\/uploads\/2025\/08\/Perma-Guard-PERMA-GUARD-Diatomit-Vita-Diatomite-Fossil-Shell-Flour-200-g.jpg","type":"image\/jpeg"}],"twitter_card":"summary_large_image","twitter_misc":{"Prix":"5.84&nbsp;&euro;","Disponibilit\u00e9":"En stock"},"schema":{"@context":"https:\/\/schema.org","@graph":[{"@type":["WebPage","ItemPage"],"@id":"https:\/\/ecosupplements.be\/fr\/produit\/perma-guard-diatomit-vita-diatomite-fossil-shell-flour-200-g\/","url":"https:\/\/ecosupplements.be\/fr\/produit\/perma-guard-diatomit-vita-diatomite-fossil-shell-flour-200-g\/","name":"PERMA-GUARD Diatomite Vita - Farine de coquilles de fossiles de diatom\u00e9es (200 g) - ECO Supplements","isPartOf":{"@id":"https:\/\/ecosupplements.be\/fr\/#website"},"primaryImageOfPage":{"@id":"https:\/\/ecosupplements.be\/fr\/produit\/perma-guard-diatomit-vita-diatomite-fossil-shell-flour-200-g\/#primaryimage"},"image":{"@id":"https:\/\/ecosupplements.be\/fr\/produit\/perma-guard-diatomit-vita-diatomite-fossil-shell-flour-200-g\/#primaryimage"},"thumbnailUrl":"https:\/\/ecosupplements.be\/wp-content\/uploads\/2025\/08\/PERMA-GUARD-Diatomit-Vita-Diatomite-Fossil-Shell-Flour-200-g.jpg","datePublished":"2025-07-26T18:15:13+00:00","dateModified":"2025-08-28T02:47:29+00:00","description":"Wij hebben een ruime keuze aan producten van PERMA-GUARD Diatomite Vita - Farine de coquilles de fossiles de diatom\u00e9es (200 g) . Winkel bij Eco Supplements altijd gratis verzending boven 100\u20ac","breadcrumb":{"@id":"https:\/\/ecosupplements.be\/fr\/produit\/perma-guard-diatomit-vita-diatomite-fossil-shell-flour-200-g\/#breadcrumb"},"inLanguage":"fr-FR","potentialAction":[{"@type":"ReadAction","target":["https:\/\/ecosupplements.be\/fr\/produit\/perma-guard-diatomit-vita-diatomite-fossil-shell-flour-200-g\/"]}]},{"@type":"ImageObject","inLanguage":"fr-FR","@id":"https:\/\/ecosupplements.be\/fr\/produit\/perma-guard-diatomit-vita-diatomite-fossil-shell-flour-200-g\/#primaryimage","url":"https:\/\/ecosupplements.be\/wp-content\/uploads\/2025\/08\/PERMA-GUARD-Diatomit-Vita-Diatomite-Fossil-Shell-Flour-200-g.jpg","contentUrl":"https:\/\/ecosupplements.be\/wp-content\/uploads\/2025\/08\/PERMA-GUARD-Diatomit-Vita-Diatomite-Fossil-Shell-Flour-200-g.jpg","width":748,"height":742},{"@type":"BreadcrumbList","@id":"https:\/\/ecosupplements.be\/fr\/produit\/perma-guard-diatomit-vita-diatomite-fossil-shell-flour-200-g\/#breadcrumb","itemListElement":[{"@type":"ListItem","position":1,"name":"Home","item":"https:\/\/ecosupplements.be\/fr\/"},{"@type":"ListItem","position":2,"name":"Boutique","item":"https:\/\/ecosupplements.be\/fr\/boutique\/"},{"@type":"ListItem","position":3,"name":"PERMA-GUARD Diatomite Vita &#8211; Farine de coquilles de fossiles de diatom\u00e9es (200 g)"}]},{"@type":"WebSite","@id":"https:\/\/ecosupplements.be\/fr\/#website","url":"https:\/\/ecosupplements.be\/fr\/","name":"ECO Supplements","description":"Eco Supplements - Gezonde supplementen","publisher":{"@id":"https:\/\/ecosupplements.be\/fr\/#organization"},"potentialAction":[{"@type":"SearchAction","target":{"@type":"EntryPoint","urlTemplate":"https:\/\/ecosupplements.be\/fr\/?s={search_term_string}"},"query-input":{"@type":"PropertyValueSpecification","valueRequired":true,"valueName":"search_term_string"}}],"inLanguage":"fr-FR"},{"@type":"Organization","@id":"https:\/\/ecosupplements.be\/fr\/#organization","name":"Eco Supplements","url":"https:\/\/ecosupplements.be\/fr\/","logo":{"@type":"ImageObject","inLanguage":"fr-FR","@id":"https:\/\/ecosupplements.be\/fr\/#\/schema\/logo\/image\/","url":"https:\/\/ecosupplements.be\/wp-content\/uploads\/2022\/06\/ecosupplement-family.png","contentUrl":"https:\/\/ecosupplements.be\/wp-content\/uploads\/2022\/06\/ecosupplement-family.png","width":593,"height":374,"caption":"Eco Supplements"},"image":{"@id":"https:\/\/ecosupplements.be\/fr\/#\/schema\/logo\/image\/"}}]},"product_brand":"Perma-Guard","product_price_amount":"5.84","product_price_currency":"EUR","og_availability":"instock","product_availability":"instock","product_retailer_item_id":"5906395603206","product_condition":"new"},"_links":{"self":[{"href":"https:\/\/ecosupplements.be\/fr\/wp-json\/wp\/v2\/product\/302946","targetHints":{"allow":["GET"]}}],"collection":[{"href":"https:\/\/ecosupplements.be\/fr\/wp-json\/wp\/v2\/product"}],"about":[{"href":"https:\/\/ecosupplements.be\/fr\/wp-json\/wp\/v2\/types\/product"}],"replies":[{"embeddable":true,"href":"https:\/\/ecosupplements.be\/fr\/wp-json\/wp\/v2\/comments?post=302946"}],"wp:featuredmedia":[{"embeddable":true,"href":"https:\/\/ecosupplements.be\/fr\/wp-json\/wp\/v2\/media\/277086"}],"wp:attachment":[{"href":"https:\/\/ecosupplements.be\/fr\/wp-json\/wp\/v2\/media?parent=302946"}],"wp:term":[{"taxonomy":"product_brand","embeddable":true,"href":"https:\/\/ecosupplements.be\/fr\/wp-json\/wp\/v2\/product_brand?post=302946"},{"taxonomy":"product_cat","embeddable":true,"href":"https:\/\/ecosupplements.be\/fr\/wp-json\/wp\/v2\/product_cat?post=302946"},{"taxonomy":"product_tag","embeddable":true,"href":"https:\/\/ecosupplements.be\/fr\/wp-json\/wp\/v2\/product_tag?post=302946"}],"curies":[{"name":"wp","href":"https:\/\/api.w.org\/{rel}","templated":true}]}}