{"id":302952,"date":"2025-07-26T19:30:20","date_gmt":"2025-07-26T18:30:20","guid":{"rendered":"https:\/\/ecosupplements.be\/product\/perma-guard-diatomite-backfill-75-g\/"},"modified":"2025-08-28T03:47:36","modified_gmt":"2025-08-28T02:47:36","slug":"perma-guard-diatomite-backfill-75-g","status":"publish","type":"product","link":"https:\/\/ecosupplements.be\/fr\/produit\/perma-guard-diatomite-backfill-75-g\/","title":{"rendered":"Remplissage de diatom\u00e9e PERMA-GUARD (75 g)"},"content":{"rendered":"<div>\n<h1>PERMA-GUARD Diatomite backfill &#8211; 75 g<\/h1>\n<p>D\u00e9couvrez le PERMA-GUARD Diatomite backfill, un produit enti\u00e8rement naturel compos\u00e9 \u00e0 100% de diatom\u00e9e d&#8217;origine douce (silice amorphe). Ce produit de haute puret\u00e9 est certifi\u00e9 par l&#8217;Union Europ\u00e9enne (CPNP 2255534), garantissant une qualit\u00e9 et une origine contr\u00f4l\u00e9es.<\/p>\n<h2>Ingr\u00e9dients principaux<\/h2>\n<p>ce produit est exclusivement constitu\u00e9 de terre de diatom\u00e9e issue d&#8217;eau douce, sans aucun additif, pr\u00e9servant ainsi son int\u00e9grit\u00e9 et sa puret\u00e9 naturelle.<\/p>\n<h2>Utilisation<\/h2>\n<p>pour une application optimale, agitez le contenu directement sur votre main en \u00e9vitant le contact avec le visage. Appliquez ensuite une fine couche sur la peau selon les besoins.<\/p>\n<h2>Caract\u00e9ristiques pratiques<\/h2>\n<p>Le format compact de ce produit en fait un choix pratique pour un usage quotidien. Son emballage assure une conservation optimale dans un endroit sec et a\u00e9r\u00e9. Il est recommand\u00e9 de garder ce produit hors de port\u00e9e des enfants et d&#8217;\u00e9viter tout contact prolong\u00e9 avec les yeux ou l&#8217;inhalation directe pour pr\u00e9venir toute irritation potentielle.<\/p>\n<h3>Date d&#8217;expiration:<\/h3>\n<p>Ce produit conserve ses propri\u00e9t\u00e9s pendant jusqu&#8217;\u00e0 deux ans apr\u00e8s ouverture du paquet, vous permettant ainsi d&#8217;en profiter pleinement durant cette p\u00e9riode.<\/p>\n<h3>Note:<\/h3>\n<p>Veuillez stocker dans un lieu sec et bien ventil\u00e9 pour maintenir sa qualit\u00e9 au fil du temps.<\/p>\n<\/div>\n","protected":false},"excerpt":{"rendered":"<p>PERMA-GUARD Diatomite backfill &#8211; 75 g D\u00e9couvrez le PERMA-GUARD Diatomite backfill, un produit enti\u00e8rement naturel compos\u00e9 \u00e0 100% de diatom\u00e9e d&#8217;origine douce (silice amorphe). Ce produit de haute puret\u00e9 est certifi\u00e9 par l&#8217;Union Europ\u00e9enne (CPNP 2255534), garantissant une qualit\u00e9 et une origine contr\u00f4l\u00e9es. Ingr\u00e9dients principaux ce produit est exclusivement constitu\u00e9 de terre de diatom\u00e9e issue [&#8230;]\n","protected":false},"featured_media":277092,"comment_status":"closed","ping_status":"open","template":"","meta":[],"product_brand":[5381],"product_cat":[5064,5053],"product_tag":[],"class_list":{"0":"post-302952","1":"product","2":"type-product","3":"status-publish","4":"has-post-thumbnail","6":"product_brand-perma-guard-2","7":"product_cat-mineraux-simples","8":"product_cat-vitamines-et-mineraux","10":"first","11":"instock","12":"taxable","13":"shipping-taxable","14":"purchasable","15":"product-type-simple"},"yoast_head":"<!-- This site is optimized with the Yoast SEO Premium plugin v27.5 (Yoast SEO v27.5) - https:\/\/yoast.com\/product\/yoast-seo-premium-wordpress\/ -->\n<title>Remplissage de diatom\u00e9e PERMA-GUARD (75 g) - ECO Supplements<\/title>\n<meta name=\"description\" content=\"Wij hebben een ruime keuze aan producten van Remplissage de diatom\u00e9e PERMA-GUARD (75 g) . Winkel bij Eco Supplements altijd gratis verzending boven 100\u20ac\" \/>\n<meta name=\"robots\" content=\"index, follow, max-snippet:-1, max-image-preview:large, max-video-preview:-1\" \/>\n<link rel=\"canonical\" href=\"https:\/\/ecosupplements.be\/fr\/produit\/perma-guard-diatomite-backfill-75-g\/\" \/>\n<meta property=\"og:locale\" content=\"fr_FR\" \/>\n<meta property=\"og:type\" content=\"article\" \/>\n<meta property=\"og:title\" content=\"Remplissage de diatom\u00e9e PERMA-GUARD (75 g)\" \/>\n<meta property=\"og:description\" content=\"Wij hebben een ruime keuze aan producten van Remplissage de diatom\u00e9e PERMA-GUARD (75 g) . Winkel bij Eco Supplements altijd gratis verzending boven 100\u20ac\" \/>\n<meta property=\"og:url\" content=\"https:\/\/ecosupplements.be\/fr\/produit\/perma-guard-diatomite-backfill-75-g\/\" \/>\n<meta property=\"og:site_name\" content=\"ECO Supplements\" \/>\n<meta property=\"article:modified_time\" content=\"2025-08-28T02:47:36+00:00\" \/>\n<meta property=\"og:image\" content=\"https:\/\/ecosupplements.be\/wp-content\/uploads\/2025\/08\/Perma-Guard-PERMA-GUARD-Diatomite-backfill-75-g.jpg\" \/>\n\t<meta property=\"og:image:width\" content=\"502\" \/>\n\t<meta property=\"og:image:height\" content=\"749\" \/>\n\t<meta property=\"og:image:type\" content=\"image\/jpeg\" \/>\n<meta name=\"twitter:card\" content=\"summary_large_image\" \/>\n<meta name=\"twitter:label1\" content=\"Prix\" \/>\n\t<meta name=\"twitter:data1\" content=\"3.68&nbsp;&euro;\" \/>\n\t<meta name=\"twitter:label2\" content=\"Disponibilit\u00e9\" \/>\n\t<meta name=\"twitter:data2\" content=\"En stock\" \/>\n<script type=\"application\/ld+json\" class=\"yoast-schema-graph\">{\"@context\":\"https:\\\/\\\/schema.org\",\"@graph\":[{\"@type\":[\"WebPage\",\"ItemPage\"],\"@id\":\"https:\\\/\\\/ecosupplements.be\\\/fr\\\/produit\\\/perma-guard-diatomite-backfill-75-g\\\/\",\"url\":\"https:\\\/\\\/ecosupplements.be\\\/fr\\\/produit\\\/perma-guard-diatomite-backfill-75-g\\\/\",\"name\":\"Remplissage de diatom\u00e9e PERMA-GUARD (75 g) - ECO Supplements\",\"isPartOf\":{\"@id\":\"https:\\\/\\\/ecosupplements.be\\\/fr\\\/#website\"},\"primaryImageOfPage\":{\"@id\":\"https:\\\/\\\/ecosupplements.be\\\/fr\\\/produit\\\/perma-guard-diatomite-backfill-75-g\\\/#primaryimage\"},\"image\":{\"@id\":\"https:\\\/\\\/ecosupplements.be\\\/fr\\\/produit\\\/perma-guard-diatomite-backfill-75-g\\\/#primaryimage\"},\"thumbnailUrl\":\"https:\\\/\\\/ecosupplements.be\\\/wp-content\\\/uploads\\\/2025\\\/08\\\/PERMA-GUARD-Diatomite-backfill-75-g.jpg\",\"datePublished\":\"2025-07-26T18:30:20+00:00\",\"dateModified\":\"2025-08-28T02:47:36+00:00\",\"description\":\"Wij hebben een ruime keuze aan producten van Remplissage de diatom\u00e9e PERMA-GUARD (75 g) . Winkel bij Eco Supplements altijd gratis verzending boven 100\u20ac\",\"breadcrumb\":{\"@id\":\"https:\\\/\\\/ecosupplements.be\\\/fr\\\/produit\\\/perma-guard-diatomite-backfill-75-g\\\/#breadcrumb\"},\"inLanguage\":\"fr-FR\",\"potentialAction\":[{\"@type\":\"ReadAction\",\"target\":[\"https:\\\/\\\/ecosupplements.be\\\/fr\\\/produit\\\/perma-guard-diatomite-backfill-75-g\\\/\"]}]},{\"@type\":\"ImageObject\",\"inLanguage\":\"fr-FR\",\"@id\":\"https:\\\/\\\/ecosupplements.be\\\/fr\\\/produit\\\/perma-guard-diatomite-backfill-75-g\\\/#primaryimage\",\"url\":\"https:\\\/\\\/ecosupplements.be\\\/wp-content\\\/uploads\\\/2025\\\/08\\\/PERMA-GUARD-Diatomite-backfill-75-g.jpg\",\"contentUrl\":\"https:\\\/\\\/ecosupplements.be\\\/wp-content\\\/uploads\\\/2025\\\/08\\\/PERMA-GUARD-Diatomite-backfill-75-g.jpg\",\"width\":502,\"height\":749},{\"@type\":\"BreadcrumbList\",\"@id\":\"https:\\\/\\\/ecosupplements.be\\\/fr\\\/produit\\\/perma-guard-diatomite-backfill-75-g\\\/#breadcrumb\",\"itemListElement\":[{\"@type\":\"ListItem\",\"position\":1,\"name\":\"Home\",\"item\":\"https:\\\/\\\/ecosupplements.be\\\/fr\\\/\"},{\"@type\":\"ListItem\",\"position\":2,\"name\":\"Boutique\",\"item\":\"https:\\\/\\\/ecosupplements.be\\\/fr\\\/boutique\\\/\"},{\"@type\":\"ListItem\",\"position\":3,\"name\":\"Remplissage de diatom\u00e9e PERMA-GUARD (75 g)\"}]},{\"@type\":\"WebSite\",\"@id\":\"https:\\\/\\\/ecosupplements.be\\\/fr\\\/#website\",\"url\":\"https:\\\/\\\/ecosupplements.be\\\/fr\\\/\",\"name\":\"ECO Supplements\",\"description\":\"Eco Supplements - Gezonde supplementen\",\"publisher\":{\"@id\":\"https:\\\/\\\/ecosupplements.be\\\/fr\\\/#organization\"},\"potentialAction\":[{\"@type\":\"SearchAction\",\"target\":{\"@type\":\"EntryPoint\",\"urlTemplate\":\"https:\\\/\\\/ecosupplements.be\\\/fr\\\/?s={search_term_string}\"},\"query-input\":{\"@type\":\"PropertyValueSpecification\",\"valueRequired\":true,\"valueName\":\"search_term_string\"}}],\"inLanguage\":\"fr-FR\"},{\"@type\":\"Organization\",\"@id\":\"https:\\\/\\\/ecosupplements.be\\\/fr\\\/#organization\",\"name\":\"Eco Supplements\",\"url\":\"https:\\\/\\\/ecosupplements.be\\\/fr\\\/\",\"logo\":{\"@type\":\"ImageObject\",\"inLanguage\":\"fr-FR\",\"@id\":\"https:\\\/\\\/ecosupplements.be\\\/fr\\\/#\\\/schema\\\/logo\\\/image\\\/\",\"url\":\"https:\\\/\\\/ecosupplements.be\\\/wp-content\\\/uploads\\\/2022\\\/06\\\/ecosupplement-family.png\",\"contentUrl\":\"https:\\\/\\\/ecosupplements.be\\\/wp-content\\\/uploads\\\/2022\\\/06\\\/ecosupplement-family.png\",\"width\":593,\"height\":374,\"caption\":\"Eco Supplements\"},\"image\":{\"@id\":\"https:\\\/\\\/ecosupplements.be\\\/fr\\\/#\\\/schema\\\/logo\\\/image\\\/\"}}]}<\/script>\n<meta property=\"product:brand\" content=\"Perma-Guard\" \/>\n<meta property=\"product:price:amount\" content=\"3.68\" \/>\n<meta property=\"product:price:currency\" content=\"EUR\" \/>\n<meta property=\"og:availability\" content=\"instock\" \/>\n<meta property=\"product:availability\" content=\"instock\" \/>\n<meta property=\"product:retailer_item_id\" content=\"5906395603053\" \/>\n<meta property=\"product:condition\" content=\"new\" \/>\n<!-- \/ Yoast SEO Premium plugin. -->","yoast_head_json":{"title":"Remplissage de diatom\u00e9e PERMA-GUARD (75 g) - ECO Supplements","description":"Wij hebben een ruime keuze aan producten van Remplissage de diatom\u00e9e PERMA-GUARD (75 g) . Winkel bij Eco Supplements altijd gratis verzending boven 100\u20ac","robots":{"index":"index","follow":"follow","max-snippet":"max-snippet:-1","max-image-preview":"max-image-preview:large","max-video-preview":"max-video-preview:-1"},"canonical":"https:\/\/ecosupplements.be\/fr\/produit\/perma-guard-diatomite-backfill-75-g\/","og_locale":"fr_FR","og_type":"article","og_title":"Remplissage de diatom\u00e9e PERMA-GUARD (75 g)","og_description":"Wij hebben een ruime keuze aan producten van Remplissage de diatom\u00e9e PERMA-GUARD (75 g) . Winkel bij Eco Supplements altijd gratis verzending boven 100\u20ac","og_url":"https:\/\/ecosupplements.be\/fr\/produit\/perma-guard-diatomite-backfill-75-g\/","og_site_name":"ECO Supplements","article_modified_time":"2025-08-28T02:47:36+00:00","og_image":[{"width":502,"height":749,"url":"https:\/\/ecosupplements.be\/wp-content\/uploads\/2025\/08\/Perma-Guard-PERMA-GUARD-Diatomite-backfill-75-g.jpg","type":"image\/jpeg"}],"twitter_card":"summary_large_image","twitter_misc":{"Prix":"3.68&nbsp;&euro;","Disponibilit\u00e9":"En stock"},"schema":{"@context":"https:\/\/schema.org","@graph":[{"@type":["WebPage","ItemPage"],"@id":"https:\/\/ecosupplements.be\/fr\/produit\/perma-guard-diatomite-backfill-75-g\/","url":"https:\/\/ecosupplements.be\/fr\/produit\/perma-guard-diatomite-backfill-75-g\/","name":"Remplissage de diatom\u00e9e PERMA-GUARD (75 g) - ECO Supplements","isPartOf":{"@id":"https:\/\/ecosupplements.be\/fr\/#website"},"primaryImageOfPage":{"@id":"https:\/\/ecosupplements.be\/fr\/produit\/perma-guard-diatomite-backfill-75-g\/#primaryimage"},"image":{"@id":"https:\/\/ecosupplements.be\/fr\/produit\/perma-guard-diatomite-backfill-75-g\/#primaryimage"},"thumbnailUrl":"https:\/\/ecosupplements.be\/wp-content\/uploads\/2025\/08\/PERMA-GUARD-Diatomite-backfill-75-g.jpg","datePublished":"2025-07-26T18:30:20+00:00","dateModified":"2025-08-28T02:47:36+00:00","description":"Wij hebben een ruime keuze aan producten van Remplissage de diatom\u00e9e PERMA-GUARD (75 g) . Winkel bij Eco Supplements altijd gratis verzending boven 100\u20ac","breadcrumb":{"@id":"https:\/\/ecosupplements.be\/fr\/produit\/perma-guard-diatomite-backfill-75-g\/#breadcrumb"},"inLanguage":"fr-FR","potentialAction":[{"@type":"ReadAction","target":["https:\/\/ecosupplements.be\/fr\/produit\/perma-guard-diatomite-backfill-75-g\/"]}]},{"@type":"ImageObject","inLanguage":"fr-FR","@id":"https:\/\/ecosupplements.be\/fr\/produit\/perma-guard-diatomite-backfill-75-g\/#primaryimage","url":"https:\/\/ecosupplements.be\/wp-content\/uploads\/2025\/08\/PERMA-GUARD-Diatomite-backfill-75-g.jpg","contentUrl":"https:\/\/ecosupplements.be\/wp-content\/uploads\/2025\/08\/PERMA-GUARD-Diatomite-backfill-75-g.jpg","width":502,"height":749},{"@type":"BreadcrumbList","@id":"https:\/\/ecosupplements.be\/fr\/produit\/perma-guard-diatomite-backfill-75-g\/#breadcrumb","itemListElement":[{"@type":"ListItem","position":1,"name":"Home","item":"https:\/\/ecosupplements.be\/fr\/"},{"@type":"ListItem","position":2,"name":"Boutique","item":"https:\/\/ecosupplements.be\/fr\/boutique\/"},{"@type":"ListItem","position":3,"name":"Remplissage de diatom\u00e9e PERMA-GUARD (75 g)"}]},{"@type":"WebSite","@id":"https:\/\/ecosupplements.be\/fr\/#website","url":"https:\/\/ecosupplements.be\/fr\/","name":"ECO Supplements","description":"Eco Supplements - Gezonde supplementen","publisher":{"@id":"https:\/\/ecosupplements.be\/fr\/#organization"},"potentialAction":[{"@type":"SearchAction","target":{"@type":"EntryPoint","urlTemplate":"https:\/\/ecosupplements.be\/fr\/?s={search_term_string}"},"query-input":{"@type":"PropertyValueSpecification","valueRequired":true,"valueName":"search_term_string"}}],"inLanguage":"fr-FR"},{"@type":"Organization","@id":"https:\/\/ecosupplements.be\/fr\/#organization","name":"Eco Supplements","url":"https:\/\/ecosupplements.be\/fr\/","logo":{"@type":"ImageObject","inLanguage":"fr-FR","@id":"https:\/\/ecosupplements.be\/fr\/#\/schema\/logo\/image\/","url":"https:\/\/ecosupplements.be\/wp-content\/uploads\/2022\/06\/ecosupplement-family.png","contentUrl":"https:\/\/ecosupplements.be\/wp-content\/uploads\/2022\/06\/ecosupplement-family.png","width":593,"height":374,"caption":"Eco Supplements"},"image":{"@id":"https:\/\/ecosupplements.be\/fr\/#\/schema\/logo\/image\/"}}]},"product_brand":"Perma-Guard","product_price_amount":"3.68","product_price_currency":"EUR","og_availability":"instock","product_availability":"instock","product_retailer_item_id":"5906395603053","product_condition":"new"},"_links":{"self":[{"href":"https:\/\/ecosupplements.be\/fr\/wp-json\/wp\/v2\/product\/302952","targetHints":{"allow":["GET"]}}],"collection":[{"href":"https:\/\/ecosupplements.be\/fr\/wp-json\/wp\/v2\/product"}],"about":[{"href":"https:\/\/ecosupplements.be\/fr\/wp-json\/wp\/v2\/types\/product"}],"replies":[{"embeddable":true,"href":"https:\/\/ecosupplements.be\/fr\/wp-json\/wp\/v2\/comments?post=302952"}],"wp:featuredmedia":[{"embeddable":true,"href":"https:\/\/ecosupplements.be\/fr\/wp-json\/wp\/v2\/media\/277092"}],"wp:attachment":[{"href":"https:\/\/ecosupplements.be\/fr\/wp-json\/wp\/v2\/media?parent=302952"}],"wp:term":[{"taxonomy":"product_brand","embeddable":true,"href":"https:\/\/ecosupplements.be\/fr\/wp-json\/wp\/v2\/product_brand?post=302952"},{"taxonomy":"product_cat","embeddable":true,"href":"https:\/\/ecosupplements.be\/fr\/wp-json\/wp\/v2\/product_cat?post=302952"},{"taxonomy":"product_tag","embeddable":true,"href":"https:\/\/ecosupplements.be\/fr\/wp-json\/wp\/v2\/product_tag?post=302952"}],"curies":[{"name":"wp","href":"https:\/\/api.w.org\/{rel}","templated":true}]}}