{"id":303006,"date":"2025-07-26T20:30:20","date_gmt":"2025-07-26T19:30:20","guid":{"rendered":"https:\/\/ecosupplements.be\/product\/pure-lab-echinacea-extract-400-mg-170-caps\/"},"modified":"2025-08-28T03:48:36","modified_gmt":"2025-08-28T02:48:36","slug":"pure-lab-echinacea-extract-400-mg-170-caps","status":"publish","type":"product","link":"https:\/\/ecosupplements.be\/fr\/produit\/pure-lab-echinacea-extract-400-mg-170-caps\/","title":{"rendered":"Extrait d&#8217;\u00e9chinac\u00e9e PURE LAB, 400 mg (170 g\u00e9lules)"},"content":{"rendered":"<p><strong>Nom du produit :<\/strong> PURE LAB Echinacea extract, 400 mg (170 caps.)<\/p>\n<p><strong>Description :<\/strong> D\u00e9couvrez le choix naturel pour ceux qui appr\u00e9cient les ingr\u00e9dients purs et d&#8217;origine naturelle. Notre extrait d&#8217;Echinacea est soigneusement conditionn\u00e9 dans un emballage pratique contenant 170 capsules, id\u00e9al pour une utilisation r\u00e9guli\u00e8re.<\/p>\n<p><strong>Ingr\u00e9dients principaux :<\/strong> Chaque capsule contient 400 mg d&#8217;extrait d&#8217;Echinacea purpurea \u00e0 un ratio de concentration de 4:1, encapsul\u00e9 dans une g\u00e9lule en hydroxypropylm\u00e9thylcellulose.<\/p>\n<p><strong>Utilisation recommand\u00e9e :<\/strong> Prendre une capsule par jour avec un verre d&#8217;eau. Il est conseill\u00e9 de ne pas d\u00e9passer la dose journali\u00e8re recommand\u00e9e.<\/p>\n<p><strong>Caract\u00e9ristiques pratiques :<\/strong> Ce produit est con\u00e7u pour \u00eatre simple et pratique \u00e0 utiliser au quotidien.Les capsules sont faciles \u00e0 avaler et le format du flacon permet une conservation optimale des propri\u00e9t\u00e9s des ingr\u00e9dients.<\/p>\n<p><strong>Packaging :<\/strong> le flacon contient 170 capsules, offrant ainsi un bon rapport quantit\u00e9-prix tout en minimisant la fr\u00e9quence des achats n\u00e9cessaires pour maintenir l&#8217;approvisionnement.<\/p>\n<p><em>Ce produit est un compl\u00e9ment alimentaire et doit \u00eatre utilis\u00e9 dans le cadre d&#8217;un mode de vie \u00e9quilibr\u00e9 et actif. Il n&#8217;est pas destin\u00e9 \u00e0 diagnostiquer, traiter, gu\u00e9rir ou pr\u00e9venir aucune maladie.<\/em><\/p>\n","protected":false},"excerpt":{"rendered":"<p>Nom du produit : PURE LAB Echinacea extract, 400 mg (170 caps.) Description : D\u00e9couvrez le choix naturel pour ceux qui appr\u00e9cient les ingr\u00e9dients purs et d&#8217;origine naturelle. Notre extrait d&#8217;Echinacea est soigneusement conditionn\u00e9 dans un emballage pratique contenant 170 capsules, id\u00e9al pour une utilisation r\u00e9guli\u00e8re. Ingr\u00e9dients principaux : Chaque capsule contient 400 mg d&#8217;extrait [&#8230;]\n","protected":false},"featured_media":277146,"comment_status":"closed","ping_status":"open","template":"","meta":[],"product_brand":[5383],"product_cat":[5053],"product_tag":[],"class_list":{"0":"post-303006","1":"product","2":"type-product","3":"status-publish","4":"has-post-thumbnail","6":"product_brand-pure-lab-2","7":"product_cat-vitamines-et-mineraux","9":"first","10":"outofstock","11":"taxable","12":"shipping-taxable","13":"purchasable","14":"product-type-simple"},"yoast_head":"<!-- This site is optimized with the Yoast SEO Premium plugin v27.5 (Yoast SEO v27.5) - https:\/\/yoast.com\/product\/yoast-seo-premium-wordpress\/ -->\n<title>Extrait d&#039;\u00e9chinac\u00e9e PURE LAB, 400 mg (170 g\u00e9lules) - ECO Supplements<\/title>\n<meta name=\"description\" content=\"Wij hebben een ruime keuze aan producten van Extrait d&#039;\u00e9chinac\u00e9e PURE LAB, 400 mg (170 g\u00e9lules) . Winkel bij Eco Supplements altijd gratis verzending boven 100\u20ac\" \/>\n<meta name=\"robots\" content=\"index, follow, max-snippet:-1, max-image-preview:large, max-video-preview:-1\" \/>\n<link rel=\"canonical\" href=\"https:\/\/ecosupplements.be\/fr\/produit\/pure-lab-echinacea-extract-400-mg-170-caps\/\" \/>\n<meta property=\"og:locale\" content=\"fr_FR\" \/>\n<meta property=\"og:type\" content=\"article\" \/>\n<meta property=\"og:title\" content=\"Extrait d&#039;\u00e9chinac\u00e9e PURE LAB, 400 mg (170 g\u00e9lules)\" \/>\n<meta property=\"og:description\" content=\"Wij hebben een ruime keuze aan producten van Extrait d&#039;\u00e9chinac\u00e9e PURE LAB, 400 mg (170 g\u00e9lules) . Winkel bij Eco Supplements altijd gratis verzending boven 100\u20ac\" \/>\n<meta property=\"og:url\" content=\"https:\/\/ecosupplements.be\/fr\/produit\/pure-lab-echinacea-extract-400-mg-170-caps\/\" \/>\n<meta property=\"og:site_name\" content=\"ECO Supplements\" \/>\n<meta property=\"article:modified_time\" content=\"2025-08-28T02:48:36+00:00\" \/>\n<meta property=\"og:image\" content=\"https:\/\/ecosupplements.be\/wp-content\/uploads\/2025\/08\/Pure-Lab-PURE-LAB-Echinacea-extract-400-mg-170-caps.jpg\" \/>\n\t<meta property=\"og:image:width\" content=\"570\" \/>\n\t<meta property=\"og:image:height\" content=\"630\" \/>\n\t<meta property=\"og:image:type\" content=\"image\/jpeg\" \/>\n<meta name=\"twitter:card\" content=\"summary_large_image\" \/>\n<meta name=\"twitter:label1\" content=\"Prix\" \/>\n\t<meta name=\"twitter:data1\" content=\"10.11&nbsp;&euro;\" \/>\n\t<meta name=\"twitter:label2\" content=\"Disponibilit\u00e9\" \/>\n\t<meta name=\"twitter:data2\" content=\"Rupture de stock\" \/>\n<script type=\"application\/ld+json\" class=\"yoast-schema-graph\">{\"@context\":\"https:\\\/\\\/schema.org\",\"@graph\":[{\"@type\":[\"WebPage\",\"ItemPage\"],\"@id\":\"https:\\\/\\\/ecosupplements.be\\\/fr\\\/produit\\\/pure-lab-echinacea-extract-400-mg-170-caps\\\/\",\"url\":\"https:\\\/\\\/ecosupplements.be\\\/fr\\\/produit\\\/pure-lab-echinacea-extract-400-mg-170-caps\\\/\",\"name\":\"Extrait d'\u00e9chinac\u00e9e PURE LAB, 400 mg (170 g\u00e9lules) - ECO Supplements\",\"isPartOf\":{\"@id\":\"https:\\\/\\\/ecosupplements.be\\\/fr\\\/#website\"},\"primaryImageOfPage\":{\"@id\":\"https:\\\/\\\/ecosupplements.be\\\/fr\\\/produit\\\/pure-lab-echinacea-extract-400-mg-170-caps\\\/#primaryimage\"},\"image\":{\"@id\":\"https:\\\/\\\/ecosupplements.be\\\/fr\\\/produit\\\/pure-lab-echinacea-extract-400-mg-170-caps\\\/#primaryimage\"},\"thumbnailUrl\":\"https:\\\/\\\/ecosupplements.be\\\/wp-content\\\/uploads\\\/2025\\\/08\\\/PURE-LAB-Echinacea-extract-400-mg-170-caps.jpg\",\"datePublished\":\"2025-07-26T19:30:20+00:00\",\"dateModified\":\"2025-08-28T02:48:36+00:00\",\"description\":\"Wij hebben een ruime keuze aan producten van Extrait d'\u00e9chinac\u00e9e PURE LAB, 400 mg (170 g\u00e9lules) . Winkel bij Eco Supplements altijd gratis verzending boven 100\u20ac\",\"breadcrumb\":{\"@id\":\"https:\\\/\\\/ecosupplements.be\\\/fr\\\/produit\\\/pure-lab-echinacea-extract-400-mg-170-caps\\\/#breadcrumb\"},\"inLanguage\":\"fr-FR\",\"potentialAction\":[{\"@type\":\"ReadAction\",\"target\":[\"https:\\\/\\\/ecosupplements.be\\\/fr\\\/produit\\\/pure-lab-echinacea-extract-400-mg-170-caps\\\/\"]}]},{\"@type\":\"ImageObject\",\"inLanguage\":\"fr-FR\",\"@id\":\"https:\\\/\\\/ecosupplements.be\\\/fr\\\/produit\\\/pure-lab-echinacea-extract-400-mg-170-caps\\\/#primaryimage\",\"url\":\"https:\\\/\\\/ecosupplements.be\\\/wp-content\\\/uploads\\\/2025\\\/08\\\/PURE-LAB-Echinacea-extract-400-mg-170-caps.jpg\",\"contentUrl\":\"https:\\\/\\\/ecosupplements.be\\\/wp-content\\\/uploads\\\/2025\\\/08\\\/PURE-LAB-Echinacea-extract-400-mg-170-caps.jpg\",\"width\":570,\"height\":630},{\"@type\":\"BreadcrumbList\",\"@id\":\"https:\\\/\\\/ecosupplements.be\\\/fr\\\/produit\\\/pure-lab-echinacea-extract-400-mg-170-caps\\\/#breadcrumb\",\"itemListElement\":[{\"@type\":\"ListItem\",\"position\":1,\"name\":\"Home\",\"item\":\"https:\\\/\\\/ecosupplements.be\\\/fr\\\/\"},{\"@type\":\"ListItem\",\"position\":2,\"name\":\"Boutique\",\"item\":\"https:\\\/\\\/ecosupplements.be\\\/fr\\\/boutique\\\/\"},{\"@type\":\"ListItem\",\"position\":3,\"name\":\"Extrait d&#8217;\u00e9chinac\u00e9e PURE LAB, 400 mg (170 g\u00e9lules)\"}]},{\"@type\":\"WebSite\",\"@id\":\"https:\\\/\\\/ecosupplements.be\\\/fr\\\/#website\",\"url\":\"https:\\\/\\\/ecosupplements.be\\\/fr\\\/\",\"name\":\"ECO Supplements\",\"description\":\"Eco Supplements - Gezonde supplementen\",\"publisher\":{\"@id\":\"https:\\\/\\\/ecosupplements.be\\\/fr\\\/#organization\"},\"potentialAction\":[{\"@type\":\"SearchAction\",\"target\":{\"@type\":\"EntryPoint\",\"urlTemplate\":\"https:\\\/\\\/ecosupplements.be\\\/fr\\\/?s={search_term_string}\"},\"query-input\":{\"@type\":\"PropertyValueSpecification\",\"valueRequired\":true,\"valueName\":\"search_term_string\"}}],\"inLanguage\":\"fr-FR\"},{\"@type\":\"Organization\",\"@id\":\"https:\\\/\\\/ecosupplements.be\\\/fr\\\/#organization\",\"name\":\"Eco Supplements\",\"url\":\"https:\\\/\\\/ecosupplements.be\\\/fr\\\/\",\"logo\":{\"@type\":\"ImageObject\",\"inLanguage\":\"fr-FR\",\"@id\":\"https:\\\/\\\/ecosupplements.be\\\/fr\\\/#\\\/schema\\\/logo\\\/image\\\/\",\"url\":\"https:\\\/\\\/ecosupplements.be\\\/wp-content\\\/uploads\\\/2022\\\/06\\\/ecosupplement-family.png\",\"contentUrl\":\"https:\\\/\\\/ecosupplements.be\\\/wp-content\\\/uploads\\\/2022\\\/06\\\/ecosupplement-family.png\",\"width\":593,\"height\":374,\"caption\":\"Eco Supplements\"},\"image\":{\"@id\":\"https:\\\/\\\/ecosupplements.be\\\/fr\\\/#\\\/schema\\\/logo\\\/image\\\/\"}}]}<\/script>\n<meta property=\"product:brand\" content=\"Pure Lab\" \/>\n<meta property=\"product:price:amount\" content=\"10.11\" \/>\n<meta property=\"product:price:currency\" content=\"EUR\" \/>\n<meta property=\"og:availability\" content=\"out of stock\" \/>\n<meta property=\"product:availability\" content=\"out of stock\" \/>\n<meta property=\"product:retailer_item_id\" content=\"5902479614250\" \/>\n<meta property=\"product:condition\" content=\"new\" \/>\n<!-- \/ Yoast SEO Premium plugin. -->","yoast_head_json":{"title":"Extrait d'\u00e9chinac\u00e9e PURE LAB, 400 mg (170 g\u00e9lules) - ECO Supplements","description":"Wij hebben een ruime keuze aan producten van Extrait d'\u00e9chinac\u00e9e PURE LAB, 400 mg (170 g\u00e9lules) . Winkel bij Eco Supplements altijd gratis verzending boven 100\u20ac","robots":{"index":"index","follow":"follow","max-snippet":"max-snippet:-1","max-image-preview":"max-image-preview:large","max-video-preview":"max-video-preview:-1"},"canonical":"https:\/\/ecosupplements.be\/fr\/produit\/pure-lab-echinacea-extract-400-mg-170-caps\/","og_locale":"fr_FR","og_type":"article","og_title":"Extrait d'\u00e9chinac\u00e9e PURE LAB, 400 mg (170 g\u00e9lules)","og_description":"Wij hebben een ruime keuze aan producten van Extrait d'\u00e9chinac\u00e9e PURE LAB, 400 mg (170 g\u00e9lules) . Winkel bij Eco Supplements altijd gratis verzending boven 100\u20ac","og_url":"https:\/\/ecosupplements.be\/fr\/produit\/pure-lab-echinacea-extract-400-mg-170-caps\/","og_site_name":"ECO Supplements","article_modified_time":"2025-08-28T02:48:36+00:00","og_image":[{"width":570,"height":630,"url":"https:\/\/ecosupplements.be\/wp-content\/uploads\/2025\/08\/Pure-Lab-PURE-LAB-Echinacea-extract-400-mg-170-caps.jpg","type":"image\/jpeg"}],"twitter_card":"summary_large_image","twitter_misc":{"Prix":"10.11&nbsp;&euro;","Disponibilit\u00e9":"Rupture de stock"},"schema":{"@context":"https:\/\/schema.org","@graph":[{"@type":["WebPage","ItemPage"],"@id":"https:\/\/ecosupplements.be\/fr\/produit\/pure-lab-echinacea-extract-400-mg-170-caps\/","url":"https:\/\/ecosupplements.be\/fr\/produit\/pure-lab-echinacea-extract-400-mg-170-caps\/","name":"Extrait d'\u00e9chinac\u00e9e PURE LAB, 400 mg (170 g\u00e9lules) - ECO Supplements","isPartOf":{"@id":"https:\/\/ecosupplements.be\/fr\/#website"},"primaryImageOfPage":{"@id":"https:\/\/ecosupplements.be\/fr\/produit\/pure-lab-echinacea-extract-400-mg-170-caps\/#primaryimage"},"image":{"@id":"https:\/\/ecosupplements.be\/fr\/produit\/pure-lab-echinacea-extract-400-mg-170-caps\/#primaryimage"},"thumbnailUrl":"https:\/\/ecosupplements.be\/wp-content\/uploads\/2025\/08\/PURE-LAB-Echinacea-extract-400-mg-170-caps.jpg","datePublished":"2025-07-26T19:30:20+00:00","dateModified":"2025-08-28T02:48:36+00:00","description":"Wij hebben een ruime keuze aan producten van Extrait d'\u00e9chinac\u00e9e PURE LAB, 400 mg (170 g\u00e9lules) . Winkel bij Eco Supplements altijd gratis verzending boven 100\u20ac","breadcrumb":{"@id":"https:\/\/ecosupplements.be\/fr\/produit\/pure-lab-echinacea-extract-400-mg-170-caps\/#breadcrumb"},"inLanguage":"fr-FR","potentialAction":[{"@type":"ReadAction","target":["https:\/\/ecosupplements.be\/fr\/produit\/pure-lab-echinacea-extract-400-mg-170-caps\/"]}]},{"@type":"ImageObject","inLanguage":"fr-FR","@id":"https:\/\/ecosupplements.be\/fr\/produit\/pure-lab-echinacea-extract-400-mg-170-caps\/#primaryimage","url":"https:\/\/ecosupplements.be\/wp-content\/uploads\/2025\/08\/PURE-LAB-Echinacea-extract-400-mg-170-caps.jpg","contentUrl":"https:\/\/ecosupplements.be\/wp-content\/uploads\/2025\/08\/PURE-LAB-Echinacea-extract-400-mg-170-caps.jpg","width":570,"height":630},{"@type":"BreadcrumbList","@id":"https:\/\/ecosupplements.be\/fr\/produit\/pure-lab-echinacea-extract-400-mg-170-caps\/#breadcrumb","itemListElement":[{"@type":"ListItem","position":1,"name":"Home","item":"https:\/\/ecosupplements.be\/fr\/"},{"@type":"ListItem","position":2,"name":"Boutique","item":"https:\/\/ecosupplements.be\/fr\/boutique\/"},{"@type":"ListItem","position":3,"name":"Extrait d&#8217;\u00e9chinac\u00e9e PURE LAB, 400 mg (170 g\u00e9lules)"}]},{"@type":"WebSite","@id":"https:\/\/ecosupplements.be\/fr\/#website","url":"https:\/\/ecosupplements.be\/fr\/","name":"ECO Supplements","description":"Eco Supplements - Gezonde supplementen","publisher":{"@id":"https:\/\/ecosupplements.be\/fr\/#organization"},"potentialAction":[{"@type":"SearchAction","target":{"@type":"EntryPoint","urlTemplate":"https:\/\/ecosupplements.be\/fr\/?s={search_term_string}"},"query-input":{"@type":"PropertyValueSpecification","valueRequired":true,"valueName":"search_term_string"}}],"inLanguage":"fr-FR"},{"@type":"Organization","@id":"https:\/\/ecosupplements.be\/fr\/#organization","name":"Eco Supplements","url":"https:\/\/ecosupplements.be\/fr\/","logo":{"@type":"ImageObject","inLanguage":"fr-FR","@id":"https:\/\/ecosupplements.be\/fr\/#\/schema\/logo\/image\/","url":"https:\/\/ecosupplements.be\/wp-content\/uploads\/2022\/06\/ecosupplement-family.png","contentUrl":"https:\/\/ecosupplements.be\/wp-content\/uploads\/2022\/06\/ecosupplement-family.png","width":593,"height":374,"caption":"Eco Supplements"},"image":{"@id":"https:\/\/ecosupplements.be\/fr\/#\/schema\/logo\/image\/"}}]},"product_brand":"Pure Lab","product_price_amount":"10.11","product_price_currency":"EUR","og_availability":"out of stock","product_availability":"out of stock","product_retailer_item_id":"5902479614250","product_condition":"new"},"_links":{"self":[{"href":"https:\/\/ecosupplements.be\/fr\/wp-json\/wp\/v2\/product\/303006","targetHints":{"allow":["GET"]}}],"collection":[{"href":"https:\/\/ecosupplements.be\/fr\/wp-json\/wp\/v2\/product"}],"about":[{"href":"https:\/\/ecosupplements.be\/fr\/wp-json\/wp\/v2\/types\/product"}],"replies":[{"embeddable":true,"href":"https:\/\/ecosupplements.be\/fr\/wp-json\/wp\/v2\/comments?post=303006"}],"wp:featuredmedia":[{"embeddable":true,"href":"https:\/\/ecosupplements.be\/fr\/wp-json\/wp\/v2\/media\/277146"}],"wp:attachment":[{"href":"https:\/\/ecosupplements.be\/fr\/wp-json\/wp\/v2\/media?parent=303006"}],"wp:term":[{"taxonomy":"product_brand","embeddable":true,"href":"https:\/\/ecosupplements.be\/fr\/wp-json\/wp\/v2\/product_brand?post=303006"},{"taxonomy":"product_cat","embeddable":true,"href":"https:\/\/ecosupplements.be\/fr\/wp-json\/wp\/v2\/product_cat?post=303006"},{"taxonomy":"product_tag","embeddable":true,"href":"https:\/\/ecosupplements.be\/fr\/wp-json\/wp\/v2\/product_tag?post=303006"}],"curies":[{"name":"wp","href":"https:\/\/api.w.org\/{rel}","templated":true}]}}