{"id":303069,"date":"2025-07-26T21:31:16","date_gmt":"2025-07-26T20:31:16","guid":{"rendered":"https:\/\/ecosupplements.be\/product\/quicksilver-nanoemulsified-coq10-50-ml\/"},"modified":"2025-08-28T03:49:45","modified_gmt":"2025-08-28T02:49:45","slug":"quicksilver-nanoemulsified-coq10-50-ml","status":"publish","type":"product","link":"https:\/\/ecosupplements.be\/fr\/produit\/quicksilver-nanoemulsified-coq10-50-ml\/","title":{"rendered":"Coenzyme Q10 nano\u00e9mulsionn\u00e9e QUICKSILVER (50 ml)"},"content":{"rendered":"<h1>QUICKSILVER Nanoemulsified CoQ10 (50 ml)<\/h1>\n<p>D\u00e9couvrez QUICKSILVER Nanoemulsified CoQ10,un choix parfait pour ceux qui appr\u00e9cient les ingr\u00e9dients de haute qualit\u00e9 dans leur quotidien. Ce produit est formul\u00e9 \u00e0 partir de coenzyme Q10 nano\u00e9mulsionn\u00e9 et de phospholipides issus de lecithine purifi\u00e9e de graines de tournesol, offrant une composition riche en composants naturels.<\/p>\n<p><strong>Ingr\u00e9dients principaux :<\/strong> Coenzyme Q10, phosphatidylcholine, vitamine E (m\u00e9lange de tocoph\u00e9rols), huiles essentielles naturelles d&#8217;agrumes.<\/p>\n<table>\n<tbody>\n<tr>\n<td><strong>Contenu par dose :<\/strong><\/td>\n<td style=\"text-align: center\"><strong>1 ml (2 pressions)<\/strong><\/td>\n<td style=\"text-align: center\"><strong>2 ml (4 pressions) &#8211; Dose journali\u00e8re<\/strong><\/td>\n<\/tr>\n<tr>\n<td><strong>Coenzyme Q10<\/strong><\/td>\n<td style=\"text-align: center\">30 mg<\/td>\n<td style=\"text-align: center\">60 mg<\/td>\n<\/tr>\n<tr>\n<td><strong>Phosphatidylcholine<\/strong><\/td>\n<td style=\"text-align: center\">50 mg<\/td>\n<p>      &lt;<\/p>\n<td style=\"text-align: center\">100 mg<\/ td ><br \/>\n    <\/ tr ><br \/>\n  <\/ tbody ><br \/>\n<\/table>\n<p><strong> Utilisation :<\/strong> Pour une utilisation optimale, appliquez deux fois par jour deux pressions sous la langue et maintenez pendant 30 secondes avant d&#8217;avaler. Il est conseill\u00e9 d&#8217;utiliser ce produit sur un estomac vide,au moins 10 minutes avant le repas. Consommer dans les 30 jours apr\u00e8s ouverture.<\/ p ><\/p>\n<p>Ce produit se pr\u00e9sente dans un emballage pratique permettant une utilisation facile et pr\u00e9cise gr\u00e2ce \u00e0 son syst\u00e8me de pompe innovant. Son format compact vous permettra \u00e9galement de l&#8217;emporter partout avec vous.<\/p>\n<p>Sa conservation ne n\u00e9cessite pas de conditions sp\u00e9ciales : il suffit simplement le garder \u00e0 temp\u00e9rature ambiante et \u00e0 l&#8217;abri des rayons directs du soleil.<\/p>\n<p>veuillez noter que ce produit n&#8217;est pas recommand\u00e9 en cas d&#8217;hypersensibilit\u00e9 \u00e0 l&#8217;un des composants mentionn\u00e9s. L&#8217;utilisation chez les femmes enceintes ou allaitantes ainsi que chez les personnes sous m\u00e9dication devrait se faire apr\u00e8s consultation avec un professionnel sant\u00e9.<\/p>\n<h3>Pourquoi choisir QUICKSILVER Nanoemulsified CoQ10 ? Pour sa qualit\u00e9 sup\u00e9rieure et sa facilit\u00e9 d&#8217;utilisation au quotidien!<\/h3>\n","protected":false},"excerpt":{"rendered":"<p>QUICKSILVER Nanoemulsified CoQ10 (50 ml) D\u00e9couvrez QUICKSILVER Nanoemulsified CoQ10,un choix parfait pour ceux qui appr\u00e9cient les ingr\u00e9dients de haute qualit\u00e9 dans leur quotidien. Ce produit est formul\u00e9 \u00e0 partir de coenzyme Q10 nano\u00e9mulsionn\u00e9 et de phospholipides issus de lecithine purifi\u00e9e de graines de tournesol, offrant une composition riche en composants naturels. Ingr\u00e9dients principaux : Coenzyme [&#8230;]\n","protected":false},"featured_media":277209,"comment_status":"closed","ping_status":"open","template":"","meta":[],"product_brand":[5384],"product_cat":[5212,5052,5053],"product_tag":[],"class_list":{"0":"post-303069","1":"product","2":"type-product","3":"status-publish","4":"has-post-thumbnail","6":"product_brand-quicksilver-2","7":"product_cat-coenzyme-q10","8":"product_cat-sante-et-bien-etre","9":"product_cat-vitamines-et-mineraux","11":"first","12":"instock","13":"taxable","14":"shipping-taxable","15":"purchasable","16":"product-type-simple"},"yoast_head":"<!-- This site is optimized with the Yoast SEO Premium plugin v27.5 (Yoast SEO v27.5) - https:\/\/yoast.com\/product\/yoast-seo-premium-wordpress\/ -->\n<title>Coenzyme Q10 nano\u00e9mulsionn\u00e9e QUICKSILVER (50 ml) - ECO Supplements<\/title>\n<meta name=\"description\" content=\"Wij hebben een ruime keuze aan producten van Coenzyme Q10 nano\u00e9mulsionn\u00e9e QUICKSILVER (50 ml) . Winkel bij Eco Supplements altijd gratis verzending boven 100\u20ac\" \/>\n<meta name=\"robots\" content=\"index, follow, max-snippet:-1, max-image-preview:large, max-video-preview:-1\" \/>\n<link rel=\"canonical\" href=\"https:\/\/ecosupplements.be\/fr\/produit\/quicksilver-nanoemulsified-coq10-50-ml\/\" \/>\n<meta property=\"og:locale\" content=\"fr_FR\" \/>\n<meta property=\"og:type\" content=\"article\" \/>\n<meta property=\"og:title\" content=\"Coenzyme Q10 nano\u00e9mulsionn\u00e9e QUICKSILVER (50 ml)\" \/>\n<meta property=\"og:description\" content=\"Wij hebben een ruime keuze aan producten van Coenzyme Q10 nano\u00e9mulsionn\u00e9e QUICKSILVER (50 ml) . Winkel bij Eco Supplements altijd gratis verzending boven 100\u20ac\" \/>\n<meta property=\"og:url\" content=\"https:\/\/ecosupplements.be\/fr\/produit\/quicksilver-nanoemulsified-coq10-50-ml\/\" \/>\n<meta property=\"og:site_name\" content=\"ECO Supplements\" \/>\n<meta property=\"article:modified_time\" content=\"2025-08-28T02:49:45+00:00\" \/>\n<meta property=\"og:image\" content=\"https:\/\/ecosupplements.be\/wp-content\/uploads\/2025\/08\/Quicksilver-QUICKSILVER-Nanoemulsified-CoQ10-50-ml.jpg\" \/>\n\t<meta property=\"og:image:width\" content=\"1100\" \/>\n\t<meta property=\"og:image:height\" content=\"786\" \/>\n\t<meta property=\"og:image:type\" content=\"image\/jpeg\" \/>\n<meta name=\"twitter:card\" content=\"summary_large_image\" \/>\n<meta name=\"twitter:label1\" content=\"Prix\" \/>\n\t<meta name=\"twitter:data1\" content=\"51.51&nbsp;&euro;\" \/>\n\t<meta name=\"twitter:label2\" content=\"Disponibilit\u00e9\" \/>\n\t<meta name=\"twitter:data2\" content=\"En stock\" \/>\n<script type=\"application\/ld+json\" class=\"yoast-schema-graph\">{\"@context\":\"https:\\\/\\\/schema.org\",\"@graph\":[{\"@type\":[\"WebPage\",\"ItemPage\"],\"@id\":\"https:\\\/\\\/ecosupplements.be\\\/fr\\\/produit\\\/quicksilver-nanoemulsified-coq10-50-ml\\\/\",\"url\":\"https:\\\/\\\/ecosupplements.be\\\/fr\\\/produit\\\/quicksilver-nanoemulsified-coq10-50-ml\\\/\",\"name\":\"Coenzyme Q10 nano\u00e9mulsionn\u00e9e QUICKSILVER (50 ml) - ECO Supplements\",\"isPartOf\":{\"@id\":\"https:\\\/\\\/ecosupplements.be\\\/fr\\\/#website\"},\"primaryImageOfPage\":{\"@id\":\"https:\\\/\\\/ecosupplements.be\\\/fr\\\/produit\\\/quicksilver-nanoemulsified-coq10-50-ml\\\/#primaryimage\"},\"image\":{\"@id\":\"https:\\\/\\\/ecosupplements.be\\\/fr\\\/produit\\\/quicksilver-nanoemulsified-coq10-50-ml\\\/#primaryimage\"},\"thumbnailUrl\":\"https:\\\/\\\/ecosupplements.be\\\/wp-content\\\/uploads\\\/2025\\\/08\\\/QUICKSILVER-Nanoemulsified-CoQ10-50-ml.jpg\",\"datePublished\":\"2025-07-26T20:31:16+00:00\",\"dateModified\":\"2025-08-28T02:49:45+00:00\",\"description\":\"Wij hebben een ruime keuze aan producten van Coenzyme Q10 nano\u00e9mulsionn\u00e9e QUICKSILVER (50 ml) . Winkel bij Eco Supplements altijd gratis verzending boven 100\u20ac\",\"breadcrumb\":{\"@id\":\"https:\\\/\\\/ecosupplements.be\\\/fr\\\/produit\\\/quicksilver-nanoemulsified-coq10-50-ml\\\/#breadcrumb\"},\"inLanguage\":\"fr-FR\",\"potentialAction\":[{\"@type\":\"ReadAction\",\"target\":[\"https:\\\/\\\/ecosupplements.be\\\/fr\\\/produit\\\/quicksilver-nanoemulsified-coq10-50-ml\\\/\"]}]},{\"@type\":\"ImageObject\",\"inLanguage\":\"fr-FR\",\"@id\":\"https:\\\/\\\/ecosupplements.be\\\/fr\\\/produit\\\/quicksilver-nanoemulsified-coq10-50-ml\\\/#primaryimage\",\"url\":\"https:\\\/\\\/ecosupplements.be\\\/wp-content\\\/uploads\\\/2025\\\/08\\\/QUICKSILVER-Nanoemulsified-CoQ10-50-ml.jpg\",\"contentUrl\":\"https:\\\/\\\/ecosupplements.be\\\/wp-content\\\/uploads\\\/2025\\\/08\\\/QUICKSILVER-Nanoemulsified-CoQ10-50-ml.jpg\",\"width\":1100,\"height\":786},{\"@type\":\"BreadcrumbList\",\"@id\":\"https:\\\/\\\/ecosupplements.be\\\/fr\\\/produit\\\/quicksilver-nanoemulsified-coq10-50-ml\\\/#breadcrumb\",\"itemListElement\":[{\"@type\":\"ListItem\",\"position\":1,\"name\":\"Home\",\"item\":\"https:\\\/\\\/ecosupplements.be\\\/fr\\\/\"},{\"@type\":\"ListItem\",\"position\":2,\"name\":\"Boutique\",\"item\":\"https:\\\/\\\/ecosupplements.be\\\/fr\\\/boutique\\\/\"},{\"@type\":\"ListItem\",\"position\":3,\"name\":\"Coenzyme Q10 nano\u00e9mulsionn\u00e9e QUICKSILVER (50 ml)\"}]},{\"@type\":\"WebSite\",\"@id\":\"https:\\\/\\\/ecosupplements.be\\\/fr\\\/#website\",\"url\":\"https:\\\/\\\/ecosupplements.be\\\/fr\\\/\",\"name\":\"ECO Supplements\",\"description\":\"Eco Supplements - Gezonde supplementen\",\"publisher\":{\"@id\":\"https:\\\/\\\/ecosupplements.be\\\/fr\\\/#organization\"},\"potentialAction\":[{\"@type\":\"SearchAction\",\"target\":{\"@type\":\"EntryPoint\",\"urlTemplate\":\"https:\\\/\\\/ecosupplements.be\\\/fr\\\/?s={search_term_string}\"},\"query-input\":{\"@type\":\"PropertyValueSpecification\",\"valueRequired\":true,\"valueName\":\"search_term_string\"}}],\"inLanguage\":\"fr-FR\"},{\"@type\":\"Organization\",\"@id\":\"https:\\\/\\\/ecosupplements.be\\\/fr\\\/#organization\",\"name\":\"Eco Supplements\",\"url\":\"https:\\\/\\\/ecosupplements.be\\\/fr\\\/\",\"logo\":{\"@type\":\"ImageObject\",\"inLanguage\":\"fr-FR\",\"@id\":\"https:\\\/\\\/ecosupplements.be\\\/fr\\\/#\\\/schema\\\/logo\\\/image\\\/\",\"url\":\"https:\\\/\\\/ecosupplements.be\\\/wp-content\\\/uploads\\\/2022\\\/06\\\/ecosupplement-family.png\",\"contentUrl\":\"https:\\\/\\\/ecosupplements.be\\\/wp-content\\\/uploads\\\/2022\\\/06\\\/ecosupplement-family.png\",\"width\":593,\"height\":374,\"caption\":\"Eco Supplements\"},\"image\":{\"@id\":\"https:\\\/\\\/ecosupplements.be\\\/fr\\\/#\\\/schema\\\/logo\\\/image\\\/\"}}]}<\/script>\n<meta property=\"product:brand\" content=\"Quicksilver\" \/>\n<meta property=\"product:price:amount\" content=\"51.51\" \/>\n<meta property=\"product:price:currency\" content=\"EUR\" \/>\n<meta property=\"og:availability\" content=\"instock\" \/>\n<meta property=\"product:availability\" content=\"instock\" \/>\n<meta property=\"product:retailer_item_id\" content=\"653341621306\" \/>\n<meta property=\"product:condition\" content=\"new\" \/>\n<!-- \/ Yoast SEO Premium plugin. -->","yoast_head_json":{"title":"Coenzyme Q10 nano\u00e9mulsionn\u00e9e QUICKSILVER (50 ml) - ECO Supplements","description":"Wij hebben een ruime keuze aan producten van Coenzyme Q10 nano\u00e9mulsionn\u00e9e QUICKSILVER (50 ml) . Winkel bij Eco Supplements altijd gratis verzending boven 100\u20ac","robots":{"index":"index","follow":"follow","max-snippet":"max-snippet:-1","max-image-preview":"max-image-preview:large","max-video-preview":"max-video-preview:-1"},"canonical":"https:\/\/ecosupplements.be\/fr\/produit\/quicksilver-nanoemulsified-coq10-50-ml\/","og_locale":"fr_FR","og_type":"article","og_title":"Coenzyme Q10 nano\u00e9mulsionn\u00e9e QUICKSILVER (50 ml)","og_description":"Wij hebben een ruime keuze aan producten van Coenzyme Q10 nano\u00e9mulsionn\u00e9e QUICKSILVER (50 ml) . Winkel bij Eco Supplements altijd gratis verzending boven 100\u20ac","og_url":"https:\/\/ecosupplements.be\/fr\/produit\/quicksilver-nanoemulsified-coq10-50-ml\/","og_site_name":"ECO Supplements","article_modified_time":"2025-08-28T02:49:45+00:00","og_image":[{"width":1100,"height":786,"url":"https:\/\/ecosupplements.be\/wp-content\/uploads\/2025\/08\/Quicksilver-QUICKSILVER-Nanoemulsified-CoQ10-50-ml.jpg","type":"image\/jpeg"}],"twitter_card":"summary_large_image","twitter_misc":{"Prix":"51.51&nbsp;&euro;","Disponibilit\u00e9":"En stock"},"schema":{"@context":"https:\/\/schema.org","@graph":[{"@type":["WebPage","ItemPage"],"@id":"https:\/\/ecosupplements.be\/fr\/produit\/quicksilver-nanoemulsified-coq10-50-ml\/","url":"https:\/\/ecosupplements.be\/fr\/produit\/quicksilver-nanoemulsified-coq10-50-ml\/","name":"Coenzyme Q10 nano\u00e9mulsionn\u00e9e QUICKSILVER (50 ml) - ECO Supplements","isPartOf":{"@id":"https:\/\/ecosupplements.be\/fr\/#website"},"primaryImageOfPage":{"@id":"https:\/\/ecosupplements.be\/fr\/produit\/quicksilver-nanoemulsified-coq10-50-ml\/#primaryimage"},"image":{"@id":"https:\/\/ecosupplements.be\/fr\/produit\/quicksilver-nanoemulsified-coq10-50-ml\/#primaryimage"},"thumbnailUrl":"https:\/\/ecosupplements.be\/wp-content\/uploads\/2025\/08\/QUICKSILVER-Nanoemulsified-CoQ10-50-ml.jpg","datePublished":"2025-07-26T20:31:16+00:00","dateModified":"2025-08-28T02:49:45+00:00","description":"Wij hebben een ruime keuze aan producten van Coenzyme Q10 nano\u00e9mulsionn\u00e9e QUICKSILVER (50 ml) . Winkel bij Eco Supplements altijd gratis verzending boven 100\u20ac","breadcrumb":{"@id":"https:\/\/ecosupplements.be\/fr\/produit\/quicksilver-nanoemulsified-coq10-50-ml\/#breadcrumb"},"inLanguage":"fr-FR","potentialAction":[{"@type":"ReadAction","target":["https:\/\/ecosupplements.be\/fr\/produit\/quicksilver-nanoemulsified-coq10-50-ml\/"]}]},{"@type":"ImageObject","inLanguage":"fr-FR","@id":"https:\/\/ecosupplements.be\/fr\/produit\/quicksilver-nanoemulsified-coq10-50-ml\/#primaryimage","url":"https:\/\/ecosupplements.be\/wp-content\/uploads\/2025\/08\/QUICKSILVER-Nanoemulsified-CoQ10-50-ml.jpg","contentUrl":"https:\/\/ecosupplements.be\/wp-content\/uploads\/2025\/08\/QUICKSILVER-Nanoemulsified-CoQ10-50-ml.jpg","width":1100,"height":786},{"@type":"BreadcrumbList","@id":"https:\/\/ecosupplements.be\/fr\/produit\/quicksilver-nanoemulsified-coq10-50-ml\/#breadcrumb","itemListElement":[{"@type":"ListItem","position":1,"name":"Home","item":"https:\/\/ecosupplements.be\/fr\/"},{"@type":"ListItem","position":2,"name":"Boutique","item":"https:\/\/ecosupplements.be\/fr\/boutique\/"},{"@type":"ListItem","position":3,"name":"Coenzyme Q10 nano\u00e9mulsionn\u00e9e QUICKSILVER (50 ml)"}]},{"@type":"WebSite","@id":"https:\/\/ecosupplements.be\/fr\/#website","url":"https:\/\/ecosupplements.be\/fr\/","name":"ECO Supplements","description":"Eco Supplements - Gezonde supplementen","publisher":{"@id":"https:\/\/ecosupplements.be\/fr\/#organization"},"potentialAction":[{"@type":"SearchAction","target":{"@type":"EntryPoint","urlTemplate":"https:\/\/ecosupplements.be\/fr\/?s={search_term_string}"},"query-input":{"@type":"PropertyValueSpecification","valueRequired":true,"valueName":"search_term_string"}}],"inLanguage":"fr-FR"},{"@type":"Organization","@id":"https:\/\/ecosupplements.be\/fr\/#organization","name":"Eco Supplements","url":"https:\/\/ecosupplements.be\/fr\/","logo":{"@type":"ImageObject","inLanguage":"fr-FR","@id":"https:\/\/ecosupplements.be\/fr\/#\/schema\/logo\/image\/","url":"https:\/\/ecosupplements.be\/wp-content\/uploads\/2022\/06\/ecosupplement-family.png","contentUrl":"https:\/\/ecosupplements.be\/wp-content\/uploads\/2022\/06\/ecosupplement-family.png","width":593,"height":374,"caption":"Eco Supplements"},"image":{"@id":"https:\/\/ecosupplements.be\/fr\/#\/schema\/logo\/image\/"}}]},"product_brand":"Quicksilver","product_price_amount":"51.51","product_price_currency":"EUR","og_availability":"instock","product_availability":"instock","product_retailer_item_id":"653341621306","product_condition":"new"},"_links":{"self":[{"href":"https:\/\/ecosupplements.be\/fr\/wp-json\/wp\/v2\/product\/303069","targetHints":{"allow":["GET"]}}],"collection":[{"href":"https:\/\/ecosupplements.be\/fr\/wp-json\/wp\/v2\/product"}],"about":[{"href":"https:\/\/ecosupplements.be\/fr\/wp-json\/wp\/v2\/types\/product"}],"replies":[{"embeddable":true,"href":"https:\/\/ecosupplements.be\/fr\/wp-json\/wp\/v2\/comments?post=303069"}],"wp:featuredmedia":[{"embeddable":true,"href":"https:\/\/ecosupplements.be\/fr\/wp-json\/wp\/v2\/media\/277209"}],"wp:attachment":[{"href":"https:\/\/ecosupplements.be\/fr\/wp-json\/wp\/v2\/media?parent=303069"}],"wp:term":[{"taxonomy":"product_brand","embeddable":true,"href":"https:\/\/ecosupplements.be\/fr\/wp-json\/wp\/v2\/product_brand?post=303069"},{"taxonomy":"product_cat","embeddable":true,"href":"https:\/\/ecosupplements.be\/fr\/wp-json\/wp\/v2\/product_cat?post=303069"},{"taxonomy":"product_tag","embeddable":true,"href":"https:\/\/ecosupplements.be\/fr\/wp-json\/wp\/v2\/product_tag?post=303069"}],"curies":[{"name":"wp","href":"https:\/\/api.w.org\/{rel}","templated":true}]}}