{"id":303159,"date":"2025-07-26T22:45:12","date_gmt":"2025-07-26T21:45:12","guid":{"rendered":"https:\/\/ecosupplements.be\/product\/solgar-chelated-solamins-multimineral-90-tabs\/"},"modified":"2025-08-28T03:51:23","modified_gmt":"2025-08-28T02:51:23","slug":"solgar-chelated-solamins-multimineral-90-tabs","status":"publish","type":"product","link":"https:\/\/ecosupplements.be\/fr\/produit\/solgar-chelated-solamins-multimineral-90-tabs\/","title":{"rendered":"Solgar Ch\u00e9lat\u00e9 Solamins Multimin\u00e9raux (90 comprim\u00e9s)"},"content":{"rendered":"<h2>SOLGAR Chelated Solamins Multimineral (90 tabs)<\/h2>\n<p>D\u00e9couvrez SOLGAR Chelated Solamins Multimineral, un produit con\u00e7u pour s&#8217;int\u00e9grer harmonieusement \u00e0 votre quotidien. Ce compl\u00e9ment en format pratique de 90 comprim\u00e9s est facile \u00e0 utiliser et peut \u00eatre pris lors des repas.<\/p>\n<h3>Composition Naturelle<\/h3>\n<p>Ce produit contient une s\u00e9lection de min\u00e9raux tels que le calcium, le magn\u00e9sium, le potassium, le zinc, et d&#8217;autres \u00e9l\u00e9ments essentiels issus de sources ch\u00e9lat\u00e9es pour une grande puret\u00e9. les ingr\u00e9dients naturels sont soigneusement choisis pour leur qualit\u00e9.<\/p>\n<h3>Utilisation<\/h3>\n<p>La dose recommand\u00e9e est de trois comprim\u00e9s par jour \u00e0 prendre avec un repas ou selon les indications d&#8217;un professionnel.<\/p>\n<h3>caract\u00e9ristiques du Produit<\/h3>\n<ul>\n<li><strong>Format :<\/strong> Bo\u00eete de 90 comprim\u00e9s.<\/li>\n<li><strong>Ingr\u00e9dients additionnels :<\/strong> Agents de charge (cellulose microcristalline, maltodextrine), agents anti-agglom\u00e9rants (st\u00e9arate de magn\u00e9sium v\u00e9g\u00e9tal), agents d&#8217;enrobage pour maintenir la fra\u00eecheur du produit.<\/li>\n<\/ul>\n<p>Ce compl\u00e9ment est un choix parfait pour ceux qui appr\u00e9cient les produits pratiques au quotidien et qui privil\u00e9gient les ingr\u00e9dients naturels dans leur mode de vie actif. Il s&#8217;inscrit dans une d\u00e9marche respectueuse du bien-\u00eatre g\u00e9n\u00e9ral sans substituer une alimentation vari\u00e9e et \u00e9quilibr\u00e9e.<\/p>\n<h3>Mise en garde<\/h3>\n<p>N&#8217;exc\u00e9dez pas la dose journali\u00e8re recommand\u00e9e. Destin\u00e9 aux adultes uniquement. Consultez un professionnel avant utilisation si vous \u00eates enceinte, allaitant ou sous traitement m\u00e9dical.<\/p>\n<h4>Conservation<\/h4>\n<p>Gardez ce produit hors de port\u00e9e des enfants et conservez-le dans un endroit sec et frais pour pr\u00e9server sa qualit\u00e9 optimale.<\/p>\n","protected":false},"excerpt":{"rendered":"<p>SOLGAR Chelated Solamins Multimineral (90 tabs) D\u00e9couvrez SOLGAR Chelated Solamins Multimineral, un produit con\u00e7u pour s&#8217;int\u00e9grer harmonieusement \u00e0 votre quotidien. Ce compl\u00e9ment en format pratique de 90 comprim\u00e9s est facile \u00e0 utiliser et peut \u00eatre pris lors des repas. Composition Naturelle Ce produit contient une s\u00e9lection de min\u00e9raux tels que le calcium, le magn\u00e9sium, le [&#8230;]\n","protected":false},"featured_media":277299,"comment_status":"closed","ping_status":"open","template":"","meta":[],"product_brand":[4760],"product_cat":[5064,5053],"product_tag":[],"class_list":{"0":"post-303159","1":"product","2":"type-product","3":"status-publish","4":"has-post-thumbnail","6":"product_brand-solgar-2","7":"product_cat-mineraux-simples","8":"product_cat-vitamines-et-mineraux","10":"first","11":"instock","12":"taxable","13":"shipping-taxable","14":"purchasable","15":"product-type-simple"},"yoast_head":"<!-- This site is optimized with the Yoast SEO Premium plugin v27.3 (Yoast SEO v27.3) - https:\/\/yoast.com\/product\/yoast-seo-premium-wordpress\/ -->\n<title>Solgar Ch\u00e9lat\u00e9 Solamins Multimin\u00e9raux (90 comprim\u00e9s) - ECO Supplements<\/title>\n<meta name=\"description\" content=\"Wij hebben een ruime keuze aan producten van Solgar Ch\u00e9lat\u00e9 Solamins Multimin\u00e9raux (90 comprim\u00e9s) . Winkel bij Eco Supplements altijd gratis verzending boven 100\u20ac\" \/>\n<meta name=\"robots\" content=\"index, follow, max-snippet:-1, max-image-preview:large, max-video-preview:-1\" \/>\n<link rel=\"canonical\" href=\"https:\/\/ecosupplements.be\/fr\/produit\/solgar-chelated-solamins-multimineral-90-tabs\/\" \/>\n<meta property=\"og:locale\" content=\"fr_FR\" \/>\n<meta property=\"og:type\" content=\"article\" \/>\n<meta property=\"og:title\" content=\"Solgar Ch\u00e9lat\u00e9 Solamins Multimin\u00e9raux (90 comprim\u00e9s)\" \/>\n<meta property=\"og:description\" content=\"Wij hebben een ruime keuze aan producten van Solgar Ch\u00e9lat\u00e9 Solamins Multimin\u00e9raux (90 comprim\u00e9s) . Winkel bij Eco Supplements altijd gratis verzending boven 100\u20ac\" \/>\n<meta property=\"og:url\" content=\"https:\/\/ecosupplements.be\/fr\/produit\/solgar-chelated-solamins-multimineral-90-tabs\/\" \/>\n<meta property=\"og:site_name\" content=\"ECO Supplements\" \/>\n<meta property=\"article:modified_time\" content=\"2025-08-28T02:51:23+00:00\" \/>\n<meta property=\"og:image\" content=\"https:\/\/ecosupplements.be\/wp-content\/uploads\/2025\/08\/Solgar-SOLGAR-Chelated-Solamins-Multimineral-90-tabs.jpg\" \/>\n\t<meta property=\"og:image:width\" content=\"800\" \/>\n\t<meta property=\"og:image:height\" content=\"800\" \/>\n\t<meta property=\"og:image:type\" content=\"image\/jpeg\" \/>\n<meta name=\"twitter:card\" content=\"summary_large_image\" \/>\n<meta name=\"twitter:label1\" content=\"Prix\" \/>\n\t<meta name=\"twitter:data1\" content=\"35.54&nbsp;&euro;\" \/>\n\t<meta name=\"twitter:label2\" content=\"Disponibilit\u00e9\" \/>\n\t<meta name=\"twitter:data2\" content=\"En stock\" \/>\n<script type=\"application\/ld+json\" class=\"yoast-schema-graph\">{\"@context\":\"https:\\\/\\\/schema.org\",\"@graph\":[{\"@type\":[\"WebPage\",\"ItemPage\"],\"@id\":\"https:\\\/\\\/ecosupplements.be\\\/fr\\\/produit\\\/solgar-chelated-solamins-multimineral-90-tabs\\\/\",\"url\":\"https:\\\/\\\/ecosupplements.be\\\/fr\\\/produit\\\/solgar-chelated-solamins-multimineral-90-tabs\\\/\",\"name\":\"Solgar Ch\u00e9lat\u00e9 Solamins Multimin\u00e9raux (90 comprim\u00e9s) - ECO Supplements\",\"isPartOf\":{\"@id\":\"https:\\\/\\\/ecosupplements.be\\\/fr\\\/#website\"},\"primaryImageOfPage\":{\"@id\":\"https:\\\/\\\/ecosupplements.be\\\/fr\\\/produit\\\/solgar-chelated-solamins-multimineral-90-tabs\\\/#primaryimage\"},\"image\":{\"@id\":\"https:\\\/\\\/ecosupplements.be\\\/fr\\\/produit\\\/solgar-chelated-solamins-multimineral-90-tabs\\\/#primaryimage\"},\"thumbnailUrl\":\"https:\\\/\\\/ecosupplements.be\\\/wp-content\\\/uploads\\\/2025\\\/08\\\/SOLGAR-Chelated-Solamins-Multimineral-90-tabs.jpg\",\"datePublished\":\"2025-07-26T21:45:12+00:00\",\"dateModified\":\"2025-08-28T02:51:23+00:00\",\"description\":\"Wij hebben een ruime keuze aan producten van Solgar Ch\u00e9lat\u00e9 Solamins Multimin\u00e9raux (90 comprim\u00e9s) . Winkel bij Eco Supplements altijd gratis verzending boven 100\u20ac\",\"breadcrumb\":{\"@id\":\"https:\\\/\\\/ecosupplements.be\\\/fr\\\/produit\\\/solgar-chelated-solamins-multimineral-90-tabs\\\/#breadcrumb\"},\"inLanguage\":\"fr-FR\",\"potentialAction\":[{\"@type\":\"ReadAction\",\"target\":[\"https:\\\/\\\/ecosupplements.be\\\/fr\\\/produit\\\/solgar-chelated-solamins-multimineral-90-tabs\\\/\"]}]},{\"@type\":\"ImageObject\",\"inLanguage\":\"fr-FR\",\"@id\":\"https:\\\/\\\/ecosupplements.be\\\/fr\\\/produit\\\/solgar-chelated-solamins-multimineral-90-tabs\\\/#primaryimage\",\"url\":\"https:\\\/\\\/ecosupplements.be\\\/wp-content\\\/uploads\\\/2025\\\/08\\\/SOLGAR-Chelated-Solamins-Multimineral-90-tabs.jpg\",\"contentUrl\":\"https:\\\/\\\/ecosupplements.be\\\/wp-content\\\/uploads\\\/2025\\\/08\\\/SOLGAR-Chelated-Solamins-Multimineral-90-tabs.jpg\",\"width\":800,\"height\":800},{\"@type\":\"BreadcrumbList\",\"@id\":\"https:\\\/\\\/ecosupplements.be\\\/fr\\\/produit\\\/solgar-chelated-solamins-multimineral-90-tabs\\\/#breadcrumb\",\"itemListElement\":[{\"@type\":\"ListItem\",\"position\":1,\"name\":\"Home\",\"item\":\"https:\\\/\\\/ecosupplements.be\\\/fr\\\/\"},{\"@type\":\"ListItem\",\"position\":2,\"name\":\"Boutique\",\"item\":\"https:\\\/\\\/ecosupplements.be\\\/fr\\\/boutique\\\/\"},{\"@type\":\"ListItem\",\"position\":3,\"name\":\"Solgar Ch\u00e9lat\u00e9 Solamins Multimin\u00e9raux (90 comprim\u00e9s)\"}]},{\"@type\":\"WebSite\",\"@id\":\"https:\\\/\\\/ecosupplements.be\\\/fr\\\/#website\",\"url\":\"https:\\\/\\\/ecosupplements.be\\\/fr\\\/\",\"name\":\"ECO Supplements\",\"description\":\"Eco Supplements - Gezonde supplementen\",\"publisher\":{\"@id\":\"https:\\\/\\\/ecosupplements.be\\\/fr\\\/#organization\"},\"potentialAction\":[{\"@type\":\"SearchAction\",\"target\":{\"@type\":\"EntryPoint\",\"urlTemplate\":\"https:\\\/\\\/ecosupplements.be\\\/fr\\\/?s={search_term_string}\"},\"query-input\":{\"@type\":\"PropertyValueSpecification\",\"valueRequired\":true,\"valueName\":\"search_term_string\"}}],\"inLanguage\":\"fr-FR\"},{\"@type\":\"Organization\",\"@id\":\"https:\\\/\\\/ecosupplements.be\\\/fr\\\/#organization\",\"name\":\"Eco Supplements\",\"url\":\"https:\\\/\\\/ecosupplements.be\\\/fr\\\/\",\"logo\":{\"@type\":\"ImageObject\",\"inLanguage\":\"fr-FR\",\"@id\":\"https:\\\/\\\/ecosupplements.be\\\/fr\\\/#\\\/schema\\\/logo\\\/image\\\/\",\"url\":\"https:\\\/\\\/ecosupplements.be\\\/wp-content\\\/uploads\\\/2022\\\/06\\\/ecosupplement-family.png\",\"contentUrl\":\"https:\\\/\\\/ecosupplements.be\\\/wp-content\\\/uploads\\\/2022\\\/06\\\/ecosupplement-family.png\",\"width\":593,\"height\":374,\"caption\":\"Eco Supplements\"},\"image\":{\"@id\":\"https:\\\/\\\/ecosupplements.be\\\/fr\\\/#\\\/schema\\\/logo\\\/image\\\/\"}}]}<\/script>\n<meta property=\"product:brand\" content=\"Solgar\" \/>\n<meta property=\"product:price:amount\" content=\"35.54\" \/>\n<meta property=\"product:price:currency\" content=\"EUR\" \/>\n<meta property=\"og:availability\" content=\"instock\" \/>\n<meta property=\"product:availability\" content=\"instock\" \/>\n<meta property=\"product:retailer_item_id\" content=\"033984007802\" \/>\n<meta property=\"product:condition\" content=\"new\" \/>\n<!-- \/ Yoast SEO Premium plugin. -->","yoast_head_json":{"title":"Solgar Ch\u00e9lat\u00e9 Solamins Multimin\u00e9raux (90 comprim\u00e9s) - ECO Supplements","description":"Wij hebben een ruime keuze aan producten van Solgar Ch\u00e9lat\u00e9 Solamins Multimin\u00e9raux (90 comprim\u00e9s) . Winkel bij Eco Supplements altijd gratis verzending boven 100\u20ac","robots":{"index":"index","follow":"follow","max-snippet":"max-snippet:-1","max-image-preview":"max-image-preview:large","max-video-preview":"max-video-preview:-1"},"canonical":"https:\/\/ecosupplements.be\/fr\/produit\/solgar-chelated-solamins-multimineral-90-tabs\/","og_locale":"fr_FR","og_type":"article","og_title":"Solgar Ch\u00e9lat\u00e9 Solamins Multimin\u00e9raux (90 comprim\u00e9s)","og_description":"Wij hebben een ruime keuze aan producten van Solgar Ch\u00e9lat\u00e9 Solamins Multimin\u00e9raux (90 comprim\u00e9s) . Winkel bij Eco Supplements altijd gratis verzending boven 100\u20ac","og_url":"https:\/\/ecosupplements.be\/fr\/produit\/solgar-chelated-solamins-multimineral-90-tabs\/","og_site_name":"ECO Supplements","article_modified_time":"2025-08-28T02:51:23+00:00","og_image":[{"width":800,"height":800,"url":"https:\/\/ecosupplements.be\/wp-content\/uploads\/2025\/08\/Solgar-SOLGAR-Chelated-Solamins-Multimineral-90-tabs.jpg","type":"image\/jpeg"}],"twitter_card":"summary_large_image","twitter_misc":{"Prix":"35.54&nbsp;&euro;","Disponibilit\u00e9":"En stock"},"schema":{"@context":"https:\/\/schema.org","@graph":[{"@type":["WebPage","ItemPage"],"@id":"https:\/\/ecosupplements.be\/fr\/produit\/solgar-chelated-solamins-multimineral-90-tabs\/","url":"https:\/\/ecosupplements.be\/fr\/produit\/solgar-chelated-solamins-multimineral-90-tabs\/","name":"Solgar Ch\u00e9lat\u00e9 Solamins Multimin\u00e9raux (90 comprim\u00e9s) - ECO Supplements","isPartOf":{"@id":"https:\/\/ecosupplements.be\/fr\/#website"},"primaryImageOfPage":{"@id":"https:\/\/ecosupplements.be\/fr\/produit\/solgar-chelated-solamins-multimineral-90-tabs\/#primaryimage"},"image":{"@id":"https:\/\/ecosupplements.be\/fr\/produit\/solgar-chelated-solamins-multimineral-90-tabs\/#primaryimage"},"thumbnailUrl":"https:\/\/ecosupplements.be\/wp-content\/uploads\/2025\/08\/SOLGAR-Chelated-Solamins-Multimineral-90-tabs.jpg","datePublished":"2025-07-26T21:45:12+00:00","dateModified":"2025-08-28T02:51:23+00:00","description":"Wij hebben een ruime keuze aan producten van Solgar Ch\u00e9lat\u00e9 Solamins Multimin\u00e9raux (90 comprim\u00e9s) . Winkel bij Eco Supplements altijd gratis verzending boven 100\u20ac","breadcrumb":{"@id":"https:\/\/ecosupplements.be\/fr\/produit\/solgar-chelated-solamins-multimineral-90-tabs\/#breadcrumb"},"inLanguage":"fr-FR","potentialAction":[{"@type":"ReadAction","target":["https:\/\/ecosupplements.be\/fr\/produit\/solgar-chelated-solamins-multimineral-90-tabs\/"]}]},{"@type":"ImageObject","inLanguage":"fr-FR","@id":"https:\/\/ecosupplements.be\/fr\/produit\/solgar-chelated-solamins-multimineral-90-tabs\/#primaryimage","url":"https:\/\/ecosupplements.be\/wp-content\/uploads\/2025\/08\/SOLGAR-Chelated-Solamins-Multimineral-90-tabs.jpg","contentUrl":"https:\/\/ecosupplements.be\/wp-content\/uploads\/2025\/08\/SOLGAR-Chelated-Solamins-Multimineral-90-tabs.jpg","width":800,"height":800},{"@type":"BreadcrumbList","@id":"https:\/\/ecosupplements.be\/fr\/produit\/solgar-chelated-solamins-multimineral-90-tabs\/#breadcrumb","itemListElement":[{"@type":"ListItem","position":1,"name":"Home","item":"https:\/\/ecosupplements.be\/fr\/"},{"@type":"ListItem","position":2,"name":"Boutique","item":"https:\/\/ecosupplements.be\/fr\/boutique\/"},{"@type":"ListItem","position":3,"name":"Solgar Ch\u00e9lat\u00e9 Solamins Multimin\u00e9raux (90 comprim\u00e9s)"}]},{"@type":"WebSite","@id":"https:\/\/ecosupplements.be\/fr\/#website","url":"https:\/\/ecosupplements.be\/fr\/","name":"ECO Supplements","description":"Eco Supplements - Gezonde supplementen","publisher":{"@id":"https:\/\/ecosupplements.be\/fr\/#organization"},"potentialAction":[{"@type":"SearchAction","target":{"@type":"EntryPoint","urlTemplate":"https:\/\/ecosupplements.be\/fr\/?s={search_term_string}"},"query-input":{"@type":"PropertyValueSpecification","valueRequired":true,"valueName":"search_term_string"}}],"inLanguage":"fr-FR"},{"@type":"Organization","@id":"https:\/\/ecosupplements.be\/fr\/#organization","name":"Eco Supplements","url":"https:\/\/ecosupplements.be\/fr\/","logo":{"@type":"ImageObject","inLanguage":"fr-FR","@id":"https:\/\/ecosupplements.be\/fr\/#\/schema\/logo\/image\/","url":"https:\/\/ecosupplements.be\/wp-content\/uploads\/2022\/06\/ecosupplement-family.png","contentUrl":"https:\/\/ecosupplements.be\/wp-content\/uploads\/2022\/06\/ecosupplement-family.png","width":593,"height":374,"caption":"Eco Supplements"},"image":{"@id":"https:\/\/ecosupplements.be\/fr\/#\/schema\/logo\/image\/"}}]},"product_brand":"Solgar","product_price_amount":"35.54","product_price_currency":"EUR","og_availability":"instock","product_availability":"instock","product_retailer_item_id":"033984007802","product_condition":"new"},"_links":{"self":[{"href":"https:\/\/ecosupplements.be\/fr\/wp-json\/wp\/v2\/product\/303159","targetHints":{"allow":["GET"]}}],"collection":[{"href":"https:\/\/ecosupplements.be\/fr\/wp-json\/wp\/v2\/product"}],"about":[{"href":"https:\/\/ecosupplements.be\/fr\/wp-json\/wp\/v2\/types\/product"}],"replies":[{"embeddable":true,"href":"https:\/\/ecosupplements.be\/fr\/wp-json\/wp\/v2\/comments?post=303159"}],"wp:featuredmedia":[{"embeddable":true,"href":"https:\/\/ecosupplements.be\/fr\/wp-json\/wp\/v2\/media\/277299"}],"wp:attachment":[{"href":"https:\/\/ecosupplements.be\/fr\/wp-json\/wp\/v2\/media?parent=303159"}],"wp:term":[{"taxonomy":"product_brand","embeddable":true,"href":"https:\/\/ecosupplements.be\/fr\/wp-json\/wp\/v2\/product_brand?post=303159"},{"taxonomy":"product_cat","embeddable":true,"href":"https:\/\/ecosupplements.be\/fr\/wp-json\/wp\/v2\/product_cat?post=303159"},{"taxonomy":"product_tag","embeddable":true,"href":"https:\/\/ecosupplements.be\/fr\/wp-json\/wp\/v2\/product_tag?post=303159"}],"curies":[{"name":"wp","href":"https:\/\/api.w.org\/{rel}","templated":true}]}}