{"id":303213,"date":"2025-07-26T23:31:18","date_gmt":"2025-07-26T22:31:18","guid":{"rendered":"https:\/\/ecosupplements.be\/product\/solgar-dry-vitamin-e-with-yeast-free-selenium-100-caps\/"},"modified":"2025-08-28T03:52:21","modified_gmt":"2025-08-28T02:52:21","slug":"solgar-dry-vitamin-e-with-yeast-free-selenium-100-caps","status":"publish","type":"product","link":"https:\/\/ecosupplements.be\/fr\/produit\/solgar-dry-vitamin-e-with-yeast-free-selenium-100-caps\/","title":{"rendered":"Vitamine E s\u00e8che de SOLGAR avec s\u00e9l\u00e9nium sans levure (100 g\u00e9lules)"},"content":{"rendered":"<h2>SOLGAR Dry Vitamin E with Yeast Free Selenium (100 caps)<\/h2>\n<p>D\u00e9couvrez le compl\u00e9ment SOLGAR Dry Vitamin E with Yeast Free Selenium, con\u00e7u pour s&#8217;int\u00e9grer harmonieusement \u00e0 votre quotidien. Ce produit combine de la vitamine E sous forme s\u00e8che et du s\u00e9l\u00e9nium, deux composants appr\u00e9ci\u00e9s pour leur origine naturelle.<\/p>\n<h3>Ingr\u00e9dients principaux :<\/h3>\n<ul>\n<li>Vitamine E (sous forme de succinate de D-alpha-tocoph\u00e9ryle)<\/li>\n<li>S\u00e9l\u00e9nium (L-s\u00e9l\u00e9nom\u00e9thionine)<\/li>\n<\/ul>\n<p>La capsule est envelopp\u00e9e dans une gaine v\u00e9g\u00e9tale, et les agents de remplissage utilis\u00e9s sont la cellulose microcristalline et les sels magn\u00e9siens d&#8217;acides gras, garantissant un produit pur et naturel.<\/p>\n<h3>Contenu et emballage :<\/h3>\n<p>Ce produit est pr\u00e9sent\u00e9 dans un flacon contenant 100 capsules faciles \u00e0 utiliser.<\/p>\n<h3>Utilisation :<\/h3>\n<p>Il est recommand\u00e9 de prendre deux capsules par jour lors des repas.Ce dosage simple facilite l&#8217;int\u00e9gration du compl\u00e9ment \u00e0 votre routine alimentaire quotidienne sans complication.<\/p>\n<h4>Caract\u00e9ristiques pratiques :<\/h4>\n<ul>\n<li>Capsules faciles \u00e0 avaler<\/li>\n<li>Format pratique pour une conservation optimale<\/li>\n<\/ul>\n<p>SOLGAR Dry Vitamin E with Yeast Free Selenium est un choix parfait pour ceux qui appr\u00e9cient les ingr\u00e9dients naturels dans un mode de vie actif.Conservez le produit dans un endroit sec et frais pour maintenir sa qualit\u00e9 optimale.<\/p>\n","protected":false},"excerpt":{"rendered":"<p>SOLGAR Dry Vitamin E with Yeast Free Selenium (100 caps) D\u00e9couvrez le compl\u00e9ment SOLGAR Dry Vitamin E with Yeast Free Selenium, con\u00e7u pour s&#8217;int\u00e9grer harmonieusement \u00e0 votre quotidien. Ce produit combine de la vitamine E sous forme s\u00e8che et du s\u00e9l\u00e9nium, deux composants appr\u00e9ci\u00e9s pour leur origine naturelle. Ingr\u00e9dients principaux : Vitamine E (sous forme [&#8230;]\n","protected":false},"featured_media":277353,"comment_status":"closed","ping_status":"open","template":"","meta":[],"product_brand":[4760],"product_cat":[5053,5059],"product_tag":[],"class_list":{"0":"post-303213","1":"product","2":"type-product","3":"status-publish","4":"has-post-thumbnail","6":"product_brand-solgar-2","7":"product_cat-vitamines-et-mineraux","8":"product_cat-vitamines-simples","10":"first","11":"instock","12":"taxable","13":"shipping-taxable","14":"purchasable","15":"product-type-simple"},"yoast_head":"<!-- This site is optimized with the Yoast SEO Premium plugin v27.5 (Yoast SEO v27.5) - https:\/\/yoast.com\/product\/yoast-seo-premium-wordpress\/ -->\n<title>Vitamine E s\u00e8che de SOLGAR avec s\u00e9l\u00e9nium sans levure (100 g\u00e9lules) - ECO Supplements<\/title>\n<meta name=\"description\" content=\"Wij hebben een ruime keuze aan producten van Vitamine E s\u00e8che de SOLGAR avec s\u00e9l\u00e9nium sans levure (100 g\u00e9lules) . Winkel bij Eco Supplements altijd gratis verzending boven 100\u20ac\" \/>\n<meta name=\"robots\" content=\"index, follow, max-snippet:-1, max-image-preview:large, max-video-preview:-1\" \/>\n<link rel=\"canonical\" href=\"https:\/\/ecosupplements.be\/fr\/produit\/solgar-dry-vitamin-e-with-yeast-free-selenium-100-caps\/\" \/>\n<meta property=\"og:locale\" content=\"fr_FR\" \/>\n<meta property=\"og:type\" content=\"article\" \/>\n<meta property=\"og:title\" content=\"Vitamine E s\u00e8che de SOLGAR avec s\u00e9l\u00e9nium sans levure (100 g\u00e9lules)\" \/>\n<meta property=\"og:description\" content=\"Wij hebben een ruime keuze aan producten van Vitamine E s\u00e8che de SOLGAR avec s\u00e9l\u00e9nium sans levure (100 g\u00e9lules) . Winkel bij Eco Supplements altijd gratis verzending boven 100\u20ac\" \/>\n<meta property=\"og:url\" content=\"https:\/\/ecosupplements.be\/fr\/produit\/solgar-dry-vitamin-e-with-yeast-free-selenium-100-caps\/\" \/>\n<meta property=\"og:site_name\" content=\"ECO Supplements\" \/>\n<meta property=\"article:modified_time\" content=\"2025-08-28T02:52:21+00:00\" \/>\n<meta property=\"og:image\" content=\"https:\/\/ecosupplements.be\/wp-content\/uploads\/2025\/08\/Solgar-SOLGAR-Dry-Vitamin-E-with-Yeast-Free-Selenium-100-caps.jpg\" \/>\n\t<meta property=\"og:image:width\" content=\"700\" \/>\n\t<meta property=\"og:image:height\" content=\"700\" \/>\n\t<meta property=\"og:image:type\" content=\"image\/jpeg\" \/>\n<meta name=\"twitter:card\" content=\"summary_large_image\" \/>\n<meta name=\"twitter:label1\" content=\"Prix\" \/>\n\t<meta name=\"twitter:data1\" content=\"25.69&nbsp;&euro;\" \/>\n\t<meta name=\"twitter:label2\" content=\"Disponibilit\u00e9\" \/>\n\t<meta name=\"twitter:data2\" content=\"En stock\" \/>\n<script type=\"application\/ld+json\" class=\"yoast-schema-graph\">{\"@context\":\"https:\\\/\\\/schema.org\",\"@graph\":[{\"@type\":[\"WebPage\",\"ItemPage\"],\"@id\":\"https:\\\/\\\/ecosupplements.be\\\/fr\\\/produit\\\/solgar-dry-vitamin-e-with-yeast-free-selenium-100-caps\\\/\",\"url\":\"https:\\\/\\\/ecosupplements.be\\\/fr\\\/produit\\\/solgar-dry-vitamin-e-with-yeast-free-selenium-100-caps\\\/\",\"name\":\"Vitamine E s\u00e8che de SOLGAR avec s\u00e9l\u00e9nium sans levure (100 g\u00e9lules) - ECO Supplements\",\"isPartOf\":{\"@id\":\"https:\\\/\\\/ecosupplements.be\\\/fr\\\/#website\"},\"primaryImageOfPage\":{\"@id\":\"https:\\\/\\\/ecosupplements.be\\\/fr\\\/produit\\\/solgar-dry-vitamin-e-with-yeast-free-selenium-100-caps\\\/#primaryimage\"},\"image\":{\"@id\":\"https:\\\/\\\/ecosupplements.be\\\/fr\\\/produit\\\/solgar-dry-vitamin-e-with-yeast-free-selenium-100-caps\\\/#primaryimage\"},\"thumbnailUrl\":\"https:\\\/\\\/ecosupplements.be\\\/wp-content\\\/uploads\\\/2025\\\/08\\\/SOLGAR-Dry-Vitamin-E-with-Yeast-Free-Selenium-100-caps.jpg\",\"datePublished\":\"2025-07-26T22:31:18+00:00\",\"dateModified\":\"2025-08-28T02:52:21+00:00\",\"description\":\"Wij hebben een ruime keuze aan producten van Vitamine E s\u00e8che de SOLGAR avec s\u00e9l\u00e9nium sans levure (100 g\u00e9lules) . Winkel bij Eco Supplements altijd gratis verzending boven 100\u20ac\",\"breadcrumb\":{\"@id\":\"https:\\\/\\\/ecosupplements.be\\\/fr\\\/produit\\\/solgar-dry-vitamin-e-with-yeast-free-selenium-100-caps\\\/#breadcrumb\"},\"inLanguage\":\"fr-FR\",\"potentialAction\":[{\"@type\":\"ReadAction\",\"target\":[\"https:\\\/\\\/ecosupplements.be\\\/fr\\\/produit\\\/solgar-dry-vitamin-e-with-yeast-free-selenium-100-caps\\\/\"]}]},{\"@type\":\"ImageObject\",\"inLanguage\":\"fr-FR\",\"@id\":\"https:\\\/\\\/ecosupplements.be\\\/fr\\\/produit\\\/solgar-dry-vitamin-e-with-yeast-free-selenium-100-caps\\\/#primaryimage\",\"url\":\"https:\\\/\\\/ecosupplements.be\\\/wp-content\\\/uploads\\\/2025\\\/08\\\/SOLGAR-Dry-Vitamin-E-with-Yeast-Free-Selenium-100-caps.jpg\",\"contentUrl\":\"https:\\\/\\\/ecosupplements.be\\\/wp-content\\\/uploads\\\/2025\\\/08\\\/SOLGAR-Dry-Vitamin-E-with-Yeast-Free-Selenium-100-caps.jpg\",\"width\":700,\"height\":700},{\"@type\":\"BreadcrumbList\",\"@id\":\"https:\\\/\\\/ecosupplements.be\\\/fr\\\/produit\\\/solgar-dry-vitamin-e-with-yeast-free-selenium-100-caps\\\/#breadcrumb\",\"itemListElement\":[{\"@type\":\"ListItem\",\"position\":1,\"name\":\"Home\",\"item\":\"https:\\\/\\\/ecosupplements.be\\\/fr\\\/\"},{\"@type\":\"ListItem\",\"position\":2,\"name\":\"Boutique\",\"item\":\"https:\\\/\\\/ecosupplements.be\\\/fr\\\/boutique\\\/\"},{\"@type\":\"ListItem\",\"position\":3,\"name\":\"Vitamine E s\u00e8che de SOLGAR avec s\u00e9l\u00e9nium sans levure (100 g\u00e9lules)\"}]},{\"@type\":\"WebSite\",\"@id\":\"https:\\\/\\\/ecosupplements.be\\\/fr\\\/#website\",\"url\":\"https:\\\/\\\/ecosupplements.be\\\/fr\\\/\",\"name\":\"ECO Supplements\",\"description\":\"Eco Supplements - Gezonde supplementen\",\"publisher\":{\"@id\":\"https:\\\/\\\/ecosupplements.be\\\/fr\\\/#organization\"},\"potentialAction\":[{\"@type\":\"SearchAction\",\"target\":{\"@type\":\"EntryPoint\",\"urlTemplate\":\"https:\\\/\\\/ecosupplements.be\\\/fr\\\/?s={search_term_string}\"},\"query-input\":{\"@type\":\"PropertyValueSpecification\",\"valueRequired\":true,\"valueName\":\"search_term_string\"}}],\"inLanguage\":\"fr-FR\"},{\"@type\":\"Organization\",\"@id\":\"https:\\\/\\\/ecosupplements.be\\\/fr\\\/#organization\",\"name\":\"Eco Supplements\",\"url\":\"https:\\\/\\\/ecosupplements.be\\\/fr\\\/\",\"logo\":{\"@type\":\"ImageObject\",\"inLanguage\":\"fr-FR\",\"@id\":\"https:\\\/\\\/ecosupplements.be\\\/fr\\\/#\\\/schema\\\/logo\\\/image\\\/\",\"url\":\"https:\\\/\\\/ecosupplements.be\\\/wp-content\\\/uploads\\\/2022\\\/06\\\/ecosupplement-family.png\",\"contentUrl\":\"https:\\\/\\\/ecosupplements.be\\\/wp-content\\\/uploads\\\/2022\\\/06\\\/ecosupplement-family.png\",\"width\":593,\"height\":374,\"caption\":\"Eco Supplements\"},\"image\":{\"@id\":\"https:\\\/\\\/ecosupplements.be\\\/fr\\\/#\\\/schema\\\/logo\\\/image\\\/\"}}]}<\/script>\n<meta property=\"product:brand\" content=\"Solgar\" \/>\n<meta property=\"product:price:amount\" content=\"25.69\" \/>\n<meta property=\"product:price:currency\" content=\"EUR\" \/>\n<meta property=\"og:availability\" content=\"instock\" \/>\n<meta property=\"product:availability\" content=\"instock\" \/>\n<meta property=\"product:retailer_item_id\" content=\"033984033511\" \/>\n<meta property=\"product:condition\" content=\"new\" \/>\n<!-- \/ Yoast SEO Premium plugin. -->","yoast_head_json":{"title":"Vitamine E s\u00e8che de SOLGAR avec s\u00e9l\u00e9nium sans levure (100 g\u00e9lules) - ECO Supplements","description":"Wij hebben een ruime keuze aan producten van Vitamine E s\u00e8che de SOLGAR avec s\u00e9l\u00e9nium sans levure (100 g\u00e9lules) . Winkel bij Eco Supplements altijd gratis verzending boven 100\u20ac","robots":{"index":"index","follow":"follow","max-snippet":"max-snippet:-1","max-image-preview":"max-image-preview:large","max-video-preview":"max-video-preview:-1"},"canonical":"https:\/\/ecosupplements.be\/fr\/produit\/solgar-dry-vitamin-e-with-yeast-free-selenium-100-caps\/","og_locale":"fr_FR","og_type":"article","og_title":"Vitamine E s\u00e8che de SOLGAR avec s\u00e9l\u00e9nium sans levure (100 g\u00e9lules)","og_description":"Wij hebben een ruime keuze aan producten van Vitamine E s\u00e8che de SOLGAR avec s\u00e9l\u00e9nium sans levure (100 g\u00e9lules) . Winkel bij Eco Supplements altijd gratis verzending boven 100\u20ac","og_url":"https:\/\/ecosupplements.be\/fr\/produit\/solgar-dry-vitamin-e-with-yeast-free-selenium-100-caps\/","og_site_name":"ECO Supplements","article_modified_time":"2025-08-28T02:52:21+00:00","og_image":[{"width":700,"height":700,"url":"https:\/\/ecosupplements.be\/wp-content\/uploads\/2025\/08\/Solgar-SOLGAR-Dry-Vitamin-E-with-Yeast-Free-Selenium-100-caps.jpg","type":"image\/jpeg"}],"twitter_card":"summary_large_image","twitter_misc":{"Prix":"25.69&nbsp;&euro;","Disponibilit\u00e9":"En stock"},"schema":{"@context":"https:\/\/schema.org","@graph":[{"@type":["WebPage","ItemPage"],"@id":"https:\/\/ecosupplements.be\/fr\/produit\/solgar-dry-vitamin-e-with-yeast-free-selenium-100-caps\/","url":"https:\/\/ecosupplements.be\/fr\/produit\/solgar-dry-vitamin-e-with-yeast-free-selenium-100-caps\/","name":"Vitamine E s\u00e8che de SOLGAR avec s\u00e9l\u00e9nium sans levure (100 g\u00e9lules) - ECO Supplements","isPartOf":{"@id":"https:\/\/ecosupplements.be\/fr\/#website"},"primaryImageOfPage":{"@id":"https:\/\/ecosupplements.be\/fr\/produit\/solgar-dry-vitamin-e-with-yeast-free-selenium-100-caps\/#primaryimage"},"image":{"@id":"https:\/\/ecosupplements.be\/fr\/produit\/solgar-dry-vitamin-e-with-yeast-free-selenium-100-caps\/#primaryimage"},"thumbnailUrl":"https:\/\/ecosupplements.be\/wp-content\/uploads\/2025\/08\/SOLGAR-Dry-Vitamin-E-with-Yeast-Free-Selenium-100-caps.jpg","datePublished":"2025-07-26T22:31:18+00:00","dateModified":"2025-08-28T02:52:21+00:00","description":"Wij hebben een ruime keuze aan producten van Vitamine E s\u00e8che de SOLGAR avec s\u00e9l\u00e9nium sans levure (100 g\u00e9lules) . Winkel bij Eco Supplements altijd gratis verzending boven 100\u20ac","breadcrumb":{"@id":"https:\/\/ecosupplements.be\/fr\/produit\/solgar-dry-vitamin-e-with-yeast-free-selenium-100-caps\/#breadcrumb"},"inLanguage":"fr-FR","potentialAction":[{"@type":"ReadAction","target":["https:\/\/ecosupplements.be\/fr\/produit\/solgar-dry-vitamin-e-with-yeast-free-selenium-100-caps\/"]}]},{"@type":"ImageObject","inLanguage":"fr-FR","@id":"https:\/\/ecosupplements.be\/fr\/produit\/solgar-dry-vitamin-e-with-yeast-free-selenium-100-caps\/#primaryimage","url":"https:\/\/ecosupplements.be\/wp-content\/uploads\/2025\/08\/SOLGAR-Dry-Vitamin-E-with-Yeast-Free-Selenium-100-caps.jpg","contentUrl":"https:\/\/ecosupplements.be\/wp-content\/uploads\/2025\/08\/SOLGAR-Dry-Vitamin-E-with-Yeast-Free-Selenium-100-caps.jpg","width":700,"height":700},{"@type":"BreadcrumbList","@id":"https:\/\/ecosupplements.be\/fr\/produit\/solgar-dry-vitamin-e-with-yeast-free-selenium-100-caps\/#breadcrumb","itemListElement":[{"@type":"ListItem","position":1,"name":"Home","item":"https:\/\/ecosupplements.be\/fr\/"},{"@type":"ListItem","position":2,"name":"Boutique","item":"https:\/\/ecosupplements.be\/fr\/boutique\/"},{"@type":"ListItem","position":3,"name":"Vitamine E s\u00e8che de SOLGAR avec s\u00e9l\u00e9nium sans levure (100 g\u00e9lules)"}]},{"@type":"WebSite","@id":"https:\/\/ecosupplements.be\/fr\/#website","url":"https:\/\/ecosupplements.be\/fr\/","name":"ECO Supplements","description":"Eco Supplements - Gezonde supplementen","publisher":{"@id":"https:\/\/ecosupplements.be\/fr\/#organization"},"potentialAction":[{"@type":"SearchAction","target":{"@type":"EntryPoint","urlTemplate":"https:\/\/ecosupplements.be\/fr\/?s={search_term_string}"},"query-input":{"@type":"PropertyValueSpecification","valueRequired":true,"valueName":"search_term_string"}}],"inLanguage":"fr-FR"},{"@type":"Organization","@id":"https:\/\/ecosupplements.be\/fr\/#organization","name":"Eco Supplements","url":"https:\/\/ecosupplements.be\/fr\/","logo":{"@type":"ImageObject","inLanguage":"fr-FR","@id":"https:\/\/ecosupplements.be\/fr\/#\/schema\/logo\/image\/","url":"https:\/\/ecosupplements.be\/wp-content\/uploads\/2022\/06\/ecosupplement-family.png","contentUrl":"https:\/\/ecosupplements.be\/wp-content\/uploads\/2022\/06\/ecosupplement-family.png","width":593,"height":374,"caption":"Eco Supplements"},"image":{"@id":"https:\/\/ecosupplements.be\/fr\/#\/schema\/logo\/image\/"}}]},"product_brand":"Solgar","product_price_amount":"25.69","product_price_currency":"EUR","og_availability":"instock","product_availability":"instock","product_retailer_item_id":"033984033511","product_condition":"new"},"_links":{"self":[{"href":"https:\/\/ecosupplements.be\/fr\/wp-json\/wp\/v2\/product\/303213","targetHints":{"allow":["GET"]}}],"collection":[{"href":"https:\/\/ecosupplements.be\/fr\/wp-json\/wp\/v2\/product"}],"about":[{"href":"https:\/\/ecosupplements.be\/fr\/wp-json\/wp\/v2\/types\/product"}],"replies":[{"embeddable":true,"href":"https:\/\/ecosupplements.be\/fr\/wp-json\/wp\/v2\/comments?post=303213"}],"wp:featuredmedia":[{"embeddable":true,"href":"https:\/\/ecosupplements.be\/fr\/wp-json\/wp\/v2\/media\/277353"}],"wp:attachment":[{"href":"https:\/\/ecosupplements.be\/fr\/wp-json\/wp\/v2\/media?parent=303213"}],"wp:term":[{"taxonomy":"product_brand","embeddable":true,"href":"https:\/\/ecosupplements.be\/fr\/wp-json\/wp\/v2\/product_brand?post=303213"},{"taxonomy":"product_cat","embeddable":true,"href":"https:\/\/ecosupplements.be\/fr\/wp-json\/wp\/v2\/product_cat?post=303213"},{"taxonomy":"product_tag","embeddable":true,"href":"https:\/\/ecosupplements.be\/fr\/wp-json\/wp\/v2\/product_tag?post=303213"}],"curies":[{"name":"wp","href":"https:\/\/api.w.org\/{rel}","templated":true}]}}