{"id":303228,"date":"2025-07-26T23:45:13","date_gmt":"2025-07-26T22:45:13","guid":{"rendered":"https:\/\/ecosupplements.be\/product\/solgar-ester-c-plus-vitamin-c-500-mg-100-caps\/"},"modified":"2025-08-28T03:52:36","modified_gmt":"2025-08-28T02:52:36","slug":"solgar-ester-c-plus-vitamin-c-500-mg-100-caps","status":"publish","type":"product","link":"https:\/\/ecosupplements.be\/fr\/produit\/solgar-ester-c-plus-vitamin-c-500-mg-100-caps\/","title":{"rendered":"SOLGAR Ester C Plus &#8211; Vitamine C, 500 mg (100 g\u00e9lules)"},"content":{"rendered":"<div>\n<h2>SOLGAR Ester C Plus &#8211; Vitamine C, 500 mg (100 capsules)<\/h2>\n<p>D\u00e9couvrez SOLGAR Ester C Plus, un choix parfait pour ceux qui appr\u00e9cient les ingr\u00e9dients naturels dans un mode de vie sain. Chaque capsule contient 500 mg de Vitamine C sous forme d&#8217;Ester C\u00ae, une formulation con\u00e7ue pour \u00eatre douce et non acide.<\/p>\n<p>Enrichi en bioflavono\u00efdes d&#8217;agrumes, extrait d&#8217;acerola et poudre de cynorrhodon, ce produit est formul\u00e9 sans gluten, bl\u00e9 ni produits laitiers.Les capsules sont \u00e9galement adapt\u00e9es aux v\u00e9g\u00e9tariens.<\/p>\n<h3>Ingr\u00e9dients principaux :<\/h3>\n<ul>\n<li>Vitamine C (Ester C\u00ae, L-ascorbate de calcium) : 500 mg<\/li>\n<li>Bioflavono\u00efdes d&#8217;agrumes : 25 mg<\/li>\n<li>Extrait d&#8217;Acerola : 10 mg<\/li>\n<li>Poudre de cynorrhodon (<em>Rosa canina<\/em>) : 10 mg<\/li>\n<li>Rutine : 5 mg<\/li>\n<\/ul>\n<h3>Utilisation :<\/h3>\n<p>Prendre une capsule par jour avec un repas ou suivre les recommandations d&#8217;un professionnel.<\/p>\n<h3>Caract\u00e9ristiques pratiques :<\/h3>\n<p>Ce compl\u00e9ment se pr\u00e9sente sous forme de capsules faciles \u00e0 avaler, conditionn\u00e9es dans un flacon pratique pour une conservation optimale et une utilisation quotidienne simplifi\u00e9e.<\/p>\n<p><strong>Note:<\/strong> Ne pas d\u00e9passer la dose journali\u00e8re recommand\u00e9e. Ce produit est un compl\u00e9ment alimentaire et ne doit pas \u00eatre utilis\u00e9 comme substitut \u00e0 une alimentation vari\u00e9e et \u00e9quilibr\u00e9e ainsi qu&#8217;\u00e0 un mode de vie sain.<\/p>\n<h3>Conservation :<\/h3>\n<p>Garder le flacon dans un endroit sec et frais, \u00e0 l&#8217;abri de la lumi\u00e8re directe du soleil. Assurez-vous que le couvercle est bien ferm\u00e9 apr\u00e8s chaque utilisation pour maintenir la fra\u00eecheur des capsules.<\/p>\n<p><strong>Avertissement:<\/strong><\/br>Ce produit n&#8217;est pas destin\u00e9 aux femmes enceintes ou allaitantes ni aux personnes sous m\u00e9dication sp\u00e9cifique sans avoir consult\u00e9 un professionnel de sant\u00e9 au pr\u00e9alable.<\/br><\/br>Maintenir hors de port\u00e9e des enfants.Ne pas utiliser si le sceau du flacon est endommag\u00e9 ou manquant.<br \/>\n  \t&lt;\/div<\/p>\n","protected":false},"excerpt":{"rendered":"<p>SOLGAR Ester C Plus &#8211; Vitamine C, 500 mg (100 capsules) D\u00e9couvrez SOLGAR Ester C Plus, un choix parfait pour ceux qui appr\u00e9cient les ingr\u00e9dients naturels dans un mode de vie sain. Chaque capsule contient 500 mg de Vitamine C sous forme d&#8217;Ester C\u00ae, une formulation con\u00e7ue pour \u00eatre douce et non acide. Enrichi en [&#8230;]\n","protected":false},"featured_media":277368,"comment_status":"closed","ping_status":"open","template":"","meta":[],"product_brand":[4760],"product_cat":[5053,5059],"product_tag":[],"class_list":{"0":"post-303228","1":"product","2":"type-product","3":"status-publish","4":"has-post-thumbnail","6":"product_brand-solgar-2","7":"product_cat-vitamines-et-mineraux","8":"product_cat-vitamines-simples","10":"first","11":"instock","12":"taxable","13":"shipping-taxable","14":"purchasable","15":"product-type-simple"},"yoast_head":"<!-- This site is optimized with the Yoast SEO Premium plugin v27.5 (Yoast SEO v27.5) - https:\/\/yoast.com\/product\/yoast-seo-premium-wordpress\/ -->\n<title>SOLGAR Ester C Plus - Vitamine C, 500 mg (100 g\u00e9lules) - ECO Supplements<\/title>\n<meta name=\"description\" content=\"Wij hebben een ruime keuze aan producten van SOLGAR Ester C Plus - Vitamine C, 500 mg (100 g\u00e9lules) . Winkel bij Eco Supplements altijd gratis verzending boven 100\u20ac\" \/>\n<meta name=\"robots\" content=\"index, follow, max-snippet:-1, max-image-preview:large, max-video-preview:-1\" \/>\n<link rel=\"canonical\" href=\"https:\/\/ecosupplements.be\/fr\/produit\/solgar-ester-c-plus-vitamin-c-500-mg-100-caps\/\" \/>\n<meta property=\"og:locale\" content=\"fr_FR\" \/>\n<meta property=\"og:type\" content=\"article\" \/>\n<meta property=\"og:title\" content=\"SOLGAR Ester C Plus - Vitamine C, 500 mg (100 g\u00e9lules)\" \/>\n<meta property=\"og:description\" content=\"Wij hebben een ruime keuze aan producten van SOLGAR Ester C Plus - Vitamine C, 500 mg (100 g\u00e9lules) . Winkel bij Eco Supplements altijd gratis verzending boven 100\u20ac\" \/>\n<meta property=\"og:url\" content=\"https:\/\/ecosupplements.be\/fr\/produit\/solgar-ester-c-plus-vitamin-c-500-mg-100-caps\/\" \/>\n<meta property=\"og:site_name\" content=\"ECO Supplements\" \/>\n<meta property=\"article:modified_time\" content=\"2025-08-28T02:52:36+00:00\" \/>\n<meta property=\"og:image\" content=\"https:\/\/ecosupplements.be\/wp-content\/uploads\/2025\/08\/Solgar-SOLGAR-Ester-C-Plus-Vitamin-C-500-mg-100-caps.jpg\" \/>\n\t<meta property=\"og:image:width\" content=\"700\" \/>\n\t<meta property=\"og:image:height\" content=\"700\" \/>\n\t<meta property=\"og:image:type\" content=\"image\/jpeg\" \/>\n<meta name=\"twitter:card\" content=\"summary_large_image\" \/>\n<meta name=\"twitter:label1\" content=\"Prix\" \/>\n\t<meta name=\"twitter:data1\" content=\"22.57&nbsp;&euro;\" \/>\n\t<meta name=\"twitter:label2\" content=\"Disponibilit\u00e9\" \/>\n\t<meta name=\"twitter:data2\" content=\"En stock\" \/>\n<script type=\"application\/ld+json\" class=\"yoast-schema-graph\">{\"@context\":\"https:\\\/\\\/schema.org\",\"@graph\":[{\"@type\":[\"WebPage\",\"ItemPage\"],\"@id\":\"https:\\\/\\\/ecosupplements.be\\\/fr\\\/produit\\\/solgar-ester-c-plus-vitamin-c-500-mg-100-caps\\\/\",\"url\":\"https:\\\/\\\/ecosupplements.be\\\/fr\\\/produit\\\/solgar-ester-c-plus-vitamin-c-500-mg-100-caps\\\/\",\"name\":\"SOLGAR Ester C Plus - Vitamine C, 500 mg (100 g\u00e9lules) - ECO Supplements\",\"isPartOf\":{\"@id\":\"https:\\\/\\\/ecosupplements.be\\\/fr\\\/#website\"},\"primaryImageOfPage\":{\"@id\":\"https:\\\/\\\/ecosupplements.be\\\/fr\\\/produit\\\/solgar-ester-c-plus-vitamin-c-500-mg-100-caps\\\/#primaryimage\"},\"image\":{\"@id\":\"https:\\\/\\\/ecosupplements.be\\\/fr\\\/produit\\\/solgar-ester-c-plus-vitamin-c-500-mg-100-caps\\\/#primaryimage\"},\"thumbnailUrl\":\"https:\\\/\\\/ecosupplements.be\\\/wp-content\\\/uploads\\\/2025\\\/08\\\/SOLGAR-Ester-C-Plus-Vitamin-C-500-mg-100-caps.jpg\",\"datePublished\":\"2025-07-26T22:45:13+00:00\",\"dateModified\":\"2025-08-28T02:52:36+00:00\",\"description\":\"Wij hebben een ruime keuze aan producten van SOLGAR Ester C Plus - Vitamine C, 500 mg (100 g\u00e9lules) . Winkel bij Eco Supplements altijd gratis verzending boven 100\u20ac\",\"breadcrumb\":{\"@id\":\"https:\\\/\\\/ecosupplements.be\\\/fr\\\/produit\\\/solgar-ester-c-plus-vitamin-c-500-mg-100-caps\\\/#breadcrumb\"},\"inLanguage\":\"fr-FR\",\"potentialAction\":[{\"@type\":\"ReadAction\",\"target\":[\"https:\\\/\\\/ecosupplements.be\\\/fr\\\/produit\\\/solgar-ester-c-plus-vitamin-c-500-mg-100-caps\\\/\"]}]},{\"@type\":\"ImageObject\",\"inLanguage\":\"fr-FR\",\"@id\":\"https:\\\/\\\/ecosupplements.be\\\/fr\\\/produit\\\/solgar-ester-c-plus-vitamin-c-500-mg-100-caps\\\/#primaryimage\",\"url\":\"https:\\\/\\\/ecosupplements.be\\\/wp-content\\\/uploads\\\/2025\\\/08\\\/SOLGAR-Ester-C-Plus-Vitamin-C-500-mg-100-caps.jpg\",\"contentUrl\":\"https:\\\/\\\/ecosupplements.be\\\/wp-content\\\/uploads\\\/2025\\\/08\\\/SOLGAR-Ester-C-Plus-Vitamin-C-500-mg-100-caps.jpg\",\"width\":700,\"height\":700},{\"@type\":\"BreadcrumbList\",\"@id\":\"https:\\\/\\\/ecosupplements.be\\\/fr\\\/produit\\\/solgar-ester-c-plus-vitamin-c-500-mg-100-caps\\\/#breadcrumb\",\"itemListElement\":[{\"@type\":\"ListItem\",\"position\":1,\"name\":\"Home\",\"item\":\"https:\\\/\\\/ecosupplements.be\\\/fr\\\/\"},{\"@type\":\"ListItem\",\"position\":2,\"name\":\"Boutique\",\"item\":\"https:\\\/\\\/ecosupplements.be\\\/fr\\\/boutique\\\/\"},{\"@type\":\"ListItem\",\"position\":3,\"name\":\"SOLGAR Ester C Plus &#8211; Vitamine C, 500 mg (100 g\u00e9lules)\"}]},{\"@type\":\"WebSite\",\"@id\":\"https:\\\/\\\/ecosupplements.be\\\/fr\\\/#website\",\"url\":\"https:\\\/\\\/ecosupplements.be\\\/fr\\\/\",\"name\":\"ECO Supplements\",\"description\":\"Eco Supplements - Gezonde supplementen\",\"publisher\":{\"@id\":\"https:\\\/\\\/ecosupplements.be\\\/fr\\\/#organization\"},\"potentialAction\":[{\"@type\":\"SearchAction\",\"target\":{\"@type\":\"EntryPoint\",\"urlTemplate\":\"https:\\\/\\\/ecosupplements.be\\\/fr\\\/?s={search_term_string}\"},\"query-input\":{\"@type\":\"PropertyValueSpecification\",\"valueRequired\":true,\"valueName\":\"search_term_string\"}}],\"inLanguage\":\"fr-FR\"},{\"@type\":\"Organization\",\"@id\":\"https:\\\/\\\/ecosupplements.be\\\/fr\\\/#organization\",\"name\":\"Eco Supplements\",\"url\":\"https:\\\/\\\/ecosupplements.be\\\/fr\\\/\",\"logo\":{\"@type\":\"ImageObject\",\"inLanguage\":\"fr-FR\",\"@id\":\"https:\\\/\\\/ecosupplements.be\\\/fr\\\/#\\\/schema\\\/logo\\\/image\\\/\",\"url\":\"https:\\\/\\\/ecosupplements.be\\\/wp-content\\\/uploads\\\/2022\\\/06\\\/ecosupplement-family.png\",\"contentUrl\":\"https:\\\/\\\/ecosupplements.be\\\/wp-content\\\/uploads\\\/2022\\\/06\\\/ecosupplement-family.png\",\"width\":593,\"height\":374,\"caption\":\"Eco Supplements\"},\"image\":{\"@id\":\"https:\\\/\\\/ecosupplements.be\\\/fr\\\/#\\\/schema\\\/logo\\\/image\\\/\"}}]}<\/script>\n<meta property=\"product:brand\" content=\"Solgar\" \/>\n<meta property=\"product:price:amount\" content=\"22.57\" \/>\n<meta property=\"product:price:currency\" content=\"EUR\" \/>\n<meta property=\"og:availability\" content=\"instock\" \/>\n<meta property=\"product:availability\" content=\"instock\" \/>\n<meta property=\"product:retailer_item_id\" content=\"033984010390\" \/>\n<meta property=\"product:condition\" content=\"new\" \/>\n<!-- \/ Yoast SEO Premium plugin. -->","yoast_head_json":{"title":"SOLGAR Ester C Plus - Vitamine C, 500 mg (100 g\u00e9lules) - ECO Supplements","description":"Wij hebben een ruime keuze aan producten van SOLGAR Ester C Plus - Vitamine C, 500 mg (100 g\u00e9lules) . Winkel bij Eco Supplements altijd gratis verzending boven 100\u20ac","robots":{"index":"index","follow":"follow","max-snippet":"max-snippet:-1","max-image-preview":"max-image-preview:large","max-video-preview":"max-video-preview:-1"},"canonical":"https:\/\/ecosupplements.be\/fr\/produit\/solgar-ester-c-plus-vitamin-c-500-mg-100-caps\/","og_locale":"fr_FR","og_type":"article","og_title":"SOLGAR Ester C Plus - Vitamine C, 500 mg (100 g\u00e9lules)","og_description":"Wij hebben een ruime keuze aan producten van SOLGAR Ester C Plus - Vitamine C, 500 mg (100 g\u00e9lules) . Winkel bij Eco Supplements altijd gratis verzending boven 100\u20ac","og_url":"https:\/\/ecosupplements.be\/fr\/produit\/solgar-ester-c-plus-vitamin-c-500-mg-100-caps\/","og_site_name":"ECO Supplements","article_modified_time":"2025-08-28T02:52:36+00:00","og_image":[{"width":700,"height":700,"url":"https:\/\/ecosupplements.be\/wp-content\/uploads\/2025\/08\/Solgar-SOLGAR-Ester-C-Plus-Vitamin-C-500-mg-100-caps.jpg","type":"image\/jpeg"}],"twitter_card":"summary_large_image","twitter_misc":{"Prix":"22.57&nbsp;&euro;","Disponibilit\u00e9":"En stock"},"schema":{"@context":"https:\/\/schema.org","@graph":[{"@type":["WebPage","ItemPage"],"@id":"https:\/\/ecosupplements.be\/fr\/produit\/solgar-ester-c-plus-vitamin-c-500-mg-100-caps\/","url":"https:\/\/ecosupplements.be\/fr\/produit\/solgar-ester-c-plus-vitamin-c-500-mg-100-caps\/","name":"SOLGAR Ester C Plus - Vitamine C, 500 mg (100 g\u00e9lules) - ECO Supplements","isPartOf":{"@id":"https:\/\/ecosupplements.be\/fr\/#website"},"primaryImageOfPage":{"@id":"https:\/\/ecosupplements.be\/fr\/produit\/solgar-ester-c-plus-vitamin-c-500-mg-100-caps\/#primaryimage"},"image":{"@id":"https:\/\/ecosupplements.be\/fr\/produit\/solgar-ester-c-plus-vitamin-c-500-mg-100-caps\/#primaryimage"},"thumbnailUrl":"https:\/\/ecosupplements.be\/wp-content\/uploads\/2025\/08\/SOLGAR-Ester-C-Plus-Vitamin-C-500-mg-100-caps.jpg","datePublished":"2025-07-26T22:45:13+00:00","dateModified":"2025-08-28T02:52:36+00:00","description":"Wij hebben een ruime keuze aan producten van SOLGAR Ester C Plus - Vitamine C, 500 mg (100 g\u00e9lules) . Winkel bij Eco Supplements altijd gratis verzending boven 100\u20ac","breadcrumb":{"@id":"https:\/\/ecosupplements.be\/fr\/produit\/solgar-ester-c-plus-vitamin-c-500-mg-100-caps\/#breadcrumb"},"inLanguage":"fr-FR","potentialAction":[{"@type":"ReadAction","target":["https:\/\/ecosupplements.be\/fr\/produit\/solgar-ester-c-plus-vitamin-c-500-mg-100-caps\/"]}]},{"@type":"ImageObject","inLanguage":"fr-FR","@id":"https:\/\/ecosupplements.be\/fr\/produit\/solgar-ester-c-plus-vitamin-c-500-mg-100-caps\/#primaryimage","url":"https:\/\/ecosupplements.be\/wp-content\/uploads\/2025\/08\/SOLGAR-Ester-C-Plus-Vitamin-C-500-mg-100-caps.jpg","contentUrl":"https:\/\/ecosupplements.be\/wp-content\/uploads\/2025\/08\/SOLGAR-Ester-C-Plus-Vitamin-C-500-mg-100-caps.jpg","width":700,"height":700},{"@type":"BreadcrumbList","@id":"https:\/\/ecosupplements.be\/fr\/produit\/solgar-ester-c-plus-vitamin-c-500-mg-100-caps\/#breadcrumb","itemListElement":[{"@type":"ListItem","position":1,"name":"Home","item":"https:\/\/ecosupplements.be\/fr\/"},{"@type":"ListItem","position":2,"name":"Boutique","item":"https:\/\/ecosupplements.be\/fr\/boutique\/"},{"@type":"ListItem","position":3,"name":"SOLGAR Ester C Plus &#8211; Vitamine C, 500 mg (100 g\u00e9lules)"}]},{"@type":"WebSite","@id":"https:\/\/ecosupplements.be\/fr\/#website","url":"https:\/\/ecosupplements.be\/fr\/","name":"ECO Supplements","description":"Eco Supplements - Gezonde supplementen","publisher":{"@id":"https:\/\/ecosupplements.be\/fr\/#organization"},"potentialAction":[{"@type":"SearchAction","target":{"@type":"EntryPoint","urlTemplate":"https:\/\/ecosupplements.be\/fr\/?s={search_term_string}"},"query-input":{"@type":"PropertyValueSpecification","valueRequired":true,"valueName":"search_term_string"}}],"inLanguage":"fr-FR"},{"@type":"Organization","@id":"https:\/\/ecosupplements.be\/fr\/#organization","name":"Eco Supplements","url":"https:\/\/ecosupplements.be\/fr\/","logo":{"@type":"ImageObject","inLanguage":"fr-FR","@id":"https:\/\/ecosupplements.be\/fr\/#\/schema\/logo\/image\/","url":"https:\/\/ecosupplements.be\/wp-content\/uploads\/2022\/06\/ecosupplement-family.png","contentUrl":"https:\/\/ecosupplements.be\/wp-content\/uploads\/2022\/06\/ecosupplement-family.png","width":593,"height":374,"caption":"Eco Supplements"},"image":{"@id":"https:\/\/ecosupplements.be\/fr\/#\/schema\/logo\/image\/"}}]},"product_brand":"Solgar","product_price_amount":"22.57","product_price_currency":"EUR","og_availability":"instock","product_availability":"instock","product_retailer_item_id":"033984010390","product_condition":"new"},"_links":{"self":[{"href":"https:\/\/ecosupplements.be\/fr\/wp-json\/wp\/v2\/product\/303228","targetHints":{"allow":["GET"]}}],"collection":[{"href":"https:\/\/ecosupplements.be\/fr\/wp-json\/wp\/v2\/product"}],"about":[{"href":"https:\/\/ecosupplements.be\/fr\/wp-json\/wp\/v2\/types\/product"}],"replies":[{"embeddable":true,"href":"https:\/\/ecosupplements.be\/fr\/wp-json\/wp\/v2\/comments?post=303228"}],"wp:featuredmedia":[{"embeddable":true,"href":"https:\/\/ecosupplements.be\/fr\/wp-json\/wp\/v2\/media\/277368"}],"wp:attachment":[{"href":"https:\/\/ecosupplements.be\/fr\/wp-json\/wp\/v2\/media?parent=303228"}],"wp:term":[{"taxonomy":"product_brand","embeddable":true,"href":"https:\/\/ecosupplements.be\/fr\/wp-json\/wp\/v2\/product_brand?post=303228"},{"taxonomy":"product_cat","embeddable":true,"href":"https:\/\/ecosupplements.be\/fr\/wp-json\/wp\/v2\/product_cat?post=303228"},{"taxonomy":"product_tag","embeddable":true,"href":"https:\/\/ecosupplements.be\/fr\/wp-json\/wp\/v2\/product_tag?post=303228"}],"curies":[{"name":"wp","href":"https:\/\/api.w.org\/{rel}","templated":true}]}}