{"id":303237,"date":"2025-07-27T00:00:30","date_gmt":"2025-07-26T23:00:30","guid":{"rendered":"https:\/\/ecosupplements.be\/product\/solgar-evening-primrose-oil-500-mg-180-caps\/"},"modified":"2025-08-28T03:52:45","modified_gmt":"2025-08-28T02:52:45","slug":"solgar-evening-primrose-oil-500-mg-180-caps","status":"publish","type":"product","link":"https:\/\/ecosupplements.be\/fr\/produit\/solgar-evening-primrose-oil-500-mg-180-caps\/","title":{"rendered":"Huile d&#8217;Onagre Solgar, 500 mg (180 g\u00e9lules)"},"content":{"rendered":"<h2>SOLGAR Evening Primrose oil,500 mg (180 caps)<\/h2>\n<p>D\u00e9couvrez le <strong>SOLGAR Evening Primrose Oil<\/strong>,un produit con\u00e7u avec des ingr\u00e9dients de haute qualit\u00e9 pour s&#8217;int\u00e9grer naturellement \u00e0 votre quotidien. Chaque capsule contient 500 mg d&#8217;huile de graine d&#8217;onagre, reconnue pour sa grande puret\u00e9 et son origine naturelle.<\/p>\n<h3>Ingr\u00e9dients principaux :<\/h3>\n<ul>\n<li>Huile de graines d&#8217;onagre<\/li>\n<li>Acide linol\u00e9ique<\/li>\n<li>Acide gamma-linol\u00e9nique (GLA)<\/li>\n<\/ul>\n<p>Ce produit est conditionn\u00e9 dans un emballage pratique comprenant 180 capsules, facilitant ainsi son utilisation r\u00e9guli\u00e8re.<\/p>\n<h3>Utilisation :<\/h3>\n<p>Il est recommand\u00e9 de prendre une capsule par jour, de pr\u00e9f\u00e9rence lors d&#8217;un repas.<\/p>\n<p><em>SOLGAR Evening Primrose Oil<\/em> se distingue par sa composition soigneusement s\u00e9lectionn\u00e9e et son format adapt\u00e9 \u00e0 tous ceux qui appr\u00e9cient les produits pratiques au quotidien. Un choix parfait pour int\u00e9grer les bienfaits des ingr\u00e9dients naturels dans votre routine journali\u00e8re sans effort.<\/p>\n<h3>caract\u00e9ristiques pratiques :<\/h3>\n<ul>\n<li>Capsules faciles \u00e0 avaler<\/li>\n<li>Packaging s\u00e9curis\u00e9 pour garantir la fra\u00eecheur du produit<\/li>\n<li>Aucune pr\u00e9paration n\u00e9cessaire &#8211; consommez directement avec un verre d&#8217;eau<\/li>\n<\/ul>\n<p>Faites le choix d&#8217;un style de vie \u00e9quilibr\u00e9 avec SOLGAR Evening Primrose Oil, o\u00f9 simplicit\u00e9 rime avec naturalit\u00e9.<\/p>\n","protected":false},"excerpt":{"rendered":"<p>SOLGAR Evening Primrose oil,500 mg (180 caps) D\u00e9couvrez le SOLGAR Evening Primrose Oil,un produit con\u00e7u avec des ingr\u00e9dients de haute qualit\u00e9 pour s&#8217;int\u00e9grer naturellement \u00e0 votre quotidien. Chaque capsule contient 500 mg d&#8217;huile de graine d&#8217;onagre, reconnue pour sa grande puret\u00e9 et son origine naturelle. Ingr\u00e9dients principaux : Huile de graines d&#8217;onagre Acide linol\u00e9ique Acide [&#8230;]\n","protected":false},"featured_media":277377,"comment_status":"closed","ping_status":"open","template":"","meta":[],"product_brand":[4760],"product_cat":[5082,5053],"product_tag":[],"class_list":{"0":"post-303237","1":"product","2":"type-product","3":"status-publish","4":"has-post-thumbnail","6":"product_brand-solgar-2","7":"product_cat-omegas-efa-cla-huiles","8":"product_cat-vitamines-et-mineraux","10":"first","11":"instock","12":"taxable","13":"shipping-taxable","14":"purchasable","15":"product-type-simple"},"yoast_head":"<!-- This site is optimized with the Yoast SEO Premium plugin v27.3 (Yoast SEO v27.3) - https:\/\/yoast.com\/product\/yoast-seo-premium-wordpress\/ -->\n<title>Huile d&#039;Onagre Solgar, 500 mg (180 g\u00e9lules) - ECO Supplements<\/title>\n<meta name=\"description\" content=\"Wij hebben een ruime keuze aan producten van Huile d&#039;Onagre Solgar, 500 mg (180 g\u00e9lules) . Winkel bij Eco Supplements altijd gratis verzending boven 100\u20ac\" \/>\n<meta name=\"robots\" content=\"index, follow, max-snippet:-1, max-image-preview:large, max-video-preview:-1\" \/>\n<link rel=\"canonical\" href=\"https:\/\/ecosupplements.be\/fr\/produit\/solgar-evening-primrose-oil-500-mg-180-caps\/\" \/>\n<meta property=\"og:locale\" content=\"fr_FR\" \/>\n<meta property=\"og:type\" content=\"article\" \/>\n<meta property=\"og:title\" content=\"Huile d&#039;Onagre Solgar, 500 mg (180 g\u00e9lules)\" \/>\n<meta property=\"og:description\" content=\"Wij hebben een ruime keuze aan producten van Huile d&#039;Onagre Solgar, 500 mg (180 g\u00e9lules) . Winkel bij Eco Supplements altijd gratis verzending boven 100\u20ac\" \/>\n<meta property=\"og:url\" content=\"https:\/\/ecosupplements.be\/fr\/produit\/solgar-evening-primrose-oil-500-mg-180-caps\/\" \/>\n<meta property=\"og:site_name\" content=\"ECO Supplements\" \/>\n<meta property=\"article:modified_time\" content=\"2025-08-28T02:52:45+00:00\" \/>\n<meta property=\"og:image\" content=\"https:\/\/ecosupplements.be\/wp-content\/uploads\/2025\/08\/Solgar-SOLGAR-Evening-Primrose-Oil-500-mg-180-caps.jpg\" \/>\n\t<meta property=\"og:image:width\" content=\"700\" \/>\n\t<meta property=\"og:image:height\" content=\"700\" \/>\n\t<meta property=\"og:image:type\" content=\"image\/jpeg\" \/>\n<meta name=\"twitter:card\" content=\"summary_large_image\" \/>\n<meta name=\"twitter:label1\" content=\"Prix\" \/>\n\t<meta name=\"twitter:data1\" content=\"25.72&nbsp;&euro;\" \/>\n\t<meta name=\"twitter:label2\" content=\"Disponibilit\u00e9\" \/>\n\t<meta name=\"twitter:data2\" content=\"En stock\" \/>\n<script type=\"application\/ld+json\" class=\"yoast-schema-graph\">{\"@context\":\"https:\\\/\\\/schema.org\",\"@graph\":[{\"@type\":[\"WebPage\",\"ItemPage\"],\"@id\":\"https:\\\/\\\/ecosupplements.be\\\/fr\\\/produit\\\/solgar-evening-primrose-oil-500-mg-180-caps\\\/\",\"url\":\"https:\\\/\\\/ecosupplements.be\\\/fr\\\/produit\\\/solgar-evening-primrose-oil-500-mg-180-caps\\\/\",\"name\":\"Huile d'Onagre Solgar, 500 mg (180 g\u00e9lules) - ECO Supplements\",\"isPartOf\":{\"@id\":\"https:\\\/\\\/ecosupplements.be\\\/fr\\\/#website\"},\"primaryImageOfPage\":{\"@id\":\"https:\\\/\\\/ecosupplements.be\\\/fr\\\/produit\\\/solgar-evening-primrose-oil-500-mg-180-caps\\\/#primaryimage\"},\"image\":{\"@id\":\"https:\\\/\\\/ecosupplements.be\\\/fr\\\/produit\\\/solgar-evening-primrose-oil-500-mg-180-caps\\\/#primaryimage\"},\"thumbnailUrl\":\"https:\\\/\\\/ecosupplements.be\\\/wp-content\\\/uploads\\\/2025\\\/08\\\/SOLGAR-Evening-Primrose-Oil-500-mg-180-caps.jpg\",\"datePublished\":\"2025-07-26T23:00:30+00:00\",\"dateModified\":\"2025-08-28T02:52:45+00:00\",\"description\":\"Wij hebben een ruime keuze aan producten van Huile d'Onagre Solgar, 500 mg (180 g\u00e9lules) . Winkel bij Eco Supplements altijd gratis verzending boven 100\u20ac\",\"breadcrumb\":{\"@id\":\"https:\\\/\\\/ecosupplements.be\\\/fr\\\/produit\\\/solgar-evening-primrose-oil-500-mg-180-caps\\\/#breadcrumb\"},\"inLanguage\":\"fr-FR\",\"potentialAction\":[{\"@type\":\"ReadAction\",\"target\":[\"https:\\\/\\\/ecosupplements.be\\\/fr\\\/produit\\\/solgar-evening-primrose-oil-500-mg-180-caps\\\/\"]}]},{\"@type\":\"ImageObject\",\"inLanguage\":\"fr-FR\",\"@id\":\"https:\\\/\\\/ecosupplements.be\\\/fr\\\/produit\\\/solgar-evening-primrose-oil-500-mg-180-caps\\\/#primaryimage\",\"url\":\"https:\\\/\\\/ecosupplements.be\\\/wp-content\\\/uploads\\\/2025\\\/08\\\/SOLGAR-Evening-Primrose-Oil-500-mg-180-caps.jpg\",\"contentUrl\":\"https:\\\/\\\/ecosupplements.be\\\/wp-content\\\/uploads\\\/2025\\\/08\\\/SOLGAR-Evening-Primrose-Oil-500-mg-180-caps.jpg\",\"width\":700,\"height\":700},{\"@type\":\"BreadcrumbList\",\"@id\":\"https:\\\/\\\/ecosupplements.be\\\/fr\\\/produit\\\/solgar-evening-primrose-oil-500-mg-180-caps\\\/#breadcrumb\",\"itemListElement\":[{\"@type\":\"ListItem\",\"position\":1,\"name\":\"Home\",\"item\":\"https:\\\/\\\/ecosupplements.be\\\/fr\\\/\"},{\"@type\":\"ListItem\",\"position\":2,\"name\":\"Boutique\",\"item\":\"https:\\\/\\\/ecosupplements.be\\\/fr\\\/boutique\\\/\"},{\"@type\":\"ListItem\",\"position\":3,\"name\":\"Huile d&#8217;Onagre Solgar, 500 mg (180 g\u00e9lules)\"}]},{\"@type\":\"WebSite\",\"@id\":\"https:\\\/\\\/ecosupplements.be\\\/fr\\\/#website\",\"url\":\"https:\\\/\\\/ecosupplements.be\\\/fr\\\/\",\"name\":\"ECO Supplements\",\"description\":\"Eco Supplements - Gezonde supplementen\",\"publisher\":{\"@id\":\"https:\\\/\\\/ecosupplements.be\\\/fr\\\/#organization\"},\"potentialAction\":[{\"@type\":\"SearchAction\",\"target\":{\"@type\":\"EntryPoint\",\"urlTemplate\":\"https:\\\/\\\/ecosupplements.be\\\/fr\\\/?s={search_term_string}\"},\"query-input\":{\"@type\":\"PropertyValueSpecification\",\"valueRequired\":true,\"valueName\":\"search_term_string\"}}],\"inLanguage\":\"fr-FR\"},{\"@type\":\"Organization\",\"@id\":\"https:\\\/\\\/ecosupplements.be\\\/fr\\\/#organization\",\"name\":\"Eco Supplements\",\"url\":\"https:\\\/\\\/ecosupplements.be\\\/fr\\\/\",\"logo\":{\"@type\":\"ImageObject\",\"inLanguage\":\"fr-FR\",\"@id\":\"https:\\\/\\\/ecosupplements.be\\\/fr\\\/#\\\/schema\\\/logo\\\/image\\\/\",\"url\":\"https:\\\/\\\/ecosupplements.be\\\/wp-content\\\/uploads\\\/2022\\\/06\\\/ecosupplement-family.png\",\"contentUrl\":\"https:\\\/\\\/ecosupplements.be\\\/wp-content\\\/uploads\\\/2022\\\/06\\\/ecosupplement-family.png\",\"width\":593,\"height\":374,\"caption\":\"Eco Supplements\"},\"image\":{\"@id\":\"https:\\\/\\\/ecosupplements.be\\\/fr\\\/#\\\/schema\\\/logo\\\/image\\\/\"}}]}<\/script>\n<meta property=\"product:brand\" content=\"Solgar\" \/>\n<meta property=\"product:price:amount\" content=\"25.72\" \/>\n<meta property=\"product:price:currency\" content=\"EUR\" \/>\n<meta property=\"og:availability\" content=\"instock\" \/>\n<meta property=\"product:availability\" content=\"instock\" \/>\n<meta property=\"product:retailer_item_id\" content=\"033984010437\" \/>\n<meta property=\"product:condition\" content=\"new\" \/>\n<!-- \/ Yoast SEO Premium plugin. -->","yoast_head_json":{"title":"Huile d'Onagre Solgar, 500 mg (180 g\u00e9lules) - ECO Supplements","description":"Wij hebben een ruime keuze aan producten van Huile d'Onagre Solgar, 500 mg (180 g\u00e9lules) . Winkel bij Eco Supplements altijd gratis verzending boven 100\u20ac","robots":{"index":"index","follow":"follow","max-snippet":"max-snippet:-1","max-image-preview":"max-image-preview:large","max-video-preview":"max-video-preview:-1"},"canonical":"https:\/\/ecosupplements.be\/fr\/produit\/solgar-evening-primrose-oil-500-mg-180-caps\/","og_locale":"fr_FR","og_type":"article","og_title":"Huile d'Onagre Solgar, 500 mg (180 g\u00e9lules)","og_description":"Wij hebben een ruime keuze aan producten van Huile d'Onagre Solgar, 500 mg (180 g\u00e9lules) . Winkel bij Eco Supplements altijd gratis verzending boven 100\u20ac","og_url":"https:\/\/ecosupplements.be\/fr\/produit\/solgar-evening-primrose-oil-500-mg-180-caps\/","og_site_name":"ECO Supplements","article_modified_time":"2025-08-28T02:52:45+00:00","og_image":[{"width":700,"height":700,"url":"https:\/\/ecosupplements.be\/wp-content\/uploads\/2025\/08\/Solgar-SOLGAR-Evening-Primrose-Oil-500-mg-180-caps.jpg","type":"image\/jpeg"}],"twitter_card":"summary_large_image","twitter_misc":{"Prix":"25.72&nbsp;&euro;","Disponibilit\u00e9":"En stock"},"schema":{"@context":"https:\/\/schema.org","@graph":[{"@type":["WebPage","ItemPage"],"@id":"https:\/\/ecosupplements.be\/fr\/produit\/solgar-evening-primrose-oil-500-mg-180-caps\/","url":"https:\/\/ecosupplements.be\/fr\/produit\/solgar-evening-primrose-oil-500-mg-180-caps\/","name":"Huile d'Onagre Solgar, 500 mg (180 g\u00e9lules) - ECO Supplements","isPartOf":{"@id":"https:\/\/ecosupplements.be\/fr\/#website"},"primaryImageOfPage":{"@id":"https:\/\/ecosupplements.be\/fr\/produit\/solgar-evening-primrose-oil-500-mg-180-caps\/#primaryimage"},"image":{"@id":"https:\/\/ecosupplements.be\/fr\/produit\/solgar-evening-primrose-oil-500-mg-180-caps\/#primaryimage"},"thumbnailUrl":"https:\/\/ecosupplements.be\/wp-content\/uploads\/2025\/08\/SOLGAR-Evening-Primrose-Oil-500-mg-180-caps.jpg","datePublished":"2025-07-26T23:00:30+00:00","dateModified":"2025-08-28T02:52:45+00:00","description":"Wij hebben een ruime keuze aan producten van Huile d'Onagre Solgar, 500 mg (180 g\u00e9lules) . Winkel bij Eco Supplements altijd gratis verzending boven 100\u20ac","breadcrumb":{"@id":"https:\/\/ecosupplements.be\/fr\/produit\/solgar-evening-primrose-oil-500-mg-180-caps\/#breadcrumb"},"inLanguage":"fr-FR","potentialAction":[{"@type":"ReadAction","target":["https:\/\/ecosupplements.be\/fr\/produit\/solgar-evening-primrose-oil-500-mg-180-caps\/"]}]},{"@type":"ImageObject","inLanguage":"fr-FR","@id":"https:\/\/ecosupplements.be\/fr\/produit\/solgar-evening-primrose-oil-500-mg-180-caps\/#primaryimage","url":"https:\/\/ecosupplements.be\/wp-content\/uploads\/2025\/08\/SOLGAR-Evening-Primrose-Oil-500-mg-180-caps.jpg","contentUrl":"https:\/\/ecosupplements.be\/wp-content\/uploads\/2025\/08\/SOLGAR-Evening-Primrose-Oil-500-mg-180-caps.jpg","width":700,"height":700},{"@type":"BreadcrumbList","@id":"https:\/\/ecosupplements.be\/fr\/produit\/solgar-evening-primrose-oil-500-mg-180-caps\/#breadcrumb","itemListElement":[{"@type":"ListItem","position":1,"name":"Home","item":"https:\/\/ecosupplements.be\/fr\/"},{"@type":"ListItem","position":2,"name":"Boutique","item":"https:\/\/ecosupplements.be\/fr\/boutique\/"},{"@type":"ListItem","position":3,"name":"Huile d&#8217;Onagre Solgar, 500 mg (180 g\u00e9lules)"}]},{"@type":"WebSite","@id":"https:\/\/ecosupplements.be\/fr\/#website","url":"https:\/\/ecosupplements.be\/fr\/","name":"ECO Supplements","description":"Eco Supplements - Gezonde supplementen","publisher":{"@id":"https:\/\/ecosupplements.be\/fr\/#organization"},"potentialAction":[{"@type":"SearchAction","target":{"@type":"EntryPoint","urlTemplate":"https:\/\/ecosupplements.be\/fr\/?s={search_term_string}"},"query-input":{"@type":"PropertyValueSpecification","valueRequired":true,"valueName":"search_term_string"}}],"inLanguage":"fr-FR"},{"@type":"Organization","@id":"https:\/\/ecosupplements.be\/fr\/#organization","name":"Eco Supplements","url":"https:\/\/ecosupplements.be\/fr\/","logo":{"@type":"ImageObject","inLanguage":"fr-FR","@id":"https:\/\/ecosupplements.be\/fr\/#\/schema\/logo\/image\/","url":"https:\/\/ecosupplements.be\/wp-content\/uploads\/2022\/06\/ecosupplement-family.png","contentUrl":"https:\/\/ecosupplements.be\/wp-content\/uploads\/2022\/06\/ecosupplement-family.png","width":593,"height":374,"caption":"Eco Supplements"},"image":{"@id":"https:\/\/ecosupplements.be\/fr\/#\/schema\/logo\/image\/"}}]},"product_brand":"Solgar","product_price_amount":"25.72","product_price_currency":"EUR","og_availability":"instock","product_availability":"instock","product_retailer_item_id":"033984010437","product_condition":"new"},"_links":{"self":[{"href":"https:\/\/ecosupplements.be\/fr\/wp-json\/wp\/v2\/product\/303237","targetHints":{"allow":["GET"]}}],"collection":[{"href":"https:\/\/ecosupplements.be\/fr\/wp-json\/wp\/v2\/product"}],"about":[{"href":"https:\/\/ecosupplements.be\/fr\/wp-json\/wp\/v2\/types\/product"}],"replies":[{"embeddable":true,"href":"https:\/\/ecosupplements.be\/fr\/wp-json\/wp\/v2\/comments?post=303237"}],"wp:featuredmedia":[{"embeddable":true,"href":"https:\/\/ecosupplements.be\/fr\/wp-json\/wp\/v2\/media\/277377"}],"wp:attachment":[{"href":"https:\/\/ecosupplements.be\/fr\/wp-json\/wp\/v2\/media?parent=303237"}],"wp:term":[{"taxonomy":"product_brand","embeddable":true,"href":"https:\/\/ecosupplements.be\/fr\/wp-json\/wp\/v2\/product_brand?post=303237"},{"taxonomy":"product_cat","embeddable":true,"href":"https:\/\/ecosupplements.be\/fr\/wp-json\/wp\/v2\/product_cat?post=303237"},{"taxonomy":"product_tag","embeddable":true,"href":"https:\/\/ecosupplements.be\/fr\/wp-json\/wp\/v2\/product_tag?post=303237"}],"curies":[{"name":"wp","href":"https:\/\/api.w.org\/{rel}","templated":true}]}}