{"id":303243,"date":"2025-07-27T00:00:30","date_gmt":"2025-07-26T23:00:30","guid":{"rendered":"https:\/\/ecosupplements.be\/product\/solgar-extra-strength-glucosamine-chondroitin-complex-150-tabs\/"},"modified":"2025-08-28T03:52:52","modified_gmt":"2025-08-28T02:52:52","slug":"solgar-extra-strength-glucosamine-chondroitin-complex-150-tabs","status":"publish","type":"product","link":"https:\/\/ecosupplements.be\/fr\/produit\/solgar-extra-strength-glucosamine-chondroitin-complex-150-tabs\/","title":{"rendered":"SOLGAR Complexe de Glucosamine Chondro\u00eftine Extra Fort (150 comprim\u00e9s)"},"content":{"rendered":"<h2>Description du produit<\/h2>\n<p><strong>Nom du produit :<\/strong> SOLGAR Extra Strength glucosamine Chondroitin complex (150 tabs)<\/p>\n<h3>Ingr\u00e9dients principaux<\/h3>\n<p>Ce produit contient de la vitamine C (sous forme d&#8217;ascorbinate de calcium) et du mangan\u00e8se (sous forme de ch\u00e9late de glycinate de mangan\u00e8se), ainsi que des composants naturels tels que le sulfate de chondro\u00eftine et le chlorhydrate de glucosamine. La capsule est compos\u00e9e de cellulose v\u00e9g\u00e9tale, avec des agents remplisseurs comme la cellulose microcristalline et des anti-agglom\u00e9rants \u00e0 base d&#8217;origine v\u00e9g\u00e9tale.<\/p>\n<h3>Contenu et emballage<\/h3>\n<p>Ce produit est pr\u00e9sent\u00e9 sous forme de tablettes,avec un total de 150 unit\u00e9s par emballage.<\/p>\n<h3>Utilisation recommand\u00e9e<\/h3>\n<p>Il est conseill\u00e9 d&#8217;utiliser ce produit en prenant une (1) tablette par jour, id\u00e9alement lors d&#8217;un repas.<\/p>\n<h4>Caract\u00e9ristiques pratiques<\/h4>\n<p>SOLGAR Extra Strength Glucosamine Chondroitin Complex offre un format pratique pour une utilisation quotidienne facile. Les ingr\u00e9dients sont soigneusement s\u00e9lectionn\u00e9s pour leur haute puret\u00e9 et leur origine naturelle, garantissant un choix excellent pour ceux qui privil\u00e9gient les produits naturels dans leur routine quotidienne.<\/p>\n<h4>Vie active et \u00e9quilibr\u00e9e<\/h4>\n<p>Ce compl\u00e9ment s&#8217;int\u00e8gre harmonieusement dans un mode vie actif, accompagnant votre quotidien sans pr\u00e9tendre \u00e0 des effets sp\u00e9cifiques sur la sant\u00e9 ou le bien-\u00eatre. un choix parfait pour ceux qui appr\u00e9cient les ingr\u00e9dients naturels dans un mode vie sain.<\/p>\n","protected":false},"excerpt":{"rendered":"<p>Description du produit Nom du produit : SOLGAR Extra Strength glucosamine Chondroitin complex (150 tabs) Ingr\u00e9dients principaux Ce produit contient de la vitamine C (sous forme d&#8217;ascorbinate de calcium) et du mangan\u00e8se (sous forme de ch\u00e9late de glycinate de mangan\u00e8se), ainsi que des composants naturels tels que le sulfate de chondro\u00eftine et le chlorhydrate de [&#8230;]\n","protected":false},"featured_media":277383,"comment_status":"closed","ping_status":"open","template":"","meta":[],"product_brand":[4760],"product_cat":[5053],"product_tag":[],"class_list":{"0":"post-303243","1":"product","2":"type-product","3":"status-publish","4":"has-post-thumbnail","6":"product_brand-solgar-2","7":"product_cat-vitamines-et-mineraux","9":"first","10":"instock","11":"taxable","12":"shipping-taxable","13":"purchasable","14":"product-type-simple"},"yoast_head":"<!-- This site is optimized with the Yoast SEO Premium plugin v27.3 (Yoast SEO v27.3) - https:\/\/yoast.com\/product\/yoast-seo-premium-wordpress\/ -->\n<title>SOLGAR Complexe de Glucosamine Chondro\u00eftine Extra Fort (150 comprim\u00e9s) - ECO Supplements<\/title>\n<meta name=\"description\" content=\"Wij hebben een ruime keuze aan producten van SOLGAR Complexe de Glucosamine Chondro\u00eftine Extra Fort (150 comprim\u00e9s) . Winkel bij Eco Supplements altijd gratis verzending boven 100\u20ac\" \/>\n<meta name=\"robots\" content=\"index, follow, max-snippet:-1, max-image-preview:large, max-video-preview:-1\" \/>\n<link rel=\"canonical\" href=\"https:\/\/ecosupplements.be\/fr\/produit\/solgar-extra-strength-glucosamine-chondroitin-complex-150-tabs\/\" \/>\n<meta property=\"og:locale\" content=\"fr_FR\" \/>\n<meta property=\"og:type\" content=\"article\" \/>\n<meta property=\"og:title\" content=\"SOLGAR Complexe de Glucosamine Chondro\u00eftine Extra Fort (150 comprim\u00e9s)\" \/>\n<meta property=\"og:description\" content=\"Wij hebben een ruime keuze aan producten van SOLGAR Complexe de Glucosamine Chondro\u00eftine Extra Fort (150 comprim\u00e9s) . Winkel bij Eco Supplements altijd gratis verzending boven 100\u20ac\" \/>\n<meta property=\"og:url\" content=\"https:\/\/ecosupplements.be\/fr\/produit\/solgar-extra-strength-glucosamine-chondroitin-complex-150-tabs\/\" \/>\n<meta property=\"og:site_name\" content=\"ECO Supplements\" \/>\n<meta property=\"article:modified_time\" content=\"2025-08-28T02:52:52+00:00\" \/>\n<meta property=\"og:image\" content=\"https:\/\/ecosupplements.be\/wp-content\/uploads\/2025\/08\/Solgar-SOLGAR-Extra-Strength-Glucosamine-Chondroitin-Complex-150-tabs.jpg\" \/>\n\t<meta property=\"og:image:width\" content=\"1000\" \/>\n\t<meta property=\"og:image:height\" content=\"1000\" \/>\n\t<meta property=\"og:image:type\" content=\"image\/jpeg\" \/>\n<meta name=\"twitter:card\" content=\"summary_large_image\" \/>\n<meta name=\"twitter:label1\" content=\"Prix\" \/>\n\t<meta name=\"twitter:data1\" content=\"83.76&nbsp;&euro;\" \/>\n\t<meta name=\"twitter:label2\" content=\"Disponibilit\u00e9\" \/>\n\t<meta name=\"twitter:data2\" content=\"En stock\" \/>\n<script type=\"application\/ld+json\" class=\"yoast-schema-graph\">{\"@context\":\"https:\\\/\\\/schema.org\",\"@graph\":[{\"@type\":[\"WebPage\",\"ItemPage\"],\"@id\":\"https:\\\/\\\/ecosupplements.be\\\/fr\\\/produit\\\/solgar-extra-strength-glucosamine-chondroitin-complex-150-tabs\\\/\",\"url\":\"https:\\\/\\\/ecosupplements.be\\\/fr\\\/produit\\\/solgar-extra-strength-glucosamine-chondroitin-complex-150-tabs\\\/\",\"name\":\"SOLGAR Complexe de Glucosamine Chondro\u00eftine Extra Fort (150 comprim\u00e9s) - ECO Supplements\",\"isPartOf\":{\"@id\":\"https:\\\/\\\/ecosupplements.be\\\/fr\\\/#website\"},\"primaryImageOfPage\":{\"@id\":\"https:\\\/\\\/ecosupplements.be\\\/fr\\\/produit\\\/solgar-extra-strength-glucosamine-chondroitin-complex-150-tabs\\\/#primaryimage\"},\"image\":{\"@id\":\"https:\\\/\\\/ecosupplements.be\\\/fr\\\/produit\\\/solgar-extra-strength-glucosamine-chondroitin-complex-150-tabs\\\/#primaryimage\"},\"thumbnailUrl\":\"https:\\\/\\\/ecosupplements.be\\\/wp-content\\\/uploads\\\/2025\\\/08\\\/SOLGAR-Extra-Strength-Glucosamine-Chondroitin-Complex-150-tabs.jpg\",\"datePublished\":\"2025-07-26T23:00:30+00:00\",\"dateModified\":\"2025-08-28T02:52:52+00:00\",\"description\":\"Wij hebben een ruime keuze aan producten van SOLGAR Complexe de Glucosamine Chondro\u00eftine Extra Fort (150 comprim\u00e9s) . Winkel bij Eco Supplements altijd gratis verzending boven 100\u20ac\",\"breadcrumb\":{\"@id\":\"https:\\\/\\\/ecosupplements.be\\\/fr\\\/produit\\\/solgar-extra-strength-glucosamine-chondroitin-complex-150-tabs\\\/#breadcrumb\"},\"inLanguage\":\"fr-FR\",\"potentialAction\":[{\"@type\":\"ReadAction\",\"target\":[\"https:\\\/\\\/ecosupplements.be\\\/fr\\\/produit\\\/solgar-extra-strength-glucosamine-chondroitin-complex-150-tabs\\\/\"]}]},{\"@type\":\"ImageObject\",\"inLanguage\":\"fr-FR\",\"@id\":\"https:\\\/\\\/ecosupplements.be\\\/fr\\\/produit\\\/solgar-extra-strength-glucosamine-chondroitin-complex-150-tabs\\\/#primaryimage\",\"url\":\"https:\\\/\\\/ecosupplements.be\\\/wp-content\\\/uploads\\\/2025\\\/08\\\/SOLGAR-Extra-Strength-Glucosamine-Chondroitin-Complex-150-tabs.jpg\",\"contentUrl\":\"https:\\\/\\\/ecosupplements.be\\\/wp-content\\\/uploads\\\/2025\\\/08\\\/SOLGAR-Extra-Strength-Glucosamine-Chondroitin-Complex-150-tabs.jpg\",\"width\":1000,\"height\":1000},{\"@type\":\"BreadcrumbList\",\"@id\":\"https:\\\/\\\/ecosupplements.be\\\/fr\\\/produit\\\/solgar-extra-strength-glucosamine-chondroitin-complex-150-tabs\\\/#breadcrumb\",\"itemListElement\":[{\"@type\":\"ListItem\",\"position\":1,\"name\":\"Home\",\"item\":\"https:\\\/\\\/ecosupplements.be\\\/fr\\\/\"},{\"@type\":\"ListItem\",\"position\":2,\"name\":\"Boutique\",\"item\":\"https:\\\/\\\/ecosupplements.be\\\/fr\\\/boutique\\\/\"},{\"@type\":\"ListItem\",\"position\":3,\"name\":\"SOLGAR Complexe de Glucosamine Chondro\u00eftine Extra Fort (150 comprim\u00e9s)\"}]},{\"@type\":\"WebSite\",\"@id\":\"https:\\\/\\\/ecosupplements.be\\\/fr\\\/#website\",\"url\":\"https:\\\/\\\/ecosupplements.be\\\/fr\\\/\",\"name\":\"ECO Supplements\",\"description\":\"Eco Supplements - Gezonde supplementen\",\"publisher\":{\"@id\":\"https:\\\/\\\/ecosupplements.be\\\/fr\\\/#organization\"},\"potentialAction\":[{\"@type\":\"SearchAction\",\"target\":{\"@type\":\"EntryPoint\",\"urlTemplate\":\"https:\\\/\\\/ecosupplements.be\\\/fr\\\/?s={search_term_string}\"},\"query-input\":{\"@type\":\"PropertyValueSpecification\",\"valueRequired\":true,\"valueName\":\"search_term_string\"}}],\"inLanguage\":\"fr-FR\"},{\"@type\":\"Organization\",\"@id\":\"https:\\\/\\\/ecosupplements.be\\\/fr\\\/#organization\",\"name\":\"Eco Supplements\",\"url\":\"https:\\\/\\\/ecosupplements.be\\\/fr\\\/\",\"logo\":{\"@type\":\"ImageObject\",\"inLanguage\":\"fr-FR\",\"@id\":\"https:\\\/\\\/ecosupplements.be\\\/fr\\\/#\\\/schema\\\/logo\\\/image\\\/\",\"url\":\"https:\\\/\\\/ecosupplements.be\\\/wp-content\\\/uploads\\\/2022\\\/06\\\/ecosupplement-family.png\",\"contentUrl\":\"https:\\\/\\\/ecosupplements.be\\\/wp-content\\\/uploads\\\/2022\\\/06\\\/ecosupplement-family.png\",\"width\":593,\"height\":374,\"caption\":\"Eco Supplements\"},\"image\":{\"@id\":\"https:\\\/\\\/ecosupplements.be\\\/fr\\\/#\\\/schema\\\/logo\\\/image\\\/\"}}]}<\/script>\n<meta property=\"product:brand\" content=\"Solgar\" \/>\n<meta property=\"product:price:amount\" content=\"83.76\" \/>\n<meta property=\"product:price:currency\" content=\"EUR\" \/>\n<meta property=\"og:availability\" content=\"instock\" \/>\n<meta property=\"product:availability\" content=\"instock\" \/>\n<meta property=\"product:retailer_item_id\" content=\"033984012882\" \/>\n<meta property=\"product:condition\" content=\"new\" \/>\n<!-- \/ Yoast SEO Premium plugin. -->","yoast_head_json":{"title":"SOLGAR Complexe de Glucosamine Chondro\u00eftine Extra Fort (150 comprim\u00e9s) - ECO Supplements","description":"Wij hebben een ruime keuze aan producten van SOLGAR Complexe de Glucosamine Chondro\u00eftine Extra Fort (150 comprim\u00e9s) . Winkel bij Eco Supplements altijd gratis verzending boven 100\u20ac","robots":{"index":"index","follow":"follow","max-snippet":"max-snippet:-1","max-image-preview":"max-image-preview:large","max-video-preview":"max-video-preview:-1"},"canonical":"https:\/\/ecosupplements.be\/fr\/produit\/solgar-extra-strength-glucosamine-chondroitin-complex-150-tabs\/","og_locale":"fr_FR","og_type":"article","og_title":"SOLGAR Complexe de Glucosamine Chondro\u00eftine Extra Fort (150 comprim\u00e9s)","og_description":"Wij hebben een ruime keuze aan producten van SOLGAR Complexe de Glucosamine Chondro\u00eftine Extra Fort (150 comprim\u00e9s) . Winkel bij Eco Supplements altijd gratis verzending boven 100\u20ac","og_url":"https:\/\/ecosupplements.be\/fr\/produit\/solgar-extra-strength-glucosamine-chondroitin-complex-150-tabs\/","og_site_name":"ECO Supplements","article_modified_time":"2025-08-28T02:52:52+00:00","og_image":[{"width":1000,"height":1000,"url":"https:\/\/ecosupplements.be\/wp-content\/uploads\/2025\/08\/Solgar-SOLGAR-Extra-Strength-Glucosamine-Chondroitin-Complex-150-tabs.jpg","type":"image\/jpeg"}],"twitter_card":"summary_large_image","twitter_misc":{"Prix":"83.76&nbsp;&euro;","Disponibilit\u00e9":"En stock"},"schema":{"@context":"https:\/\/schema.org","@graph":[{"@type":["WebPage","ItemPage"],"@id":"https:\/\/ecosupplements.be\/fr\/produit\/solgar-extra-strength-glucosamine-chondroitin-complex-150-tabs\/","url":"https:\/\/ecosupplements.be\/fr\/produit\/solgar-extra-strength-glucosamine-chondroitin-complex-150-tabs\/","name":"SOLGAR Complexe de Glucosamine Chondro\u00eftine Extra Fort (150 comprim\u00e9s) - ECO Supplements","isPartOf":{"@id":"https:\/\/ecosupplements.be\/fr\/#website"},"primaryImageOfPage":{"@id":"https:\/\/ecosupplements.be\/fr\/produit\/solgar-extra-strength-glucosamine-chondroitin-complex-150-tabs\/#primaryimage"},"image":{"@id":"https:\/\/ecosupplements.be\/fr\/produit\/solgar-extra-strength-glucosamine-chondroitin-complex-150-tabs\/#primaryimage"},"thumbnailUrl":"https:\/\/ecosupplements.be\/wp-content\/uploads\/2025\/08\/SOLGAR-Extra-Strength-Glucosamine-Chondroitin-Complex-150-tabs.jpg","datePublished":"2025-07-26T23:00:30+00:00","dateModified":"2025-08-28T02:52:52+00:00","description":"Wij hebben een ruime keuze aan producten van SOLGAR Complexe de Glucosamine Chondro\u00eftine Extra Fort (150 comprim\u00e9s) . Winkel bij Eco Supplements altijd gratis verzending boven 100\u20ac","breadcrumb":{"@id":"https:\/\/ecosupplements.be\/fr\/produit\/solgar-extra-strength-glucosamine-chondroitin-complex-150-tabs\/#breadcrumb"},"inLanguage":"fr-FR","potentialAction":[{"@type":"ReadAction","target":["https:\/\/ecosupplements.be\/fr\/produit\/solgar-extra-strength-glucosamine-chondroitin-complex-150-tabs\/"]}]},{"@type":"ImageObject","inLanguage":"fr-FR","@id":"https:\/\/ecosupplements.be\/fr\/produit\/solgar-extra-strength-glucosamine-chondroitin-complex-150-tabs\/#primaryimage","url":"https:\/\/ecosupplements.be\/wp-content\/uploads\/2025\/08\/SOLGAR-Extra-Strength-Glucosamine-Chondroitin-Complex-150-tabs.jpg","contentUrl":"https:\/\/ecosupplements.be\/wp-content\/uploads\/2025\/08\/SOLGAR-Extra-Strength-Glucosamine-Chondroitin-Complex-150-tabs.jpg","width":1000,"height":1000},{"@type":"BreadcrumbList","@id":"https:\/\/ecosupplements.be\/fr\/produit\/solgar-extra-strength-glucosamine-chondroitin-complex-150-tabs\/#breadcrumb","itemListElement":[{"@type":"ListItem","position":1,"name":"Home","item":"https:\/\/ecosupplements.be\/fr\/"},{"@type":"ListItem","position":2,"name":"Boutique","item":"https:\/\/ecosupplements.be\/fr\/boutique\/"},{"@type":"ListItem","position":3,"name":"SOLGAR Complexe de Glucosamine Chondro\u00eftine Extra Fort (150 comprim\u00e9s)"}]},{"@type":"WebSite","@id":"https:\/\/ecosupplements.be\/fr\/#website","url":"https:\/\/ecosupplements.be\/fr\/","name":"ECO Supplements","description":"Eco Supplements - Gezonde supplementen","publisher":{"@id":"https:\/\/ecosupplements.be\/fr\/#organization"},"potentialAction":[{"@type":"SearchAction","target":{"@type":"EntryPoint","urlTemplate":"https:\/\/ecosupplements.be\/fr\/?s={search_term_string}"},"query-input":{"@type":"PropertyValueSpecification","valueRequired":true,"valueName":"search_term_string"}}],"inLanguage":"fr-FR"},{"@type":"Organization","@id":"https:\/\/ecosupplements.be\/fr\/#organization","name":"Eco Supplements","url":"https:\/\/ecosupplements.be\/fr\/","logo":{"@type":"ImageObject","inLanguage":"fr-FR","@id":"https:\/\/ecosupplements.be\/fr\/#\/schema\/logo\/image\/","url":"https:\/\/ecosupplements.be\/wp-content\/uploads\/2022\/06\/ecosupplement-family.png","contentUrl":"https:\/\/ecosupplements.be\/wp-content\/uploads\/2022\/06\/ecosupplement-family.png","width":593,"height":374,"caption":"Eco Supplements"},"image":{"@id":"https:\/\/ecosupplements.be\/fr\/#\/schema\/logo\/image\/"}}]},"product_brand":"Solgar","product_price_amount":"83.76","product_price_currency":"EUR","og_availability":"instock","product_availability":"instock","product_retailer_item_id":"033984012882","product_condition":"new"},"_links":{"self":[{"href":"https:\/\/ecosupplements.be\/fr\/wp-json\/wp\/v2\/product\/303243","targetHints":{"allow":["GET"]}}],"collection":[{"href":"https:\/\/ecosupplements.be\/fr\/wp-json\/wp\/v2\/product"}],"about":[{"href":"https:\/\/ecosupplements.be\/fr\/wp-json\/wp\/v2\/types\/product"}],"replies":[{"embeddable":true,"href":"https:\/\/ecosupplements.be\/fr\/wp-json\/wp\/v2\/comments?post=303243"}],"wp:featuredmedia":[{"embeddable":true,"href":"https:\/\/ecosupplements.be\/fr\/wp-json\/wp\/v2\/media\/277383"}],"wp:attachment":[{"href":"https:\/\/ecosupplements.be\/fr\/wp-json\/wp\/v2\/media?parent=303243"}],"wp:term":[{"taxonomy":"product_brand","embeddable":true,"href":"https:\/\/ecosupplements.be\/fr\/wp-json\/wp\/v2\/product_brand?post=303243"},{"taxonomy":"product_cat","embeddable":true,"href":"https:\/\/ecosupplements.be\/fr\/wp-json\/wp\/v2\/product_cat?post=303243"},{"taxonomy":"product_tag","embeddable":true,"href":"https:\/\/ecosupplements.be\/fr\/wp-json\/wp\/v2\/product_tag?post=303243"}],"curies":[{"name":"wp","href":"https:\/\/api.w.org\/{rel}","templated":true}]}}