{"id":303252,"date":"2025-07-27T00:15:12","date_gmt":"2025-07-26T23:15:12","guid":{"rendered":"https:\/\/ecosupplements.be\/product\/solgar-folate-metafolin-400-mcg-100-tabs\/"},"modified":"2025-08-28T03:53:01","modified_gmt":"2025-08-28T02:53:01","slug":"solgar-folate-metafolin-400-mcg-100-tabs","status":"publish","type":"product","link":"https:\/\/ecosupplements.be\/fr\/produit\/solgar-folate-metafolin-400-mcg-100-tabs\/","title":{"rendered":"SOLGAR Folates (Metafolin), 400 mcg (100 comprim\u00e9s)"},"content":{"rendered":"<p><strong>Nom du produit :<\/strong> SOLGAR Folate (Metafolin), 400 mcg (100 tabs)<\/p>\n<p><strong>Description :<\/strong> D\u00e9couvrez un choix naturel pour votre quotidien avec les comprim\u00e9s de folate Metafolin\u00ae de SOLGAR. Chaque comprim\u00e9 contient 400 mcg de L-m\u00e9thylfolate, une forme de folate d&#8217;origine naturelle, con\u00e7ue pour \u00eatre facilement utilis\u00e9e par votre corps.<\/p>\n<p><strong>Ingr\u00e9dients principaux :<\/strong> L-m\u00e9thylfolate Metafolin\u00ae, mannitol, cellulose microcristalline; antiagglom\u00e9rants : sels magn\u00e9siques d&#8217;acides gras d&#8217;origine v\u00e9g\u00e9tale, cellulose v\u00e9g\u00e9tale, dioxyde de silicium, acides gras.<\/p>\n<p><strong>contenu et emballage :<\/strong> Ce produit est pr\u00e9sent\u00e9 sous forme de bo\u00eete contenant 100 comprim\u00e9s.<\/p>\n<p><strong>Utilisation recommand\u00e9e :<\/strong> Prendre un comprim\u00e9 par jour avec un repas et accompagn\u00e9 d&#8217;eau ou suivre les recommandations d&#8217;un professionnel.<\/p>\n<p><b>Note importante:<\/b><\/p>\n<ul>\n<li>Ce produit est \u00e0 utiliser dans le cadre d&#8217;une alimentation vari\u00e9e et \u00e9quilibr\u00e9e et d&#8217;un mode de vie sain.<\/li>\n<li>Garder hors de port\u00e9e des enfants.<\/li>\n<li>A conserver dans un endroit sec et frais.<\/li>\n<\/ul>\n<p>Ces comprim\u00e9s sont formul\u00e9s sans ar\u00f4mes artificiels ni conservateurs. Ils sont \u00e9galement adapt\u00e9s aux v\u00e9g\u00e9tariens. Un choix parfait pour ceux qui appr\u00e9cient les ingr\u00e9dients purs et simples dans leur routine quotidienne.<\/p>\n","protected":false},"excerpt":{"rendered":"<p>Nom du produit : SOLGAR Folate (Metafolin), 400 mcg (100 tabs) Description : D\u00e9couvrez un choix naturel pour votre quotidien avec les comprim\u00e9s de folate Metafolin\u00ae de SOLGAR. Chaque comprim\u00e9 contient 400 mcg de L-m\u00e9thylfolate, une forme de folate d&#8217;origine naturelle, con\u00e7ue pour \u00eatre facilement utilis\u00e9e par votre corps. Ingr\u00e9dients principaux : L-m\u00e9thylfolate Metafolin\u00ae, mannitol, [&#8230;]\n","protected":false},"featured_media":277392,"comment_status":"closed","ping_status":"open","template":"","meta":[],"product_brand":[4760],"product_cat":[5064,5053],"product_tag":[],"class_list":{"0":"post-303252","1":"product","2":"type-product","3":"status-publish","4":"has-post-thumbnail","6":"product_brand-solgar-2","7":"product_cat-mineraux-simples","8":"product_cat-vitamines-et-mineraux","10":"first","11":"instock","12":"taxable","13":"shipping-taxable","14":"purchasable","15":"product-type-simple"},"yoast_head":"<!-- This site is optimized with the Yoast SEO Premium plugin v27.5 (Yoast SEO v27.5) - https:\/\/yoast.com\/product\/yoast-seo-premium-wordpress\/ -->\n<title>SOLGAR Folates (Metafolin), 400 mcg (100 comprim\u00e9s) - ECO Supplements<\/title>\n<meta name=\"description\" content=\"Wij hebben een ruime keuze aan producten van SOLGAR Folates (Metafolin), 400 mcg (100 comprim\u00e9s) . Winkel bij Eco Supplements altijd gratis verzending boven 100\u20ac\" \/>\n<meta name=\"robots\" content=\"index, follow, max-snippet:-1, max-image-preview:large, max-video-preview:-1\" \/>\n<link rel=\"canonical\" href=\"https:\/\/ecosupplements.be\/fr\/produit\/solgar-folate-metafolin-400-mcg-100-tabs\/\" \/>\n<meta property=\"og:locale\" content=\"fr_FR\" \/>\n<meta property=\"og:type\" content=\"article\" \/>\n<meta property=\"og:title\" content=\"SOLGAR Folates (Metafolin), 400 mcg (100 comprim\u00e9s)\" \/>\n<meta property=\"og:description\" content=\"Wij hebben een ruime keuze aan producten van SOLGAR Folates (Metafolin), 400 mcg (100 comprim\u00e9s) . Winkel bij Eco Supplements altijd gratis verzending boven 100\u20ac\" \/>\n<meta property=\"og:url\" content=\"https:\/\/ecosupplements.be\/fr\/produit\/solgar-folate-metafolin-400-mcg-100-tabs\/\" \/>\n<meta property=\"og:site_name\" content=\"ECO Supplements\" \/>\n<meta property=\"article:modified_time\" content=\"2025-08-28T02:53:01+00:00\" \/>\n<meta property=\"og:image\" content=\"https:\/\/ecosupplements.be\/wp-content\/uploads\/2025\/08\/Solgar-SOLGAR-Folate-Metafolin-400-mcg-100-tabs.jpg\" \/>\n\t<meta property=\"og:image:width\" content=\"700\" \/>\n\t<meta property=\"og:image:height\" content=\"700\" \/>\n\t<meta property=\"og:image:type\" content=\"image\/jpeg\" \/>\n<meta name=\"twitter:card\" content=\"summary_large_image\" \/>\n<meta name=\"twitter:label1\" content=\"Prix\" \/>\n\t<meta name=\"twitter:data1\" content=\"21.72&nbsp;&euro;\" \/>\n\t<meta name=\"twitter:label2\" content=\"Disponibilit\u00e9\" \/>\n\t<meta name=\"twitter:data2\" content=\"En stock\" \/>\n<script type=\"application\/ld+json\" class=\"yoast-schema-graph\">{\"@context\":\"https:\\\/\\\/schema.org\",\"@graph\":[{\"@type\":[\"WebPage\",\"ItemPage\"],\"@id\":\"https:\\\/\\\/ecosupplements.be\\\/fr\\\/produit\\\/solgar-folate-metafolin-400-mcg-100-tabs\\\/\",\"url\":\"https:\\\/\\\/ecosupplements.be\\\/fr\\\/produit\\\/solgar-folate-metafolin-400-mcg-100-tabs\\\/\",\"name\":\"SOLGAR Folates (Metafolin), 400 mcg (100 comprim\u00e9s) - ECO Supplements\",\"isPartOf\":{\"@id\":\"https:\\\/\\\/ecosupplements.be\\\/fr\\\/#website\"},\"primaryImageOfPage\":{\"@id\":\"https:\\\/\\\/ecosupplements.be\\\/fr\\\/produit\\\/solgar-folate-metafolin-400-mcg-100-tabs\\\/#primaryimage\"},\"image\":{\"@id\":\"https:\\\/\\\/ecosupplements.be\\\/fr\\\/produit\\\/solgar-folate-metafolin-400-mcg-100-tabs\\\/#primaryimage\"},\"thumbnailUrl\":\"https:\\\/\\\/ecosupplements.be\\\/wp-content\\\/uploads\\\/2025\\\/08\\\/SOLGAR-Folate-Metafolin-400-mcg-100-tabs.jpg\",\"datePublished\":\"2025-07-26T23:15:12+00:00\",\"dateModified\":\"2025-08-28T02:53:01+00:00\",\"description\":\"Wij hebben een ruime keuze aan producten van SOLGAR Folates (Metafolin), 400 mcg (100 comprim\u00e9s) . Winkel bij Eco Supplements altijd gratis verzending boven 100\u20ac\",\"breadcrumb\":{\"@id\":\"https:\\\/\\\/ecosupplements.be\\\/fr\\\/produit\\\/solgar-folate-metafolin-400-mcg-100-tabs\\\/#breadcrumb\"},\"inLanguage\":\"fr-FR\",\"potentialAction\":[{\"@type\":\"ReadAction\",\"target\":[\"https:\\\/\\\/ecosupplements.be\\\/fr\\\/produit\\\/solgar-folate-metafolin-400-mcg-100-tabs\\\/\"]}]},{\"@type\":\"ImageObject\",\"inLanguage\":\"fr-FR\",\"@id\":\"https:\\\/\\\/ecosupplements.be\\\/fr\\\/produit\\\/solgar-folate-metafolin-400-mcg-100-tabs\\\/#primaryimage\",\"url\":\"https:\\\/\\\/ecosupplements.be\\\/wp-content\\\/uploads\\\/2025\\\/08\\\/SOLGAR-Folate-Metafolin-400-mcg-100-tabs.jpg\",\"contentUrl\":\"https:\\\/\\\/ecosupplements.be\\\/wp-content\\\/uploads\\\/2025\\\/08\\\/SOLGAR-Folate-Metafolin-400-mcg-100-tabs.jpg\",\"width\":700,\"height\":700},{\"@type\":\"BreadcrumbList\",\"@id\":\"https:\\\/\\\/ecosupplements.be\\\/fr\\\/produit\\\/solgar-folate-metafolin-400-mcg-100-tabs\\\/#breadcrumb\",\"itemListElement\":[{\"@type\":\"ListItem\",\"position\":1,\"name\":\"Home\",\"item\":\"https:\\\/\\\/ecosupplements.be\\\/fr\\\/\"},{\"@type\":\"ListItem\",\"position\":2,\"name\":\"Boutique\",\"item\":\"https:\\\/\\\/ecosupplements.be\\\/fr\\\/boutique\\\/\"},{\"@type\":\"ListItem\",\"position\":3,\"name\":\"SOLGAR Folates (Metafolin), 400 mcg (100 comprim\u00e9s)\"}]},{\"@type\":\"WebSite\",\"@id\":\"https:\\\/\\\/ecosupplements.be\\\/fr\\\/#website\",\"url\":\"https:\\\/\\\/ecosupplements.be\\\/fr\\\/\",\"name\":\"ECO Supplements\",\"description\":\"Eco Supplements - Gezonde supplementen\",\"publisher\":{\"@id\":\"https:\\\/\\\/ecosupplements.be\\\/fr\\\/#organization\"},\"potentialAction\":[{\"@type\":\"SearchAction\",\"target\":{\"@type\":\"EntryPoint\",\"urlTemplate\":\"https:\\\/\\\/ecosupplements.be\\\/fr\\\/?s={search_term_string}\"},\"query-input\":{\"@type\":\"PropertyValueSpecification\",\"valueRequired\":true,\"valueName\":\"search_term_string\"}}],\"inLanguage\":\"fr-FR\"},{\"@type\":\"Organization\",\"@id\":\"https:\\\/\\\/ecosupplements.be\\\/fr\\\/#organization\",\"name\":\"Eco Supplements\",\"url\":\"https:\\\/\\\/ecosupplements.be\\\/fr\\\/\",\"logo\":{\"@type\":\"ImageObject\",\"inLanguage\":\"fr-FR\",\"@id\":\"https:\\\/\\\/ecosupplements.be\\\/fr\\\/#\\\/schema\\\/logo\\\/image\\\/\",\"url\":\"https:\\\/\\\/ecosupplements.be\\\/wp-content\\\/uploads\\\/2022\\\/06\\\/ecosupplement-family.png\",\"contentUrl\":\"https:\\\/\\\/ecosupplements.be\\\/wp-content\\\/uploads\\\/2022\\\/06\\\/ecosupplement-family.png\",\"width\":593,\"height\":374,\"caption\":\"Eco Supplements\"},\"image\":{\"@id\":\"https:\\\/\\\/ecosupplements.be\\\/fr\\\/#\\\/schema\\\/logo\\\/image\\\/\"}}]}<\/script>\n<meta property=\"product:brand\" content=\"Solgar\" \/>\n<meta property=\"product:price:amount\" content=\"21.72\" \/>\n<meta property=\"product:price:currency\" content=\"EUR\" \/>\n<meta property=\"og:availability\" content=\"instock\" \/>\n<meta property=\"product:availability\" content=\"instock\" \/>\n<meta property=\"product:retailer_item_id\" content=\"033984019416\" \/>\n<meta property=\"product:condition\" content=\"new\" \/>\n<!-- \/ Yoast SEO Premium plugin. -->","yoast_head_json":{"title":"SOLGAR Folates (Metafolin), 400 mcg (100 comprim\u00e9s) - ECO Supplements","description":"Wij hebben een ruime keuze aan producten van SOLGAR Folates (Metafolin), 400 mcg (100 comprim\u00e9s) . Winkel bij Eco Supplements altijd gratis verzending boven 100\u20ac","robots":{"index":"index","follow":"follow","max-snippet":"max-snippet:-1","max-image-preview":"max-image-preview:large","max-video-preview":"max-video-preview:-1"},"canonical":"https:\/\/ecosupplements.be\/fr\/produit\/solgar-folate-metafolin-400-mcg-100-tabs\/","og_locale":"fr_FR","og_type":"article","og_title":"SOLGAR Folates (Metafolin), 400 mcg (100 comprim\u00e9s)","og_description":"Wij hebben een ruime keuze aan producten van SOLGAR Folates (Metafolin), 400 mcg (100 comprim\u00e9s) . Winkel bij Eco Supplements altijd gratis verzending boven 100\u20ac","og_url":"https:\/\/ecosupplements.be\/fr\/produit\/solgar-folate-metafolin-400-mcg-100-tabs\/","og_site_name":"ECO Supplements","article_modified_time":"2025-08-28T02:53:01+00:00","og_image":[{"width":700,"height":700,"url":"https:\/\/ecosupplements.be\/wp-content\/uploads\/2025\/08\/Solgar-SOLGAR-Folate-Metafolin-400-mcg-100-tabs.jpg","type":"image\/jpeg"}],"twitter_card":"summary_large_image","twitter_misc":{"Prix":"21.72&nbsp;&euro;","Disponibilit\u00e9":"En stock"},"schema":{"@context":"https:\/\/schema.org","@graph":[{"@type":["WebPage","ItemPage"],"@id":"https:\/\/ecosupplements.be\/fr\/produit\/solgar-folate-metafolin-400-mcg-100-tabs\/","url":"https:\/\/ecosupplements.be\/fr\/produit\/solgar-folate-metafolin-400-mcg-100-tabs\/","name":"SOLGAR Folates (Metafolin), 400 mcg (100 comprim\u00e9s) - ECO Supplements","isPartOf":{"@id":"https:\/\/ecosupplements.be\/fr\/#website"},"primaryImageOfPage":{"@id":"https:\/\/ecosupplements.be\/fr\/produit\/solgar-folate-metafolin-400-mcg-100-tabs\/#primaryimage"},"image":{"@id":"https:\/\/ecosupplements.be\/fr\/produit\/solgar-folate-metafolin-400-mcg-100-tabs\/#primaryimage"},"thumbnailUrl":"https:\/\/ecosupplements.be\/wp-content\/uploads\/2025\/08\/SOLGAR-Folate-Metafolin-400-mcg-100-tabs.jpg","datePublished":"2025-07-26T23:15:12+00:00","dateModified":"2025-08-28T02:53:01+00:00","description":"Wij hebben een ruime keuze aan producten van SOLGAR Folates (Metafolin), 400 mcg (100 comprim\u00e9s) . Winkel bij Eco Supplements altijd gratis verzending boven 100\u20ac","breadcrumb":{"@id":"https:\/\/ecosupplements.be\/fr\/produit\/solgar-folate-metafolin-400-mcg-100-tabs\/#breadcrumb"},"inLanguage":"fr-FR","potentialAction":[{"@type":"ReadAction","target":["https:\/\/ecosupplements.be\/fr\/produit\/solgar-folate-metafolin-400-mcg-100-tabs\/"]}]},{"@type":"ImageObject","inLanguage":"fr-FR","@id":"https:\/\/ecosupplements.be\/fr\/produit\/solgar-folate-metafolin-400-mcg-100-tabs\/#primaryimage","url":"https:\/\/ecosupplements.be\/wp-content\/uploads\/2025\/08\/SOLGAR-Folate-Metafolin-400-mcg-100-tabs.jpg","contentUrl":"https:\/\/ecosupplements.be\/wp-content\/uploads\/2025\/08\/SOLGAR-Folate-Metafolin-400-mcg-100-tabs.jpg","width":700,"height":700},{"@type":"BreadcrumbList","@id":"https:\/\/ecosupplements.be\/fr\/produit\/solgar-folate-metafolin-400-mcg-100-tabs\/#breadcrumb","itemListElement":[{"@type":"ListItem","position":1,"name":"Home","item":"https:\/\/ecosupplements.be\/fr\/"},{"@type":"ListItem","position":2,"name":"Boutique","item":"https:\/\/ecosupplements.be\/fr\/boutique\/"},{"@type":"ListItem","position":3,"name":"SOLGAR Folates (Metafolin), 400 mcg (100 comprim\u00e9s)"}]},{"@type":"WebSite","@id":"https:\/\/ecosupplements.be\/fr\/#website","url":"https:\/\/ecosupplements.be\/fr\/","name":"ECO Supplements","description":"Eco Supplements - Gezonde supplementen","publisher":{"@id":"https:\/\/ecosupplements.be\/fr\/#organization"},"potentialAction":[{"@type":"SearchAction","target":{"@type":"EntryPoint","urlTemplate":"https:\/\/ecosupplements.be\/fr\/?s={search_term_string}"},"query-input":{"@type":"PropertyValueSpecification","valueRequired":true,"valueName":"search_term_string"}}],"inLanguage":"fr-FR"},{"@type":"Organization","@id":"https:\/\/ecosupplements.be\/fr\/#organization","name":"Eco Supplements","url":"https:\/\/ecosupplements.be\/fr\/","logo":{"@type":"ImageObject","inLanguage":"fr-FR","@id":"https:\/\/ecosupplements.be\/fr\/#\/schema\/logo\/image\/","url":"https:\/\/ecosupplements.be\/wp-content\/uploads\/2022\/06\/ecosupplement-family.png","contentUrl":"https:\/\/ecosupplements.be\/wp-content\/uploads\/2022\/06\/ecosupplement-family.png","width":593,"height":374,"caption":"Eco Supplements"},"image":{"@id":"https:\/\/ecosupplements.be\/fr\/#\/schema\/logo\/image\/"}}]},"product_brand":"Solgar","product_price_amount":"21.72","product_price_currency":"EUR","og_availability":"instock","product_availability":"instock","product_retailer_item_id":"033984019416","product_condition":"new"},"_links":{"self":[{"href":"https:\/\/ecosupplements.be\/fr\/wp-json\/wp\/v2\/product\/303252","targetHints":{"allow":["GET"]}}],"collection":[{"href":"https:\/\/ecosupplements.be\/fr\/wp-json\/wp\/v2\/product"}],"about":[{"href":"https:\/\/ecosupplements.be\/fr\/wp-json\/wp\/v2\/types\/product"}],"replies":[{"embeddable":true,"href":"https:\/\/ecosupplements.be\/fr\/wp-json\/wp\/v2\/comments?post=303252"}],"wp:featuredmedia":[{"embeddable":true,"href":"https:\/\/ecosupplements.be\/fr\/wp-json\/wp\/v2\/media\/277392"}],"wp:attachment":[{"href":"https:\/\/ecosupplements.be\/fr\/wp-json\/wp\/v2\/media?parent=303252"}],"wp:term":[{"taxonomy":"product_brand","embeddable":true,"href":"https:\/\/ecosupplements.be\/fr\/wp-json\/wp\/v2\/product_brand?post=303252"},{"taxonomy":"product_cat","embeddable":true,"href":"https:\/\/ecosupplements.be\/fr\/wp-json\/wp\/v2\/product_cat?post=303252"},{"taxonomy":"product_tag","embeddable":true,"href":"https:\/\/ecosupplements.be\/fr\/wp-json\/wp\/v2\/product_tag?post=303252"}],"curies":[{"name":"wp","href":"https:\/\/api.w.org\/{rel}","templated":true}]}}