{"id":303261,"date":"2025-07-27T00:30:21","date_gmt":"2025-07-26T23:30:21","guid":{"rendered":"https:\/\/ecosupplements.be\/product\/solgar-folate-1333-mcg-dfe-800-mcg-folic-acid-250-tabs\/"},"modified":"2025-08-28T03:53:12","modified_gmt":"2025-08-28T02:53:12","slug":"solgar-folate-1333-mcg-dfe-800-mcg-folic-acid-250-tabs","status":"publish","type":"product","link":"https:\/\/ecosupplements.be\/fr\/produit\/solgar-folate-1333-mcg-dfe-800-mcg-folic-acid-250-tabs\/","title":{"rendered":"SOLGAR Folates 1333 mcg DFE (800 mcg d&#8217;acide folique) (250 comprim\u00e9s)"},"content":{"rendered":"<p><strong>Nom du produit :<\/strong> SOLGAR folate 1333 mcg DFE (800 mcg Folic Acid) (250 tabs)<\/p>\n<p><strong>Description :<\/strong> D\u00e9couvrez un choix naturel pour votre quotidien avec les comprim\u00e9s de folate de SOLGAR. Chaque tablette est con\u00e7ue pour offrir une exp\u00e9rience simple et pratique, id\u00e9ale pour ceux qui appr\u00e9cient les ingr\u00e9dients de haute qualit\u00e9 dans leur routine journali\u00e8re.<\/p>\n<p><strong>Ingr\u00e9dients principaux :<\/strong> Le produit contient du folate sous forme d&#8217;acide folique, avec des agents de remplissage tels que le phosphate dicalcique et la cellulose microcristalline, ainsi que des anti-agglom\u00e9rants comme les acides st\u00e9ariques v\u00e9g\u00e9taux et le dioxyde de silicium.La capsule est envelopp\u00e9e dans une cellulose v\u00e9g\u00e9tale.<\/p>\n<p><strong>Contenu et emballage :<\/strong> Ce produit est pr\u00e9sent\u00e9 dans un emballage contenant 250 comprim\u00e9s.<\/p>\n<p><strong>Utilisation recommand\u00e9e :<\/strong> Prendre une demi (1\/2) tablette par jour, de pr\u00e9f\u00e9rence au cours d&#8217;un repas. ne pas d\u00e9passer la dose journali\u00e8re recommand\u00e9e.<\/p>\n<p><strong>Caract\u00e9ristiques pratiques :<\/strong> Les comprim\u00e9s sont faciles \u00e0 consommer et ont \u00e9t\u00e9 con\u00e7us pour s&#8217;int\u00e9grer sans effort \u00e0 votre routine quotidienne. Ils sont \u00e9galement conditionn\u00e9s dans un flacon pratique \u00e0 utiliser et \u00e0 conserver.<\/p>\n<p><b>Note:<\/b><\/b><\/i><\/i><\/i><\/i><\/i><br \/>\nLes compl\u00e9ments alimentaires ne doivent pas \u00eatre utilis\u00e9s comme substitut \u00e0 une alimentation vari\u00e9e. En cas d&#8217;hypersensibilit\u00e9 \u00e0 l&#8217;un des composants, \u00e9vitez l&#8217;utilisation du produit. Consultez un professionnel de sant\u00e9 avant utilisation si vous \u00eates enceinte, allaitez ou prenez des m\u00e9dicaments.<\/p>\n","protected":false},"excerpt":{"rendered":"<p>Nom du produit : SOLGAR folate 1333 mcg DFE (800 mcg Folic Acid) (250 tabs) Description : D\u00e9couvrez un choix naturel pour votre quotidien avec les comprim\u00e9s de folate de SOLGAR. Chaque tablette est con\u00e7ue pour offrir une exp\u00e9rience simple et pratique, id\u00e9ale pour ceux qui appr\u00e9cient les ingr\u00e9dients de haute qualit\u00e9 dans leur routine [&#8230;]\n","protected":false},"featured_media":277401,"comment_status":"closed","ping_status":"open","template":"","meta":[],"product_brand":[4760],"product_cat":[5053],"product_tag":[],"class_list":{"0":"post-303261","1":"product","2":"type-product","3":"status-publish","4":"has-post-thumbnail","6":"product_brand-solgar-2","7":"product_cat-vitamines-et-mineraux","9":"first","10":"instock","11":"taxable","12":"shipping-taxable","13":"purchasable","14":"product-type-simple"},"yoast_head":"<!-- This site is optimized with the Yoast SEO Premium plugin v27.3 (Yoast SEO v27.3) - https:\/\/yoast.com\/product\/yoast-seo-premium-wordpress\/ -->\n<title>SOLGAR Folates 1333 mcg DFE (800 mcg d&#039;acide folique) (250 comprim\u00e9s) - ECO Supplements<\/title>\n<meta name=\"description\" content=\"Wij hebben een ruime keuze aan producten van SOLGAR Folates 1333 mcg DFE (800 mcg d&#039;acide folique) (250 comprim\u00e9s) . Winkel bij Eco Supplements altijd gratis verzending boven 100\u20ac\" \/>\n<meta name=\"robots\" content=\"index, follow, max-snippet:-1, max-image-preview:large, max-video-preview:-1\" \/>\n<link rel=\"canonical\" href=\"https:\/\/ecosupplements.be\/fr\/produit\/solgar-folate-1333-mcg-dfe-800-mcg-folic-acid-250-tabs\/\" \/>\n<meta property=\"og:locale\" content=\"fr_FR\" \/>\n<meta property=\"og:type\" content=\"article\" \/>\n<meta property=\"og:title\" content=\"SOLGAR Folates 1333 mcg DFE (800 mcg d&#039;acide folique) (250 comprim\u00e9s)\" \/>\n<meta property=\"og:description\" content=\"Wij hebben een ruime keuze aan producten van SOLGAR Folates 1333 mcg DFE (800 mcg d&#039;acide folique) (250 comprim\u00e9s) . Winkel bij Eco Supplements altijd gratis verzending boven 100\u20ac\" \/>\n<meta property=\"og:url\" content=\"https:\/\/ecosupplements.be\/fr\/produit\/solgar-folate-1333-mcg-dfe-800-mcg-folic-acid-250-tabs\/\" \/>\n<meta property=\"og:site_name\" content=\"ECO Supplements\" \/>\n<meta property=\"article:modified_time\" content=\"2025-08-28T02:53:12+00:00\" \/>\n<meta property=\"og:image\" content=\"https:\/\/ecosupplements.be\/wp-content\/uploads\/2025\/08\/Solgar-SOLGAR-Folate-1333-mcg-DFE-800-mcg-Folic-Acid-250-tabs.jpg\" \/>\n\t<meta property=\"og:image:width\" content=\"563\" \/>\n\t<meta property=\"og:image:height\" content=\"633\" \/>\n\t<meta property=\"og:image:type\" content=\"image\/jpeg\" \/>\n<meta name=\"twitter:card\" content=\"summary_large_image\" \/>\n<meta name=\"twitter:label1\" content=\"Prix\" \/>\n\t<meta name=\"twitter:data1\" content=\"22.58&nbsp;&euro;\" \/>\n\t<meta name=\"twitter:label2\" content=\"Disponibilit\u00e9\" \/>\n\t<meta name=\"twitter:data2\" content=\"En stock\" \/>\n<script type=\"application\/ld+json\" class=\"yoast-schema-graph\">{\"@context\":\"https:\\\/\\\/schema.org\",\"@graph\":[{\"@type\":[\"WebPage\",\"ItemPage\"],\"@id\":\"https:\\\/\\\/ecosupplements.be\\\/fr\\\/produit\\\/solgar-folate-1333-mcg-dfe-800-mcg-folic-acid-250-tabs\\\/\",\"url\":\"https:\\\/\\\/ecosupplements.be\\\/fr\\\/produit\\\/solgar-folate-1333-mcg-dfe-800-mcg-folic-acid-250-tabs\\\/\",\"name\":\"SOLGAR Folates 1333 mcg DFE (800 mcg d'acide folique) (250 comprim\u00e9s) - ECO Supplements\",\"isPartOf\":{\"@id\":\"https:\\\/\\\/ecosupplements.be\\\/fr\\\/#website\"},\"primaryImageOfPage\":{\"@id\":\"https:\\\/\\\/ecosupplements.be\\\/fr\\\/produit\\\/solgar-folate-1333-mcg-dfe-800-mcg-folic-acid-250-tabs\\\/#primaryimage\"},\"image\":{\"@id\":\"https:\\\/\\\/ecosupplements.be\\\/fr\\\/produit\\\/solgar-folate-1333-mcg-dfe-800-mcg-folic-acid-250-tabs\\\/#primaryimage\"},\"thumbnailUrl\":\"https:\\\/\\\/ecosupplements.be\\\/wp-content\\\/uploads\\\/2025\\\/08\\\/SOLGAR-Folate-1333-mcg-DFE-800-mcg-Folic-Acid-250-tabs.jpg\",\"datePublished\":\"2025-07-26T23:30:21+00:00\",\"dateModified\":\"2025-08-28T02:53:12+00:00\",\"description\":\"Wij hebben een ruime keuze aan producten van SOLGAR Folates 1333 mcg DFE (800 mcg d'acide folique) (250 comprim\u00e9s) . Winkel bij Eco Supplements altijd gratis verzending boven 100\u20ac\",\"breadcrumb\":{\"@id\":\"https:\\\/\\\/ecosupplements.be\\\/fr\\\/produit\\\/solgar-folate-1333-mcg-dfe-800-mcg-folic-acid-250-tabs\\\/#breadcrumb\"},\"inLanguage\":\"fr-FR\",\"potentialAction\":[{\"@type\":\"ReadAction\",\"target\":[\"https:\\\/\\\/ecosupplements.be\\\/fr\\\/produit\\\/solgar-folate-1333-mcg-dfe-800-mcg-folic-acid-250-tabs\\\/\"]}]},{\"@type\":\"ImageObject\",\"inLanguage\":\"fr-FR\",\"@id\":\"https:\\\/\\\/ecosupplements.be\\\/fr\\\/produit\\\/solgar-folate-1333-mcg-dfe-800-mcg-folic-acid-250-tabs\\\/#primaryimage\",\"url\":\"https:\\\/\\\/ecosupplements.be\\\/wp-content\\\/uploads\\\/2025\\\/08\\\/SOLGAR-Folate-1333-mcg-DFE-800-mcg-Folic-Acid-250-tabs.jpg\",\"contentUrl\":\"https:\\\/\\\/ecosupplements.be\\\/wp-content\\\/uploads\\\/2025\\\/08\\\/SOLGAR-Folate-1333-mcg-DFE-800-mcg-Folic-Acid-250-tabs.jpg\",\"width\":563,\"height\":633},{\"@type\":\"BreadcrumbList\",\"@id\":\"https:\\\/\\\/ecosupplements.be\\\/fr\\\/produit\\\/solgar-folate-1333-mcg-dfe-800-mcg-folic-acid-250-tabs\\\/#breadcrumb\",\"itemListElement\":[{\"@type\":\"ListItem\",\"position\":1,\"name\":\"Home\",\"item\":\"https:\\\/\\\/ecosupplements.be\\\/fr\\\/\"},{\"@type\":\"ListItem\",\"position\":2,\"name\":\"Boutique\",\"item\":\"https:\\\/\\\/ecosupplements.be\\\/fr\\\/boutique\\\/\"},{\"@type\":\"ListItem\",\"position\":3,\"name\":\"SOLGAR Folates 1333 mcg DFE (800 mcg d&#8217;acide folique) (250 comprim\u00e9s)\"}]},{\"@type\":\"WebSite\",\"@id\":\"https:\\\/\\\/ecosupplements.be\\\/fr\\\/#website\",\"url\":\"https:\\\/\\\/ecosupplements.be\\\/fr\\\/\",\"name\":\"ECO Supplements\",\"description\":\"Eco Supplements - Gezonde supplementen\",\"publisher\":{\"@id\":\"https:\\\/\\\/ecosupplements.be\\\/fr\\\/#organization\"},\"potentialAction\":[{\"@type\":\"SearchAction\",\"target\":{\"@type\":\"EntryPoint\",\"urlTemplate\":\"https:\\\/\\\/ecosupplements.be\\\/fr\\\/?s={search_term_string}\"},\"query-input\":{\"@type\":\"PropertyValueSpecification\",\"valueRequired\":true,\"valueName\":\"search_term_string\"}}],\"inLanguage\":\"fr-FR\"},{\"@type\":\"Organization\",\"@id\":\"https:\\\/\\\/ecosupplements.be\\\/fr\\\/#organization\",\"name\":\"Eco Supplements\",\"url\":\"https:\\\/\\\/ecosupplements.be\\\/fr\\\/\",\"logo\":{\"@type\":\"ImageObject\",\"inLanguage\":\"fr-FR\",\"@id\":\"https:\\\/\\\/ecosupplements.be\\\/fr\\\/#\\\/schema\\\/logo\\\/image\\\/\",\"url\":\"https:\\\/\\\/ecosupplements.be\\\/wp-content\\\/uploads\\\/2022\\\/06\\\/ecosupplement-family.png\",\"contentUrl\":\"https:\\\/\\\/ecosupplements.be\\\/wp-content\\\/uploads\\\/2022\\\/06\\\/ecosupplement-family.png\",\"width\":593,\"height\":374,\"caption\":\"Eco Supplements\"},\"image\":{\"@id\":\"https:\\\/\\\/ecosupplements.be\\\/fr\\\/#\\\/schema\\\/logo\\\/image\\\/\"}}]}<\/script>\n<meta property=\"product:brand\" content=\"Solgar\" \/>\n<meta property=\"product:price:amount\" content=\"22.58\" \/>\n<meta property=\"product:price:currency\" content=\"EUR\" \/>\n<meta property=\"og:availability\" content=\"instock\" \/>\n<meta property=\"product:availability\" content=\"instock\" \/>\n<meta property=\"product:retailer_item_id\" content=\"033984011014\" \/>\n<meta property=\"product:condition\" content=\"new\" \/>\n<!-- \/ Yoast SEO Premium plugin. -->","yoast_head_json":{"title":"SOLGAR Folates 1333 mcg DFE (800 mcg d'acide folique) (250 comprim\u00e9s) - ECO Supplements","description":"Wij hebben een ruime keuze aan producten van SOLGAR Folates 1333 mcg DFE (800 mcg d'acide folique) (250 comprim\u00e9s) . Winkel bij Eco Supplements altijd gratis verzending boven 100\u20ac","robots":{"index":"index","follow":"follow","max-snippet":"max-snippet:-1","max-image-preview":"max-image-preview:large","max-video-preview":"max-video-preview:-1"},"canonical":"https:\/\/ecosupplements.be\/fr\/produit\/solgar-folate-1333-mcg-dfe-800-mcg-folic-acid-250-tabs\/","og_locale":"fr_FR","og_type":"article","og_title":"SOLGAR Folates 1333 mcg DFE (800 mcg d'acide folique) (250 comprim\u00e9s)","og_description":"Wij hebben een ruime keuze aan producten van SOLGAR Folates 1333 mcg DFE (800 mcg d'acide folique) (250 comprim\u00e9s) . Winkel bij Eco Supplements altijd gratis verzending boven 100\u20ac","og_url":"https:\/\/ecosupplements.be\/fr\/produit\/solgar-folate-1333-mcg-dfe-800-mcg-folic-acid-250-tabs\/","og_site_name":"ECO Supplements","article_modified_time":"2025-08-28T02:53:12+00:00","og_image":[{"width":563,"height":633,"url":"https:\/\/ecosupplements.be\/wp-content\/uploads\/2025\/08\/Solgar-SOLGAR-Folate-1333-mcg-DFE-800-mcg-Folic-Acid-250-tabs.jpg","type":"image\/jpeg"}],"twitter_card":"summary_large_image","twitter_misc":{"Prix":"22.58&nbsp;&euro;","Disponibilit\u00e9":"En stock"},"schema":{"@context":"https:\/\/schema.org","@graph":[{"@type":["WebPage","ItemPage"],"@id":"https:\/\/ecosupplements.be\/fr\/produit\/solgar-folate-1333-mcg-dfe-800-mcg-folic-acid-250-tabs\/","url":"https:\/\/ecosupplements.be\/fr\/produit\/solgar-folate-1333-mcg-dfe-800-mcg-folic-acid-250-tabs\/","name":"SOLGAR Folates 1333 mcg DFE (800 mcg d'acide folique) (250 comprim\u00e9s) - ECO Supplements","isPartOf":{"@id":"https:\/\/ecosupplements.be\/fr\/#website"},"primaryImageOfPage":{"@id":"https:\/\/ecosupplements.be\/fr\/produit\/solgar-folate-1333-mcg-dfe-800-mcg-folic-acid-250-tabs\/#primaryimage"},"image":{"@id":"https:\/\/ecosupplements.be\/fr\/produit\/solgar-folate-1333-mcg-dfe-800-mcg-folic-acid-250-tabs\/#primaryimage"},"thumbnailUrl":"https:\/\/ecosupplements.be\/wp-content\/uploads\/2025\/08\/SOLGAR-Folate-1333-mcg-DFE-800-mcg-Folic-Acid-250-tabs.jpg","datePublished":"2025-07-26T23:30:21+00:00","dateModified":"2025-08-28T02:53:12+00:00","description":"Wij hebben een ruime keuze aan producten van SOLGAR Folates 1333 mcg DFE (800 mcg d'acide folique) (250 comprim\u00e9s) . Winkel bij Eco Supplements altijd gratis verzending boven 100\u20ac","breadcrumb":{"@id":"https:\/\/ecosupplements.be\/fr\/produit\/solgar-folate-1333-mcg-dfe-800-mcg-folic-acid-250-tabs\/#breadcrumb"},"inLanguage":"fr-FR","potentialAction":[{"@type":"ReadAction","target":["https:\/\/ecosupplements.be\/fr\/produit\/solgar-folate-1333-mcg-dfe-800-mcg-folic-acid-250-tabs\/"]}]},{"@type":"ImageObject","inLanguage":"fr-FR","@id":"https:\/\/ecosupplements.be\/fr\/produit\/solgar-folate-1333-mcg-dfe-800-mcg-folic-acid-250-tabs\/#primaryimage","url":"https:\/\/ecosupplements.be\/wp-content\/uploads\/2025\/08\/SOLGAR-Folate-1333-mcg-DFE-800-mcg-Folic-Acid-250-tabs.jpg","contentUrl":"https:\/\/ecosupplements.be\/wp-content\/uploads\/2025\/08\/SOLGAR-Folate-1333-mcg-DFE-800-mcg-Folic-Acid-250-tabs.jpg","width":563,"height":633},{"@type":"BreadcrumbList","@id":"https:\/\/ecosupplements.be\/fr\/produit\/solgar-folate-1333-mcg-dfe-800-mcg-folic-acid-250-tabs\/#breadcrumb","itemListElement":[{"@type":"ListItem","position":1,"name":"Home","item":"https:\/\/ecosupplements.be\/fr\/"},{"@type":"ListItem","position":2,"name":"Boutique","item":"https:\/\/ecosupplements.be\/fr\/boutique\/"},{"@type":"ListItem","position":3,"name":"SOLGAR Folates 1333 mcg DFE (800 mcg d&#8217;acide folique) (250 comprim\u00e9s)"}]},{"@type":"WebSite","@id":"https:\/\/ecosupplements.be\/fr\/#website","url":"https:\/\/ecosupplements.be\/fr\/","name":"ECO Supplements","description":"Eco Supplements - Gezonde supplementen","publisher":{"@id":"https:\/\/ecosupplements.be\/fr\/#organization"},"potentialAction":[{"@type":"SearchAction","target":{"@type":"EntryPoint","urlTemplate":"https:\/\/ecosupplements.be\/fr\/?s={search_term_string}"},"query-input":{"@type":"PropertyValueSpecification","valueRequired":true,"valueName":"search_term_string"}}],"inLanguage":"fr-FR"},{"@type":"Organization","@id":"https:\/\/ecosupplements.be\/fr\/#organization","name":"Eco Supplements","url":"https:\/\/ecosupplements.be\/fr\/","logo":{"@type":"ImageObject","inLanguage":"fr-FR","@id":"https:\/\/ecosupplements.be\/fr\/#\/schema\/logo\/image\/","url":"https:\/\/ecosupplements.be\/wp-content\/uploads\/2022\/06\/ecosupplement-family.png","contentUrl":"https:\/\/ecosupplements.be\/wp-content\/uploads\/2022\/06\/ecosupplement-family.png","width":593,"height":374,"caption":"Eco Supplements"},"image":{"@id":"https:\/\/ecosupplements.be\/fr\/#\/schema\/logo\/image\/"}}]},"product_brand":"Solgar","product_price_amount":"22.58","product_price_currency":"EUR","og_availability":"instock","product_availability":"instock","product_retailer_item_id":"033984011014","product_condition":"new"},"_links":{"self":[{"href":"https:\/\/ecosupplements.be\/fr\/wp-json\/wp\/v2\/product\/303261","targetHints":{"allow":["GET"]}}],"collection":[{"href":"https:\/\/ecosupplements.be\/fr\/wp-json\/wp\/v2\/product"}],"about":[{"href":"https:\/\/ecosupplements.be\/fr\/wp-json\/wp\/v2\/types\/product"}],"replies":[{"embeddable":true,"href":"https:\/\/ecosupplements.be\/fr\/wp-json\/wp\/v2\/comments?post=303261"}],"wp:featuredmedia":[{"embeddable":true,"href":"https:\/\/ecosupplements.be\/fr\/wp-json\/wp\/v2\/media\/277401"}],"wp:attachment":[{"href":"https:\/\/ecosupplements.be\/fr\/wp-json\/wp\/v2\/media?parent=303261"}],"wp:term":[{"taxonomy":"product_brand","embeddable":true,"href":"https:\/\/ecosupplements.be\/fr\/wp-json\/wp\/v2\/product_brand?post=303261"},{"taxonomy":"product_cat","embeddable":true,"href":"https:\/\/ecosupplements.be\/fr\/wp-json\/wp\/v2\/product_cat?post=303261"},{"taxonomy":"product_tag","embeddable":true,"href":"https:\/\/ecosupplements.be\/fr\/wp-json\/wp\/v2\/product_tag?post=303261"}],"curies":[{"name":"wp","href":"https:\/\/api.w.org\/{rel}","templated":true}]}}