{"id":303318,"date":"2025-07-27T01:15:12","date_gmt":"2025-07-27T00:15:12","guid":{"rendered":"https:\/\/ecosupplements.be\/product\/solgar-glucosamine-hyaluronic-acid-chondroitin-and-msm-120-tabs\/"},"modified":"2025-08-28T03:54:13","modified_gmt":"2025-08-28T02:54:13","slug":"solgar-glucosamine-hyaluronic-acid-chondroitin-and-msm-120-tabs","status":"publish","type":"product","link":"https:\/\/ecosupplements.be\/fr\/produit\/solgar-glucosamine-hyaluronic-acid-chondroitin-and-msm-120-tabs\/","title":{"rendered":"SOLGAR Glucosamine, Acide Hyaluronique, Chondro\u00eftine et MSM (120 comprim\u00e9s)"},"content":{"rendered":"<h2>SOLGAR Glucosamine, Hyaluronic Acid, Chondroitin and MSM (120 tabs)<\/h2>\n<p>D\u00e9couvrez le choix naturel pour ceux qui appr\u00e9cient les ingr\u00e9dients de haute qualit\u00e9 dans leur quotidien. Ce produit est formul\u00e9 \u00e0 partir de composants soigneusement s\u00e9lectionn\u00e9s pour leur origine naturelle et leur grande puret\u00e9.<\/p>\n<h3>Ingr\u00e9dients principaux :<\/h3>\n<ul>\n<li>Glucosamine<\/li>\n<li>Acide Hyaluronique<\/li>\n<li>Chondro\u00eftine<\/li>\n<li>MSM (M\u00e9thylsulfonylm\u00e9thane)<\/li>\n<\/ul>\n<p>Ces ingr\u00e9dients sont combin\u00e9s dans un format pratique de tablettes faciles \u00e0 utiliser, con\u00e7ues pour s&#8217;int\u00e9grer sans effort \u00e0 votre routine quotidienne.<\/p>\n<h3>Contenu et emballage :<\/h3>\n<p>Ce produit est pr\u00e9sent\u00e9 sous forme de bo\u00eete contenant 120 tablettes.<\/p>\n<h3>Utilisation :<\/h3>\n<p>pour une utilisation optimale, il est recommand\u00e9 de prendre trois tablettes par jour avec un repas.<\/p>\n<h4>Caract\u00e9ristiques pratiques :<\/h4>\n<p>Ce compl\u00e9ment se distingue par sa facilit\u00e9 d&#8217;utilisation et son format adapt\u00e9 au quotidien. Les tablettes sont con\u00e7ues pour \u00eatre facilement int\u00e9gr\u00e9es dans votre routine alimentaire habituelle.<\/p>\n<p><strong>Note:<\/strong> Il est important de ne pas d\u00e9passer la dose journali\u00e8re recommand\u00e9e.Pour toute question sp\u00e9cifique concernant l&#8217;utilisation du produit, il est conseill\u00e9 de consulter un professionnel.<\/p>\n<p><em>SOLGAR Glucosamine, Hyaluronic Acid, Chondroitin and MSM<\/em>, un choix simple et naturel pour enrichir votre quotidien avec des \u00e9l\u00e9ments issus d&#8217;une source fiable et respectueuse des normes \u00e9lev\u00e9es en mati\u00e8re de puret\u00e9 et qualit\u00e9.<\/p>\n","protected":false},"excerpt":{"rendered":"<p>SOLGAR Glucosamine, Hyaluronic Acid, Chondroitin and MSM (120 tabs) D\u00e9couvrez le choix naturel pour ceux qui appr\u00e9cient les ingr\u00e9dients de haute qualit\u00e9 dans leur quotidien. Ce produit est formul\u00e9 \u00e0 partir de composants soigneusement s\u00e9lectionn\u00e9s pour leur origine naturelle et leur grande puret\u00e9. Ingr\u00e9dients principaux : Glucosamine Acide Hyaluronique Chondro\u00eftine MSM (M\u00e9thylsulfonylm\u00e9thane) Ces ingr\u00e9dients sont [&#8230;]\n","protected":false},"featured_media":277458,"comment_status":"closed","ping_status":"open","template":"","meta":[],"product_brand":[4760],"product_cat":[5067,5053],"product_tag":[],"class_list":{"0":"post-303318","1":"product","2":"type-product","3":"status-publish","4":"has-post-thumbnail","6":"product_brand-solgar-2","7":"product_cat-acides-amines-et-bcaa","8":"product_cat-vitamines-et-mineraux","10":"first","11":"outofstock","12":"taxable","13":"shipping-taxable","14":"purchasable","15":"product-type-simple"},"yoast_head":"<!-- This site is optimized with the Yoast SEO Premium plugin v27.3 (Yoast SEO v27.3) - https:\/\/yoast.com\/product\/yoast-seo-premium-wordpress\/ -->\n<title>SOLGAR Glucosamine, Acide Hyaluronique, Chondro\u00eftine et MSM (120 comprim\u00e9s) - ECO Supplements<\/title>\n<meta name=\"description\" content=\"Wij hebben een ruime keuze aan producten van SOLGAR Glucosamine, Acide Hyaluronique, Chondro\u00eftine et MSM (120 comprim\u00e9s) . Winkel bij Eco Supplements altijd gratis verzending boven 100\u20ac\" \/>\n<meta name=\"robots\" content=\"index, follow, max-snippet:-1, max-image-preview:large, max-video-preview:-1\" \/>\n<link rel=\"canonical\" href=\"https:\/\/ecosupplements.be\/fr\/produit\/solgar-glucosamine-hyaluronic-acid-chondroitin-and-msm-120-tabs\/\" \/>\n<meta property=\"og:locale\" content=\"fr_FR\" \/>\n<meta property=\"og:type\" content=\"article\" \/>\n<meta property=\"og:title\" content=\"SOLGAR Glucosamine, Acide Hyaluronique, Chondro\u00eftine et MSM (120 comprim\u00e9s)\" \/>\n<meta property=\"og:description\" content=\"Wij hebben een ruime keuze aan producten van SOLGAR Glucosamine, Acide Hyaluronique, Chondro\u00eftine et MSM (120 comprim\u00e9s) . Winkel bij Eco Supplements altijd gratis verzending boven 100\u20ac\" \/>\n<meta property=\"og:url\" content=\"https:\/\/ecosupplements.be\/fr\/produit\/solgar-glucosamine-hyaluronic-acid-chondroitin-and-msm-120-tabs\/\" \/>\n<meta property=\"og:site_name\" content=\"ECO Supplements\" \/>\n<meta property=\"article:modified_time\" content=\"2025-08-28T02:54:13+00:00\" \/>\n<meta property=\"og:image\" content=\"https:\/\/ecosupplements.be\/wp-content\/uploads\/2025\/08\/Solgar-SOLGAR-Glucosamine-Hyaluronic-Acid-Chondroitin-and-MSM-120-tabs.jpg\" \/>\n\t<meta property=\"og:image:width\" content=\"700\" \/>\n\t<meta property=\"og:image:height\" content=\"700\" \/>\n\t<meta property=\"og:image:type\" content=\"image\/jpeg\" \/>\n<meta name=\"twitter:card\" content=\"summary_large_image\" \/>\n<meta name=\"twitter:label1\" content=\"Prix\" \/>\n\t<meta name=\"twitter:data1\" content=\"72.63&nbsp;&euro;\" \/>\n\t<meta name=\"twitter:label2\" content=\"Disponibilit\u00e9\" \/>\n\t<meta name=\"twitter:data2\" content=\"Rupture de stock\" \/>\n<script type=\"application\/ld+json\" class=\"yoast-schema-graph\">{\"@context\":\"https:\\\/\\\/schema.org\",\"@graph\":[{\"@type\":[\"WebPage\",\"ItemPage\"],\"@id\":\"https:\\\/\\\/ecosupplements.be\\\/fr\\\/produit\\\/solgar-glucosamine-hyaluronic-acid-chondroitin-and-msm-120-tabs\\\/\",\"url\":\"https:\\\/\\\/ecosupplements.be\\\/fr\\\/produit\\\/solgar-glucosamine-hyaluronic-acid-chondroitin-and-msm-120-tabs\\\/\",\"name\":\"SOLGAR Glucosamine, Acide Hyaluronique, Chondro\u00eftine et MSM (120 comprim\u00e9s) - ECO Supplements\",\"isPartOf\":{\"@id\":\"https:\\\/\\\/ecosupplements.be\\\/fr\\\/#website\"},\"primaryImageOfPage\":{\"@id\":\"https:\\\/\\\/ecosupplements.be\\\/fr\\\/produit\\\/solgar-glucosamine-hyaluronic-acid-chondroitin-and-msm-120-tabs\\\/#primaryimage\"},\"image\":{\"@id\":\"https:\\\/\\\/ecosupplements.be\\\/fr\\\/produit\\\/solgar-glucosamine-hyaluronic-acid-chondroitin-and-msm-120-tabs\\\/#primaryimage\"},\"thumbnailUrl\":\"https:\\\/\\\/ecosupplements.be\\\/wp-content\\\/uploads\\\/2025\\\/08\\\/SOLGAR-Glucosamine-Hyaluronic-Acid-Chondroitin-and-MSM-120-tabs.jpg\",\"datePublished\":\"2025-07-27T00:15:12+00:00\",\"dateModified\":\"2025-08-28T02:54:13+00:00\",\"description\":\"Wij hebben een ruime keuze aan producten van SOLGAR Glucosamine, Acide Hyaluronique, Chondro\u00eftine et MSM (120 comprim\u00e9s) . Winkel bij Eco Supplements altijd gratis verzending boven 100\u20ac\",\"breadcrumb\":{\"@id\":\"https:\\\/\\\/ecosupplements.be\\\/fr\\\/produit\\\/solgar-glucosamine-hyaluronic-acid-chondroitin-and-msm-120-tabs\\\/#breadcrumb\"},\"inLanguage\":\"fr-FR\",\"potentialAction\":[{\"@type\":\"ReadAction\",\"target\":[\"https:\\\/\\\/ecosupplements.be\\\/fr\\\/produit\\\/solgar-glucosamine-hyaluronic-acid-chondroitin-and-msm-120-tabs\\\/\"]}]},{\"@type\":\"ImageObject\",\"inLanguage\":\"fr-FR\",\"@id\":\"https:\\\/\\\/ecosupplements.be\\\/fr\\\/produit\\\/solgar-glucosamine-hyaluronic-acid-chondroitin-and-msm-120-tabs\\\/#primaryimage\",\"url\":\"https:\\\/\\\/ecosupplements.be\\\/wp-content\\\/uploads\\\/2025\\\/08\\\/SOLGAR-Glucosamine-Hyaluronic-Acid-Chondroitin-and-MSM-120-tabs.jpg\",\"contentUrl\":\"https:\\\/\\\/ecosupplements.be\\\/wp-content\\\/uploads\\\/2025\\\/08\\\/SOLGAR-Glucosamine-Hyaluronic-Acid-Chondroitin-and-MSM-120-tabs.jpg\",\"width\":700,\"height\":700},{\"@type\":\"BreadcrumbList\",\"@id\":\"https:\\\/\\\/ecosupplements.be\\\/fr\\\/produit\\\/solgar-glucosamine-hyaluronic-acid-chondroitin-and-msm-120-tabs\\\/#breadcrumb\",\"itemListElement\":[{\"@type\":\"ListItem\",\"position\":1,\"name\":\"Home\",\"item\":\"https:\\\/\\\/ecosupplements.be\\\/fr\\\/\"},{\"@type\":\"ListItem\",\"position\":2,\"name\":\"Boutique\",\"item\":\"https:\\\/\\\/ecosupplements.be\\\/fr\\\/boutique\\\/\"},{\"@type\":\"ListItem\",\"position\":3,\"name\":\"SOLGAR Glucosamine, Acide Hyaluronique, Chondro\u00eftine et MSM (120 comprim\u00e9s)\"}]},{\"@type\":\"WebSite\",\"@id\":\"https:\\\/\\\/ecosupplements.be\\\/fr\\\/#website\",\"url\":\"https:\\\/\\\/ecosupplements.be\\\/fr\\\/\",\"name\":\"ECO Supplements\",\"description\":\"Eco Supplements - Gezonde supplementen\",\"publisher\":{\"@id\":\"https:\\\/\\\/ecosupplements.be\\\/fr\\\/#organization\"},\"potentialAction\":[{\"@type\":\"SearchAction\",\"target\":{\"@type\":\"EntryPoint\",\"urlTemplate\":\"https:\\\/\\\/ecosupplements.be\\\/fr\\\/?s={search_term_string}\"},\"query-input\":{\"@type\":\"PropertyValueSpecification\",\"valueRequired\":true,\"valueName\":\"search_term_string\"}}],\"inLanguage\":\"fr-FR\"},{\"@type\":\"Organization\",\"@id\":\"https:\\\/\\\/ecosupplements.be\\\/fr\\\/#organization\",\"name\":\"Eco Supplements\",\"url\":\"https:\\\/\\\/ecosupplements.be\\\/fr\\\/\",\"logo\":{\"@type\":\"ImageObject\",\"inLanguage\":\"fr-FR\",\"@id\":\"https:\\\/\\\/ecosupplements.be\\\/fr\\\/#\\\/schema\\\/logo\\\/image\\\/\",\"url\":\"https:\\\/\\\/ecosupplements.be\\\/wp-content\\\/uploads\\\/2022\\\/06\\\/ecosupplement-family.png\",\"contentUrl\":\"https:\\\/\\\/ecosupplements.be\\\/wp-content\\\/uploads\\\/2022\\\/06\\\/ecosupplement-family.png\",\"width\":593,\"height\":374,\"caption\":\"Eco Supplements\"},\"image\":{\"@id\":\"https:\\\/\\\/ecosupplements.be\\\/fr\\\/#\\\/schema\\\/logo\\\/image\\\/\"}}]}<\/script>\n<meta property=\"product:brand\" content=\"Solgar\" \/>\n<meta property=\"product:price:amount\" content=\"72.63\" \/>\n<meta property=\"product:price:currency\" content=\"EUR\" \/>\n<meta property=\"og:availability\" content=\"out of stock\" \/>\n<meta property=\"product:availability\" content=\"out of stock\" \/>\n<meta property=\"product:retailer_item_id\" content=\"033984013179\" \/>\n<meta property=\"product:condition\" content=\"new\" \/>\n<!-- \/ Yoast SEO Premium plugin. -->","yoast_head_json":{"title":"SOLGAR Glucosamine, Acide Hyaluronique, Chondro\u00eftine et MSM (120 comprim\u00e9s) - ECO Supplements","description":"Wij hebben een ruime keuze aan producten van SOLGAR Glucosamine, Acide Hyaluronique, Chondro\u00eftine et MSM (120 comprim\u00e9s) . Winkel bij Eco Supplements altijd gratis verzending boven 100\u20ac","robots":{"index":"index","follow":"follow","max-snippet":"max-snippet:-1","max-image-preview":"max-image-preview:large","max-video-preview":"max-video-preview:-1"},"canonical":"https:\/\/ecosupplements.be\/fr\/produit\/solgar-glucosamine-hyaluronic-acid-chondroitin-and-msm-120-tabs\/","og_locale":"fr_FR","og_type":"article","og_title":"SOLGAR Glucosamine, Acide Hyaluronique, Chondro\u00eftine et MSM (120 comprim\u00e9s)","og_description":"Wij hebben een ruime keuze aan producten van SOLGAR Glucosamine, Acide Hyaluronique, Chondro\u00eftine et MSM (120 comprim\u00e9s) . Winkel bij Eco Supplements altijd gratis verzending boven 100\u20ac","og_url":"https:\/\/ecosupplements.be\/fr\/produit\/solgar-glucosamine-hyaluronic-acid-chondroitin-and-msm-120-tabs\/","og_site_name":"ECO Supplements","article_modified_time":"2025-08-28T02:54:13+00:00","og_image":[{"width":700,"height":700,"url":"https:\/\/ecosupplements.be\/wp-content\/uploads\/2025\/08\/Solgar-SOLGAR-Glucosamine-Hyaluronic-Acid-Chondroitin-and-MSM-120-tabs.jpg","type":"image\/jpeg"}],"twitter_card":"summary_large_image","twitter_misc":{"Prix":"72.63&nbsp;&euro;","Disponibilit\u00e9":"Rupture de stock"},"schema":{"@context":"https:\/\/schema.org","@graph":[{"@type":["WebPage","ItemPage"],"@id":"https:\/\/ecosupplements.be\/fr\/produit\/solgar-glucosamine-hyaluronic-acid-chondroitin-and-msm-120-tabs\/","url":"https:\/\/ecosupplements.be\/fr\/produit\/solgar-glucosamine-hyaluronic-acid-chondroitin-and-msm-120-tabs\/","name":"SOLGAR Glucosamine, Acide Hyaluronique, Chondro\u00eftine et MSM (120 comprim\u00e9s) - ECO Supplements","isPartOf":{"@id":"https:\/\/ecosupplements.be\/fr\/#website"},"primaryImageOfPage":{"@id":"https:\/\/ecosupplements.be\/fr\/produit\/solgar-glucosamine-hyaluronic-acid-chondroitin-and-msm-120-tabs\/#primaryimage"},"image":{"@id":"https:\/\/ecosupplements.be\/fr\/produit\/solgar-glucosamine-hyaluronic-acid-chondroitin-and-msm-120-tabs\/#primaryimage"},"thumbnailUrl":"https:\/\/ecosupplements.be\/wp-content\/uploads\/2025\/08\/SOLGAR-Glucosamine-Hyaluronic-Acid-Chondroitin-and-MSM-120-tabs.jpg","datePublished":"2025-07-27T00:15:12+00:00","dateModified":"2025-08-28T02:54:13+00:00","description":"Wij hebben een ruime keuze aan producten van SOLGAR Glucosamine, Acide Hyaluronique, Chondro\u00eftine et MSM (120 comprim\u00e9s) . Winkel bij Eco Supplements altijd gratis verzending boven 100\u20ac","breadcrumb":{"@id":"https:\/\/ecosupplements.be\/fr\/produit\/solgar-glucosamine-hyaluronic-acid-chondroitin-and-msm-120-tabs\/#breadcrumb"},"inLanguage":"fr-FR","potentialAction":[{"@type":"ReadAction","target":["https:\/\/ecosupplements.be\/fr\/produit\/solgar-glucosamine-hyaluronic-acid-chondroitin-and-msm-120-tabs\/"]}]},{"@type":"ImageObject","inLanguage":"fr-FR","@id":"https:\/\/ecosupplements.be\/fr\/produit\/solgar-glucosamine-hyaluronic-acid-chondroitin-and-msm-120-tabs\/#primaryimage","url":"https:\/\/ecosupplements.be\/wp-content\/uploads\/2025\/08\/SOLGAR-Glucosamine-Hyaluronic-Acid-Chondroitin-and-MSM-120-tabs.jpg","contentUrl":"https:\/\/ecosupplements.be\/wp-content\/uploads\/2025\/08\/SOLGAR-Glucosamine-Hyaluronic-Acid-Chondroitin-and-MSM-120-tabs.jpg","width":700,"height":700},{"@type":"BreadcrumbList","@id":"https:\/\/ecosupplements.be\/fr\/produit\/solgar-glucosamine-hyaluronic-acid-chondroitin-and-msm-120-tabs\/#breadcrumb","itemListElement":[{"@type":"ListItem","position":1,"name":"Home","item":"https:\/\/ecosupplements.be\/fr\/"},{"@type":"ListItem","position":2,"name":"Boutique","item":"https:\/\/ecosupplements.be\/fr\/boutique\/"},{"@type":"ListItem","position":3,"name":"SOLGAR Glucosamine, Acide Hyaluronique, Chondro\u00eftine et MSM (120 comprim\u00e9s)"}]},{"@type":"WebSite","@id":"https:\/\/ecosupplements.be\/fr\/#website","url":"https:\/\/ecosupplements.be\/fr\/","name":"ECO Supplements","description":"Eco Supplements - Gezonde supplementen","publisher":{"@id":"https:\/\/ecosupplements.be\/fr\/#organization"},"potentialAction":[{"@type":"SearchAction","target":{"@type":"EntryPoint","urlTemplate":"https:\/\/ecosupplements.be\/fr\/?s={search_term_string}"},"query-input":{"@type":"PropertyValueSpecification","valueRequired":true,"valueName":"search_term_string"}}],"inLanguage":"fr-FR"},{"@type":"Organization","@id":"https:\/\/ecosupplements.be\/fr\/#organization","name":"Eco Supplements","url":"https:\/\/ecosupplements.be\/fr\/","logo":{"@type":"ImageObject","inLanguage":"fr-FR","@id":"https:\/\/ecosupplements.be\/fr\/#\/schema\/logo\/image\/","url":"https:\/\/ecosupplements.be\/wp-content\/uploads\/2022\/06\/ecosupplement-family.png","contentUrl":"https:\/\/ecosupplements.be\/wp-content\/uploads\/2022\/06\/ecosupplement-family.png","width":593,"height":374,"caption":"Eco Supplements"},"image":{"@id":"https:\/\/ecosupplements.be\/fr\/#\/schema\/logo\/image\/"}}]},"product_brand":"Solgar","product_price_amount":"72.63","product_price_currency":"EUR","og_availability":"out of stock","product_availability":"out of stock","product_retailer_item_id":"033984013179","product_condition":"new"},"_links":{"self":[{"href":"https:\/\/ecosupplements.be\/fr\/wp-json\/wp\/v2\/product\/303318","targetHints":{"allow":["GET"]}}],"collection":[{"href":"https:\/\/ecosupplements.be\/fr\/wp-json\/wp\/v2\/product"}],"about":[{"href":"https:\/\/ecosupplements.be\/fr\/wp-json\/wp\/v2\/types\/product"}],"replies":[{"embeddable":true,"href":"https:\/\/ecosupplements.be\/fr\/wp-json\/wp\/v2\/comments?post=303318"}],"wp:featuredmedia":[{"embeddable":true,"href":"https:\/\/ecosupplements.be\/fr\/wp-json\/wp\/v2\/media\/277458"}],"wp:attachment":[{"href":"https:\/\/ecosupplements.be\/fr\/wp-json\/wp\/v2\/media?parent=303318"}],"wp:term":[{"taxonomy":"product_brand","embeddable":true,"href":"https:\/\/ecosupplements.be\/fr\/wp-json\/wp\/v2\/product_brand?post=303318"},{"taxonomy":"product_cat","embeddable":true,"href":"https:\/\/ecosupplements.be\/fr\/wp-json\/wp\/v2\/product_cat?post=303318"},{"taxonomy":"product_tag","embeddable":true,"href":"https:\/\/ecosupplements.be\/fr\/wp-json\/wp\/v2\/product_tag?post=303318"}],"curies":[{"name":"wp","href":"https:\/\/api.w.org\/{rel}","templated":true}]}}