{"id":303327,"date":"2025-07-27T01:30:20","date_gmt":"2025-07-27T00:30:20","guid":{"rendered":"https:\/\/ecosupplements.be\/product\/solgar-grape-seed-extract-100-mg-60-caps\/"},"modified":"2025-08-28T03:54:22","modified_gmt":"2025-08-28T02:54:22","slug":"solgar-grape-seed-extract-100-mg-60-caps","status":"publish","type":"product","link":"https:\/\/ecosupplements.be\/fr\/produit\/solgar-grape-seed-extract-100-mg-60-caps\/","title":{"rendered":"Extrait de p\u00e9pins de raisin SOLGAR, 100 mg (60 g\u00e9lules)"},"content":{"rendered":"<p><strong>Nom du produit :<\/strong> SOLGAR Grape Seed &#8211; extract, 100 mg (60 caps)<\/p>\n<p><strong>Description :<\/strong> D\u00e9couvrez le choix naturel pour les amateurs de qualit\u00e9 avec l&#8217;extrait de p\u00e9pins de raisin (vitis vinifera) de SOLGAR. chaque capsule contient un extrait pur \u00e0 90% de polyph\u00e9nols, issus des p\u00e9pins de raisin, reconnus pour leur origine naturelle et leur grande puret\u00e9.<\/p>\n<p><strong>Ingr\u00e9dients principaux :<\/strong> Extrait de p\u00e9pins de raisin (Vitis vinifera), cellulose microcristalline, hydroxypropylm\u00e9thylcellulose, sels magn\u00e9siques d&#8217;acides gras (v\u00e9g\u00e9tal), dioxyde de silicium.<\/p>\n<table style=\"width:100%\" border=\"1\">\n<tbody>\n<tr>\n<td><strong>Ingr\u00e9dients actifs<\/strong><\/td>\n<td style=\"text-align:center\"><strong>Dans 1 capsule<\/strong><\/td>\n<td style=\"text-align:center\"><strong>Dans 2 capsules<\/strong><\/td>\n<\/tr>\n<tr>\n<td>Extrait de p\u00e9pins de raisin (contient 90% polyph\u00e9nols)<\/td>\n<td style=\"text-align:center\">100 mg (90 mg)<\/td>\n<td style=\"text-align:center\">200 mg (180 mg)<\/td>\n<\/tr>\n<\/tbody>\n<\/table>\n<p><strong>Utilisation recommand\u00e9e :<\/strong> Adultes : prendre une \u00e0 deux capsules par jour, id\u00e9alement pendant les repas ou suivre les recommandations d&#8217;un professionnel.<\/p>\n<p><b>Avertissements :<\/b> Ne pas d\u00e9passer la dose journali\u00e8re recommand\u00e9e. Les compl\u00e9ments alimentaires ne doivent pas \u00eatre utilis\u00e9s comme substitut d&#8217;une alimentation vari\u00e9e et \u00e9quilibr\u00e9e. R\u00e9serv\u00e9 aux adultes. Consultez un professionnel avant utilisation si vous \u00eates enceinte, allaitez ou suivez un traitement m\u00e9dical.<\/p>\n<p><b>Modes pratiques:<\/b> Ce produit est conditionn\u00e9 dans un flacon pratique et facile \u00e0 utiliser qui pr\u00e9serve la fra\u00eecheur des capsules.<\/p>\n<p><b>Modes conservation:<\/b> Conserver dans un endroit sec et frais, hors port\u00e9e des enfants.<\/p>\n<p>SOLGAR Grape Seed &#8211; Extract est une option simple pour ceux qui appr\u00e9cient les ingr\u00e9dients naturels dans leur quotidien sans compromettre la qualit\u00e9.<\/p>\n","protected":false},"excerpt":{"rendered":"<p>Nom du produit : SOLGAR Grape Seed &#8211; extract, 100 mg (60 caps) Description : D\u00e9couvrez le choix naturel pour les amateurs de qualit\u00e9 avec l&#8217;extrait de p\u00e9pins de raisin (vitis vinifera) de SOLGAR. chaque capsule contient un extrait pur \u00e0 90% de polyph\u00e9nols, issus des p\u00e9pins de raisin, reconnus pour leur origine naturelle et [&#8230;]\n","protected":false},"featured_media":277467,"comment_status":"closed","ping_status":"open","template":"","meta":[],"product_brand":[4760],"product_cat":[5052,5094,5053],"product_tag":[],"class_list":{"0":"post-303327","1":"product","2":"type-product","3":"status-publish","4":"has-post-thumbnail","6":"product_brand-solgar-2","7":"product_cat-sante-et-bien-etre","8":"product_cat-supplements-a-base-de-plantes","9":"product_cat-vitamines-et-mineraux","11":"first","12":"instock","13":"taxable","14":"shipping-taxable","15":"purchasable","16":"product-type-simple"},"yoast_head":"<!-- This site is optimized with the Yoast SEO Premium plugin v27.3 (Yoast SEO v27.3) - https:\/\/yoast.com\/product\/yoast-seo-premium-wordpress\/ -->\n<title>Extrait de p\u00e9pins de raisin SOLGAR, 100 mg (60 g\u00e9lules) - ECO Supplements<\/title>\n<meta name=\"description\" content=\"Wij hebben een ruime keuze aan producten van Extrait de p\u00e9pins de raisin SOLGAR, 100 mg (60 g\u00e9lules) . Winkel bij Eco Supplements altijd gratis verzending boven 100\u20ac\" \/>\n<meta name=\"robots\" content=\"index, follow, max-snippet:-1, max-image-preview:large, max-video-preview:-1\" \/>\n<link rel=\"canonical\" href=\"https:\/\/ecosupplements.be\/fr\/produit\/solgar-grape-seed-extract-100-mg-60-caps\/\" \/>\n<meta property=\"og:locale\" content=\"fr_FR\" \/>\n<meta property=\"og:type\" content=\"article\" \/>\n<meta property=\"og:title\" content=\"Extrait de p\u00e9pins de raisin SOLGAR, 100 mg (60 g\u00e9lules)\" \/>\n<meta property=\"og:description\" content=\"Wij hebben een ruime keuze aan producten van Extrait de p\u00e9pins de raisin SOLGAR, 100 mg (60 g\u00e9lules) . Winkel bij Eco Supplements altijd gratis verzending boven 100\u20ac\" \/>\n<meta property=\"og:url\" content=\"https:\/\/ecosupplements.be\/fr\/produit\/solgar-grape-seed-extract-100-mg-60-caps\/\" \/>\n<meta property=\"og:site_name\" content=\"ECO Supplements\" \/>\n<meta property=\"article:modified_time\" content=\"2025-08-28T02:54:22+00:00\" \/>\n<meta property=\"og:image\" content=\"https:\/\/ecosupplements.be\/wp-content\/uploads\/2025\/08\/Solgar-SOLGAR-Grape-Seed-Extract-100-mg-60-caps.jpg\" \/>\n\t<meta property=\"og:image:width\" content=\"700\" \/>\n\t<meta property=\"og:image:height\" content=\"700\" \/>\n\t<meta property=\"og:image:type\" content=\"image\/jpeg\" \/>\n<meta name=\"twitter:card\" content=\"summary_large_image\" \/>\n<meta name=\"twitter:label1\" content=\"Prix\" \/>\n\t<meta name=\"twitter:data1\" content=\"40.57&nbsp;&euro;\" \/>\n\t<meta name=\"twitter:label2\" content=\"Disponibilit\u00e9\" \/>\n\t<meta name=\"twitter:data2\" content=\"En stock\" \/>\n<script type=\"application\/ld+json\" class=\"yoast-schema-graph\">{\"@context\":\"https:\\\/\\\/schema.org\",\"@graph\":[{\"@type\":[\"WebPage\",\"ItemPage\"],\"@id\":\"https:\\\/\\\/ecosupplements.be\\\/fr\\\/produit\\\/solgar-grape-seed-extract-100-mg-60-caps\\\/\",\"url\":\"https:\\\/\\\/ecosupplements.be\\\/fr\\\/produit\\\/solgar-grape-seed-extract-100-mg-60-caps\\\/\",\"name\":\"Extrait de p\u00e9pins de raisin SOLGAR, 100 mg (60 g\u00e9lules) - ECO Supplements\",\"isPartOf\":{\"@id\":\"https:\\\/\\\/ecosupplements.be\\\/fr\\\/#website\"},\"primaryImageOfPage\":{\"@id\":\"https:\\\/\\\/ecosupplements.be\\\/fr\\\/produit\\\/solgar-grape-seed-extract-100-mg-60-caps\\\/#primaryimage\"},\"image\":{\"@id\":\"https:\\\/\\\/ecosupplements.be\\\/fr\\\/produit\\\/solgar-grape-seed-extract-100-mg-60-caps\\\/#primaryimage\"},\"thumbnailUrl\":\"https:\\\/\\\/ecosupplements.be\\\/wp-content\\\/uploads\\\/2025\\\/08\\\/SOLGAR-Grape-Seed-Extract-100-mg-60-caps.jpg\",\"datePublished\":\"2025-07-27T00:30:20+00:00\",\"dateModified\":\"2025-08-28T02:54:22+00:00\",\"description\":\"Wij hebben een ruime keuze aan producten van Extrait de p\u00e9pins de raisin SOLGAR, 100 mg (60 g\u00e9lules) . Winkel bij Eco Supplements altijd gratis verzending boven 100\u20ac\",\"breadcrumb\":{\"@id\":\"https:\\\/\\\/ecosupplements.be\\\/fr\\\/produit\\\/solgar-grape-seed-extract-100-mg-60-caps\\\/#breadcrumb\"},\"inLanguage\":\"fr-FR\",\"potentialAction\":[{\"@type\":\"ReadAction\",\"target\":[\"https:\\\/\\\/ecosupplements.be\\\/fr\\\/produit\\\/solgar-grape-seed-extract-100-mg-60-caps\\\/\"]}]},{\"@type\":\"ImageObject\",\"inLanguage\":\"fr-FR\",\"@id\":\"https:\\\/\\\/ecosupplements.be\\\/fr\\\/produit\\\/solgar-grape-seed-extract-100-mg-60-caps\\\/#primaryimage\",\"url\":\"https:\\\/\\\/ecosupplements.be\\\/wp-content\\\/uploads\\\/2025\\\/08\\\/SOLGAR-Grape-Seed-Extract-100-mg-60-caps.jpg\",\"contentUrl\":\"https:\\\/\\\/ecosupplements.be\\\/wp-content\\\/uploads\\\/2025\\\/08\\\/SOLGAR-Grape-Seed-Extract-100-mg-60-caps.jpg\",\"width\":700,\"height\":700},{\"@type\":\"BreadcrumbList\",\"@id\":\"https:\\\/\\\/ecosupplements.be\\\/fr\\\/produit\\\/solgar-grape-seed-extract-100-mg-60-caps\\\/#breadcrumb\",\"itemListElement\":[{\"@type\":\"ListItem\",\"position\":1,\"name\":\"Home\",\"item\":\"https:\\\/\\\/ecosupplements.be\\\/fr\\\/\"},{\"@type\":\"ListItem\",\"position\":2,\"name\":\"Boutique\",\"item\":\"https:\\\/\\\/ecosupplements.be\\\/fr\\\/boutique\\\/\"},{\"@type\":\"ListItem\",\"position\":3,\"name\":\"Extrait de p\u00e9pins de raisin SOLGAR, 100 mg (60 g\u00e9lules)\"}]},{\"@type\":\"WebSite\",\"@id\":\"https:\\\/\\\/ecosupplements.be\\\/fr\\\/#website\",\"url\":\"https:\\\/\\\/ecosupplements.be\\\/fr\\\/\",\"name\":\"ECO Supplements\",\"description\":\"Eco Supplements - Gezonde supplementen\",\"publisher\":{\"@id\":\"https:\\\/\\\/ecosupplements.be\\\/fr\\\/#organization\"},\"potentialAction\":[{\"@type\":\"SearchAction\",\"target\":{\"@type\":\"EntryPoint\",\"urlTemplate\":\"https:\\\/\\\/ecosupplements.be\\\/fr\\\/?s={search_term_string}\"},\"query-input\":{\"@type\":\"PropertyValueSpecification\",\"valueRequired\":true,\"valueName\":\"search_term_string\"}}],\"inLanguage\":\"fr-FR\"},{\"@type\":\"Organization\",\"@id\":\"https:\\\/\\\/ecosupplements.be\\\/fr\\\/#organization\",\"name\":\"Eco Supplements\",\"url\":\"https:\\\/\\\/ecosupplements.be\\\/fr\\\/\",\"logo\":{\"@type\":\"ImageObject\",\"inLanguage\":\"fr-FR\",\"@id\":\"https:\\\/\\\/ecosupplements.be\\\/fr\\\/#\\\/schema\\\/logo\\\/image\\\/\",\"url\":\"https:\\\/\\\/ecosupplements.be\\\/wp-content\\\/uploads\\\/2022\\\/06\\\/ecosupplement-family.png\",\"contentUrl\":\"https:\\\/\\\/ecosupplements.be\\\/wp-content\\\/uploads\\\/2022\\\/06\\\/ecosupplement-family.png\",\"width\":593,\"height\":374,\"caption\":\"Eco Supplements\"},\"image\":{\"@id\":\"https:\\\/\\\/ecosupplements.be\\\/fr\\\/#\\\/schema\\\/logo\\\/image\\\/\"}}]}<\/script>\n<meta property=\"product:brand\" content=\"Solgar\" \/>\n<meta property=\"product:price:amount\" content=\"40.57\" \/>\n<meta property=\"product:price:currency\" content=\"EUR\" \/>\n<meta property=\"og:availability\" content=\"instock\" \/>\n<meta property=\"product:availability\" content=\"instock\" \/>\n<meta property=\"product:retailer_item_id\" content=\"033984013568\" \/>\n<meta property=\"product:condition\" content=\"new\" \/>\n<!-- \/ Yoast SEO Premium plugin. -->","yoast_head_json":{"title":"Extrait de p\u00e9pins de raisin SOLGAR, 100 mg (60 g\u00e9lules) - ECO Supplements","description":"Wij hebben een ruime keuze aan producten van Extrait de p\u00e9pins de raisin SOLGAR, 100 mg (60 g\u00e9lules) . Winkel bij Eco Supplements altijd gratis verzending boven 100\u20ac","robots":{"index":"index","follow":"follow","max-snippet":"max-snippet:-1","max-image-preview":"max-image-preview:large","max-video-preview":"max-video-preview:-1"},"canonical":"https:\/\/ecosupplements.be\/fr\/produit\/solgar-grape-seed-extract-100-mg-60-caps\/","og_locale":"fr_FR","og_type":"article","og_title":"Extrait de p\u00e9pins de raisin SOLGAR, 100 mg (60 g\u00e9lules)","og_description":"Wij hebben een ruime keuze aan producten van Extrait de p\u00e9pins de raisin SOLGAR, 100 mg (60 g\u00e9lules) . Winkel bij Eco Supplements altijd gratis verzending boven 100\u20ac","og_url":"https:\/\/ecosupplements.be\/fr\/produit\/solgar-grape-seed-extract-100-mg-60-caps\/","og_site_name":"ECO Supplements","article_modified_time":"2025-08-28T02:54:22+00:00","og_image":[{"width":700,"height":700,"url":"https:\/\/ecosupplements.be\/wp-content\/uploads\/2025\/08\/Solgar-SOLGAR-Grape-Seed-Extract-100-mg-60-caps.jpg","type":"image\/jpeg"}],"twitter_card":"summary_large_image","twitter_misc":{"Prix":"40.57&nbsp;&euro;","Disponibilit\u00e9":"En stock"},"schema":{"@context":"https:\/\/schema.org","@graph":[{"@type":["WebPage","ItemPage"],"@id":"https:\/\/ecosupplements.be\/fr\/produit\/solgar-grape-seed-extract-100-mg-60-caps\/","url":"https:\/\/ecosupplements.be\/fr\/produit\/solgar-grape-seed-extract-100-mg-60-caps\/","name":"Extrait de p\u00e9pins de raisin SOLGAR, 100 mg (60 g\u00e9lules) - ECO Supplements","isPartOf":{"@id":"https:\/\/ecosupplements.be\/fr\/#website"},"primaryImageOfPage":{"@id":"https:\/\/ecosupplements.be\/fr\/produit\/solgar-grape-seed-extract-100-mg-60-caps\/#primaryimage"},"image":{"@id":"https:\/\/ecosupplements.be\/fr\/produit\/solgar-grape-seed-extract-100-mg-60-caps\/#primaryimage"},"thumbnailUrl":"https:\/\/ecosupplements.be\/wp-content\/uploads\/2025\/08\/SOLGAR-Grape-Seed-Extract-100-mg-60-caps.jpg","datePublished":"2025-07-27T00:30:20+00:00","dateModified":"2025-08-28T02:54:22+00:00","description":"Wij hebben een ruime keuze aan producten van Extrait de p\u00e9pins de raisin SOLGAR, 100 mg (60 g\u00e9lules) . Winkel bij Eco Supplements altijd gratis verzending boven 100\u20ac","breadcrumb":{"@id":"https:\/\/ecosupplements.be\/fr\/produit\/solgar-grape-seed-extract-100-mg-60-caps\/#breadcrumb"},"inLanguage":"fr-FR","potentialAction":[{"@type":"ReadAction","target":["https:\/\/ecosupplements.be\/fr\/produit\/solgar-grape-seed-extract-100-mg-60-caps\/"]}]},{"@type":"ImageObject","inLanguage":"fr-FR","@id":"https:\/\/ecosupplements.be\/fr\/produit\/solgar-grape-seed-extract-100-mg-60-caps\/#primaryimage","url":"https:\/\/ecosupplements.be\/wp-content\/uploads\/2025\/08\/SOLGAR-Grape-Seed-Extract-100-mg-60-caps.jpg","contentUrl":"https:\/\/ecosupplements.be\/wp-content\/uploads\/2025\/08\/SOLGAR-Grape-Seed-Extract-100-mg-60-caps.jpg","width":700,"height":700},{"@type":"BreadcrumbList","@id":"https:\/\/ecosupplements.be\/fr\/produit\/solgar-grape-seed-extract-100-mg-60-caps\/#breadcrumb","itemListElement":[{"@type":"ListItem","position":1,"name":"Home","item":"https:\/\/ecosupplements.be\/fr\/"},{"@type":"ListItem","position":2,"name":"Boutique","item":"https:\/\/ecosupplements.be\/fr\/boutique\/"},{"@type":"ListItem","position":3,"name":"Extrait de p\u00e9pins de raisin SOLGAR, 100 mg (60 g\u00e9lules)"}]},{"@type":"WebSite","@id":"https:\/\/ecosupplements.be\/fr\/#website","url":"https:\/\/ecosupplements.be\/fr\/","name":"ECO Supplements","description":"Eco Supplements - Gezonde supplementen","publisher":{"@id":"https:\/\/ecosupplements.be\/fr\/#organization"},"potentialAction":[{"@type":"SearchAction","target":{"@type":"EntryPoint","urlTemplate":"https:\/\/ecosupplements.be\/fr\/?s={search_term_string}"},"query-input":{"@type":"PropertyValueSpecification","valueRequired":true,"valueName":"search_term_string"}}],"inLanguage":"fr-FR"},{"@type":"Organization","@id":"https:\/\/ecosupplements.be\/fr\/#organization","name":"Eco Supplements","url":"https:\/\/ecosupplements.be\/fr\/","logo":{"@type":"ImageObject","inLanguage":"fr-FR","@id":"https:\/\/ecosupplements.be\/fr\/#\/schema\/logo\/image\/","url":"https:\/\/ecosupplements.be\/wp-content\/uploads\/2022\/06\/ecosupplement-family.png","contentUrl":"https:\/\/ecosupplements.be\/wp-content\/uploads\/2022\/06\/ecosupplement-family.png","width":593,"height":374,"caption":"Eco Supplements"},"image":{"@id":"https:\/\/ecosupplements.be\/fr\/#\/schema\/logo\/image\/"}}]},"product_brand":"Solgar","product_price_amount":"40.57","product_price_currency":"EUR","og_availability":"instock","product_availability":"instock","product_retailer_item_id":"033984013568","product_condition":"new"},"_links":{"self":[{"href":"https:\/\/ecosupplements.be\/fr\/wp-json\/wp\/v2\/product\/303327","targetHints":{"allow":["GET"]}}],"collection":[{"href":"https:\/\/ecosupplements.be\/fr\/wp-json\/wp\/v2\/product"}],"about":[{"href":"https:\/\/ecosupplements.be\/fr\/wp-json\/wp\/v2\/types\/product"}],"replies":[{"embeddable":true,"href":"https:\/\/ecosupplements.be\/fr\/wp-json\/wp\/v2\/comments?post=303327"}],"wp:featuredmedia":[{"embeddable":true,"href":"https:\/\/ecosupplements.be\/fr\/wp-json\/wp\/v2\/media\/277467"}],"wp:attachment":[{"href":"https:\/\/ecosupplements.be\/fr\/wp-json\/wp\/v2\/media?parent=303327"}],"wp:term":[{"taxonomy":"product_brand","embeddable":true,"href":"https:\/\/ecosupplements.be\/fr\/wp-json\/wp\/v2\/product_brand?post=303327"},{"taxonomy":"product_cat","embeddable":true,"href":"https:\/\/ecosupplements.be\/fr\/wp-json\/wp\/v2\/product_cat?post=303327"},{"taxonomy":"product_tag","embeddable":true,"href":"https:\/\/ecosupplements.be\/fr\/wp-json\/wp\/v2\/product_tag?post=303327"}],"curies":[{"name":"wp","href":"https:\/\/api.w.org\/{rel}","templated":true}]}}