{"id":303336,"date":"2025-07-27T01:31:19","date_gmt":"2025-07-27T00:31:19","guid":{"rendered":"https:\/\/ecosupplements.be\/product\/solgar-kangavites-vitamins-and-minerals-lonzegnes-120-tabs\/"},"modified":"2025-08-28T03:54:31","modified_gmt":"2025-08-28T02:54:31","slug":"solgar-kangavites-vitamins-and-minerals-lonzegnes-120-tabs","status":"publish","type":"product","link":"https:\/\/ecosupplements.be\/fr\/produit\/solgar-kangavites-vitamins-and-minerals-lonzegnes-120-tabs\/","title":{"rendered":"SOLGAR Kangavites &#8211; Vitamines et Min\u00e9raux long\u00e9vit\u00e9 (120 comprim\u00e9s)"},"content":{"rendered":"<p><strong>Nom du produit :<\/strong> SOLGAR Kangavites &#8211; Vitamines et Min\u00e9raux en pastilles (120 tabs)<\/p>\n<p><strong>Description :<\/strong> D\u00e9couvrez les pastilles SOLGAR Kangavites, con\u00e7ues pour s&#8217;int\u00e9grer harmonieusement \u00e0 votre quotidien. Chaque pastille est \u00e9labor\u00e9e avec soin,utilisant des techniques de production avanc\u00e9es pour offrir un profil nutritionnel riche tout en masquant le go\u00fbt naturel des min\u00e9raux. Profitez d&#8217;un go\u00fbt agr\u00e9able gr\u00e2ce aux ar\u00f4mes naturels et \u00e0 une s\u00e9lection minutieuse d&#8217;ingr\u00e9dients.<\/p>\n<p><strong>Ingr\u00e9dients principaux :<\/strong> Les pastilles contiennent un m\u00e9lange de vitamines et de min\u00e9raux essentiels, enrichies avec une poudre de l\u00e9gumes et fruits tels que la betterave rouge, la carotte, la fraise, la pomme, le brocoli et l&#8217;abricot. Elles incluent \u00e9galement de l&#8217;extrait concentr\u00e9 de rose sauvage.<\/p>\n<p><strong>Autres ingr\u00e9dients :<\/strong> Sacharose, fructose, mannitol, cellulose microcristalline, ar\u00f4mes naturels (extrait de peau de raisin), xylitol carragh\u00e9nane acide citrique acide malique cellulose v\u00e9g\u00e9tale gomme xanthane silice st\u00e9arate magn\u00e9sium v\u00e9g\u00e9tal acide st\u00e9arique.<\/p>\n<p><span style=\"text-decoration:underline\"><strong>Note:<\/strong><\/span> Contient du soja.<\/p>\n<p><strong>Utilisation recommand\u00e9e :<\/strong><\/p>\n<ul>\n<li>pour les enfants \u00e2g\u00e9s de 3 \u00e0 5 ans : 1 pastille par jour<\/li>\n<li>Pour les enfants d\u00e8s 6 ans et adultes : 2 pastilles par jour<\/li>\n<\/ul>\n<p>A prendre id\u00e9alement lors des repas ou suivre les recommandations d&#8217;un professionnel.Ne pas d\u00e9passer la dose journali\u00e8re indiqu\u00e9e.<\/p>\n<p><b>mise en garde:<\/b><\/p>\n<ul>\n<li>Ce produit n&#8217;est pas destin\u00e9 \u00e0 remplacer une alimentation vari\u00e9e et \u00e9quilibr\u00e9e ni un mode vie sain.<\/li>\n<li>Demandez conseil \u00e0 votre m\u00e9decin avant utilisation si vous \u00eates enceinte ou allaitante ou sous traitement m\u00e9dical particulier.<\/li>\n<\/ul>\n<p><b>Rangement:<\/b><\/p>\n<ul style=\"list-style-type:none\">\n<li>Garder dans un endroit frais et sec hors port\u00e9e des jeunes enfants.&lt;\/ul<br \/>\n","protected":false},"excerpt":{"rendered":"<p>Nom du produit : SOLGAR Kangavites &#8211; Vitamines et Min\u00e9raux en pastilles (120 tabs) Description : D\u00e9couvrez les pastilles SOLGAR Kangavites, con\u00e7ues pour s&#8217;int\u00e9grer harmonieusement \u00e0 votre quotidien. Chaque pastille est \u00e9labor\u00e9e avec soin,utilisant des techniques de production avanc\u00e9es pour offrir un profil nutritionnel riche tout en masquant le go\u00fbt naturel des min\u00e9raux. Profitez d&#8217;un [&#8230;]\n","protected":false},"featured_media":277476,"comment_status":"closed","ping_status":"open","template":"","meta":[],"product_brand":[4760],"product_cat":[5075,5052],"product_tag":[],"class_list":{"0":"post-303336","1":"product","2":"type-product","3":"status-publish","4":"has-post-thumbnail","6":"product_brand-solgar-2","7":"product_cat-la-sante-des-enfants","8":"product_cat-sante-et-bien-etre","10":"first","11":"instock","12":"taxable","13":"shipping-taxable","14":"purchasable","15":"product-type-simple"},"yoast_head":"<!-- This site is optimized with the Yoast SEO Premium plugin v27.3 (Yoast SEO v27.3) - https:\/\/yoast.com\/product\/yoast-seo-premium-wordpress\/ -->\n<title>SOLGAR Kangavites - Vitamines et Min\u00e9raux long\u00e9vit\u00e9 (120 comprim\u00e9s) - ECO Supplements<\/title>\n<meta name=\"description\" content=\"Wij hebben een ruime keuze aan producten van SOLGAR Kangavites - Vitamines et Min\u00e9raux long\u00e9vit\u00e9 (120 comprim\u00e9s) . Winkel bij Eco Supplements altijd gratis verzending boven 100\u20ac\" \/>\n<meta name=\"robots\" content=\"index, follow, max-snippet:-1, max-image-preview:large, max-video-preview:-1\" \/>\n<link rel=\"canonical\" href=\"https:\/\/ecosupplements.be\/fr\/produit\/solgar-kangavites-vitamins-and-minerals-lonzegnes-120-tabs\/\" \/>\n<meta property=\"og:locale\" content=\"fr_FR\" \/>\n<meta property=\"og:type\" content=\"article\" \/>\n<meta property=\"og:title\" content=\"SOLGAR Kangavites - Vitamines et Min\u00e9raux long\u00e9vit\u00e9 (120 comprim\u00e9s)\" \/>\n<meta property=\"og:description\" content=\"Wij hebben een ruime keuze aan producten van SOLGAR Kangavites - Vitamines et Min\u00e9raux long\u00e9vit\u00e9 (120 comprim\u00e9s) . Winkel bij Eco Supplements altijd gratis verzending boven 100\u20ac\" \/>\n<meta property=\"og:url\" content=\"https:\/\/ecosupplements.be\/fr\/produit\/solgar-kangavites-vitamins-and-minerals-lonzegnes-120-tabs\/\" \/>\n<meta property=\"og:site_name\" content=\"ECO Supplements\" \/>\n<meta property=\"article:modified_time\" content=\"2025-08-28T02:54:31+00:00\" \/>\n<meta property=\"og:image\" content=\"https:\/\/ecosupplements.be\/wp-content\/uploads\/2025\/08\/Solgar-SOLGAR-Kangavites-Vitamins-and-Minerals-lonzegnes-120-tabs.jpg\" \/>\n\t<meta property=\"og:image:width\" content=\"458\" \/>\n\t<meta property=\"og:image:height\" content=\"458\" \/>\n\t<meta property=\"og:image:type\" content=\"image\/jpeg\" \/>\n<meta name=\"twitter:card\" content=\"summary_large_image\" \/>\n<meta name=\"twitter:label1\" content=\"Prix\" \/>\n\t<meta name=\"twitter:data1\" content=\"21.55&nbsp;&euro;\" \/>\n\t<meta name=\"twitter:label2\" content=\"Disponibilit\u00e9\" \/>\n\t<meta name=\"twitter:data2\" content=\"En stock\" \/>\n<script type=\"application\/ld+json\" class=\"yoast-schema-graph\">{\"@context\":\"https:\\\/\\\/schema.org\",\"@graph\":[{\"@type\":[\"WebPage\",\"ItemPage\"],\"@id\":\"https:\\\/\\\/ecosupplements.be\\\/fr\\\/produit\\\/solgar-kangavites-vitamins-and-minerals-lonzegnes-120-tabs\\\/\",\"url\":\"https:\\\/\\\/ecosupplements.be\\\/fr\\\/produit\\\/solgar-kangavites-vitamins-and-minerals-lonzegnes-120-tabs\\\/\",\"name\":\"SOLGAR Kangavites - Vitamines et Min\u00e9raux long\u00e9vit\u00e9 (120 comprim\u00e9s) - ECO Supplements\",\"isPartOf\":{\"@id\":\"https:\\\/\\\/ecosupplements.be\\\/fr\\\/#website\"},\"primaryImageOfPage\":{\"@id\":\"https:\\\/\\\/ecosupplements.be\\\/fr\\\/produit\\\/solgar-kangavites-vitamins-and-minerals-lonzegnes-120-tabs\\\/#primaryimage\"},\"image\":{\"@id\":\"https:\\\/\\\/ecosupplements.be\\\/fr\\\/produit\\\/solgar-kangavites-vitamins-and-minerals-lonzegnes-120-tabs\\\/#primaryimage\"},\"thumbnailUrl\":\"https:\\\/\\\/ecosupplements.be\\\/wp-content\\\/uploads\\\/2025\\\/08\\\/SOLGAR-Kangavites-Vitamins-and-Minerals-lonzegnes-120-tabs.jpg\",\"datePublished\":\"2025-07-27T00:31:19+00:00\",\"dateModified\":\"2025-08-28T02:54:31+00:00\",\"description\":\"Wij hebben een ruime keuze aan producten van SOLGAR Kangavites - Vitamines et Min\u00e9raux long\u00e9vit\u00e9 (120 comprim\u00e9s) . Winkel bij Eco Supplements altijd gratis verzending boven 100\u20ac\",\"breadcrumb\":{\"@id\":\"https:\\\/\\\/ecosupplements.be\\\/fr\\\/produit\\\/solgar-kangavites-vitamins-and-minerals-lonzegnes-120-tabs\\\/#breadcrumb\"},\"inLanguage\":\"fr-FR\",\"potentialAction\":[{\"@type\":\"ReadAction\",\"target\":[\"https:\\\/\\\/ecosupplements.be\\\/fr\\\/produit\\\/solgar-kangavites-vitamins-and-minerals-lonzegnes-120-tabs\\\/\"]}]},{\"@type\":\"ImageObject\",\"inLanguage\":\"fr-FR\",\"@id\":\"https:\\\/\\\/ecosupplements.be\\\/fr\\\/produit\\\/solgar-kangavites-vitamins-and-minerals-lonzegnes-120-tabs\\\/#primaryimage\",\"url\":\"https:\\\/\\\/ecosupplements.be\\\/wp-content\\\/uploads\\\/2025\\\/08\\\/SOLGAR-Kangavites-Vitamins-and-Minerals-lonzegnes-120-tabs.jpg\",\"contentUrl\":\"https:\\\/\\\/ecosupplements.be\\\/wp-content\\\/uploads\\\/2025\\\/08\\\/SOLGAR-Kangavites-Vitamins-and-Minerals-lonzegnes-120-tabs.jpg\",\"width\":458,\"height\":458},{\"@type\":\"BreadcrumbList\",\"@id\":\"https:\\\/\\\/ecosupplements.be\\\/fr\\\/produit\\\/solgar-kangavites-vitamins-and-minerals-lonzegnes-120-tabs\\\/#breadcrumb\",\"itemListElement\":[{\"@type\":\"ListItem\",\"position\":1,\"name\":\"Home\",\"item\":\"https:\\\/\\\/ecosupplements.be\\\/fr\\\/\"},{\"@type\":\"ListItem\",\"position\":2,\"name\":\"Boutique\",\"item\":\"https:\\\/\\\/ecosupplements.be\\\/fr\\\/boutique\\\/\"},{\"@type\":\"ListItem\",\"position\":3,\"name\":\"SOLGAR Kangavites &#8211; Vitamines et Min\u00e9raux long\u00e9vit\u00e9 (120 comprim\u00e9s)\"}]},{\"@type\":\"WebSite\",\"@id\":\"https:\\\/\\\/ecosupplements.be\\\/fr\\\/#website\",\"url\":\"https:\\\/\\\/ecosupplements.be\\\/fr\\\/\",\"name\":\"ECO Supplements\",\"description\":\"Eco Supplements - Gezonde supplementen\",\"publisher\":{\"@id\":\"https:\\\/\\\/ecosupplements.be\\\/fr\\\/#organization\"},\"potentialAction\":[{\"@type\":\"SearchAction\",\"target\":{\"@type\":\"EntryPoint\",\"urlTemplate\":\"https:\\\/\\\/ecosupplements.be\\\/fr\\\/?s={search_term_string}\"},\"query-input\":{\"@type\":\"PropertyValueSpecification\",\"valueRequired\":true,\"valueName\":\"search_term_string\"}}],\"inLanguage\":\"fr-FR\"},{\"@type\":\"Organization\",\"@id\":\"https:\\\/\\\/ecosupplements.be\\\/fr\\\/#organization\",\"name\":\"Eco Supplements\",\"url\":\"https:\\\/\\\/ecosupplements.be\\\/fr\\\/\",\"logo\":{\"@type\":\"ImageObject\",\"inLanguage\":\"fr-FR\",\"@id\":\"https:\\\/\\\/ecosupplements.be\\\/fr\\\/#\\\/schema\\\/logo\\\/image\\\/\",\"url\":\"https:\\\/\\\/ecosupplements.be\\\/wp-content\\\/uploads\\\/2022\\\/06\\\/ecosupplement-family.png\",\"contentUrl\":\"https:\\\/\\\/ecosupplements.be\\\/wp-content\\\/uploads\\\/2022\\\/06\\\/ecosupplement-family.png\",\"width\":593,\"height\":374,\"caption\":\"Eco Supplements\"},\"image\":{\"@id\":\"https:\\\/\\\/ecosupplements.be\\\/fr\\\/#\\\/schema\\\/logo\\\/image\\\/\"}}]}<\/script>\n<meta property=\"product:brand\" content=\"Solgar\" \/>\n<meta property=\"product:price:amount\" content=\"21.55\" \/>\n<meta property=\"product:price:currency\" content=\"EUR\" \/>\n<meta property=\"og:availability\" content=\"instock\" \/>\n<meta property=\"product:availability\" content=\"instock\" \/>\n<meta property=\"product:retailer_item_id\" content=\"033984010161\" \/>\n<meta property=\"product:condition\" content=\"new\" \/>\n<!-- \/ Yoast SEO Premium plugin. -->","yoast_head_json":{"title":"SOLGAR Kangavites - Vitamines et Min\u00e9raux long\u00e9vit\u00e9 (120 comprim\u00e9s) - ECO Supplements","description":"Wij hebben een ruime keuze aan producten van SOLGAR Kangavites - Vitamines et Min\u00e9raux long\u00e9vit\u00e9 (120 comprim\u00e9s) . Winkel bij Eco Supplements altijd gratis verzending boven 100\u20ac","robots":{"index":"index","follow":"follow","max-snippet":"max-snippet:-1","max-image-preview":"max-image-preview:large","max-video-preview":"max-video-preview:-1"},"canonical":"https:\/\/ecosupplements.be\/fr\/produit\/solgar-kangavites-vitamins-and-minerals-lonzegnes-120-tabs\/","og_locale":"fr_FR","og_type":"article","og_title":"SOLGAR Kangavites - Vitamines et Min\u00e9raux long\u00e9vit\u00e9 (120 comprim\u00e9s)","og_description":"Wij hebben een ruime keuze aan producten van SOLGAR Kangavites - Vitamines et Min\u00e9raux long\u00e9vit\u00e9 (120 comprim\u00e9s) . Winkel bij Eco Supplements altijd gratis verzending boven 100\u20ac","og_url":"https:\/\/ecosupplements.be\/fr\/produit\/solgar-kangavites-vitamins-and-minerals-lonzegnes-120-tabs\/","og_site_name":"ECO Supplements","article_modified_time":"2025-08-28T02:54:31+00:00","og_image":[{"width":458,"height":458,"url":"https:\/\/ecosupplements.be\/wp-content\/uploads\/2025\/08\/Solgar-SOLGAR-Kangavites-Vitamins-and-Minerals-lonzegnes-120-tabs.jpg","type":"image\/jpeg"}],"twitter_card":"summary_large_image","twitter_misc":{"Prix":"21.55&nbsp;&euro;","Disponibilit\u00e9":"En stock"},"schema":{"@context":"https:\/\/schema.org","@graph":[{"@type":["WebPage","ItemPage"],"@id":"https:\/\/ecosupplements.be\/fr\/produit\/solgar-kangavites-vitamins-and-minerals-lonzegnes-120-tabs\/","url":"https:\/\/ecosupplements.be\/fr\/produit\/solgar-kangavites-vitamins-and-minerals-lonzegnes-120-tabs\/","name":"SOLGAR Kangavites - Vitamines et Min\u00e9raux long\u00e9vit\u00e9 (120 comprim\u00e9s) - ECO Supplements","isPartOf":{"@id":"https:\/\/ecosupplements.be\/fr\/#website"},"primaryImageOfPage":{"@id":"https:\/\/ecosupplements.be\/fr\/produit\/solgar-kangavites-vitamins-and-minerals-lonzegnes-120-tabs\/#primaryimage"},"image":{"@id":"https:\/\/ecosupplements.be\/fr\/produit\/solgar-kangavites-vitamins-and-minerals-lonzegnes-120-tabs\/#primaryimage"},"thumbnailUrl":"https:\/\/ecosupplements.be\/wp-content\/uploads\/2025\/08\/SOLGAR-Kangavites-Vitamins-and-Minerals-lonzegnes-120-tabs.jpg","datePublished":"2025-07-27T00:31:19+00:00","dateModified":"2025-08-28T02:54:31+00:00","description":"Wij hebben een ruime keuze aan producten van SOLGAR Kangavites - Vitamines et Min\u00e9raux long\u00e9vit\u00e9 (120 comprim\u00e9s) . Winkel bij Eco Supplements altijd gratis verzending boven 100\u20ac","breadcrumb":{"@id":"https:\/\/ecosupplements.be\/fr\/produit\/solgar-kangavites-vitamins-and-minerals-lonzegnes-120-tabs\/#breadcrumb"},"inLanguage":"fr-FR","potentialAction":[{"@type":"ReadAction","target":["https:\/\/ecosupplements.be\/fr\/produit\/solgar-kangavites-vitamins-and-minerals-lonzegnes-120-tabs\/"]}]},{"@type":"ImageObject","inLanguage":"fr-FR","@id":"https:\/\/ecosupplements.be\/fr\/produit\/solgar-kangavites-vitamins-and-minerals-lonzegnes-120-tabs\/#primaryimage","url":"https:\/\/ecosupplements.be\/wp-content\/uploads\/2025\/08\/SOLGAR-Kangavites-Vitamins-and-Minerals-lonzegnes-120-tabs.jpg","contentUrl":"https:\/\/ecosupplements.be\/wp-content\/uploads\/2025\/08\/SOLGAR-Kangavites-Vitamins-and-Minerals-lonzegnes-120-tabs.jpg","width":458,"height":458},{"@type":"BreadcrumbList","@id":"https:\/\/ecosupplements.be\/fr\/produit\/solgar-kangavites-vitamins-and-minerals-lonzegnes-120-tabs\/#breadcrumb","itemListElement":[{"@type":"ListItem","position":1,"name":"Home","item":"https:\/\/ecosupplements.be\/fr\/"},{"@type":"ListItem","position":2,"name":"Boutique","item":"https:\/\/ecosupplements.be\/fr\/boutique\/"},{"@type":"ListItem","position":3,"name":"SOLGAR Kangavites &#8211; Vitamines et Min\u00e9raux long\u00e9vit\u00e9 (120 comprim\u00e9s)"}]},{"@type":"WebSite","@id":"https:\/\/ecosupplements.be\/fr\/#website","url":"https:\/\/ecosupplements.be\/fr\/","name":"ECO Supplements","description":"Eco Supplements - Gezonde supplementen","publisher":{"@id":"https:\/\/ecosupplements.be\/fr\/#organization"},"potentialAction":[{"@type":"SearchAction","target":{"@type":"EntryPoint","urlTemplate":"https:\/\/ecosupplements.be\/fr\/?s={search_term_string}"},"query-input":{"@type":"PropertyValueSpecification","valueRequired":true,"valueName":"search_term_string"}}],"inLanguage":"fr-FR"},{"@type":"Organization","@id":"https:\/\/ecosupplements.be\/fr\/#organization","name":"Eco Supplements","url":"https:\/\/ecosupplements.be\/fr\/","logo":{"@type":"ImageObject","inLanguage":"fr-FR","@id":"https:\/\/ecosupplements.be\/fr\/#\/schema\/logo\/image\/","url":"https:\/\/ecosupplements.be\/wp-content\/uploads\/2022\/06\/ecosupplement-family.png","contentUrl":"https:\/\/ecosupplements.be\/wp-content\/uploads\/2022\/06\/ecosupplement-family.png","width":593,"height":374,"caption":"Eco Supplements"},"image":{"@id":"https:\/\/ecosupplements.be\/fr\/#\/schema\/logo\/image\/"}}]},"product_brand":"Solgar","product_price_amount":"21.55","product_price_currency":"EUR","og_availability":"instock","product_availability":"instock","product_retailer_item_id":"033984010161","product_condition":"new"},"_links":{"self":[{"href":"https:\/\/ecosupplements.be\/fr\/wp-json\/wp\/v2\/product\/303336","targetHints":{"allow":["GET"]}}],"collection":[{"href":"https:\/\/ecosupplements.be\/fr\/wp-json\/wp\/v2\/product"}],"about":[{"href":"https:\/\/ecosupplements.be\/fr\/wp-json\/wp\/v2\/types\/product"}],"replies":[{"embeddable":true,"href":"https:\/\/ecosupplements.be\/fr\/wp-json\/wp\/v2\/comments?post=303336"}],"wp:featuredmedia":[{"embeddable":true,"href":"https:\/\/ecosupplements.be\/fr\/wp-json\/wp\/v2\/media\/277476"}],"wp:attachment":[{"href":"https:\/\/ecosupplements.be\/fr\/wp-json\/wp\/v2\/media?parent=303336"}],"wp:term":[{"taxonomy":"product_brand","embeddable":true,"href":"https:\/\/ecosupplements.be\/fr\/wp-json\/wp\/v2\/product_brand?post=303336"},{"taxonomy":"product_cat","embeddable":true,"href":"https:\/\/ecosupplements.be\/fr\/wp-json\/wp\/v2\/product_cat?post=303336"},{"taxonomy":"product_tag","embeddable":true,"href":"https:\/\/ecosupplements.be\/fr\/wp-json\/wp\/v2\/product_tag?post=303336"}],"curies":[{"name":"wp","href":"https:\/\/api.w.org\/{rel}","templated":true}]}}