{"id":303345,"date":"2025-07-27T01:45:12","date_gmt":"2025-07-27T00:45:12","guid":{"rendered":"https:\/\/ecosupplements.be\/product\/solgar-l-arginine-free-form-500-mg-100-caps\/"},"modified":"2025-08-28T03:54:41","modified_gmt":"2025-08-28T02:54:41","slug":"solgar-l-arginine-free-form-500-mg-100-caps","status":"publish","type":"product","link":"https:\/\/ecosupplements.be\/fr\/produit\/solgar-l-arginine-free-form-500-mg-100-caps\/","title":{"rendered":"Solgar L-Arginine Forme Libre, 500 mg (100 g\u00e9lules)"},"content":{"rendered":"<p><strong>Nom du produit :<\/strong> SOLGAR L-Arginine Free Form,500 mg (100 caps)<\/p>\n<p><strong>Description :<\/strong> D\u00e9couvrez le choix naturel pour ceux qui appr\u00e9cient les ingr\u00e9dients purs et de qualit\u00e9. Les capsules contiennent de la L-Arginine sous une forme libre, con\u00e7ues pour \u00eatre int\u00e9gr\u00e9es facilement dans votre quotidien.<\/p>\n<p><strong>Ingr\u00e9dients :<\/strong> Chaque capsule est formul\u00e9e avec 500 mg de L-Arginine. Autres composants : cellulose v\u00e9g\u00e9tale pour la capsule, cellulose microcristalline et st\u00e9arate de magn\u00e9sium v\u00e9g\u00e9tal comme agents anti-agglom\u00e9rants.<\/p>\n<p><strong>Contenu et emballage :<\/strong> Le produit est pr\u00e9sent\u00e9 dans un flacon contenant 100 capsules faciles \u00e0 consommer.<\/p>\n<p><strong>Utilisation :<\/strong> Il est conseill\u00e9 de prendre une capsule jusqu&#8217;\u00e0 six fois par jour entre les repas, ou suivre les recommandations d&#8217;un professionnel.<\/p>\n<p><strong>Caract\u00e9ristiques pratiques :<\/strong> Ce compl\u00e9ment se distingue par sa facilit\u00e9 d&#8217;utilisation quotidienne gr\u00e2ce \u00e0 son format pratique en capsules.Id\u00e9al pour ceux qui recherchent une solution simple et naturelle sans saveurs ajout\u00e9es ni conservateurs.<\/p>\n<p><em>Note : Ne pas d\u00e9passer la dose journali\u00e8re recommand\u00e9e. les compl\u00e9ments alimentaires ne doivent pas \u00eatre utilis\u00e9s comme substitut \u00e0 une alimentation vari\u00e9e et \u00e9quilibr\u00e9e. \u00c0 conserver dans un endroit sec et frais, hors de port\u00e9e des enfants. Ne pas utiliser si le sceau du flacon est endommag\u00e9 ou manquant.<\/em><\/p>\n","protected":false},"excerpt":{"rendered":"<p>Nom du produit : SOLGAR L-Arginine Free Form,500 mg (100 caps) Description : D\u00e9couvrez le choix naturel pour ceux qui appr\u00e9cient les ingr\u00e9dients purs et de qualit\u00e9. Les capsules contiennent de la L-Arginine sous une forme libre, con\u00e7ues pour \u00eatre int\u00e9gr\u00e9es facilement dans votre quotidien. Ingr\u00e9dients : Chaque capsule est formul\u00e9e avec 500 mg de [&#8230;]\n","protected":false},"featured_media":277485,"comment_status":"closed","ping_status":"open","template":"","meta":[],"product_brand":[4760],"product_cat":[5067,5053],"product_tag":[],"class_list":{"0":"post-303345","1":"product","2":"type-product","3":"status-publish","4":"has-post-thumbnail","6":"product_brand-solgar-2","7":"product_cat-acides-amines-et-bcaa","8":"product_cat-vitamines-et-mineraux","10":"first","11":"instock","12":"taxable","13":"shipping-taxable","14":"purchasable","15":"product-type-simple"},"yoast_head":"<!-- This site is optimized with the Yoast SEO Premium plugin v27.3 (Yoast SEO v27.3) - https:\/\/yoast.com\/product\/yoast-seo-premium-wordpress\/ -->\n<title>Solgar L-Arginine Forme Libre, 500 mg (100 g\u00e9lules) - ECO Supplements<\/title>\n<meta name=\"description\" content=\"Wij hebben een ruime keuze aan producten van Solgar L-Arginine Forme Libre, 500 mg (100 g\u00e9lules) . Winkel bij Eco Supplements altijd gratis verzending boven 100\u20ac\" \/>\n<meta name=\"robots\" content=\"index, follow, max-snippet:-1, max-image-preview:large, max-video-preview:-1\" \/>\n<link rel=\"canonical\" href=\"https:\/\/ecosupplements.be\/fr\/produit\/solgar-l-arginine-free-form-500-mg-100-caps\/\" \/>\n<meta property=\"og:locale\" content=\"fr_FR\" \/>\n<meta property=\"og:type\" content=\"article\" \/>\n<meta property=\"og:title\" content=\"Solgar L-Arginine Forme Libre, 500 mg (100 g\u00e9lules)\" \/>\n<meta property=\"og:description\" content=\"Wij hebben een ruime keuze aan producten van Solgar L-Arginine Forme Libre, 500 mg (100 g\u00e9lules) . Winkel bij Eco Supplements altijd gratis verzending boven 100\u20ac\" \/>\n<meta property=\"og:url\" content=\"https:\/\/ecosupplements.be\/fr\/produit\/solgar-l-arginine-free-form-500-mg-100-caps\/\" \/>\n<meta property=\"og:site_name\" content=\"ECO Supplements\" \/>\n<meta property=\"article:modified_time\" content=\"2025-08-28T02:54:41+00:00\" \/>\n<meta property=\"og:image\" content=\"https:\/\/ecosupplements.be\/wp-content\/uploads\/2025\/08\/Solgar-SOLGAR-L-Arginine-Free-Form-500-mg-100-caps.jpg\" \/>\n\t<meta property=\"og:image:width\" content=\"700\" \/>\n\t<meta property=\"og:image:height\" content=\"700\" \/>\n\t<meta property=\"og:image:type\" content=\"image\/jpeg\" \/>\n<meta name=\"twitter:card\" content=\"summary_large_image\" \/>\n<meta name=\"twitter:label1\" content=\"Prix\" \/>\n\t<meta name=\"twitter:data1\" content=\"24.76&nbsp;&euro;\" \/>\n\t<meta name=\"twitter:label2\" content=\"Disponibilit\u00e9\" \/>\n\t<meta name=\"twitter:data2\" content=\"En stock\" \/>\n<script type=\"application\/ld+json\" class=\"yoast-schema-graph\">{\"@context\":\"https:\\\/\\\/schema.org\",\"@graph\":[{\"@type\":[\"WebPage\",\"ItemPage\"],\"@id\":\"https:\\\/\\\/ecosupplements.be\\\/fr\\\/produit\\\/solgar-l-arginine-free-form-500-mg-100-caps\\\/\",\"url\":\"https:\\\/\\\/ecosupplements.be\\\/fr\\\/produit\\\/solgar-l-arginine-free-form-500-mg-100-caps\\\/\",\"name\":\"Solgar L-Arginine Forme Libre, 500 mg (100 g\u00e9lules) - ECO Supplements\",\"isPartOf\":{\"@id\":\"https:\\\/\\\/ecosupplements.be\\\/fr\\\/#website\"},\"primaryImageOfPage\":{\"@id\":\"https:\\\/\\\/ecosupplements.be\\\/fr\\\/produit\\\/solgar-l-arginine-free-form-500-mg-100-caps\\\/#primaryimage\"},\"image\":{\"@id\":\"https:\\\/\\\/ecosupplements.be\\\/fr\\\/produit\\\/solgar-l-arginine-free-form-500-mg-100-caps\\\/#primaryimage\"},\"thumbnailUrl\":\"https:\\\/\\\/ecosupplements.be\\\/wp-content\\\/uploads\\\/2025\\\/08\\\/SOLGAR-L-Arginine-Free-Form-500-mg-100-caps.jpg\",\"datePublished\":\"2025-07-27T00:45:12+00:00\",\"dateModified\":\"2025-08-28T02:54:41+00:00\",\"description\":\"Wij hebben een ruime keuze aan producten van Solgar L-Arginine Forme Libre, 500 mg (100 g\u00e9lules) . Winkel bij Eco Supplements altijd gratis verzending boven 100\u20ac\",\"breadcrumb\":{\"@id\":\"https:\\\/\\\/ecosupplements.be\\\/fr\\\/produit\\\/solgar-l-arginine-free-form-500-mg-100-caps\\\/#breadcrumb\"},\"inLanguage\":\"fr-FR\",\"potentialAction\":[{\"@type\":\"ReadAction\",\"target\":[\"https:\\\/\\\/ecosupplements.be\\\/fr\\\/produit\\\/solgar-l-arginine-free-form-500-mg-100-caps\\\/\"]}]},{\"@type\":\"ImageObject\",\"inLanguage\":\"fr-FR\",\"@id\":\"https:\\\/\\\/ecosupplements.be\\\/fr\\\/produit\\\/solgar-l-arginine-free-form-500-mg-100-caps\\\/#primaryimage\",\"url\":\"https:\\\/\\\/ecosupplements.be\\\/wp-content\\\/uploads\\\/2025\\\/08\\\/SOLGAR-L-Arginine-Free-Form-500-mg-100-caps.jpg\",\"contentUrl\":\"https:\\\/\\\/ecosupplements.be\\\/wp-content\\\/uploads\\\/2025\\\/08\\\/SOLGAR-L-Arginine-Free-Form-500-mg-100-caps.jpg\",\"width\":700,\"height\":700},{\"@type\":\"BreadcrumbList\",\"@id\":\"https:\\\/\\\/ecosupplements.be\\\/fr\\\/produit\\\/solgar-l-arginine-free-form-500-mg-100-caps\\\/#breadcrumb\",\"itemListElement\":[{\"@type\":\"ListItem\",\"position\":1,\"name\":\"Home\",\"item\":\"https:\\\/\\\/ecosupplements.be\\\/fr\\\/\"},{\"@type\":\"ListItem\",\"position\":2,\"name\":\"Boutique\",\"item\":\"https:\\\/\\\/ecosupplements.be\\\/fr\\\/boutique\\\/\"},{\"@type\":\"ListItem\",\"position\":3,\"name\":\"Solgar L-Arginine Forme Libre, 500 mg (100 g\u00e9lules)\"}]},{\"@type\":\"WebSite\",\"@id\":\"https:\\\/\\\/ecosupplements.be\\\/fr\\\/#website\",\"url\":\"https:\\\/\\\/ecosupplements.be\\\/fr\\\/\",\"name\":\"ECO Supplements\",\"description\":\"Eco Supplements - Gezonde supplementen\",\"publisher\":{\"@id\":\"https:\\\/\\\/ecosupplements.be\\\/fr\\\/#organization\"},\"potentialAction\":[{\"@type\":\"SearchAction\",\"target\":{\"@type\":\"EntryPoint\",\"urlTemplate\":\"https:\\\/\\\/ecosupplements.be\\\/fr\\\/?s={search_term_string}\"},\"query-input\":{\"@type\":\"PropertyValueSpecification\",\"valueRequired\":true,\"valueName\":\"search_term_string\"}}],\"inLanguage\":\"fr-FR\"},{\"@type\":\"Organization\",\"@id\":\"https:\\\/\\\/ecosupplements.be\\\/fr\\\/#organization\",\"name\":\"Eco Supplements\",\"url\":\"https:\\\/\\\/ecosupplements.be\\\/fr\\\/\",\"logo\":{\"@type\":\"ImageObject\",\"inLanguage\":\"fr-FR\",\"@id\":\"https:\\\/\\\/ecosupplements.be\\\/fr\\\/#\\\/schema\\\/logo\\\/image\\\/\",\"url\":\"https:\\\/\\\/ecosupplements.be\\\/wp-content\\\/uploads\\\/2022\\\/06\\\/ecosupplement-family.png\",\"contentUrl\":\"https:\\\/\\\/ecosupplements.be\\\/wp-content\\\/uploads\\\/2022\\\/06\\\/ecosupplement-family.png\",\"width\":593,\"height\":374,\"caption\":\"Eco Supplements\"},\"image\":{\"@id\":\"https:\\\/\\\/ecosupplements.be\\\/fr\\\/#\\\/schema\\\/logo\\\/image\\\/\"}}]}<\/script>\n<meta property=\"product:brand\" content=\"Solgar\" \/>\n<meta property=\"product:price:amount\" content=\"24.76\" \/>\n<meta property=\"product:price:currency\" content=\"EUR\" \/>\n<meta property=\"og:availability\" content=\"instock\" \/>\n<meta property=\"product:availability\" content=\"instock\" \/>\n<meta property=\"product:retailer_item_id\" content=\"033984001411\" \/>\n<meta property=\"product:condition\" content=\"new\" \/>\n<!-- \/ Yoast SEO Premium plugin. -->","yoast_head_json":{"title":"Solgar L-Arginine Forme Libre, 500 mg (100 g\u00e9lules) - ECO Supplements","description":"Wij hebben een ruime keuze aan producten van Solgar L-Arginine Forme Libre, 500 mg (100 g\u00e9lules) . Winkel bij Eco Supplements altijd gratis verzending boven 100\u20ac","robots":{"index":"index","follow":"follow","max-snippet":"max-snippet:-1","max-image-preview":"max-image-preview:large","max-video-preview":"max-video-preview:-1"},"canonical":"https:\/\/ecosupplements.be\/fr\/produit\/solgar-l-arginine-free-form-500-mg-100-caps\/","og_locale":"fr_FR","og_type":"article","og_title":"Solgar L-Arginine Forme Libre, 500 mg (100 g\u00e9lules)","og_description":"Wij hebben een ruime keuze aan producten van Solgar L-Arginine Forme Libre, 500 mg (100 g\u00e9lules) . Winkel bij Eco Supplements altijd gratis verzending boven 100\u20ac","og_url":"https:\/\/ecosupplements.be\/fr\/produit\/solgar-l-arginine-free-form-500-mg-100-caps\/","og_site_name":"ECO Supplements","article_modified_time":"2025-08-28T02:54:41+00:00","og_image":[{"width":700,"height":700,"url":"https:\/\/ecosupplements.be\/wp-content\/uploads\/2025\/08\/Solgar-SOLGAR-L-Arginine-Free-Form-500-mg-100-caps.jpg","type":"image\/jpeg"}],"twitter_card":"summary_large_image","twitter_misc":{"Prix":"24.76&nbsp;&euro;","Disponibilit\u00e9":"En stock"},"schema":{"@context":"https:\/\/schema.org","@graph":[{"@type":["WebPage","ItemPage"],"@id":"https:\/\/ecosupplements.be\/fr\/produit\/solgar-l-arginine-free-form-500-mg-100-caps\/","url":"https:\/\/ecosupplements.be\/fr\/produit\/solgar-l-arginine-free-form-500-mg-100-caps\/","name":"Solgar L-Arginine Forme Libre, 500 mg (100 g\u00e9lules) - ECO Supplements","isPartOf":{"@id":"https:\/\/ecosupplements.be\/fr\/#website"},"primaryImageOfPage":{"@id":"https:\/\/ecosupplements.be\/fr\/produit\/solgar-l-arginine-free-form-500-mg-100-caps\/#primaryimage"},"image":{"@id":"https:\/\/ecosupplements.be\/fr\/produit\/solgar-l-arginine-free-form-500-mg-100-caps\/#primaryimage"},"thumbnailUrl":"https:\/\/ecosupplements.be\/wp-content\/uploads\/2025\/08\/SOLGAR-L-Arginine-Free-Form-500-mg-100-caps.jpg","datePublished":"2025-07-27T00:45:12+00:00","dateModified":"2025-08-28T02:54:41+00:00","description":"Wij hebben een ruime keuze aan producten van Solgar L-Arginine Forme Libre, 500 mg (100 g\u00e9lules) . Winkel bij Eco Supplements altijd gratis verzending boven 100\u20ac","breadcrumb":{"@id":"https:\/\/ecosupplements.be\/fr\/produit\/solgar-l-arginine-free-form-500-mg-100-caps\/#breadcrumb"},"inLanguage":"fr-FR","potentialAction":[{"@type":"ReadAction","target":["https:\/\/ecosupplements.be\/fr\/produit\/solgar-l-arginine-free-form-500-mg-100-caps\/"]}]},{"@type":"ImageObject","inLanguage":"fr-FR","@id":"https:\/\/ecosupplements.be\/fr\/produit\/solgar-l-arginine-free-form-500-mg-100-caps\/#primaryimage","url":"https:\/\/ecosupplements.be\/wp-content\/uploads\/2025\/08\/SOLGAR-L-Arginine-Free-Form-500-mg-100-caps.jpg","contentUrl":"https:\/\/ecosupplements.be\/wp-content\/uploads\/2025\/08\/SOLGAR-L-Arginine-Free-Form-500-mg-100-caps.jpg","width":700,"height":700},{"@type":"BreadcrumbList","@id":"https:\/\/ecosupplements.be\/fr\/produit\/solgar-l-arginine-free-form-500-mg-100-caps\/#breadcrumb","itemListElement":[{"@type":"ListItem","position":1,"name":"Home","item":"https:\/\/ecosupplements.be\/fr\/"},{"@type":"ListItem","position":2,"name":"Boutique","item":"https:\/\/ecosupplements.be\/fr\/boutique\/"},{"@type":"ListItem","position":3,"name":"Solgar L-Arginine Forme Libre, 500 mg (100 g\u00e9lules)"}]},{"@type":"WebSite","@id":"https:\/\/ecosupplements.be\/fr\/#website","url":"https:\/\/ecosupplements.be\/fr\/","name":"ECO Supplements","description":"Eco Supplements - Gezonde supplementen","publisher":{"@id":"https:\/\/ecosupplements.be\/fr\/#organization"},"potentialAction":[{"@type":"SearchAction","target":{"@type":"EntryPoint","urlTemplate":"https:\/\/ecosupplements.be\/fr\/?s={search_term_string}"},"query-input":{"@type":"PropertyValueSpecification","valueRequired":true,"valueName":"search_term_string"}}],"inLanguage":"fr-FR"},{"@type":"Organization","@id":"https:\/\/ecosupplements.be\/fr\/#organization","name":"Eco Supplements","url":"https:\/\/ecosupplements.be\/fr\/","logo":{"@type":"ImageObject","inLanguage":"fr-FR","@id":"https:\/\/ecosupplements.be\/fr\/#\/schema\/logo\/image\/","url":"https:\/\/ecosupplements.be\/wp-content\/uploads\/2022\/06\/ecosupplement-family.png","contentUrl":"https:\/\/ecosupplements.be\/wp-content\/uploads\/2022\/06\/ecosupplement-family.png","width":593,"height":374,"caption":"Eco Supplements"},"image":{"@id":"https:\/\/ecosupplements.be\/fr\/#\/schema\/logo\/image\/"}}]},"product_brand":"Solgar","product_price_amount":"24.76","product_price_currency":"EUR","og_availability":"instock","product_availability":"instock","product_retailer_item_id":"033984001411","product_condition":"new"},"_links":{"self":[{"href":"https:\/\/ecosupplements.be\/fr\/wp-json\/wp\/v2\/product\/303345","targetHints":{"allow":["GET"]}}],"collection":[{"href":"https:\/\/ecosupplements.be\/fr\/wp-json\/wp\/v2\/product"}],"about":[{"href":"https:\/\/ecosupplements.be\/fr\/wp-json\/wp\/v2\/types\/product"}],"replies":[{"embeddable":true,"href":"https:\/\/ecosupplements.be\/fr\/wp-json\/wp\/v2\/comments?post=303345"}],"wp:featuredmedia":[{"embeddable":true,"href":"https:\/\/ecosupplements.be\/fr\/wp-json\/wp\/v2\/media\/277485"}],"wp:attachment":[{"href":"https:\/\/ecosupplements.be\/fr\/wp-json\/wp\/v2\/media?parent=303345"}],"wp:term":[{"taxonomy":"product_brand","embeddable":true,"href":"https:\/\/ecosupplements.be\/fr\/wp-json\/wp\/v2\/product_brand?post=303345"},{"taxonomy":"product_cat","embeddable":true,"href":"https:\/\/ecosupplements.be\/fr\/wp-json\/wp\/v2\/product_cat?post=303345"},{"taxonomy":"product_tag","embeddable":true,"href":"https:\/\/ecosupplements.be\/fr\/wp-json\/wp\/v2\/product_tag?post=303345"}],"curies":[{"name":"wp","href":"https:\/\/api.w.org\/{rel}","templated":true}]}}