{"id":303354,"date":"2025-07-27T01:45:12","date_gmt":"2025-07-27T00:45:12","guid":{"rendered":"https:\/\/ecosupplements.be\/product\/solgar-l-cysteine-500-mg-90-caps\/"},"modified":"2025-08-28T03:54:49","modified_gmt":"2025-08-28T02:54:49","slug":"solgar-l-cysteine-500-mg-90-caps","status":"publish","type":"product","link":"https:\/\/ecosupplements.be\/fr\/produit\/solgar-l-cysteine-500-mg-90-caps\/","title":{"rendered":"Solgar L-Cyst\u00e9ine, 500 mg (90 g\u00e9lules)"},"content":{"rendered":"<p><strong>Nom du produit :<\/strong> SOLGAR L-Cysteine, 500 mg (90 caps)<\/p>\n<p><strong>ingr\u00e9dients principaux :<\/strong> L-Cyst\u00e9ine, agent d&#8217;enrobage : hydroxypropylm\u00e9thylcellulose, anti-agglom\u00e9rants : sels de magn\u00e9sium d&#8217;acides gras (v\u00e9g\u00e9tal) et dioxyde de silicium, agent de charge : cellulose.<\/p>\n<p><strong>Contenu et emballage :<\/strong> Bo\u00eete contenant 90 capsules.<\/p>\n<p><strong>Utilisation :<\/strong> Prendre une (1) capsule par jour, de pr\u00e9f\u00e9rence entre les repas avec un verre d&#8217;eau ou de jus.<\/p>\n<p>ce produit est con\u00e7u pour \u00eatre int\u00e9gr\u00e9 facilement dans votre quotidien gr\u00e2ce \u00e0 son format pratique. Les capsules sont faciles \u00e0 consommer et formul\u00e9es sans ar\u00f4mes artificiels, mettant en avant la puret\u00e9 des ingr\u00e9dients naturels utilis\u00e9s.<\/p>\n<p>SOLGAR L-Cysteine est un choix parfait pour ceux qui appr\u00e9cient les ingr\u00e9dients naturels dans un mode de vie actif. Ce compl\u00e9ment alimentaire se distingue par sa composition simple et sa haute qualit\u00e9. Il est id\u00e9al pour accompagner votre routine quotidienne sans pr\u00e9tendre \u00e0 des effets m\u00e9dicaux ou th\u00e9rapeutiques sp\u00e9cifiques.<\/p>\n<p><strong>Modes de conservation :<\/strong> Conserver dans un endroit sec et frais,hors de port\u00e9e des enfants.<\/p>\n","protected":false},"excerpt":{"rendered":"<p>Nom du produit : SOLGAR L-Cysteine, 500 mg (90 caps) ingr\u00e9dients principaux : L-Cyst\u00e9ine, agent d&#8217;enrobage : hydroxypropylm\u00e9thylcellulose, anti-agglom\u00e9rants : sels de magn\u00e9sium d&#8217;acides gras (v\u00e9g\u00e9tal) et dioxyde de silicium, agent de charge : cellulose. Contenu et emballage : Bo\u00eete contenant 90 capsules. Utilisation : Prendre une (1) capsule par jour, de pr\u00e9f\u00e9rence entre les [&#8230;]\n","protected":false},"featured_media":277494,"comment_status":"closed","ping_status":"open","template":"","meta":[],"product_brand":[4760],"product_cat":[5067,5053],"product_tag":[],"class_list":{"0":"post-303354","1":"product","2":"type-product","3":"status-publish","4":"has-post-thumbnail","6":"product_brand-solgar-2","7":"product_cat-acides-amines-et-bcaa","8":"product_cat-vitamines-et-mineraux","10":"first","11":"instock","12":"taxable","13":"shipping-taxable","14":"purchasable","15":"product-type-simple"},"yoast_head":"<!-- This site is optimized with the Yoast SEO Premium plugin v27.3 (Yoast SEO v27.3) - https:\/\/yoast.com\/product\/yoast-seo-premium-wordpress\/ -->\n<title>Solgar L-Cyst\u00e9ine, 500 mg (90 g\u00e9lules) - ECO Supplements<\/title>\n<meta name=\"description\" content=\"Wij hebben een ruime keuze aan producten van Solgar L-Cyst\u00e9ine, 500 mg (90 g\u00e9lules) . Winkel bij Eco Supplements altijd gratis verzending boven 100\u20ac\" \/>\n<meta name=\"robots\" content=\"index, follow, max-snippet:-1, max-image-preview:large, max-video-preview:-1\" \/>\n<link rel=\"canonical\" href=\"https:\/\/ecosupplements.be\/fr\/produit\/solgar-l-cysteine-500-mg-90-caps\/\" \/>\n<meta property=\"og:locale\" content=\"fr_FR\" \/>\n<meta property=\"og:type\" content=\"article\" \/>\n<meta property=\"og:title\" content=\"Solgar L-Cyst\u00e9ine, 500 mg (90 g\u00e9lules)\" \/>\n<meta property=\"og:description\" content=\"Wij hebben een ruime keuze aan producten van Solgar L-Cyst\u00e9ine, 500 mg (90 g\u00e9lules) . Winkel bij Eco Supplements altijd gratis verzending boven 100\u20ac\" \/>\n<meta property=\"og:url\" content=\"https:\/\/ecosupplements.be\/fr\/produit\/solgar-l-cysteine-500-mg-90-caps\/\" \/>\n<meta property=\"og:site_name\" content=\"ECO Supplements\" \/>\n<meta property=\"article:modified_time\" content=\"2025-08-28T02:54:49+00:00\" \/>\n<meta property=\"og:image\" content=\"https:\/\/ecosupplements.be\/wp-content\/uploads\/2025\/08\/Solgar-SOLGAR-L-Cysteine-500-mg-90-caps.jpg\" \/>\n\t<meta property=\"og:image:width\" content=\"1080\" \/>\n\t<meta property=\"og:image:height\" content=\"1080\" \/>\n\t<meta property=\"og:image:type\" content=\"image\/jpeg\" \/>\n<meta name=\"twitter:card\" content=\"summary_large_image\" \/>\n<meta name=\"twitter:label1\" content=\"Prix\" \/>\n\t<meta name=\"twitter:data1\" content=\"33.80&nbsp;&euro;\" \/>\n\t<meta name=\"twitter:label2\" content=\"Disponibilit\u00e9\" \/>\n\t<meta name=\"twitter:data2\" content=\"En stock\" \/>\n<script type=\"application\/ld+json\" class=\"yoast-schema-graph\">{\"@context\":\"https:\\\/\\\/schema.org\",\"@graph\":[{\"@type\":[\"WebPage\",\"ItemPage\"],\"@id\":\"https:\\\/\\\/ecosupplements.be\\\/fr\\\/produit\\\/solgar-l-cysteine-500-mg-90-caps\\\/\",\"url\":\"https:\\\/\\\/ecosupplements.be\\\/fr\\\/produit\\\/solgar-l-cysteine-500-mg-90-caps\\\/\",\"name\":\"Solgar L-Cyst\u00e9ine, 500 mg (90 g\u00e9lules) - ECO Supplements\",\"isPartOf\":{\"@id\":\"https:\\\/\\\/ecosupplements.be\\\/fr\\\/#website\"},\"primaryImageOfPage\":{\"@id\":\"https:\\\/\\\/ecosupplements.be\\\/fr\\\/produit\\\/solgar-l-cysteine-500-mg-90-caps\\\/#primaryimage\"},\"image\":{\"@id\":\"https:\\\/\\\/ecosupplements.be\\\/fr\\\/produit\\\/solgar-l-cysteine-500-mg-90-caps\\\/#primaryimage\"},\"thumbnailUrl\":\"https:\\\/\\\/ecosupplements.be\\\/wp-content\\\/uploads\\\/2025\\\/08\\\/SOLGAR-L-Cysteine-500-mg-90-caps.jpg\",\"datePublished\":\"2025-07-27T00:45:12+00:00\",\"dateModified\":\"2025-08-28T02:54:49+00:00\",\"description\":\"Wij hebben een ruime keuze aan producten van Solgar L-Cyst\u00e9ine, 500 mg (90 g\u00e9lules) . Winkel bij Eco Supplements altijd gratis verzending boven 100\u20ac\",\"breadcrumb\":{\"@id\":\"https:\\\/\\\/ecosupplements.be\\\/fr\\\/produit\\\/solgar-l-cysteine-500-mg-90-caps\\\/#breadcrumb\"},\"inLanguage\":\"fr-FR\",\"potentialAction\":[{\"@type\":\"ReadAction\",\"target\":[\"https:\\\/\\\/ecosupplements.be\\\/fr\\\/produit\\\/solgar-l-cysteine-500-mg-90-caps\\\/\"]}]},{\"@type\":\"ImageObject\",\"inLanguage\":\"fr-FR\",\"@id\":\"https:\\\/\\\/ecosupplements.be\\\/fr\\\/produit\\\/solgar-l-cysteine-500-mg-90-caps\\\/#primaryimage\",\"url\":\"https:\\\/\\\/ecosupplements.be\\\/wp-content\\\/uploads\\\/2025\\\/08\\\/SOLGAR-L-Cysteine-500-mg-90-caps.jpg\",\"contentUrl\":\"https:\\\/\\\/ecosupplements.be\\\/wp-content\\\/uploads\\\/2025\\\/08\\\/SOLGAR-L-Cysteine-500-mg-90-caps.jpg\",\"width\":1080,\"height\":1080},{\"@type\":\"BreadcrumbList\",\"@id\":\"https:\\\/\\\/ecosupplements.be\\\/fr\\\/produit\\\/solgar-l-cysteine-500-mg-90-caps\\\/#breadcrumb\",\"itemListElement\":[{\"@type\":\"ListItem\",\"position\":1,\"name\":\"Home\",\"item\":\"https:\\\/\\\/ecosupplements.be\\\/fr\\\/\"},{\"@type\":\"ListItem\",\"position\":2,\"name\":\"Boutique\",\"item\":\"https:\\\/\\\/ecosupplements.be\\\/fr\\\/boutique\\\/\"},{\"@type\":\"ListItem\",\"position\":3,\"name\":\"Solgar L-Cyst\u00e9ine, 500 mg (90 g\u00e9lules)\"}]},{\"@type\":\"WebSite\",\"@id\":\"https:\\\/\\\/ecosupplements.be\\\/fr\\\/#website\",\"url\":\"https:\\\/\\\/ecosupplements.be\\\/fr\\\/\",\"name\":\"ECO Supplements\",\"description\":\"Eco Supplements - Gezonde supplementen\",\"publisher\":{\"@id\":\"https:\\\/\\\/ecosupplements.be\\\/fr\\\/#organization\"},\"potentialAction\":[{\"@type\":\"SearchAction\",\"target\":{\"@type\":\"EntryPoint\",\"urlTemplate\":\"https:\\\/\\\/ecosupplements.be\\\/fr\\\/?s={search_term_string}\"},\"query-input\":{\"@type\":\"PropertyValueSpecification\",\"valueRequired\":true,\"valueName\":\"search_term_string\"}}],\"inLanguage\":\"fr-FR\"},{\"@type\":\"Organization\",\"@id\":\"https:\\\/\\\/ecosupplements.be\\\/fr\\\/#organization\",\"name\":\"Eco Supplements\",\"url\":\"https:\\\/\\\/ecosupplements.be\\\/fr\\\/\",\"logo\":{\"@type\":\"ImageObject\",\"inLanguage\":\"fr-FR\",\"@id\":\"https:\\\/\\\/ecosupplements.be\\\/fr\\\/#\\\/schema\\\/logo\\\/image\\\/\",\"url\":\"https:\\\/\\\/ecosupplements.be\\\/wp-content\\\/uploads\\\/2022\\\/06\\\/ecosupplement-family.png\",\"contentUrl\":\"https:\\\/\\\/ecosupplements.be\\\/wp-content\\\/uploads\\\/2022\\\/06\\\/ecosupplement-family.png\",\"width\":593,\"height\":374,\"caption\":\"Eco Supplements\"},\"image\":{\"@id\":\"https:\\\/\\\/ecosupplements.be\\\/fr\\\/#\\\/schema\\\/logo\\\/image\\\/\"}}]}<\/script>\n<meta property=\"product:brand\" content=\"Solgar\" \/>\n<meta property=\"product:price:amount\" content=\"33.80\" \/>\n<meta property=\"product:price:currency\" content=\"EUR\" \/>\n<meta property=\"og:availability\" content=\"instock\" \/>\n<meta property=\"product:availability\" content=\"instock\" \/>\n<meta property=\"product:retailer_item_id\" content=\"033984009622\" \/>\n<meta property=\"product:condition\" content=\"new\" \/>\n<!-- \/ Yoast SEO Premium plugin. -->","yoast_head_json":{"title":"Solgar L-Cyst\u00e9ine, 500 mg (90 g\u00e9lules) - ECO Supplements","description":"Wij hebben een ruime keuze aan producten van Solgar L-Cyst\u00e9ine, 500 mg (90 g\u00e9lules) . Winkel bij Eco Supplements altijd gratis verzending boven 100\u20ac","robots":{"index":"index","follow":"follow","max-snippet":"max-snippet:-1","max-image-preview":"max-image-preview:large","max-video-preview":"max-video-preview:-1"},"canonical":"https:\/\/ecosupplements.be\/fr\/produit\/solgar-l-cysteine-500-mg-90-caps\/","og_locale":"fr_FR","og_type":"article","og_title":"Solgar L-Cyst\u00e9ine, 500 mg (90 g\u00e9lules)","og_description":"Wij hebben een ruime keuze aan producten van Solgar L-Cyst\u00e9ine, 500 mg (90 g\u00e9lules) . Winkel bij Eco Supplements altijd gratis verzending boven 100\u20ac","og_url":"https:\/\/ecosupplements.be\/fr\/produit\/solgar-l-cysteine-500-mg-90-caps\/","og_site_name":"ECO Supplements","article_modified_time":"2025-08-28T02:54:49+00:00","og_image":[{"width":1080,"height":1080,"url":"https:\/\/ecosupplements.be\/wp-content\/uploads\/2025\/08\/Solgar-SOLGAR-L-Cysteine-500-mg-90-caps.jpg","type":"image\/jpeg"}],"twitter_card":"summary_large_image","twitter_misc":{"Prix":"33.80&nbsp;&euro;","Disponibilit\u00e9":"En stock"},"schema":{"@context":"https:\/\/schema.org","@graph":[{"@type":["WebPage","ItemPage"],"@id":"https:\/\/ecosupplements.be\/fr\/produit\/solgar-l-cysteine-500-mg-90-caps\/","url":"https:\/\/ecosupplements.be\/fr\/produit\/solgar-l-cysteine-500-mg-90-caps\/","name":"Solgar L-Cyst\u00e9ine, 500 mg (90 g\u00e9lules) - ECO Supplements","isPartOf":{"@id":"https:\/\/ecosupplements.be\/fr\/#website"},"primaryImageOfPage":{"@id":"https:\/\/ecosupplements.be\/fr\/produit\/solgar-l-cysteine-500-mg-90-caps\/#primaryimage"},"image":{"@id":"https:\/\/ecosupplements.be\/fr\/produit\/solgar-l-cysteine-500-mg-90-caps\/#primaryimage"},"thumbnailUrl":"https:\/\/ecosupplements.be\/wp-content\/uploads\/2025\/08\/SOLGAR-L-Cysteine-500-mg-90-caps.jpg","datePublished":"2025-07-27T00:45:12+00:00","dateModified":"2025-08-28T02:54:49+00:00","description":"Wij hebben een ruime keuze aan producten van Solgar L-Cyst\u00e9ine, 500 mg (90 g\u00e9lules) . Winkel bij Eco Supplements altijd gratis verzending boven 100\u20ac","breadcrumb":{"@id":"https:\/\/ecosupplements.be\/fr\/produit\/solgar-l-cysteine-500-mg-90-caps\/#breadcrumb"},"inLanguage":"fr-FR","potentialAction":[{"@type":"ReadAction","target":["https:\/\/ecosupplements.be\/fr\/produit\/solgar-l-cysteine-500-mg-90-caps\/"]}]},{"@type":"ImageObject","inLanguage":"fr-FR","@id":"https:\/\/ecosupplements.be\/fr\/produit\/solgar-l-cysteine-500-mg-90-caps\/#primaryimage","url":"https:\/\/ecosupplements.be\/wp-content\/uploads\/2025\/08\/SOLGAR-L-Cysteine-500-mg-90-caps.jpg","contentUrl":"https:\/\/ecosupplements.be\/wp-content\/uploads\/2025\/08\/SOLGAR-L-Cysteine-500-mg-90-caps.jpg","width":1080,"height":1080},{"@type":"BreadcrumbList","@id":"https:\/\/ecosupplements.be\/fr\/produit\/solgar-l-cysteine-500-mg-90-caps\/#breadcrumb","itemListElement":[{"@type":"ListItem","position":1,"name":"Home","item":"https:\/\/ecosupplements.be\/fr\/"},{"@type":"ListItem","position":2,"name":"Boutique","item":"https:\/\/ecosupplements.be\/fr\/boutique\/"},{"@type":"ListItem","position":3,"name":"Solgar L-Cyst\u00e9ine, 500 mg (90 g\u00e9lules)"}]},{"@type":"WebSite","@id":"https:\/\/ecosupplements.be\/fr\/#website","url":"https:\/\/ecosupplements.be\/fr\/","name":"ECO Supplements","description":"Eco Supplements - Gezonde supplementen","publisher":{"@id":"https:\/\/ecosupplements.be\/fr\/#organization"},"potentialAction":[{"@type":"SearchAction","target":{"@type":"EntryPoint","urlTemplate":"https:\/\/ecosupplements.be\/fr\/?s={search_term_string}"},"query-input":{"@type":"PropertyValueSpecification","valueRequired":true,"valueName":"search_term_string"}}],"inLanguage":"fr-FR"},{"@type":"Organization","@id":"https:\/\/ecosupplements.be\/fr\/#organization","name":"Eco Supplements","url":"https:\/\/ecosupplements.be\/fr\/","logo":{"@type":"ImageObject","inLanguage":"fr-FR","@id":"https:\/\/ecosupplements.be\/fr\/#\/schema\/logo\/image\/","url":"https:\/\/ecosupplements.be\/wp-content\/uploads\/2022\/06\/ecosupplement-family.png","contentUrl":"https:\/\/ecosupplements.be\/wp-content\/uploads\/2022\/06\/ecosupplement-family.png","width":593,"height":374,"caption":"Eco Supplements"},"image":{"@id":"https:\/\/ecosupplements.be\/fr\/#\/schema\/logo\/image\/"}}]},"product_brand":"Solgar","product_price_amount":"33.80","product_price_currency":"EUR","og_availability":"instock","product_availability":"instock","product_retailer_item_id":"033984009622","product_condition":"new"},"_links":{"self":[{"href":"https:\/\/ecosupplements.be\/fr\/wp-json\/wp\/v2\/product\/303354","targetHints":{"allow":["GET"]}}],"collection":[{"href":"https:\/\/ecosupplements.be\/fr\/wp-json\/wp\/v2\/product"}],"about":[{"href":"https:\/\/ecosupplements.be\/fr\/wp-json\/wp\/v2\/types\/product"}],"replies":[{"embeddable":true,"href":"https:\/\/ecosupplements.be\/fr\/wp-json\/wp\/v2\/comments?post=303354"}],"wp:featuredmedia":[{"embeddable":true,"href":"https:\/\/ecosupplements.be\/fr\/wp-json\/wp\/v2\/media\/277494"}],"wp:attachment":[{"href":"https:\/\/ecosupplements.be\/fr\/wp-json\/wp\/v2\/media?parent=303354"}],"wp:term":[{"taxonomy":"product_brand","embeddable":true,"href":"https:\/\/ecosupplements.be\/fr\/wp-json\/wp\/v2\/product_brand?post=303354"},{"taxonomy":"product_cat","embeddable":true,"href":"https:\/\/ecosupplements.be\/fr\/wp-json\/wp\/v2\/product_cat?post=303354"},{"taxonomy":"product_tag","embeddable":true,"href":"https:\/\/ecosupplements.be\/fr\/wp-json\/wp\/v2\/product_tag?post=303354"}],"curies":[{"name":"wp","href":"https:\/\/api.w.org\/{rel}","templated":true}]}}