{"id":303471,"date":"2025-07-27T03:16:09","date_gmt":"2025-07-27T02:16:09","guid":{"rendered":"https:\/\/ecosupplements.be\/product\/solgar-psyllium-husks-fibre-500-mg-200-caps\/"},"modified":"2025-08-28T03:56:55","modified_gmt":"2025-08-28T02:56:55","slug":"solgar-psyllium-husks-fibre-500-mg-200-caps","status":"publish","type":"product","link":"https:\/\/ecosupplements.be\/fr\/produit\/solgar-psyllium-husks-fibre-500-mg-200-caps\/","title":{"rendered":"Fibre de cosse de psyllium Solgar, 500 mg (200 g\u00e9lules)"},"content":{"rendered":"<h2>Description du produit<\/h2>\n<p><strong>Nom du produit :<\/strong> SOLGAR Psyllium Husks Fibre, 500 mg (200 caps)<\/p>\n<p><strong>Ingr\u00e9dients principaux :<\/strong> Poudre de fibres de psyllium, agent d&#8217;enrobage : hydroxypropylm\u00e9thylcellulose, anti-agglom\u00e9rant : sels de magn\u00e9sium d&#8217;acides gras (d&#8217;origine v\u00e9g\u00e9tale).<\/p>\n<p>Ce produit est compos\u00e9 exclusivement d&#8217;ingr\u00e9dients naturels et purs. Les fibres de psyllium sont reconnues pour leur qualit\u00e9 et leur origine naturelle.<\/p>\n<table border=\"3\">\n<tbody>\n<tr class=\"tablehead\">\n<td><b>Ingr\u00e9dient<\/b><\/td>\n<td><b>dose quotidienne recommand\u00e9e (2 capsules)<\/b><\/td>\n<td>RWS<\/td>\n<\/tr>\n<tr>\n<td><strong>Fibres de Psyllium en poudre<br \/><\/strong><\/td>\n<td>1000 mg<\/td>\n<td>&lt;&gt;<\/td>\n<\/tr>\n<\/tbody>\n<\/table>\n<p><b>RWS :<\/b> Valeur quotidienne non \u00e9tablie.<\/p>\n<p><strong>Mode d&#8217;utilisation :<\/strong> Prendre 2 capsules par jour avec un grand verre d&#8217;eau (250 ml) ou suivre les recommandations d&#8217;un professionnel.<\/p>\n<p>ce compl\u00e9ment alimentaire se pr\u00e9sente sous forme de capsules faciles \u00e0 consommer, con\u00e7ues pour s&#8217;int\u00e9grer simplement dans votre routine quotidienne sans modifier le go\u00fbt ou la texture des aliments habituels.<\/p>\n<p><strong>Avertissements :<\/strong> ne pas d\u00e9passer la dose journali\u00e8re recommand\u00e9e. Les compl\u00e9ments alimentaires ne doivent pas \u00eatre utilis\u00e9s comme substitut \u00e0 une alimentation vari\u00e9e. Destin\u00e9 aux adultes uniquement. Les femmes enceintes ou allaitantes et les personnes sous m\u00e9dication ou souffrant de conditions particuli\u00e8res devraient consulter un professionnel avant utilisation.<\/p>\n<p><strong>Conservation :<\/strong> Conserver dans un endroit sec et sombre \u00e0 temp\u00e9rature ambiante, hors de port\u00e9e des enfants. Ne pas utiliser si l&#8217;emballage est endommag\u00e9 ou si le film protecteur est absent.<\/p>\n<p>Ce produit est parfait pour ceux qui appr\u00e9cient les ingr\u00e9dients naturels dans un mode de vie actif et \u00e9quilibr\u00e9.<\/p>\n","protected":false},"excerpt":{"rendered":"<p>Description du produit Nom du produit : SOLGAR Psyllium Husks Fibre, 500 mg (200 caps) Ingr\u00e9dients principaux : Poudre de fibres de psyllium, agent d&#8217;enrobage : hydroxypropylm\u00e9thylcellulose, anti-agglom\u00e9rant : sels de magn\u00e9sium d&#8217;acides gras (d&#8217;origine v\u00e9g\u00e9tale). Ce produit est compos\u00e9 exclusivement d&#8217;ingr\u00e9dients naturels et purs. Les fibres de psyllium sont reconnues pour leur qualit\u00e9 et [&#8230;]\n","protected":false},"featured_media":277611,"comment_status":"closed","ping_status":"open","template":"","meta":[],"product_brand":[4760],"product_cat":[5052,5094,5053],"product_tag":[],"class_list":{"0":"post-303471","1":"product","2":"type-product","3":"status-publish","4":"has-post-thumbnail","6":"product_brand-solgar-2","7":"product_cat-sante-et-bien-etre","8":"product_cat-supplements-a-base-de-plantes","9":"product_cat-vitamines-et-mineraux","11":"first","12":"instock","13":"taxable","14":"shipping-taxable","15":"purchasable","16":"product-type-simple"},"yoast_head":"<!-- This site is optimized with the Yoast SEO Premium plugin v27.5 (Yoast SEO v27.5) - https:\/\/yoast.com\/product\/yoast-seo-premium-wordpress\/ -->\n<title>Fibre de cosse de psyllium Solgar, 500 mg (200 g\u00e9lules) - ECO Supplements<\/title>\n<meta name=\"description\" content=\"Wij hebben een ruime keuze aan producten van Fibre de cosse de psyllium Solgar, 500 mg (200 g\u00e9lules) . Winkel bij Eco Supplements altijd gratis verzending boven 100\u20ac\" \/>\n<meta name=\"robots\" content=\"index, follow, max-snippet:-1, max-image-preview:large, max-video-preview:-1\" \/>\n<link rel=\"canonical\" href=\"https:\/\/ecosupplements.be\/fr\/produit\/solgar-psyllium-husks-fibre-500-mg-200-caps\/\" \/>\n<meta property=\"og:locale\" content=\"fr_FR\" \/>\n<meta property=\"og:type\" content=\"article\" \/>\n<meta property=\"og:title\" content=\"Fibre de cosse de psyllium Solgar, 500 mg (200 g\u00e9lules)\" \/>\n<meta property=\"og:description\" content=\"Wij hebben een ruime keuze aan producten van Fibre de cosse de psyllium Solgar, 500 mg (200 g\u00e9lules) . Winkel bij Eco Supplements altijd gratis verzending boven 100\u20ac\" \/>\n<meta property=\"og:url\" content=\"https:\/\/ecosupplements.be\/fr\/produit\/solgar-psyllium-husks-fibre-500-mg-200-caps\/\" \/>\n<meta property=\"og:site_name\" content=\"ECO Supplements\" \/>\n<meta property=\"article:modified_time\" content=\"2025-08-28T02:56:55+00:00\" \/>\n<meta property=\"og:image\" content=\"https:\/\/ecosupplements.be\/wp-content\/uploads\/2025\/08\/Solgar-SOLGAR-Psyllium-Husks-Fibre-500-mg-200-caps.jpg\" \/>\n\t<meta property=\"og:image:width\" content=\"700\" \/>\n\t<meta property=\"og:image:height\" content=\"700\" \/>\n\t<meta property=\"og:image:type\" content=\"image\/jpeg\" \/>\n<meta name=\"twitter:card\" content=\"summary_large_image\" \/>\n<meta name=\"twitter:label1\" content=\"Prix\" \/>\n\t<meta name=\"twitter:data1\" content=\"27.34&nbsp;&euro;\" \/>\n\t<meta name=\"twitter:label2\" content=\"Disponibilit\u00e9\" \/>\n\t<meta name=\"twitter:data2\" content=\"En stock\" \/>\n<script type=\"application\/ld+json\" class=\"yoast-schema-graph\">{\"@context\":\"https:\\\/\\\/schema.org\",\"@graph\":[{\"@type\":[\"WebPage\",\"ItemPage\"],\"@id\":\"https:\\\/\\\/ecosupplements.be\\\/fr\\\/produit\\\/solgar-psyllium-husks-fibre-500-mg-200-caps\\\/\",\"url\":\"https:\\\/\\\/ecosupplements.be\\\/fr\\\/produit\\\/solgar-psyllium-husks-fibre-500-mg-200-caps\\\/\",\"name\":\"Fibre de cosse de psyllium Solgar, 500 mg (200 g\u00e9lules) - ECO Supplements\",\"isPartOf\":{\"@id\":\"https:\\\/\\\/ecosupplements.be\\\/fr\\\/#website\"},\"primaryImageOfPage\":{\"@id\":\"https:\\\/\\\/ecosupplements.be\\\/fr\\\/produit\\\/solgar-psyllium-husks-fibre-500-mg-200-caps\\\/#primaryimage\"},\"image\":{\"@id\":\"https:\\\/\\\/ecosupplements.be\\\/fr\\\/produit\\\/solgar-psyllium-husks-fibre-500-mg-200-caps\\\/#primaryimage\"},\"thumbnailUrl\":\"https:\\\/\\\/ecosupplements.be\\\/wp-content\\\/uploads\\\/2025\\\/08\\\/SOLGAR-Psyllium-Husks-Fibre-500-mg-200-caps.jpg\",\"datePublished\":\"2025-07-27T02:16:09+00:00\",\"dateModified\":\"2025-08-28T02:56:55+00:00\",\"description\":\"Wij hebben een ruime keuze aan producten van Fibre de cosse de psyllium Solgar, 500 mg (200 g\u00e9lules) . Winkel bij Eco Supplements altijd gratis verzending boven 100\u20ac\",\"breadcrumb\":{\"@id\":\"https:\\\/\\\/ecosupplements.be\\\/fr\\\/produit\\\/solgar-psyllium-husks-fibre-500-mg-200-caps\\\/#breadcrumb\"},\"inLanguage\":\"fr-FR\",\"potentialAction\":[{\"@type\":\"ReadAction\",\"target\":[\"https:\\\/\\\/ecosupplements.be\\\/fr\\\/produit\\\/solgar-psyllium-husks-fibre-500-mg-200-caps\\\/\"]}]},{\"@type\":\"ImageObject\",\"inLanguage\":\"fr-FR\",\"@id\":\"https:\\\/\\\/ecosupplements.be\\\/fr\\\/produit\\\/solgar-psyllium-husks-fibre-500-mg-200-caps\\\/#primaryimage\",\"url\":\"https:\\\/\\\/ecosupplements.be\\\/wp-content\\\/uploads\\\/2025\\\/08\\\/SOLGAR-Psyllium-Husks-Fibre-500-mg-200-caps.jpg\",\"contentUrl\":\"https:\\\/\\\/ecosupplements.be\\\/wp-content\\\/uploads\\\/2025\\\/08\\\/SOLGAR-Psyllium-Husks-Fibre-500-mg-200-caps.jpg\",\"width\":700,\"height\":700},{\"@type\":\"BreadcrumbList\",\"@id\":\"https:\\\/\\\/ecosupplements.be\\\/fr\\\/produit\\\/solgar-psyllium-husks-fibre-500-mg-200-caps\\\/#breadcrumb\",\"itemListElement\":[{\"@type\":\"ListItem\",\"position\":1,\"name\":\"Home\",\"item\":\"https:\\\/\\\/ecosupplements.be\\\/fr\\\/\"},{\"@type\":\"ListItem\",\"position\":2,\"name\":\"Boutique\",\"item\":\"https:\\\/\\\/ecosupplements.be\\\/fr\\\/boutique\\\/\"},{\"@type\":\"ListItem\",\"position\":3,\"name\":\"Fibre de cosse de psyllium Solgar, 500 mg (200 g\u00e9lules)\"}]},{\"@type\":\"WebSite\",\"@id\":\"https:\\\/\\\/ecosupplements.be\\\/fr\\\/#website\",\"url\":\"https:\\\/\\\/ecosupplements.be\\\/fr\\\/\",\"name\":\"ECO Supplements\",\"description\":\"Eco Supplements - Gezonde supplementen\",\"publisher\":{\"@id\":\"https:\\\/\\\/ecosupplements.be\\\/fr\\\/#organization\"},\"potentialAction\":[{\"@type\":\"SearchAction\",\"target\":{\"@type\":\"EntryPoint\",\"urlTemplate\":\"https:\\\/\\\/ecosupplements.be\\\/fr\\\/?s={search_term_string}\"},\"query-input\":{\"@type\":\"PropertyValueSpecification\",\"valueRequired\":true,\"valueName\":\"search_term_string\"}}],\"inLanguage\":\"fr-FR\"},{\"@type\":\"Organization\",\"@id\":\"https:\\\/\\\/ecosupplements.be\\\/fr\\\/#organization\",\"name\":\"Eco Supplements\",\"url\":\"https:\\\/\\\/ecosupplements.be\\\/fr\\\/\",\"logo\":{\"@type\":\"ImageObject\",\"inLanguage\":\"fr-FR\",\"@id\":\"https:\\\/\\\/ecosupplements.be\\\/fr\\\/#\\\/schema\\\/logo\\\/image\\\/\",\"url\":\"https:\\\/\\\/ecosupplements.be\\\/wp-content\\\/uploads\\\/2022\\\/06\\\/ecosupplement-family.png\",\"contentUrl\":\"https:\\\/\\\/ecosupplements.be\\\/wp-content\\\/uploads\\\/2022\\\/06\\\/ecosupplement-family.png\",\"width\":593,\"height\":374,\"caption\":\"Eco Supplements\"},\"image\":{\"@id\":\"https:\\\/\\\/ecosupplements.be\\\/fr\\\/#\\\/schema\\\/logo\\\/image\\\/\"}}]}<\/script>\n<meta property=\"product:brand\" content=\"Solgar\" \/>\n<meta property=\"product:price:amount\" content=\"27.34\" \/>\n<meta property=\"product:price:currency\" content=\"EUR\" \/>\n<meta property=\"og:availability\" content=\"instock\" \/>\n<meta property=\"product:availability\" content=\"instock\" \/>\n<meta property=\"product:retailer_item_id\" content=\"033984023154\" \/>\n<meta property=\"product:condition\" content=\"new\" \/>\n<!-- \/ Yoast SEO Premium plugin. -->","yoast_head_json":{"title":"Fibre de cosse de psyllium Solgar, 500 mg (200 g\u00e9lules) - ECO Supplements","description":"Wij hebben een ruime keuze aan producten van Fibre de cosse de psyllium Solgar, 500 mg (200 g\u00e9lules) . Winkel bij Eco Supplements altijd gratis verzending boven 100\u20ac","robots":{"index":"index","follow":"follow","max-snippet":"max-snippet:-1","max-image-preview":"max-image-preview:large","max-video-preview":"max-video-preview:-1"},"canonical":"https:\/\/ecosupplements.be\/fr\/produit\/solgar-psyllium-husks-fibre-500-mg-200-caps\/","og_locale":"fr_FR","og_type":"article","og_title":"Fibre de cosse de psyllium Solgar, 500 mg (200 g\u00e9lules)","og_description":"Wij hebben een ruime keuze aan producten van Fibre de cosse de psyllium Solgar, 500 mg (200 g\u00e9lules) . Winkel bij Eco Supplements altijd gratis verzending boven 100\u20ac","og_url":"https:\/\/ecosupplements.be\/fr\/produit\/solgar-psyllium-husks-fibre-500-mg-200-caps\/","og_site_name":"ECO Supplements","article_modified_time":"2025-08-28T02:56:55+00:00","og_image":[{"width":700,"height":700,"url":"https:\/\/ecosupplements.be\/wp-content\/uploads\/2025\/08\/Solgar-SOLGAR-Psyllium-Husks-Fibre-500-mg-200-caps.jpg","type":"image\/jpeg"}],"twitter_card":"summary_large_image","twitter_misc":{"Prix":"27.34&nbsp;&euro;","Disponibilit\u00e9":"En stock"},"schema":{"@context":"https:\/\/schema.org","@graph":[{"@type":["WebPage","ItemPage"],"@id":"https:\/\/ecosupplements.be\/fr\/produit\/solgar-psyllium-husks-fibre-500-mg-200-caps\/","url":"https:\/\/ecosupplements.be\/fr\/produit\/solgar-psyllium-husks-fibre-500-mg-200-caps\/","name":"Fibre de cosse de psyllium Solgar, 500 mg (200 g\u00e9lules) - ECO Supplements","isPartOf":{"@id":"https:\/\/ecosupplements.be\/fr\/#website"},"primaryImageOfPage":{"@id":"https:\/\/ecosupplements.be\/fr\/produit\/solgar-psyllium-husks-fibre-500-mg-200-caps\/#primaryimage"},"image":{"@id":"https:\/\/ecosupplements.be\/fr\/produit\/solgar-psyllium-husks-fibre-500-mg-200-caps\/#primaryimage"},"thumbnailUrl":"https:\/\/ecosupplements.be\/wp-content\/uploads\/2025\/08\/SOLGAR-Psyllium-Husks-Fibre-500-mg-200-caps.jpg","datePublished":"2025-07-27T02:16:09+00:00","dateModified":"2025-08-28T02:56:55+00:00","description":"Wij hebben een ruime keuze aan producten van Fibre de cosse de psyllium Solgar, 500 mg (200 g\u00e9lules) . Winkel bij Eco Supplements altijd gratis verzending boven 100\u20ac","breadcrumb":{"@id":"https:\/\/ecosupplements.be\/fr\/produit\/solgar-psyllium-husks-fibre-500-mg-200-caps\/#breadcrumb"},"inLanguage":"fr-FR","potentialAction":[{"@type":"ReadAction","target":["https:\/\/ecosupplements.be\/fr\/produit\/solgar-psyllium-husks-fibre-500-mg-200-caps\/"]}]},{"@type":"ImageObject","inLanguage":"fr-FR","@id":"https:\/\/ecosupplements.be\/fr\/produit\/solgar-psyllium-husks-fibre-500-mg-200-caps\/#primaryimage","url":"https:\/\/ecosupplements.be\/wp-content\/uploads\/2025\/08\/SOLGAR-Psyllium-Husks-Fibre-500-mg-200-caps.jpg","contentUrl":"https:\/\/ecosupplements.be\/wp-content\/uploads\/2025\/08\/SOLGAR-Psyllium-Husks-Fibre-500-mg-200-caps.jpg","width":700,"height":700},{"@type":"BreadcrumbList","@id":"https:\/\/ecosupplements.be\/fr\/produit\/solgar-psyllium-husks-fibre-500-mg-200-caps\/#breadcrumb","itemListElement":[{"@type":"ListItem","position":1,"name":"Home","item":"https:\/\/ecosupplements.be\/fr\/"},{"@type":"ListItem","position":2,"name":"Boutique","item":"https:\/\/ecosupplements.be\/fr\/boutique\/"},{"@type":"ListItem","position":3,"name":"Fibre de cosse de psyllium Solgar, 500 mg (200 g\u00e9lules)"}]},{"@type":"WebSite","@id":"https:\/\/ecosupplements.be\/fr\/#website","url":"https:\/\/ecosupplements.be\/fr\/","name":"ECO Supplements","description":"Eco Supplements - Gezonde supplementen","publisher":{"@id":"https:\/\/ecosupplements.be\/fr\/#organization"},"potentialAction":[{"@type":"SearchAction","target":{"@type":"EntryPoint","urlTemplate":"https:\/\/ecosupplements.be\/fr\/?s={search_term_string}"},"query-input":{"@type":"PropertyValueSpecification","valueRequired":true,"valueName":"search_term_string"}}],"inLanguage":"fr-FR"},{"@type":"Organization","@id":"https:\/\/ecosupplements.be\/fr\/#organization","name":"Eco Supplements","url":"https:\/\/ecosupplements.be\/fr\/","logo":{"@type":"ImageObject","inLanguage":"fr-FR","@id":"https:\/\/ecosupplements.be\/fr\/#\/schema\/logo\/image\/","url":"https:\/\/ecosupplements.be\/wp-content\/uploads\/2022\/06\/ecosupplement-family.png","contentUrl":"https:\/\/ecosupplements.be\/wp-content\/uploads\/2022\/06\/ecosupplement-family.png","width":593,"height":374,"caption":"Eco Supplements"},"image":{"@id":"https:\/\/ecosupplements.be\/fr\/#\/schema\/logo\/image\/"}}]},"product_brand":"Solgar","product_price_amount":"27.34","product_price_currency":"EUR","og_availability":"instock","product_availability":"instock","product_retailer_item_id":"033984023154","product_condition":"new"},"_links":{"self":[{"href":"https:\/\/ecosupplements.be\/fr\/wp-json\/wp\/v2\/product\/303471","targetHints":{"allow":["GET"]}}],"collection":[{"href":"https:\/\/ecosupplements.be\/fr\/wp-json\/wp\/v2\/product"}],"about":[{"href":"https:\/\/ecosupplements.be\/fr\/wp-json\/wp\/v2\/types\/product"}],"replies":[{"embeddable":true,"href":"https:\/\/ecosupplements.be\/fr\/wp-json\/wp\/v2\/comments?post=303471"}],"wp:featuredmedia":[{"embeddable":true,"href":"https:\/\/ecosupplements.be\/fr\/wp-json\/wp\/v2\/media\/277611"}],"wp:attachment":[{"href":"https:\/\/ecosupplements.be\/fr\/wp-json\/wp\/v2\/media?parent=303471"}],"wp:term":[{"taxonomy":"product_brand","embeddable":true,"href":"https:\/\/ecosupplements.be\/fr\/wp-json\/wp\/v2\/product_brand?post=303471"},{"taxonomy":"product_cat","embeddable":true,"href":"https:\/\/ecosupplements.be\/fr\/wp-json\/wp\/v2\/product_cat?post=303471"},{"taxonomy":"product_tag","embeddable":true,"href":"https:\/\/ecosupplements.be\/fr\/wp-json\/wp\/v2\/product_tag?post=303471"}],"curies":[{"name":"wp","href":"https:\/\/api.w.org\/{rel}","templated":true}]}}