{"id":303489,"date":"2025-07-27T03:31:17","date_gmt":"2025-07-27T02:31:17","guid":{"rendered":"https:\/\/ecosupplements.be\/product\/solgar-resveratrol-250-mg-with-red-wine-extract-30-caps\/"},"modified":"2025-08-28T03:57:14","modified_gmt":"2025-08-28T02:57:14","slug":"solgar-resveratrol-250-mg-with-red-wine-extract-30-caps","status":"publish","type":"product","link":"https:\/\/ecosupplements.be\/fr\/produit\/solgar-resveratrol-250-mg-with-red-wine-extract-30-caps\/","title":{"rendered":"Solgar Resv\u00e9ratrol, 250 mg avec extrait de vin rouge (30 g\u00e9lules)"},"content":{"rendered":"<h2>SOLGAR Resveratrol,250 mg avec Extrait de Vin Rouge (30 capsules)<\/h2>\n<p>D\u00e9couvrez le <strong>SOLGAR Resveratrol<\/strong>,un produit con\u00e7u avec des ingr\u00e9dients de haute qualit\u00e9 pour ceux qui appr\u00e9cient les composants naturels dans leur quotidien. Chaque capsule contient <strong>250 mg de resv\u00e9ratrol<\/strong> et <strong>10 mg d&#8217;extrait de vin rouge<\/strong>, provenant des peaux de raisin Vitis vinifera, connues pour leur origine naturelle.<\/p>\n<p>Ce produit est pr\u00e9sent\u00e9 dans un emballage pratique contenant <strong>30 capsules<\/strong>, id\u00e9al pour une utilisation r\u00e9guli\u00e8re. la dose recommand\u00e9e est d&#8217;une capsule par jour.<\/p>\n<p>Fabriqu\u00e9 avec soin, le SOLGAR Resveratrol int\u00e8gre \u00e9galement du soja et du cire d&#8217;abeille jaune pour assurer la qualit\u00e9 et la puret\u00e9 du produit. Les capsules sont envelopp\u00e9es dans une g\u00e9lule \u00e0 base de g\u00e9latine et glyc\u00e9rine v\u00e9g\u00e9tarienne, color\u00e9es naturellement avec du caramel et dioxyde de titane.<\/p>\n<p>Ce compl\u00e9ment alimentaire est simple \u00e0 utiliser au quotidien et se conserve facilement dans un endroit sec et frais. Il convient parfaitement \u00e0 ceux qui cherchent \u00e0 int\u00e9grer des \u00e9l\u00e9ments naturels dans leur routine sans complications.<\/p>\n<p><em>Note: Ne pas d\u00e9passer la dose journali\u00e8re recommand\u00e9e.Ce produit n&#8217;est pas destin\u00e9 \u00e0 substituer une alimentation vari\u00e9e. Destin\u00e9 aux adultes uniquement; les femmes enceintes ou allaitantes, ainsi que les personnes sous m\u00e9dication ou souffrant d&#8217;affections devraient consulter un professionnel avant utilisation.<\/em><\/p>\n","protected":false},"excerpt":{"rendered":"<p>SOLGAR Resveratrol,250 mg avec Extrait de Vin Rouge (30 capsules) D\u00e9couvrez le SOLGAR Resveratrol,un produit con\u00e7u avec des ingr\u00e9dients de haute qualit\u00e9 pour ceux qui appr\u00e9cient les composants naturels dans leur quotidien. Chaque capsule contient 250 mg de resv\u00e9ratrol et 10 mg d&#8217;extrait de vin rouge, provenant des peaux de raisin Vitis vinifera, connues pour [&#8230;]\n","protected":false},"featured_media":277629,"comment_status":"closed","ping_status":"open","template":"","meta":[],"product_brand":[4760],"product_cat":[5053],"product_tag":[],"class_list":{"0":"post-303489","1":"product","2":"type-product","3":"status-publish","4":"has-post-thumbnail","6":"product_brand-solgar-2","7":"product_cat-vitamines-et-mineraux","9":"first","10":"outofstock","11":"taxable","12":"shipping-taxable","13":"purchasable","14":"product-type-simple"},"yoast_head":"<!-- This site is optimized with the Yoast SEO Premium plugin v27.3 (Yoast SEO v27.3) - https:\/\/yoast.com\/product\/yoast-seo-premium-wordpress\/ -->\n<title>Solgar Resv\u00e9ratrol, 250 mg avec extrait de vin rouge (30 g\u00e9lules) - ECO Supplements<\/title>\n<meta name=\"description\" content=\"Wij hebben een ruime keuze aan producten van Solgar Resv\u00e9ratrol, 250 mg avec extrait de vin rouge (30 g\u00e9lules) . Winkel bij Eco Supplements altijd gratis verzending boven 100\u20ac\" \/>\n<meta name=\"robots\" content=\"index, follow, max-snippet:-1, max-image-preview:large, max-video-preview:-1\" \/>\n<link rel=\"canonical\" href=\"https:\/\/ecosupplements.be\/fr\/produit\/solgar-resveratrol-250-mg-with-red-wine-extract-30-caps\/\" \/>\n<meta property=\"og:locale\" content=\"fr_FR\" \/>\n<meta property=\"og:type\" content=\"article\" \/>\n<meta property=\"og:title\" content=\"Solgar Resv\u00e9ratrol, 250 mg avec extrait de vin rouge (30 g\u00e9lules)\" \/>\n<meta property=\"og:description\" content=\"Wij hebben een ruime keuze aan producten van Solgar Resv\u00e9ratrol, 250 mg avec extrait de vin rouge (30 g\u00e9lules) . Winkel bij Eco Supplements altijd gratis verzending boven 100\u20ac\" \/>\n<meta property=\"og:url\" content=\"https:\/\/ecosupplements.be\/fr\/produit\/solgar-resveratrol-250-mg-with-red-wine-extract-30-caps\/\" \/>\n<meta property=\"og:site_name\" content=\"ECO Supplements\" \/>\n<meta property=\"article:modified_time\" content=\"2025-08-28T02:57:14+00:00\" \/>\n<meta property=\"og:image\" content=\"https:\/\/ecosupplements.be\/wp-content\/uploads\/2025\/08\/Solgar-SOLGAR-Resveratrol-250-mg-with-Red-Wine-Extract-30-caps.jpg\" \/>\n\t<meta property=\"og:image:width\" content=\"600\" \/>\n\t<meta property=\"og:image:height\" content=\"600\" \/>\n\t<meta property=\"og:image:type\" content=\"image\/jpeg\" \/>\n<meta name=\"twitter:card\" content=\"summary_large_image\" \/>\n<meta name=\"twitter:label1\" content=\"Prix\" \/>\n\t<meta name=\"twitter:data1\" content=\"39.55&nbsp;&euro;\" \/>\n\t<meta name=\"twitter:label2\" content=\"Disponibilit\u00e9\" \/>\n\t<meta name=\"twitter:data2\" content=\"Rupture de stock\" \/>\n<script type=\"application\/ld+json\" class=\"yoast-schema-graph\">{\"@context\":\"https:\\\/\\\/schema.org\",\"@graph\":[{\"@type\":[\"WebPage\",\"ItemPage\"],\"@id\":\"https:\\\/\\\/ecosupplements.be\\\/fr\\\/produit\\\/solgar-resveratrol-250-mg-with-red-wine-extract-30-caps\\\/\",\"url\":\"https:\\\/\\\/ecosupplements.be\\\/fr\\\/produit\\\/solgar-resveratrol-250-mg-with-red-wine-extract-30-caps\\\/\",\"name\":\"Solgar Resv\u00e9ratrol, 250 mg avec extrait de vin rouge (30 g\u00e9lules) - ECO Supplements\",\"isPartOf\":{\"@id\":\"https:\\\/\\\/ecosupplements.be\\\/fr\\\/#website\"},\"primaryImageOfPage\":{\"@id\":\"https:\\\/\\\/ecosupplements.be\\\/fr\\\/produit\\\/solgar-resveratrol-250-mg-with-red-wine-extract-30-caps\\\/#primaryimage\"},\"image\":{\"@id\":\"https:\\\/\\\/ecosupplements.be\\\/fr\\\/produit\\\/solgar-resveratrol-250-mg-with-red-wine-extract-30-caps\\\/#primaryimage\"},\"thumbnailUrl\":\"https:\\\/\\\/ecosupplements.be\\\/wp-content\\\/uploads\\\/2025\\\/08\\\/SOLGAR-Resveratrol-250-mg-with-Red-Wine-Extract-30-caps.jpg\",\"datePublished\":\"2025-07-27T02:31:17+00:00\",\"dateModified\":\"2025-08-28T02:57:14+00:00\",\"description\":\"Wij hebben een ruime keuze aan producten van Solgar Resv\u00e9ratrol, 250 mg avec extrait de vin rouge (30 g\u00e9lules) . Winkel bij Eco Supplements altijd gratis verzending boven 100\u20ac\",\"breadcrumb\":{\"@id\":\"https:\\\/\\\/ecosupplements.be\\\/fr\\\/produit\\\/solgar-resveratrol-250-mg-with-red-wine-extract-30-caps\\\/#breadcrumb\"},\"inLanguage\":\"fr-FR\",\"potentialAction\":[{\"@type\":\"ReadAction\",\"target\":[\"https:\\\/\\\/ecosupplements.be\\\/fr\\\/produit\\\/solgar-resveratrol-250-mg-with-red-wine-extract-30-caps\\\/\"]}]},{\"@type\":\"ImageObject\",\"inLanguage\":\"fr-FR\",\"@id\":\"https:\\\/\\\/ecosupplements.be\\\/fr\\\/produit\\\/solgar-resveratrol-250-mg-with-red-wine-extract-30-caps\\\/#primaryimage\",\"url\":\"https:\\\/\\\/ecosupplements.be\\\/wp-content\\\/uploads\\\/2025\\\/08\\\/SOLGAR-Resveratrol-250-mg-with-Red-Wine-Extract-30-caps.jpg\",\"contentUrl\":\"https:\\\/\\\/ecosupplements.be\\\/wp-content\\\/uploads\\\/2025\\\/08\\\/SOLGAR-Resveratrol-250-mg-with-Red-Wine-Extract-30-caps.jpg\",\"width\":600,\"height\":600},{\"@type\":\"BreadcrumbList\",\"@id\":\"https:\\\/\\\/ecosupplements.be\\\/fr\\\/produit\\\/solgar-resveratrol-250-mg-with-red-wine-extract-30-caps\\\/#breadcrumb\",\"itemListElement\":[{\"@type\":\"ListItem\",\"position\":1,\"name\":\"Home\",\"item\":\"https:\\\/\\\/ecosupplements.be\\\/fr\\\/\"},{\"@type\":\"ListItem\",\"position\":2,\"name\":\"Boutique\",\"item\":\"https:\\\/\\\/ecosupplements.be\\\/fr\\\/boutique\\\/\"},{\"@type\":\"ListItem\",\"position\":3,\"name\":\"Solgar Resv\u00e9ratrol, 250 mg avec extrait de vin rouge (30 g\u00e9lules)\"}]},{\"@type\":\"WebSite\",\"@id\":\"https:\\\/\\\/ecosupplements.be\\\/fr\\\/#website\",\"url\":\"https:\\\/\\\/ecosupplements.be\\\/fr\\\/\",\"name\":\"ECO Supplements\",\"description\":\"Eco Supplements - Gezonde supplementen\",\"publisher\":{\"@id\":\"https:\\\/\\\/ecosupplements.be\\\/fr\\\/#organization\"},\"potentialAction\":[{\"@type\":\"SearchAction\",\"target\":{\"@type\":\"EntryPoint\",\"urlTemplate\":\"https:\\\/\\\/ecosupplements.be\\\/fr\\\/?s={search_term_string}\"},\"query-input\":{\"@type\":\"PropertyValueSpecification\",\"valueRequired\":true,\"valueName\":\"search_term_string\"}}],\"inLanguage\":\"fr-FR\"},{\"@type\":\"Organization\",\"@id\":\"https:\\\/\\\/ecosupplements.be\\\/fr\\\/#organization\",\"name\":\"Eco Supplements\",\"url\":\"https:\\\/\\\/ecosupplements.be\\\/fr\\\/\",\"logo\":{\"@type\":\"ImageObject\",\"inLanguage\":\"fr-FR\",\"@id\":\"https:\\\/\\\/ecosupplements.be\\\/fr\\\/#\\\/schema\\\/logo\\\/image\\\/\",\"url\":\"https:\\\/\\\/ecosupplements.be\\\/wp-content\\\/uploads\\\/2022\\\/06\\\/ecosupplement-family.png\",\"contentUrl\":\"https:\\\/\\\/ecosupplements.be\\\/wp-content\\\/uploads\\\/2022\\\/06\\\/ecosupplement-family.png\",\"width\":593,\"height\":374,\"caption\":\"Eco Supplements\"},\"image\":{\"@id\":\"https:\\\/\\\/ecosupplements.be\\\/fr\\\/#\\\/schema\\\/logo\\\/image\\\/\"}}]}<\/script>\n<meta property=\"product:brand\" content=\"Solgar\" \/>\n<meta property=\"product:price:amount\" content=\"39.55\" \/>\n<meta property=\"product:price:currency\" content=\"EUR\" \/>\n<meta property=\"og:availability\" content=\"out of stock\" \/>\n<meta property=\"product:availability\" content=\"out of stock\" \/>\n<meta property=\"product:retailer_item_id\" content=\"033984023369\" \/>\n<meta property=\"product:condition\" content=\"new\" \/>\n<!-- \/ Yoast SEO Premium plugin. -->","yoast_head_json":{"title":"Solgar Resv\u00e9ratrol, 250 mg avec extrait de vin rouge (30 g\u00e9lules) - ECO Supplements","description":"Wij hebben een ruime keuze aan producten van Solgar Resv\u00e9ratrol, 250 mg avec extrait de vin rouge (30 g\u00e9lules) . Winkel bij Eco Supplements altijd gratis verzending boven 100\u20ac","robots":{"index":"index","follow":"follow","max-snippet":"max-snippet:-1","max-image-preview":"max-image-preview:large","max-video-preview":"max-video-preview:-1"},"canonical":"https:\/\/ecosupplements.be\/fr\/produit\/solgar-resveratrol-250-mg-with-red-wine-extract-30-caps\/","og_locale":"fr_FR","og_type":"article","og_title":"Solgar Resv\u00e9ratrol, 250 mg avec extrait de vin rouge (30 g\u00e9lules)","og_description":"Wij hebben een ruime keuze aan producten van Solgar Resv\u00e9ratrol, 250 mg avec extrait de vin rouge (30 g\u00e9lules) . Winkel bij Eco Supplements altijd gratis verzending boven 100\u20ac","og_url":"https:\/\/ecosupplements.be\/fr\/produit\/solgar-resveratrol-250-mg-with-red-wine-extract-30-caps\/","og_site_name":"ECO Supplements","article_modified_time":"2025-08-28T02:57:14+00:00","og_image":[{"width":600,"height":600,"url":"https:\/\/ecosupplements.be\/wp-content\/uploads\/2025\/08\/Solgar-SOLGAR-Resveratrol-250-mg-with-Red-Wine-Extract-30-caps.jpg","type":"image\/jpeg"}],"twitter_card":"summary_large_image","twitter_misc":{"Prix":"39.55&nbsp;&euro;","Disponibilit\u00e9":"Rupture de stock"},"schema":{"@context":"https:\/\/schema.org","@graph":[{"@type":["WebPage","ItemPage"],"@id":"https:\/\/ecosupplements.be\/fr\/produit\/solgar-resveratrol-250-mg-with-red-wine-extract-30-caps\/","url":"https:\/\/ecosupplements.be\/fr\/produit\/solgar-resveratrol-250-mg-with-red-wine-extract-30-caps\/","name":"Solgar Resv\u00e9ratrol, 250 mg avec extrait de vin rouge (30 g\u00e9lules) - ECO Supplements","isPartOf":{"@id":"https:\/\/ecosupplements.be\/fr\/#website"},"primaryImageOfPage":{"@id":"https:\/\/ecosupplements.be\/fr\/produit\/solgar-resveratrol-250-mg-with-red-wine-extract-30-caps\/#primaryimage"},"image":{"@id":"https:\/\/ecosupplements.be\/fr\/produit\/solgar-resveratrol-250-mg-with-red-wine-extract-30-caps\/#primaryimage"},"thumbnailUrl":"https:\/\/ecosupplements.be\/wp-content\/uploads\/2025\/08\/SOLGAR-Resveratrol-250-mg-with-Red-Wine-Extract-30-caps.jpg","datePublished":"2025-07-27T02:31:17+00:00","dateModified":"2025-08-28T02:57:14+00:00","description":"Wij hebben een ruime keuze aan producten van Solgar Resv\u00e9ratrol, 250 mg avec extrait de vin rouge (30 g\u00e9lules) . Winkel bij Eco Supplements altijd gratis verzending boven 100\u20ac","breadcrumb":{"@id":"https:\/\/ecosupplements.be\/fr\/produit\/solgar-resveratrol-250-mg-with-red-wine-extract-30-caps\/#breadcrumb"},"inLanguage":"fr-FR","potentialAction":[{"@type":"ReadAction","target":["https:\/\/ecosupplements.be\/fr\/produit\/solgar-resveratrol-250-mg-with-red-wine-extract-30-caps\/"]}]},{"@type":"ImageObject","inLanguage":"fr-FR","@id":"https:\/\/ecosupplements.be\/fr\/produit\/solgar-resveratrol-250-mg-with-red-wine-extract-30-caps\/#primaryimage","url":"https:\/\/ecosupplements.be\/wp-content\/uploads\/2025\/08\/SOLGAR-Resveratrol-250-mg-with-Red-Wine-Extract-30-caps.jpg","contentUrl":"https:\/\/ecosupplements.be\/wp-content\/uploads\/2025\/08\/SOLGAR-Resveratrol-250-mg-with-Red-Wine-Extract-30-caps.jpg","width":600,"height":600},{"@type":"BreadcrumbList","@id":"https:\/\/ecosupplements.be\/fr\/produit\/solgar-resveratrol-250-mg-with-red-wine-extract-30-caps\/#breadcrumb","itemListElement":[{"@type":"ListItem","position":1,"name":"Home","item":"https:\/\/ecosupplements.be\/fr\/"},{"@type":"ListItem","position":2,"name":"Boutique","item":"https:\/\/ecosupplements.be\/fr\/boutique\/"},{"@type":"ListItem","position":3,"name":"Solgar Resv\u00e9ratrol, 250 mg avec extrait de vin rouge (30 g\u00e9lules)"}]},{"@type":"WebSite","@id":"https:\/\/ecosupplements.be\/fr\/#website","url":"https:\/\/ecosupplements.be\/fr\/","name":"ECO Supplements","description":"Eco Supplements - Gezonde supplementen","publisher":{"@id":"https:\/\/ecosupplements.be\/fr\/#organization"},"potentialAction":[{"@type":"SearchAction","target":{"@type":"EntryPoint","urlTemplate":"https:\/\/ecosupplements.be\/fr\/?s={search_term_string}"},"query-input":{"@type":"PropertyValueSpecification","valueRequired":true,"valueName":"search_term_string"}}],"inLanguage":"fr-FR"},{"@type":"Organization","@id":"https:\/\/ecosupplements.be\/fr\/#organization","name":"Eco Supplements","url":"https:\/\/ecosupplements.be\/fr\/","logo":{"@type":"ImageObject","inLanguage":"fr-FR","@id":"https:\/\/ecosupplements.be\/fr\/#\/schema\/logo\/image\/","url":"https:\/\/ecosupplements.be\/wp-content\/uploads\/2022\/06\/ecosupplement-family.png","contentUrl":"https:\/\/ecosupplements.be\/wp-content\/uploads\/2022\/06\/ecosupplement-family.png","width":593,"height":374,"caption":"Eco Supplements"},"image":{"@id":"https:\/\/ecosupplements.be\/fr\/#\/schema\/logo\/image\/"}}]},"product_brand":"Solgar","product_price_amount":"39.55","product_price_currency":"EUR","og_availability":"out of stock","product_availability":"out of stock","product_retailer_item_id":"033984023369","product_condition":"new"},"_links":{"self":[{"href":"https:\/\/ecosupplements.be\/fr\/wp-json\/wp\/v2\/product\/303489","targetHints":{"allow":["GET"]}}],"collection":[{"href":"https:\/\/ecosupplements.be\/fr\/wp-json\/wp\/v2\/product"}],"about":[{"href":"https:\/\/ecosupplements.be\/fr\/wp-json\/wp\/v2\/types\/product"}],"replies":[{"embeddable":true,"href":"https:\/\/ecosupplements.be\/fr\/wp-json\/wp\/v2\/comments?post=303489"}],"wp:featuredmedia":[{"embeddable":true,"href":"https:\/\/ecosupplements.be\/fr\/wp-json\/wp\/v2\/media\/277629"}],"wp:attachment":[{"href":"https:\/\/ecosupplements.be\/fr\/wp-json\/wp\/v2\/media?parent=303489"}],"wp:term":[{"taxonomy":"product_brand","embeddable":true,"href":"https:\/\/ecosupplements.be\/fr\/wp-json\/wp\/v2\/product_brand?post=303489"},{"taxonomy":"product_cat","embeddable":true,"href":"https:\/\/ecosupplements.be\/fr\/wp-json\/wp\/v2\/product_cat?post=303489"},{"taxonomy":"product_tag","embeddable":true,"href":"https:\/\/ecosupplements.be\/fr\/wp-json\/wp\/v2\/product_tag?post=303489"}],"curies":[{"name":"wp","href":"https:\/\/api.w.org\/{rel}","templated":true}]}}