{"id":303549,"date":"2025-07-27T04:30:21","date_gmt":"2025-07-27T03:30:21","guid":{"rendered":"https:\/\/ecosupplements.be\/product\/solgar-vitamin-b12-100-mcg-100-tabs\/"},"modified":"2025-08-28T03:58:18","modified_gmt":"2025-08-28T02:58:18","slug":"solgar-vitamin-b12-100-mcg-100-tabs","status":"publish","type":"product","link":"https:\/\/ecosupplements.be\/fr\/produit\/solgar-vitamin-b12-100-mcg-100-tabs\/","title":{"rendered":"SOLGAR Vitamine B12, 100 mcg (100 comprim\u00e9s)"},"content":{"rendered":"<p><strong>SOLGAR Vitamin B12, 100 mcg (100 tabs)<\/strong><\/p>\n<p>D\u00e9couvrez SOLGAR Vitamin B12, un produit con\u00e7u avec des ingr\u00e9dients de haute qualit\u00e9 pour s&#8217;int\u00e9grer naturellement \u00e0 votre quotidien. Chaque tablette contient 100 mcg de vitamine B12, formul\u00e9e \u00e0 partir de composants soigneusement s\u00e9lectionn\u00e9s pour leur puret\u00e9 et leur origine naturelle.<\/p>\n<p><strong>Ingr\u00e9dients principaux :<\/strong> Vitamine B12 (cyanocobalamine), phosphates de calcium, cellulose, mannitol; anti-agglom\u00e9rants : acides gras v\u00e9g\u00e9taux, sels magn\u00e9siens d&#8217;acides gras v\u00e9g\u00e9taux, dioxyde de silicium; gomme cellulosique.<\/p>\n<p><strong>Contenu et emballage :<\/strong> Ce produit est pr\u00e9sent\u00e9 sous forme de comprim\u00e9s dans un flacon contenant 100 unit\u00e9s.<\/p>\n<p><strong>Utilisation :<\/strong> Prendre une tablette par jour ou suivre les recommandations d&#8217;un professionnel. Ce compl\u00e9ment alimentaire est un choix pratique pour ceux qui appr\u00e9cient les ingr\u00e9dients naturels dans leur routine quotidienne.<\/p>\n<p>Ce produit est fabriqu\u00e9 avec des composants qui respectent la qualit\u00e9 et l&#8217;int\u00e9grit\u00e9. Il se distingue par sa facilit\u00e9 d&#8217;utilisation et son format pratique qui convient parfaitement \u00e0 une vie active.<\/p>\n<p>Veuillez noter que ce compl\u00e9ment alimentaire doit \u00eatre utilis\u00e9 dans le cadre d&#8217;une alimentation vari\u00e9e et \u00e9quilibr\u00e9e et d&#8217;un mode de vie sain. Ne pas d\u00e9passer la dose journali\u00e8re recommand\u00e9e. Conserver dans un endroit sec et frais, hors de port\u00e9e des enfants. Ne pas utiliser si le sceau du flacon est endommag\u00e9 ou manquant.<\/p>\n","protected":false},"excerpt":{"rendered":"<p>SOLGAR Vitamin B12, 100 mcg (100 tabs) D\u00e9couvrez SOLGAR Vitamin B12, un produit con\u00e7u avec des ingr\u00e9dients de haute qualit\u00e9 pour s&#8217;int\u00e9grer naturellement \u00e0 votre quotidien. Chaque tablette contient 100 mcg de vitamine B12, formul\u00e9e \u00e0 partir de composants soigneusement s\u00e9lectionn\u00e9s pour leur puret\u00e9 et leur origine naturelle. Ingr\u00e9dients principaux : Vitamine B12 (cyanocobalamine), phosphates [&#8230;]\n","protected":false},"featured_media":277689,"comment_status":"closed","ping_status":"open","template":"","meta":[],"product_brand":[4760],"product_cat":[5053,5059],"product_tag":[],"class_list":{"0":"post-303549","1":"product","2":"type-product","3":"status-publish","4":"has-post-thumbnail","6":"product_brand-solgar-2","7":"product_cat-vitamines-et-mineraux","8":"product_cat-vitamines-simples","10":"first","11":"instock","12":"taxable","13":"shipping-taxable","14":"purchasable","15":"product-type-simple"},"yoast_head":"<!-- This site is optimized with the Yoast SEO Premium plugin v27.3 (Yoast SEO v27.3) - https:\/\/yoast.com\/product\/yoast-seo-premium-wordpress\/ -->\n<title>SOLGAR Vitamine B12, 100 mcg (100 comprim\u00e9s) - ECO Supplements<\/title>\n<meta name=\"description\" content=\"Wij hebben een ruime keuze aan producten van SOLGAR Vitamine B12, 100 mcg (100 comprim\u00e9s) . Winkel bij Eco Supplements altijd gratis verzending boven 100\u20ac\" \/>\n<meta name=\"robots\" content=\"index, follow, max-snippet:-1, max-image-preview:large, max-video-preview:-1\" \/>\n<link rel=\"canonical\" href=\"https:\/\/ecosupplements.be\/fr\/produit\/solgar-vitamin-b12-100-mcg-100-tabs\/\" \/>\n<meta property=\"og:locale\" content=\"fr_FR\" \/>\n<meta property=\"og:type\" content=\"article\" \/>\n<meta property=\"og:title\" content=\"SOLGAR Vitamine B12, 100 mcg (100 comprim\u00e9s)\" \/>\n<meta property=\"og:description\" content=\"Wij hebben een ruime keuze aan producten van SOLGAR Vitamine B12, 100 mcg (100 comprim\u00e9s) . Winkel bij Eco Supplements altijd gratis verzending boven 100\u20ac\" \/>\n<meta property=\"og:url\" content=\"https:\/\/ecosupplements.be\/fr\/produit\/solgar-vitamin-b12-100-mcg-100-tabs\/\" \/>\n<meta property=\"og:site_name\" content=\"ECO Supplements\" \/>\n<meta property=\"article:modified_time\" content=\"2025-08-28T02:58:18+00:00\" \/>\n<meta property=\"og:image\" content=\"https:\/\/ecosupplements.be\/wp-content\/uploads\/2025\/08\/Solgar-SOLGAR-Vitamin-B12-100-mcg-100-tabs.jpg\" \/>\n\t<meta property=\"og:image:width\" content=\"700\" \/>\n\t<meta property=\"og:image:height\" content=\"700\" \/>\n\t<meta property=\"og:image:type\" content=\"image\/jpeg\" \/>\n<meta name=\"twitter:card\" content=\"summary_large_image\" \/>\n<meta name=\"twitter:label1\" content=\"Prix\" \/>\n\t<meta name=\"twitter:data1\" content=\"10.67&nbsp;&euro;\" \/>\n\t<meta name=\"twitter:label2\" content=\"Disponibilit\u00e9\" \/>\n\t<meta name=\"twitter:data2\" content=\"En stock\" \/>\n<script type=\"application\/ld+json\" class=\"yoast-schema-graph\">{\"@context\":\"https:\\\/\\\/schema.org\",\"@graph\":[{\"@type\":[\"WebPage\",\"ItemPage\"],\"@id\":\"https:\\\/\\\/ecosupplements.be\\\/fr\\\/produit\\\/solgar-vitamin-b12-100-mcg-100-tabs\\\/\",\"url\":\"https:\\\/\\\/ecosupplements.be\\\/fr\\\/produit\\\/solgar-vitamin-b12-100-mcg-100-tabs\\\/\",\"name\":\"SOLGAR Vitamine B12, 100 mcg (100 comprim\u00e9s) - ECO Supplements\",\"isPartOf\":{\"@id\":\"https:\\\/\\\/ecosupplements.be\\\/fr\\\/#website\"},\"primaryImageOfPage\":{\"@id\":\"https:\\\/\\\/ecosupplements.be\\\/fr\\\/produit\\\/solgar-vitamin-b12-100-mcg-100-tabs\\\/#primaryimage\"},\"image\":{\"@id\":\"https:\\\/\\\/ecosupplements.be\\\/fr\\\/produit\\\/solgar-vitamin-b12-100-mcg-100-tabs\\\/#primaryimage\"},\"thumbnailUrl\":\"https:\\\/\\\/ecosupplements.be\\\/wp-content\\\/uploads\\\/2025\\\/08\\\/SOLGAR-Vitamin-B12-100-mcg-100-tabs.jpg\",\"datePublished\":\"2025-07-27T03:30:21+00:00\",\"dateModified\":\"2025-08-28T02:58:18+00:00\",\"description\":\"Wij hebben een ruime keuze aan producten van SOLGAR Vitamine B12, 100 mcg (100 comprim\u00e9s) . Winkel bij Eco Supplements altijd gratis verzending boven 100\u20ac\",\"breadcrumb\":{\"@id\":\"https:\\\/\\\/ecosupplements.be\\\/fr\\\/produit\\\/solgar-vitamin-b12-100-mcg-100-tabs\\\/#breadcrumb\"},\"inLanguage\":\"fr-FR\",\"potentialAction\":[{\"@type\":\"ReadAction\",\"target\":[\"https:\\\/\\\/ecosupplements.be\\\/fr\\\/produit\\\/solgar-vitamin-b12-100-mcg-100-tabs\\\/\"]}]},{\"@type\":\"ImageObject\",\"inLanguage\":\"fr-FR\",\"@id\":\"https:\\\/\\\/ecosupplements.be\\\/fr\\\/produit\\\/solgar-vitamin-b12-100-mcg-100-tabs\\\/#primaryimage\",\"url\":\"https:\\\/\\\/ecosupplements.be\\\/wp-content\\\/uploads\\\/2025\\\/08\\\/SOLGAR-Vitamin-B12-100-mcg-100-tabs.jpg\",\"contentUrl\":\"https:\\\/\\\/ecosupplements.be\\\/wp-content\\\/uploads\\\/2025\\\/08\\\/SOLGAR-Vitamin-B12-100-mcg-100-tabs.jpg\",\"width\":700,\"height\":700},{\"@type\":\"BreadcrumbList\",\"@id\":\"https:\\\/\\\/ecosupplements.be\\\/fr\\\/produit\\\/solgar-vitamin-b12-100-mcg-100-tabs\\\/#breadcrumb\",\"itemListElement\":[{\"@type\":\"ListItem\",\"position\":1,\"name\":\"Home\",\"item\":\"https:\\\/\\\/ecosupplements.be\\\/fr\\\/\"},{\"@type\":\"ListItem\",\"position\":2,\"name\":\"Boutique\",\"item\":\"https:\\\/\\\/ecosupplements.be\\\/fr\\\/boutique\\\/\"},{\"@type\":\"ListItem\",\"position\":3,\"name\":\"SOLGAR Vitamine B12, 100 mcg (100 comprim\u00e9s)\"}]},{\"@type\":\"WebSite\",\"@id\":\"https:\\\/\\\/ecosupplements.be\\\/fr\\\/#website\",\"url\":\"https:\\\/\\\/ecosupplements.be\\\/fr\\\/\",\"name\":\"ECO Supplements\",\"description\":\"Eco Supplements - Gezonde supplementen\",\"publisher\":{\"@id\":\"https:\\\/\\\/ecosupplements.be\\\/fr\\\/#organization\"},\"potentialAction\":[{\"@type\":\"SearchAction\",\"target\":{\"@type\":\"EntryPoint\",\"urlTemplate\":\"https:\\\/\\\/ecosupplements.be\\\/fr\\\/?s={search_term_string}\"},\"query-input\":{\"@type\":\"PropertyValueSpecification\",\"valueRequired\":true,\"valueName\":\"search_term_string\"}}],\"inLanguage\":\"fr-FR\"},{\"@type\":\"Organization\",\"@id\":\"https:\\\/\\\/ecosupplements.be\\\/fr\\\/#organization\",\"name\":\"Eco Supplements\",\"url\":\"https:\\\/\\\/ecosupplements.be\\\/fr\\\/\",\"logo\":{\"@type\":\"ImageObject\",\"inLanguage\":\"fr-FR\",\"@id\":\"https:\\\/\\\/ecosupplements.be\\\/fr\\\/#\\\/schema\\\/logo\\\/image\\\/\",\"url\":\"https:\\\/\\\/ecosupplements.be\\\/wp-content\\\/uploads\\\/2022\\\/06\\\/ecosupplement-family.png\",\"contentUrl\":\"https:\\\/\\\/ecosupplements.be\\\/wp-content\\\/uploads\\\/2022\\\/06\\\/ecosupplement-family.png\",\"width\":593,\"height\":374,\"caption\":\"Eco Supplements\"},\"image\":{\"@id\":\"https:\\\/\\\/ecosupplements.be\\\/fr\\\/#\\\/schema\\\/logo\\\/image\\\/\"}}]}<\/script>\n<meta property=\"product:brand\" content=\"Solgar\" \/>\n<meta property=\"product:price:amount\" content=\"10.67\" \/>\n<meta property=\"product:price:currency\" content=\"EUR\" \/>\n<meta property=\"og:availability\" content=\"instock\" \/>\n<meta property=\"product:availability\" content=\"instock\" \/>\n<meta property=\"product:retailer_item_id\" content=\"033984031807\" \/>\n<meta property=\"product:condition\" content=\"new\" \/>\n<!-- \/ Yoast SEO Premium plugin. -->","yoast_head_json":{"title":"SOLGAR Vitamine B12, 100 mcg (100 comprim\u00e9s) - ECO Supplements","description":"Wij hebben een ruime keuze aan producten van SOLGAR Vitamine B12, 100 mcg (100 comprim\u00e9s) . Winkel bij Eco Supplements altijd gratis verzending boven 100\u20ac","robots":{"index":"index","follow":"follow","max-snippet":"max-snippet:-1","max-image-preview":"max-image-preview:large","max-video-preview":"max-video-preview:-1"},"canonical":"https:\/\/ecosupplements.be\/fr\/produit\/solgar-vitamin-b12-100-mcg-100-tabs\/","og_locale":"fr_FR","og_type":"article","og_title":"SOLGAR Vitamine B12, 100 mcg (100 comprim\u00e9s)","og_description":"Wij hebben een ruime keuze aan producten van SOLGAR Vitamine B12, 100 mcg (100 comprim\u00e9s) . Winkel bij Eco Supplements altijd gratis verzending boven 100\u20ac","og_url":"https:\/\/ecosupplements.be\/fr\/produit\/solgar-vitamin-b12-100-mcg-100-tabs\/","og_site_name":"ECO Supplements","article_modified_time":"2025-08-28T02:58:18+00:00","og_image":[{"width":700,"height":700,"url":"https:\/\/ecosupplements.be\/wp-content\/uploads\/2025\/08\/Solgar-SOLGAR-Vitamin-B12-100-mcg-100-tabs.jpg","type":"image\/jpeg"}],"twitter_card":"summary_large_image","twitter_misc":{"Prix":"10.67&nbsp;&euro;","Disponibilit\u00e9":"En stock"},"schema":{"@context":"https:\/\/schema.org","@graph":[{"@type":["WebPage","ItemPage"],"@id":"https:\/\/ecosupplements.be\/fr\/produit\/solgar-vitamin-b12-100-mcg-100-tabs\/","url":"https:\/\/ecosupplements.be\/fr\/produit\/solgar-vitamin-b12-100-mcg-100-tabs\/","name":"SOLGAR Vitamine B12, 100 mcg (100 comprim\u00e9s) - ECO Supplements","isPartOf":{"@id":"https:\/\/ecosupplements.be\/fr\/#website"},"primaryImageOfPage":{"@id":"https:\/\/ecosupplements.be\/fr\/produit\/solgar-vitamin-b12-100-mcg-100-tabs\/#primaryimage"},"image":{"@id":"https:\/\/ecosupplements.be\/fr\/produit\/solgar-vitamin-b12-100-mcg-100-tabs\/#primaryimage"},"thumbnailUrl":"https:\/\/ecosupplements.be\/wp-content\/uploads\/2025\/08\/SOLGAR-Vitamin-B12-100-mcg-100-tabs.jpg","datePublished":"2025-07-27T03:30:21+00:00","dateModified":"2025-08-28T02:58:18+00:00","description":"Wij hebben een ruime keuze aan producten van SOLGAR Vitamine B12, 100 mcg (100 comprim\u00e9s) . Winkel bij Eco Supplements altijd gratis verzending boven 100\u20ac","breadcrumb":{"@id":"https:\/\/ecosupplements.be\/fr\/produit\/solgar-vitamin-b12-100-mcg-100-tabs\/#breadcrumb"},"inLanguage":"fr-FR","potentialAction":[{"@type":"ReadAction","target":["https:\/\/ecosupplements.be\/fr\/produit\/solgar-vitamin-b12-100-mcg-100-tabs\/"]}]},{"@type":"ImageObject","inLanguage":"fr-FR","@id":"https:\/\/ecosupplements.be\/fr\/produit\/solgar-vitamin-b12-100-mcg-100-tabs\/#primaryimage","url":"https:\/\/ecosupplements.be\/wp-content\/uploads\/2025\/08\/SOLGAR-Vitamin-B12-100-mcg-100-tabs.jpg","contentUrl":"https:\/\/ecosupplements.be\/wp-content\/uploads\/2025\/08\/SOLGAR-Vitamin-B12-100-mcg-100-tabs.jpg","width":700,"height":700},{"@type":"BreadcrumbList","@id":"https:\/\/ecosupplements.be\/fr\/produit\/solgar-vitamin-b12-100-mcg-100-tabs\/#breadcrumb","itemListElement":[{"@type":"ListItem","position":1,"name":"Home","item":"https:\/\/ecosupplements.be\/fr\/"},{"@type":"ListItem","position":2,"name":"Boutique","item":"https:\/\/ecosupplements.be\/fr\/boutique\/"},{"@type":"ListItem","position":3,"name":"SOLGAR Vitamine B12, 100 mcg (100 comprim\u00e9s)"}]},{"@type":"WebSite","@id":"https:\/\/ecosupplements.be\/fr\/#website","url":"https:\/\/ecosupplements.be\/fr\/","name":"ECO Supplements","description":"Eco Supplements - Gezonde supplementen","publisher":{"@id":"https:\/\/ecosupplements.be\/fr\/#organization"},"potentialAction":[{"@type":"SearchAction","target":{"@type":"EntryPoint","urlTemplate":"https:\/\/ecosupplements.be\/fr\/?s={search_term_string}"},"query-input":{"@type":"PropertyValueSpecification","valueRequired":true,"valueName":"search_term_string"}}],"inLanguage":"fr-FR"},{"@type":"Organization","@id":"https:\/\/ecosupplements.be\/fr\/#organization","name":"Eco Supplements","url":"https:\/\/ecosupplements.be\/fr\/","logo":{"@type":"ImageObject","inLanguage":"fr-FR","@id":"https:\/\/ecosupplements.be\/fr\/#\/schema\/logo\/image\/","url":"https:\/\/ecosupplements.be\/wp-content\/uploads\/2022\/06\/ecosupplement-family.png","contentUrl":"https:\/\/ecosupplements.be\/wp-content\/uploads\/2022\/06\/ecosupplement-family.png","width":593,"height":374,"caption":"Eco Supplements"},"image":{"@id":"https:\/\/ecosupplements.be\/fr\/#\/schema\/logo\/image\/"}}]},"product_brand":"Solgar","product_price_amount":"10.67","product_price_currency":"EUR","og_availability":"instock","product_availability":"instock","product_retailer_item_id":"033984031807","product_condition":"new"},"_links":{"self":[{"href":"https:\/\/ecosupplements.be\/fr\/wp-json\/wp\/v2\/product\/303549","targetHints":{"allow":["GET"]}}],"collection":[{"href":"https:\/\/ecosupplements.be\/fr\/wp-json\/wp\/v2\/product"}],"about":[{"href":"https:\/\/ecosupplements.be\/fr\/wp-json\/wp\/v2\/types\/product"}],"replies":[{"embeddable":true,"href":"https:\/\/ecosupplements.be\/fr\/wp-json\/wp\/v2\/comments?post=303549"}],"wp:featuredmedia":[{"embeddable":true,"href":"https:\/\/ecosupplements.be\/fr\/wp-json\/wp\/v2\/media\/277689"}],"wp:attachment":[{"href":"https:\/\/ecosupplements.be\/fr\/wp-json\/wp\/v2\/media?parent=303549"}],"wp:term":[{"taxonomy":"product_brand","embeddable":true,"href":"https:\/\/ecosupplements.be\/fr\/wp-json\/wp\/v2\/product_brand?post=303549"},{"taxonomy":"product_cat","embeddable":true,"href":"https:\/\/ecosupplements.be\/fr\/wp-json\/wp\/v2\/product_cat?post=303549"},{"taxonomy":"product_tag","embeddable":true,"href":"https:\/\/ecosupplements.be\/fr\/wp-json\/wp\/v2\/product_tag?post=303549"}],"curies":[{"name":"wp","href":"https:\/\/api.w.org\/{rel}","templated":true}]}}