{"id":303591,"date":"2025-07-27T05:00:27","date_gmt":"2025-07-27T04:00:27","guid":{"rendered":"https:\/\/ecosupplements.be\/product\/solgar-vitamin-e-400-iu-268-mg-100-sgels-3\/"},"modified":"2025-08-28T03:59:03","modified_gmt":"2025-08-28T02:59:03","slug":"solgar-vitamin-e-400-iu-268-mg-100-sgels-3","status":"publish","type":"product","link":"https:\/\/ecosupplements.be\/fr\/produit\/solgar-vitamin-e-400-iu-268-mg-100-sgels-3\/","title":{"rendered":"Vitamine E de SOLGAR, 400 UI, 268 mg (100 capsules molles)"},"content":{"rendered":"<h2>Description du Produit : SOLGAR Vitamin E, 400 IU, 268 mg (100 sgels)<\/h2>\n<p><strong>Nom du produit :<\/strong> SOLGAR Vitamin E, 400 IU, 268 mg<\/p>\n<p><strong>Ingr\u00e9dients principaux :<\/strong> La vitamine E sous forme de d-Alfa Tocoph\u00e9rol et un m\u00e9lange de tocoph\u00e9rols.Les capsules contiennent \u00e9galement de l&#8217;huile de carthame comme substance de remplissage et sont envelopp\u00e9es dans une g\u00e9lule \u00e0 base de g\u00e9latine avec un agent \u00e9paississant issu de la glyc\u00e9rine v\u00e9g\u00e9tale.<\/p>\n<p><strong>Contenu et emballage :<\/strong> Ce produit est pr\u00e9sent\u00e9 dans un emballage contenant 100 capsules souples.<\/p>\n<p><strong>Utilisation recommand\u00e9e :<\/strong> Prendre une (1) capsule par jour, id\u00e9alement au moment des repas pour une utilisation optimale.<\/p>\n<p>Ce compl\u00e9ment alimentaire est fabriqu\u00e9 avec des ingr\u00e9dients d&#8217;origine naturelle. Il se distingue par sa haute puret\u00e9 et son format pratique qui facilite son int\u00e9gration quotidienne dans votre routine. Les capsules sont con\u00e7ues pour \u00eatre faciles \u00e0 avaler et ne contiennent aucun ar\u00f4me artificiel ni conservateur.<\/p>\n<p>SOLGAR s&#8217;engage \u00e0 fournir des produits respectant les normes les plus strictes en termes de qualit\u00e9. Chaque \u00e9tape du processus est rigoureusement contr\u00f4l\u00e9e pour garantir que vous recevez le meilleur produit possible.<\/p>\n<p>ce compl\u00e9ment est un choix parfait pour ceux qui appr\u00e9cient les ingr\u00e9dients naturels dans leur quotidien sans substituer une alimentation vari\u00e9e et \u00e9quilibr\u00e9e. Il s&#8217;int\u00e8gre harmonieusement dans un mode vie actif gr\u00e2ce \u00e0 son format pratique qui peut facilement \u00eatre emport\u00e9 partout.<\/p>\n","protected":false},"excerpt":{"rendered":"<p>Description du Produit : SOLGAR Vitamin E, 400 IU, 268 mg (100 sgels) Nom du produit : SOLGAR Vitamin E, 400 IU, 268 mg Ingr\u00e9dients principaux : La vitamine E sous forme de d-Alfa Tocoph\u00e9rol et un m\u00e9lange de tocoph\u00e9rols.Les capsules contiennent \u00e9galement de l&#8217;huile de carthame comme substance de remplissage et sont envelopp\u00e9es dans [&#8230;]\n","protected":false},"featured_media":277731,"comment_status":"closed","ping_status":"open","template":"","meta":[],"product_brand":[4760],"product_cat":[5053],"product_tag":[],"class_list":{"0":"post-303591","1":"product","2":"type-product","3":"status-publish","4":"has-post-thumbnail","6":"product_brand-solgar-2","7":"product_cat-vitamines-et-mineraux","9":"first","10":"instock","11":"taxable","12":"shipping-taxable","13":"purchasable","14":"product-type-simple"},"yoast_head":"<!-- This site is optimized with the Yoast SEO Premium plugin v27.3 (Yoast SEO v27.3) - https:\/\/yoast.com\/product\/yoast-seo-premium-wordpress\/ -->\n<title>Vitamine E de SOLGAR, 400 UI, 268 mg (100 capsules molles) - ECO Supplements<\/title>\n<meta name=\"description\" content=\"Wij hebben een ruime keuze aan producten van Vitamine E de SOLGAR, 400 UI, 268 mg (100 capsules molles) . Winkel bij Eco Supplements altijd gratis verzending boven 100\u20ac\" \/>\n<meta name=\"robots\" content=\"index, follow, max-snippet:-1, max-image-preview:large, max-video-preview:-1\" \/>\n<link rel=\"canonical\" href=\"https:\/\/ecosupplements.be\/fr\/produit\/solgar-vitamin-e-400-iu-268-mg-100-sgels-3\/\" \/>\n<meta property=\"og:locale\" content=\"fr_FR\" \/>\n<meta property=\"og:type\" content=\"article\" \/>\n<meta property=\"og:title\" content=\"Vitamine E de SOLGAR, 400 UI, 268 mg (100 capsules molles)\" \/>\n<meta property=\"og:description\" content=\"Wij hebben een ruime keuze aan producten van Vitamine E de SOLGAR, 400 UI, 268 mg (100 capsules molles) . Winkel bij Eco Supplements altijd gratis verzending boven 100\u20ac\" \/>\n<meta property=\"og:url\" content=\"https:\/\/ecosupplements.be\/fr\/produit\/solgar-vitamin-e-400-iu-268-mg-100-sgels-3\/\" \/>\n<meta property=\"og:site_name\" content=\"ECO Supplements\" \/>\n<meta property=\"article:modified_time\" content=\"2025-08-28T02:59:03+00:00\" \/>\n<meta property=\"og:image\" content=\"https:\/\/ecosupplements.be\/wp-content\/uploads\/2025\/08\/Solgar-SOLGAR-Vitamin-E-400-IU-268-mg-100-sgels-2.jpg\" \/>\n\t<meta property=\"og:image:width\" content=\"800\" \/>\n\t<meta property=\"og:image:height\" content=\"800\" \/>\n\t<meta property=\"og:image:type\" content=\"image\/jpeg\" \/>\n<meta name=\"twitter:card\" content=\"summary_large_image\" \/>\n<meta name=\"twitter:label1\" content=\"Prix\" \/>\n\t<meta name=\"twitter:data1\" content=\"13.58&nbsp;&euro;\" \/>\n\t<meta name=\"twitter:label2\" content=\"Disponibilit\u00e9\" \/>\n\t<meta name=\"twitter:data2\" content=\"En stock\" \/>\n<script type=\"application\/ld+json\" class=\"yoast-schema-graph\">{\"@context\":\"https:\\\/\\\/schema.org\",\"@graph\":[{\"@type\":[\"WebPage\",\"ItemPage\"],\"@id\":\"https:\\\/\\\/ecosupplements.be\\\/fr\\\/produit\\\/solgar-vitamin-e-400-iu-268-mg-100-sgels-3\\\/\",\"url\":\"https:\\\/\\\/ecosupplements.be\\\/fr\\\/produit\\\/solgar-vitamin-e-400-iu-268-mg-100-sgels-3\\\/\",\"name\":\"Vitamine E de SOLGAR, 400 UI, 268 mg (100 capsules molles) - ECO Supplements\",\"isPartOf\":{\"@id\":\"https:\\\/\\\/ecosupplements.be\\\/fr\\\/#website\"},\"primaryImageOfPage\":{\"@id\":\"https:\\\/\\\/ecosupplements.be\\\/fr\\\/produit\\\/solgar-vitamin-e-400-iu-268-mg-100-sgels-3\\\/#primaryimage\"},\"image\":{\"@id\":\"https:\\\/\\\/ecosupplements.be\\\/fr\\\/produit\\\/solgar-vitamin-e-400-iu-268-mg-100-sgels-3\\\/#primaryimage\"},\"thumbnailUrl\":\"https:\\\/\\\/ecosupplements.be\\\/wp-content\\\/uploads\\\/2025\\\/08\\\/SOLGAR-Vitamin-E-400-IU-268-mg-100-sgels-2.jpg\",\"datePublished\":\"2025-07-27T04:00:27+00:00\",\"dateModified\":\"2025-08-28T02:59:03+00:00\",\"description\":\"Wij hebben een ruime keuze aan producten van Vitamine E de SOLGAR, 400 UI, 268 mg (100 capsules molles) . Winkel bij Eco Supplements altijd gratis verzending boven 100\u20ac\",\"breadcrumb\":{\"@id\":\"https:\\\/\\\/ecosupplements.be\\\/fr\\\/produit\\\/solgar-vitamin-e-400-iu-268-mg-100-sgels-3\\\/#breadcrumb\"},\"inLanguage\":\"fr-FR\",\"potentialAction\":[{\"@type\":\"ReadAction\",\"target\":[\"https:\\\/\\\/ecosupplements.be\\\/fr\\\/produit\\\/solgar-vitamin-e-400-iu-268-mg-100-sgels-3\\\/\"]}]},{\"@type\":\"ImageObject\",\"inLanguage\":\"fr-FR\",\"@id\":\"https:\\\/\\\/ecosupplements.be\\\/fr\\\/produit\\\/solgar-vitamin-e-400-iu-268-mg-100-sgels-3\\\/#primaryimage\",\"url\":\"https:\\\/\\\/ecosupplements.be\\\/wp-content\\\/uploads\\\/2025\\\/08\\\/SOLGAR-Vitamin-E-400-IU-268-mg-100-sgels-2.jpg\",\"contentUrl\":\"https:\\\/\\\/ecosupplements.be\\\/wp-content\\\/uploads\\\/2025\\\/08\\\/SOLGAR-Vitamin-E-400-IU-268-mg-100-sgels-2.jpg\",\"width\":800,\"height\":800},{\"@type\":\"BreadcrumbList\",\"@id\":\"https:\\\/\\\/ecosupplements.be\\\/fr\\\/produit\\\/solgar-vitamin-e-400-iu-268-mg-100-sgels-3\\\/#breadcrumb\",\"itemListElement\":[{\"@type\":\"ListItem\",\"position\":1,\"name\":\"Home\",\"item\":\"https:\\\/\\\/ecosupplements.be\\\/fr\\\/\"},{\"@type\":\"ListItem\",\"position\":2,\"name\":\"Boutique\",\"item\":\"https:\\\/\\\/ecosupplements.be\\\/fr\\\/boutique\\\/\"},{\"@type\":\"ListItem\",\"position\":3,\"name\":\"Vitamine E de SOLGAR, 400 UI, 268 mg (100 capsules molles)\"}]},{\"@type\":\"WebSite\",\"@id\":\"https:\\\/\\\/ecosupplements.be\\\/fr\\\/#website\",\"url\":\"https:\\\/\\\/ecosupplements.be\\\/fr\\\/\",\"name\":\"ECO Supplements\",\"description\":\"Eco Supplements - Gezonde supplementen\",\"publisher\":{\"@id\":\"https:\\\/\\\/ecosupplements.be\\\/fr\\\/#organization\"},\"potentialAction\":[{\"@type\":\"SearchAction\",\"target\":{\"@type\":\"EntryPoint\",\"urlTemplate\":\"https:\\\/\\\/ecosupplements.be\\\/fr\\\/?s={search_term_string}\"},\"query-input\":{\"@type\":\"PropertyValueSpecification\",\"valueRequired\":true,\"valueName\":\"search_term_string\"}}],\"inLanguage\":\"fr-FR\"},{\"@type\":\"Organization\",\"@id\":\"https:\\\/\\\/ecosupplements.be\\\/fr\\\/#organization\",\"name\":\"Eco Supplements\",\"url\":\"https:\\\/\\\/ecosupplements.be\\\/fr\\\/\",\"logo\":{\"@type\":\"ImageObject\",\"inLanguage\":\"fr-FR\",\"@id\":\"https:\\\/\\\/ecosupplements.be\\\/fr\\\/#\\\/schema\\\/logo\\\/image\\\/\",\"url\":\"https:\\\/\\\/ecosupplements.be\\\/wp-content\\\/uploads\\\/2022\\\/06\\\/ecosupplement-family.png\",\"contentUrl\":\"https:\\\/\\\/ecosupplements.be\\\/wp-content\\\/uploads\\\/2022\\\/06\\\/ecosupplement-family.png\",\"width\":593,\"height\":374,\"caption\":\"Eco Supplements\"},\"image\":{\"@id\":\"https:\\\/\\\/ecosupplements.be\\\/fr\\\/#\\\/schema\\\/logo\\\/image\\\/\"}}]}<\/script>\n<meta property=\"product:brand\" content=\"Solgar\" \/>\n<meta property=\"product:price:amount\" content=\"13.58\" \/>\n<meta property=\"product:price:currency\" content=\"EUR\" \/>\n<meta property=\"og:availability\" content=\"instock\" \/>\n<meta property=\"product:availability\" content=\"instock\" \/>\n<meta property=\"product:retailer_item_id\" content=\"033984034617\" \/>\n<meta property=\"product:condition\" content=\"new\" \/>\n<!-- \/ Yoast SEO Premium plugin. -->","yoast_head_json":{"title":"Vitamine E de SOLGAR, 400 UI, 268 mg (100 capsules molles) - ECO Supplements","description":"Wij hebben een ruime keuze aan producten van Vitamine E de SOLGAR, 400 UI, 268 mg (100 capsules molles) . Winkel bij Eco Supplements altijd gratis verzending boven 100\u20ac","robots":{"index":"index","follow":"follow","max-snippet":"max-snippet:-1","max-image-preview":"max-image-preview:large","max-video-preview":"max-video-preview:-1"},"canonical":"https:\/\/ecosupplements.be\/fr\/produit\/solgar-vitamin-e-400-iu-268-mg-100-sgels-3\/","og_locale":"fr_FR","og_type":"article","og_title":"Vitamine E de SOLGAR, 400 UI, 268 mg (100 capsules molles)","og_description":"Wij hebben een ruime keuze aan producten van Vitamine E de SOLGAR, 400 UI, 268 mg (100 capsules molles) . Winkel bij Eco Supplements altijd gratis verzending boven 100\u20ac","og_url":"https:\/\/ecosupplements.be\/fr\/produit\/solgar-vitamin-e-400-iu-268-mg-100-sgels-3\/","og_site_name":"ECO Supplements","article_modified_time":"2025-08-28T02:59:03+00:00","og_image":[{"width":800,"height":800,"url":"https:\/\/ecosupplements.be\/wp-content\/uploads\/2025\/08\/Solgar-SOLGAR-Vitamin-E-400-IU-268-mg-100-sgels-2.jpg","type":"image\/jpeg"}],"twitter_card":"summary_large_image","twitter_misc":{"Prix":"13.58&nbsp;&euro;","Disponibilit\u00e9":"En stock"},"schema":{"@context":"https:\/\/schema.org","@graph":[{"@type":["WebPage","ItemPage"],"@id":"https:\/\/ecosupplements.be\/fr\/produit\/solgar-vitamin-e-400-iu-268-mg-100-sgels-3\/","url":"https:\/\/ecosupplements.be\/fr\/produit\/solgar-vitamin-e-400-iu-268-mg-100-sgels-3\/","name":"Vitamine E de SOLGAR, 400 UI, 268 mg (100 capsules molles) - ECO Supplements","isPartOf":{"@id":"https:\/\/ecosupplements.be\/fr\/#website"},"primaryImageOfPage":{"@id":"https:\/\/ecosupplements.be\/fr\/produit\/solgar-vitamin-e-400-iu-268-mg-100-sgels-3\/#primaryimage"},"image":{"@id":"https:\/\/ecosupplements.be\/fr\/produit\/solgar-vitamin-e-400-iu-268-mg-100-sgels-3\/#primaryimage"},"thumbnailUrl":"https:\/\/ecosupplements.be\/wp-content\/uploads\/2025\/08\/SOLGAR-Vitamin-E-400-IU-268-mg-100-sgels-2.jpg","datePublished":"2025-07-27T04:00:27+00:00","dateModified":"2025-08-28T02:59:03+00:00","description":"Wij hebben een ruime keuze aan producten van Vitamine E de SOLGAR, 400 UI, 268 mg (100 capsules molles) . Winkel bij Eco Supplements altijd gratis verzending boven 100\u20ac","breadcrumb":{"@id":"https:\/\/ecosupplements.be\/fr\/produit\/solgar-vitamin-e-400-iu-268-mg-100-sgels-3\/#breadcrumb"},"inLanguage":"fr-FR","potentialAction":[{"@type":"ReadAction","target":["https:\/\/ecosupplements.be\/fr\/produit\/solgar-vitamin-e-400-iu-268-mg-100-sgels-3\/"]}]},{"@type":"ImageObject","inLanguage":"fr-FR","@id":"https:\/\/ecosupplements.be\/fr\/produit\/solgar-vitamin-e-400-iu-268-mg-100-sgels-3\/#primaryimage","url":"https:\/\/ecosupplements.be\/wp-content\/uploads\/2025\/08\/SOLGAR-Vitamin-E-400-IU-268-mg-100-sgels-2.jpg","contentUrl":"https:\/\/ecosupplements.be\/wp-content\/uploads\/2025\/08\/SOLGAR-Vitamin-E-400-IU-268-mg-100-sgels-2.jpg","width":800,"height":800},{"@type":"BreadcrumbList","@id":"https:\/\/ecosupplements.be\/fr\/produit\/solgar-vitamin-e-400-iu-268-mg-100-sgels-3\/#breadcrumb","itemListElement":[{"@type":"ListItem","position":1,"name":"Home","item":"https:\/\/ecosupplements.be\/fr\/"},{"@type":"ListItem","position":2,"name":"Boutique","item":"https:\/\/ecosupplements.be\/fr\/boutique\/"},{"@type":"ListItem","position":3,"name":"Vitamine E de SOLGAR, 400 UI, 268 mg (100 capsules molles)"}]},{"@type":"WebSite","@id":"https:\/\/ecosupplements.be\/fr\/#website","url":"https:\/\/ecosupplements.be\/fr\/","name":"ECO Supplements","description":"Eco Supplements - Gezonde supplementen","publisher":{"@id":"https:\/\/ecosupplements.be\/fr\/#organization"},"potentialAction":[{"@type":"SearchAction","target":{"@type":"EntryPoint","urlTemplate":"https:\/\/ecosupplements.be\/fr\/?s={search_term_string}"},"query-input":{"@type":"PropertyValueSpecification","valueRequired":true,"valueName":"search_term_string"}}],"inLanguage":"fr-FR"},{"@type":"Organization","@id":"https:\/\/ecosupplements.be\/fr\/#organization","name":"Eco Supplements","url":"https:\/\/ecosupplements.be\/fr\/","logo":{"@type":"ImageObject","inLanguage":"fr-FR","@id":"https:\/\/ecosupplements.be\/fr\/#\/schema\/logo\/image\/","url":"https:\/\/ecosupplements.be\/wp-content\/uploads\/2022\/06\/ecosupplement-family.png","contentUrl":"https:\/\/ecosupplements.be\/wp-content\/uploads\/2022\/06\/ecosupplement-family.png","width":593,"height":374,"caption":"Eco Supplements"},"image":{"@id":"https:\/\/ecosupplements.be\/fr\/#\/schema\/logo\/image\/"}}]},"product_brand":"Solgar","product_price_amount":"13.58","product_price_currency":"EUR","og_availability":"instock","product_availability":"instock","product_retailer_item_id":"033984034617","product_condition":"new"},"_links":{"self":[{"href":"https:\/\/ecosupplements.be\/fr\/wp-json\/wp\/v2\/product\/303591","targetHints":{"allow":["GET"]}}],"collection":[{"href":"https:\/\/ecosupplements.be\/fr\/wp-json\/wp\/v2\/product"}],"about":[{"href":"https:\/\/ecosupplements.be\/fr\/wp-json\/wp\/v2\/types\/product"}],"replies":[{"embeddable":true,"href":"https:\/\/ecosupplements.be\/fr\/wp-json\/wp\/v2\/comments?post=303591"}],"wp:featuredmedia":[{"embeddable":true,"href":"https:\/\/ecosupplements.be\/fr\/wp-json\/wp\/v2\/media\/277731"}],"wp:attachment":[{"href":"https:\/\/ecosupplements.be\/fr\/wp-json\/wp\/v2\/media?parent=303591"}],"wp:term":[{"taxonomy":"product_brand","embeddable":true,"href":"https:\/\/ecosupplements.be\/fr\/wp-json\/wp\/v2\/product_brand?post=303591"},{"taxonomy":"product_cat","embeddable":true,"href":"https:\/\/ecosupplements.be\/fr\/wp-json\/wp\/v2\/product_cat?post=303591"},{"taxonomy":"product_tag","embeddable":true,"href":"https:\/\/ecosupplements.be\/fr\/wp-json\/wp\/v2\/product_tag?post=303591"}],"curies":[{"name":"wp","href":"https:\/\/api.w.org\/{rel}","templated":true}]}}