{"id":303615,"date":"2025-07-27T05:15:14","date_gmt":"2025-07-27T04:15:14","guid":{"rendered":"https:\/\/ecosupplements.be\/product\/spices-by-yango-sugar-from-coconut-palm-flowers-140-g\/"},"modified":"2025-08-28T03:59:31","modified_gmt":"2025-08-28T02:59:31","slug":"spices-by-yango-sugar-from-coconut-palm-flowers-140-g","status":"publish","type":"product","link":"https:\/\/ecosupplements.be\/fr\/produit\/spices-by-yango-sugar-from-coconut-palm-flowers-140-g\/","title":{"rendered":"\u00c9PICES par YANGO Sucre de fleurs de palmier de coco (140 g)"},"content":{"rendered":"<h2>SPICES by YANGO sugar from Coconut Palm Flowers (140 g)<\/h2>\n<p>D\u00e9couvrez le <strong>Sugar from Coconut Palm Flowers<\/strong> de SPICES by YANGO\u00ae, un produit exceptionnel issu des fleurs de palmier \u00e0 sucre, cultiv\u00e9es sur les sols volcaniques fertiles de Java Central en Indon\u00e9sie. Ce sucre naturel, connu localement sous le nom de <em>Gula Java<\/em>, est appr\u00e9ci\u00e9 pour son go\u00fbt riche et caram\u00e9lis\u00e9 ainsi que sa couleur dor\u00e9e profonde.<\/p>\n<p>Ce sucre non raffin\u00e9 est obtenu \u00e0 partir du nectar des fleurs du palmier \u00e0 coco, r\u00e9colt\u00e9 manuellement pour pr\u00e9server toutes ses qualit\u00e9s authentiques. le <strong>Sugar from Coconut Palm Flowers<\/strong> offre une palette gustative unique avec des notes de toffee et de vanille, parfait pour enrichir vos boissons, desserts ou m\u00eame vos plats cuisin\u00e9s.<\/p>\n<p><strong>Caract\u00e9ristiques du produit :<\/strong><\/p>\n<ul>\n<li>Type : Sucre naturel non raffin\u00e9<\/li>\n<li>Poids : 140 g<\/li>\n<li>Emballage : Pratique et \u00e9cologique<\/li>\n<li>Utilisation recommand\u00e9e : Id\u00e9al pour la p\u00e2tisserie, la cuisine ou comme \u00e9dulcorant dans les boissons chaudes et froides.<\/li>\n<\/ul>\n<p>Avec le Sugar from Coconut Palm Flowers par SPICES by YANGO\u00ae, int\u00e9grez une touche d&#8217;exotisme et d&#8217;authenticit\u00e9 dans votre quotidien culinaire sans recourir au sucre blanc traditionnel. Un choix parfait pour ceux qui appr\u00e9cient les ingr\u00e9dients purs et naturels dans leur alimentation quotidienne.<\/p>\n","protected":false},"excerpt":{"rendered":"<p>SPICES by YANGO sugar from Coconut Palm Flowers (140 g) D\u00e9couvrez le Sugar from Coconut Palm Flowers de SPICES by YANGO\u00ae, un produit exceptionnel issu des fleurs de palmier \u00e0 sucre, cultiv\u00e9es sur les sols volcaniques fertiles de Java Central en Indon\u00e9sie. Ce sucre naturel, connu localement sous le nom de Gula Java, est appr\u00e9ci\u00e9 [&#8230;]\n","protected":false},"featured_media":277755,"comment_status":"closed","ping_status":"open","template":"","meta":[],"product_brand":[5385],"product_cat":[5054],"product_tag":[],"class_list":{"0":"post-303615","1":"product","2":"type-product","3":"status-publish","4":"has-post-thumbnail","6":"product_brand-spices-by-yango-2","7":"product_cat-nourriture-saine","9":"first","10":"instock","11":"taxable","12":"shipping-taxable","13":"purchasable","14":"product-type-simple"},"yoast_head":"<!-- This site is optimized with the Yoast SEO Premium plugin v27.3 (Yoast SEO v27.3) - https:\/\/yoast.com\/product\/yoast-seo-premium-wordpress\/ -->\n<title>\u00c9PICES par YANGO Sucre de fleurs de palmier de coco (140 g) - ECO Supplements<\/title>\n<meta name=\"description\" content=\"Wij hebben een ruime keuze aan producten van \u00c9PICES par YANGO Sucre de fleurs de palmier de coco (140 g) . Winkel bij Eco Supplements altijd gratis verzending boven 100\u20ac\" \/>\n<meta name=\"robots\" content=\"index, follow, max-snippet:-1, max-image-preview:large, max-video-preview:-1\" \/>\n<link rel=\"canonical\" href=\"https:\/\/ecosupplements.be\/fr\/produit\/spices-by-yango-sugar-from-coconut-palm-flowers-140-g\/\" \/>\n<meta property=\"og:locale\" content=\"fr_FR\" \/>\n<meta property=\"og:type\" content=\"article\" \/>\n<meta property=\"og:title\" content=\"\u00c9PICES par YANGO Sucre de fleurs de palmier de coco (140 g)\" \/>\n<meta property=\"og:description\" content=\"Wij hebben een ruime keuze aan producten van \u00c9PICES par YANGO Sucre de fleurs de palmier de coco (140 g) . Winkel bij Eco Supplements altijd gratis verzending boven 100\u20ac\" \/>\n<meta property=\"og:url\" content=\"https:\/\/ecosupplements.be\/fr\/produit\/spices-by-yango-sugar-from-coconut-palm-flowers-140-g\/\" \/>\n<meta property=\"og:site_name\" content=\"ECO Supplements\" \/>\n<meta property=\"article:modified_time\" content=\"2025-08-28T02:59:31+00:00\" \/>\n<meta property=\"og:image\" content=\"https:\/\/ecosupplements.be\/wp-content\/uploads\/2025\/08\/Spices-by-Yango-SPICES-by-YANGO-Sugar-from-coconut-palm-flowers-140-g.jpg\" \/>\n\t<meta property=\"og:image:width\" content=\"572\" \/>\n\t<meta property=\"og:image:height\" content=\"568\" \/>\n\t<meta property=\"og:image:type\" content=\"image\/jpeg\" \/>\n<meta name=\"twitter:card\" content=\"summary_large_image\" \/>\n<meta name=\"twitter:label1\" content=\"Prix\" \/>\n\t<meta name=\"twitter:data1\" content=\"6.39&nbsp;&euro;\" \/>\n\t<meta name=\"twitter:label2\" content=\"Disponibilit\u00e9\" \/>\n\t<meta name=\"twitter:data2\" content=\"En stock\" \/>\n<script type=\"application\/ld+json\" class=\"yoast-schema-graph\">{\"@context\":\"https:\\\/\\\/schema.org\",\"@graph\":[{\"@type\":[\"WebPage\",\"ItemPage\"],\"@id\":\"https:\\\/\\\/ecosupplements.be\\\/fr\\\/produit\\\/spices-by-yango-sugar-from-coconut-palm-flowers-140-g\\\/\",\"url\":\"https:\\\/\\\/ecosupplements.be\\\/fr\\\/produit\\\/spices-by-yango-sugar-from-coconut-palm-flowers-140-g\\\/\",\"name\":\"\u00c9PICES par YANGO Sucre de fleurs de palmier de coco (140 g) - ECO Supplements\",\"isPartOf\":{\"@id\":\"https:\\\/\\\/ecosupplements.be\\\/fr\\\/#website\"},\"primaryImageOfPage\":{\"@id\":\"https:\\\/\\\/ecosupplements.be\\\/fr\\\/produit\\\/spices-by-yango-sugar-from-coconut-palm-flowers-140-g\\\/#primaryimage\"},\"image\":{\"@id\":\"https:\\\/\\\/ecosupplements.be\\\/fr\\\/produit\\\/spices-by-yango-sugar-from-coconut-palm-flowers-140-g\\\/#primaryimage\"},\"thumbnailUrl\":\"https:\\\/\\\/ecosupplements.be\\\/wp-content\\\/uploads\\\/2025\\\/08\\\/SPICES-by-YANGO-Sugar-from-coconut-palm-flowers-140-g.jpg\",\"datePublished\":\"2025-07-27T04:15:14+00:00\",\"dateModified\":\"2025-08-28T02:59:31+00:00\",\"description\":\"Wij hebben een ruime keuze aan producten van \u00c9PICES par YANGO Sucre de fleurs de palmier de coco (140 g) . Winkel bij Eco Supplements altijd gratis verzending boven 100\u20ac\",\"breadcrumb\":{\"@id\":\"https:\\\/\\\/ecosupplements.be\\\/fr\\\/produit\\\/spices-by-yango-sugar-from-coconut-palm-flowers-140-g\\\/#breadcrumb\"},\"inLanguage\":\"fr-FR\",\"potentialAction\":[{\"@type\":\"ReadAction\",\"target\":[\"https:\\\/\\\/ecosupplements.be\\\/fr\\\/produit\\\/spices-by-yango-sugar-from-coconut-palm-flowers-140-g\\\/\"]}]},{\"@type\":\"ImageObject\",\"inLanguage\":\"fr-FR\",\"@id\":\"https:\\\/\\\/ecosupplements.be\\\/fr\\\/produit\\\/spices-by-yango-sugar-from-coconut-palm-flowers-140-g\\\/#primaryimage\",\"url\":\"https:\\\/\\\/ecosupplements.be\\\/wp-content\\\/uploads\\\/2025\\\/08\\\/SPICES-by-YANGO-Sugar-from-coconut-palm-flowers-140-g.jpg\",\"contentUrl\":\"https:\\\/\\\/ecosupplements.be\\\/wp-content\\\/uploads\\\/2025\\\/08\\\/SPICES-by-YANGO-Sugar-from-coconut-palm-flowers-140-g.jpg\",\"width\":572,\"height\":568},{\"@type\":\"BreadcrumbList\",\"@id\":\"https:\\\/\\\/ecosupplements.be\\\/fr\\\/produit\\\/spices-by-yango-sugar-from-coconut-palm-flowers-140-g\\\/#breadcrumb\",\"itemListElement\":[{\"@type\":\"ListItem\",\"position\":1,\"name\":\"Home\",\"item\":\"https:\\\/\\\/ecosupplements.be\\\/fr\\\/\"},{\"@type\":\"ListItem\",\"position\":2,\"name\":\"Boutique\",\"item\":\"https:\\\/\\\/ecosupplements.be\\\/fr\\\/boutique\\\/\"},{\"@type\":\"ListItem\",\"position\":3,\"name\":\"\u00c9PICES par YANGO Sucre de fleurs de palmier de coco (140 g)\"}]},{\"@type\":\"WebSite\",\"@id\":\"https:\\\/\\\/ecosupplements.be\\\/fr\\\/#website\",\"url\":\"https:\\\/\\\/ecosupplements.be\\\/fr\\\/\",\"name\":\"ECO Supplements\",\"description\":\"Eco Supplements - Gezonde supplementen\",\"publisher\":{\"@id\":\"https:\\\/\\\/ecosupplements.be\\\/fr\\\/#organization\"},\"potentialAction\":[{\"@type\":\"SearchAction\",\"target\":{\"@type\":\"EntryPoint\",\"urlTemplate\":\"https:\\\/\\\/ecosupplements.be\\\/fr\\\/?s={search_term_string}\"},\"query-input\":{\"@type\":\"PropertyValueSpecification\",\"valueRequired\":true,\"valueName\":\"search_term_string\"}}],\"inLanguage\":\"fr-FR\"},{\"@type\":\"Organization\",\"@id\":\"https:\\\/\\\/ecosupplements.be\\\/fr\\\/#organization\",\"name\":\"Eco Supplements\",\"url\":\"https:\\\/\\\/ecosupplements.be\\\/fr\\\/\",\"logo\":{\"@type\":\"ImageObject\",\"inLanguage\":\"fr-FR\",\"@id\":\"https:\\\/\\\/ecosupplements.be\\\/fr\\\/#\\\/schema\\\/logo\\\/image\\\/\",\"url\":\"https:\\\/\\\/ecosupplements.be\\\/wp-content\\\/uploads\\\/2022\\\/06\\\/ecosupplement-family.png\",\"contentUrl\":\"https:\\\/\\\/ecosupplements.be\\\/wp-content\\\/uploads\\\/2022\\\/06\\\/ecosupplement-family.png\",\"width\":593,\"height\":374,\"caption\":\"Eco Supplements\"},\"image\":{\"@id\":\"https:\\\/\\\/ecosupplements.be\\\/fr\\\/#\\\/schema\\\/logo\\\/image\\\/\"}}]}<\/script>\n<meta property=\"product:brand\" content=\"Spices by Yango\" \/>\n<meta property=\"product:price:amount\" content=\"6.39\" \/>\n<meta property=\"product:price:currency\" content=\"EUR\" \/>\n<meta property=\"og:availability\" content=\"instock\" \/>\n<meta property=\"product:availability\" content=\"instock\" \/>\n<meta property=\"product:retailer_item_id\" content=\"5904194063856\" \/>\n<meta property=\"product:condition\" content=\"new\" \/>\n<!-- \/ Yoast SEO Premium plugin. -->","yoast_head_json":{"title":"\u00c9PICES par YANGO Sucre de fleurs de palmier de coco (140 g) - ECO Supplements","description":"Wij hebben een ruime keuze aan producten van \u00c9PICES par YANGO Sucre de fleurs de palmier de coco (140 g) . Winkel bij Eco Supplements altijd gratis verzending boven 100\u20ac","robots":{"index":"index","follow":"follow","max-snippet":"max-snippet:-1","max-image-preview":"max-image-preview:large","max-video-preview":"max-video-preview:-1"},"canonical":"https:\/\/ecosupplements.be\/fr\/produit\/spices-by-yango-sugar-from-coconut-palm-flowers-140-g\/","og_locale":"fr_FR","og_type":"article","og_title":"\u00c9PICES par YANGO Sucre de fleurs de palmier de coco (140 g)","og_description":"Wij hebben een ruime keuze aan producten van \u00c9PICES par YANGO Sucre de fleurs de palmier de coco (140 g) . Winkel bij Eco Supplements altijd gratis verzending boven 100\u20ac","og_url":"https:\/\/ecosupplements.be\/fr\/produit\/spices-by-yango-sugar-from-coconut-palm-flowers-140-g\/","og_site_name":"ECO Supplements","article_modified_time":"2025-08-28T02:59:31+00:00","og_image":[{"width":572,"height":568,"url":"https:\/\/ecosupplements.be\/wp-content\/uploads\/2025\/08\/Spices-by-Yango-SPICES-by-YANGO-Sugar-from-coconut-palm-flowers-140-g.jpg","type":"image\/jpeg"}],"twitter_card":"summary_large_image","twitter_misc":{"Prix":"6.39&nbsp;&euro;","Disponibilit\u00e9":"En stock"},"schema":{"@context":"https:\/\/schema.org","@graph":[{"@type":["WebPage","ItemPage"],"@id":"https:\/\/ecosupplements.be\/fr\/produit\/spices-by-yango-sugar-from-coconut-palm-flowers-140-g\/","url":"https:\/\/ecosupplements.be\/fr\/produit\/spices-by-yango-sugar-from-coconut-palm-flowers-140-g\/","name":"\u00c9PICES par YANGO Sucre de fleurs de palmier de coco (140 g) - ECO Supplements","isPartOf":{"@id":"https:\/\/ecosupplements.be\/fr\/#website"},"primaryImageOfPage":{"@id":"https:\/\/ecosupplements.be\/fr\/produit\/spices-by-yango-sugar-from-coconut-palm-flowers-140-g\/#primaryimage"},"image":{"@id":"https:\/\/ecosupplements.be\/fr\/produit\/spices-by-yango-sugar-from-coconut-palm-flowers-140-g\/#primaryimage"},"thumbnailUrl":"https:\/\/ecosupplements.be\/wp-content\/uploads\/2025\/08\/SPICES-by-YANGO-Sugar-from-coconut-palm-flowers-140-g.jpg","datePublished":"2025-07-27T04:15:14+00:00","dateModified":"2025-08-28T02:59:31+00:00","description":"Wij hebben een ruime keuze aan producten van \u00c9PICES par YANGO Sucre de fleurs de palmier de coco (140 g) . Winkel bij Eco Supplements altijd gratis verzending boven 100\u20ac","breadcrumb":{"@id":"https:\/\/ecosupplements.be\/fr\/produit\/spices-by-yango-sugar-from-coconut-palm-flowers-140-g\/#breadcrumb"},"inLanguage":"fr-FR","potentialAction":[{"@type":"ReadAction","target":["https:\/\/ecosupplements.be\/fr\/produit\/spices-by-yango-sugar-from-coconut-palm-flowers-140-g\/"]}]},{"@type":"ImageObject","inLanguage":"fr-FR","@id":"https:\/\/ecosupplements.be\/fr\/produit\/spices-by-yango-sugar-from-coconut-palm-flowers-140-g\/#primaryimage","url":"https:\/\/ecosupplements.be\/wp-content\/uploads\/2025\/08\/SPICES-by-YANGO-Sugar-from-coconut-palm-flowers-140-g.jpg","contentUrl":"https:\/\/ecosupplements.be\/wp-content\/uploads\/2025\/08\/SPICES-by-YANGO-Sugar-from-coconut-palm-flowers-140-g.jpg","width":572,"height":568},{"@type":"BreadcrumbList","@id":"https:\/\/ecosupplements.be\/fr\/produit\/spices-by-yango-sugar-from-coconut-palm-flowers-140-g\/#breadcrumb","itemListElement":[{"@type":"ListItem","position":1,"name":"Home","item":"https:\/\/ecosupplements.be\/fr\/"},{"@type":"ListItem","position":2,"name":"Boutique","item":"https:\/\/ecosupplements.be\/fr\/boutique\/"},{"@type":"ListItem","position":3,"name":"\u00c9PICES par YANGO Sucre de fleurs de palmier de coco (140 g)"}]},{"@type":"WebSite","@id":"https:\/\/ecosupplements.be\/fr\/#website","url":"https:\/\/ecosupplements.be\/fr\/","name":"ECO Supplements","description":"Eco Supplements - Gezonde supplementen","publisher":{"@id":"https:\/\/ecosupplements.be\/fr\/#organization"},"potentialAction":[{"@type":"SearchAction","target":{"@type":"EntryPoint","urlTemplate":"https:\/\/ecosupplements.be\/fr\/?s={search_term_string}"},"query-input":{"@type":"PropertyValueSpecification","valueRequired":true,"valueName":"search_term_string"}}],"inLanguage":"fr-FR"},{"@type":"Organization","@id":"https:\/\/ecosupplements.be\/fr\/#organization","name":"Eco Supplements","url":"https:\/\/ecosupplements.be\/fr\/","logo":{"@type":"ImageObject","inLanguage":"fr-FR","@id":"https:\/\/ecosupplements.be\/fr\/#\/schema\/logo\/image\/","url":"https:\/\/ecosupplements.be\/wp-content\/uploads\/2022\/06\/ecosupplement-family.png","contentUrl":"https:\/\/ecosupplements.be\/wp-content\/uploads\/2022\/06\/ecosupplement-family.png","width":593,"height":374,"caption":"Eco Supplements"},"image":{"@id":"https:\/\/ecosupplements.be\/fr\/#\/schema\/logo\/image\/"}}]},"product_brand":"Spices by Yango","product_price_amount":"6.39","product_price_currency":"EUR","og_availability":"instock","product_availability":"instock","product_retailer_item_id":"5904194063856","product_condition":"new"},"_links":{"self":[{"href":"https:\/\/ecosupplements.be\/fr\/wp-json\/wp\/v2\/product\/303615","targetHints":{"allow":["GET"]}}],"collection":[{"href":"https:\/\/ecosupplements.be\/fr\/wp-json\/wp\/v2\/product"}],"about":[{"href":"https:\/\/ecosupplements.be\/fr\/wp-json\/wp\/v2\/types\/product"}],"replies":[{"embeddable":true,"href":"https:\/\/ecosupplements.be\/fr\/wp-json\/wp\/v2\/comments?post=303615"}],"wp:featuredmedia":[{"embeddable":true,"href":"https:\/\/ecosupplements.be\/fr\/wp-json\/wp\/v2\/media\/277755"}],"wp:attachment":[{"href":"https:\/\/ecosupplements.be\/fr\/wp-json\/wp\/v2\/media?parent=303615"}],"wp:term":[{"taxonomy":"product_brand","embeddable":true,"href":"https:\/\/ecosupplements.be\/fr\/wp-json\/wp\/v2\/product_brand?post=303615"},{"taxonomy":"product_cat","embeddable":true,"href":"https:\/\/ecosupplements.be\/fr\/wp-json\/wp\/v2\/product_cat?post=303615"},{"taxonomy":"product_tag","embeddable":true,"href":"https:\/\/ecosupplements.be\/fr\/wp-json\/wp\/v2\/product_tag?post=303615"}],"curies":[{"name":"wp","href":"https:\/\/api.w.org\/{rel}","templated":true}]}}