{"id":303624,"date":"2025-07-27T05:16:06","date_gmt":"2025-07-27T04:16:06","guid":{"rendered":"https:\/\/ecosupplements.be\/product\/spices-by-yango-maqaw-citrus-pepper-125-g\/"},"modified":"2025-08-28T03:59:39","modified_gmt":"2025-08-28T02:59:39","slug":"spices-by-yango-maqaw-citrus-pepper-125-g","status":"publish","type":"product","link":"https:\/\/ecosupplements.be\/fr\/produit\/spices-by-yango-maqaw-citrus-pepper-125-g\/","title":{"rendered":"\u00c9PICES par YANGO M\u00e9lange d&#8217;agrumes et de poivre Maqaw (125 g)"},"content":{"rendered":"<h2>SPICES by YANGO Maqaw Citrus Pepper (125 g)<\/h2>\n<p>D\u00e9couvrez le <strong>Pieprz cytrusowy Maqaw<\/strong>, une \u00e9pice exotique provenant des for\u00eats denses du nord du Vietnam. Ce poivre unique, cueilli \u00e0 la main sur les arbres sauvages des collines montagneuses, est appr\u00e9ci\u00e9 pour son ar\u00f4me citronn\u00e9 distinctif avec une touche de piquant. Il enrichit une vari\u00e9t\u00e9 de plats avec sa fra\u00eecheur et son parfum revigorant.<\/p>\n<p>ce produit naturel est parfait pour ceux qui cherchent \u00e0 explorer de nouvelles saveurs en cuisine. Le <strong>Pieprz cytrusowy Maqaw<\/strong> se marie id\u00e9alement avec les poissons,la volaille et peut \u00e9galement transformer vos sauces,marinades et vinaigrettes. Son profil aromatique vibrant le rend \u00e9galement excellent dans les th\u00e9s, infusions, vins ou limonades, ajoutant un caract\u00e8re unique aux cocktails et desserts.<\/p>\n<p><em>Contenu et emballage :<\/em> Le poivre citronn\u00e9 maqaw est pr\u00e9sent\u00e9 dans un emballage pratique de 125 grammes.<\/p>\n<p><em>Ingr\u00e9dients principaux :<\/em> Poivre citronn\u00e9 Maqaw (<i>Litsea cubeba<\/i>) r\u00e9colt\u00e9 \u00e0 l&#8217;\u00e9tat sauvage.<\/p>\n<p><em>Utilisation :<\/em> Utilisez selon votre go\u00fbt pour rehausser vos plats avec une touche exotique et rafra\u00eechissante.<\/p>\n<p>Ce produit s&#8217;int\u00e8gre parfaitement dans un style de vie actif en offrant une option naturelle pour enrichir votre cuisine quotidienne sans effort. un choix id\u00e9al pour ceux qui valorisent les ingr\u00e9dients purs et naturels dans leur alimentation.<\/p>\n","protected":false},"excerpt":{"rendered":"<p>SPICES by YANGO Maqaw Citrus Pepper (125 g) D\u00e9couvrez le Pieprz cytrusowy Maqaw, une \u00e9pice exotique provenant des for\u00eats denses du nord du Vietnam. Ce poivre unique, cueilli \u00e0 la main sur les arbres sauvages des collines montagneuses, est appr\u00e9ci\u00e9 pour son ar\u00f4me citronn\u00e9 distinctif avec une touche de piquant. Il enrichit une vari\u00e9t\u00e9 de [&#8230;]\n","protected":false},"featured_media":277764,"comment_status":"closed","ping_status":"open","template":"","meta":[],"product_brand":[5385],"product_cat":[5054],"product_tag":[],"class_list":{"0":"post-303624","1":"product","2":"type-product","3":"status-publish","4":"has-post-thumbnail","6":"product_brand-spices-by-yango-2","7":"product_cat-nourriture-saine","9":"first","10":"instock","11":"taxable","12":"shipping-taxable","13":"purchasable","14":"product-type-simple"},"yoast_head":"<!-- This site is optimized with the Yoast SEO Premium plugin v27.5 (Yoast SEO v27.5) - https:\/\/yoast.com\/product\/yoast-seo-premium-wordpress\/ -->\n<title>\u00c9PICES par YANGO M\u00e9lange d&#039;agrumes et de poivre Maqaw (125 g) - ECO Supplements<\/title>\n<meta name=\"description\" content=\"Wij hebben een ruime keuze aan producten van \u00c9PICES par YANGO M\u00e9lange d&#039;agrumes et de poivre Maqaw (125 g) . Winkel bij Eco Supplements altijd gratis verzending boven 100\u20ac\" \/>\n<meta name=\"robots\" content=\"index, follow, max-snippet:-1, max-image-preview:large, max-video-preview:-1\" \/>\n<link rel=\"canonical\" href=\"https:\/\/ecosupplements.be\/fr\/produit\/spices-by-yango-maqaw-citrus-pepper-125-g\/\" \/>\n<meta property=\"og:locale\" content=\"fr_FR\" \/>\n<meta property=\"og:type\" content=\"article\" \/>\n<meta property=\"og:title\" content=\"\u00c9PICES par YANGO M\u00e9lange d&#039;agrumes et de poivre Maqaw (125 g)\" \/>\n<meta property=\"og:description\" content=\"Wij hebben een ruime keuze aan producten van \u00c9PICES par YANGO M\u00e9lange d&#039;agrumes et de poivre Maqaw (125 g) . Winkel bij Eco Supplements altijd gratis verzending boven 100\u20ac\" \/>\n<meta property=\"og:url\" content=\"https:\/\/ecosupplements.be\/fr\/produit\/spices-by-yango-maqaw-citrus-pepper-125-g\/\" \/>\n<meta property=\"og:site_name\" content=\"ECO Supplements\" \/>\n<meta property=\"article:modified_time\" content=\"2025-08-28T02:59:39+00:00\" \/>\n<meta property=\"og:image\" content=\"https:\/\/ecosupplements.be\/wp-content\/uploads\/2025\/08\/Spices-by-Yango-SPICES-by-YANGO-Maqaw-citrus-pepper-125-g.jpg\" \/>\n\t<meta property=\"og:image:width\" content=\"572\" \/>\n\t<meta property=\"og:image:height\" content=\"557\" \/>\n\t<meta property=\"og:image:type\" content=\"image\/jpeg\" \/>\n<meta name=\"twitter:card\" content=\"summary_large_image\" \/>\n<meta name=\"twitter:label1\" content=\"Prix\" \/>\n\t<meta name=\"twitter:data1\" content=\"18.24&nbsp;&euro;\" \/>\n\t<meta name=\"twitter:label2\" content=\"Disponibilit\u00e9\" \/>\n\t<meta name=\"twitter:data2\" content=\"En stock\" \/>\n<script type=\"application\/ld+json\" class=\"yoast-schema-graph\">{\"@context\":\"https:\\\/\\\/schema.org\",\"@graph\":[{\"@type\":[\"WebPage\",\"ItemPage\"],\"@id\":\"https:\\\/\\\/ecosupplements.be\\\/fr\\\/produit\\\/spices-by-yango-maqaw-citrus-pepper-125-g\\\/\",\"url\":\"https:\\\/\\\/ecosupplements.be\\\/fr\\\/produit\\\/spices-by-yango-maqaw-citrus-pepper-125-g\\\/\",\"name\":\"\u00c9PICES par YANGO M\u00e9lange d'agrumes et de poivre Maqaw (125 g) - ECO Supplements\",\"isPartOf\":{\"@id\":\"https:\\\/\\\/ecosupplements.be\\\/fr\\\/#website\"},\"primaryImageOfPage\":{\"@id\":\"https:\\\/\\\/ecosupplements.be\\\/fr\\\/produit\\\/spices-by-yango-maqaw-citrus-pepper-125-g\\\/#primaryimage\"},\"image\":{\"@id\":\"https:\\\/\\\/ecosupplements.be\\\/fr\\\/produit\\\/spices-by-yango-maqaw-citrus-pepper-125-g\\\/#primaryimage\"},\"thumbnailUrl\":\"https:\\\/\\\/ecosupplements.be\\\/wp-content\\\/uploads\\\/2025\\\/08\\\/SPICES-by-YANGO-Maqaw-citrus-pepper-125-g.jpg\",\"datePublished\":\"2025-07-27T04:16:06+00:00\",\"dateModified\":\"2025-08-28T02:59:39+00:00\",\"description\":\"Wij hebben een ruime keuze aan producten van \u00c9PICES par YANGO M\u00e9lange d'agrumes et de poivre Maqaw (125 g) . Winkel bij Eco Supplements altijd gratis verzending boven 100\u20ac\",\"breadcrumb\":{\"@id\":\"https:\\\/\\\/ecosupplements.be\\\/fr\\\/produit\\\/spices-by-yango-maqaw-citrus-pepper-125-g\\\/#breadcrumb\"},\"inLanguage\":\"fr-FR\",\"potentialAction\":[{\"@type\":\"ReadAction\",\"target\":[\"https:\\\/\\\/ecosupplements.be\\\/fr\\\/produit\\\/spices-by-yango-maqaw-citrus-pepper-125-g\\\/\"]}]},{\"@type\":\"ImageObject\",\"inLanguage\":\"fr-FR\",\"@id\":\"https:\\\/\\\/ecosupplements.be\\\/fr\\\/produit\\\/spices-by-yango-maqaw-citrus-pepper-125-g\\\/#primaryimage\",\"url\":\"https:\\\/\\\/ecosupplements.be\\\/wp-content\\\/uploads\\\/2025\\\/08\\\/SPICES-by-YANGO-Maqaw-citrus-pepper-125-g.jpg\",\"contentUrl\":\"https:\\\/\\\/ecosupplements.be\\\/wp-content\\\/uploads\\\/2025\\\/08\\\/SPICES-by-YANGO-Maqaw-citrus-pepper-125-g.jpg\",\"width\":572,\"height\":557},{\"@type\":\"BreadcrumbList\",\"@id\":\"https:\\\/\\\/ecosupplements.be\\\/fr\\\/produit\\\/spices-by-yango-maqaw-citrus-pepper-125-g\\\/#breadcrumb\",\"itemListElement\":[{\"@type\":\"ListItem\",\"position\":1,\"name\":\"Home\",\"item\":\"https:\\\/\\\/ecosupplements.be\\\/fr\\\/\"},{\"@type\":\"ListItem\",\"position\":2,\"name\":\"Boutique\",\"item\":\"https:\\\/\\\/ecosupplements.be\\\/fr\\\/boutique\\\/\"},{\"@type\":\"ListItem\",\"position\":3,\"name\":\"\u00c9PICES par YANGO M\u00e9lange d&#8217;agrumes et de poivre Maqaw (125 g)\"}]},{\"@type\":\"WebSite\",\"@id\":\"https:\\\/\\\/ecosupplements.be\\\/fr\\\/#website\",\"url\":\"https:\\\/\\\/ecosupplements.be\\\/fr\\\/\",\"name\":\"ECO Supplements\",\"description\":\"Eco Supplements - Gezonde supplementen\",\"publisher\":{\"@id\":\"https:\\\/\\\/ecosupplements.be\\\/fr\\\/#organization\"},\"potentialAction\":[{\"@type\":\"SearchAction\",\"target\":{\"@type\":\"EntryPoint\",\"urlTemplate\":\"https:\\\/\\\/ecosupplements.be\\\/fr\\\/?s={search_term_string}\"},\"query-input\":{\"@type\":\"PropertyValueSpecification\",\"valueRequired\":true,\"valueName\":\"search_term_string\"}}],\"inLanguage\":\"fr-FR\"},{\"@type\":\"Organization\",\"@id\":\"https:\\\/\\\/ecosupplements.be\\\/fr\\\/#organization\",\"name\":\"Eco Supplements\",\"url\":\"https:\\\/\\\/ecosupplements.be\\\/fr\\\/\",\"logo\":{\"@type\":\"ImageObject\",\"inLanguage\":\"fr-FR\",\"@id\":\"https:\\\/\\\/ecosupplements.be\\\/fr\\\/#\\\/schema\\\/logo\\\/image\\\/\",\"url\":\"https:\\\/\\\/ecosupplements.be\\\/wp-content\\\/uploads\\\/2022\\\/06\\\/ecosupplement-family.png\",\"contentUrl\":\"https:\\\/\\\/ecosupplements.be\\\/wp-content\\\/uploads\\\/2022\\\/06\\\/ecosupplement-family.png\",\"width\":593,\"height\":374,\"caption\":\"Eco Supplements\"},\"image\":{\"@id\":\"https:\\\/\\\/ecosupplements.be\\\/fr\\\/#\\\/schema\\\/logo\\\/image\\\/\"}}]}<\/script>\n<meta property=\"product:brand\" content=\"Spices by Yango\" \/>\n<meta property=\"product:price:amount\" content=\"18.24\" \/>\n<meta property=\"product:price:currency\" content=\"EUR\" \/>\n<meta property=\"og:availability\" content=\"instock\" \/>\n<meta property=\"product:availability\" content=\"instock\" \/>\n<meta property=\"product:retailer_item_id\" content=\"5904194063764\" \/>\n<meta property=\"product:condition\" content=\"new\" \/>\n<!-- \/ Yoast SEO Premium plugin. -->","yoast_head_json":{"title":"\u00c9PICES par YANGO M\u00e9lange d'agrumes et de poivre Maqaw (125 g) - ECO Supplements","description":"Wij hebben een ruime keuze aan producten van \u00c9PICES par YANGO M\u00e9lange d'agrumes et de poivre Maqaw (125 g) . Winkel bij Eco Supplements altijd gratis verzending boven 100\u20ac","robots":{"index":"index","follow":"follow","max-snippet":"max-snippet:-1","max-image-preview":"max-image-preview:large","max-video-preview":"max-video-preview:-1"},"canonical":"https:\/\/ecosupplements.be\/fr\/produit\/spices-by-yango-maqaw-citrus-pepper-125-g\/","og_locale":"fr_FR","og_type":"article","og_title":"\u00c9PICES par YANGO M\u00e9lange d'agrumes et de poivre Maqaw (125 g)","og_description":"Wij hebben een ruime keuze aan producten van \u00c9PICES par YANGO M\u00e9lange d'agrumes et de poivre Maqaw (125 g) . Winkel bij Eco Supplements altijd gratis verzending boven 100\u20ac","og_url":"https:\/\/ecosupplements.be\/fr\/produit\/spices-by-yango-maqaw-citrus-pepper-125-g\/","og_site_name":"ECO Supplements","article_modified_time":"2025-08-28T02:59:39+00:00","og_image":[{"width":572,"height":557,"url":"https:\/\/ecosupplements.be\/wp-content\/uploads\/2025\/08\/Spices-by-Yango-SPICES-by-YANGO-Maqaw-citrus-pepper-125-g.jpg","type":"image\/jpeg"}],"twitter_card":"summary_large_image","twitter_misc":{"Prix":"18.24&nbsp;&euro;","Disponibilit\u00e9":"En stock"},"schema":{"@context":"https:\/\/schema.org","@graph":[{"@type":["WebPage","ItemPage"],"@id":"https:\/\/ecosupplements.be\/fr\/produit\/spices-by-yango-maqaw-citrus-pepper-125-g\/","url":"https:\/\/ecosupplements.be\/fr\/produit\/spices-by-yango-maqaw-citrus-pepper-125-g\/","name":"\u00c9PICES par YANGO M\u00e9lange d'agrumes et de poivre Maqaw (125 g) - ECO Supplements","isPartOf":{"@id":"https:\/\/ecosupplements.be\/fr\/#website"},"primaryImageOfPage":{"@id":"https:\/\/ecosupplements.be\/fr\/produit\/spices-by-yango-maqaw-citrus-pepper-125-g\/#primaryimage"},"image":{"@id":"https:\/\/ecosupplements.be\/fr\/produit\/spices-by-yango-maqaw-citrus-pepper-125-g\/#primaryimage"},"thumbnailUrl":"https:\/\/ecosupplements.be\/wp-content\/uploads\/2025\/08\/SPICES-by-YANGO-Maqaw-citrus-pepper-125-g.jpg","datePublished":"2025-07-27T04:16:06+00:00","dateModified":"2025-08-28T02:59:39+00:00","description":"Wij hebben een ruime keuze aan producten van \u00c9PICES par YANGO M\u00e9lange d'agrumes et de poivre Maqaw (125 g) . Winkel bij Eco Supplements altijd gratis verzending boven 100\u20ac","breadcrumb":{"@id":"https:\/\/ecosupplements.be\/fr\/produit\/spices-by-yango-maqaw-citrus-pepper-125-g\/#breadcrumb"},"inLanguage":"fr-FR","potentialAction":[{"@type":"ReadAction","target":["https:\/\/ecosupplements.be\/fr\/produit\/spices-by-yango-maqaw-citrus-pepper-125-g\/"]}]},{"@type":"ImageObject","inLanguage":"fr-FR","@id":"https:\/\/ecosupplements.be\/fr\/produit\/spices-by-yango-maqaw-citrus-pepper-125-g\/#primaryimage","url":"https:\/\/ecosupplements.be\/wp-content\/uploads\/2025\/08\/SPICES-by-YANGO-Maqaw-citrus-pepper-125-g.jpg","contentUrl":"https:\/\/ecosupplements.be\/wp-content\/uploads\/2025\/08\/SPICES-by-YANGO-Maqaw-citrus-pepper-125-g.jpg","width":572,"height":557},{"@type":"BreadcrumbList","@id":"https:\/\/ecosupplements.be\/fr\/produit\/spices-by-yango-maqaw-citrus-pepper-125-g\/#breadcrumb","itemListElement":[{"@type":"ListItem","position":1,"name":"Home","item":"https:\/\/ecosupplements.be\/fr\/"},{"@type":"ListItem","position":2,"name":"Boutique","item":"https:\/\/ecosupplements.be\/fr\/boutique\/"},{"@type":"ListItem","position":3,"name":"\u00c9PICES par YANGO M\u00e9lange d&#8217;agrumes et de poivre Maqaw (125 g)"}]},{"@type":"WebSite","@id":"https:\/\/ecosupplements.be\/fr\/#website","url":"https:\/\/ecosupplements.be\/fr\/","name":"ECO Supplements","description":"Eco Supplements - Gezonde supplementen","publisher":{"@id":"https:\/\/ecosupplements.be\/fr\/#organization"},"potentialAction":[{"@type":"SearchAction","target":{"@type":"EntryPoint","urlTemplate":"https:\/\/ecosupplements.be\/fr\/?s={search_term_string}"},"query-input":{"@type":"PropertyValueSpecification","valueRequired":true,"valueName":"search_term_string"}}],"inLanguage":"fr-FR"},{"@type":"Organization","@id":"https:\/\/ecosupplements.be\/fr\/#organization","name":"Eco Supplements","url":"https:\/\/ecosupplements.be\/fr\/","logo":{"@type":"ImageObject","inLanguage":"fr-FR","@id":"https:\/\/ecosupplements.be\/fr\/#\/schema\/logo\/image\/","url":"https:\/\/ecosupplements.be\/wp-content\/uploads\/2022\/06\/ecosupplement-family.png","contentUrl":"https:\/\/ecosupplements.be\/wp-content\/uploads\/2022\/06\/ecosupplement-family.png","width":593,"height":374,"caption":"Eco Supplements"},"image":{"@id":"https:\/\/ecosupplements.be\/fr\/#\/schema\/logo\/image\/"}}]},"product_brand":"Spices by Yango","product_price_amount":"18.24","product_price_currency":"EUR","og_availability":"instock","product_availability":"instock","product_retailer_item_id":"5904194063764","product_condition":"new"},"_links":{"self":[{"href":"https:\/\/ecosupplements.be\/fr\/wp-json\/wp\/v2\/product\/303624","targetHints":{"allow":["GET"]}}],"collection":[{"href":"https:\/\/ecosupplements.be\/fr\/wp-json\/wp\/v2\/product"}],"about":[{"href":"https:\/\/ecosupplements.be\/fr\/wp-json\/wp\/v2\/types\/product"}],"replies":[{"embeddable":true,"href":"https:\/\/ecosupplements.be\/fr\/wp-json\/wp\/v2\/comments?post=303624"}],"wp:featuredmedia":[{"embeddable":true,"href":"https:\/\/ecosupplements.be\/fr\/wp-json\/wp\/v2\/media\/277764"}],"wp:attachment":[{"href":"https:\/\/ecosupplements.be\/fr\/wp-json\/wp\/v2\/media?parent=303624"}],"wp:term":[{"taxonomy":"product_brand","embeddable":true,"href":"https:\/\/ecosupplements.be\/fr\/wp-json\/wp\/v2\/product_brand?post=303624"},{"taxonomy":"product_cat","embeddable":true,"href":"https:\/\/ecosupplements.be\/fr\/wp-json\/wp\/v2\/product_cat?post=303624"},{"taxonomy":"product_tag","embeddable":true,"href":"https:\/\/ecosupplements.be\/fr\/wp-json\/wp\/v2\/product_tag?post=303624"}],"curies":[{"name":"wp","href":"https:\/\/api.w.org\/{rel}","templated":true}]}}