{"id":303669,"date":"2025-07-27T05:46:11","date_gmt":"2025-07-27T04:46:11","guid":{"rendered":"https:\/\/ecosupplements.be\/product\/thorne-research-adrenal-cortex-60-caps\/"},"modified":"2025-08-28T04:00:31","modified_gmt":"2025-08-28T03:00:31","slug":"thorne-research-adrenal-cortex-60-caps","status":"publish","type":"product","link":"https:\/\/ecosupplements.be\/fr\/produit\/thorne-research-adrenal-cortex-60-caps\/","title":{"rendered":"THORNE RESEARCH Cortex Surr\u00e9nalien (60 g\u00e9lules)"},"content":{"rendered":"<h2>THORNE RESEARCH Adrenal Cortex (60 caps)<\/h2>\n<p>D\u00e9couvrez le choix naturel pour ceux qui appr\u00e9cient les ingr\u00e9dients de grande puret\u00e9. THORNE RESEARCH Adrenal Cortex est formul\u00e9 \u00e0 partir d&#8217;ingr\u00e9dients soigneusement s\u00e9lectionn\u00e9s pour leur origine naturelle.<\/p>\n<h3>Ingr\u00e9dients principaux :<\/h3>\n<ul>\n<li>Extrait de cortex adrenal (bovin) : 50 mg par capsule<\/li>\n<li>Agent de charge : cellulose microcristalline<\/li>\n<li>Enveloppe de la capsule : hydroxypropylm\u00e9thylcellulose<\/li>\n<li>Anti-agglom\u00e9rant : dioxyde de silicium<\/li>\n<\/ul>\n<h3>Contenu et emballage :<\/h3>\n<p>ce produit est pr\u00e9sent\u00e9 dans un emballage contenant 60 capsules, con\u00e7u pour \u00eatre pratique et facile \u00e0 utiliser au quotidien.<\/p>\n<h3>Utilisation :<\/h3>\n<p>Pour une utilisation quotidienne, il est recommand\u00e9 de prendre une capsule par jour. Ne pas d\u00e9passer la dose journali\u00e8re recommand\u00e9e. Ce compl\u00e9ment alimentaire ne doit pas \u00eatre utilis\u00e9 comme substitut d&#8217;une alimentation vari\u00e9e.<\/p>\n<h4>Note importante :<\/h4>\n<p>Ce produit n&#8217;est pas adapt\u00e9 aux personnes allergiques au b\u0153uf. Conserver dans un endroit sec et hors de port\u00e9e des enfants.<\/p>\n<p>Avec THORNE RESEARCH Adrenal Cortex, int\u00e9grez simplement un produit d&#8217;excellente qualit\u00e9 \u00e0 votre routine quotidienne, sans compromis sur le go\u00fbt ou la texture.<\/p>\n","protected":false},"excerpt":{"rendered":"<p>THORNE RESEARCH Adrenal Cortex (60 caps) D\u00e9couvrez le choix naturel pour ceux qui appr\u00e9cient les ingr\u00e9dients de grande puret\u00e9. THORNE RESEARCH Adrenal Cortex est formul\u00e9 \u00e0 partir d&#8217;ingr\u00e9dients soigneusement s\u00e9lectionn\u00e9s pour leur origine naturelle. Ingr\u00e9dients principaux : Extrait de cortex adrenal (bovin) : 50 mg par capsule Agent de charge : cellulose microcristalline Enveloppe de [&#8230;]\n","protected":false},"featured_media":277809,"comment_status":"closed","ping_status":"open","template":"","meta":[],"product_brand":[5388],"product_cat":[5053],"product_tag":[],"class_list":{"0":"post-303669","1":"product","2":"type-product","3":"status-publish","4":"has-post-thumbnail","6":"product_brand-thorne-research-2","7":"product_cat-vitamines-et-mineraux","9":"first","10":"outofstock","11":"taxable","12":"shipping-taxable","13":"purchasable","14":"product-type-simple"},"yoast_head":"<!-- This site is optimized with the Yoast SEO Premium plugin v27.3 (Yoast SEO v27.3) - https:\/\/yoast.com\/product\/yoast-seo-premium-wordpress\/ -->\n<title>THORNE RESEARCH Cortex Surr\u00e9nalien (60 g\u00e9lules) - ECO Supplements<\/title>\n<meta name=\"description\" content=\"Wij hebben een ruime keuze aan producten van THORNE RESEARCH Cortex Surr\u00e9nalien (60 g\u00e9lules) . Winkel bij Eco Supplements altijd gratis verzending boven 100\u20ac\" \/>\n<meta name=\"robots\" content=\"index, follow, max-snippet:-1, max-image-preview:large, max-video-preview:-1\" \/>\n<link rel=\"canonical\" href=\"https:\/\/ecosupplements.be\/fr\/produit\/thorne-research-adrenal-cortex-60-caps\/\" \/>\n<meta property=\"og:locale\" content=\"fr_FR\" \/>\n<meta property=\"og:type\" content=\"article\" \/>\n<meta property=\"og:title\" content=\"THORNE RESEARCH Cortex Surr\u00e9nalien (60 g\u00e9lules)\" \/>\n<meta property=\"og:description\" content=\"Wij hebben een ruime keuze aan producten van THORNE RESEARCH Cortex Surr\u00e9nalien (60 g\u00e9lules) . Winkel bij Eco Supplements altijd gratis verzending boven 100\u20ac\" \/>\n<meta property=\"og:url\" content=\"https:\/\/ecosupplements.be\/fr\/produit\/thorne-research-adrenal-cortex-60-caps\/\" \/>\n<meta property=\"og:site_name\" content=\"ECO Supplements\" \/>\n<meta property=\"article:modified_time\" content=\"2025-08-28T03:00:31+00:00\" \/>\n<meta property=\"og:image\" content=\"https:\/\/ecosupplements.be\/wp-content\/uploads\/2025\/08\/Thorne-Research-THORNE-RESEARCH-Adrenal-Cortex-60-caps.jpg\" \/>\n\t<meta property=\"og:image:width\" content=\"800\" \/>\n\t<meta property=\"og:image:height\" content=\"800\" \/>\n\t<meta property=\"og:image:type\" content=\"image\/jpeg\" \/>\n<meta name=\"twitter:card\" content=\"summary_large_image\" \/>\n<meta name=\"twitter:label1\" content=\"Prix\" \/>\n\t<meta name=\"twitter:data1\" content=\"25.57&nbsp;&euro;\" \/>\n\t<meta name=\"twitter:label2\" content=\"Disponibilit\u00e9\" \/>\n\t<meta name=\"twitter:data2\" content=\"Rupture de stock\" \/>\n<script type=\"application\/ld+json\" class=\"yoast-schema-graph\">{\"@context\":\"https:\\\/\\\/schema.org\",\"@graph\":[{\"@type\":[\"WebPage\",\"ItemPage\"],\"@id\":\"https:\\\/\\\/ecosupplements.be\\\/fr\\\/produit\\\/thorne-research-adrenal-cortex-60-caps\\\/\",\"url\":\"https:\\\/\\\/ecosupplements.be\\\/fr\\\/produit\\\/thorne-research-adrenal-cortex-60-caps\\\/\",\"name\":\"THORNE RESEARCH Cortex Surr\u00e9nalien (60 g\u00e9lules) - ECO Supplements\",\"isPartOf\":{\"@id\":\"https:\\\/\\\/ecosupplements.be\\\/fr\\\/#website\"},\"primaryImageOfPage\":{\"@id\":\"https:\\\/\\\/ecosupplements.be\\\/fr\\\/produit\\\/thorne-research-adrenal-cortex-60-caps\\\/#primaryimage\"},\"image\":{\"@id\":\"https:\\\/\\\/ecosupplements.be\\\/fr\\\/produit\\\/thorne-research-adrenal-cortex-60-caps\\\/#primaryimage\"},\"thumbnailUrl\":\"https:\\\/\\\/ecosupplements.be\\\/wp-content\\\/uploads\\\/2025\\\/08\\\/THORNE-RESEARCH-Adrenal-Cortex-60-caps.jpg\",\"datePublished\":\"2025-07-27T04:46:11+00:00\",\"dateModified\":\"2025-08-28T03:00:31+00:00\",\"description\":\"Wij hebben een ruime keuze aan producten van THORNE RESEARCH Cortex Surr\u00e9nalien (60 g\u00e9lules) . Winkel bij Eco Supplements altijd gratis verzending boven 100\u20ac\",\"breadcrumb\":{\"@id\":\"https:\\\/\\\/ecosupplements.be\\\/fr\\\/produit\\\/thorne-research-adrenal-cortex-60-caps\\\/#breadcrumb\"},\"inLanguage\":\"fr-FR\",\"potentialAction\":[{\"@type\":\"ReadAction\",\"target\":[\"https:\\\/\\\/ecosupplements.be\\\/fr\\\/produit\\\/thorne-research-adrenal-cortex-60-caps\\\/\"]}]},{\"@type\":\"ImageObject\",\"inLanguage\":\"fr-FR\",\"@id\":\"https:\\\/\\\/ecosupplements.be\\\/fr\\\/produit\\\/thorne-research-adrenal-cortex-60-caps\\\/#primaryimage\",\"url\":\"https:\\\/\\\/ecosupplements.be\\\/wp-content\\\/uploads\\\/2025\\\/08\\\/THORNE-RESEARCH-Adrenal-Cortex-60-caps.jpg\",\"contentUrl\":\"https:\\\/\\\/ecosupplements.be\\\/wp-content\\\/uploads\\\/2025\\\/08\\\/THORNE-RESEARCH-Adrenal-Cortex-60-caps.jpg\",\"width\":800,\"height\":800},{\"@type\":\"BreadcrumbList\",\"@id\":\"https:\\\/\\\/ecosupplements.be\\\/fr\\\/produit\\\/thorne-research-adrenal-cortex-60-caps\\\/#breadcrumb\",\"itemListElement\":[{\"@type\":\"ListItem\",\"position\":1,\"name\":\"Home\",\"item\":\"https:\\\/\\\/ecosupplements.be\\\/fr\\\/\"},{\"@type\":\"ListItem\",\"position\":2,\"name\":\"Boutique\",\"item\":\"https:\\\/\\\/ecosupplements.be\\\/fr\\\/boutique\\\/\"},{\"@type\":\"ListItem\",\"position\":3,\"name\":\"THORNE RESEARCH Cortex Surr\u00e9nalien (60 g\u00e9lules)\"}]},{\"@type\":\"WebSite\",\"@id\":\"https:\\\/\\\/ecosupplements.be\\\/fr\\\/#website\",\"url\":\"https:\\\/\\\/ecosupplements.be\\\/fr\\\/\",\"name\":\"ECO Supplements\",\"description\":\"Eco Supplements - Gezonde supplementen\",\"publisher\":{\"@id\":\"https:\\\/\\\/ecosupplements.be\\\/fr\\\/#organization\"},\"potentialAction\":[{\"@type\":\"SearchAction\",\"target\":{\"@type\":\"EntryPoint\",\"urlTemplate\":\"https:\\\/\\\/ecosupplements.be\\\/fr\\\/?s={search_term_string}\"},\"query-input\":{\"@type\":\"PropertyValueSpecification\",\"valueRequired\":true,\"valueName\":\"search_term_string\"}}],\"inLanguage\":\"fr-FR\"},{\"@type\":\"Organization\",\"@id\":\"https:\\\/\\\/ecosupplements.be\\\/fr\\\/#organization\",\"name\":\"Eco Supplements\",\"url\":\"https:\\\/\\\/ecosupplements.be\\\/fr\\\/\",\"logo\":{\"@type\":\"ImageObject\",\"inLanguage\":\"fr-FR\",\"@id\":\"https:\\\/\\\/ecosupplements.be\\\/fr\\\/#\\\/schema\\\/logo\\\/image\\\/\",\"url\":\"https:\\\/\\\/ecosupplements.be\\\/wp-content\\\/uploads\\\/2022\\\/06\\\/ecosupplement-family.png\",\"contentUrl\":\"https:\\\/\\\/ecosupplements.be\\\/wp-content\\\/uploads\\\/2022\\\/06\\\/ecosupplement-family.png\",\"width\":593,\"height\":374,\"caption\":\"Eco Supplements\"},\"image\":{\"@id\":\"https:\\\/\\\/ecosupplements.be\\\/fr\\\/#\\\/schema\\\/logo\\\/image\\\/\"}}]}<\/script>\n<meta property=\"product:brand\" content=\"Thorne Research\" \/>\n<meta property=\"product:price:amount\" content=\"25.57\" \/>\n<meta property=\"product:price:currency\" content=\"EUR\" \/>\n<meta property=\"og:availability\" content=\"out of stock\" \/>\n<meta property=\"product:availability\" content=\"out of stock\" \/>\n<meta property=\"product:retailer_item_id\" content=\"693749803034\" \/>\n<meta property=\"product:condition\" content=\"new\" \/>\n<!-- \/ Yoast SEO Premium plugin. -->","yoast_head_json":{"title":"THORNE RESEARCH Cortex Surr\u00e9nalien (60 g\u00e9lules) - ECO Supplements","description":"Wij hebben een ruime keuze aan producten van THORNE RESEARCH Cortex Surr\u00e9nalien (60 g\u00e9lules) . Winkel bij Eco Supplements altijd gratis verzending boven 100\u20ac","robots":{"index":"index","follow":"follow","max-snippet":"max-snippet:-1","max-image-preview":"max-image-preview:large","max-video-preview":"max-video-preview:-1"},"canonical":"https:\/\/ecosupplements.be\/fr\/produit\/thorne-research-adrenal-cortex-60-caps\/","og_locale":"fr_FR","og_type":"article","og_title":"THORNE RESEARCH Cortex Surr\u00e9nalien (60 g\u00e9lules)","og_description":"Wij hebben een ruime keuze aan producten van THORNE RESEARCH Cortex Surr\u00e9nalien (60 g\u00e9lules) . Winkel bij Eco Supplements altijd gratis verzending boven 100\u20ac","og_url":"https:\/\/ecosupplements.be\/fr\/produit\/thorne-research-adrenal-cortex-60-caps\/","og_site_name":"ECO Supplements","article_modified_time":"2025-08-28T03:00:31+00:00","og_image":[{"width":800,"height":800,"url":"https:\/\/ecosupplements.be\/wp-content\/uploads\/2025\/08\/Thorne-Research-THORNE-RESEARCH-Adrenal-Cortex-60-caps.jpg","type":"image\/jpeg"}],"twitter_card":"summary_large_image","twitter_misc":{"Prix":"25.57&nbsp;&euro;","Disponibilit\u00e9":"Rupture de stock"},"schema":{"@context":"https:\/\/schema.org","@graph":[{"@type":["WebPage","ItemPage"],"@id":"https:\/\/ecosupplements.be\/fr\/produit\/thorne-research-adrenal-cortex-60-caps\/","url":"https:\/\/ecosupplements.be\/fr\/produit\/thorne-research-adrenal-cortex-60-caps\/","name":"THORNE RESEARCH Cortex Surr\u00e9nalien (60 g\u00e9lules) - ECO Supplements","isPartOf":{"@id":"https:\/\/ecosupplements.be\/fr\/#website"},"primaryImageOfPage":{"@id":"https:\/\/ecosupplements.be\/fr\/produit\/thorne-research-adrenal-cortex-60-caps\/#primaryimage"},"image":{"@id":"https:\/\/ecosupplements.be\/fr\/produit\/thorne-research-adrenal-cortex-60-caps\/#primaryimage"},"thumbnailUrl":"https:\/\/ecosupplements.be\/wp-content\/uploads\/2025\/08\/THORNE-RESEARCH-Adrenal-Cortex-60-caps.jpg","datePublished":"2025-07-27T04:46:11+00:00","dateModified":"2025-08-28T03:00:31+00:00","description":"Wij hebben een ruime keuze aan producten van THORNE RESEARCH Cortex Surr\u00e9nalien (60 g\u00e9lules) . Winkel bij Eco Supplements altijd gratis verzending boven 100\u20ac","breadcrumb":{"@id":"https:\/\/ecosupplements.be\/fr\/produit\/thorne-research-adrenal-cortex-60-caps\/#breadcrumb"},"inLanguage":"fr-FR","potentialAction":[{"@type":"ReadAction","target":["https:\/\/ecosupplements.be\/fr\/produit\/thorne-research-adrenal-cortex-60-caps\/"]}]},{"@type":"ImageObject","inLanguage":"fr-FR","@id":"https:\/\/ecosupplements.be\/fr\/produit\/thorne-research-adrenal-cortex-60-caps\/#primaryimage","url":"https:\/\/ecosupplements.be\/wp-content\/uploads\/2025\/08\/THORNE-RESEARCH-Adrenal-Cortex-60-caps.jpg","contentUrl":"https:\/\/ecosupplements.be\/wp-content\/uploads\/2025\/08\/THORNE-RESEARCH-Adrenal-Cortex-60-caps.jpg","width":800,"height":800},{"@type":"BreadcrumbList","@id":"https:\/\/ecosupplements.be\/fr\/produit\/thorne-research-adrenal-cortex-60-caps\/#breadcrumb","itemListElement":[{"@type":"ListItem","position":1,"name":"Home","item":"https:\/\/ecosupplements.be\/fr\/"},{"@type":"ListItem","position":2,"name":"Boutique","item":"https:\/\/ecosupplements.be\/fr\/boutique\/"},{"@type":"ListItem","position":3,"name":"THORNE RESEARCH Cortex Surr\u00e9nalien (60 g\u00e9lules)"}]},{"@type":"WebSite","@id":"https:\/\/ecosupplements.be\/fr\/#website","url":"https:\/\/ecosupplements.be\/fr\/","name":"ECO Supplements","description":"Eco Supplements - Gezonde supplementen","publisher":{"@id":"https:\/\/ecosupplements.be\/fr\/#organization"},"potentialAction":[{"@type":"SearchAction","target":{"@type":"EntryPoint","urlTemplate":"https:\/\/ecosupplements.be\/fr\/?s={search_term_string}"},"query-input":{"@type":"PropertyValueSpecification","valueRequired":true,"valueName":"search_term_string"}}],"inLanguage":"fr-FR"},{"@type":"Organization","@id":"https:\/\/ecosupplements.be\/fr\/#organization","name":"Eco Supplements","url":"https:\/\/ecosupplements.be\/fr\/","logo":{"@type":"ImageObject","inLanguage":"fr-FR","@id":"https:\/\/ecosupplements.be\/fr\/#\/schema\/logo\/image\/","url":"https:\/\/ecosupplements.be\/wp-content\/uploads\/2022\/06\/ecosupplement-family.png","contentUrl":"https:\/\/ecosupplements.be\/wp-content\/uploads\/2022\/06\/ecosupplement-family.png","width":593,"height":374,"caption":"Eco Supplements"},"image":{"@id":"https:\/\/ecosupplements.be\/fr\/#\/schema\/logo\/image\/"}}]},"product_brand":"Thorne Research","product_price_amount":"25.57","product_price_currency":"EUR","og_availability":"out of stock","product_availability":"out of stock","product_retailer_item_id":"693749803034","product_condition":"new"},"_links":{"self":[{"href":"https:\/\/ecosupplements.be\/fr\/wp-json\/wp\/v2\/product\/303669","targetHints":{"allow":["GET"]}}],"collection":[{"href":"https:\/\/ecosupplements.be\/fr\/wp-json\/wp\/v2\/product"}],"about":[{"href":"https:\/\/ecosupplements.be\/fr\/wp-json\/wp\/v2\/types\/product"}],"replies":[{"embeddable":true,"href":"https:\/\/ecosupplements.be\/fr\/wp-json\/wp\/v2\/comments?post=303669"}],"wp:featuredmedia":[{"embeddable":true,"href":"https:\/\/ecosupplements.be\/fr\/wp-json\/wp\/v2\/media\/277809"}],"wp:attachment":[{"href":"https:\/\/ecosupplements.be\/fr\/wp-json\/wp\/v2\/media?parent=303669"}],"wp:term":[{"taxonomy":"product_brand","embeddable":true,"href":"https:\/\/ecosupplements.be\/fr\/wp-json\/wp\/v2\/product_brand?post=303669"},{"taxonomy":"product_cat","embeddable":true,"href":"https:\/\/ecosupplements.be\/fr\/wp-json\/wp\/v2\/product_cat?post=303669"},{"taxonomy":"product_tag","embeddable":true,"href":"https:\/\/ecosupplements.be\/fr\/wp-json\/wp\/v2\/product_tag?post=303669"}],"curies":[{"name":"wp","href":"https:\/\/api.w.org\/{rel}","templated":true}]}}