{"id":303696,"date":"2025-07-27T06:15:12","date_gmt":"2025-07-27T05:15:12","guid":{"rendered":"https:\/\/ecosupplements.be\/product\/thorne-research-glutathione-sr-60-caps\/"},"modified":"2025-08-28T04:01:01","modified_gmt":"2025-08-28T03:01:01","slug":"thorne-research-glutathione-sr-60-caps","status":"publish","type":"product","link":"https:\/\/ecosupplements.be\/fr\/produit\/thorne-research-glutathione-sr-60-caps\/","title":{"rendered":"THORNE RESEARCH Glutathion \u00e0 lib\u00e9ration prolong\u00e9e (60 g\u00e9lules)"},"content":{"rendered":"<p><strong>Nom du produit :<\/strong> THORNE RESEARCH Glutathione-SR (60 caps)<\/p>\n<p><strong>Description :<\/strong> D\u00e9couvrez un choix naturel pour votre quotidien avec le Glutathione-SR de THORNE RESEARCH, con\u00e7u avec des ingr\u00e9dients de haute puret\u00e9. Ce produit est pr\u00e9sent\u00e9 dans un format pratique de 60 capsules, facile \u00e0 int\u00e9grer dans votre routine journali\u00e8re.<\/p>\n<p><strong>Ingr\u00e9dients principaux :<\/strong> Chaque capsule contient du glutathion r\u00e9duit, accompagn\u00e9 d&#8217;agents tels que l&#8217;hydroxypropylm\u00e9thylcellulose et le citrate de magn\u00e9sium pour assurer une qualit\u00e9 optimale sans compromis sur la naturalit\u00e9.<\/p>\n<p><strong>Utilisation :<\/strong> Pour une utilisation simple, il est recommand\u00e9 de prendre une (1) capsule par jour avec beaucoup d&#8217;eau ou suivant les conseils d&#8217;un professionnel.<\/p>\n<p><strong>Caract\u00e9ristiques pratiques :<\/strong> Les capsules sont con\u00e7ues pour \u00eatre faciles \u00e0 avaler et sont emball\u00e9es dans un flacon qui pr\u00e9serve leur int\u00e9grit\u00e9 jusqu&#8217;\u00e0 consommation compl\u00e8te. Id\u00e9al pour ceux qui appr\u00e9cient les produits pratiques au quotidien.<\/p>\n<p><em>Ce produit est un compl\u00e9ment alimentaire et ne doit pas remplacer une alimentation vari\u00e9e et \u00e9quilibr\u00e9e ni un mode de vie sain. Ne pas d\u00e9passer la dose journali\u00e8re recommand\u00e9e. Tenir hors de port\u00e9e des enfants. Conserver dans un endroit frais et sec.<\/em><\/p>\n","protected":false},"excerpt":{"rendered":"<p>Nom du produit : THORNE RESEARCH Glutathione-SR (60 caps) Description : D\u00e9couvrez un choix naturel pour votre quotidien avec le Glutathione-SR de THORNE RESEARCH, con\u00e7u avec des ingr\u00e9dients de haute puret\u00e9. Ce produit est pr\u00e9sent\u00e9 dans un format pratique de 60 capsules, facile \u00e0 int\u00e9grer dans votre routine journali\u00e8re. Ingr\u00e9dients principaux : Chaque capsule contient [&#8230;]\n","protected":false},"featured_media":277836,"comment_status":"closed","ping_status":"open","template":"","meta":[],"product_brand":[5388],"product_cat":[5053],"product_tag":[],"class_list":{"0":"post-303696","1":"product","2":"type-product","3":"status-publish","4":"has-post-thumbnail","6":"product_brand-thorne-research-2","7":"product_cat-vitamines-et-mineraux","9":"first","10":"outofstock","11":"taxable","12":"shipping-taxable","13":"purchasable","14":"product-type-simple"},"yoast_head":"<!-- This site is optimized with the Yoast SEO Premium plugin v27.3 (Yoast SEO v27.3) - https:\/\/yoast.com\/product\/yoast-seo-premium-wordpress\/ -->\n<title>THORNE RESEARCH Glutathion \u00e0 lib\u00e9ration prolong\u00e9e (60 g\u00e9lules) - ECO Supplements<\/title>\n<meta name=\"description\" content=\"Wij hebben een ruime keuze aan producten van THORNE RESEARCH Glutathion \u00e0 lib\u00e9ration prolong\u00e9e (60 g\u00e9lules) . Winkel bij Eco Supplements altijd gratis verzending boven 100\u20ac\" \/>\n<meta name=\"robots\" content=\"index, follow, max-snippet:-1, max-image-preview:large, max-video-preview:-1\" \/>\n<link rel=\"canonical\" href=\"https:\/\/ecosupplements.be\/fr\/produit\/thorne-research-glutathione-sr-60-caps\/\" \/>\n<meta property=\"og:locale\" content=\"fr_FR\" \/>\n<meta property=\"og:type\" content=\"article\" \/>\n<meta property=\"og:title\" content=\"THORNE RESEARCH Glutathion \u00e0 lib\u00e9ration prolong\u00e9e (60 g\u00e9lules)\" \/>\n<meta property=\"og:description\" content=\"Wij hebben een ruime keuze aan producten van THORNE RESEARCH Glutathion \u00e0 lib\u00e9ration prolong\u00e9e (60 g\u00e9lules) . Winkel bij Eco Supplements altijd gratis verzending boven 100\u20ac\" \/>\n<meta property=\"og:url\" content=\"https:\/\/ecosupplements.be\/fr\/produit\/thorne-research-glutathione-sr-60-caps\/\" \/>\n<meta property=\"og:site_name\" content=\"ECO Supplements\" \/>\n<meta property=\"article:modified_time\" content=\"2025-08-28T03:01:01+00:00\" \/>\n<meta property=\"og:image\" content=\"https:\/\/ecosupplements.be\/wp-content\/uploads\/2025\/08\/Thorne-Research-THORNE-RESEARCH-Glutathione-SR-60-caps.jpg\" \/>\n\t<meta property=\"og:image:width\" content=\"1000\" \/>\n\t<meta property=\"og:image:height\" content=\"1000\" \/>\n\t<meta property=\"og:image:type\" content=\"image\/jpeg\" \/>\n<meta name=\"twitter:card\" content=\"summary_large_image\" \/>\n<meta name=\"twitter:label1\" content=\"Prix\" \/>\n\t<meta name=\"twitter:data1\" content=\"74.09&nbsp;&euro;\" \/>\n\t<meta name=\"twitter:label2\" content=\"Disponibilit\u00e9\" \/>\n\t<meta name=\"twitter:data2\" content=\"Rupture de stock\" \/>\n<script type=\"application\/ld+json\" class=\"yoast-schema-graph\">{\"@context\":\"https:\\\/\\\/schema.org\",\"@graph\":[{\"@type\":[\"WebPage\",\"ItemPage\"],\"@id\":\"https:\\\/\\\/ecosupplements.be\\\/fr\\\/produit\\\/thorne-research-glutathione-sr-60-caps\\\/\",\"url\":\"https:\\\/\\\/ecosupplements.be\\\/fr\\\/produit\\\/thorne-research-glutathione-sr-60-caps\\\/\",\"name\":\"THORNE RESEARCH Glutathion \u00e0 lib\u00e9ration prolong\u00e9e (60 g\u00e9lules) - ECO Supplements\",\"isPartOf\":{\"@id\":\"https:\\\/\\\/ecosupplements.be\\\/fr\\\/#website\"},\"primaryImageOfPage\":{\"@id\":\"https:\\\/\\\/ecosupplements.be\\\/fr\\\/produit\\\/thorne-research-glutathione-sr-60-caps\\\/#primaryimage\"},\"image\":{\"@id\":\"https:\\\/\\\/ecosupplements.be\\\/fr\\\/produit\\\/thorne-research-glutathione-sr-60-caps\\\/#primaryimage\"},\"thumbnailUrl\":\"https:\\\/\\\/ecosupplements.be\\\/wp-content\\\/uploads\\\/2025\\\/08\\\/THORNE-RESEARCH-Glutathione-SR-60-caps.jpg\",\"datePublished\":\"2025-07-27T05:15:12+00:00\",\"dateModified\":\"2025-08-28T03:01:01+00:00\",\"description\":\"Wij hebben een ruime keuze aan producten van THORNE RESEARCH Glutathion \u00e0 lib\u00e9ration prolong\u00e9e (60 g\u00e9lules) . Winkel bij Eco Supplements altijd gratis verzending boven 100\u20ac\",\"breadcrumb\":{\"@id\":\"https:\\\/\\\/ecosupplements.be\\\/fr\\\/produit\\\/thorne-research-glutathione-sr-60-caps\\\/#breadcrumb\"},\"inLanguage\":\"fr-FR\",\"potentialAction\":[{\"@type\":\"ReadAction\",\"target\":[\"https:\\\/\\\/ecosupplements.be\\\/fr\\\/produit\\\/thorne-research-glutathione-sr-60-caps\\\/\"]}]},{\"@type\":\"ImageObject\",\"inLanguage\":\"fr-FR\",\"@id\":\"https:\\\/\\\/ecosupplements.be\\\/fr\\\/produit\\\/thorne-research-glutathione-sr-60-caps\\\/#primaryimage\",\"url\":\"https:\\\/\\\/ecosupplements.be\\\/wp-content\\\/uploads\\\/2025\\\/08\\\/THORNE-RESEARCH-Glutathione-SR-60-caps.jpg\",\"contentUrl\":\"https:\\\/\\\/ecosupplements.be\\\/wp-content\\\/uploads\\\/2025\\\/08\\\/THORNE-RESEARCH-Glutathione-SR-60-caps.jpg\",\"width\":1000,\"height\":1000},{\"@type\":\"BreadcrumbList\",\"@id\":\"https:\\\/\\\/ecosupplements.be\\\/fr\\\/produit\\\/thorne-research-glutathione-sr-60-caps\\\/#breadcrumb\",\"itemListElement\":[{\"@type\":\"ListItem\",\"position\":1,\"name\":\"Home\",\"item\":\"https:\\\/\\\/ecosupplements.be\\\/fr\\\/\"},{\"@type\":\"ListItem\",\"position\":2,\"name\":\"Boutique\",\"item\":\"https:\\\/\\\/ecosupplements.be\\\/fr\\\/boutique\\\/\"},{\"@type\":\"ListItem\",\"position\":3,\"name\":\"THORNE RESEARCH Glutathion \u00e0 lib\u00e9ration prolong\u00e9e (60 g\u00e9lules)\"}]},{\"@type\":\"WebSite\",\"@id\":\"https:\\\/\\\/ecosupplements.be\\\/fr\\\/#website\",\"url\":\"https:\\\/\\\/ecosupplements.be\\\/fr\\\/\",\"name\":\"ECO Supplements\",\"description\":\"Eco Supplements - Gezonde supplementen\",\"publisher\":{\"@id\":\"https:\\\/\\\/ecosupplements.be\\\/fr\\\/#organization\"},\"potentialAction\":[{\"@type\":\"SearchAction\",\"target\":{\"@type\":\"EntryPoint\",\"urlTemplate\":\"https:\\\/\\\/ecosupplements.be\\\/fr\\\/?s={search_term_string}\"},\"query-input\":{\"@type\":\"PropertyValueSpecification\",\"valueRequired\":true,\"valueName\":\"search_term_string\"}}],\"inLanguage\":\"fr-FR\"},{\"@type\":\"Organization\",\"@id\":\"https:\\\/\\\/ecosupplements.be\\\/fr\\\/#organization\",\"name\":\"Eco Supplements\",\"url\":\"https:\\\/\\\/ecosupplements.be\\\/fr\\\/\",\"logo\":{\"@type\":\"ImageObject\",\"inLanguage\":\"fr-FR\",\"@id\":\"https:\\\/\\\/ecosupplements.be\\\/fr\\\/#\\\/schema\\\/logo\\\/image\\\/\",\"url\":\"https:\\\/\\\/ecosupplements.be\\\/wp-content\\\/uploads\\\/2022\\\/06\\\/ecosupplement-family.png\",\"contentUrl\":\"https:\\\/\\\/ecosupplements.be\\\/wp-content\\\/uploads\\\/2022\\\/06\\\/ecosupplement-family.png\",\"width\":593,\"height\":374,\"caption\":\"Eco Supplements\"},\"image\":{\"@id\":\"https:\\\/\\\/ecosupplements.be\\\/fr\\\/#\\\/schema\\\/logo\\\/image\\\/\"}}]}<\/script>\n<meta property=\"product:brand\" content=\"Thorne Research\" \/>\n<meta property=\"product:price:amount\" content=\"74.09\" \/>\n<meta property=\"product:price:currency\" content=\"EUR\" \/>\n<meta property=\"og:availability\" content=\"out of stock\" \/>\n<meta property=\"product:availability\" content=\"out of stock\" \/>\n<meta property=\"product:retailer_item_id\" content=\"693749540038\" \/>\n<meta property=\"product:condition\" content=\"new\" \/>\n<!-- \/ Yoast SEO Premium plugin. -->","yoast_head_json":{"title":"THORNE RESEARCH Glutathion \u00e0 lib\u00e9ration prolong\u00e9e (60 g\u00e9lules) - ECO Supplements","description":"Wij hebben een ruime keuze aan producten van THORNE RESEARCH Glutathion \u00e0 lib\u00e9ration prolong\u00e9e (60 g\u00e9lules) . Winkel bij Eco Supplements altijd gratis verzending boven 100\u20ac","robots":{"index":"index","follow":"follow","max-snippet":"max-snippet:-1","max-image-preview":"max-image-preview:large","max-video-preview":"max-video-preview:-1"},"canonical":"https:\/\/ecosupplements.be\/fr\/produit\/thorne-research-glutathione-sr-60-caps\/","og_locale":"fr_FR","og_type":"article","og_title":"THORNE RESEARCH Glutathion \u00e0 lib\u00e9ration prolong\u00e9e (60 g\u00e9lules)","og_description":"Wij hebben een ruime keuze aan producten van THORNE RESEARCH Glutathion \u00e0 lib\u00e9ration prolong\u00e9e (60 g\u00e9lules) . Winkel bij Eco Supplements altijd gratis verzending boven 100\u20ac","og_url":"https:\/\/ecosupplements.be\/fr\/produit\/thorne-research-glutathione-sr-60-caps\/","og_site_name":"ECO Supplements","article_modified_time":"2025-08-28T03:01:01+00:00","og_image":[{"width":1000,"height":1000,"url":"https:\/\/ecosupplements.be\/wp-content\/uploads\/2025\/08\/Thorne-Research-THORNE-RESEARCH-Glutathione-SR-60-caps.jpg","type":"image\/jpeg"}],"twitter_card":"summary_large_image","twitter_misc":{"Prix":"74.09&nbsp;&euro;","Disponibilit\u00e9":"Rupture de stock"},"schema":{"@context":"https:\/\/schema.org","@graph":[{"@type":["WebPage","ItemPage"],"@id":"https:\/\/ecosupplements.be\/fr\/produit\/thorne-research-glutathione-sr-60-caps\/","url":"https:\/\/ecosupplements.be\/fr\/produit\/thorne-research-glutathione-sr-60-caps\/","name":"THORNE RESEARCH Glutathion \u00e0 lib\u00e9ration prolong\u00e9e (60 g\u00e9lules) - ECO Supplements","isPartOf":{"@id":"https:\/\/ecosupplements.be\/fr\/#website"},"primaryImageOfPage":{"@id":"https:\/\/ecosupplements.be\/fr\/produit\/thorne-research-glutathione-sr-60-caps\/#primaryimage"},"image":{"@id":"https:\/\/ecosupplements.be\/fr\/produit\/thorne-research-glutathione-sr-60-caps\/#primaryimage"},"thumbnailUrl":"https:\/\/ecosupplements.be\/wp-content\/uploads\/2025\/08\/THORNE-RESEARCH-Glutathione-SR-60-caps.jpg","datePublished":"2025-07-27T05:15:12+00:00","dateModified":"2025-08-28T03:01:01+00:00","description":"Wij hebben een ruime keuze aan producten van THORNE RESEARCH Glutathion \u00e0 lib\u00e9ration prolong\u00e9e (60 g\u00e9lules) . Winkel bij Eco Supplements altijd gratis verzending boven 100\u20ac","breadcrumb":{"@id":"https:\/\/ecosupplements.be\/fr\/produit\/thorne-research-glutathione-sr-60-caps\/#breadcrumb"},"inLanguage":"fr-FR","potentialAction":[{"@type":"ReadAction","target":["https:\/\/ecosupplements.be\/fr\/produit\/thorne-research-glutathione-sr-60-caps\/"]}]},{"@type":"ImageObject","inLanguage":"fr-FR","@id":"https:\/\/ecosupplements.be\/fr\/produit\/thorne-research-glutathione-sr-60-caps\/#primaryimage","url":"https:\/\/ecosupplements.be\/wp-content\/uploads\/2025\/08\/THORNE-RESEARCH-Glutathione-SR-60-caps.jpg","contentUrl":"https:\/\/ecosupplements.be\/wp-content\/uploads\/2025\/08\/THORNE-RESEARCH-Glutathione-SR-60-caps.jpg","width":1000,"height":1000},{"@type":"BreadcrumbList","@id":"https:\/\/ecosupplements.be\/fr\/produit\/thorne-research-glutathione-sr-60-caps\/#breadcrumb","itemListElement":[{"@type":"ListItem","position":1,"name":"Home","item":"https:\/\/ecosupplements.be\/fr\/"},{"@type":"ListItem","position":2,"name":"Boutique","item":"https:\/\/ecosupplements.be\/fr\/boutique\/"},{"@type":"ListItem","position":3,"name":"THORNE RESEARCH Glutathion \u00e0 lib\u00e9ration prolong\u00e9e (60 g\u00e9lules)"}]},{"@type":"WebSite","@id":"https:\/\/ecosupplements.be\/fr\/#website","url":"https:\/\/ecosupplements.be\/fr\/","name":"ECO Supplements","description":"Eco Supplements - Gezonde supplementen","publisher":{"@id":"https:\/\/ecosupplements.be\/fr\/#organization"},"potentialAction":[{"@type":"SearchAction","target":{"@type":"EntryPoint","urlTemplate":"https:\/\/ecosupplements.be\/fr\/?s={search_term_string}"},"query-input":{"@type":"PropertyValueSpecification","valueRequired":true,"valueName":"search_term_string"}}],"inLanguage":"fr-FR"},{"@type":"Organization","@id":"https:\/\/ecosupplements.be\/fr\/#organization","name":"Eco Supplements","url":"https:\/\/ecosupplements.be\/fr\/","logo":{"@type":"ImageObject","inLanguage":"fr-FR","@id":"https:\/\/ecosupplements.be\/fr\/#\/schema\/logo\/image\/","url":"https:\/\/ecosupplements.be\/wp-content\/uploads\/2022\/06\/ecosupplement-family.png","contentUrl":"https:\/\/ecosupplements.be\/wp-content\/uploads\/2022\/06\/ecosupplement-family.png","width":593,"height":374,"caption":"Eco Supplements"},"image":{"@id":"https:\/\/ecosupplements.be\/fr\/#\/schema\/logo\/image\/"}}]},"product_brand":"Thorne Research","product_price_amount":"74.09","product_price_currency":"EUR","og_availability":"out of stock","product_availability":"out of stock","product_retailer_item_id":"693749540038","product_condition":"new"},"_links":{"self":[{"href":"https:\/\/ecosupplements.be\/fr\/wp-json\/wp\/v2\/product\/303696","targetHints":{"allow":["GET"]}}],"collection":[{"href":"https:\/\/ecosupplements.be\/fr\/wp-json\/wp\/v2\/product"}],"about":[{"href":"https:\/\/ecosupplements.be\/fr\/wp-json\/wp\/v2\/types\/product"}],"replies":[{"embeddable":true,"href":"https:\/\/ecosupplements.be\/fr\/wp-json\/wp\/v2\/comments?post=303696"}],"wp:featuredmedia":[{"embeddable":true,"href":"https:\/\/ecosupplements.be\/fr\/wp-json\/wp\/v2\/media\/277836"}],"wp:attachment":[{"href":"https:\/\/ecosupplements.be\/fr\/wp-json\/wp\/v2\/media?parent=303696"}],"wp:term":[{"taxonomy":"product_brand","embeddable":true,"href":"https:\/\/ecosupplements.be\/fr\/wp-json\/wp\/v2\/product_brand?post=303696"},{"taxonomy":"product_cat","embeddable":true,"href":"https:\/\/ecosupplements.be\/fr\/wp-json\/wp\/v2\/product_cat?post=303696"},{"taxonomy":"product_tag","embeddable":true,"href":"https:\/\/ecosupplements.be\/fr\/wp-json\/wp\/v2\/product_tag?post=303696"}],"curies":[{"name":"wp","href":"https:\/\/api.w.org\/{rel}","templated":true}]}}