{"id":303813,"date":"2025-07-27T08:15:13","date_gmt":"2025-07-27T07:15:13","guid":{"rendered":"https:\/\/ecosupplements.be\/product\/tierlieb-tierlieb-green-lipped-mussel-dog-capsules-150-caps\/"},"modified":"2025-08-28T04:03:21","modified_gmt":"2025-08-28T03:03:21","slug":"tierlieb-tierlieb-green-lipped-mussel-dog-capsules-150-caps","status":"publish","type":"product","link":"https:\/\/ecosupplements.be\/fr\/produit\/tierlieb-tierlieb-green-lipped-mussel-dog-capsules-150-caps\/","title":{"rendered":"Capsules de moules vertes pour chiens Tierlieb (150 capsules)"},"content":{"rendered":"<p><strong>Nom du produit :<\/strong> TIERLIEB tierlieb Green-lipped Mussel Dog Capsules (150 caps)<\/p>\n<p><strong>Description :<\/strong> D\u00e9couvrez un choix naturel pour les amateurs de qualit\u00e9 avec les capsules TIERLIEB \u00e0 base de moule verte. Ce produit est con\u00e7u pour s&#8217;int\u00e9grer harmonieusement dans le quotidien de votre compagnon \u00e0 quatre pattes,gr\u00e2ce \u00e0 sa composition riche en ingr\u00e9dients d&#8217;origine naturelle.<\/p>\n<p><strong>Ingr\u00e9dients principaux :<\/strong> Les capsules contiennent principalement un concentr\u00e9 de moule verte (Perna canaliculus), reconnu pour sa grande puret\u00e9, et sont envelopp\u00e9es dans une g\u00e9lule en g\u00e9latine.Elles offrent une texture agr\u00e9able et sont faciles \u00e0 administrer.<\/p>\n<p><strong>Contenu et emballage :<\/strong> Le produit est disponible en paquet de 150 capsules,assurant une utilisation pratique sur plusieurs mois.<\/p>\n<p><strong>Utilisation :<\/strong> La dose recommand\u00e9e est d&#8217;une capsule par jour. La capsule peut \u00eatre ouverte pour m\u00e9langer son contenu avec la nourriture, rendant son governance simple et sans tracas.<\/p>\n<p><em>Ce produit est exclusivement destin\u00e9 aux animaux. Veuillez vous assurer que votre animal n&#8217;est pas allergique aux composants avant utilisation. Conserver le paquet bien ferm\u00e9 dans un endroit sec et temp\u00e9r\u00e9, hors de port\u00e9e des enfants.<\/em><\/p>\n","protected":false},"excerpt":{"rendered":"<p>Nom du produit : TIERLIEB tierlieb Green-lipped Mussel Dog Capsules (150 caps) Description : D\u00e9couvrez un choix naturel pour les amateurs de qualit\u00e9 avec les capsules TIERLIEB \u00e0 base de moule verte. Ce produit est con\u00e7u pour s&#8217;int\u00e9grer harmonieusement dans le quotidien de votre compagnon \u00e0 quatre pattes,gr\u00e2ce \u00e0 sa composition riche en ingr\u00e9dients d&#8217;origine [&#8230;]\n","protected":false},"featured_media":277953,"comment_status":"closed","ping_status":"open","template":"","meta":[],"product_brand":[5389],"product_cat":[5052,5133],"product_tag":[],"class_list":{"0":"post-303813","1":"product","2":"type-product","3":"status-publish","4":"has-post-thumbnail","6":"product_brand-tierlieb-2","7":"product_cat-sante-et-bien-etre","8":"product_cat-supplements-pour-animaux-de-compagnie","10":"first","11":"instock","12":"taxable","13":"shipping-taxable","14":"purchasable","15":"product-type-simple"},"yoast_head":"<!-- This site is optimized with the Yoast SEO Premium plugin v27.3 (Yoast SEO v27.3) - https:\/\/yoast.com\/product\/yoast-seo-premium-wordpress\/ -->\n<title>Capsules de moules vertes pour chiens Tierlieb (150 capsules) - ECO Supplements<\/title>\n<meta name=\"description\" content=\"Wij hebben een ruime keuze aan producten van Capsules de moules vertes pour chiens Tierlieb (150 capsules) . Winkel bij Eco Supplements altijd gratis verzending boven 100\u20ac\" \/>\n<meta name=\"robots\" content=\"index, follow, max-snippet:-1, max-image-preview:large, max-video-preview:-1\" \/>\n<link rel=\"canonical\" href=\"https:\/\/ecosupplements.be\/fr\/produit\/tierlieb-tierlieb-green-lipped-mussel-dog-capsules-150-caps\/\" \/>\n<meta property=\"og:locale\" content=\"fr_FR\" \/>\n<meta property=\"og:type\" content=\"article\" \/>\n<meta property=\"og:title\" content=\"Capsules de moules vertes pour chiens Tierlieb (150 capsules)\" \/>\n<meta property=\"og:description\" content=\"Wij hebben een ruime keuze aan producten van Capsules de moules vertes pour chiens Tierlieb (150 capsules) . Winkel bij Eco Supplements altijd gratis verzending boven 100\u20ac\" \/>\n<meta property=\"og:url\" content=\"https:\/\/ecosupplements.be\/fr\/produit\/tierlieb-tierlieb-green-lipped-mussel-dog-capsules-150-caps\/\" \/>\n<meta property=\"og:site_name\" content=\"ECO Supplements\" \/>\n<meta property=\"article:modified_time\" content=\"2025-08-28T03:03:21+00:00\" \/>\n<meta property=\"og:image\" content=\"https:\/\/ecosupplements.be\/wp-content\/uploads\/2025\/08\/Tierlieb-TIERLIEB-tierlieb-Green-lipped-Mussel-Dog-Capsules-150-caps.jpg\" \/>\n\t<meta property=\"og:image:width\" content=\"570\" \/>\n\t<meta property=\"og:image:height\" content=\"974\" \/>\n\t<meta property=\"og:image:type\" content=\"image\/jpeg\" \/>\n<meta name=\"twitter:card\" content=\"summary_large_image\" \/>\n<meta name=\"twitter:label1\" content=\"Prix\" \/>\n\t<meta name=\"twitter:data1\" content=\"17&nbsp;&euro;\" \/>\n\t<meta name=\"twitter:label2\" content=\"Disponibilit\u00e9\" \/>\n\t<meta name=\"twitter:data2\" content=\"En stock\" \/>\n<script type=\"application\/ld+json\" class=\"yoast-schema-graph\">{\"@context\":\"https:\\\/\\\/schema.org\",\"@graph\":[{\"@type\":[\"WebPage\",\"ItemPage\"],\"@id\":\"https:\\\/\\\/ecosupplements.be\\\/fr\\\/produit\\\/tierlieb-tierlieb-green-lipped-mussel-dog-capsules-150-caps\\\/\",\"url\":\"https:\\\/\\\/ecosupplements.be\\\/fr\\\/produit\\\/tierlieb-tierlieb-green-lipped-mussel-dog-capsules-150-caps\\\/\",\"name\":\"Capsules de moules vertes pour chiens Tierlieb (150 capsules) - ECO Supplements\",\"isPartOf\":{\"@id\":\"https:\\\/\\\/ecosupplements.be\\\/fr\\\/#website\"},\"primaryImageOfPage\":{\"@id\":\"https:\\\/\\\/ecosupplements.be\\\/fr\\\/produit\\\/tierlieb-tierlieb-green-lipped-mussel-dog-capsules-150-caps\\\/#primaryimage\"},\"image\":{\"@id\":\"https:\\\/\\\/ecosupplements.be\\\/fr\\\/produit\\\/tierlieb-tierlieb-green-lipped-mussel-dog-capsules-150-caps\\\/#primaryimage\"},\"thumbnailUrl\":\"https:\\\/\\\/ecosupplements.be\\\/wp-content\\\/uploads\\\/2025\\\/08\\\/TIERLIEB-tierlieb-Green-lipped-Mussel-Dog-Capsules-150-caps.jpg\",\"datePublished\":\"2025-07-27T07:15:13+00:00\",\"dateModified\":\"2025-08-28T03:03:21+00:00\",\"description\":\"Wij hebben een ruime keuze aan producten van Capsules de moules vertes pour chiens Tierlieb (150 capsules) . Winkel bij Eco Supplements altijd gratis verzending boven 100\u20ac\",\"breadcrumb\":{\"@id\":\"https:\\\/\\\/ecosupplements.be\\\/fr\\\/produit\\\/tierlieb-tierlieb-green-lipped-mussel-dog-capsules-150-caps\\\/#breadcrumb\"},\"inLanguage\":\"fr-FR\",\"potentialAction\":[{\"@type\":\"ReadAction\",\"target\":[\"https:\\\/\\\/ecosupplements.be\\\/fr\\\/produit\\\/tierlieb-tierlieb-green-lipped-mussel-dog-capsules-150-caps\\\/\"]}]},{\"@type\":\"ImageObject\",\"inLanguage\":\"fr-FR\",\"@id\":\"https:\\\/\\\/ecosupplements.be\\\/fr\\\/produit\\\/tierlieb-tierlieb-green-lipped-mussel-dog-capsules-150-caps\\\/#primaryimage\",\"url\":\"https:\\\/\\\/ecosupplements.be\\\/wp-content\\\/uploads\\\/2025\\\/08\\\/TIERLIEB-tierlieb-Green-lipped-Mussel-Dog-Capsules-150-caps.jpg\",\"contentUrl\":\"https:\\\/\\\/ecosupplements.be\\\/wp-content\\\/uploads\\\/2025\\\/08\\\/TIERLIEB-tierlieb-Green-lipped-Mussel-Dog-Capsules-150-caps.jpg\",\"width\":570,\"height\":974},{\"@type\":\"BreadcrumbList\",\"@id\":\"https:\\\/\\\/ecosupplements.be\\\/fr\\\/produit\\\/tierlieb-tierlieb-green-lipped-mussel-dog-capsules-150-caps\\\/#breadcrumb\",\"itemListElement\":[{\"@type\":\"ListItem\",\"position\":1,\"name\":\"Home\",\"item\":\"https:\\\/\\\/ecosupplements.be\\\/fr\\\/\"},{\"@type\":\"ListItem\",\"position\":2,\"name\":\"Boutique\",\"item\":\"https:\\\/\\\/ecosupplements.be\\\/fr\\\/boutique\\\/\"},{\"@type\":\"ListItem\",\"position\":3,\"name\":\"Capsules de moules vertes pour chiens Tierlieb (150 capsules)\"}]},{\"@type\":\"WebSite\",\"@id\":\"https:\\\/\\\/ecosupplements.be\\\/fr\\\/#website\",\"url\":\"https:\\\/\\\/ecosupplements.be\\\/fr\\\/\",\"name\":\"ECO Supplements\",\"description\":\"Eco Supplements - Gezonde supplementen\",\"publisher\":{\"@id\":\"https:\\\/\\\/ecosupplements.be\\\/fr\\\/#organization\"},\"potentialAction\":[{\"@type\":\"SearchAction\",\"target\":{\"@type\":\"EntryPoint\",\"urlTemplate\":\"https:\\\/\\\/ecosupplements.be\\\/fr\\\/?s={search_term_string}\"},\"query-input\":{\"@type\":\"PropertyValueSpecification\",\"valueRequired\":true,\"valueName\":\"search_term_string\"}}],\"inLanguage\":\"fr-FR\"},{\"@type\":\"Organization\",\"@id\":\"https:\\\/\\\/ecosupplements.be\\\/fr\\\/#organization\",\"name\":\"Eco Supplements\",\"url\":\"https:\\\/\\\/ecosupplements.be\\\/fr\\\/\",\"logo\":{\"@type\":\"ImageObject\",\"inLanguage\":\"fr-FR\",\"@id\":\"https:\\\/\\\/ecosupplements.be\\\/fr\\\/#\\\/schema\\\/logo\\\/image\\\/\",\"url\":\"https:\\\/\\\/ecosupplements.be\\\/wp-content\\\/uploads\\\/2022\\\/06\\\/ecosupplement-family.png\",\"contentUrl\":\"https:\\\/\\\/ecosupplements.be\\\/wp-content\\\/uploads\\\/2022\\\/06\\\/ecosupplement-family.png\",\"width\":593,\"height\":374,\"caption\":\"Eco Supplements\"},\"image\":{\"@id\":\"https:\\\/\\\/ecosupplements.be\\\/fr\\\/#\\\/schema\\\/logo\\\/image\\\/\"}}]}<\/script>\n<meta property=\"product:brand\" content=\"Tierlieb\" \/>\n<meta property=\"product:price:amount\" content=\"17.00\" \/>\n<meta property=\"product:price:currency\" content=\"EUR\" \/>\n<meta property=\"og:availability\" content=\"instock\" \/>\n<meta property=\"product:availability\" content=\"instock\" \/>\n<meta property=\"product:retailer_item_id\" content=\"4250382202974\" \/>\n<meta property=\"product:condition\" content=\"new\" \/>\n<!-- \/ Yoast SEO Premium plugin. -->","yoast_head_json":{"title":"Capsules de moules vertes pour chiens Tierlieb (150 capsules) - ECO Supplements","description":"Wij hebben een ruime keuze aan producten van Capsules de moules vertes pour chiens Tierlieb (150 capsules) . Winkel bij Eco Supplements altijd gratis verzending boven 100\u20ac","robots":{"index":"index","follow":"follow","max-snippet":"max-snippet:-1","max-image-preview":"max-image-preview:large","max-video-preview":"max-video-preview:-1"},"canonical":"https:\/\/ecosupplements.be\/fr\/produit\/tierlieb-tierlieb-green-lipped-mussel-dog-capsules-150-caps\/","og_locale":"fr_FR","og_type":"article","og_title":"Capsules de moules vertes pour chiens Tierlieb (150 capsules)","og_description":"Wij hebben een ruime keuze aan producten van Capsules de moules vertes pour chiens Tierlieb (150 capsules) . Winkel bij Eco Supplements altijd gratis verzending boven 100\u20ac","og_url":"https:\/\/ecosupplements.be\/fr\/produit\/tierlieb-tierlieb-green-lipped-mussel-dog-capsules-150-caps\/","og_site_name":"ECO Supplements","article_modified_time":"2025-08-28T03:03:21+00:00","og_image":[{"width":570,"height":974,"url":"https:\/\/ecosupplements.be\/wp-content\/uploads\/2025\/08\/Tierlieb-TIERLIEB-tierlieb-Green-lipped-Mussel-Dog-Capsules-150-caps.jpg","type":"image\/jpeg"}],"twitter_card":"summary_large_image","twitter_misc":{"Prix":"17&nbsp;&euro;","Disponibilit\u00e9":"En stock"},"schema":{"@context":"https:\/\/schema.org","@graph":[{"@type":["WebPage","ItemPage"],"@id":"https:\/\/ecosupplements.be\/fr\/produit\/tierlieb-tierlieb-green-lipped-mussel-dog-capsules-150-caps\/","url":"https:\/\/ecosupplements.be\/fr\/produit\/tierlieb-tierlieb-green-lipped-mussel-dog-capsules-150-caps\/","name":"Capsules de moules vertes pour chiens Tierlieb (150 capsules) - ECO Supplements","isPartOf":{"@id":"https:\/\/ecosupplements.be\/fr\/#website"},"primaryImageOfPage":{"@id":"https:\/\/ecosupplements.be\/fr\/produit\/tierlieb-tierlieb-green-lipped-mussel-dog-capsules-150-caps\/#primaryimage"},"image":{"@id":"https:\/\/ecosupplements.be\/fr\/produit\/tierlieb-tierlieb-green-lipped-mussel-dog-capsules-150-caps\/#primaryimage"},"thumbnailUrl":"https:\/\/ecosupplements.be\/wp-content\/uploads\/2025\/08\/TIERLIEB-tierlieb-Green-lipped-Mussel-Dog-Capsules-150-caps.jpg","datePublished":"2025-07-27T07:15:13+00:00","dateModified":"2025-08-28T03:03:21+00:00","description":"Wij hebben een ruime keuze aan producten van Capsules de moules vertes pour chiens Tierlieb (150 capsules) . Winkel bij Eco Supplements altijd gratis verzending boven 100\u20ac","breadcrumb":{"@id":"https:\/\/ecosupplements.be\/fr\/produit\/tierlieb-tierlieb-green-lipped-mussel-dog-capsules-150-caps\/#breadcrumb"},"inLanguage":"fr-FR","potentialAction":[{"@type":"ReadAction","target":["https:\/\/ecosupplements.be\/fr\/produit\/tierlieb-tierlieb-green-lipped-mussel-dog-capsules-150-caps\/"]}]},{"@type":"ImageObject","inLanguage":"fr-FR","@id":"https:\/\/ecosupplements.be\/fr\/produit\/tierlieb-tierlieb-green-lipped-mussel-dog-capsules-150-caps\/#primaryimage","url":"https:\/\/ecosupplements.be\/wp-content\/uploads\/2025\/08\/TIERLIEB-tierlieb-Green-lipped-Mussel-Dog-Capsules-150-caps.jpg","contentUrl":"https:\/\/ecosupplements.be\/wp-content\/uploads\/2025\/08\/TIERLIEB-tierlieb-Green-lipped-Mussel-Dog-Capsules-150-caps.jpg","width":570,"height":974},{"@type":"BreadcrumbList","@id":"https:\/\/ecosupplements.be\/fr\/produit\/tierlieb-tierlieb-green-lipped-mussel-dog-capsules-150-caps\/#breadcrumb","itemListElement":[{"@type":"ListItem","position":1,"name":"Home","item":"https:\/\/ecosupplements.be\/fr\/"},{"@type":"ListItem","position":2,"name":"Boutique","item":"https:\/\/ecosupplements.be\/fr\/boutique\/"},{"@type":"ListItem","position":3,"name":"Capsules de moules vertes pour chiens Tierlieb (150 capsules)"}]},{"@type":"WebSite","@id":"https:\/\/ecosupplements.be\/fr\/#website","url":"https:\/\/ecosupplements.be\/fr\/","name":"ECO Supplements","description":"Eco Supplements - Gezonde supplementen","publisher":{"@id":"https:\/\/ecosupplements.be\/fr\/#organization"},"potentialAction":[{"@type":"SearchAction","target":{"@type":"EntryPoint","urlTemplate":"https:\/\/ecosupplements.be\/fr\/?s={search_term_string}"},"query-input":{"@type":"PropertyValueSpecification","valueRequired":true,"valueName":"search_term_string"}}],"inLanguage":"fr-FR"},{"@type":"Organization","@id":"https:\/\/ecosupplements.be\/fr\/#organization","name":"Eco Supplements","url":"https:\/\/ecosupplements.be\/fr\/","logo":{"@type":"ImageObject","inLanguage":"fr-FR","@id":"https:\/\/ecosupplements.be\/fr\/#\/schema\/logo\/image\/","url":"https:\/\/ecosupplements.be\/wp-content\/uploads\/2022\/06\/ecosupplement-family.png","contentUrl":"https:\/\/ecosupplements.be\/wp-content\/uploads\/2022\/06\/ecosupplement-family.png","width":593,"height":374,"caption":"Eco Supplements"},"image":{"@id":"https:\/\/ecosupplements.be\/fr\/#\/schema\/logo\/image\/"}}]},"product_brand":"Tierlieb","product_price_amount":"17.00","product_price_currency":"EUR","og_availability":"instock","product_availability":"instock","product_retailer_item_id":"4250382202974","product_condition":"new"},"_links":{"self":[{"href":"https:\/\/ecosupplements.be\/fr\/wp-json\/wp\/v2\/product\/303813","targetHints":{"allow":["GET"]}}],"collection":[{"href":"https:\/\/ecosupplements.be\/fr\/wp-json\/wp\/v2\/product"}],"about":[{"href":"https:\/\/ecosupplements.be\/fr\/wp-json\/wp\/v2\/types\/product"}],"replies":[{"embeddable":true,"href":"https:\/\/ecosupplements.be\/fr\/wp-json\/wp\/v2\/comments?post=303813"}],"wp:featuredmedia":[{"embeddable":true,"href":"https:\/\/ecosupplements.be\/fr\/wp-json\/wp\/v2\/media\/277953"}],"wp:attachment":[{"href":"https:\/\/ecosupplements.be\/fr\/wp-json\/wp\/v2\/media?parent=303813"}],"wp:term":[{"taxonomy":"product_brand","embeddable":true,"href":"https:\/\/ecosupplements.be\/fr\/wp-json\/wp\/v2\/product_brand?post=303813"},{"taxonomy":"product_cat","embeddable":true,"href":"https:\/\/ecosupplements.be\/fr\/wp-json\/wp\/v2\/product_cat?post=303813"},{"taxonomy":"product_tag","embeddable":true,"href":"https:\/\/ecosupplements.be\/fr\/wp-json\/wp\/v2\/product_tag?post=303813"}],"curies":[{"name":"wp","href":"https:\/\/api.w.org\/{rel}","templated":true}]}}