{"id":303822,"date":"2025-07-27T08:15:13","date_gmt":"2025-07-27T07:15:13","guid":{"rendered":"https:\/\/ecosupplements.be\/product\/tierlieb-cardiovascular-tablets-for-dogs-180-tabs\/"},"modified":"2025-08-28T04:03:30","modified_gmt":"2025-08-28T03:03:30","slug":"tierlieb-cardiovascular-tablets-for-dogs-180-tabs","status":"publish","type":"product","link":"https:\/\/ecosupplements.be\/fr\/produit\/tierlieb-cardiovascular-tablets-for-dogs-180-tabs\/","title":{"rendered":"Comprim\u00e9s cardiovasculaires pour chiens TIERLIEB (180 comprim\u00e9s)"},"content":{"rendered":"<p><strong>nom du produit :<\/strong> TIERLIEB Cardiovascular tablets for dogs (180 tabs)<\/p>\n<p><strong>Description :<\/strong> ces comprim\u00e9s sont con\u00e7us pour \u00eatre int\u00e9gr\u00e9s facilement dans le quotidien de votre chien. Ils contiennent une s\u00e9lection d&#8217;ingr\u00e9dients naturels tels que des herbes et des vitamines, offrant un choix parfait pour ceux qui privil\u00e9gient les produits de haute qualit\u00e9.<\/p>\n<p><strong>Ingr\u00e9dients principaux :<\/strong> Skrobia kukurydziana, zio\u0142a (li\u015bcie g\u0142ogu z kwiatami, rozmaryn), cytrynian tripotasu, sole magnezowe kwas\u00f3w t\u0142uszczowych. Les ingr\u00e9dients sont choisis pour leur puret\u00e9 et leur origine naturelle.<\/p>\n<p><strong>Contenu et emballage :<\/strong> Bo\u00eete contenant 180 comprim\u00e9s.<\/p>\n<p><strong>Utilisation :<\/strong> Administrer 1 comprim\u00e9 deux fois par jour par tranche de 10 kg de poids corporel du chien. Ne pas d\u00e9passer 3 comprim\u00e9s deux fois par jour pour les grands chiens. Utiliser sur une p\u00e9riode pouvant aller jusqu&#8217;\u00e0 six mois.<\/p>\n<p><strong>Caract\u00e9ristiques pratiques :<\/strong> Les comprim\u00e9s sont faciles \u00e0 administrer gr\u00e2ce \u00e0 leur taille adapt\u00e9e et peuvent \u00eatre donn\u00e9s directement ou m\u00e9lang\u00e9s \u00e0 la nourriture habituelle du chien.<\/p>\n","protected":false},"excerpt":{"rendered":"<p>nom du produit : TIERLIEB Cardiovascular tablets for dogs (180 tabs) Description : ces comprim\u00e9s sont con\u00e7us pour \u00eatre int\u00e9gr\u00e9s facilement dans le quotidien de votre chien. Ils contiennent une s\u00e9lection d&#8217;ingr\u00e9dients naturels tels que des herbes et des vitamines, offrant un choix parfait pour ceux qui privil\u00e9gient les produits de haute qualit\u00e9. Ingr\u00e9dients principaux [&#8230;]\n","protected":false},"featured_media":277962,"comment_status":"closed","ping_status":"open","template":"","meta":[],"product_brand":[5389],"product_cat":[5052,5133],"product_tag":[],"class_list":{"0":"post-303822","1":"product","2":"type-product","3":"status-publish","4":"has-post-thumbnail","6":"product_brand-tierlieb-2","7":"product_cat-sante-et-bien-etre","8":"product_cat-supplements-pour-animaux-de-compagnie","10":"first","11":"instock","12":"taxable","13":"shipping-taxable","14":"purchasable","15":"product-type-simple"},"yoast_head":"<!-- This site is optimized with the Yoast SEO Premium plugin v27.3 (Yoast SEO v27.3) - https:\/\/yoast.com\/product\/yoast-seo-premium-wordpress\/ -->\n<title>Comprim\u00e9s cardiovasculaires pour chiens TIERLIEB (180 comprim\u00e9s) - ECO Supplements<\/title>\n<meta name=\"description\" content=\"Wij hebben een ruime keuze aan producten van Comprim\u00e9s cardiovasculaires pour chiens TIERLIEB (180 comprim\u00e9s) . Winkel bij Eco Supplements altijd gratis verzending boven 100\u20ac\" \/>\n<meta name=\"robots\" content=\"index, follow, max-snippet:-1, max-image-preview:large, max-video-preview:-1\" \/>\n<link rel=\"canonical\" href=\"https:\/\/ecosupplements.be\/fr\/produit\/tierlieb-cardiovascular-tablets-for-dogs-180-tabs\/\" \/>\n<meta property=\"og:locale\" content=\"fr_FR\" \/>\n<meta property=\"og:type\" content=\"article\" \/>\n<meta property=\"og:title\" content=\"Comprim\u00e9s cardiovasculaires pour chiens TIERLIEB (180 comprim\u00e9s)\" \/>\n<meta property=\"og:description\" content=\"Wij hebben een ruime keuze aan producten van Comprim\u00e9s cardiovasculaires pour chiens TIERLIEB (180 comprim\u00e9s) . Winkel bij Eco Supplements altijd gratis verzending boven 100\u20ac\" \/>\n<meta property=\"og:url\" content=\"https:\/\/ecosupplements.be\/fr\/produit\/tierlieb-cardiovascular-tablets-for-dogs-180-tabs\/\" \/>\n<meta property=\"og:site_name\" content=\"ECO Supplements\" \/>\n<meta property=\"article:modified_time\" content=\"2025-08-28T03:03:30+00:00\" \/>\n<meta property=\"og:image\" content=\"https:\/\/ecosupplements.be\/wp-content\/uploads\/2025\/08\/Tierlieb-TIERLIEB-Cardiovascular-tablets-for-dogs-180-tabs.jpg\" \/>\n\t<meta property=\"og:image:width\" content=\"596\" \/>\n\t<meta property=\"og:image:height\" content=\"980\" \/>\n\t<meta property=\"og:image:type\" content=\"image\/jpeg\" \/>\n<meta name=\"twitter:card\" content=\"summary_large_image\" \/>\n<meta name=\"twitter:label1\" content=\"Prix\" \/>\n\t<meta name=\"twitter:data1\" content=\"18.51&nbsp;&euro;\" \/>\n\t<meta name=\"twitter:label2\" content=\"Disponibilit\u00e9\" \/>\n\t<meta name=\"twitter:data2\" content=\"En stock\" \/>\n<script type=\"application\/ld+json\" class=\"yoast-schema-graph\">{\"@context\":\"https:\\\/\\\/schema.org\",\"@graph\":[{\"@type\":[\"WebPage\",\"ItemPage\"],\"@id\":\"https:\\\/\\\/ecosupplements.be\\\/fr\\\/produit\\\/tierlieb-cardiovascular-tablets-for-dogs-180-tabs\\\/\",\"url\":\"https:\\\/\\\/ecosupplements.be\\\/fr\\\/produit\\\/tierlieb-cardiovascular-tablets-for-dogs-180-tabs\\\/\",\"name\":\"Comprim\u00e9s cardiovasculaires pour chiens TIERLIEB (180 comprim\u00e9s) - ECO Supplements\",\"isPartOf\":{\"@id\":\"https:\\\/\\\/ecosupplements.be\\\/fr\\\/#website\"},\"primaryImageOfPage\":{\"@id\":\"https:\\\/\\\/ecosupplements.be\\\/fr\\\/produit\\\/tierlieb-cardiovascular-tablets-for-dogs-180-tabs\\\/#primaryimage\"},\"image\":{\"@id\":\"https:\\\/\\\/ecosupplements.be\\\/fr\\\/produit\\\/tierlieb-cardiovascular-tablets-for-dogs-180-tabs\\\/#primaryimage\"},\"thumbnailUrl\":\"https:\\\/\\\/ecosupplements.be\\\/wp-content\\\/uploads\\\/2025\\\/08\\\/TIERLIEB-Cardiovascular-tablets-for-dogs-180-tabs.jpg\",\"datePublished\":\"2025-07-27T07:15:13+00:00\",\"dateModified\":\"2025-08-28T03:03:30+00:00\",\"description\":\"Wij hebben een ruime keuze aan producten van Comprim\u00e9s cardiovasculaires pour chiens TIERLIEB (180 comprim\u00e9s) . Winkel bij Eco Supplements altijd gratis verzending boven 100\u20ac\",\"breadcrumb\":{\"@id\":\"https:\\\/\\\/ecosupplements.be\\\/fr\\\/produit\\\/tierlieb-cardiovascular-tablets-for-dogs-180-tabs\\\/#breadcrumb\"},\"inLanguage\":\"fr-FR\",\"potentialAction\":[{\"@type\":\"ReadAction\",\"target\":[\"https:\\\/\\\/ecosupplements.be\\\/fr\\\/produit\\\/tierlieb-cardiovascular-tablets-for-dogs-180-tabs\\\/\"]}]},{\"@type\":\"ImageObject\",\"inLanguage\":\"fr-FR\",\"@id\":\"https:\\\/\\\/ecosupplements.be\\\/fr\\\/produit\\\/tierlieb-cardiovascular-tablets-for-dogs-180-tabs\\\/#primaryimage\",\"url\":\"https:\\\/\\\/ecosupplements.be\\\/wp-content\\\/uploads\\\/2025\\\/08\\\/TIERLIEB-Cardiovascular-tablets-for-dogs-180-tabs.jpg\",\"contentUrl\":\"https:\\\/\\\/ecosupplements.be\\\/wp-content\\\/uploads\\\/2025\\\/08\\\/TIERLIEB-Cardiovascular-tablets-for-dogs-180-tabs.jpg\",\"width\":596,\"height\":980},{\"@type\":\"BreadcrumbList\",\"@id\":\"https:\\\/\\\/ecosupplements.be\\\/fr\\\/produit\\\/tierlieb-cardiovascular-tablets-for-dogs-180-tabs\\\/#breadcrumb\",\"itemListElement\":[{\"@type\":\"ListItem\",\"position\":1,\"name\":\"Home\",\"item\":\"https:\\\/\\\/ecosupplements.be\\\/fr\\\/\"},{\"@type\":\"ListItem\",\"position\":2,\"name\":\"Boutique\",\"item\":\"https:\\\/\\\/ecosupplements.be\\\/fr\\\/boutique\\\/\"},{\"@type\":\"ListItem\",\"position\":3,\"name\":\"Comprim\u00e9s cardiovasculaires pour chiens TIERLIEB (180 comprim\u00e9s)\"}]},{\"@type\":\"WebSite\",\"@id\":\"https:\\\/\\\/ecosupplements.be\\\/fr\\\/#website\",\"url\":\"https:\\\/\\\/ecosupplements.be\\\/fr\\\/\",\"name\":\"ECO Supplements\",\"description\":\"Eco Supplements - Gezonde supplementen\",\"publisher\":{\"@id\":\"https:\\\/\\\/ecosupplements.be\\\/fr\\\/#organization\"},\"potentialAction\":[{\"@type\":\"SearchAction\",\"target\":{\"@type\":\"EntryPoint\",\"urlTemplate\":\"https:\\\/\\\/ecosupplements.be\\\/fr\\\/?s={search_term_string}\"},\"query-input\":{\"@type\":\"PropertyValueSpecification\",\"valueRequired\":true,\"valueName\":\"search_term_string\"}}],\"inLanguage\":\"fr-FR\"},{\"@type\":\"Organization\",\"@id\":\"https:\\\/\\\/ecosupplements.be\\\/fr\\\/#organization\",\"name\":\"Eco Supplements\",\"url\":\"https:\\\/\\\/ecosupplements.be\\\/fr\\\/\",\"logo\":{\"@type\":\"ImageObject\",\"inLanguage\":\"fr-FR\",\"@id\":\"https:\\\/\\\/ecosupplements.be\\\/fr\\\/#\\\/schema\\\/logo\\\/image\\\/\",\"url\":\"https:\\\/\\\/ecosupplements.be\\\/wp-content\\\/uploads\\\/2022\\\/06\\\/ecosupplement-family.png\",\"contentUrl\":\"https:\\\/\\\/ecosupplements.be\\\/wp-content\\\/uploads\\\/2022\\\/06\\\/ecosupplement-family.png\",\"width\":593,\"height\":374,\"caption\":\"Eco Supplements\"},\"image\":{\"@id\":\"https:\\\/\\\/ecosupplements.be\\\/fr\\\/#\\\/schema\\\/logo\\\/image\\\/\"}}]}<\/script>\n<meta property=\"product:brand\" content=\"Tierlieb\" \/>\n<meta property=\"product:price:amount\" content=\"18.51\" \/>\n<meta property=\"product:price:currency\" content=\"EUR\" \/>\n<meta property=\"og:availability\" content=\"instock\" \/>\n<meta property=\"product:availability\" content=\"instock\" \/>\n<meta property=\"product:retailer_item_id\" content=\"4250382209041\" \/>\n<meta property=\"product:condition\" content=\"new\" \/>\n<!-- \/ Yoast SEO Premium plugin. -->","yoast_head_json":{"title":"Comprim\u00e9s cardiovasculaires pour chiens TIERLIEB (180 comprim\u00e9s) - ECO Supplements","description":"Wij hebben een ruime keuze aan producten van Comprim\u00e9s cardiovasculaires pour chiens TIERLIEB (180 comprim\u00e9s) . Winkel bij Eco Supplements altijd gratis verzending boven 100\u20ac","robots":{"index":"index","follow":"follow","max-snippet":"max-snippet:-1","max-image-preview":"max-image-preview:large","max-video-preview":"max-video-preview:-1"},"canonical":"https:\/\/ecosupplements.be\/fr\/produit\/tierlieb-cardiovascular-tablets-for-dogs-180-tabs\/","og_locale":"fr_FR","og_type":"article","og_title":"Comprim\u00e9s cardiovasculaires pour chiens TIERLIEB (180 comprim\u00e9s)","og_description":"Wij hebben een ruime keuze aan producten van Comprim\u00e9s cardiovasculaires pour chiens TIERLIEB (180 comprim\u00e9s) . Winkel bij Eco Supplements altijd gratis verzending boven 100\u20ac","og_url":"https:\/\/ecosupplements.be\/fr\/produit\/tierlieb-cardiovascular-tablets-for-dogs-180-tabs\/","og_site_name":"ECO Supplements","article_modified_time":"2025-08-28T03:03:30+00:00","og_image":[{"width":596,"height":980,"url":"https:\/\/ecosupplements.be\/wp-content\/uploads\/2025\/08\/Tierlieb-TIERLIEB-Cardiovascular-tablets-for-dogs-180-tabs.jpg","type":"image\/jpeg"}],"twitter_card":"summary_large_image","twitter_misc":{"Prix":"18.51&nbsp;&euro;","Disponibilit\u00e9":"En stock"},"schema":{"@context":"https:\/\/schema.org","@graph":[{"@type":["WebPage","ItemPage"],"@id":"https:\/\/ecosupplements.be\/fr\/produit\/tierlieb-cardiovascular-tablets-for-dogs-180-tabs\/","url":"https:\/\/ecosupplements.be\/fr\/produit\/tierlieb-cardiovascular-tablets-for-dogs-180-tabs\/","name":"Comprim\u00e9s cardiovasculaires pour chiens TIERLIEB (180 comprim\u00e9s) - ECO Supplements","isPartOf":{"@id":"https:\/\/ecosupplements.be\/fr\/#website"},"primaryImageOfPage":{"@id":"https:\/\/ecosupplements.be\/fr\/produit\/tierlieb-cardiovascular-tablets-for-dogs-180-tabs\/#primaryimage"},"image":{"@id":"https:\/\/ecosupplements.be\/fr\/produit\/tierlieb-cardiovascular-tablets-for-dogs-180-tabs\/#primaryimage"},"thumbnailUrl":"https:\/\/ecosupplements.be\/wp-content\/uploads\/2025\/08\/TIERLIEB-Cardiovascular-tablets-for-dogs-180-tabs.jpg","datePublished":"2025-07-27T07:15:13+00:00","dateModified":"2025-08-28T03:03:30+00:00","description":"Wij hebben een ruime keuze aan producten van Comprim\u00e9s cardiovasculaires pour chiens TIERLIEB (180 comprim\u00e9s) . Winkel bij Eco Supplements altijd gratis verzending boven 100\u20ac","breadcrumb":{"@id":"https:\/\/ecosupplements.be\/fr\/produit\/tierlieb-cardiovascular-tablets-for-dogs-180-tabs\/#breadcrumb"},"inLanguage":"fr-FR","potentialAction":[{"@type":"ReadAction","target":["https:\/\/ecosupplements.be\/fr\/produit\/tierlieb-cardiovascular-tablets-for-dogs-180-tabs\/"]}]},{"@type":"ImageObject","inLanguage":"fr-FR","@id":"https:\/\/ecosupplements.be\/fr\/produit\/tierlieb-cardiovascular-tablets-for-dogs-180-tabs\/#primaryimage","url":"https:\/\/ecosupplements.be\/wp-content\/uploads\/2025\/08\/TIERLIEB-Cardiovascular-tablets-for-dogs-180-tabs.jpg","contentUrl":"https:\/\/ecosupplements.be\/wp-content\/uploads\/2025\/08\/TIERLIEB-Cardiovascular-tablets-for-dogs-180-tabs.jpg","width":596,"height":980},{"@type":"BreadcrumbList","@id":"https:\/\/ecosupplements.be\/fr\/produit\/tierlieb-cardiovascular-tablets-for-dogs-180-tabs\/#breadcrumb","itemListElement":[{"@type":"ListItem","position":1,"name":"Home","item":"https:\/\/ecosupplements.be\/fr\/"},{"@type":"ListItem","position":2,"name":"Boutique","item":"https:\/\/ecosupplements.be\/fr\/boutique\/"},{"@type":"ListItem","position":3,"name":"Comprim\u00e9s cardiovasculaires pour chiens TIERLIEB (180 comprim\u00e9s)"}]},{"@type":"WebSite","@id":"https:\/\/ecosupplements.be\/fr\/#website","url":"https:\/\/ecosupplements.be\/fr\/","name":"ECO Supplements","description":"Eco Supplements - Gezonde supplementen","publisher":{"@id":"https:\/\/ecosupplements.be\/fr\/#organization"},"potentialAction":[{"@type":"SearchAction","target":{"@type":"EntryPoint","urlTemplate":"https:\/\/ecosupplements.be\/fr\/?s={search_term_string}"},"query-input":{"@type":"PropertyValueSpecification","valueRequired":true,"valueName":"search_term_string"}}],"inLanguage":"fr-FR"},{"@type":"Organization","@id":"https:\/\/ecosupplements.be\/fr\/#organization","name":"Eco Supplements","url":"https:\/\/ecosupplements.be\/fr\/","logo":{"@type":"ImageObject","inLanguage":"fr-FR","@id":"https:\/\/ecosupplements.be\/fr\/#\/schema\/logo\/image\/","url":"https:\/\/ecosupplements.be\/wp-content\/uploads\/2022\/06\/ecosupplement-family.png","contentUrl":"https:\/\/ecosupplements.be\/wp-content\/uploads\/2022\/06\/ecosupplement-family.png","width":593,"height":374,"caption":"Eco Supplements"},"image":{"@id":"https:\/\/ecosupplements.be\/fr\/#\/schema\/logo\/image\/"}}]},"product_brand":"Tierlieb","product_price_amount":"18.51","product_price_currency":"EUR","og_availability":"instock","product_availability":"instock","product_retailer_item_id":"4250382209041","product_condition":"new"},"_links":{"self":[{"href":"https:\/\/ecosupplements.be\/fr\/wp-json\/wp\/v2\/product\/303822","targetHints":{"allow":["GET"]}}],"collection":[{"href":"https:\/\/ecosupplements.be\/fr\/wp-json\/wp\/v2\/product"}],"about":[{"href":"https:\/\/ecosupplements.be\/fr\/wp-json\/wp\/v2\/types\/product"}],"replies":[{"embeddable":true,"href":"https:\/\/ecosupplements.be\/fr\/wp-json\/wp\/v2\/comments?post=303822"}],"wp:featuredmedia":[{"embeddable":true,"href":"https:\/\/ecosupplements.be\/fr\/wp-json\/wp\/v2\/media\/277962"}],"wp:attachment":[{"href":"https:\/\/ecosupplements.be\/fr\/wp-json\/wp\/v2\/media?parent=303822"}],"wp:term":[{"taxonomy":"product_brand","embeddable":true,"href":"https:\/\/ecosupplements.be\/fr\/wp-json\/wp\/v2\/product_brand?post=303822"},{"taxonomy":"product_cat","embeddable":true,"href":"https:\/\/ecosupplements.be\/fr\/wp-json\/wp\/v2\/product_cat?post=303822"},{"taxonomy":"product_tag","embeddable":true,"href":"https:\/\/ecosupplements.be\/fr\/wp-json\/wp\/v2\/product_tag?post=303822"}],"curies":[{"name":"wp","href":"https:\/\/api.w.org\/{rel}","templated":true}]}}