{"id":303870,"date":"2025-07-27T09:15:13","date_gmt":"2025-07-27T08:15:13","guid":{"rendered":"https:\/\/ecosupplements.be\/product\/tisserand-aromatherapy-chamomile-roman-anthemis-nobilis-ethically-harvested-9-ml-03-fl-oz\/"},"modified":"2025-08-28T04:04:30","modified_gmt":"2025-08-28T03:04:30","slug":"tisserand-aromatherapy-chamomile-roman-anthemis-nobilis-ethically-harvested-9-ml-03-fl-oz","status":"publish","type":"product","link":"https:\/\/ecosupplements.be\/fr\/produit\/tisserand-aromatherapy-chamomile-roman-anthemis-nobilis-ethically-harvested-9-ml-03-fl-oz\/","title":{"rendered":"Chamomile (Romaine) Anthemis Nobilis R\u00e9colt\u00e9e de mani\u00e8re \u00e9thique (9 ml \/ 0,3 fl. oz.)"},"content":{"rendered":"<h2>TISSERAND AROMATHERAPY Chamomile (Roman) Anthemis Nobilis Ethically Harvested &#8211; 9 ml \/ 0,3 fl. oz.<\/h2>\n<p>D\u00e9couvrez le charme naturel de l&#8217;huile essentielle de Camomille romaine (Anthemis Nobilis), r\u00e9colt\u00e9e de mani\u00e8re \u00e9thique. Ce produit pur \u00e0 100% est extrait directement des fleurs blanches et des tiges attrayantes de la camomille, connues pour leur parfum doux, fruit\u00e9 et herbac\u00e9.<\/p>\n<p><strong>Ingr\u00e9dients principaux :<\/strong> Huile essentielle pure issue des fleurs d&#8217;Anthemis Nobilis.<\/p>\n<p><strong>Utilisation :<\/strong> Pour une ambiance apaisante, ajoutez 6 \u00e0 8 gouttes dans un diffuseur ou un br\u00fbleur \u00e0 huiles. Pour une exp\u00e9rience plus personnelle, diluez 5 gouttes d&#8217;huile essentielle avec 10 ml d&#8217;une huile porteuse comme l&#8217;huile d&#8217;amande ou de jojoba pour un massage relaxant ou ajoutez-en quelques gouttes dans votre bain en m\u00e9langeant pr\u00e9alablement avec une huile porteuse.<\/p>\n<p>Ce produit est exclusivement destin\u00e9 \u00e0 un usage externe.\u00c9vitez tout contact avec les yeux et ne l&#8217;appliquez pas directement sur la peau sans dilution pr\u00e9alable. Ne convient pas aux enfants de moins de cinq ans et il est conseill\u00e9 aux femmes enceintes ou allaitantes de consulter un professionnel avant utilisation.<\/p>\n<p><strong>Caract\u00e9ristiques pratiques :<\/strong> Ce flacon compact et facile \u00e0 utiliser vous permettra d&#8217;introduire simplement la qualit\u00e9 aromatique sup\u00e9rieure dans votre quotidien sans effort.<\/p>\n<p>Faites le choix naturel pour enrichir votre environnement quotidien gr\u00e2ce au TISSERAND AROMATHERAPY Chamomile (Roman) Anthemis Nobilis Ethically Harvested!<\/p>\n","protected":false},"excerpt":{"rendered":"<p>TISSERAND AROMATHERAPY Chamomile (Roman) Anthemis Nobilis Ethically Harvested &#8211; 9 ml \/ 0,3 fl. oz. D\u00e9couvrez le charme naturel de l&#8217;huile essentielle de Camomille romaine (Anthemis Nobilis), r\u00e9colt\u00e9e de mani\u00e8re \u00e9thique. Ce produit pur \u00e0 100% est extrait directement des fleurs blanches et des tiges attrayantes de la camomille, connues pour leur parfum doux, fruit\u00e9 [&#8230;]\n","protected":false},"featured_media":278010,"comment_status":"closed","ping_status":"open","template":"","meta":[],"product_brand":[5390],"product_cat":[5131],"product_tag":[],"class_list":{"0":"post-303870","1":"product","2":"type-product","3":"status-publish","4":"has-post-thumbnail","6":"product_brand-tisserand-aromatherapy-2","7":"product_cat-aromatherapie","9":"first","10":"instock","11":"taxable","12":"shipping-taxable","13":"purchasable","14":"product-type-simple"},"yoast_head":"<!-- This site is optimized with the Yoast SEO Premium plugin v27.3 (Yoast SEO v27.3) - https:\/\/yoast.com\/product\/yoast-seo-premium-wordpress\/ -->\n<title>Chamomile (Romaine) Anthemis Nobilis R\u00e9colt\u00e9e de mani\u00e8re \u00e9thique (9 ml \/ 0,3 fl. oz.) - ECO Supplements<\/title>\n<meta name=\"description\" content=\"Wij hebben een ruime keuze aan producten van Chamomile (Romaine) Anthemis Nobilis R\u00e9colt\u00e9e de mani\u00e8re \u00e9thique (9 ml \/ 0,3 fl. oz.) . Winkel bij Eco Supplements altijd gratis verzending boven 100\u20ac\" \/>\n<meta name=\"robots\" content=\"index, follow, max-snippet:-1, max-image-preview:large, max-video-preview:-1\" \/>\n<link rel=\"canonical\" href=\"https:\/\/ecosupplements.be\/fr\/produit\/tisserand-aromatherapy-chamomile-roman-anthemis-nobilis-ethically-harvested-9-ml-03-fl-oz\/\" \/>\n<meta property=\"og:locale\" content=\"fr_FR\" \/>\n<meta property=\"og:type\" content=\"article\" \/>\n<meta property=\"og:title\" content=\"Chamomile (Romaine) Anthemis Nobilis R\u00e9colt\u00e9e de mani\u00e8re \u00e9thique (9 ml \/ 0,3 fl. oz.)\" \/>\n<meta property=\"og:description\" content=\"Wij hebben een ruime keuze aan producten van Chamomile (Romaine) Anthemis Nobilis R\u00e9colt\u00e9e de mani\u00e8re \u00e9thique (9 ml \/ 0,3 fl. oz.) . Winkel bij Eco Supplements altijd gratis verzending boven 100\u20ac\" \/>\n<meta property=\"og:url\" content=\"https:\/\/ecosupplements.be\/fr\/produit\/tisserand-aromatherapy-chamomile-roman-anthemis-nobilis-ethically-harvested-9-ml-03-fl-oz\/\" \/>\n<meta property=\"og:site_name\" content=\"ECO Supplements\" \/>\n<meta property=\"article:modified_time\" content=\"2025-08-28T03:04:30+00:00\" \/>\n<meta property=\"og:image\" content=\"https:\/\/ecosupplements.be\/wp-content\/uploads\/2025\/08\/Tisserand-Aromatherapy-TISSERAND-AROMATHERAPY-Chamomile-Roman-Anthemis-Nobilis-Ethically-Harvested-9-ml-03-fl.-oz.jpg\" \/>\n\t<meta property=\"og:image:width\" content=\"679\" \/>\n\t<meta property=\"og:image:height\" content=\"773\" \/>\n\t<meta property=\"og:image:type\" content=\"image\/jpeg\" \/>\n<meta name=\"twitter:card\" content=\"summary_large_image\" \/>\n<meta name=\"twitter:label1\" content=\"Prix\" \/>\n\t<meta name=\"twitter:data1\" content=\"65.19&nbsp;&euro;\" \/>\n\t<meta name=\"twitter:label2\" content=\"Disponibilit\u00e9\" \/>\n\t<meta name=\"twitter:data2\" content=\"En stock\" \/>\n<script type=\"application\/ld+json\" class=\"yoast-schema-graph\">{\"@context\":\"https:\\\/\\\/schema.org\",\"@graph\":[{\"@type\":[\"WebPage\",\"ItemPage\"],\"@id\":\"https:\\\/\\\/ecosupplements.be\\\/fr\\\/produit\\\/tisserand-aromatherapy-chamomile-roman-anthemis-nobilis-ethically-harvested-9-ml-03-fl-oz\\\/\",\"url\":\"https:\\\/\\\/ecosupplements.be\\\/fr\\\/produit\\\/tisserand-aromatherapy-chamomile-roman-anthemis-nobilis-ethically-harvested-9-ml-03-fl-oz\\\/\",\"name\":\"Chamomile (Romaine) Anthemis Nobilis R\u00e9colt\u00e9e de mani\u00e8re \u00e9thique (9 ml \\\/ 0,3 fl. oz.) - ECO Supplements\",\"isPartOf\":{\"@id\":\"https:\\\/\\\/ecosupplements.be\\\/fr\\\/#website\"},\"primaryImageOfPage\":{\"@id\":\"https:\\\/\\\/ecosupplements.be\\\/fr\\\/produit\\\/tisserand-aromatherapy-chamomile-roman-anthemis-nobilis-ethically-harvested-9-ml-03-fl-oz\\\/#primaryimage\"},\"image\":{\"@id\":\"https:\\\/\\\/ecosupplements.be\\\/fr\\\/produit\\\/tisserand-aromatherapy-chamomile-roman-anthemis-nobilis-ethically-harvested-9-ml-03-fl-oz\\\/#primaryimage\"},\"thumbnailUrl\":\"https:\\\/\\\/ecosupplements.be\\\/wp-content\\\/uploads\\\/2025\\\/08\\\/TISSERAND-AROMATHERAPY-Chamomile-Roman-Anthemis-Nobilis-Ethically-Harvested-9-ml-03-fl.-oz.jpg\",\"datePublished\":\"2025-07-27T08:15:13+00:00\",\"dateModified\":\"2025-08-28T03:04:30+00:00\",\"description\":\"Wij hebben een ruime keuze aan producten van Chamomile (Romaine) Anthemis Nobilis R\u00e9colt\u00e9e de mani\u00e8re \u00e9thique (9 ml \\\/ 0,3 fl. oz.) . Winkel bij Eco Supplements altijd gratis verzending boven 100\u20ac\",\"breadcrumb\":{\"@id\":\"https:\\\/\\\/ecosupplements.be\\\/fr\\\/produit\\\/tisserand-aromatherapy-chamomile-roman-anthemis-nobilis-ethically-harvested-9-ml-03-fl-oz\\\/#breadcrumb\"},\"inLanguage\":\"fr-FR\",\"potentialAction\":[{\"@type\":\"ReadAction\",\"target\":[\"https:\\\/\\\/ecosupplements.be\\\/fr\\\/produit\\\/tisserand-aromatherapy-chamomile-roman-anthemis-nobilis-ethically-harvested-9-ml-03-fl-oz\\\/\"]}]},{\"@type\":\"ImageObject\",\"inLanguage\":\"fr-FR\",\"@id\":\"https:\\\/\\\/ecosupplements.be\\\/fr\\\/produit\\\/tisserand-aromatherapy-chamomile-roman-anthemis-nobilis-ethically-harvested-9-ml-03-fl-oz\\\/#primaryimage\",\"url\":\"https:\\\/\\\/ecosupplements.be\\\/wp-content\\\/uploads\\\/2025\\\/08\\\/TISSERAND-AROMATHERAPY-Chamomile-Roman-Anthemis-Nobilis-Ethically-Harvested-9-ml-03-fl.-oz.jpg\",\"contentUrl\":\"https:\\\/\\\/ecosupplements.be\\\/wp-content\\\/uploads\\\/2025\\\/08\\\/TISSERAND-AROMATHERAPY-Chamomile-Roman-Anthemis-Nobilis-Ethically-Harvested-9-ml-03-fl.-oz.jpg\",\"width\":679,\"height\":773},{\"@type\":\"BreadcrumbList\",\"@id\":\"https:\\\/\\\/ecosupplements.be\\\/fr\\\/produit\\\/tisserand-aromatherapy-chamomile-roman-anthemis-nobilis-ethically-harvested-9-ml-03-fl-oz\\\/#breadcrumb\",\"itemListElement\":[{\"@type\":\"ListItem\",\"position\":1,\"name\":\"Home\",\"item\":\"https:\\\/\\\/ecosupplements.be\\\/fr\\\/\"},{\"@type\":\"ListItem\",\"position\":2,\"name\":\"Boutique\",\"item\":\"https:\\\/\\\/ecosupplements.be\\\/fr\\\/boutique\\\/\"},{\"@type\":\"ListItem\",\"position\":3,\"name\":\"Chamomile (Romaine) Anthemis Nobilis R\u00e9colt\u00e9e de mani\u00e8re \u00e9thique (9 ml \\\/ 0,3 fl. oz.)\"}]},{\"@type\":\"WebSite\",\"@id\":\"https:\\\/\\\/ecosupplements.be\\\/fr\\\/#website\",\"url\":\"https:\\\/\\\/ecosupplements.be\\\/fr\\\/\",\"name\":\"ECO Supplements\",\"description\":\"Eco Supplements - Gezonde supplementen\",\"publisher\":{\"@id\":\"https:\\\/\\\/ecosupplements.be\\\/fr\\\/#organization\"},\"potentialAction\":[{\"@type\":\"SearchAction\",\"target\":{\"@type\":\"EntryPoint\",\"urlTemplate\":\"https:\\\/\\\/ecosupplements.be\\\/fr\\\/?s={search_term_string}\"},\"query-input\":{\"@type\":\"PropertyValueSpecification\",\"valueRequired\":true,\"valueName\":\"search_term_string\"}}],\"inLanguage\":\"fr-FR\"},{\"@type\":\"Organization\",\"@id\":\"https:\\\/\\\/ecosupplements.be\\\/fr\\\/#organization\",\"name\":\"Eco Supplements\",\"url\":\"https:\\\/\\\/ecosupplements.be\\\/fr\\\/\",\"logo\":{\"@type\":\"ImageObject\",\"inLanguage\":\"fr-FR\",\"@id\":\"https:\\\/\\\/ecosupplements.be\\\/fr\\\/#\\\/schema\\\/logo\\\/image\\\/\",\"url\":\"https:\\\/\\\/ecosupplements.be\\\/wp-content\\\/uploads\\\/2022\\\/06\\\/ecosupplement-family.png\",\"contentUrl\":\"https:\\\/\\\/ecosupplements.be\\\/wp-content\\\/uploads\\\/2022\\\/06\\\/ecosupplement-family.png\",\"width\":593,\"height\":374,\"caption\":\"Eco Supplements\"},\"image\":{\"@id\":\"https:\\\/\\\/ecosupplements.be\\\/fr\\\/#\\\/schema\\\/logo\\\/image\\\/\"}}]}<\/script>\n<meta property=\"product:brand\" content=\"Tisserand Aromatherapy\" \/>\n<meta property=\"product:price:amount\" content=\"65.19\" \/>\n<meta property=\"product:price:currency\" content=\"EUR\" \/>\n<meta property=\"og:availability\" content=\"instock\" \/>\n<meta property=\"product:availability\" content=\"instock\" \/>\n<meta property=\"product:retailer_item_id\" content=\"5017402008119\" \/>\n<meta property=\"product:condition\" content=\"new\" \/>\n<!-- \/ Yoast SEO Premium plugin. -->","yoast_head_json":{"title":"Chamomile (Romaine) Anthemis Nobilis R\u00e9colt\u00e9e de mani\u00e8re \u00e9thique (9 ml \/ 0,3 fl. oz.) - ECO Supplements","description":"Wij hebben een ruime keuze aan producten van Chamomile (Romaine) Anthemis Nobilis R\u00e9colt\u00e9e de mani\u00e8re \u00e9thique (9 ml \/ 0,3 fl. oz.) . Winkel bij Eco Supplements altijd gratis verzending boven 100\u20ac","robots":{"index":"index","follow":"follow","max-snippet":"max-snippet:-1","max-image-preview":"max-image-preview:large","max-video-preview":"max-video-preview:-1"},"canonical":"https:\/\/ecosupplements.be\/fr\/produit\/tisserand-aromatherapy-chamomile-roman-anthemis-nobilis-ethically-harvested-9-ml-03-fl-oz\/","og_locale":"fr_FR","og_type":"article","og_title":"Chamomile (Romaine) Anthemis Nobilis R\u00e9colt\u00e9e de mani\u00e8re \u00e9thique (9 ml \/ 0,3 fl. oz.)","og_description":"Wij hebben een ruime keuze aan producten van Chamomile (Romaine) Anthemis Nobilis R\u00e9colt\u00e9e de mani\u00e8re \u00e9thique (9 ml \/ 0,3 fl. oz.) . Winkel bij Eco Supplements altijd gratis verzending boven 100\u20ac","og_url":"https:\/\/ecosupplements.be\/fr\/produit\/tisserand-aromatherapy-chamomile-roman-anthemis-nobilis-ethically-harvested-9-ml-03-fl-oz\/","og_site_name":"ECO Supplements","article_modified_time":"2025-08-28T03:04:30+00:00","og_image":[{"width":679,"height":773,"url":"https:\/\/ecosupplements.be\/wp-content\/uploads\/2025\/08\/Tisserand-Aromatherapy-TISSERAND-AROMATHERAPY-Chamomile-Roman-Anthemis-Nobilis-Ethically-Harvested-9-ml-03-fl.-oz.jpg","type":"image\/jpeg"}],"twitter_card":"summary_large_image","twitter_misc":{"Prix":"65.19&nbsp;&euro;","Disponibilit\u00e9":"En stock"},"schema":{"@context":"https:\/\/schema.org","@graph":[{"@type":["WebPage","ItemPage"],"@id":"https:\/\/ecosupplements.be\/fr\/produit\/tisserand-aromatherapy-chamomile-roman-anthemis-nobilis-ethically-harvested-9-ml-03-fl-oz\/","url":"https:\/\/ecosupplements.be\/fr\/produit\/tisserand-aromatherapy-chamomile-roman-anthemis-nobilis-ethically-harvested-9-ml-03-fl-oz\/","name":"Chamomile (Romaine) Anthemis Nobilis R\u00e9colt\u00e9e de mani\u00e8re \u00e9thique (9 ml \/ 0,3 fl. oz.) - ECO Supplements","isPartOf":{"@id":"https:\/\/ecosupplements.be\/fr\/#website"},"primaryImageOfPage":{"@id":"https:\/\/ecosupplements.be\/fr\/produit\/tisserand-aromatherapy-chamomile-roman-anthemis-nobilis-ethically-harvested-9-ml-03-fl-oz\/#primaryimage"},"image":{"@id":"https:\/\/ecosupplements.be\/fr\/produit\/tisserand-aromatherapy-chamomile-roman-anthemis-nobilis-ethically-harvested-9-ml-03-fl-oz\/#primaryimage"},"thumbnailUrl":"https:\/\/ecosupplements.be\/wp-content\/uploads\/2025\/08\/TISSERAND-AROMATHERAPY-Chamomile-Roman-Anthemis-Nobilis-Ethically-Harvested-9-ml-03-fl.-oz.jpg","datePublished":"2025-07-27T08:15:13+00:00","dateModified":"2025-08-28T03:04:30+00:00","description":"Wij hebben een ruime keuze aan producten van Chamomile (Romaine) Anthemis Nobilis R\u00e9colt\u00e9e de mani\u00e8re \u00e9thique (9 ml \/ 0,3 fl. oz.) . Winkel bij Eco Supplements altijd gratis verzending boven 100\u20ac","breadcrumb":{"@id":"https:\/\/ecosupplements.be\/fr\/produit\/tisserand-aromatherapy-chamomile-roman-anthemis-nobilis-ethically-harvested-9-ml-03-fl-oz\/#breadcrumb"},"inLanguage":"fr-FR","potentialAction":[{"@type":"ReadAction","target":["https:\/\/ecosupplements.be\/fr\/produit\/tisserand-aromatherapy-chamomile-roman-anthemis-nobilis-ethically-harvested-9-ml-03-fl-oz\/"]}]},{"@type":"ImageObject","inLanguage":"fr-FR","@id":"https:\/\/ecosupplements.be\/fr\/produit\/tisserand-aromatherapy-chamomile-roman-anthemis-nobilis-ethically-harvested-9-ml-03-fl-oz\/#primaryimage","url":"https:\/\/ecosupplements.be\/wp-content\/uploads\/2025\/08\/TISSERAND-AROMATHERAPY-Chamomile-Roman-Anthemis-Nobilis-Ethically-Harvested-9-ml-03-fl.-oz.jpg","contentUrl":"https:\/\/ecosupplements.be\/wp-content\/uploads\/2025\/08\/TISSERAND-AROMATHERAPY-Chamomile-Roman-Anthemis-Nobilis-Ethically-Harvested-9-ml-03-fl.-oz.jpg","width":679,"height":773},{"@type":"BreadcrumbList","@id":"https:\/\/ecosupplements.be\/fr\/produit\/tisserand-aromatherapy-chamomile-roman-anthemis-nobilis-ethically-harvested-9-ml-03-fl-oz\/#breadcrumb","itemListElement":[{"@type":"ListItem","position":1,"name":"Home","item":"https:\/\/ecosupplements.be\/fr\/"},{"@type":"ListItem","position":2,"name":"Boutique","item":"https:\/\/ecosupplements.be\/fr\/boutique\/"},{"@type":"ListItem","position":3,"name":"Chamomile (Romaine) Anthemis Nobilis R\u00e9colt\u00e9e de mani\u00e8re \u00e9thique (9 ml \/ 0,3 fl. oz.)"}]},{"@type":"WebSite","@id":"https:\/\/ecosupplements.be\/fr\/#website","url":"https:\/\/ecosupplements.be\/fr\/","name":"ECO Supplements","description":"Eco Supplements - Gezonde supplementen","publisher":{"@id":"https:\/\/ecosupplements.be\/fr\/#organization"},"potentialAction":[{"@type":"SearchAction","target":{"@type":"EntryPoint","urlTemplate":"https:\/\/ecosupplements.be\/fr\/?s={search_term_string}"},"query-input":{"@type":"PropertyValueSpecification","valueRequired":true,"valueName":"search_term_string"}}],"inLanguage":"fr-FR"},{"@type":"Organization","@id":"https:\/\/ecosupplements.be\/fr\/#organization","name":"Eco Supplements","url":"https:\/\/ecosupplements.be\/fr\/","logo":{"@type":"ImageObject","inLanguage":"fr-FR","@id":"https:\/\/ecosupplements.be\/fr\/#\/schema\/logo\/image\/","url":"https:\/\/ecosupplements.be\/wp-content\/uploads\/2022\/06\/ecosupplement-family.png","contentUrl":"https:\/\/ecosupplements.be\/wp-content\/uploads\/2022\/06\/ecosupplement-family.png","width":593,"height":374,"caption":"Eco Supplements"},"image":{"@id":"https:\/\/ecosupplements.be\/fr\/#\/schema\/logo\/image\/"}}]},"product_brand":"Tisserand Aromatherapy","product_price_amount":"65.19","product_price_currency":"EUR","og_availability":"instock","product_availability":"instock","product_retailer_item_id":"5017402008119","product_condition":"new"},"_links":{"self":[{"href":"https:\/\/ecosupplements.be\/fr\/wp-json\/wp\/v2\/product\/303870","targetHints":{"allow":["GET"]}}],"collection":[{"href":"https:\/\/ecosupplements.be\/fr\/wp-json\/wp\/v2\/product"}],"about":[{"href":"https:\/\/ecosupplements.be\/fr\/wp-json\/wp\/v2\/types\/product"}],"replies":[{"embeddable":true,"href":"https:\/\/ecosupplements.be\/fr\/wp-json\/wp\/v2\/comments?post=303870"}],"wp:featuredmedia":[{"embeddable":true,"href":"https:\/\/ecosupplements.be\/fr\/wp-json\/wp\/v2\/media\/278010"}],"wp:attachment":[{"href":"https:\/\/ecosupplements.be\/fr\/wp-json\/wp\/v2\/media?parent=303870"}],"wp:term":[{"taxonomy":"product_brand","embeddable":true,"href":"https:\/\/ecosupplements.be\/fr\/wp-json\/wp\/v2\/product_brand?post=303870"},{"taxonomy":"product_cat","embeddable":true,"href":"https:\/\/ecosupplements.be\/fr\/wp-json\/wp\/v2\/product_cat?post=303870"},{"taxonomy":"product_tag","embeddable":true,"href":"https:\/\/ecosupplements.be\/fr\/wp-json\/wp\/v2\/product_tag?post=303870"}],"curies":[{"name":"wp","href":"https:\/\/api.w.org\/{rel}","templated":true}]}}