{"id":303918,"date":"2025-07-27T10:15:12","date_gmt":"2025-07-27T09:15:12","guid":{"rendered":"https:\/\/ecosupplements.be\/product\/tisserand-aromatherapy-frosted-peppermint-duo-collection-1-x-0-3-fl-oz-1-x-3-38-fl-oz\/"},"modified":"2025-08-28T04:05:31","modified_gmt":"2025-08-28T03:05:31","slug":"tisserand-aromatherapy-frosted-peppermint-duo-collection-1-x-0-3-fl-oz-1-x-3-38-fl-oz","status":"publish","type":"product","link":"https:\/\/ecosupplements.be\/fr\/produit\/tisserand-aromatherapy-frosted-peppermint-duo-collection-1-x-0-3-fl-oz-1-x-3-38-fl-oz\/","title":{"rendered":"Collection Duo de Menthe Poivr\u00e9e Givr\u00e9e TISSERAND AROMATHERAPY (1 x 0.3 fl.oz., 1 x 3.38 fl.oz.)"},"content":{"rendered":"<p><strong>Nom du produit :<\/strong> TISSERAND AROMATHERAPY Frosted Peppermint Duo Collection<\/p>\n<p><strong>contenu et emballage :<\/strong> Ce coffret comprend un flacon d&#8217;huile pour diffuseur de 9 ml et une brume d&#8217;ambiance de 100 ml.<\/p>\n<p><strong>ingr\u00e9dients principaux :<\/strong><\/p>\n<ul>\n<li>Eau (Aqua)<\/li>\n<li>Extrait de peau de mandarine (Citrus Reticulata)<\/li>\n<li>Huile de citron vert (Citrus Aurantifolia)<\/li>\n<li>Huile de feuille de menthe verte (Mentha Viridis)<\/li>\n<li>Huile d&#8217;herbe \u00e0 la menthe poivr\u00e9e (Mentha Arvensis)<\/li>\n<li>Huile de feuille de cannelle (Cinnamomum Zeylanicum)<\/li>\n<\/ul>\n<p><strong>Description :<\/strong> D\u00e9couvrez le plaisir rafra\u00eechissant du duo Frosted Peppermint,compos\u00e9 avec soin pour apporter une touche naturelle \u00e0 votre environnement. Les ingr\u00e9dients, s\u00e9lectionn\u00e9s pour leur puret\u00e9 et leur origine naturelle, offrent une exp\u00e9rience olfactive unique sans \u00eatre li\u00e9s \u00e0 des effets sur la sant\u00e9.<\/p>\n<p><strong>Utilisation :<\/strong><\/p>\n<ul>\n<li>Pour la brume d&#8217;ambiance : Vaporisez au center de la pi\u00e8ce aussi souvent que n\u00e9cessaire. Agitez bien avant chaque utilisation.<\/li>\n<li>Pour l&#8217;huile pour diffuseur : Ajoutez entre six et huit gouttes dans votre diffuseur ou pot-pourri chauffant pour diffuser un parfum agr\u00e9able.<\/li>\n<\/ul>\n<p>Ces produits sont exclusivement destin\u00e9s \u00e0 un usage externe. Ils sont pratiques et faciles \u00e0 utiliser au quotidien, int\u00e9grant parfaitement dans un mode vie actif tout en respectant l&#8217;amour des composants naturels.<\/p>\n<p>Veuillez suivre les instructions fournies et conserver ces produits hors port\u00e9e des enfants. Utilisez conform\u00e9ment aux recommandations pour profiter pleinement des qualit\u00e9s aromatiques du peppermint dans votre espace personnel ou professionnel.<\/p>\n","protected":false},"excerpt":{"rendered":"<p>Nom du produit : TISSERAND AROMATHERAPY Frosted Peppermint Duo Collection contenu et emballage : Ce coffret comprend un flacon d&#8217;huile pour diffuseur de 9 ml et une brume d&#8217;ambiance de 100 ml. ingr\u00e9dients principaux : Eau (Aqua) Extrait de peau de mandarine (Citrus Reticulata) Huile de citron vert (Citrus Aurantifolia) Huile de feuille de menthe [&#8230;]\n","protected":false},"featured_media":278058,"comment_status":"closed","ping_status":"open","template":"","meta":[],"product_brand":[5390],"product_cat":[5131],"product_tag":[],"class_list":{"0":"post-303918","1":"product","2":"type-product","3":"status-publish","4":"has-post-thumbnail","6":"product_brand-tisserand-aromatherapy-2","7":"product_cat-aromatherapie","9":"first","10":"instock","11":"taxable","12":"shipping-taxable","13":"purchasable","14":"product-type-simple"},"yoast_head":"<!-- This site is optimized with the Yoast SEO Premium plugin v27.3 (Yoast SEO v27.3) - https:\/\/yoast.com\/product\/yoast-seo-premium-wordpress\/ -->\n<title>Collection Duo de Menthe Poivr\u00e9e Givr\u00e9e TISSERAND AROMATHERAPY (1 x 0.3 fl.oz., 1 x 3.38 fl.oz.) - ECO Supplements<\/title>\n<meta name=\"description\" content=\"Wij hebben een ruime keuze aan producten van Collection Duo de Menthe Poivr\u00e9e Givr\u00e9e TISSERAND AROMATHERAPY (1 x 0.3 fl.oz., 1 x 3.38 fl.oz.) . Winkel bij Eco Supplements altijd gratis verzending boven 100\u20ac\" \/>\n<meta name=\"robots\" content=\"index, follow, max-snippet:-1, max-image-preview:large, max-video-preview:-1\" \/>\n<link rel=\"canonical\" href=\"https:\/\/ecosupplements.be\/fr\/produit\/tisserand-aromatherapy-frosted-peppermint-duo-collection-1-x-0-3-fl-oz-1-x-3-38-fl-oz\/\" \/>\n<meta property=\"og:locale\" content=\"fr_FR\" \/>\n<meta property=\"og:type\" content=\"article\" \/>\n<meta property=\"og:title\" content=\"Collection Duo de Menthe Poivr\u00e9e Givr\u00e9e TISSERAND AROMATHERAPY (1 x 0.3 fl.oz., 1 x 3.38 fl.oz.)\" \/>\n<meta property=\"og:description\" content=\"Wij hebben een ruime keuze aan producten van Collection Duo de Menthe Poivr\u00e9e Givr\u00e9e TISSERAND AROMATHERAPY (1 x 0.3 fl.oz., 1 x 3.38 fl.oz.) . Winkel bij Eco Supplements altijd gratis verzending boven 100\u20ac\" \/>\n<meta property=\"og:url\" content=\"https:\/\/ecosupplements.be\/fr\/produit\/tisserand-aromatherapy-frosted-peppermint-duo-collection-1-x-0-3-fl-oz-1-x-3-38-fl-oz\/\" \/>\n<meta property=\"og:site_name\" content=\"ECO Supplements\" \/>\n<meta property=\"article:modified_time\" content=\"2025-08-28T03:05:31+00:00\" \/>\n<meta property=\"og:image\" content=\"https:\/\/ecosupplements.be\/wp-content\/uploads\/2025\/08\/Tisserand-Aromatherapy-TISSERAND-AROMATHERAPY-Frosted-Peppermint-Duo-Collection-1-x-0.3-fl.oz_.-1-x-3.38-fl.oz_.jpg\" \/>\n\t<meta property=\"og:image:width\" content=\"1024\" \/>\n\t<meta property=\"og:image:height\" content=\"1024\" \/>\n\t<meta property=\"og:image:type\" content=\"image\/jpeg\" \/>\n<meta name=\"twitter:card\" content=\"summary_large_image\" \/>\n<meta name=\"twitter:label1\" content=\"Prix\" \/>\n\t<meta name=\"twitter:data1\" content=\"26.49&nbsp;&euro;\" \/>\n\t<meta name=\"twitter:label2\" content=\"Disponibilit\u00e9\" \/>\n\t<meta name=\"twitter:data2\" content=\"En stock\" \/>\n<script type=\"application\/ld+json\" class=\"yoast-schema-graph\">{\"@context\":\"https:\\\/\\\/schema.org\",\"@graph\":[{\"@type\":[\"WebPage\",\"ItemPage\"],\"@id\":\"https:\\\/\\\/ecosupplements.be\\\/fr\\\/produit\\\/tisserand-aromatherapy-frosted-peppermint-duo-collection-1-x-0-3-fl-oz-1-x-3-38-fl-oz\\\/\",\"url\":\"https:\\\/\\\/ecosupplements.be\\\/fr\\\/produit\\\/tisserand-aromatherapy-frosted-peppermint-duo-collection-1-x-0-3-fl-oz-1-x-3-38-fl-oz\\\/\",\"name\":\"Collection Duo de Menthe Poivr\u00e9e Givr\u00e9e TISSERAND AROMATHERAPY (1 x 0.3 fl.oz., 1 x 3.38 fl.oz.) - ECO Supplements\",\"isPartOf\":{\"@id\":\"https:\\\/\\\/ecosupplements.be\\\/fr\\\/#website\"},\"primaryImageOfPage\":{\"@id\":\"https:\\\/\\\/ecosupplements.be\\\/fr\\\/produit\\\/tisserand-aromatherapy-frosted-peppermint-duo-collection-1-x-0-3-fl-oz-1-x-3-38-fl-oz\\\/#primaryimage\"},\"image\":{\"@id\":\"https:\\\/\\\/ecosupplements.be\\\/fr\\\/produit\\\/tisserand-aromatherapy-frosted-peppermint-duo-collection-1-x-0-3-fl-oz-1-x-3-38-fl-oz\\\/#primaryimage\"},\"thumbnailUrl\":\"https:\\\/\\\/ecosupplements.be\\\/wp-content\\\/uploads\\\/2025\\\/08\\\/TISSERAND-AROMATHERAPY-Frosted-Peppermint-Duo-Collection-1-x-0.3-fl.oz_.-1-x-3.38-fl.oz_.jpg\",\"datePublished\":\"2025-07-27T09:15:12+00:00\",\"dateModified\":\"2025-08-28T03:05:31+00:00\",\"description\":\"Wij hebben een ruime keuze aan producten van Collection Duo de Menthe Poivr\u00e9e Givr\u00e9e TISSERAND AROMATHERAPY (1 x 0.3 fl.oz., 1 x 3.38 fl.oz.) . Winkel bij Eco Supplements altijd gratis verzending boven 100\u20ac\",\"breadcrumb\":{\"@id\":\"https:\\\/\\\/ecosupplements.be\\\/fr\\\/produit\\\/tisserand-aromatherapy-frosted-peppermint-duo-collection-1-x-0-3-fl-oz-1-x-3-38-fl-oz\\\/#breadcrumb\"},\"inLanguage\":\"fr-FR\",\"potentialAction\":[{\"@type\":\"ReadAction\",\"target\":[\"https:\\\/\\\/ecosupplements.be\\\/fr\\\/produit\\\/tisserand-aromatherapy-frosted-peppermint-duo-collection-1-x-0-3-fl-oz-1-x-3-38-fl-oz\\\/\"]}]},{\"@type\":\"ImageObject\",\"inLanguage\":\"fr-FR\",\"@id\":\"https:\\\/\\\/ecosupplements.be\\\/fr\\\/produit\\\/tisserand-aromatherapy-frosted-peppermint-duo-collection-1-x-0-3-fl-oz-1-x-3-38-fl-oz\\\/#primaryimage\",\"url\":\"https:\\\/\\\/ecosupplements.be\\\/wp-content\\\/uploads\\\/2025\\\/08\\\/TISSERAND-AROMATHERAPY-Frosted-Peppermint-Duo-Collection-1-x-0.3-fl.oz_.-1-x-3.38-fl.oz_.jpg\",\"contentUrl\":\"https:\\\/\\\/ecosupplements.be\\\/wp-content\\\/uploads\\\/2025\\\/08\\\/TISSERAND-AROMATHERAPY-Frosted-Peppermint-Duo-Collection-1-x-0.3-fl.oz_.-1-x-3.38-fl.oz_.jpg\",\"width\":1024,\"height\":1024},{\"@type\":\"BreadcrumbList\",\"@id\":\"https:\\\/\\\/ecosupplements.be\\\/fr\\\/produit\\\/tisserand-aromatherapy-frosted-peppermint-duo-collection-1-x-0-3-fl-oz-1-x-3-38-fl-oz\\\/#breadcrumb\",\"itemListElement\":[{\"@type\":\"ListItem\",\"position\":1,\"name\":\"Home\",\"item\":\"https:\\\/\\\/ecosupplements.be\\\/fr\\\/\"},{\"@type\":\"ListItem\",\"position\":2,\"name\":\"Boutique\",\"item\":\"https:\\\/\\\/ecosupplements.be\\\/fr\\\/boutique\\\/\"},{\"@type\":\"ListItem\",\"position\":3,\"name\":\"Collection Duo de Menthe Poivr\u00e9e Givr\u00e9e TISSERAND AROMATHERAPY (1 x 0.3 fl.oz., 1 x 3.38 fl.oz.)\"}]},{\"@type\":\"WebSite\",\"@id\":\"https:\\\/\\\/ecosupplements.be\\\/fr\\\/#website\",\"url\":\"https:\\\/\\\/ecosupplements.be\\\/fr\\\/\",\"name\":\"ECO Supplements\",\"description\":\"Eco Supplements - Gezonde supplementen\",\"publisher\":{\"@id\":\"https:\\\/\\\/ecosupplements.be\\\/fr\\\/#organization\"},\"potentialAction\":[{\"@type\":\"SearchAction\",\"target\":{\"@type\":\"EntryPoint\",\"urlTemplate\":\"https:\\\/\\\/ecosupplements.be\\\/fr\\\/?s={search_term_string}\"},\"query-input\":{\"@type\":\"PropertyValueSpecification\",\"valueRequired\":true,\"valueName\":\"search_term_string\"}}],\"inLanguage\":\"fr-FR\"},{\"@type\":\"Organization\",\"@id\":\"https:\\\/\\\/ecosupplements.be\\\/fr\\\/#organization\",\"name\":\"Eco Supplements\",\"url\":\"https:\\\/\\\/ecosupplements.be\\\/fr\\\/\",\"logo\":{\"@type\":\"ImageObject\",\"inLanguage\":\"fr-FR\",\"@id\":\"https:\\\/\\\/ecosupplements.be\\\/fr\\\/#\\\/schema\\\/logo\\\/image\\\/\",\"url\":\"https:\\\/\\\/ecosupplements.be\\\/wp-content\\\/uploads\\\/2022\\\/06\\\/ecosupplement-family.png\",\"contentUrl\":\"https:\\\/\\\/ecosupplements.be\\\/wp-content\\\/uploads\\\/2022\\\/06\\\/ecosupplement-family.png\",\"width\":593,\"height\":374,\"caption\":\"Eco Supplements\"},\"image\":{\"@id\":\"https:\\\/\\\/ecosupplements.be\\\/fr\\\/#\\\/schema\\\/logo\\\/image\\\/\"}}]}<\/script>\n<meta property=\"product:brand\" content=\"Tisserand Aromatherapy\" \/>\n<meta property=\"product:price:amount\" content=\"26.49\" \/>\n<meta property=\"product:price:currency\" content=\"EUR\" \/>\n<meta property=\"og:availability\" content=\"instock\" \/>\n<meta property=\"product:availability\" content=\"instock\" \/>\n<meta property=\"product:retailer_item_id\" content=\"5017402040621\" \/>\n<meta property=\"product:condition\" content=\"new\" \/>\n<!-- \/ Yoast SEO Premium plugin. -->","yoast_head_json":{"title":"Collection Duo de Menthe Poivr\u00e9e Givr\u00e9e TISSERAND AROMATHERAPY (1 x 0.3 fl.oz., 1 x 3.38 fl.oz.) - ECO Supplements","description":"Wij hebben een ruime keuze aan producten van Collection Duo de Menthe Poivr\u00e9e Givr\u00e9e TISSERAND AROMATHERAPY (1 x 0.3 fl.oz., 1 x 3.38 fl.oz.) . Winkel bij Eco Supplements altijd gratis verzending boven 100\u20ac","robots":{"index":"index","follow":"follow","max-snippet":"max-snippet:-1","max-image-preview":"max-image-preview:large","max-video-preview":"max-video-preview:-1"},"canonical":"https:\/\/ecosupplements.be\/fr\/produit\/tisserand-aromatherapy-frosted-peppermint-duo-collection-1-x-0-3-fl-oz-1-x-3-38-fl-oz\/","og_locale":"fr_FR","og_type":"article","og_title":"Collection Duo de Menthe Poivr\u00e9e Givr\u00e9e TISSERAND AROMATHERAPY (1 x 0.3 fl.oz., 1 x 3.38 fl.oz.)","og_description":"Wij hebben een ruime keuze aan producten van Collection Duo de Menthe Poivr\u00e9e Givr\u00e9e TISSERAND AROMATHERAPY (1 x 0.3 fl.oz., 1 x 3.38 fl.oz.) . Winkel bij Eco Supplements altijd gratis verzending boven 100\u20ac","og_url":"https:\/\/ecosupplements.be\/fr\/produit\/tisserand-aromatherapy-frosted-peppermint-duo-collection-1-x-0-3-fl-oz-1-x-3-38-fl-oz\/","og_site_name":"ECO Supplements","article_modified_time":"2025-08-28T03:05:31+00:00","og_image":[{"width":1024,"height":1024,"url":"https:\/\/ecosupplements.be\/wp-content\/uploads\/2025\/08\/Tisserand-Aromatherapy-TISSERAND-AROMATHERAPY-Frosted-Peppermint-Duo-Collection-1-x-0.3-fl.oz_.-1-x-3.38-fl.oz_.jpg","type":"image\/jpeg"}],"twitter_card":"summary_large_image","twitter_misc":{"Prix":"26.49&nbsp;&euro;","Disponibilit\u00e9":"En stock"},"schema":{"@context":"https:\/\/schema.org","@graph":[{"@type":["WebPage","ItemPage"],"@id":"https:\/\/ecosupplements.be\/fr\/produit\/tisserand-aromatherapy-frosted-peppermint-duo-collection-1-x-0-3-fl-oz-1-x-3-38-fl-oz\/","url":"https:\/\/ecosupplements.be\/fr\/produit\/tisserand-aromatherapy-frosted-peppermint-duo-collection-1-x-0-3-fl-oz-1-x-3-38-fl-oz\/","name":"Collection Duo de Menthe Poivr\u00e9e Givr\u00e9e TISSERAND AROMATHERAPY (1 x 0.3 fl.oz., 1 x 3.38 fl.oz.) - ECO Supplements","isPartOf":{"@id":"https:\/\/ecosupplements.be\/fr\/#website"},"primaryImageOfPage":{"@id":"https:\/\/ecosupplements.be\/fr\/produit\/tisserand-aromatherapy-frosted-peppermint-duo-collection-1-x-0-3-fl-oz-1-x-3-38-fl-oz\/#primaryimage"},"image":{"@id":"https:\/\/ecosupplements.be\/fr\/produit\/tisserand-aromatherapy-frosted-peppermint-duo-collection-1-x-0-3-fl-oz-1-x-3-38-fl-oz\/#primaryimage"},"thumbnailUrl":"https:\/\/ecosupplements.be\/wp-content\/uploads\/2025\/08\/TISSERAND-AROMATHERAPY-Frosted-Peppermint-Duo-Collection-1-x-0.3-fl.oz_.-1-x-3.38-fl.oz_.jpg","datePublished":"2025-07-27T09:15:12+00:00","dateModified":"2025-08-28T03:05:31+00:00","description":"Wij hebben een ruime keuze aan producten van Collection Duo de Menthe Poivr\u00e9e Givr\u00e9e TISSERAND AROMATHERAPY (1 x 0.3 fl.oz., 1 x 3.38 fl.oz.) . Winkel bij Eco Supplements altijd gratis verzending boven 100\u20ac","breadcrumb":{"@id":"https:\/\/ecosupplements.be\/fr\/produit\/tisserand-aromatherapy-frosted-peppermint-duo-collection-1-x-0-3-fl-oz-1-x-3-38-fl-oz\/#breadcrumb"},"inLanguage":"fr-FR","potentialAction":[{"@type":"ReadAction","target":["https:\/\/ecosupplements.be\/fr\/produit\/tisserand-aromatherapy-frosted-peppermint-duo-collection-1-x-0-3-fl-oz-1-x-3-38-fl-oz\/"]}]},{"@type":"ImageObject","inLanguage":"fr-FR","@id":"https:\/\/ecosupplements.be\/fr\/produit\/tisserand-aromatherapy-frosted-peppermint-duo-collection-1-x-0-3-fl-oz-1-x-3-38-fl-oz\/#primaryimage","url":"https:\/\/ecosupplements.be\/wp-content\/uploads\/2025\/08\/TISSERAND-AROMATHERAPY-Frosted-Peppermint-Duo-Collection-1-x-0.3-fl.oz_.-1-x-3.38-fl.oz_.jpg","contentUrl":"https:\/\/ecosupplements.be\/wp-content\/uploads\/2025\/08\/TISSERAND-AROMATHERAPY-Frosted-Peppermint-Duo-Collection-1-x-0.3-fl.oz_.-1-x-3.38-fl.oz_.jpg","width":1024,"height":1024},{"@type":"BreadcrumbList","@id":"https:\/\/ecosupplements.be\/fr\/produit\/tisserand-aromatherapy-frosted-peppermint-duo-collection-1-x-0-3-fl-oz-1-x-3-38-fl-oz\/#breadcrumb","itemListElement":[{"@type":"ListItem","position":1,"name":"Home","item":"https:\/\/ecosupplements.be\/fr\/"},{"@type":"ListItem","position":2,"name":"Boutique","item":"https:\/\/ecosupplements.be\/fr\/boutique\/"},{"@type":"ListItem","position":3,"name":"Collection Duo de Menthe Poivr\u00e9e Givr\u00e9e TISSERAND AROMATHERAPY (1 x 0.3 fl.oz., 1 x 3.38 fl.oz.)"}]},{"@type":"WebSite","@id":"https:\/\/ecosupplements.be\/fr\/#website","url":"https:\/\/ecosupplements.be\/fr\/","name":"ECO Supplements","description":"Eco Supplements - Gezonde supplementen","publisher":{"@id":"https:\/\/ecosupplements.be\/fr\/#organization"},"potentialAction":[{"@type":"SearchAction","target":{"@type":"EntryPoint","urlTemplate":"https:\/\/ecosupplements.be\/fr\/?s={search_term_string}"},"query-input":{"@type":"PropertyValueSpecification","valueRequired":true,"valueName":"search_term_string"}}],"inLanguage":"fr-FR"},{"@type":"Organization","@id":"https:\/\/ecosupplements.be\/fr\/#organization","name":"Eco Supplements","url":"https:\/\/ecosupplements.be\/fr\/","logo":{"@type":"ImageObject","inLanguage":"fr-FR","@id":"https:\/\/ecosupplements.be\/fr\/#\/schema\/logo\/image\/","url":"https:\/\/ecosupplements.be\/wp-content\/uploads\/2022\/06\/ecosupplement-family.png","contentUrl":"https:\/\/ecosupplements.be\/wp-content\/uploads\/2022\/06\/ecosupplement-family.png","width":593,"height":374,"caption":"Eco Supplements"},"image":{"@id":"https:\/\/ecosupplements.be\/fr\/#\/schema\/logo\/image\/"}}]},"product_brand":"Tisserand Aromatherapy","product_price_amount":"26.49","product_price_currency":"EUR","og_availability":"instock","product_availability":"instock","product_retailer_item_id":"5017402040621","product_condition":"new"},"_links":{"self":[{"href":"https:\/\/ecosupplements.be\/fr\/wp-json\/wp\/v2\/product\/303918","targetHints":{"allow":["GET"]}}],"collection":[{"href":"https:\/\/ecosupplements.be\/fr\/wp-json\/wp\/v2\/product"}],"about":[{"href":"https:\/\/ecosupplements.be\/fr\/wp-json\/wp\/v2\/types\/product"}],"replies":[{"embeddable":true,"href":"https:\/\/ecosupplements.be\/fr\/wp-json\/wp\/v2\/comments?post=303918"}],"wp:featuredmedia":[{"embeddable":true,"href":"https:\/\/ecosupplements.be\/fr\/wp-json\/wp\/v2\/media\/278058"}],"wp:attachment":[{"href":"https:\/\/ecosupplements.be\/fr\/wp-json\/wp\/v2\/media?parent=303918"}],"wp:term":[{"taxonomy":"product_brand","embeddable":true,"href":"https:\/\/ecosupplements.be\/fr\/wp-json\/wp\/v2\/product_brand?post=303918"},{"taxonomy":"product_cat","embeddable":true,"href":"https:\/\/ecosupplements.be\/fr\/wp-json\/wp\/v2\/product_cat?post=303918"},{"taxonomy":"product_tag","embeddable":true,"href":"https:\/\/ecosupplements.be\/fr\/wp-json\/wp\/v2\/product_tag?post=303918"}],"curies":[{"name":"wp","href":"https:\/\/api.w.org\/{rel}","templated":true}]}}