{"id":303936,"date":"2025-07-27T10:45:13","date_gmt":"2025-07-27T09:45:13","guid":{"rendered":"https:\/\/ecosupplements.be\/product\/tisserand-aromatherapy-grapeseed-oil-ethically-harvested-oil-100-ml-34-fl-oz\/"},"modified":"2025-08-28T04:05:51","modified_gmt":"2025-08-28T03:05:51","slug":"tisserand-aromatherapy-grapeseed-oil-ethically-harvested-oil-100-ml-34-fl-oz","status":"publish","type":"product","link":"https:\/\/ecosupplements.be\/fr\/produit\/tisserand-aromatherapy-grapeseed-oil-ethically-harvested-oil-100-ml-34-fl-oz\/","title":{"rendered":"Huile de p\u00e9pins de raisin Tisserand Aromath\u00e9rapie r\u00e9colt\u00e9e de mani\u00e8re \u00e9thique (100 ml \/ 3,4 fl. oz.)"},"content":{"rendered":"<h2>TISSERAND AROMATHERAPY Grapeseed Oil Ethically Harvested Oil (100 ml \/ 3,4 fl. oz.)<\/h2>\n<p>D\u00e9couvrez la l\u00e9g\u00e8ret\u00e9 et la finesse du <strong>Grapeseed Oil Ethically Harvested<\/strong> de TISSERAND AROMATHERAPY, un choix parfait pour ceux qui appr\u00e9cient les ingr\u00e9dients naturels dans un mode de vie sain. Ce produit est id\u00e9al pour une utilisation quotidienne gr\u00e2ce \u00e0 sa texture l\u00e9g\u00e8re et facilement absorbable.<\/p>\n<p>Ce produit est compos\u00e9 \u00e0 100% d&#8217;huile de Vitis Vinifera (Grapeseed), connue pour sa grande puret\u00e9 et son origine naturelle. L&#8217;huile de p\u00e9pins de raisin est appr\u00e9ci\u00e9e pour sa douceur, ce qui en fait un excellent choix m\u00eame pour les peaux sensibles.<\/p>\n<p><strong>Utilisation :<\/strong><\/p>\n<ul>\n<li><em>M\u00e9lange pour massage :<\/em> Ajoutez 5 gouttes d&#8217;huile essentielle \u00e0 10 ml d&#8217;huile Grapeseed.<\/li>\n<li><em>soin visage :<\/em> M\u00e9langez jusqu&#8217;\u00e0 2 gouttes d&#8217;huile essentielle avec 10 ml d&#8217;huile Grapeseed.<\/li>\n<li><em>Bain aromatique :<\/em> Incorporez entre 4 et 6 gouttes d&#8217;huile essentielle \u00e0 20 ml du m\u00e9lange huiles puis dispersez bien dans l&#8217;eau du bain.<\/li>\n<\/ul>\n<p>Ce produit se pr\u00e9sente dans un emballage pratique de 100 ml, facile \u00e0 utiliser au quotidien ou lors des d\u00e9placements. Un compl\u00e9ment simple mais raffin\u00e9 pour votre routine beaut\u00e9 quotidienne sans compromettre la qualit\u00e9 ni le respect des normes \u00e9thiques.<\/p>\n<p>Faites le choix naturel avec l&#8217;<strong>Grapeseed Oil Ethically Harvested<\/strong>, une base neutre parfaite adapt\u00e9e \u00e0 tous types de peau, y compris les plus d\u00e9licates!<\/p>\n","protected":false},"excerpt":{"rendered":"<p>TISSERAND AROMATHERAPY Grapeseed Oil Ethically Harvested Oil (100 ml \/ 3,4 fl. oz.) D\u00e9couvrez la l\u00e9g\u00e8ret\u00e9 et la finesse du Grapeseed Oil Ethically Harvested de TISSERAND AROMATHERAPY, un choix parfait pour ceux qui appr\u00e9cient les ingr\u00e9dients naturels dans un mode de vie sain. Ce produit est id\u00e9al pour une utilisation quotidienne gr\u00e2ce \u00e0 sa texture [&#8230;]\n","protected":false},"featured_media":278076,"comment_status":"closed","ping_status":"open","template":"","meta":[],"product_brand":[5390],"product_cat":[5131],"product_tag":[],"class_list":{"0":"post-303936","1":"product","2":"type-product","3":"status-publish","4":"has-post-thumbnail","6":"product_brand-tisserand-aromatherapy-2","7":"product_cat-aromatherapie","9":"first","10":"instock","11":"taxable","12":"shipping-taxable","13":"purchasable","14":"product-type-simple"},"yoast_head":"<!-- This site is optimized with the Yoast SEO Premium plugin v27.3 (Yoast SEO v27.3) - https:\/\/yoast.com\/product\/yoast-seo-premium-wordpress\/ -->\n<title>Huile de p\u00e9pins de raisin Tisserand Aromath\u00e9rapie r\u00e9colt\u00e9e de mani\u00e8re \u00e9thique (100 ml \/ 3,4 fl. oz.) - ECO Supplements<\/title>\n<meta name=\"description\" content=\"Wij hebben een ruime keuze aan producten van Huile de p\u00e9pins de raisin Tisserand Aromath\u00e9rapie r\u00e9colt\u00e9e de mani\u00e8re \u00e9thique (100 ml \/ 3,4 fl. oz.) . Winkel bij Eco Supplements altijd gratis verzending boven 100\u20ac\" \/>\n<meta name=\"robots\" content=\"index, follow, max-snippet:-1, max-image-preview:large, max-video-preview:-1\" \/>\n<link rel=\"canonical\" href=\"https:\/\/ecosupplements.be\/fr\/produit\/tisserand-aromatherapy-grapeseed-oil-ethically-harvested-oil-100-ml-34-fl-oz\/\" \/>\n<meta property=\"og:locale\" content=\"fr_FR\" \/>\n<meta property=\"og:type\" content=\"article\" \/>\n<meta property=\"og:title\" content=\"Huile de p\u00e9pins de raisin Tisserand Aromath\u00e9rapie r\u00e9colt\u00e9e de mani\u00e8re \u00e9thique (100 ml \/ 3,4 fl. oz.)\" \/>\n<meta property=\"og:description\" content=\"Wij hebben een ruime keuze aan producten van Huile de p\u00e9pins de raisin Tisserand Aromath\u00e9rapie r\u00e9colt\u00e9e de mani\u00e8re \u00e9thique (100 ml \/ 3,4 fl. oz.) . Winkel bij Eco Supplements altijd gratis verzending boven 100\u20ac\" \/>\n<meta property=\"og:url\" content=\"https:\/\/ecosupplements.be\/fr\/produit\/tisserand-aromatherapy-grapeseed-oil-ethically-harvested-oil-100-ml-34-fl-oz\/\" \/>\n<meta property=\"og:site_name\" content=\"ECO Supplements\" \/>\n<meta property=\"article:modified_time\" content=\"2025-08-28T03:05:51+00:00\" \/>\n<meta property=\"og:image\" content=\"https:\/\/ecosupplements.be\/wp-content\/uploads\/2025\/08\/Tisserand-Aromatherapy-TISSERAND-AROMATHERAPY-Grapeseed-Oil-Ethically-Harvested-Oil-100-ml-34-fl.-oz.jpg\" \/>\n\t<meta property=\"og:image:width\" content=\"1080\" \/>\n\t<meta property=\"og:image:height\" content=\"1080\" \/>\n\t<meta property=\"og:image:type\" content=\"image\/jpeg\" \/>\n<meta name=\"twitter:card\" content=\"summary_large_image\" \/>\n<meta name=\"twitter:label1\" content=\"Prix\" \/>\n\t<meta name=\"twitter:data1\" content=\"9.97&nbsp;&euro;\" \/>\n\t<meta name=\"twitter:label2\" content=\"Disponibilit\u00e9\" \/>\n\t<meta name=\"twitter:data2\" content=\"En stock\" \/>\n<script type=\"application\/ld+json\" class=\"yoast-schema-graph\">{\"@context\":\"https:\\\/\\\/schema.org\",\"@graph\":[{\"@type\":[\"WebPage\",\"ItemPage\"],\"@id\":\"https:\\\/\\\/ecosupplements.be\\\/fr\\\/produit\\\/tisserand-aromatherapy-grapeseed-oil-ethically-harvested-oil-100-ml-34-fl-oz\\\/\",\"url\":\"https:\\\/\\\/ecosupplements.be\\\/fr\\\/produit\\\/tisserand-aromatherapy-grapeseed-oil-ethically-harvested-oil-100-ml-34-fl-oz\\\/\",\"name\":\"Huile de p\u00e9pins de raisin Tisserand Aromath\u00e9rapie r\u00e9colt\u00e9e de mani\u00e8re \u00e9thique (100 ml \\\/ 3,4 fl. oz.) - ECO Supplements\",\"isPartOf\":{\"@id\":\"https:\\\/\\\/ecosupplements.be\\\/fr\\\/#website\"},\"primaryImageOfPage\":{\"@id\":\"https:\\\/\\\/ecosupplements.be\\\/fr\\\/produit\\\/tisserand-aromatherapy-grapeseed-oil-ethically-harvested-oil-100-ml-34-fl-oz\\\/#primaryimage\"},\"image\":{\"@id\":\"https:\\\/\\\/ecosupplements.be\\\/fr\\\/produit\\\/tisserand-aromatherapy-grapeseed-oil-ethically-harvested-oil-100-ml-34-fl-oz\\\/#primaryimage\"},\"thumbnailUrl\":\"https:\\\/\\\/ecosupplements.be\\\/wp-content\\\/uploads\\\/2025\\\/08\\\/TISSERAND-AROMATHERAPY-Grapeseed-Oil-Ethically-Harvested-Oil-100-ml-34-fl.-oz.jpg\",\"datePublished\":\"2025-07-27T09:45:13+00:00\",\"dateModified\":\"2025-08-28T03:05:51+00:00\",\"description\":\"Wij hebben een ruime keuze aan producten van Huile de p\u00e9pins de raisin Tisserand Aromath\u00e9rapie r\u00e9colt\u00e9e de mani\u00e8re \u00e9thique (100 ml \\\/ 3,4 fl. oz.) . Winkel bij Eco Supplements altijd gratis verzending boven 100\u20ac\",\"breadcrumb\":{\"@id\":\"https:\\\/\\\/ecosupplements.be\\\/fr\\\/produit\\\/tisserand-aromatherapy-grapeseed-oil-ethically-harvested-oil-100-ml-34-fl-oz\\\/#breadcrumb\"},\"inLanguage\":\"fr-FR\",\"potentialAction\":[{\"@type\":\"ReadAction\",\"target\":[\"https:\\\/\\\/ecosupplements.be\\\/fr\\\/produit\\\/tisserand-aromatherapy-grapeseed-oil-ethically-harvested-oil-100-ml-34-fl-oz\\\/\"]}]},{\"@type\":\"ImageObject\",\"inLanguage\":\"fr-FR\",\"@id\":\"https:\\\/\\\/ecosupplements.be\\\/fr\\\/produit\\\/tisserand-aromatherapy-grapeseed-oil-ethically-harvested-oil-100-ml-34-fl-oz\\\/#primaryimage\",\"url\":\"https:\\\/\\\/ecosupplements.be\\\/wp-content\\\/uploads\\\/2025\\\/08\\\/TISSERAND-AROMATHERAPY-Grapeseed-Oil-Ethically-Harvested-Oil-100-ml-34-fl.-oz.jpg\",\"contentUrl\":\"https:\\\/\\\/ecosupplements.be\\\/wp-content\\\/uploads\\\/2025\\\/08\\\/TISSERAND-AROMATHERAPY-Grapeseed-Oil-Ethically-Harvested-Oil-100-ml-34-fl.-oz.jpg\",\"width\":1080,\"height\":1080},{\"@type\":\"BreadcrumbList\",\"@id\":\"https:\\\/\\\/ecosupplements.be\\\/fr\\\/produit\\\/tisserand-aromatherapy-grapeseed-oil-ethically-harvested-oil-100-ml-34-fl-oz\\\/#breadcrumb\",\"itemListElement\":[{\"@type\":\"ListItem\",\"position\":1,\"name\":\"Home\",\"item\":\"https:\\\/\\\/ecosupplements.be\\\/fr\\\/\"},{\"@type\":\"ListItem\",\"position\":2,\"name\":\"Boutique\",\"item\":\"https:\\\/\\\/ecosupplements.be\\\/fr\\\/boutique\\\/\"},{\"@type\":\"ListItem\",\"position\":3,\"name\":\"Huile de p\u00e9pins de raisin Tisserand Aromath\u00e9rapie r\u00e9colt\u00e9e de mani\u00e8re \u00e9thique (100 ml \\\/ 3,4 fl. oz.)\"}]},{\"@type\":\"WebSite\",\"@id\":\"https:\\\/\\\/ecosupplements.be\\\/fr\\\/#website\",\"url\":\"https:\\\/\\\/ecosupplements.be\\\/fr\\\/\",\"name\":\"ECO Supplements\",\"description\":\"Eco Supplements - Gezonde supplementen\",\"publisher\":{\"@id\":\"https:\\\/\\\/ecosupplements.be\\\/fr\\\/#organization\"},\"potentialAction\":[{\"@type\":\"SearchAction\",\"target\":{\"@type\":\"EntryPoint\",\"urlTemplate\":\"https:\\\/\\\/ecosupplements.be\\\/fr\\\/?s={search_term_string}\"},\"query-input\":{\"@type\":\"PropertyValueSpecification\",\"valueRequired\":true,\"valueName\":\"search_term_string\"}}],\"inLanguage\":\"fr-FR\"},{\"@type\":\"Organization\",\"@id\":\"https:\\\/\\\/ecosupplements.be\\\/fr\\\/#organization\",\"name\":\"Eco Supplements\",\"url\":\"https:\\\/\\\/ecosupplements.be\\\/fr\\\/\",\"logo\":{\"@type\":\"ImageObject\",\"inLanguage\":\"fr-FR\",\"@id\":\"https:\\\/\\\/ecosupplements.be\\\/fr\\\/#\\\/schema\\\/logo\\\/image\\\/\",\"url\":\"https:\\\/\\\/ecosupplements.be\\\/wp-content\\\/uploads\\\/2022\\\/06\\\/ecosupplement-family.png\",\"contentUrl\":\"https:\\\/\\\/ecosupplements.be\\\/wp-content\\\/uploads\\\/2022\\\/06\\\/ecosupplement-family.png\",\"width\":593,\"height\":374,\"caption\":\"Eco Supplements\"},\"image\":{\"@id\":\"https:\\\/\\\/ecosupplements.be\\\/fr\\\/#\\\/schema\\\/logo\\\/image\\\/\"}}]}<\/script>\n<meta property=\"product:brand\" content=\"Tisserand Aromatherapy\" \/>\n<meta property=\"product:price:amount\" content=\"9.97\" \/>\n<meta property=\"product:price:currency\" content=\"EUR\" \/>\n<meta property=\"og:availability\" content=\"instock\" \/>\n<meta property=\"product:availability\" content=\"instock\" \/>\n<meta property=\"product:retailer_item_id\" content=\"5017402006764\" \/>\n<meta property=\"product:condition\" content=\"new\" \/>\n<!-- \/ Yoast SEO Premium plugin. -->","yoast_head_json":{"title":"Huile de p\u00e9pins de raisin Tisserand Aromath\u00e9rapie r\u00e9colt\u00e9e de mani\u00e8re \u00e9thique (100 ml \/ 3,4 fl. oz.) - ECO Supplements","description":"Wij hebben een ruime keuze aan producten van Huile de p\u00e9pins de raisin Tisserand Aromath\u00e9rapie r\u00e9colt\u00e9e de mani\u00e8re \u00e9thique (100 ml \/ 3,4 fl. oz.) . Winkel bij Eco Supplements altijd gratis verzending boven 100\u20ac","robots":{"index":"index","follow":"follow","max-snippet":"max-snippet:-1","max-image-preview":"max-image-preview:large","max-video-preview":"max-video-preview:-1"},"canonical":"https:\/\/ecosupplements.be\/fr\/produit\/tisserand-aromatherapy-grapeseed-oil-ethically-harvested-oil-100-ml-34-fl-oz\/","og_locale":"fr_FR","og_type":"article","og_title":"Huile de p\u00e9pins de raisin Tisserand Aromath\u00e9rapie r\u00e9colt\u00e9e de mani\u00e8re \u00e9thique (100 ml \/ 3,4 fl. oz.)","og_description":"Wij hebben een ruime keuze aan producten van Huile de p\u00e9pins de raisin Tisserand Aromath\u00e9rapie r\u00e9colt\u00e9e de mani\u00e8re \u00e9thique (100 ml \/ 3,4 fl. oz.) . Winkel bij Eco Supplements altijd gratis verzending boven 100\u20ac","og_url":"https:\/\/ecosupplements.be\/fr\/produit\/tisserand-aromatherapy-grapeseed-oil-ethically-harvested-oil-100-ml-34-fl-oz\/","og_site_name":"ECO Supplements","article_modified_time":"2025-08-28T03:05:51+00:00","og_image":[{"width":1080,"height":1080,"url":"https:\/\/ecosupplements.be\/wp-content\/uploads\/2025\/08\/Tisserand-Aromatherapy-TISSERAND-AROMATHERAPY-Grapeseed-Oil-Ethically-Harvested-Oil-100-ml-34-fl.-oz.jpg","type":"image\/jpeg"}],"twitter_card":"summary_large_image","twitter_misc":{"Prix":"9.97&nbsp;&euro;","Disponibilit\u00e9":"En stock"},"schema":{"@context":"https:\/\/schema.org","@graph":[{"@type":["WebPage","ItemPage"],"@id":"https:\/\/ecosupplements.be\/fr\/produit\/tisserand-aromatherapy-grapeseed-oil-ethically-harvested-oil-100-ml-34-fl-oz\/","url":"https:\/\/ecosupplements.be\/fr\/produit\/tisserand-aromatherapy-grapeseed-oil-ethically-harvested-oil-100-ml-34-fl-oz\/","name":"Huile de p\u00e9pins de raisin Tisserand Aromath\u00e9rapie r\u00e9colt\u00e9e de mani\u00e8re \u00e9thique (100 ml \/ 3,4 fl. oz.) - ECO Supplements","isPartOf":{"@id":"https:\/\/ecosupplements.be\/fr\/#website"},"primaryImageOfPage":{"@id":"https:\/\/ecosupplements.be\/fr\/produit\/tisserand-aromatherapy-grapeseed-oil-ethically-harvested-oil-100-ml-34-fl-oz\/#primaryimage"},"image":{"@id":"https:\/\/ecosupplements.be\/fr\/produit\/tisserand-aromatherapy-grapeseed-oil-ethically-harvested-oil-100-ml-34-fl-oz\/#primaryimage"},"thumbnailUrl":"https:\/\/ecosupplements.be\/wp-content\/uploads\/2025\/08\/TISSERAND-AROMATHERAPY-Grapeseed-Oil-Ethically-Harvested-Oil-100-ml-34-fl.-oz.jpg","datePublished":"2025-07-27T09:45:13+00:00","dateModified":"2025-08-28T03:05:51+00:00","description":"Wij hebben een ruime keuze aan producten van Huile de p\u00e9pins de raisin Tisserand Aromath\u00e9rapie r\u00e9colt\u00e9e de mani\u00e8re \u00e9thique (100 ml \/ 3,4 fl. oz.) . Winkel bij Eco Supplements altijd gratis verzending boven 100\u20ac","breadcrumb":{"@id":"https:\/\/ecosupplements.be\/fr\/produit\/tisserand-aromatherapy-grapeseed-oil-ethically-harvested-oil-100-ml-34-fl-oz\/#breadcrumb"},"inLanguage":"fr-FR","potentialAction":[{"@type":"ReadAction","target":["https:\/\/ecosupplements.be\/fr\/produit\/tisserand-aromatherapy-grapeseed-oil-ethically-harvested-oil-100-ml-34-fl-oz\/"]}]},{"@type":"ImageObject","inLanguage":"fr-FR","@id":"https:\/\/ecosupplements.be\/fr\/produit\/tisserand-aromatherapy-grapeseed-oil-ethically-harvested-oil-100-ml-34-fl-oz\/#primaryimage","url":"https:\/\/ecosupplements.be\/wp-content\/uploads\/2025\/08\/TISSERAND-AROMATHERAPY-Grapeseed-Oil-Ethically-Harvested-Oil-100-ml-34-fl.-oz.jpg","contentUrl":"https:\/\/ecosupplements.be\/wp-content\/uploads\/2025\/08\/TISSERAND-AROMATHERAPY-Grapeseed-Oil-Ethically-Harvested-Oil-100-ml-34-fl.-oz.jpg","width":1080,"height":1080},{"@type":"BreadcrumbList","@id":"https:\/\/ecosupplements.be\/fr\/produit\/tisserand-aromatherapy-grapeseed-oil-ethically-harvested-oil-100-ml-34-fl-oz\/#breadcrumb","itemListElement":[{"@type":"ListItem","position":1,"name":"Home","item":"https:\/\/ecosupplements.be\/fr\/"},{"@type":"ListItem","position":2,"name":"Boutique","item":"https:\/\/ecosupplements.be\/fr\/boutique\/"},{"@type":"ListItem","position":3,"name":"Huile de p\u00e9pins de raisin Tisserand Aromath\u00e9rapie r\u00e9colt\u00e9e de mani\u00e8re \u00e9thique (100 ml \/ 3,4 fl. oz.)"}]},{"@type":"WebSite","@id":"https:\/\/ecosupplements.be\/fr\/#website","url":"https:\/\/ecosupplements.be\/fr\/","name":"ECO Supplements","description":"Eco Supplements - Gezonde supplementen","publisher":{"@id":"https:\/\/ecosupplements.be\/fr\/#organization"},"potentialAction":[{"@type":"SearchAction","target":{"@type":"EntryPoint","urlTemplate":"https:\/\/ecosupplements.be\/fr\/?s={search_term_string}"},"query-input":{"@type":"PropertyValueSpecification","valueRequired":true,"valueName":"search_term_string"}}],"inLanguage":"fr-FR"},{"@type":"Organization","@id":"https:\/\/ecosupplements.be\/fr\/#organization","name":"Eco Supplements","url":"https:\/\/ecosupplements.be\/fr\/","logo":{"@type":"ImageObject","inLanguage":"fr-FR","@id":"https:\/\/ecosupplements.be\/fr\/#\/schema\/logo\/image\/","url":"https:\/\/ecosupplements.be\/wp-content\/uploads\/2022\/06\/ecosupplement-family.png","contentUrl":"https:\/\/ecosupplements.be\/wp-content\/uploads\/2022\/06\/ecosupplement-family.png","width":593,"height":374,"caption":"Eco Supplements"},"image":{"@id":"https:\/\/ecosupplements.be\/fr\/#\/schema\/logo\/image\/"}}]},"product_brand":"Tisserand Aromatherapy","product_price_amount":"9.97","product_price_currency":"EUR","og_availability":"instock","product_availability":"instock","product_retailer_item_id":"5017402006764","product_condition":"new"},"_links":{"self":[{"href":"https:\/\/ecosupplements.be\/fr\/wp-json\/wp\/v2\/product\/303936","targetHints":{"allow":["GET"]}}],"collection":[{"href":"https:\/\/ecosupplements.be\/fr\/wp-json\/wp\/v2\/product"}],"about":[{"href":"https:\/\/ecosupplements.be\/fr\/wp-json\/wp\/v2\/types\/product"}],"replies":[{"embeddable":true,"href":"https:\/\/ecosupplements.be\/fr\/wp-json\/wp\/v2\/comments?post=303936"}],"wp:featuredmedia":[{"embeddable":true,"href":"https:\/\/ecosupplements.be\/fr\/wp-json\/wp\/v2\/media\/278076"}],"wp:attachment":[{"href":"https:\/\/ecosupplements.be\/fr\/wp-json\/wp\/v2\/media?parent=303936"}],"wp:term":[{"taxonomy":"product_brand","embeddable":true,"href":"https:\/\/ecosupplements.be\/fr\/wp-json\/wp\/v2\/product_brand?post=303936"},{"taxonomy":"product_cat","embeddable":true,"href":"https:\/\/ecosupplements.be\/fr\/wp-json\/wp\/v2\/product_cat?post=303936"},{"taxonomy":"product_tag","embeddable":true,"href":"https:\/\/ecosupplements.be\/fr\/wp-json\/wp\/v2\/product_tag?post=303936"}],"curies":[{"name":"wp","href":"https:\/\/api.w.org\/{rel}","templated":true}]}}