{"id":303963,"date":"2025-07-27T11:15:12","date_gmt":"2025-07-27T10:15:12","guid":{"rendered":"https:\/\/ecosupplements.be\/product\/tisserand-aromatherapy-lavender-ethically-harvested-20-ml-068-fl-oz\/"},"modified":"2025-08-28T04:06:23","modified_gmt":"2025-08-28T03:06:23","slug":"tisserand-aromatherapy-lavender-ethically-harvested-20-ml-068-fl-oz","status":"publish","type":"product","link":"https:\/\/ecosupplements.be\/fr\/produit\/tisserand-aromatherapy-lavender-ethically-harvested-20-ml-068-fl-oz\/","title":{"rendered":"TISSERAND AROMATHERAPY Lavande R\u00e9colt\u00e9e de mani\u00e8re \u00e9thique (20 ml \/ 0,68 fl. oz.)"},"content":{"rendered":"<h2>TISSERAND AROMATHERAPY Lavender Ethically harvested &#8211; 20 ml \/ 0,68 fl.oz.<\/h2>\n<p>D\u00e9couvrez le charme et la puret\u00e9 de notre huile essentielle de Lavande, obtenue par distillation des tiges et des sommets fleuris de Lavandula angustifolia. Ce produit est un choix parfait pour ceux qui appr\u00e9cient les ingr\u00e9dients naturels dans un mode de vie sain.<\/p>\n<h3>Composition<\/h3>\n<p>Ce produit contient 100% d&#8217;huile pure de Lavandula angustifolia, r\u00e9colt\u00e9e avec respect pour l&#8217;environnement et les pratiques \u00e9thiques.<\/p>\n<h3>Utilisation<\/h3>\n<ul>\n<li><strong>Dans un diffuseur :<\/strong> Ajoutez 6 \u00e0 8 gouttes dans votre diffuseur ou br\u00fbleur pour profiter d&#8217;une ambiance rafra\u00eechissante.<\/li>\n<li><strong>Inhalation :<\/strong> Pour une utilisation par inhalation, ajoutez 3 \u00e0 5 gouttes dans un bol d&#8217;eau tr\u00e8s chaude et respirez les vapeurs pendant quelques minutes.<\/li>\n<li><strong>Massage :<\/strong> M\u00e9langez 5 gouttes avec 10 ml d&#8217;une huile porteuse comme l&#8217;huile d&#8217;amande douce ou de jojoba avant request.<\/li>\n<li><strong>Bain :<\/strong> Int\u00e9grez 4 \u00e0 6 gouttes m\u00e9lang\u00e9es \u00e0 une huile porteuse dans votre bain pour une exp\u00e9rience enveloppante.<\/li>\n<\/ul>\n<h3>Avertissements<\/h3>\n<p>Ce produit est exclusivement destin\u00e9 \u00e0 un usage externe. \u00c9vitez tout contact avec les yeux et ne l&#8217;appliquez pas directement sur la peau sans dilution pr\u00e9alable. Ne convient pas aux enfants de moins de cinq ans. Conservez le produit dans un endroit sec et frais, hors de port\u00e9e des enfants. Consultez toujours un professionnel avant utilisation si vous \u00eates enceinte ou allaitante.<\/p>\n<p>Cette huile essentielle est non seulement pratique mais aussi \u00e9l\u00e9gamment emball\u00e9e, ce qui en fait le compl\u00e9ment id\u00e9al au quotidien pour ceux qui cherchent \u00e0 int\u00e9grer la qualit\u00e9 naturelle sans compromis dans leur routine quotidienne.<\/p>\n","protected":false},"excerpt":{"rendered":"<p>TISSERAND AROMATHERAPY Lavender Ethically harvested &#8211; 20 ml \/ 0,68 fl.oz. D\u00e9couvrez le charme et la puret\u00e9 de notre huile essentielle de Lavande, obtenue par distillation des tiges et des sommets fleuris de Lavandula angustifolia. Ce produit est un choix parfait pour ceux qui appr\u00e9cient les ingr\u00e9dients naturels dans un mode de vie sain. Composition [&#8230;]\n","protected":false},"featured_media":278103,"comment_status":"closed","ping_status":"open","template":"","meta":[],"product_brand":[5390],"product_cat":[5131],"product_tag":[],"class_list":{"0":"post-303963","1":"product","2":"type-product","3":"status-publish","4":"has-post-thumbnail","6":"product_brand-tisserand-aromatherapy-2","7":"product_cat-aromatherapie","9":"first","10":"instock","11":"taxable","12":"shipping-taxable","13":"purchasable","14":"product-type-simple"},"yoast_head":"<!-- This site is optimized with the Yoast SEO Premium plugin v27.3 (Yoast SEO v27.3) - https:\/\/yoast.com\/product\/yoast-seo-premium-wordpress\/ -->\n<title>TISSERAND AROMATHERAPY Lavande R\u00e9colt\u00e9e de mani\u00e8re \u00e9thique (20 ml \/ 0,68 fl. oz.) - ECO Supplements<\/title>\n<meta name=\"description\" content=\"Wij hebben een ruime keuze aan producten van TISSERAND AROMATHERAPY Lavande R\u00e9colt\u00e9e de mani\u00e8re \u00e9thique (20 ml \/ 0,68 fl. oz.) . Winkel bij Eco Supplements altijd gratis verzending boven 100\u20ac\" \/>\n<meta name=\"robots\" content=\"index, follow, max-snippet:-1, max-image-preview:large, max-video-preview:-1\" \/>\n<link rel=\"canonical\" href=\"https:\/\/ecosupplements.be\/fr\/produit\/tisserand-aromatherapy-lavender-ethically-harvested-20-ml-068-fl-oz\/\" \/>\n<meta property=\"og:locale\" content=\"fr_FR\" \/>\n<meta property=\"og:type\" content=\"article\" \/>\n<meta property=\"og:title\" content=\"TISSERAND AROMATHERAPY Lavande R\u00e9colt\u00e9e de mani\u00e8re \u00e9thique (20 ml \/ 0,68 fl. oz.)\" \/>\n<meta property=\"og:description\" content=\"Wij hebben een ruime keuze aan producten van TISSERAND AROMATHERAPY Lavande R\u00e9colt\u00e9e de mani\u00e8re \u00e9thique (20 ml \/ 0,68 fl. oz.) . Winkel bij Eco Supplements altijd gratis verzending boven 100\u20ac\" \/>\n<meta property=\"og:url\" content=\"https:\/\/ecosupplements.be\/fr\/produit\/tisserand-aromatherapy-lavender-ethically-harvested-20-ml-068-fl-oz\/\" \/>\n<meta property=\"og:site_name\" content=\"ECO Supplements\" \/>\n<meta property=\"article:modified_time\" content=\"2025-08-28T03:06:23+00:00\" \/>\n<meta property=\"og:image\" content=\"https:\/\/ecosupplements.be\/wp-content\/uploads\/2025\/08\/Tisserand-Aromatherapy-TISSERAND-AROMATHERAPY-Lavender-Ethically-Harvested-20-ml-068-fl.-oz.jpg\" \/>\n\t<meta property=\"og:image:width\" content=\"1080\" \/>\n\t<meta property=\"og:image:height\" content=\"1080\" \/>\n\t<meta property=\"og:image:type\" content=\"image\/jpeg\" \/>\n<meta name=\"twitter:card\" content=\"summary_large_image\" \/>\n<meta name=\"twitter:label1\" content=\"Prix\" \/>\n\t<meta name=\"twitter:data1\" content=\"23.79&nbsp;&euro;\" \/>\n\t<meta name=\"twitter:label2\" content=\"Disponibilit\u00e9\" \/>\n\t<meta name=\"twitter:data2\" content=\"En stock\" \/>\n<script type=\"application\/ld+json\" class=\"yoast-schema-graph\">{\"@context\":\"https:\\\/\\\/schema.org\",\"@graph\":[{\"@type\":[\"WebPage\",\"ItemPage\"],\"@id\":\"https:\\\/\\\/ecosupplements.be\\\/fr\\\/produit\\\/tisserand-aromatherapy-lavender-ethically-harvested-20-ml-068-fl-oz\\\/\",\"url\":\"https:\\\/\\\/ecosupplements.be\\\/fr\\\/produit\\\/tisserand-aromatherapy-lavender-ethically-harvested-20-ml-068-fl-oz\\\/\",\"name\":\"TISSERAND AROMATHERAPY Lavande R\u00e9colt\u00e9e de mani\u00e8re \u00e9thique (20 ml \\\/ 0,68 fl. oz.) - ECO Supplements\",\"isPartOf\":{\"@id\":\"https:\\\/\\\/ecosupplements.be\\\/fr\\\/#website\"},\"primaryImageOfPage\":{\"@id\":\"https:\\\/\\\/ecosupplements.be\\\/fr\\\/produit\\\/tisserand-aromatherapy-lavender-ethically-harvested-20-ml-068-fl-oz\\\/#primaryimage\"},\"image\":{\"@id\":\"https:\\\/\\\/ecosupplements.be\\\/fr\\\/produit\\\/tisserand-aromatherapy-lavender-ethically-harvested-20-ml-068-fl-oz\\\/#primaryimage\"},\"thumbnailUrl\":\"https:\\\/\\\/ecosupplements.be\\\/wp-content\\\/uploads\\\/2025\\\/08\\\/TISSERAND-AROMATHERAPY-Lavender-Ethically-Harvested-20-ml-068-fl.-oz.jpg\",\"datePublished\":\"2025-07-27T10:15:12+00:00\",\"dateModified\":\"2025-08-28T03:06:23+00:00\",\"description\":\"Wij hebben een ruime keuze aan producten van TISSERAND AROMATHERAPY Lavande R\u00e9colt\u00e9e de mani\u00e8re \u00e9thique (20 ml \\\/ 0,68 fl. oz.) . Winkel bij Eco Supplements altijd gratis verzending boven 100\u20ac\",\"breadcrumb\":{\"@id\":\"https:\\\/\\\/ecosupplements.be\\\/fr\\\/produit\\\/tisserand-aromatherapy-lavender-ethically-harvested-20-ml-068-fl-oz\\\/#breadcrumb\"},\"inLanguage\":\"fr-FR\",\"potentialAction\":[{\"@type\":\"ReadAction\",\"target\":[\"https:\\\/\\\/ecosupplements.be\\\/fr\\\/produit\\\/tisserand-aromatherapy-lavender-ethically-harvested-20-ml-068-fl-oz\\\/\"]}]},{\"@type\":\"ImageObject\",\"inLanguage\":\"fr-FR\",\"@id\":\"https:\\\/\\\/ecosupplements.be\\\/fr\\\/produit\\\/tisserand-aromatherapy-lavender-ethically-harvested-20-ml-068-fl-oz\\\/#primaryimage\",\"url\":\"https:\\\/\\\/ecosupplements.be\\\/wp-content\\\/uploads\\\/2025\\\/08\\\/TISSERAND-AROMATHERAPY-Lavender-Ethically-Harvested-20-ml-068-fl.-oz.jpg\",\"contentUrl\":\"https:\\\/\\\/ecosupplements.be\\\/wp-content\\\/uploads\\\/2025\\\/08\\\/TISSERAND-AROMATHERAPY-Lavender-Ethically-Harvested-20-ml-068-fl.-oz.jpg\",\"width\":1080,\"height\":1080},{\"@type\":\"BreadcrumbList\",\"@id\":\"https:\\\/\\\/ecosupplements.be\\\/fr\\\/produit\\\/tisserand-aromatherapy-lavender-ethically-harvested-20-ml-068-fl-oz\\\/#breadcrumb\",\"itemListElement\":[{\"@type\":\"ListItem\",\"position\":1,\"name\":\"Home\",\"item\":\"https:\\\/\\\/ecosupplements.be\\\/fr\\\/\"},{\"@type\":\"ListItem\",\"position\":2,\"name\":\"Boutique\",\"item\":\"https:\\\/\\\/ecosupplements.be\\\/fr\\\/boutique\\\/\"},{\"@type\":\"ListItem\",\"position\":3,\"name\":\"TISSERAND AROMATHERAPY Lavande R\u00e9colt\u00e9e de mani\u00e8re \u00e9thique (20 ml \\\/ 0,68 fl. oz.)\"}]},{\"@type\":\"WebSite\",\"@id\":\"https:\\\/\\\/ecosupplements.be\\\/fr\\\/#website\",\"url\":\"https:\\\/\\\/ecosupplements.be\\\/fr\\\/\",\"name\":\"ECO Supplements\",\"description\":\"Eco Supplements - Gezonde supplementen\",\"publisher\":{\"@id\":\"https:\\\/\\\/ecosupplements.be\\\/fr\\\/#organization\"},\"potentialAction\":[{\"@type\":\"SearchAction\",\"target\":{\"@type\":\"EntryPoint\",\"urlTemplate\":\"https:\\\/\\\/ecosupplements.be\\\/fr\\\/?s={search_term_string}\"},\"query-input\":{\"@type\":\"PropertyValueSpecification\",\"valueRequired\":true,\"valueName\":\"search_term_string\"}}],\"inLanguage\":\"fr-FR\"},{\"@type\":\"Organization\",\"@id\":\"https:\\\/\\\/ecosupplements.be\\\/fr\\\/#organization\",\"name\":\"Eco Supplements\",\"url\":\"https:\\\/\\\/ecosupplements.be\\\/fr\\\/\",\"logo\":{\"@type\":\"ImageObject\",\"inLanguage\":\"fr-FR\",\"@id\":\"https:\\\/\\\/ecosupplements.be\\\/fr\\\/#\\\/schema\\\/logo\\\/image\\\/\",\"url\":\"https:\\\/\\\/ecosupplements.be\\\/wp-content\\\/uploads\\\/2022\\\/06\\\/ecosupplement-family.png\",\"contentUrl\":\"https:\\\/\\\/ecosupplements.be\\\/wp-content\\\/uploads\\\/2022\\\/06\\\/ecosupplement-family.png\",\"width\":593,\"height\":374,\"caption\":\"Eco Supplements\"},\"image\":{\"@id\":\"https:\\\/\\\/ecosupplements.be\\\/fr\\\/#\\\/schema\\\/logo\\\/image\\\/\"}}]}<\/script>\n<meta property=\"product:brand\" content=\"Tisserand Aromatherapy\" \/>\n<meta property=\"product:price:amount\" content=\"23.79\" \/>\n<meta property=\"product:price:currency\" content=\"EUR\" \/>\n<meta property=\"og:availability\" content=\"instock\" \/>\n<meta property=\"product:availability\" content=\"instock\" \/>\n<meta property=\"product:retailer_item_id\" content=\"5017402005620\" \/>\n<meta property=\"product:condition\" content=\"new\" \/>\n<!-- \/ Yoast SEO Premium plugin. -->","yoast_head_json":{"title":"TISSERAND AROMATHERAPY Lavande R\u00e9colt\u00e9e de mani\u00e8re \u00e9thique (20 ml \/ 0,68 fl. oz.) - ECO Supplements","description":"Wij hebben een ruime keuze aan producten van TISSERAND AROMATHERAPY Lavande R\u00e9colt\u00e9e de mani\u00e8re \u00e9thique (20 ml \/ 0,68 fl. oz.) . Winkel bij Eco Supplements altijd gratis verzending boven 100\u20ac","robots":{"index":"index","follow":"follow","max-snippet":"max-snippet:-1","max-image-preview":"max-image-preview:large","max-video-preview":"max-video-preview:-1"},"canonical":"https:\/\/ecosupplements.be\/fr\/produit\/tisserand-aromatherapy-lavender-ethically-harvested-20-ml-068-fl-oz\/","og_locale":"fr_FR","og_type":"article","og_title":"TISSERAND AROMATHERAPY Lavande R\u00e9colt\u00e9e de mani\u00e8re \u00e9thique (20 ml \/ 0,68 fl. oz.)","og_description":"Wij hebben een ruime keuze aan producten van TISSERAND AROMATHERAPY Lavande R\u00e9colt\u00e9e de mani\u00e8re \u00e9thique (20 ml \/ 0,68 fl. oz.) . Winkel bij Eco Supplements altijd gratis verzending boven 100\u20ac","og_url":"https:\/\/ecosupplements.be\/fr\/produit\/tisserand-aromatherapy-lavender-ethically-harvested-20-ml-068-fl-oz\/","og_site_name":"ECO Supplements","article_modified_time":"2025-08-28T03:06:23+00:00","og_image":[{"width":1080,"height":1080,"url":"https:\/\/ecosupplements.be\/wp-content\/uploads\/2025\/08\/Tisserand-Aromatherapy-TISSERAND-AROMATHERAPY-Lavender-Ethically-Harvested-20-ml-068-fl.-oz.jpg","type":"image\/jpeg"}],"twitter_card":"summary_large_image","twitter_misc":{"Prix":"23.79&nbsp;&euro;","Disponibilit\u00e9":"En stock"},"schema":{"@context":"https:\/\/schema.org","@graph":[{"@type":["WebPage","ItemPage"],"@id":"https:\/\/ecosupplements.be\/fr\/produit\/tisserand-aromatherapy-lavender-ethically-harvested-20-ml-068-fl-oz\/","url":"https:\/\/ecosupplements.be\/fr\/produit\/tisserand-aromatherapy-lavender-ethically-harvested-20-ml-068-fl-oz\/","name":"TISSERAND AROMATHERAPY Lavande R\u00e9colt\u00e9e de mani\u00e8re \u00e9thique (20 ml \/ 0,68 fl. oz.) - ECO Supplements","isPartOf":{"@id":"https:\/\/ecosupplements.be\/fr\/#website"},"primaryImageOfPage":{"@id":"https:\/\/ecosupplements.be\/fr\/produit\/tisserand-aromatherapy-lavender-ethically-harvested-20-ml-068-fl-oz\/#primaryimage"},"image":{"@id":"https:\/\/ecosupplements.be\/fr\/produit\/tisserand-aromatherapy-lavender-ethically-harvested-20-ml-068-fl-oz\/#primaryimage"},"thumbnailUrl":"https:\/\/ecosupplements.be\/wp-content\/uploads\/2025\/08\/TISSERAND-AROMATHERAPY-Lavender-Ethically-Harvested-20-ml-068-fl.-oz.jpg","datePublished":"2025-07-27T10:15:12+00:00","dateModified":"2025-08-28T03:06:23+00:00","description":"Wij hebben een ruime keuze aan producten van TISSERAND AROMATHERAPY Lavande R\u00e9colt\u00e9e de mani\u00e8re \u00e9thique (20 ml \/ 0,68 fl. oz.) . Winkel bij Eco Supplements altijd gratis verzending boven 100\u20ac","breadcrumb":{"@id":"https:\/\/ecosupplements.be\/fr\/produit\/tisserand-aromatherapy-lavender-ethically-harvested-20-ml-068-fl-oz\/#breadcrumb"},"inLanguage":"fr-FR","potentialAction":[{"@type":"ReadAction","target":["https:\/\/ecosupplements.be\/fr\/produit\/tisserand-aromatherapy-lavender-ethically-harvested-20-ml-068-fl-oz\/"]}]},{"@type":"ImageObject","inLanguage":"fr-FR","@id":"https:\/\/ecosupplements.be\/fr\/produit\/tisserand-aromatherapy-lavender-ethically-harvested-20-ml-068-fl-oz\/#primaryimage","url":"https:\/\/ecosupplements.be\/wp-content\/uploads\/2025\/08\/TISSERAND-AROMATHERAPY-Lavender-Ethically-Harvested-20-ml-068-fl.-oz.jpg","contentUrl":"https:\/\/ecosupplements.be\/wp-content\/uploads\/2025\/08\/TISSERAND-AROMATHERAPY-Lavender-Ethically-Harvested-20-ml-068-fl.-oz.jpg","width":1080,"height":1080},{"@type":"BreadcrumbList","@id":"https:\/\/ecosupplements.be\/fr\/produit\/tisserand-aromatherapy-lavender-ethically-harvested-20-ml-068-fl-oz\/#breadcrumb","itemListElement":[{"@type":"ListItem","position":1,"name":"Home","item":"https:\/\/ecosupplements.be\/fr\/"},{"@type":"ListItem","position":2,"name":"Boutique","item":"https:\/\/ecosupplements.be\/fr\/boutique\/"},{"@type":"ListItem","position":3,"name":"TISSERAND AROMATHERAPY Lavande R\u00e9colt\u00e9e de mani\u00e8re \u00e9thique (20 ml \/ 0,68 fl. oz.)"}]},{"@type":"WebSite","@id":"https:\/\/ecosupplements.be\/fr\/#website","url":"https:\/\/ecosupplements.be\/fr\/","name":"ECO Supplements","description":"Eco Supplements - Gezonde supplementen","publisher":{"@id":"https:\/\/ecosupplements.be\/fr\/#organization"},"potentialAction":[{"@type":"SearchAction","target":{"@type":"EntryPoint","urlTemplate":"https:\/\/ecosupplements.be\/fr\/?s={search_term_string}"},"query-input":{"@type":"PropertyValueSpecification","valueRequired":true,"valueName":"search_term_string"}}],"inLanguage":"fr-FR"},{"@type":"Organization","@id":"https:\/\/ecosupplements.be\/fr\/#organization","name":"Eco Supplements","url":"https:\/\/ecosupplements.be\/fr\/","logo":{"@type":"ImageObject","inLanguage":"fr-FR","@id":"https:\/\/ecosupplements.be\/fr\/#\/schema\/logo\/image\/","url":"https:\/\/ecosupplements.be\/wp-content\/uploads\/2022\/06\/ecosupplement-family.png","contentUrl":"https:\/\/ecosupplements.be\/wp-content\/uploads\/2022\/06\/ecosupplement-family.png","width":593,"height":374,"caption":"Eco Supplements"},"image":{"@id":"https:\/\/ecosupplements.be\/fr\/#\/schema\/logo\/image\/"}}]},"product_brand":"Tisserand Aromatherapy","product_price_amount":"23.79","product_price_currency":"EUR","og_availability":"instock","product_availability":"instock","product_retailer_item_id":"5017402005620","product_condition":"new"},"_links":{"self":[{"href":"https:\/\/ecosupplements.be\/fr\/wp-json\/wp\/v2\/product\/303963","targetHints":{"allow":["GET"]}}],"collection":[{"href":"https:\/\/ecosupplements.be\/fr\/wp-json\/wp\/v2\/product"}],"about":[{"href":"https:\/\/ecosupplements.be\/fr\/wp-json\/wp\/v2\/types\/product"}],"replies":[{"embeddable":true,"href":"https:\/\/ecosupplements.be\/fr\/wp-json\/wp\/v2\/comments?post=303963"}],"wp:featuredmedia":[{"embeddable":true,"href":"https:\/\/ecosupplements.be\/fr\/wp-json\/wp\/v2\/media\/278103"}],"wp:attachment":[{"href":"https:\/\/ecosupplements.be\/fr\/wp-json\/wp\/v2\/media?parent=303963"}],"wp:term":[{"taxonomy":"product_brand","embeddable":true,"href":"https:\/\/ecosupplements.be\/fr\/wp-json\/wp\/v2\/product_brand?post=303963"},{"taxonomy":"product_cat","embeddable":true,"href":"https:\/\/ecosupplements.be\/fr\/wp-json\/wp\/v2\/product_cat?post=303963"},{"taxonomy":"product_tag","embeddable":true,"href":"https:\/\/ecosupplements.be\/fr\/wp-json\/wp\/v2\/product_tag?post=303963"}],"curies":[{"name":"wp","href":"https:\/\/api.w.org\/{rel}","templated":true}]}}