{"id":304035,"date":"2025-07-27T12:30:22","date_gmt":"2025-07-27T11:30:22","guid":{"rendered":"https:\/\/ecosupplements.be\/product\/tisserand-aromatherapy-peppermint-mentha-piperita-organic-9-ml-03-fl-oz\/"},"modified":"2025-08-28T04:07:49","modified_gmt":"2025-08-28T03:07:49","slug":"tisserand-aromatherapy-peppermint-mentha-piperita-organic-9-ml-03-fl-oz","status":"publish","type":"product","link":"https:\/\/ecosupplements.be\/fr\/produit\/tisserand-aromatherapy-peppermint-mentha-piperita-organic-9-ml-03-fl-oz\/","title":{"rendered":"Tisserand Aromath\u00e9rapie Menthe Poivr\u00e9e Bio (9 ml \/ 0,3 fl. oz.)"},"content":{"rendered":"<h2>TISSERAND AROMATHERAPY Peppermint Mentha Piperita organic (9 ml \/ 0,3 fl. oz.)<\/h2>\n<p><strong>Description :<\/strong><br \/>\nD\u00e9couvrez la fra\u00eecheur pure avec l&#8217;huile essentielle de menthe poivr\u00e9e biologique TISSERAND AROMATHERAPY. Distill\u00e9e \u00e0 partir des feuilles vertes et vivifiantes de Mentha Piperita, cette huile offre une exp\u00e9rience rafra\u00eechissante id\u00e9ale pour enrichir votre quotidien.<\/p>\n<p><strong>Ingr\u00e9dients :<\/strong><br \/>\n100% huile essentielle de menthe poivr\u00e9e (Mentha piperita), certifi\u00e9e biologique, garantissant une qualit\u00e9 et une puret\u00e9 maximales.<\/p>\n<p><strong>utilisation :<\/strong><br \/>\n&#8211; En diffusion : Ajoutez 6 \u00e0 8 gouttes dans un diffuseur pour parfumer agr\u00e9ablement votre espace.<br \/>\n&#8211; Pour le bain : M\u00e9langez 4 \u00e0 6 gouttes avec 20 ml d&#8217;une huile porteuse et ajoutez \u00e0 l&#8217;eau du bain pour un moment de d\u00e9tente.<br \/>\n&#8211; En massage : Diluez 5 gouttes dans 10 ml d&#8217;huile porteuse comme l&#8217;huile d&#8217;amande douce ou de jojoba avant application.<\/p>\n<p><strong>Caract\u00e9ristiques :<\/strong><br \/>\nCe produit est exclusivement destin\u00e9 \u00e0 un usage externe. \u00c9vitez tout contact avec les yeux et ne l&#8217;appliquez pas directement sur la peau sans dilution. Ne convient pas aux enfants de moins de cinq ans. Conservez le produit dans un endroit sec et frais, hors de port\u00e9e des enfants.<\/p>\n<p>Ce choix naturel est parfait pour ceux qui appr\u00e9cient les ingr\u00e9dients purs dans leur routine quotidienne sans compromettre la qualit\u00e9.<\/p>\n","protected":false},"excerpt":{"rendered":"<p>TISSERAND AROMATHERAPY Peppermint Mentha Piperita organic (9 ml \/ 0,3 fl. oz.) Description : D\u00e9couvrez la fra\u00eecheur pure avec l&#8217;huile essentielle de menthe poivr\u00e9e biologique TISSERAND AROMATHERAPY. Distill\u00e9e \u00e0 partir des feuilles vertes et vivifiantes de Mentha Piperita, cette huile offre une exp\u00e9rience rafra\u00eechissante id\u00e9ale pour enrichir votre quotidien. Ingr\u00e9dients : 100% huile essentielle de [&#8230;]\n","protected":false},"featured_media":278175,"comment_status":"closed","ping_status":"open","template":"","meta":[],"product_brand":[5390],"product_cat":[5131],"product_tag":[],"class_list":{"0":"post-304035","1":"product","2":"type-product","3":"status-publish","4":"has-post-thumbnail","6":"product_brand-tisserand-aromatherapy-2","7":"product_cat-aromatherapie","9":"first","10":"instock","11":"taxable","12":"shipping-taxable","13":"purchasable","14":"product-type-simple"},"yoast_head":"<!-- This site is optimized with the Yoast SEO Premium plugin v27.5 (Yoast SEO v27.5) - https:\/\/yoast.com\/product\/yoast-seo-premium-wordpress\/ -->\n<title>Tisserand Aromath\u00e9rapie Menthe Poivr\u00e9e Bio (9 ml \/ 0,3 fl. oz.) - ECO Supplements<\/title>\n<meta name=\"description\" content=\"Wij hebben een ruime keuze aan producten van Tisserand Aromath\u00e9rapie Menthe Poivr\u00e9e Bio (9 ml \/ 0,3 fl. oz.) . Winkel bij Eco Supplements altijd gratis verzending boven 100\u20ac\" \/>\n<meta name=\"robots\" content=\"index, follow, max-snippet:-1, max-image-preview:large, max-video-preview:-1\" \/>\n<link rel=\"canonical\" href=\"https:\/\/ecosupplements.be\/fr\/produit\/tisserand-aromatherapy-peppermint-mentha-piperita-organic-9-ml-03-fl-oz\/\" \/>\n<meta property=\"og:locale\" content=\"fr_FR\" \/>\n<meta property=\"og:type\" content=\"article\" \/>\n<meta property=\"og:title\" content=\"Tisserand Aromath\u00e9rapie Menthe Poivr\u00e9e Bio (9 ml \/ 0,3 fl. oz.)\" \/>\n<meta property=\"og:description\" content=\"Wij hebben een ruime keuze aan producten van Tisserand Aromath\u00e9rapie Menthe Poivr\u00e9e Bio (9 ml \/ 0,3 fl. oz.) . Winkel bij Eco Supplements altijd gratis verzending boven 100\u20ac\" \/>\n<meta property=\"og:url\" content=\"https:\/\/ecosupplements.be\/fr\/produit\/tisserand-aromatherapy-peppermint-mentha-piperita-organic-9-ml-03-fl-oz\/\" \/>\n<meta property=\"og:site_name\" content=\"ECO Supplements\" \/>\n<meta property=\"article:modified_time\" content=\"2025-08-28T03:07:49+00:00\" \/>\n<meta property=\"og:image\" content=\"https:\/\/ecosupplements.be\/wp-content\/uploads\/2025\/08\/Tisserand-Aromatherapy-TISSERAND-AROMATHERAPY-Peppermint-Mentha-Piperita-Organic-9-ml-03-fl.-oz.jpg\" \/>\n\t<meta property=\"og:image:width\" content=\"868\" \/>\n\t<meta property=\"og:image:height\" content=\"1000\" \/>\n\t<meta property=\"og:image:type\" content=\"image\/jpeg\" \/>\n<meta name=\"twitter:card\" content=\"summary_large_image\" \/>\n<meta name=\"twitter:label1\" content=\"Prix\" \/>\n\t<meta name=\"twitter:data1\" content=\"12.77&nbsp;&euro;\" \/>\n\t<meta name=\"twitter:label2\" content=\"Disponibilit\u00e9\" \/>\n\t<meta name=\"twitter:data2\" content=\"En stock\" \/>\n<script type=\"application\/ld+json\" class=\"yoast-schema-graph\">{\"@context\":\"https:\\\/\\\/schema.org\",\"@graph\":[{\"@type\":[\"WebPage\",\"ItemPage\"],\"@id\":\"https:\\\/\\\/ecosupplements.be\\\/fr\\\/produit\\\/tisserand-aromatherapy-peppermint-mentha-piperita-organic-9-ml-03-fl-oz\\\/\",\"url\":\"https:\\\/\\\/ecosupplements.be\\\/fr\\\/produit\\\/tisserand-aromatherapy-peppermint-mentha-piperita-organic-9-ml-03-fl-oz\\\/\",\"name\":\"Tisserand Aromath\u00e9rapie Menthe Poivr\u00e9e Bio (9 ml \\\/ 0,3 fl. oz.) - ECO Supplements\",\"isPartOf\":{\"@id\":\"https:\\\/\\\/ecosupplements.be\\\/fr\\\/#website\"},\"primaryImageOfPage\":{\"@id\":\"https:\\\/\\\/ecosupplements.be\\\/fr\\\/produit\\\/tisserand-aromatherapy-peppermint-mentha-piperita-organic-9-ml-03-fl-oz\\\/#primaryimage\"},\"image\":{\"@id\":\"https:\\\/\\\/ecosupplements.be\\\/fr\\\/produit\\\/tisserand-aromatherapy-peppermint-mentha-piperita-organic-9-ml-03-fl-oz\\\/#primaryimage\"},\"thumbnailUrl\":\"https:\\\/\\\/ecosupplements.be\\\/wp-content\\\/uploads\\\/2025\\\/08\\\/TISSERAND-AROMATHERAPY-Peppermint-Mentha-Piperita-Organic-9-ml-03-fl.-oz.jpg\",\"datePublished\":\"2025-07-27T11:30:22+00:00\",\"dateModified\":\"2025-08-28T03:07:49+00:00\",\"description\":\"Wij hebben een ruime keuze aan producten van Tisserand Aromath\u00e9rapie Menthe Poivr\u00e9e Bio (9 ml \\\/ 0,3 fl. oz.) . Winkel bij Eco Supplements altijd gratis verzending boven 100\u20ac\",\"breadcrumb\":{\"@id\":\"https:\\\/\\\/ecosupplements.be\\\/fr\\\/produit\\\/tisserand-aromatherapy-peppermint-mentha-piperita-organic-9-ml-03-fl-oz\\\/#breadcrumb\"},\"inLanguage\":\"fr-FR\",\"potentialAction\":[{\"@type\":\"ReadAction\",\"target\":[\"https:\\\/\\\/ecosupplements.be\\\/fr\\\/produit\\\/tisserand-aromatherapy-peppermint-mentha-piperita-organic-9-ml-03-fl-oz\\\/\"]}]},{\"@type\":\"ImageObject\",\"inLanguage\":\"fr-FR\",\"@id\":\"https:\\\/\\\/ecosupplements.be\\\/fr\\\/produit\\\/tisserand-aromatherapy-peppermint-mentha-piperita-organic-9-ml-03-fl-oz\\\/#primaryimage\",\"url\":\"https:\\\/\\\/ecosupplements.be\\\/wp-content\\\/uploads\\\/2025\\\/08\\\/TISSERAND-AROMATHERAPY-Peppermint-Mentha-Piperita-Organic-9-ml-03-fl.-oz.jpg\",\"contentUrl\":\"https:\\\/\\\/ecosupplements.be\\\/wp-content\\\/uploads\\\/2025\\\/08\\\/TISSERAND-AROMATHERAPY-Peppermint-Mentha-Piperita-Organic-9-ml-03-fl.-oz.jpg\",\"width\":868,\"height\":1000},{\"@type\":\"BreadcrumbList\",\"@id\":\"https:\\\/\\\/ecosupplements.be\\\/fr\\\/produit\\\/tisserand-aromatherapy-peppermint-mentha-piperita-organic-9-ml-03-fl-oz\\\/#breadcrumb\",\"itemListElement\":[{\"@type\":\"ListItem\",\"position\":1,\"name\":\"Home\",\"item\":\"https:\\\/\\\/ecosupplements.be\\\/fr\\\/\"},{\"@type\":\"ListItem\",\"position\":2,\"name\":\"Boutique\",\"item\":\"https:\\\/\\\/ecosupplements.be\\\/fr\\\/boutique\\\/\"},{\"@type\":\"ListItem\",\"position\":3,\"name\":\"Tisserand Aromath\u00e9rapie Menthe Poivr\u00e9e Bio (9 ml \\\/ 0,3 fl. oz.)\"}]},{\"@type\":\"WebSite\",\"@id\":\"https:\\\/\\\/ecosupplements.be\\\/fr\\\/#website\",\"url\":\"https:\\\/\\\/ecosupplements.be\\\/fr\\\/\",\"name\":\"ECO Supplements\",\"description\":\"Eco Supplements - Gezonde supplementen\",\"publisher\":{\"@id\":\"https:\\\/\\\/ecosupplements.be\\\/fr\\\/#organization\"},\"potentialAction\":[{\"@type\":\"SearchAction\",\"target\":{\"@type\":\"EntryPoint\",\"urlTemplate\":\"https:\\\/\\\/ecosupplements.be\\\/fr\\\/?s={search_term_string}\"},\"query-input\":{\"@type\":\"PropertyValueSpecification\",\"valueRequired\":true,\"valueName\":\"search_term_string\"}}],\"inLanguage\":\"fr-FR\"},{\"@type\":\"Organization\",\"@id\":\"https:\\\/\\\/ecosupplements.be\\\/fr\\\/#organization\",\"name\":\"Eco Supplements\",\"url\":\"https:\\\/\\\/ecosupplements.be\\\/fr\\\/\",\"logo\":{\"@type\":\"ImageObject\",\"inLanguage\":\"fr-FR\",\"@id\":\"https:\\\/\\\/ecosupplements.be\\\/fr\\\/#\\\/schema\\\/logo\\\/image\\\/\",\"url\":\"https:\\\/\\\/ecosupplements.be\\\/wp-content\\\/uploads\\\/2022\\\/06\\\/ecosupplement-family.png\",\"contentUrl\":\"https:\\\/\\\/ecosupplements.be\\\/wp-content\\\/uploads\\\/2022\\\/06\\\/ecosupplement-family.png\",\"width\":593,\"height\":374,\"caption\":\"Eco Supplements\"},\"image\":{\"@id\":\"https:\\\/\\\/ecosupplements.be\\\/fr\\\/#\\\/schema\\\/logo\\\/image\\\/\"}}]}<\/script>\n<meta property=\"product:brand\" content=\"Tisserand Aromatherapy\" \/>\n<meta property=\"product:price:amount\" content=\"12.77\" \/>\n<meta property=\"product:price:currency\" content=\"EUR\" \/>\n<meta property=\"og:availability\" content=\"instock\" \/>\n<meta property=\"product:availability\" content=\"instock\" \/>\n<meta property=\"product:retailer_item_id\" content=\"5017402008430\" \/>\n<meta property=\"product:condition\" content=\"new\" \/>\n<!-- \/ Yoast SEO Premium plugin. -->","yoast_head_json":{"title":"Tisserand Aromath\u00e9rapie Menthe Poivr\u00e9e Bio (9 ml \/ 0,3 fl. oz.) - ECO Supplements","description":"Wij hebben een ruime keuze aan producten van Tisserand Aromath\u00e9rapie Menthe Poivr\u00e9e Bio (9 ml \/ 0,3 fl. oz.) . Winkel bij Eco Supplements altijd gratis verzending boven 100\u20ac","robots":{"index":"index","follow":"follow","max-snippet":"max-snippet:-1","max-image-preview":"max-image-preview:large","max-video-preview":"max-video-preview:-1"},"canonical":"https:\/\/ecosupplements.be\/fr\/produit\/tisserand-aromatherapy-peppermint-mentha-piperita-organic-9-ml-03-fl-oz\/","og_locale":"fr_FR","og_type":"article","og_title":"Tisserand Aromath\u00e9rapie Menthe Poivr\u00e9e Bio (9 ml \/ 0,3 fl. oz.)","og_description":"Wij hebben een ruime keuze aan producten van Tisserand Aromath\u00e9rapie Menthe Poivr\u00e9e Bio (9 ml \/ 0,3 fl. oz.) . Winkel bij Eco Supplements altijd gratis verzending boven 100\u20ac","og_url":"https:\/\/ecosupplements.be\/fr\/produit\/tisserand-aromatherapy-peppermint-mentha-piperita-organic-9-ml-03-fl-oz\/","og_site_name":"ECO Supplements","article_modified_time":"2025-08-28T03:07:49+00:00","og_image":[{"width":868,"height":1000,"url":"https:\/\/ecosupplements.be\/wp-content\/uploads\/2025\/08\/Tisserand-Aromatherapy-TISSERAND-AROMATHERAPY-Peppermint-Mentha-Piperita-Organic-9-ml-03-fl.-oz.jpg","type":"image\/jpeg"}],"twitter_card":"summary_large_image","twitter_misc":{"Prix":"12.77&nbsp;&euro;","Disponibilit\u00e9":"En stock"},"schema":{"@context":"https:\/\/schema.org","@graph":[{"@type":["WebPage","ItemPage"],"@id":"https:\/\/ecosupplements.be\/fr\/produit\/tisserand-aromatherapy-peppermint-mentha-piperita-organic-9-ml-03-fl-oz\/","url":"https:\/\/ecosupplements.be\/fr\/produit\/tisserand-aromatherapy-peppermint-mentha-piperita-organic-9-ml-03-fl-oz\/","name":"Tisserand Aromath\u00e9rapie Menthe Poivr\u00e9e Bio (9 ml \/ 0,3 fl. oz.) - ECO Supplements","isPartOf":{"@id":"https:\/\/ecosupplements.be\/fr\/#website"},"primaryImageOfPage":{"@id":"https:\/\/ecosupplements.be\/fr\/produit\/tisserand-aromatherapy-peppermint-mentha-piperita-organic-9-ml-03-fl-oz\/#primaryimage"},"image":{"@id":"https:\/\/ecosupplements.be\/fr\/produit\/tisserand-aromatherapy-peppermint-mentha-piperita-organic-9-ml-03-fl-oz\/#primaryimage"},"thumbnailUrl":"https:\/\/ecosupplements.be\/wp-content\/uploads\/2025\/08\/TISSERAND-AROMATHERAPY-Peppermint-Mentha-Piperita-Organic-9-ml-03-fl.-oz.jpg","datePublished":"2025-07-27T11:30:22+00:00","dateModified":"2025-08-28T03:07:49+00:00","description":"Wij hebben een ruime keuze aan producten van Tisserand Aromath\u00e9rapie Menthe Poivr\u00e9e Bio (9 ml \/ 0,3 fl. oz.) . Winkel bij Eco Supplements altijd gratis verzending boven 100\u20ac","breadcrumb":{"@id":"https:\/\/ecosupplements.be\/fr\/produit\/tisserand-aromatherapy-peppermint-mentha-piperita-organic-9-ml-03-fl-oz\/#breadcrumb"},"inLanguage":"fr-FR","potentialAction":[{"@type":"ReadAction","target":["https:\/\/ecosupplements.be\/fr\/produit\/tisserand-aromatherapy-peppermint-mentha-piperita-organic-9-ml-03-fl-oz\/"]}]},{"@type":"ImageObject","inLanguage":"fr-FR","@id":"https:\/\/ecosupplements.be\/fr\/produit\/tisserand-aromatherapy-peppermint-mentha-piperita-organic-9-ml-03-fl-oz\/#primaryimage","url":"https:\/\/ecosupplements.be\/wp-content\/uploads\/2025\/08\/TISSERAND-AROMATHERAPY-Peppermint-Mentha-Piperita-Organic-9-ml-03-fl.-oz.jpg","contentUrl":"https:\/\/ecosupplements.be\/wp-content\/uploads\/2025\/08\/TISSERAND-AROMATHERAPY-Peppermint-Mentha-Piperita-Organic-9-ml-03-fl.-oz.jpg","width":868,"height":1000},{"@type":"BreadcrumbList","@id":"https:\/\/ecosupplements.be\/fr\/produit\/tisserand-aromatherapy-peppermint-mentha-piperita-organic-9-ml-03-fl-oz\/#breadcrumb","itemListElement":[{"@type":"ListItem","position":1,"name":"Home","item":"https:\/\/ecosupplements.be\/fr\/"},{"@type":"ListItem","position":2,"name":"Boutique","item":"https:\/\/ecosupplements.be\/fr\/boutique\/"},{"@type":"ListItem","position":3,"name":"Tisserand Aromath\u00e9rapie Menthe Poivr\u00e9e Bio (9 ml \/ 0,3 fl. oz.)"}]},{"@type":"WebSite","@id":"https:\/\/ecosupplements.be\/fr\/#website","url":"https:\/\/ecosupplements.be\/fr\/","name":"ECO Supplements","description":"Eco Supplements - Gezonde supplementen","publisher":{"@id":"https:\/\/ecosupplements.be\/fr\/#organization"},"potentialAction":[{"@type":"SearchAction","target":{"@type":"EntryPoint","urlTemplate":"https:\/\/ecosupplements.be\/fr\/?s={search_term_string}"},"query-input":{"@type":"PropertyValueSpecification","valueRequired":true,"valueName":"search_term_string"}}],"inLanguage":"fr-FR"},{"@type":"Organization","@id":"https:\/\/ecosupplements.be\/fr\/#organization","name":"Eco Supplements","url":"https:\/\/ecosupplements.be\/fr\/","logo":{"@type":"ImageObject","inLanguage":"fr-FR","@id":"https:\/\/ecosupplements.be\/fr\/#\/schema\/logo\/image\/","url":"https:\/\/ecosupplements.be\/wp-content\/uploads\/2022\/06\/ecosupplement-family.png","contentUrl":"https:\/\/ecosupplements.be\/wp-content\/uploads\/2022\/06\/ecosupplement-family.png","width":593,"height":374,"caption":"Eco Supplements"},"image":{"@id":"https:\/\/ecosupplements.be\/fr\/#\/schema\/logo\/image\/"}}]},"product_brand":"Tisserand Aromatherapy","product_price_amount":"12.77","product_price_currency":"EUR","og_availability":"instock","product_availability":"instock","product_retailer_item_id":"5017402008430","product_condition":"new"},"_links":{"self":[{"href":"https:\/\/ecosupplements.be\/fr\/wp-json\/wp\/v2\/product\/304035","targetHints":{"allow":["GET"]}}],"collection":[{"href":"https:\/\/ecosupplements.be\/fr\/wp-json\/wp\/v2\/product"}],"about":[{"href":"https:\/\/ecosupplements.be\/fr\/wp-json\/wp\/v2\/types\/product"}],"replies":[{"embeddable":true,"href":"https:\/\/ecosupplements.be\/fr\/wp-json\/wp\/v2\/comments?post=304035"}],"wp:featuredmedia":[{"embeddable":true,"href":"https:\/\/ecosupplements.be\/fr\/wp-json\/wp\/v2\/media\/278175"}],"wp:attachment":[{"href":"https:\/\/ecosupplements.be\/fr\/wp-json\/wp\/v2\/media?parent=304035"}],"wp:term":[{"taxonomy":"product_brand","embeddable":true,"href":"https:\/\/ecosupplements.be\/fr\/wp-json\/wp\/v2\/product_brand?post=304035"},{"taxonomy":"product_cat","embeddable":true,"href":"https:\/\/ecosupplements.be\/fr\/wp-json\/wp\/v2\/product_cat?post=304035"},{"taxonomy":"product_tag","embeddable":true,"href":"https:\/\/ecosupplements.be\/fr\/wp-json\/wp\/v2\/product_tag?post=304035"}],"curies":[{"name":"wp","href":"https:\/\/api.w.org\/{rel}","templated":true}]}}