{"id":304071,"date":"2025-07-27T13:15:14","date_gmt":"2025-07-27T12:15:14","guid":{"rendered":"https:\/\/ecosupplements.be\/product\/tisserand-aromatherapy-siberian-fir-abies-sibirica-wild-crafted-9-ml-03-fl-oz\/"},"modified":"2025-08-28T04:08:28","modified_gmt":"2025-08-28T03:08:28","slug":"tisserand-aromatherapy-siberian-fir-abies-sibirica-wild-crafted-9-ml-03-fl-oz","status":"publish","type":"product","link":"https:\/\/ecosupplements.be\/fr\/produit\/tisserand-aromatherapy-siberian-fir-abies-sibirica-wild-crafted-9-ml-03-fl-oz\/","title":{"rendered":"Tisserand Aromath\u00e9rapie Sapin de Sib\u00e9rie Abies Sibirica Sauvage (9 ml \/ 0,3 fl. oz.)"},"content":{"rendered":"<h2>TISSERAND AROMATHERAPY siberian Fir Abies Sibirica wild Crafted (9 ml \/ 0,3 fl. oz.)<\/h2>\n<p>D\u00e9couvrez le parfum rafra\u00eechissant et purifiant de la <strong>Sib\u00e9rie<\/strong> avec notre huile essentielle de <em>Siberian Fir Abies Sibirica<\/em>. Extraite directement des aiguilles et branches du sapin sib\u00e9rien, cette huile essentielle est un choix parfait pour ceux qui appr\u00e9cient les ingr\u00e9dients naturels dans un mode de vie actif.<\/p>\n<p><strong>Ingr\u00e9dients :<\/strong> 100% huile issue des aiguilles d&#8217;<em>Abies sibirica<\/em>. Contient naturellement du limon\u00e8ne.<\/p>\n<p><strong>Utilisation :<\/strong><\/p>\n<ul>\n<li><em>Dans un diffuseur :<\/em> Ajoutez 6 \u00e0 8 gouttes dans votre diffuseur ou br\u00fbleur pour une ambiance foresti\u00e8re.<\/li>\n<li><em>Inhalation :<\/em> Pour une exp\u00e9rience aromatique, ajoutez 3 \u00e0 5 gouttes dans un bol d&#8217;eau tr\u00e8s chaude et respirez les vapeurs pendant 5 \u00e0 10 minutes.<\/li>\n<li><em>massage :<\/em> M\u00e9langez 5 gouttes avec 10 ml d&#8217;une huile porteuse comme l&#8217;huile d&#8217;amande douce ou de jojoba pour une request externe relaxante.<\/li>\n<li><em>bain :<\/em> Int\u00e9grez 4 \u00e0 6 gouttes m\u00e9lang\u00e9es avec 20 ml d&#8217;huile porteuse \u00e0 votre bain pour une immersion naturelle.<\/li>\n<\/ul>\n<p>Ce produit est exclusivement destin\u00e9 \u00e0 un usage externe. \u00c9vitez tout contact avec les yeux et ne l&#8217;appliquez pas directement sur la peau sans dilution. Ne convient pas aux enfants de moins de cinq ans.Conservez le produit dans un endroit sec et frais, hors de port\u00e9e des enfants. En cas de grossesse ou allaitement, consultez votre m\u00e9decin avant utilisation.<\/p>\n<p>Avec son emballage pratique en flacon compte-goutte de <strong>(9 ml \/0,3 fl. oz.)<\/strong>, cette huile essentielle est facile \u00e0 utiliser au quotidien pour apporter une touche naturelle et pure chez vous ou lors vos moments d\u00e9tente personnels.<br \/>&lt;\/p<\/p>\n","protected":false},"excerpt":{"rendered":"<p>TISSERAND AROMATHERAPY siberian Fir Abies Sibirica wild Crafted (9 ml \/ 0,3 fl. oz.) D\u00e9couvrez le parfum rafra\u00eechissant et purifiant de la Sib\u00e9rie avec notre huile essentielle de Siberian Fir Abies Sibirica. Extraite directement des aiguilles et branches du sapin sib\u00e9rien, cette huile essentielle est un choix parfait pour ceux qui appr\u00e9cient les ingr\u00e9dients naturels [&#8230;]\n","protected":false},"featured_media":278211,"comment_status":"closed","ping_status":"open","template":"","meta":[],"product_brand":[5390],"product_cat":[5131],"product_tag":[],"class_list":{"0":"post-304071","1":"product","2":"type-product","3":"status-publish","4":"has-post-thumbnail","6":"product_brand-tisserand-aromatherapy-2","7":"product_cat-aromatherapie","9":"first","10":"instock","11":"taxable","12":"shipping-taxable","13":"purchasable","14":"product-type-simple"},"yoast_head":"<!-- This site is optimized with the Yoast SEO Premium plugin v27.3 (Yoast SEO v27.3) - https:\/\/yoast.com\/product\/yoast-seo-premium-wordpress\/ -->\n<title>Tisserand Aromath\u00e9rapie Sapin de Sib\u00e9rie Abies Sibirica Sauvage (9 ml \/ 0,3 fl. oz.) - ECO Supplements<\/title>\n<meta name=\"description\" content=\"Wij hebben een ruime keuze aan producten van Tisserand Aromath\u00e9rapie Sapin de Sib\u00e9rie Abies Sibirica Sauvage (9 ml \/ 0,3 fl. oz.) . Winkel bij Eco Supplements altijd gratis verzending boven 100\u20ac\" \/>\n<meta name=\"robots\" content=\"index, follow, max-snippet:-1, max-image-preview:large, max-video-preview:-1\" \/>\n<link rel=\"canonical\" href=\"https:\/\/ecosupplements.be\/fr\/produit\/tisserand-aromatherapy-siberian-fir-abies-sibirica-wild-crafted-9-ml-03-fl-oz\/\" \/>\n<meta property=\"og:locale\" content=\"fr_FR\" \/>\n<meta property=\"og:type\" content=\"article\" \/>\n<meta property=\"og:title\" content=\"Tisserand Aromath\u00e9rapie Sapin de Sib\u00e9rie Abies Sibirica Sauvage (9 ml \/ 0,3 fl. oz.)\" \/>\n<meta property=\"og:description\" content=\"Wij hebben een ruime keuze aan producten van Tisserand Aromath\u00e9rapie Sapin de Sib\u00e9rie Abies Sibirica Sauvage (9 ml \/ 0,3 fl. oz.) . Winkel bij Eco Supplements altijd gratis verzending boven 100\u20ac\" \/>\n<meta property=\"og:url\" content=\"https:\/\/ecosupplements.be\/fr\/produit\/tisserand-aromatherapy-siberian-fir-abies-sibirica-wild-crafted-9-ml-03-fl-oz\/\" \/>\n<meta property=\"og:site_name\" content=\"ECO Supplements\" \/>\n<meta property=\"article:modified_time\" content=\"2025-08-28T03:08:28+00:00\" \/>\n<meta property=\"og:image\" content=\"https:\/\/ecosupplements.be\/wp-content\/uploads\/2025\/08\/Tisserand-Aromatherapy-TISSERAND-AROMATHERAPY-Siberian-Fir-Abies-Sibirica-Wild-Crafted-9-ml-03-fl.-oz.jpg\" \/>\n\t<meta property=\"og:image:width\" content=\"800\" \/>\n\t<meta property=\"og:image:height\" content=\"800\" \/>\n\t<meta property=\"og:image:type\" content=\"image\/jpeg\" \/>\n<meta name=\"twitter:card\" content=\"summary_large_image\" \/>\n<meta name=\"twitter:label1\" content=\"Prix\" \/>\n\t<meta name=\"twitter:data1\" content=\"12.30&nbsp;&euro;\" \/>\n\t<meta name=\"twitter:label2\" content=\"Disponibilit\u00e9\" \/>\n\t<meta name=\"twitter:data2\" content=\"En stock\" \/>\n<script type=\"application\/ld+json\" class=\"yoast-schema-graph\">{\"@context\":\"https:\\\/\\\/schema.org\",\"@graph\":[{\"@type\":[\"WebPage\",\"ItemPage\"],\"@id\":\"https:\\\/\\\/ecosupplements.be\\\/fr\\\/produit\\\/tisserand-aromatherapy-siberian-fir-abies-sibirica-wild-crafted-9-ml-03-fl-oz\\\/\",\"url\":\"https:\\\/\\\/ecosupplements.be\\\/fr\\\/produit\\\/tisserand-aromatherapy-siberian-fir-abies-sibirica-wild-crafted-9-ml-03-fl-oz\\\/\",\"name\":\"Tisserand Aromath\u00e9rapie Sapin de Sib\u00e9rie Abies Sibirica Sauvage (9 ml \\\/ 0,3 fl. oz.) - ECO Supplements\",\"isPartOf\":{\"@id\":\"https:\\\/\\\/ecosupplements.be\\\/fr\\\/#website\"},\"primaryImageOfPage\":{\"@id\":\"https:\\\/\\\/ecosupplements.be\\\/fr\\\/produit\\\/tisserand-aromatherapy-siberian-fir-abies-sibirica-wild-crafted-9-ml-03-fl-oz\\\/#primaryimage\"},\"image\":{\"@id\":\"https:\\\/\\\/ecosupplements.be\\\/fr\\\/produit\\\/tisserand-aromatherapy-siberian-fir-abies-sibirica-wild-crafted-9-ml-03-fl-oz\\\/#primaryimage\"},\"thumbnailUrl\":\"https:\\\/\\\/ecosupplements.be\\\/wp-content\\\/uploads\\\/2025\\\/08\\\/TISSERAND-AROMATHERAPY-Siberian-Fir-Abies-Sibirica-Wild-Crafted-9-ml-03-fl.-oz.jpg\",\"datePublished\":\"2025-07-27T12:15:14+00:00\",\"dateModified\":\"2025-08-28T03:08:28+00:00\",\"description\":\"Wij hebben een ruime keuze aan producten van Tisserand Aromath\u00e9rapie Sapin de Sib\u00e9rie Abies Sibirica Sauvage (9 ml \\\/ 0,3 fl. oz.) . Winkel bij Eco Supplements altijd gratis verzending boven 100\u20ac\",\"breadcrumb\":{\"@id\":\"https:\\\/\\\/ecosupplements.be\\\/fr\\\/produit\\\/tisserand-aromatherapy-siberian-fir-abies-sibirica-wild-crafted-9-ml-03-fl-oz\\\/#breadcrumb\"},\"inLanguage\":\"fr-FR\",\"potentialAction\":[{\"@type\":\"ReadAction\",\"target\":[\"https:\\\/\\\/ecosupplements.be\\\/fr\\\/produit\\\/tisserand-aromatherapy-siberian-fir-abies-sibirica-wild-crafted-9-ml-03-fl-oz\\\/\"]}]},{\"@type\":\"ImageObject\",\"inLanguage\":\"fr-FR\",\"@id\":\"https:\\\/\\\/ecosupplements.be\\\/fr\\\/produit\\\/tisserand-aromatherapy-siberian-fir-abies-sibirica-wild-crafted-9-ml-03-fl-oz\\\/#primaryimage\",\"url\":\"https:\\\/\\\/ecosupplements.be\\\/wp-content\\\/uploads\\\/2025\\\/08\\\/TISSERAND-AROMATHERAPY-Siberian-Fir-Abies-Sibirica-Wild-Crafted-9-ml-03-fl.-oz.jpg\",\"contentUrl\":\"https:\\\/\\\/ecosupplements.be\\\/wp-content\\\/uploads\\\/2025\\\/08\\\/TISSERAND-AROMATHERAPY-Siberian-Fir-Abies-Sibirica-Wild-Crafted-9-ml-03-fl.-oz.jpg\",\"width\":800,\"height\":800},{\"@type\":\"BreadcrumbList\",\"@id\":\"https:\\\/\\\/ecosupplements.be\\\/fr\\\/produit\\\/tisserand-aromatherapy-siberian-fir-abies-sibirica-wild-crafted-9-ml-03-fl-oz\\\/#breadcrumb\",\"itemListElement\":[{\"@type\":\"ListItem\",\"position\":1,\"name\":\"Home\",\"item\":\"https:\\\/\\\/ecosupplements.be\\\/fr\\\/\"},{\"@type\":\"ListItem\",\"position\":2,\"name\":\"Boutique\",\"item\":\"https:\\\/\\\/ecosupplements.be\\\/fr\\\/boutique\\\/\"},{\"@type\":\"ListItem\",\"position\":3,\"name\":\"Tisserand Aromath\u00e9rapie Sapin de Sib\u00e9rie Abies Sibirica Sauvage (9 ml \\\/ 0,3 fl. oz.)\"}]},{\"@type\":\"WebSite\",\"@id\":\"https:\\\/\\\/ecosupplements.be\\\/fr\\\/#website\",\"url\":\"https:\\\/\\\/ecosupplements.be\\\/fr\\\/\",\"name\":\"ECO Supplements\",\"description\":\"Eco Supplements - Gezonde supplementen\",\"publisher\":{\"@id\":\"https:\\\/\\\/ecosupplements.be\\\/fr\\\/#organization\"},\"potentialAction\":[{\"@type\":\"SearchAction\",\"target\":{\"@type\":\"EntryPoint\",\"urlTemplate\":\"https:\\\/\\\/ecosupplements.be\\\/fr\\\/?s={search_term_string}\"},\"query-input\":{\"@type\":\"PropertyValueSpecification\",\"valueRequired\":true,\"valueName\":\"search_term_string\"}}],\"inLanguage\":\"fr-FR\"},{\"@type\":\"Organization\",\"@id\":\"https:\\\/\\\/ecosupplements.be\\\/fr\\\/#organization\",\"name\":\"Eco Supplements\",\"url\":\"https:\\\/\\\/ecosupplements.be\\\/fr\\\/\",\"logo\":{\"@type\":\"ImageObject\",\"inLanguage\":\"fr-FR\",\"@id\":\"https:\\\/\\\/ecosupplements.be\\\/fr\\\/#\\\/schema\\\/logo\\\/image\\\/\",\"url\":\"https:\\\/\\\/ecosupplements.be\\\/wp-content\\\/uploads\\\/2022\\\/06\\\/ecosupplement-family.png\",\"contentUrl\":\"https:\\\/\\\/ecosupplements.be\\\/wp-content\\\/uploads\\\/2022\\\/06\\\/ecosupplement-family.png\",\"width\":593,\"height\":374,\"caption\":\"Eco Supplements\"},\"image\":{\"@id\":\"https:\\\/\\\/ecosupplements.be\\\/fr\\\/#\\\/schema\\\/logo\\\/image\\\/\"}}]}<\/script>\n<meta property=\"product:brand\" content=\"Tisserand Aromatherapy\" \/>\n<meta property=\"product:price:amount\" content=\"12.30\" \/>\n<meta property=\"product:price:currency\" content=\"EUR\" \/>\n<meta property=\"og:availability\" content=\"instock\" \/>\n<meta property=\"product:availability\" content=\"instock\" \/>\n<meta property=\"product:retailer_item_id\" content=\"5017402008454\" \/>\n<meta property=\"product:condition\" content=\"new\" \/>\n<!-- \/ Yoast SEO Premium plugin. -->","yoast_head_json":{"title":"Tisserand Aromath\u00e9rapie Sapin de Sib\u00e9rie Abies Sibirica Sauvage (9 ml \/ 0,3 fl. oz.) - ECO Supplements","description":"Wij hebben een ruime keuze aan producten van Tisserand Aromath\u00e9rapie Sapin de Sib\u00e9rie Abies Sibirica Sauvage (9 ml \/ 0,3 fl. oz.) . Winkel bij Eco Supplements altijd gratis verzending boven 100\u20ac","robots":{"index":"index","follow":"follow","max-snippet":"max-snippet:-1","max-image-preview":"max-image-preview:large","max-video-preview":"max-video-preview:-1"},"canonical":"https:\/\/ecosupplements.be\/fr\/produit\/tisserand-aromatherapy-siberian-fir-abies-sibirica-wild-crafted-9-ml-03-fl-oz\/","og_locale":"fr_FR","og_type":"article","og_title":"Tisserand Aromath\u00e9rapie Sapin de Sib\u00e9rie Abies Sibirica Sauvage (9 ml \/ 0,3 fl. oz.)","og_description":"Wij hebben een ruime keuze aan producten van Tisserand Aromath\u00e9rapie Sapin de Sib\u00e9rie Abies Sibirica Sauvage (9 ml \/ 0,3 fl. oz.) . Winkel bij Eco Supplements altijd gratis verzending boven 100\u20ac","og_url":"https:\/\/ecosupplements.be\/fr\/produit\/tisserand-aromatherapy-siberian-fir-abies-sibirica-wild-crafted-9-ml-03-fl-oz\/","og_site_name":"ECO Supplements","article_modified_time":"2025-08-28T03:08:28+00:00","og_image":[{"width":800,"height":800,"url":"https:\/\/ecosupplements.be\/wp-content\/uploads\/2025\/08\/Tisserand-Aromatherapy-TISSERAND-AROMATHERAPY-Siberian-Fir-Abies-Sibirica-Wild-Crafted-9-ml-03-fl.-oz.jpg","type":"image\/jpeg"}],"twitter_card":"summary_large_image","twitter_misc":{"Prix":"12.30&nbsp;&euro;","Disponibilit\u00e9":"En stock"},"schema":{"@context":"https:\/\/schema.org","@graph":[{"@type":["WebPage","ItemPage"],"@id":"https:\/\/ecosupplements.be\/fr\/produit\/tisserand-aromatherapy-siberian-fir-abies-sibirica-wild-crafted-9-ml-03-fl-oz\/","url":"https:\/\/ecosupplements.be\/fr\/produit\/tisserand-aromatherapy-siberian-fir-abies-sibirica-wild-crafted-9-ml-03-fl-oz\/","name":"Tisserand Aromath\u00e9rapie Sapin de Sib\u00e9rie Abies Sibirica Sauvage (9 ml \/ 0,3 fl. oz.) - ECO Supplements","isPartOf":{"@id":"https:\/\/ecosupplements.be\/fr\/#website"},"primaryImageOfPage":{"@id":"https:\/\/ecosupplements.be\/fr\/produit\/tisserand-aromatherapy-siberian-fir-abies-sibirica-wild-crafted-9-ml-03-fl-oz\/#primaryimage"},"image":{"@id":"https:\/\/ecosupplements.be\/fr\/produit\/tisserand-aromatherapy-siberian-fir-abies-sibirica-wild-crafted-9-ml-03-fl-oz\/#primaryimage"},"thumbnailUrl":"https:\/\/ecosupplements.be\/wp-content\/uploads\/2025\/08\/TISSERAND-AROMATHERAPY-Siberian-Fir-Abies-Sibirica-Wild-Crafted-9-ml-03-fl.-oz.jpg","datePublished":"2025-07-27T12:15:14+00:00","dateModified":"2025-08-28T03:08:28+00:00","description":"Wij hebben een ruime keuze aan producten van Tisserand Aromath\u00e9rapie Sapin de Sib\u00e9rie Abies Sibirica Sauvage (9 ml \/ 0,3 fl. oz.) . Winkel bij Eco Supplements altijd gratis verzending boven 100\u20ac","breadcrumb":{"@id":"https:\/\/ecosupplements.be\/fr\/produit\/tisserand-aromatherapy-siberian-fir-abies-sibirica-wild-crafted-9-ml-03-fl-oz\/#breadcrumb"},"inLanguage":"fr-FR","potentialAction":[{"@type":"ReadAction","target":["https:\/\/ecosupplements.be\/fr\/produit\/tisserand-aromatherapy-siberian-fir-abies-sibirica-wild-crafted-9-ml-03-fl-oz\/"]}]},{"@type":"ImageObject","inLanguage":"fr-FR","@id":"https:\/\/ecosupplements.be\/fr\/produit\/tisserand-aromatherapy-siberian-fir-abies-sibirica-wild-crafted-9-ml-03-fl-oz\/#primaryimage","url":"https:\/\/ecosupplements.be\/wp-content\/uploads\/2025\/08\/TISSERAND-AROMATHERAPY-Siberian-Fir-Abies-Sibirica-Wild-Crafted-9-ml-03-fl.-oz.jpg","contentUrl":"https:\/\/ecosupplements.be\/wp-content\/uploads\/2025\/08\/TISSERAND-AROMATHERAPY-Siberian-Fir-Abies-Sibirica-Wild-Crafted-9-ml-03-fl.-oz.jpg","width":800,"height":800},{"@type":"BreadcrumbList","@id":"https:\/\/ecosupplements.be\/fr\/produit\/tisserand-aromatherapy-siberian-fir-abies-sibirica-wild-crafted-9-ml-03-fl-oz\/#breadcrumb","itemListElement":[{"@type":"ListItem","position":1,"name":"Home","item":"https:\/\/ecosupplements.be\/fr\/"},{"@type":"ListItem","position":2,"name":"Boutique","item":"https:\/\/ecosupplements.be\/fr\/boutique\/"},{"@type":"ListItem","position":3,"name":"Tisserand Aromath\u00e9rapie Sapin de Sib\u00e9rie Abies Sibirica Sauvage (9 ml \/ 0,3 fl. oz.)"}]},{"@type":"WebSite","@id":"https:\/\/ecosupplements.be\/fr\/#website","url":"https:\/\/ecosupplements.be\/fr\/","name":"ECO Supplements","description":"Eco Supplements - Gezonde supplementen","publisher":{"@id":"https:\/\/ecosupplements.be\/fr\/#organization"},"potentialAction":[{"@type":"SearchAction","target":{"@type":"EntryPoint","urlTemplate":"https:\/\/ecosupplements.be\/fr\/?s={search_term_string}"},"query-input":{"@type":"PropertyValueSpecification","valueRequired":true,"valueName":"search_term_string"}}],"inLanguage":"fr-FR"},{"@type":"Organization","@id":"https:\/\/ecosupplements.be\/fr\/#organization","name":"Eco Supplements","url":"https:\/\/ecosupplements.be\/fr\/","logo":{"@type":"ImageObject","inLanguage":"fr-FR","@id":"https:\/\/ecosupplements.be\/fr\/#\/schema\/logo\/image\/","url":"https:\/\/ecosupplements.be\/wp-content\/uploads\/2022\/06\/ecosupplement-family.png","contentUrl":"https:\/\/ecosupplements.be\/wp-content\/uploads\/2022\/06\/ecosupplement-family.png","width":593,"height":374,"caption":"Eco Supplements"},"image":{"@id":"https:\/\/ecosupplements.be\/fr\/#\/schema\/logo\/image\/"}}]},"product_brand":"Tisserand Aromatherapy","product_price_amount":"12.30","product_price_currency":"EUR","og_availability":"instock","product_availability":"instock","product_retailer_item_id":"5017402008454","product_condition":"new"},"_links":{"self":[{"href":"https:\/\/ecosupplements.be\/fr\/wp-json\/wp\/v2\/product\/304071","targetHints":{"allow":["GET"]}}],"collection":[{"href":"https:\/\/ecosupplements.be\/fr\/wp-json\/wp\/v2\/product"}],"about":[{"href":"https:\/\/ecosupplements.be\/fr\/wp-json\/wp\/v2\/types\/product"}],"replies":[{"embeddable":true,"href":"https:\/\/ecosupplements.be\/fr\/wp-json\/wp\/v2\/comments?post=304071"}],"wp:featuredmedia":[{"embeddable":true,"href":"https:\/\/ecosupplements.be\/fr\/wp-json\/wp\/v2\/media\/278211"}],"wp:attachment":[{"href":"https:\/\/ecosupplements.be\/fr\/wp-json\/wp\/v2\/media?parent=304071"}],"wp:term":[{"taxonomy":"product_brand","embeddable":true,"href":"https:\/\/ecosupplements.be\/fr\/wp-json\/wp\/v2\/product_brand?post=304071"},{"taxonomy":"product_cat","embeddable":true,"href":"https:\/\/ecosupplements.be\/fr\/wp-json\/wp\/v2\/product_cat?post=304071"},{"taxonomy":"product_tag","embeddable":true,"href":"https:\/\/ecosupplements.be\/fr\/wp-json\/wp\/v2\/product_tag?post=304071"}],"curies":[{"name":"wp","href":"https:\/\/api.w.org\/{rel}","templated":true}]}}