{"id":304083,"date":"2025-07-27T13:30:23","date_gmt":"2025-07-27T12:30:23","guid":{"rendered":"https:\/\/ecosupplements.be\/product\/tisserand-aromatherapy-sleep-body-pillow-mist-50-ml-169-fl-oz\/"},"modified":"2025-08-28T04:08:44","modified_gmt":"2025-08-28T03:08:44","slug":"tisserand-aromatherapy-sleep-body-pillow-mist-50-ml-169-fl-oz","status":"publish","type":"product","link":"https:\/\/ecosupplements.be\/fr\/produit\/tisserand-aromatherapy-sleep-body-pillow-mist-50-ml-169-fl-oz\/","title":{"rendered":"Brume pour le corps et l&#8217;oreiller pour dormir TISSERAND AROMATHERAPY (50 ml \/ 1,69 fl. oz.)"},"content":{"rendered":"<p><strong>Nom du produit :<\/strong> TISSERAND AROMATHERAPY Sleep Body &amp; Pillow Mist<\/p>\n<p><strong>Description :<\/strong> D\u00e9couvrez le plaisir d&#8217;une ambiance apaisante avec notre brume pour le corps et l&#8217;oreiller. Formul\u00e9e \u00e0 partir d&#8217;ingr\u00e9dients 100% naturels, cette brume combine les huiles essentielles de lavande, de bois de santal et de jasmin pour une exp\u00e9rience sensorielle unique. Id\u00e9ale pour parfumer d\u00e9licatement votre environnement imm\u00e9diat.<\/p>\n<p><strong>Ingr\u00e9dients principaux :<\/strong> Eau, polysorbate 20, huile de lavande (lavandula Angustifolia), extrait de baume copaifera Reticulata, huile de bois Cedrus Deodara, huile feuille Cupressus Sempervirens, huile bois Santalum Spicatum, huile fruit Citrus Aurantium Bergamia, huile fleur Cananga Odorata, extrait fleur Jasminum Grandiflorum.<\/p>\n<p><strong>Contenu et emballage :<\/strong> Un flacon spray pratique contenant 50 ml \/ 1.69 fl.oz.du produit.<\/p>\n<p><strong>Utilisation :<\/strong> Vaporisez autour du corps ainsi que sur l&#8217;oreiller ou dans la chambre selon vos pr\u00e9f\u00e9rences.<\/p>\n<p><b>Note:<\/b><\/br>Avoid contact with eyes and discontinue use if redness or itching occurs.Due to the presence of essential oils in this product&#8217;s composition its color may change over time. For external use only and keep out of direct sunlight.<\/p>\n","protected":false},"excerpt":{"rendered":"<p>Nom du produit : TISSERAND AROMATHERAPY Sleep Body &amp; Pillow Mist Description : D\u00e9couvrez le plaisir d&#8217;une ambiance apaisante avec notre brume pour le corps et l&#8217;oreiller. Formul\u00e9e \u00e0 partir d&#8217;ingr\u00e9dients 100% naturels, cette brume combine les huiles essentielles de lavande, de bois de santal et de jasmin pour une exp\u00e9rience sensorielle unique. Id\u00e9ale pour [&#8230;]\n","protected":false},"featured_media":278223,"comment_status":"closed","ping_status":"open","template":"","meta":[],"product_brand":[5390],"product_cat":[5131],"product_tag":[],"class_list":{"0":"post-304083","1":"product","2":"type-product","3":"status-publish","4":"has-post-thumbnail","6":"product_brand-tisserand-aromatherapy-2","7":"product_cat-aromatherapie","9":"first","10":"outofstock","11":"taxable","12":"shipping-taxable","13":"purchasable","14":"product-type-simple"},"yoast_head":"<!-- This site is optimized with the Yoast SEO Premium plugin v27.3 (Yoast SEO v27.3) - https:\/\/yoast.com\/product\/yoast-seo-premium-wordpress\/ -->\n<title>Brume pour le corps et l&#039;oreiller pour dormir TISSERAND AROMATHERAPY (50 ml \/ 1,69 fl. oz.) - ECO Supplements<\/title>\n<meta name=\"description\" content=\"Wij hebben een ruime keuze aan producten van Brume pour le corps et l&#039;oreiller pour dormir TISSERAND AROMATHERAPY (50 ml \/ 1,69 fl. oz.) . Winkel bij Eco Supplements altijd gratis verzending boven 100\u20ac\" \/>\n<meta name=\"robots\" content=\"index, follow, max-snippet:-1, max-image-preview:large, max-video-preview:-1\" \/>\n<link rel=\"canonical\" href=\"https:\/\/ecosupplements.be\/fr\/produit\/tisserand-aromatherapy-sleep-body-pillow-mist-50-ml-169-fl-oz\/\" \/>\n<meta property=\"og:locale\" content=\"fr_FR\" \/>\n<meta property=\"og:type\" content=\"article\" \/>\n<meta property=\"og:title\" content=\"Brume pour le corps et l&#039;oreiller pour dormir TISSERAND AROMATHERAPY (50 ml \/ 1,69 fl. oz.)\" \/>\n<meta property=\"og:description\" content=\"Wij hebben een ruime keuze aan producten van Brume pour le corps et l&#039;oreiller pour dormir TISSERAND AROMATHERAPY (50 ml \/ 1,69 fl. oz.) . Winkel bij Eco Supplements altijd gratis verzending boven 100\u20ac\" \/>\n<meta property=\"og:url\" content=\"https:\/\/ecosupplements.be\/fr\/produit\/tisserand-aromatherapy-sleep-body-pillow-mist-50-ml-169-fl-oz\/\" \/>\n<meta property=\"og:site_name\" content=\"ECO Supplements\" \/>\n<meta property=\"article:modified_time\" content=\"2025-08-28T03:08:44+00:00\" \/>\n<meta property=\"og:image\" content=\"https:\/\/ecosupplements.be\/wp-content\/uploads\/2025\/08\/Tisserand-Aromatherapy-TISSERAND-AROMATHERAPY-Sleep-Body-Pillow-Mist-50-ml-169-fl.-oz.jpg\" \/>\n\t<meta property=\"og:image:width\" content=\"260\" \/>\n\t<meta property=\"og:image:height\" content=\"1000\" \/>\n\t<meta property=\"og:image:type\" content=\"image\/jpeg\" \/>\n<meta name=\"twitter:card\" content=\"summary_large_image\" \/>\n<meta name=\"twitter:label1\" content=\"Prix\" \/>\n\t<meta name=\"twitter:data1\" content=\"14.63&nbsp;&euro;\" \/>\n\t<meta name=\"twitter:label2\" content=\"Disponibilit\u00e9\" \/>\n\t<meta name=\"twitter:data2\" content=\"Rupture de stock\" \/>\n<script type=\"application\/ld+json\" class=\"yoast-schema-graph\">{\"@context\":\"https:\\\/\\\/schema.org\",\"@graph\":[{\"@type\":[\"WebPage\",\"ItemPage\"],\"@id\":\"https:\\\/\\\/ecosupplements.be\\\/fr\\\/produit\\\/tisserand-aromatherapy-sleep-body-pillow-mist-50-ml-169-fl-oz\\\/\",\"url\":\"https:\\\/\\\/ecosupplements.be\\\/fr\\\/produit\\\/tisserand-aromatherapy-sleep-body-pillow-mist-50-ml-169-fl-oz\\\/\",\"name\":\"Brume pour le corps et l'oreiller pour dormir TISSERAND AROMATHERAPY (50 ml \\\/ 1,69 fl. oz.) - ECO Supplements\",\"isPartOf\":{\"@id\":\"https:\\\/\\\/ecosupplements.be\\\/fr\\\/#website\"},\"primaryImageOfPage\":{\"@id\":\"https:\\\/\\\/ecosupplements.be\\\/fr\\\/produit\\\/tisserand-aromatherapy-sleep-body-pillow-mist-50-ml-169-fl-oz\\\/#primaryimage\"},\"image\":{\"@id\":\"https:\\\/\\\/ecosupplements.be\\\/fr\\\/produit\\\/tisserand-aromatherapy-sleep-body-pillow-mist-50-ml-169-fl-oz\\\/#primaryimage\"},\"thumbnailUrl\":\"https:\\\/\\\/ecosupplements.be\\\/wp-content\\\/uploads\\\/2025\\\/08\\\/TISSERAND-AROMATHERAPY-Sleep-Body-Pillow-Mist-50-ml-169-fl.-oz.jpg\",\"datePublished\":\"2025-07-27T12:30:23+00:00\",\"dateModified\":\"2025-08-28T03:08:44+00:00\",\"description\":\"Wij hebben een ruime keuze aan producten van Brume pour le corps et l'oreiller pour dormir TISSERAND AROMATHERAPY (50 ml \\\/ 1,69 fl. oz.) . Winkel bij Eco Supplements altijd gratis verzending boven 100\u20ac\",\"breadcrumb\":{\"@id\":\"https:\\\/\\\/ecosupplements.be\\\/fr\\\/produit\\\/tisserand-aromatherapy-sleep-body-pillow-mist-50-ml-169-fl-oz\\\/#breadcrumb\"},\"inLanguage\":\"fr-FR\",\"potentialAction\":[{\"@type\":\"ReadAction\",\"target\":[\"https:\\\/\\\/ecosupplements.be\\\/fr\\\/produit\\\/tisserand-aromatherapy-sleep-body-pillow-mist-50-ml-169-fl-oz\\\/\"]}]},{\"@type\":\"ImageObject\",\"inLanguage\":\"fr-FR\",\"@id\":\"https:\\\/\\\/ecosupplements.be\\\/fr\\\/produit\\\/tisserand-aromatherapy-sleep-body-pillow-mist-50-ml-169-fl-oz\\\/#primaryimage\",\"url\":\"https:\\\/\\\/ecosupplements.be\\\/wp-content\\\/uploads\\\/2025\\\/08\\\/TISSERAND-AROMATHERAPY-Sleep-Body-Pillow-Mist-50-ml-169-fl.-oz.jpg\",\"contentUrl\":\"https:\\\/\\\/ecosupplements.be\\\/wp-content\\\/uploads\\\/2025\\\/08\\\/TISSERAND-AROMATHERAPY-Sleep-Body-Pillow-Mist-50-ml-169-fl.-oz.jpg\",\"width\":260,\"height\":1000},{\"@type\":\"BreadcrumbList\",\"@id\":\"https:\\\/\\\/ecosupplements.be\\\/fr\\\/produit\\\/tisserand-aromatherapy-sleep-body-pillow-mist-50-ml-169-fl-oz\\\/#breadcrumb\",\"itemListElement\":[{\"@type\":\"ListItem\",\"position\":1,\"name\":\"Home\",\"item\":\"https:\\\/\\\/ecosupplements.be\\\/fr\\\/\"},{\"@type\":\"ListItem\",\"position\":2,\"name\":\"Boutique\",\"item\":\"https:\\\/\\\/ecosupplements.be\\\/fr\\\/boutique\\\/\"},{\"@type\":\"ListItem\",\"position\":3,\"name\":\"Brume pour le corps et l&#8217;oreiller pour dormir TISSERAND AROMATHERAPY (50 ml \\\/ 1,69 fl. oz.)\"}]},{\"@type\":\"WebSite\",\"@id\":\"https:\\\/\\\/ecosupplements.be\\\/fr\\\/#website\",\"url\":\"https:\\\/\\\/ecosupplements.be\\\/fr\\\/\",\"name\":\"ECO Supplements\",\"description\":\"Eco Supplements - Gezonde supplementen\",\"publisher\":{\"@id\":\"https:\\\/\\\/ecosupplements.be\\\/fr\\\/#organization\"},\"potentialAction\":[{\"@type\":\"SearchAction\",\"target\":{\"@type\":\"EntryPoint\",\"urlTemplate\":\"https:\\\/\\\/ecosupplements.be\\\/fr\\\/?s={search_term_string}\"},\"query-input\":{\"@type\":\"PropertyValueSpecification\",\"valueRequired\":true,\"valueName\":\"search_term_string\"}}],\"inLanguage\":\"fr-FR\"},{\"@type\":\"Organization\",\"@id\":\"https:\\\/\\\/ecosupplements.be\\\/fr\\\/#organization\",\"name\":\"Eco Supplements\",\"url\":\"https:\\\/\\\/ecosupplements.be\\\/fr\\\/\",\"logo\":{\"@type\":\"ImageObject\",\"inLanguage\":\"fr-FR\",\"@id\":\"https:\\\/\\\/ecosupplements.be\\\/fr\\\/#\\\/schema\\\/logo\\\/image\\\/\",\"url\":\"https:\\\/\\\/ecosupplements.be\\\/wp-content\\\/uploads\\\/2022\\\/06\\\/ecosupplement-family.png\",\"contentUrl\":\"https:\\\/\\\/ecosupplements.be\\\/wp-content\\\/uploads\\\/2022\\\/06\\\/ecosupplement-family.png\",\"width\":593,\"height\":374,\"caption\":\"Eco Supplements\"},\"image\":{\"@id\":\"https:\\\/\\\/ecosupplements.be\\\/fr\\\/#\\\/schema\\\/logo\\\/image\\\/\"}}]}<\/script>\n<meta property=\"product:brand\" content=\"Tisserand Aromatherapy\" \/>\n<meta property=\"product:price:amount\" content=\"14.63\" \/>\n<meta property=\"product:price:currency\" content=\"EUR\" \/>\n<meta property=\"og:availability\" content=\"out of stock\" \/>\n<meta property=\"product:availability\" content=\"out of stock\" \/>\n<meta property=\"product:retailer_item_id\" content=\"5017402041444\" \/>\n<meta property=\"product:condition\" content=\"new\" \/>\n<!-- \/ Yoast SEO Premium plugin. -->","yoast_head_json":{"title":"Brume pour le corps et l'oreiller pour dormir TISSERAND AROMATHERAPY (50 ml \/ 1,69 fl. oz.) - ECO Supplements","description":"Wij hebben een ruime keuze aan producten van Brume pour le corps et l'oreiller pour dormir TISSERAND AROMATHERAPY (50 ml \/ 1,69 fl. oz.) . Winkel bij Eco Supplements altijd gratis verzending boven 100\u20ac","robots":{"index":"index","follow":"follow","max-snippet":"max-snippet:-1","max-image-preview":"max-image-preview:large","max-video-preview":"max-video-preview:-1"},"canonical":"https:\/\/ecosupplements.be\/fr\/produit\/tisserand-aromatherapy-sleep-body-pillow-mist-50-ml-169-fl-oz\/","og_locale":"fr_FR","og_type":"article","og_title":"Brume pour le corps et l'oreiller pour dormir TISSERAND AROMATHERAPY (50 ml \/ 1,69 fl. oz.)","og_description":"Wij hebben een ruime keuze aan producten van Brume pour le corps et l'oreiller pour dormir TISSERAND AROMATHERAPY (50 ml \/ 1,69 fl. oz.) . Winkel bij Eco Supplements altijd gratis verzending boven 100\u20ac","og_url":"https:\/\/ecosupplements.be\/fr\/produit\/tisserand-aromatherapy-sleep-body-pillow-mist-50-ml-169-fl-oz\/","og_site_name":"ECO Supplements","article_modified_time":"2025-08-28T03:08:44+00:00","og_image":[{"width":260,"height":1000,"url":"https:\/\/ecosupplements.be\/wp-content\/uploads\/2025\/08\/Tisserand-Aromatherapy-TISSERAND-AROMATHERAPY-Sleep-Body-Pillow-Mist-50-ml-169-fl.-oz.jpg","type":"image\/jpeg"}],"twitter_card":"summary_large_image","twitter_misc":{"Prix":"14.63&nbsp;&euro;","Disponibilit\u00e9":"Rupture de stock"},"schema":{"@context":"https:\/\/schema.org","@graph":[{"@type":["WebPage","ItemPage"],"@id":"https:\/\/ecosupplements.be\/fr\/produit\/tisserand-aromatherapy-sleep-body-pillow-mist-50-ml-169-fl-oz\/","url":"https:\/\/ecosupplements.be\/fr\/produit\/tisserand-aromatherapy-sleep-body-pillow-mist-50-ml-169-fl-oz\/","name":"Brume pour le corps et l'oreiller pour dormir TISSERAND AROMATHERAPY (50 ml \/ 1,69 fl. oz.) - ECO Supplements","isPartOf":{"@id":"https:\/\/ecosupplements.be\/fr\/#website"},"primaryImageOfPage":{"@id":"https:\/\/ecosupplements.be\/fr\/produit\/tisserand-aromatherapy-sleep-body-pillow-mist-50-ml-169-fl-oz\/#primaryimage"},"image":{"@id":"https:\/\/ecosupplements.be\/fr\/produit\/tisserand-aromatherapy-sleep-body-pillow-mist-50-ml-169-fl-oz\/#primaryimage"},"thumbnailUrl":"https:\/\/ecosupplements.be\/wp-content\/uploads\/2025\/08\/TISSERAND-AROMATHERAPY-Sleep-Body-Pillow-Mist-50-ml-169-fl.-oz.jpg","datePublished":"2025-07-27T12:30:23+00:00","dateModified":"2025-08-28T03:08:44+00:00","description":"Wij hebben een ruime keuze aan producten van Brume pour le corps et l'oreiller pour dormir TISSERAND AROMATHERAPY (50 ml \/ 1,69 fl. oz.) . Winkel bij Eco Supplements altijd gratis verzending boven 100\u20ac","breadcrumb":{"@id":"https:\/\/ecosupplements.be\/fr\/produit\/tisserand-aromatherapy-sleep-body-pillow-mist-50-ml-169-fl-oz\/#breadcrumb"},"inLanguage":"fr-FR","potentialAction":[{"@type":"ReadAction","target":["https:\/\/ecosupplements.be\/fr\/produit\/tisserand-aromatherapy-sleep-body-pillow-mist-50-ml-169-fl-oz\/"]}]},{"@type":"ImageObject","inLanguage":"fr-FR","@id":"https:\/\/ecosupplements.be\/fr\/produit\/tisserand-aromatherapy-sleep-body-pillow-mist-50-ml-169-fl-oz\/#primaryimage","url":"https:\/\/ecosupplements.be\/wp-content\/uploads\/2025\/08\/TISSERAND-AROMATHERAPY-Sleep-Body-Pillow-Mist-50-ml-169-fl.-oz.jpg","contentUrl":"https:\/\/ecosupplements.be\/wp-content\/uploads\/2025\/08\/TISSERAND-AROMATHERAPY-Sleep-Body-Pillow-Mist-50-ml-169-fl.-oz.jpg","width":260,"height":1000},{"@type":"BreadcrumbList","@id":"https:\/\/ecosupplements.be\/fr\/produit\/tisserand-aromatherapy-sleep-body-pillow-mist-50-ml-169-fl-oz\/#breadcrumb","itemListElement":[{"@type":"ListItem","position":1,"name":"Home","item":"https:\/\/ecosupplements.be\/fr\/"},{"@type":"ListItem","position":2,"name":"Boutique","item":"https:\/\/ecosupplements.be\/fr\/boutique\/"},{"@type":"ListItem","position":3,"name":"Brume pour le corps et l&#8217;oreiller pour dormir TISSERAND AROMATHERAPY (50 ml \/ 1,69 fl. oz.)"}]},{"@type":"WebSite","@id":"https:\/\/ecosupplements.be\/fr\/#website","url":"https:\/\/ecosupplements.be\/fr\/","name":"ECO Supplements","description":"Eco Supplements - Gezonde supplementen","publisher":{"@id":"https:\/\/ecosupplements.be\/fr\/#organization"},"potentialAction":[{"@type":"SearchAction","target":{"@type":"EntryPoint","urlTemplate":"https:\/\/ecosupplements.be\/fr\/?s={search_term_string}"},"query-input":{"@type":"PropertyValueSpecification","valueRequired":true,"valueName":"search_term_string"}}],"inLanguage":"fr-FR"},{"@type":"Organization","@id":"https:\/\/ecosupplements.be\/fr\/#organization","name":"Eco Supplements","url":"https:\/\/ecosupplements.be\/fr\/","logo":{"@type":"ImageObject","inLanguage":"fr-FR","@id":"https:\/\/ecosupplements.be\/fr\/#\/schema\/logo\/image\/","url":"https:\/\/ecosupplements.be\/wp-content\/uploads\/2022\/06\/ecosupplement-family.png","contentUrl":"https:\/\/ecosupplements.be\/wp-content\/uploads\/2022\/06\/ecosupplement-family.png","width":593,"height":374,"caption":"Eco Supplements"},"image":{"@id":"https:\/\/ecosupplements.be\/fr\/#\/schema\/logo\/image\/"}}]},"product_brand":"Tisserand Aromatherapy","product_price_amount":"14.63","product_price_currency":"EUR","og_availability":"out of stock","product_availability":"out of stock","product_retailer_item_id":"5017402041444","product_condition":"new"},"_links":{"self":[{"href":"https:\/\/ecosupplements.be\/fr\/wp-json\/wp\/v2\/product\/304083","targetHints":{"allow":["GET"]}}],"collection":[{"href":"https:\/\/ecosupplements.be\/fr\/wp-json\/wp\/v2\/product"}],"about":[{"href":"https:\/\/ecosupplements.be\/fr\/wp-json\/wp\/v2\/types\/product"}],"replies":[{"embeddable":true,"href":"https:\/\/ecosupplements.be\/fr\/wp-json\/wp\/v2\/comments?post=304083"}],"wp:featuredmedia":[{"embeddable":true,"href":"https:\/\/ecosupplements.be\/fr\/wp-json\/wp\/v2\/media\/278223"}],"wp:attachment":[{"href":"https:\/\/ecosupplements.be\/fr\/wp-json\/wp\/v2\/media?parent=304083"}],"wp:term":[{"taxonomy":"product_brand","embeddable":true,"href":"https:\/\/ecosupplements.be\/fr\/wp-json\/wp\/v2\/product_brand?post=304083"},{"taxonomy":"product_cat","embeddable":true,"href":"https:\/\/ecosupplements.be\/fr\/wp-json\/wp\/v2\/product_cat?post=304083"},{"taxonomy":"product_tag","embeddable":true,"href":"https:\/\/ecosupplements.be\/fr\/wp-json\/wp\/v2\/product_tag?post=304083"}],"curies":[{"name":"wp","href":"https:\/\/api.w.org\/{rel}","templated":true}]}}