{"id":304089,"date":"2025-07-27T13:45:12","date_gmt":"2025-07-27T12:45:12","guid":{"rendered":"https:\/\/ecosupplements.be\/product\/tisserand-aromatherapy-sleep-better-pillow-mist-100-ml-34-fl-oz\/"},"modified":"2025-08-28T04:08:50","modified_gmt":"2025-08-28T03:08:50","slug":"tisserand-aromatherapy-sleep-better-pillow-mist-100-ml-34-fl-oz","status":"publish","type":"product","link":"https:\/\/ecosupplements.be\/fr\/produit\/tisserand-aromatherapy-sleep-better-pillow-mist-100-ml-34-fl-oz\/","title":{"rendered":"Brume d&#8217;oreiller pour mieux dormir TISSERAND AROMATHERAPY (100 ml \/ 3,4 fl. oz.)"},"content":{"rendered":"<p><strong>Nom du produit :<\/strong> TISSERAND AROMATHERAPY Sleep Better Pillow Mist (100 ml \/ 3,4 fl. oz.)<\/p>\n<p><strong>Description :<\/strong> D\u00e9couvrez l&#8217;\u00e9l\u00e9gance et la puret\u00e9 des ingr\u00e9dients naturels avec notre brume d&#8217;oreiller.Compos\u00e9e \u00e0 100% d&#8217;huiles essentielles naturelles, cette formule int\u00e8gre l&#8217;huile de lavande apaisante, l&#8217;huile de bois de santal et l&#8217;extrait de jasmin pour une exp\u00e9rience sensorielle raffin\u00e9e.<\/p>\n<p><strong>Ingr\u00e9dients principaux :<\/strong> Eau, Polysorbate 20, Huile de lavande (Lavandula Angustifolia), Extrait de baume de Copaiba (Copaifera Reticulata), Huile de bois de c\u00e8dre (Cedrus Deodara), Huile feuille de cypr\u00e8s (Cupressus Sempervirens), Huile bois de santal (Santalum Spicatum), Huile \u00e9corce bergamote (Citrus Aurantium Bergamia), Huile fleur Ylang Ylang (Cananga Odorata), Huile fleur Jasmin (Jasminum Officinale).<\/p>\n<p><strong>Utilisation :<\/strong> Vaporisez dans l&#8217;air autour du corps ainsi que sur les oreillers et la literie pour une ambiance agr\u00e9able.<\/p>\n<p><strong>Caract\u00e9ristiques pratiques :<\/strong> Ce produit est facile \u00e0 utiliser gr\u00e2ce \u00e0 son format spray pratique qui permet une application homog\u00e8ne et d\u00e9licate.<\/p>\n<p>Ce choix parfait pour ceux qui appr\u00e9cient les ingr\u00e9dients purs dans un cadre quotidien sans pr\u00e9tention m\u00e9dicale ou th\u00e9rapeutique. Un compl\u00e9ment simple pour un usage quotidien qui s&#8217;int\u00e8gre harmonieusement dans votre routine nocturne.<\/p>\n","protected":false},"excerpt":{"rendered":"<p>Nom du produit : TISSERAND AROMATHERAPY Sleep Better Pillow Mist (100 ml \/ 3,4 fl. oz.) Description : D\u00e9couvrez l&#8217;\u00e9l\u00e9gance et la puret\u00e9 des ingr\u00e9dients naturels avec notre brume d&#8217;oreiller.Compos\u00e9e \u00e0 100% d&#8217;huiles essentielles naturelles, cette formule int\u00e8gre l&#8217;huile de lavande apaisante, l&#8217;huile de bois de santal et l&#8217;extrait de jasmin pour une exp\u00e9rience sensorielle [&#8230;]\n","protected":false},"featured_media":278229,"comment_status":"closed","ping_status":"open","template":"","meta":[],"product_brand":[5390],"product_cat":[5131],"product_tag":[],"class_list":{"0":"post-304089","1":"product","2":"type-product","3":"status-publish","4":"has-post-thumbnail","6":"product_brand-tisserand-aromatherapy-2","7":"product_cat-aromatherapie","9":"first","10":"instock","11":"taxable","12":"shipping-taxable","13":"purchasable","14":"product-type-simple"},"yoast_head":"<!-- This site is optimized with the Yoast SEO Premium plugin v27.3 (Yoast SEO v27.3) - https:\/\/yoast.com\/product\/yoast-seo-premium-wordpress\/ -->\n<title>Brume d&#039;oreiller pour mieux dormir TISSERAND AROMATHERAPY (100 ml \/ 3,4 fl. oz.) - ECO Supplements<\/title>\n<meta name=\"description\" content=\"Wij hebben een ruime keuze aan producten van Brume d&#039;oreiller pour mieux dormir TISSERAND AROMATHERAPY (100 ml \/ 3,4 fl. oz.) . Winkel bij Eco Supplements altijd gratis verzending boven 100\u20ac\" \/>\n<meta name=\"robots\" content=\"index, follow, max-snippet:-1, max-image-preview:large, max-video-preview:-1\" \/>\n<link rel=\"canonical\" href=\"https:\/\/ecosupplements.be\/fr\/produit\/tisserand-aromatherapy-sleep-better-pillow-mist-100-ml-34-fl-oz\/\" \/>\n<meta property=\"og:locale\" content=\"fr_FR\" \/>\n<meta property=\"og:type\" content=\"article\" \/>\n<meta property=\"og:title\" content=\"Brume d&#039;oreiller pour mieux dormir TISSERAND AROMATHERAPY (100 ml \/ 3,4 fl. oz.)\" \/>\n<meta property=\"og:description\" content=\"Wij hebben een ruime keuze aan producten van Brume d&#039;oreiller pour mieux dormir TISSERAND AROMATHERAPY (100 ml \/ 3,4 fl. oz.) . Winkel bij Eco Supplements altijd gratis verzending boven 100\u20ac\" \/>\n<meta property=\"og:url\" content=\"https:\/\/ecosupplements.be\/fr\/produit\/tisserand-aromatherapy-sleep-better-pillow-mist-100-ml-34-fl-oz\/\" \/>\n<meta property=\"og:site_name\" content=\"ECO Supplements\" \/>\n<meta property=\"article:modified_time\" content=\"2025-08-28T03:08:50+00:00\" \/>\n<meta property=\"og:image\" content=\"https:\/\/ecosupplements.be\/wp-content\/uploads\/2025\/08\/Tisserand-Aromatherapy-TISSERAND-AROMATHERAPY-Sleep-Better-Pillow-Mist-100-ml-34-fl.-oz.jpg\" \/>\n\t<meta property=\"og:image:width\" content=\"768\" \/>\n\t<meta property=\"og:image:height\" content=\"768\" \/>\n\t<meta property=\"og:image:type\" content=\"image\/jpeg\" \/>\n<meta name=\"twitter:card\" content=\"summary_large_image\" \/>\n<meta name=\"twitter:label1\" content=\"Prix\" \/>\n\t<meta name=\"twitter:data1\" content=\"17.97&nbsp;&euro;\" \/>\n\t<meta name=\"twitter:label2\" content=\"Disponibilit\u00e9\" \/>\n\t<meta name=\"twitter:data2\" content=\"En stock\" \/>\n<script type=\"application\/ld+json\" class=\"yoast-schema-graph\">{\"@context\":\"https:\\\/\\\/schema.org\",\"@graph\":[{\"@type\":[\"WebPage\",\"ItemPage\"],\"@id\":\"https:\\\/\\\/ecosupplements.be\\\/fr\\\/produit\\\/tisserand-aromatherapy-sleep-better-pillow-mist-100-ml-34-fl-oz\\\/\",\"url\":\"https:\\\/\\\/ecosupplements.be\\\/fr\\\/produit\\\/tisserand-aromatherapy-sleep-better-pillow-mist-100-ml-34-fl-oz\\\/\",\"name\":\"Brume d'oreiller pour mieux dormir TISSERAND AROMATHERAPY (100 ml \\\/ 3,4 fl. oz.) - ECO Supplements\",\"isPartOf\":{\"@id\":\"https:\\\/\\\/ecosupplements.be\\\/fr\\\/#website\"},\"primaryImageOfPage\":{\"@id\":\"https:\\\/\\\/ecosupplements.be\\\/fr\\\/produit\\\/tisserand-aromatherapy-sleep-better-pillow-mist-100-ml-34-fl-oz\\\/#primaryimage\"},\"image\":{\"@id\":\"https:\\\/\\\/ecosupplements.be\\\/fr\\\/produit\\\/tisserand-aromatherapy-sleep-better-pillow-mist-100-ml-34-fl-oz\\\/#primaryimage\"},\"thumbnailUrl\":\"https:\\\/\\\/ecosupplements.be\\\/wp-content\\\/uploads\\\/2025\\\/08\\\/TISSERAND-AROMATHERAPY-Sleep-Better-Pillow-Mist-100-ml-34-fl.-oz.jpg\",\"datePublished\":\"2025-07-27T12:45:12+00:00\",\"dateModified\":\"2025-08-28T03:08:50+00:00\",\"description\":\"Wij hebben een ruime keuze aan producten van Brume d'oreiller pour mieux dormir TISSERAND AROMATHERAPY (100 ml \\\/ 3,4 fl. oz.) . Winkel bij Eco Supplements altijd gratis verzending boven 100\u20ac\",\"breadcrumb\":{\"@id\":\"https:\\\/\\\/ecosupplements.be\\\/fr\\\/produit\\\/tisserand-aromatherapy-sleep-better-pillow-mist-100-ml-34-fl-oz\\\/#breadcrumb\"},\"inLanguage\":\"fr-FR\",\"potentialAction\":[{\"@type\":\"ReadAction\",\"target\":[\"https:\\\/\\\/ecosupplements.be\\\/fr\\\/produit\\\/tisserand-aromatherapy-sleep-better-pillow-mist-100-ml-34-fl-oz\\\/\"]}]},{\"@type\":\"ImageObject\",\"inLanguage\":\"fr-FR\",\"@id\":\"https:\\\/\\\/ecosupplements.be\\\/fr\\\/produit\\\/tisserand-aromatherapy-sleep-better-pillow-mist-100-ml-34-fl-oz\\\/#primaryimage\",\"url\":\"https:\\\/\\\/ecosupplements.be\\\/wp-content\\\/uploads\\\/2025\\\/08\\\/TISSERAND-AROMATHERAPY-Sleep-Better-Pillow-Mist-100-ml-34-fl.-oz.jpg\",\"contentUrl\":\"https:\\\/\\\/ecosupplements.be\\\/wp-content\\\/uploads\\\/2025\\\/08\\\/TISSERAND-AROMATHERAPY-Sleep-Better-Pillow-Mist-100-ml-34-fl.-oz.jpg\",\"width\":768,\"height\":768},{\"@type\":\"BreadcrumbList\",\"@id\":\"https:\\\/\\\/ecosupplements.be\\\/fr\\\/produit\\\/tisserand-aromatherapy-sleep-better-pillow-mist-100-ml-34-fl-oz\\\/#breadcrumb\",\"itemListElement\":[{\"@type\":\"ListItem\",\"position\":1,\"name\":\"Home\",\"item\":\"https:\\\/\\\/ecosupplements.be\\\/fr\\\/\"},{\"@type\":\"ListItem\",\"position\":2,\"name\":\"Boutique\",\"item\":\"https:\\\/\\\/ecosupplements.be\\\/fr\\\/boutique\\\/\"},{\"@type\":\"ListItem\",\"position\":3,\"name\":\"Brume d&#8217;oreiller pour mieux dormir TISSERAND AROMATHERAPY (100 ml \\\/ 3,4 fl. oz.)\"}]},{\"@type\":\"WebSite\",\"@id\":\"https:\\\/\\\/ecosupplements.be\\\/fr\\\/#website\",\"url\":\"https:\\\/\\\/ecosupplements.be\\\/fr\\\/\",\"name\":\"ECO Supplements\",\"description\":\"Eco Supplements - Gezonde supplementen\",\"publisher\":{\"@id\":\"https:\\\/\\\/ecosupplements.be\\\/fr\\\/#organization\"},\"potentialAction\":[{\"@type\":\"SearchAction\",\"target\":{\"@type\":\"EntryPoint\",\"urlTemplate\":\"https:\\\/\\\/ecosupplements.be\\\/fr\\\/?s={search_term_string}\"},\"query-input\":{\"@type\":\"PropertyValueSpecification\",\"valueRequired\":true,\"valueName\":\"search_term_string\"}}],\"inLanguage\":\"fr-FR\"},{\"@type\":\"Organization\",\"@id\":\"https:\\\/\\\/ecosupplements.be\\\/fr\\\/#organization\",\"name\":\"Eco Supplements\",\"url\":\"https:\\\/\\\/ecosupplements.be\\\/fr\\\/\",\"logo\":{\"@type\":\"ImageObject\",\"inLanguage\":\"fr-FR\",\"@id\":\"https:\\\/\\\/ecosupplements.be\\\/fr\\\/#\\\/schema\\\/logo\\\/image\\\/\",\"url\":\"https:\\\/\\\/ecosupplements.be\\\/wp-content\\\/uploads\\\/2022\\\/06\\\/ecosupplement-family.png\",\"contentUrl\":\"https:\\\/\\\/ecosupplements.be\\\/wp-content\\\/uploads\\\/2022\\\/06\\\/ecosupplement-family.png\",\"width\":593,\"height\":374,\"caption\":\"Eco Supplements\"},\"image\":{\"@id\":\"https:\\\/\\\/ecosupplements.be\\\/fr\\\/#\\\/schema\\\/logo\\\/image\\\/\"}}]}<\/script>\n<meta property=\"product:brand\" content=\"Tisserand Aromatherapy\" \/>\n<meta property=\"product:price:amount\" content=\"17.97\" \/>\n<meta property=\"product:price:currency\" content=\"EUR\" \/>\n<meta property=\"og:availability\" content=\"instock\" \/>\n<meta property=\"product:availability\" content=\"instock\" \/>\n<meta property=\"product:retailer_item_id\" content=\"5017402041345\" \/>\n<meta property=\"product:condition\" content=\"new\" \/>\n<!-- \/ Yoast SEO Premium plugin. -->","yoast_head_json":{"title":"Brume d'oreiller pour mieux dormir TISSERAND AROMATHERAPY (100 ml \/ 3,4 fl. oz.) - ECO Supplements","description":"Wij hebben een ruime keuze aan producten van Brume d'oreiller pour mieux dormir TISSERAND AROMATHERAPY (100 ml \/ 3,4 fl. oz.) . Winkel bij Eco Supplements altijd gratis verzending boven 100\u20ac","robots":{"index":"index","follow":"follow","max-snippet":"max-snippet:-1","max-image-preview":"max-image-preview:large","max-video-preview":"max-video-preview:-1"},"canonical":"https:\/\/ecosupplements.be\/fr\/produit\/tisserand-aromatherapy-sleep-better-pillow-mist-100-ml-34-fl-oz\/","og_locale":"fr_FR","og_type":"article","og_title":"Brume d'oreiller pour mieux dormir TISSERAND AROMATHERAPY (100 ml \/ 3,4 fl. oz.)","og_description":"Wij hebben een ruime keuze aan producten van Brume d'oreiller pour mieux dormir TISSERAND AROMATHERAPY (100 ml \/ 3,4 fl. oz.) . Winkel bij Eco Supplements altijd gratis verzending boven 100\u20ac","og_url":"https:\/\/ecosupplements.be\/fr\/produit\/tisserand-aromatherapy-sleep-better-pillow-mist-100-ml-34-fl-oz\/","og_site_name":"ECO Supplements","article_modified_time":"2025-08-28T03:08:50+00:00","og_image":[{"width":768,"height":768,"url":"https:\/\/ecosupplements.be\/wp-content\/uploads\/2025\/08\/Tisserand-Aromatherapy-TISSERAND-AROMATHERAPY-Sleep-Better-Pillow-Mist-100-ml-34-fl.-oz.jpg","type":"image\/jpeg"}],"twitter_card":"summary_large_image","twitter_misc":{"Prix":"17.97&nbsp;&euro;","Disponibilit\u00e9":"En stock"},"schema":{"@context":"https:\/\/schema.org","@graph":[{"@type":["WebPage","ItemPage"],"@id":"https:\/\/ecosupplements.be\/fr\/produit\/tisserand-aromatherapy-sleep-better-pillow-mist-100-ml-34-fl-oz\/","url":"https:\/\/ecosupplements.be\/fr\/produit\/tisserand-aromatherapy-sleep-better-pillow-mist-100-ml-34-fl-oz\/","name":"Brume d'oreiller pour mieux dormir TISSERAND AROMATHERAPY (100 ml \/ 3,4 fl. oz.) - ECO Supplements","isPartOf":{"@id":"https:\/\/ecosupplements.be\/fr\/#website"},"primaryImageOfPage":{"@id":"https:\/\/ecosupplements.be\/fr\/produit\/tisserand-aromatherapy-sleep-better-pillow-mist-100-ml-34-fl-oz\/#primaryimage"},"image":{"@id":"https:\/\/ecosupplements.be\/fr\/produit\/tisserand-aromatherapy-sleep-better-pillow-mist-100-ml-34-fl-oz\/#primaryimage"},"thumbnailUrl":"https:\/\/ecosupplements.be\/wp-content\/uploads\/2025\/08\/TISSERAND-AROMATHERAPY-Sleep-Better-Pillow-Mist-100-ml-34-fl.-oz.jpg","datePublished":"2025-07-27T12:45:12+00:00","dateModified":"2025-08-28T03:08:50+00:00","description":"Wij hebben een ruime keuze aan producten van Brume d'oreiller pour mieux dormir TISSERAND AROMATHERAPY (100 ml \/ 3,4 fl. oz.) . Winkel bij Eco Supplements altijd gratis verzending boven 100\u20ac","breadcrumb":{"@id":"https:\/\/ecosupplements.be\/fr\/produit\/tisserand-aromatherapy-sleep-better-pillow-mist-100-ml-34-fl-oz\/#breadcrumb"},"inLanguage":"fr-FR","potentialAction":[{"@type":"ReadAction","target":["https:\/\/ecosupplements.be\/fr\/produit\/tisserand-aromatherapy-sleep-better-pillow-mist-100-ml-34-fl-oz\/"]}]},{"@type":"ImageObject","inLanguage":"fr-FR","@id":"https:\/\/ecosupplements.be\/fr\/produit\/tisserand-aromatherapy-sleep-better-pillow-mist-100-ml-34-fl-oz\/#primaryimage","url":"https:\/\/ecosupplements.be\/wp-content\/uploads\/2025\/08\/TISSERAND-AROMATHERAPY-Sleep-Better-Pillow-Mist-100-ml-34-fl.-oz.jpg","contentUrl":"https:\/\/ecosupplements.be\/wp-content\/uploads\/2025\/08\/TISSERAND-AROMATHERAPY-Sleep-Better-Pillow-Mist-100-ml-34-fl.-oz.jpg","width":768,"height":768},{"@type":"BreadcrumbList","@id":"https:\/\/ecosupplements.be\/fr\/produit\/tisserand-aromatherapy-sleep-better-pillow-mist-100-ml-34-fl-oz\/#breadcrumb","itemListElement":[{"@type":"ListItem","position":1,"name":"Home","item":"https:\/\/ecosupplements.be\/fr\/"},{"@type":"ListItem","position":2,"name":"Boutique","item":"https:\/\/ecosupplements.be\/fr\/boutique\/"},{"@type":"ListItem","position":3,"name":"Brume d&#8217;oreiller pour mieux dormir TISSERAND AROMATHERAPY (100 ml \/ 3,4 fl. oz.)"}]},{"@type":"WebSite","@id":"https:\/\/ecosupplements.be\/fr\/#website","url":"https:\/\/ecosupplements.be\/fr\/","name":"ECO Supplements","description":"Eco Supplements - Gezonde supplementen","publisher":{"@id":"https:\/\/ecosupplements.be\/fr\/#organization"},"potentialAction":[{"@type":"SearchAction","target":{"@type":"EntryPoint","urlTemplate":"https:\/\/ecosupplements.be\/fr\/?s={search_term_string}"},"query-input":{"@type":"PropertyValueSpecification","valueRequired":true,"valueName":"search_term_string"}}],"inLanguage":"fr-FR"},{"@type":"Organization","@id":"https:\/\/ecosupplements.be\/fr\/#organization","name":"Eco Supplements","url":"https:\/\/ecosupplements.be\/fr\/","logo":{"@type":"ImageObject","inLanguage":"fr-FR","@id":"https:\/\/ecosupplements.be\/fr\/#\/schema\/logo\/image\/","url":"https:\/\/ecosupplements.be\/wp-content\/uploads\/2022\/06\/ecosupplement-family.png","contentUrl":"https:\/\/ecosupplements.be\/wp-content\/uploads\/2022\/06\/ecosupplement-family.png","width":593,"height":374,"caption":"Eco Supplements"},"image":{"@id":"https:\/\/ecosupplements.be\/fr\/#\/schema\/logo\/image\/"}}]},"product_brand":"Tisserand Aromatherapy","product_price_amount":"17.97","product_price_currency":"EUR","og_availability":"instock","product_availability":"instock","product_retailer_item_id":"5017402041345","product_condition":"new"},"_links":{"self":[{"href":"https:\/\/ecosupplements.be\/fr\/wp-json\/wp\/v2\/product\/304089","targetHints":{"allow":["GET"]}}],"collection":[{"href":"https:\/\/ecosupplements.be\/fr\/wp-json\/wp\/v2\/product"}],"about":[{"href":"https:\/\/ecosupplements.be\/fr\/wp-json\/wp\/v2\/types\/product"}],"replies":[{"embeddable":true,"href":"https:\/\/ecosupplements.be\/fr\/wp-json\/wp\/v2\/comments?post=304089"}],"wp:featuredmedia":[{"embeddable":true,"href":"https:\/\/ecosupplements.be\/fr\/wp-json\/wp\/v2\/media\/278229"}],"wp:attachment":[{"href":"https:\/\/ecosupplements.be\/fr\/wp-json\/wp\/v2\/media?parent=304089"}],"wp:term":[{"taxonomy":"product_brand","embeddable":true,"href":"https:\/\/ecosupplements.be\/fr\/wp-json\/wp\/v2\/product_brand?post=304089"},{"taxonomy":"product_cat","embeddable":true,"href":"https:\/\/ecosupplements.be\/fr\/wp-json\/wp\/v2\/product_cat?post=304089"},{"taxonomy":"product_tag","embeddable":true,"href":"https:\/\/ecosupplements.be\/fr\/wp-json\/wp\/v2\/product_tag?post=304089"}],"curies":[{"name":"wp","href":"https:\/\/api.w.org\/{rel}","templated":true}]}}