{"id":304101,"date":"2025-07-27T14:00:29","date_gmt":"2025-07-27T13:00:29","guid":{"rendered":"https:\/\/ecosupplements.be\/product\/tisserand-aromatherapy-tea-tree-melaleuca-alternifolia-organic-9-ml-03-fl-oz\/"},"modified":"2025-08-28T04:09:04","modified_gmt":"2025-08-28T03:09:04","slug":"tisserand-aromatherapy-tea-tree-melaleuca-alternifolia-organic-9-ml-03-fl-oz","status":"publish","type":"product","link":"https:\/\/ecosupplements.be\/fr\/produit\/tisserand-aromatherapy-tea-tree-melaleuca-alternifolia-organic-9-ml-03-fl-oz\/","title":{"rendered":"Huile essentielle de Tea Tree Melaleuca Alternifolia biologique (9 ml \/ 0,3 fl. oz.)"},"content":{"rendered":"<h2>TISSERAND AROMATHERAPY Tea Tree Melaleuca Alternifolia Organic (9 ml \/ 0,3 fl. oz.)<\/h2>\n<p><strong>Description :<\/strong><br \/>\nD\u00e9couvrez l&#8217;huile essentielle de Tea Tree Melaleuca Alternifolia, certifi\u00e9e biologique et distill\u00e9e \u00e0 la vapeur \u00e0 partir des feuilles vertes pour une puret\u00e9 maximale. Ce produit se distingue par son ar\u00f4me vif et purifiant,id\u00e9al pour int\u00e9grer dans votre quotidien.<\/p>\n<p><strong>Ingr\u00e9dients :<\/strong><br \/>\n100% huile issue des feuilles de Tea Tree (<i>Melaleuca alternifolia<\/i>) provenant d&#8217;agriculture biologique.<\/p>\n<p><strong>Utilisation :<\/strong><br \/>\nPour aromath\u00e9rapie en diffuseur : Ajoutez 6 \u00e0 8 gouttes dans votre diffuseur. Pour un massage : Diluez 5 gouttes avec 10 ml d&#8217;une huile porteuse comme l&#8217;huile d&#8217;amande douce ou de jojoba. Pour le bain : M\u00e9langez 4 \u00e0 6 gouttes avec 20 ml d&#8217;une huile porteuse avant de verser dans l&#8217;eau du bain.<\/p>\n<p><strong>Caract\u00e9ristiques :<\/strong><br \/>\n&#8211; Format pratique de 9 ml \/0,3 fl. oz.<br \/>\n&#8211; Emballage s\u00e9curis\u00e9 pour une conservation optimale.<br \/>\n&#8211; Exclusivement pour usage externe.<\/p>\n<p>Ce produit est un choix parfait pour ceux qui appr\u00e9cient les ingr\u00e9dients naturels et recherchent une qualit\u00e9 exceptionnelle au quotidien.<\/p>\n","protected":false},"excerpt":{"rendered":"<p>TISSERAND AROMATHERAPY Tea Tree Melaleuca Alternifolia Organic (9 ml \/ 0,3 fl. oz.) Description : D\u00e9couvrez l&#8217;huile essentielle de Tea Tree Melaleuca Alternifolia, certifi\u00e9e biologique et distill\u00e9e \u00e0 la vapeur \u00e0 partir des feuilles vertes pour une puret\u00e9 maximale. Ce produit se distingue par son ar\u00f4me vif et purifiant,id\u00e9al pour int\u00e9grer dans votre quotidien. Ingr\u00e9dients [&#8230;]\n","protected":false},"featured_media":278241,"comment_status":"closed","ping_status":"open","template":"","meta":[],"product_brand":[5390],"product_cat":[5131],"product_tag":[],"class_list":{"0":"post-304101","1":"product","2":"type-product","3":"status-publish","4":"has-post-thumbnail","6":"product_brand-tisserand-aromatherapy-2","7":"product_cat-aromatherapie","9":"first","10":"instock","11":"taxable","12":"shipping-taxable","13":"purchasable","14":"product-type-simple"},"yoast_head":"<!-- This site is optimized with the Yoast SEO Premium plugin v27.3 (Yoast SEO v27.3) - https:\/\/yoast.com\/product\/yoast-seo-premium-wordpress\/ -->\n<title>Huile essentielle de Tea Tree Melaleuca Alternifolia biologique (9 ml \/ 0,3 fl. oz.) - ECO Supplements<\/title>\n<meta name=\"description\" content=\"Wij hebben een ruime keuze aan producten van Huile essentielle de Tea Tree Melaleuca Alternifolia biologique (9 ml \/ 0,3 fl. oz.) . Winkel bij Eco Supplements altijd gratis verzending boven 100\u20ac\" \/>\n<meta name=\"robots\" content=\"index, follow, max-snippet:-1, max-image-preview:large, max-video-preview:-1\" \/>\n<link rel=\"canonical\" href=\"https:\/\/ecosupplements.be\/fr\/produit\/tisserand-aromatherapy-tea-tree-melaleuca-alternifolia-organic-9-ml-03-fl-oz\/\" \/>\n<meta property=\"og:locale\" content=\"fr_FR\" \/>\n<meta property=\"og:type\" content=\"article\" \/>\n<meta property=\"og:title\" content=\"Huile essentielle de Tea Tree Melaleuca Alternifolia biologique (9 ml \/ 0,3 fl. oz.)\" \/>\n<meta property=\"og:description\" content=\"Wij hebben een ruime keuze aan producten van Huile essentielle de Tea Tree Melaleuca Alternifolia biologique (9 ml \/ 0,3 fl. oz.) . Winkel bij Eco Supplements altijd gratis verzending boven 100\u20ac\" \/>\n<meta property=\"og:url\" content=\"https:\/\/ecosupplements.be\/fr\/produit\/tisserand-aromatherapy-tea-tree-melaleuca-alternifolia-organic-9-ml-03-fl-oz\/\" \/>\n<meta property=\"og:site_name\" content=\"ECO Supplements\" \/>\n<meta property=\"article:modified_time\" content=\"2025-08-28T03:09:04+00:00\" \/>\n<meta property=\"og:image\" content=\"https:\/\/ecosupplements.be\/wp-content\/uploads\/2025\/08\/Tisserand-Aromatherapy-TISSERAND-AROMATHERAPY-Tea-Tree-Melaleuca-Alternifolia-Organic-9-ml-03-fl.-oz.jpg\" \/>\n\t<meta property=\"og:image:width\" content=\"1080\" \/>\n\t<meta property=\"og:image:height\" content=\"1080\" \/>\n\t<meta property=\"og:image:type\" content=\"image\/jpeg\" \/>\n<meta name=\"twitter:card\" content=\"summary_large_image\" \/>\n<meta name=\"twitter:label1\" content=\"Prix\" \/>\n\t<meta name=\"twitter:data1\" content=\"12.14&nbsp;&euro;\" \/>\n\t<meta name=\"twitter:label2\" content=\"Disponibilit\u00e9\" \/>\n\t<meta name=\"twitter:data2\" content=\"En stock\" \/>\n<script type=\"application\/ld+json\" class=\"yoast-schema-graph\">{\"@context\":\"https:\\\/\\\/schema.org\",\"@graph\":[{\"@type\":[\"WebPage\",\"ItemPage\"],\"@id\":\"https:\\\/\\\/ecosupplements.be\\\/fr\\\/produit\\\/tisserand-aromatherapy-tea-tree-melaleuca-alternifolia-organic-9-ml-03-fl-oz\\\/\",\"url\":\"https:\\\/\\\/ecosupplements.be\\\/fr\\\/produit\\\/tisserand-aromatherapy-tea-tree-melaleuca-alternifolia-organic-9-ml-03-fl-oz\\\/\",\"name\":\"Huile essentielle de Tea Tree Melaleuca Alternifolia biologique (9 ml \\\/ 0,3 fl. oz.) - ECO Supplements\",\"isPartOf\":{\"@id\":\"https:\\\/\\\/ecosupplements.be\\\/fr\\\/#website\"},\"primaryImageOfPage\":{\"@id\":\"https:\\\/\\\/ecosupplements.be\\\/fr\\\/produit\\\/tisserand-aromatherapy-tea-tree-melaleuca-alternifolia-organic-9-ml-03-fl-oz\\\/#primaryimage\"},\"image\":{\"@id\":\"https:\\\/\\\/ecosupplements.be\\\/fr\\\/produit\\\/tisserand-aromatherapy-tea-tree-melaleuca-alternifolia-organic-9-ml-03-fl-oz\\\/#primaryimage\"},\"thumbnailUrl\":\"https:\\\/\\\/ecosupplements.be\\\/wp-content\\\/uploads\\\/2025\\\/08\\\/TISSERAND-AROMATHERAPY-Tea-Tree-Melaleuca-Alternifolia-Organic-9-ml-03-fl.-oz.jpg\",\"datePublished\":\"2025-07-27T13:00:29+00:00\",\"dateModified\":\"2025-08-28T03:09:04+00:00\",\"description\":\"Wij hebben een ruime keuze aan producten van Huile essentielle de Tea Tree Melaleuca Alternifolia biologique (9 ml \\\/ 0,3 fl. oz.) . Winkel bij Eco Supplements altijd gratis verzending boven 100\u20ac\",\"breadcrumb\":{\"@id\":\"https:\\\/\\\/ecosupplements.be\\\/fr\\\/produit\\\/tisserand-aromatherapy-tea-tree-melaleuca-alternifolia-organic-9-ml-03-fl-oz\\\/#breadcrumb\"},\"inLanguage\":\"fr-FR\",\"potentialAction\":[{\"@type\":\"ReadAction\",\"target\":[\"https:\\\/\\\/ecosupplements.be\\\/fr\\\/produit\\\/tisserand-aromatherapy-tea-tree-melaleuca-alternifolia-organic-9-ml-03-fl-oz\\\/\"]}]},{\"@type\":\"ImageObject\",\"inLanguage\":\"fr-FR\",\"@id\":\"https:\\\/\\\/ecosupplements.be\\\/fr\\\/produit\\\/tisserand-aromatherapy-tea-tree-melaleuca-alternifolia-organic-9-ml-03-fl-oz\\\/#primaryimage\",\"url\":\"https:\\\/\\\/ecosupplements.be\\\/wp-content\\\/uploads\\\/2025\\\/08\\\/TISSERAND-AROMATHERAPY-Tea-Tree-Melaleuca-Alternifolia-Organic-9-ml-03-fl.-oz.jpg\",\"contentUrl\":\"https:\\\/\\\/ecosupplements.be\\\/wp-content\\\/uploads\\\/2025\\\/08\\\/TISSERAND-AROMATHERAPY-Tea-Tree-Melaleuca-Alternifolia-Organic-9-ml-03-fl.-oz.jpg\",\"width\":1080,\"height\":1080},{\"@type\":\"BreadcrumbList\",\"@id\":\"https:\\\/\\\/ecosupplements.be\\\/fr\\\/produit\\\/tisserand-aromatherapy-tea-tree-melaleuca-alternifolia-organic-9-ml-03-fl-oz\\\/#breadcrumb\",\"itemListElement\":[{\"@type\":\"ListItem\",\"position\":1,\"name\":\"Home\",\"item\":\"https:\\\/\\\/ecosupplements.be\\\/fr\\\/\"},{\"@type\":\"ListItem\",\"position\":2,\"name\":\"Boutique\",\"item\":\"https:\\\/\\\/ecosupplements.be\\\/fr\\\/boutique\\\/\"},{\"@type\":\"ListItem\",\"position\":3,\"name\":\"Huile essentielle de Tea Tree Melaleuca Alternifolia biologique (9 ml \\\/ 0,3 fl. oz.)\"}]},{\"@type\":\"WebSite\",\"@id\":\"https:\\\/\\\/ecosupplements.be\\\/fr\\\/#website\",\"url\":\"https:\\\/\\\/ecosupplements.be\\\/fr\\\/\",\"name\":\"ECO Supplements\",\"description\":\"Eco Supplements - Gezonde supplementen\",\"publisher\":{\"@id\":\"https:\\\/\\\/ecosupplements.be\\\/fr\\\/#organization\"},\"potentialAction\":[{\"@type\":\"SearchAction\",\"target\":{\"@type\":\"EntryPoint\",\"urlTemplate\":\"https:\\\/\\\/ecosupplements.be\\\/fr\\\/?s={search_term_string}\"},\"query-input\":{\"@type\":\"PropertyValueSpecification\",\"valueRequired\":true,\"valueName\":\"search_term_string\"}}],\"inLanguage\":\"fr-FR\"},{\"@type\":\"Organization\",\"@id\":\"https:\\\/\\\/ecosupplements.be\\\/fr\\\/#organization\",\"name\":\"Eco Supplements\",\"url\":\"https:\\\/\\\/ecosupplements.be\\\/fr\\\/\",\"logo\":{\"@type\":\"ImageObject\",\"inLanguage\":\"fr-FR\",\"@id\":\"https:\\\/\\\/ecosupplements.be\\\/fr\\\/#\\\/schema\\\/logo\\\/image\\\/\",\"url\":\"https:\\\/\\\/ecosupplements.be\\\/wp-content\\\/uploads\\\/2022\\\/06\\\/ecosupplement-family.png\",\"contentUrl\":\"https:\\\/\\\/ecosupplements.be\\\/wp-content\\\/uploads\\\/2022\\\/06\\\/ecosupplement-family.png\",\"width\":593,\"height\":374,\"caption\":\"Eco Supplements\"},\"image\":{\"@id\":\"https:\\\/\\\/ecosupplements.be\\\/fr\\\/#\\\/schema\\\/logo\\\/image\\\/\"}}]}<\/script>\n<meta property=\"product:brand\" content=\"Tisserand Aromatherapy\" \/>\n<meta property=\"product:price:amount\" content=\"12.14\" \/>\n<meta property=\"product:price:currency\" content=\"EUR\" \/>\n<meta property=\"og:availability\" content=\"instock\" \/>\n<meta property=\"product:availability\" content=\"instock\" \/>\n<meta property=\"product:retailer_item_id\" content=\"5017402005668\" \/>\n<meta property=\"product:condition\" content=\"new\" \/>\n<!-- \/ Yoast SEO Premium plugin. -->","yoast_head_json":{"title":"Huile essentielle de Tea Tree Melaleuca Alternifolia biologique (9 ml \/ 0,3 fl. oz.) - ECO Supplements","description":"Wij hebben een ruime keuze aan producten van Huile essentielle de Tea Tree Melaleuca Alternifolia biologique (9 ml \/ 0,3 fl. oz.) . Winkel bij Eco Supplements altijd gratis verzending boven 100\u20ac","robots":{"index":"index","follow":"follow","max-snippet":"max-snippet:-1","max-image-preview":"max-image-preview:large","max-video-preview":"max-video-preview:-1"},"canonical":"https:\/\/ecosupplements.be\/fr\/produit\/tisserand-aromatherapy-tea-tree-melaleuca-alternifolia-organic-9-ml-03-fl-oz\/","og_locale":"fr_FR","og_type":"article","og_title":"Huile essentielle de Tea Tree Melaleuca Alternifolia biologique (9 ml \/ 0,3 fl. oz.)","og_description":"Wij hebben een ruime keuze aan producten van Huile essentielle de Tea Tree Melaleuca Alternifolia biologique (9 ml \/ 0,3 fl. oz.) . Winkel bij Eco Supplements altijd gratis verzending boven 100\u20ac","og_url":"https:\/\/ecosupplements.be\/fr\/produit\/tisserand-aromatherapy-tea-tree-melaleuca-alternifolia-organic-9-ml-03-fl-oz\/","og_site_name":"ECO Supplements","article_modified_time":"2025-08-28T03:09:04+00:00","og_image":[{"width":1080,"height":1080,"url":"https:\/\/ecosupplements.be\/wp-content\/uploads\/2025\/08\/Tisserand-Aromatherapy-TISSERAND-AROMATHERAPY-Tea-Tree-Melaleuca-Alternifolia-Organic-9-ml-03-fl.-oz.jpg","type":"image\/jpeg"}],"twitter_card":"summary_large_image","twitter_misc":{"Prix":"12.14&nbsp;&euro;","Disponibilit\u00e9":"En stock"},"schema":{"@context":"https:\/\/schema.org","@graph":[{"@type":["WebPage","ItemPage"],"@id":"https:\/\/ecosupplements.be\/fr\/produit\/tisserand-aromatherapy-tea-tree-melaleuca-alternifolia-organic-9-ml-03-fl-oz\/","url":"https:\/\/ecosupplements.be\/fr\/produit\/tisserand-aromatherapy-tea-tree-melaleuca-alternifolia-organic-9-ml-03-fl-oz\/","name":"Huile essentielle de Tea Tree Melaleuca Alternifolia biologique (9 ml \/ 0,3 fl. oz.) - ECO Supplements","isPartOf":{"@id":"https:\/\/ecosupplements.be\/fr\/#website"},"primaryImageOfPage":{"@id":"https:\/\/ecosupplements.be\/fr\/produit\/tisserand-aromatherapy-tea-tree-melaleuca-alternifolia-organic-9-ml-03-fl-oz\/#primaryimage"},"image":{"@id":"https:\/\/ecosupplements.be\/fr\/produit\/tisserand-aromatherapy-tea-tree-melaleuca-alternifolia-organic-9-ml-03-fl-oz\/#primaryimage"},"thumbnailUrl":"https:\/\/ecosupplements.be\/wp-content\/uploads\/2025\/08\/TISSERAND-AROMATHERAPY-Tea-Tree-Melaleuca-Alternifolia-Organic-9-ml-03-fl.-oz.jpg","datePublished":"2025-07-27T13:00:29+00:00","dateModified":"2025-08-28T03:09:04+00:00","description":"Wij hebben een ruime keuze aan producten van Huile essentielle de Tea Tree Melaleuca Alternifolia biologique (9 ml \/ 0,3 fl. oz.) . Winkel bij Eco Supplements altijd gratis verzending boven 100\u20ac","breadcrumb":{"@id":"https:\/\/ecosupplements.be\/fr\/produit\/tisserand-aromatherapy-tea-tree-melaleuca-alternifolia-organic-9-ml-03-fl-oz\/#breadcrumb"},"inLanguage":"fr-FR","potentialAction":[{"@type":"ReadAction","target":["https:\/\/ecosupplements.be\/fr\/produit\/tisserand-aromatherapy-tea-tree-melaleuca-alternifolia-organic-9-ml-03-fl-oz\/"]}]},{"@type":"ImageObject","inLanguage":"fr-FR","@id":"https:\/\/ecosupplements.be\/fr\/produit\/tisserand-aromatherapy-tea-tree-melaleuca-alternifolia-organic-9-ml-03-fl-oz\/#primaryimage","url":"https:\/\/ecosupplements.be\/wp-content\/uploads\/2025\/08\/TISSERAND-AROMATHERAPY-Tea-Tree-Melaleuca-Alternifolia-Organic-9-ml-03-fl.-oz.jpg","contentUrl":"https:\/\/ecosupplements.be\/wp-content\/uploads\/2025\/08\/TISSERAND-AROMATHERAPY-Tea-Tree-Melaleuca-Alternifolia-Organic-9-ml-03-fl.-oz.jpg","width":1080,"height":1080},{"@type":"BreadcrumbList","@id":"https:\/\/ecosupplements.be\/fr\/produit\/tisserand-aromatherapy-tea-tree-melaleuca-alternifolia-organic-9-ml-03-fl-oz\/#breadcrumb","itemListElement":[{"@type":"ListItem","position":1,"name":"Home","item":"https:\/\/ecosupplements.be\/fr\/"},{"@type":"ListItem","position":2,"name":"Boutique","item":"https:\/\/ecosupplements.be\/fr\/boutique\/"},{"@type":"ListItem","position":3,"name":"Huile essentielle de Tea Tree Melaleuca Alternifolia biologique (9 ml \/ 0,3 fl. oz.)"}]},{"@type":"WebSite","@id":"https:\/\/ecosupplements.be\/fr\/#website","url":"https:\/\/ecosupplements.be\/fr\/","name":"ECO Supplements","description":"Eco Supplements - Gezonde supplementen","publisher":{"@id":"https:\/\/ecosupplements.be\/fr\/#organization"},"potentialAction":[{"@type":"SearchAction","target":{"@type":"EntryPoint","urlTemplate":"https:\/\/ecosupplements.be\/fr\/?s={search_term_string}"},"query-input":{"@type":"PropertyValueSpecification","valueRequired":true,"valueName":"search_term_string"}}],"inLanguage":"fr-FR"},{"@type":"Organization","@id":"https:\/\/ecosupplements.be\/fr\/#organization","name":"Eco Supplements","url":"https:\/\/ecosupplements.be\/fr\/","logo":{"@type":"ImageObject","inLanguage":"fr-FR","@id":"https:\/\/ecosupplements.be\/fr\/#\/schema\/logo\/image\/","url":"https:\/\/ecosupplements.be\/wp-content\/uploads\/2022\/06\/ecosupplement-family.png","contentUrl":"https:\/\/ecosupplements.be\/wp-content\/uploads\/2022\/06\/ecosupplement-family.png","width":593,"height":374,"caption":"Eco Supplements"},"image":{"@id":"https:\/\/ecosupplements.be\/fr\/#\/schema\/logo\/image\/"}}]},"product_brand":"Tisserand Aromatherapy","product_price_amount":"12.14","product_price_currency":"EUR","og_availability":"instock","product_availability":"instock","product_retailer_item_id":"5017402005668","product_condition":"new"},"_links":{"self":[{"href":"https:\/\/ecosupplements.be\/fr\/wp-json\/wp\/v2\/product\/304101","targetHints":{"allow":["GET"]}}],"collection":[{"href":"https:\/\/ecosupplements.be\/fr\/wp-json\/wp\/v2\/product"}],"about":[{"href":"https:\/\/ecosupplements.be\/fr\/wp-json\/wp\/v2\/types\/product"}],"replies":[{"embeddable":true,"href":"https:\/\/ecosupplements.be\/fr\/wp-json\/wp\/v2\/comments?post=304101"}],"wp:featuredmedia":[{"embeddable":true,"href":"https:\/\/ecosupplements.be\/fr\/wp-json\/wp\/v2\/media\/278241"}],"wp:attachment":[{"href":"https:\/\/ecosupplements.be\/fr\/wp-json\/wp\/v2\/media?parent=304101"}],"wp:term":[{"taxonomy":"product_brand","embeddable":true,"href":"https:\/\/ecosupplements.be\/fr\/wp-json\/wp\/v2\/product_brand?post=304101"},{"taxonomy":"product_cat","embeddable":true,"href":"https:\/\/ecosupplements.be\/fr\/wp-json\/wp\/v2\/product_cat?post=304101"},{"taxonomy":"product_tag","embeddable":true,"href":"https:\/\/ecosupplements.be\/fr\/wp-json\/wp\/v2\/product_tag?post=304101"}],"curies":[{"name":"wp","href":"https:\/\/api.w.org\/{rel}","templated":true}]}}