{"id":304113,"date":"2025-07-27T14:15:13","date_gmt":"2025-07-27T13:15:13","guid":{"rendered":"https:\/\/ecosupplements.be\/product\/tisserand-aromatherapy-the-little-box-of-happiness-3-x-10-ml-3-x-034-fl-oz\/"},"modified":"2025-08-28T04:09:18","modified_gmt":"2025-08-28T03:09:18","slug":"tisserand-aromatherapy-the-little-box-of-happiness-3-x-10-ml-3-x-034-fl-oz","status":"publish","type":"product","link":"https:\/\/ecosupplements.be\/fr\/produit\/tisserand-aromatherapy-the-little-box-of-happiness-3-x-10-ml-3-x-034-fl-oz\/","title":{"rendered":"La Petite Bo\u00eete du Bonheur"},"content":{"rendered":"<h2>TISSERAND AROMATHERAPY the Little Box Of Happiness (3 x 10 ml \/ 3 x 0,34 fl. oz.)<\/h2>\n<p>D\u00e9couvrez <strong>The Little Box Of Happiness<\/strong> de TISSERAND AROMATHERAPY, un ensemble de trois roll-ons aux huiles essentielles soigneusement s\u00e9lectionn\u00e9es pour leur qualit\u00e9 et leur origine naturelle. Chaque roll-on est con\u00e7u pour \u00eatre utilis\u00e9 facilement au quotidien, offrant une exp\u00e9rience rafra\u00eechissante gr\u00e2ce \u00e0 des ingr\u00e9dients purs et naturels.<\/p>\n<h3>Ingr\u00e9dients principaux :<\/h3>\n<ul>\n<li><strong>Shine Luminous Roller Ball :<\/strong> Huile de bergamote, huile de pamplemousse, huile de romarin, huile de cardamome.<\/li>\n<li><strong>Creative Space Roller Ball :<\/strong> Huile de pamplemousse, huile d&#8217;encens, huile de sauge sclar\u00e9e.<\/li>\n<li><strong>Happy Vibes Roller Ball :<\/strong> Huile d&#8217;amyris,huile de bergamote,huile d&#8217;arbre \u00e0 th\u00e9 citronn\u00e9.<\/li>\n<\/ul>\n<p>Ces produits sont parfaits pour ceux qui appr\u00e9cient les composants naturels dans un mode vie actif et \u00e9quilibr\u00e9. Ils ne contiennent ni parab\u00e8nes ni colorants artificiels et sont adapt\u00e9s aux v\u00e9gans.<\/p>\n<h3>utilisation :<\/h3>\n<p>Simples \u00e0 utiliser gr\u00e2ce \u00e0 leur format pratique en roll-on : appliquez sur les tempes, le cou ou derri\u00e8re les oreilles selon vos besoins tout au long de la journ\u00e9e.Peut \u00e9galement \u00eatre appliqu\u00e9 sur les poignets.<\/p>\n<h4>Note:<\/h4>\n<p>Ce produit est destin\u00e9 uniquement \u00e0 un usage externe. \u00c9vitez le contact avec les yeux et ne pas ing\u00e9rer. En cas d&#8217;irritation cutan\u00e9e ou autre r\u00e9action ind\u00e9sirable arr\u00eatez imm\u00e9diatement l&#8217;utilisation du produit.<\/p>\n<p>Avec <em>The Little Box of Happiness<\/em>, int\u00e9grez la puret\u00e9 des ingr\u00e9dients naturels dans votre routine quotidienne sans effort!<\/p>\n","protected":false},"excerpt":{"rendered":"<p>TISSERAND AROMATHERAPY the Little Box Of Happiness (3 x 10 ml \/ 3 x 0,34 fl. oz.) D\u00e9couvrez The Little Box Of Happiness de TISSERAND AROMATHERAPY, un ensemble de trois roll-ons aux huiles essentielles soigneusement s\u00e9lectionn\u00e9es pour leur qualit\u00e9 et leur origine naturelle. Chaque roll-on est con\u00e7u pour \u00eatre utilis\u00e9 facilement au quotidien, offrant une [&#8230;]\n","protected":false},"featured_media":278253,"comment_status":"closed","ping_status":"open","template":"","meta":[],"product_brand":[5390],"product_cat":[5131],"product_tag":[],"class_list":{"0":"post-304113","1":"product","2":"type-product","3":"status-publish","4":"has-post-thumbnail","6":"product_brand-tisserand-aromatherapy-2","7":"product_cat-aromatherapie","9":"first","10":"instock","11":"taxable","12":"shipping-taxable","13":"purchasable","14":"product-type-simple"},"yoast_head":"<!-- This site is optimized with the Yoast SEO Premium plugin v27.3 (Yoast SEO v27.3) - https:\/\/yoast.com\/product\/yoast-seo-premium-wordpress\/ -->\n<title>La Petite Bo\u00eete du Bonheur - ECO Supplements<\/title>\n<meta name=\"description\" content=\"Wij hebben een ruime keuze aan producten van La Petite Bo\u00eete du Bonheur . Winkel bij Eco Supplements altijd gratis verzending boven 100\u20ac\" \/>\n<meta name=\"robots\" content=\"index, follow, max-snippet:-1, max-image-preview:large, max-video-preview:-1\" \/>\n<link rel=\"canonical\" href=\"https:\/\/ecosupplements.be\/fr\/produit\/tisserand-aromatherapy-the-little-box-of-happiness-3-x-10-ml-3-x-034-fl-oz\/\" \/>\n<meta property=\"og:locale\" content=\"fr_FR\" \/>\n<meta property=\"og:type\" content=\"article\" \/>\n<meta property=\"og:title\" content=\"La Petite Bo\u00eete du Bonheur\" \/>\n<meta property=\"og:description\" content=\"Wij hebben een ruime keuze aan producten van La Petite Bo\u00eete du Bonheur . Winkel bij Eco Supplements altijd gratis verzending boven 100\u20ac\" \/>\n<meta property=\"og:url\" content=\"https:\/\/ecosupplements.be\/fr\/produit\/tisserand-aromatherapy-the-little-box-of-happiness-3-x-10-ml-3-x-034-fl-oz\/\" \/>\n<meta property=\"og:site_name\" content=\"ECO Supplements\" \/>\n<meta property=\"article:modified_time\" content=\"2025-08-28T03:09:18+00:00\" \/>\n<meta property=\"og:image\" content=\"https:\/\/ecosupplements.be\/wp-content\/uploads\/2025\/08\/Tisserand-Aromatherapy-TISSERAND-AROMATHERAPY-The-Little-Box-Of-Happiness-3-x-10-ml-3-x-034-fl.-oz.jpg\" \/>\n\t<meta property=\"og:image:width\" content=\"821\" \/>\n\t<meta property=\"og:image:height\" content=\"1165\" \/>\n\t<meta property=\"og:image:type\" content=\"image\/jpeg\" \/>\n<meta name=\"twitter:card\" content=\"summary_large_image\" \/>\n<meta name=\"twitter:label1\" content=\"Prix\" \/>\n\t<meta name=\"twitter:data1\" content=\"24.63&nbsp;&euro;\" \/>\n\t<meta name=\"twitter:label2\" content=\"Disponibilit\u00e9\" \/>\n\t<meta name=\"twitter:data2\" content=\"En stock\" \/>\n<script type=\"application\/ld+json\" class=\"yoast-schema-graph\">{\"@context\":\"https:\\\/\\\/schema.org\",\"@graph\":[{\"@type\":[\"WebPage\",\"ItemPage\"],\"@id\":\"https:\\\/\\\/ecosupplements.be\\\/fr\\\/produit\\\/tisserand-aromatherapy-the-little-box-of-happiness-3-x-10-ml-3-x-034-fl-oz\\\/\",\"url\":\"https:\\\/\\\/ecosupplements.be\\\/fr\\\/produit\\\/tisserand-aromatherapy-the-little-box-of-happiness-3-x-10-ml-3-x-034-fl-oz\\\/\",\"name\":\"La Petite Bo\u00eete du Bonheur - ECO Supplements\",\"isPartOf\":{\"@id\":\"https:\\\/\\\/ecosupplements.be\\\/fr\\\/#website\"},\"primaryImageOfPage\":{\"@id\":\"https:\\\/\\\/ecosupplements.be\\\/fr\\\/produit\\\/tisserand-aromatherapy-the-little-box-of-happiness-3-x-10-ml-3-x-034-fl-oz\\\/#primaryimage\"},\"image\":{\"@id\":\"https:\\\/\\\/ecosupplements.be\\\/fr\\\/produit\\\/tisserand-aromatherapy-the-little-box-of-happiness-3-x-10-ml-3-x-034-fl-oz\\\/#primaryimage\"},\"thumbnailUrl\":\"https:\\\/\\\/ecosupplements.be\\\/wp-content\\\/uploads\\\/2025\\\/08\\\/TISSERAND-AROMATHERAPY-The-Little-Box-Of-Happiness-3-x-10-ml-3-x-034-fl.-oz.jpg\",\"datePublished\":\"2025-07-27T13:15:13+00:00\",\"dateModified\":\"2025-08-28T03:09:18+00:00\",\"description\":\"Wij hebben een ruime keuze aan producten van La Petite Bo\u00eete du Bonheur . Winkel bij Eco Supplements altijd gratis verzending boven 100\u20ac\",\"breadcrumb\":{\"@id\":\"https:\\\/\\\/ecosupplements.be\\\/fr\\\/produit\\\/tisserand-aromatherapy-the-little-box-of-happiness-3-x-10-ml-3-x-034-fl-oz\\\/#breadcrumb\"},\"inLanguage\":\"fr-FR\",\"potentialAction\":[{\"@type\":\"ReadAction\",\"target\":[\"https:\\\/\\\/ecosupplements.be\\\/fr\\\/produit\\\/tisserand-aromatherapy-the-little-box-of-happiness-3-x-10-ml-3-x-034-fl-oz\\\/\"]}]},{\"@type\":\"ImageObject\",\"inLanguage\":\"fr-FR\",\"@id\":\"https:\\\/\\\/ecosupplements.be\\\/fr\\\/produit\\\/tisserand-aromatherapy-the-little-box-of-happiness-3-x-10-ml-3-x-034-fl-oz\\\/#primaryimage\",\"url\":\"https:\\\/\\\/ecosupplements.be\\\/wp-content\\\/uploads\\\/2025\\\/08\\\/TISSERAND-AROMATHERAPY-The-Little-Box-Of-Happiness-3-x-10-ml-3-x-034-fl.-oz.jpg\",\"contentUrl\":\"https:\\\/\\\/ecosupplements.be\\\/wp-content\\\/uploads\\\/2025\\\/08\\\/TISSERAND-AROMATHERAPY-The-Little-Box-Of-Happiness-3-x-10-ml-3-x-034-fl.-oz.jpg\",\"width\":821,\"height\":1165},{\"@type\":\"BreadcrumbList\",\"@id\":\"https:\\\/\\\/ecosupplements.be\\\/fr\\\/produit\\\/tisserand-aromatherapy-the-little-box-of-happiness-3-x-10-ml-3-x-034-fl-oz\\\/#breadcrumb\",\"itemListElement\":[{\"@type\":\"ListItem\",\"position\":1,\"name\":\"Home\",\"item\":\"https:\\\/\\\/ecosupplements.be\\\/fr\\\/\"},{\"@type\":\"ListItem\",\"position\":2,\"name\":\"Boutique\",\"item\":\"https:\\\/\\\/ecosupplements.be\\\/fr\\\/boutique\\\/\"},{\"@type\":\"ListItem\",\"position\":3,\"name\":\"La Petite Bo\u00eete du Bonheur\"}]},{\"@type\":\"WebSite\",\"@id\":\"https:\\\/\\\/ecosupplements.be\\\/fr\\\/#website\",\"url\":\"https:\\\/\\\/ecosupplements.be\\\/fr\\\/\",\"name\":\"ECO Supplements\",\"description\":\"Eco Supplements - Gezonde supplementen\",\"publisher\":{\"@id\":\"https:\\\/\\\/ecosupplements.be\\\/fr\\\/#organization\"},\"potentialAction\":[{\"@type\":\"SearchAction\",\"target\":{\"@type\":\"EntryPoint\",\"urlTemplate\":\"https:\\\/\\\/ecosupplements.be\\\/fr\\\/?s={search_term_string}\"},\"query-input\":{\"@type\":\"PropertyValueSpecification\",\"valueRequired\":true,\"valueName\":\"search_term_string\"}}],\"inLanguage\":\"fr-FR\"},{\"@type\":\"Organization\",\"@id\":\"https:\\\/\\\/ecosupplements.be\\\/fr\\\/#organization\",\"name\":\"Eco Supplements\",\"url\":\"https:\\\/\\\/ecosupplements.be\\\/fr\\\/\",\"logo\":{\"@type\":\"ImageObject\",\"inLanguage\":\"fr-FR\",\"@id\":\"https:\\\/\\\/ecosupplements.be\\\/fr\\\/#\\\/schema\\\/logo\\\/image\\\/\",\"url\":\"https:\\\/\\\/ecosupplements.be\\\/wp-content\\\/uploads\\\/2022\\\/06\\\/ecosupplement-family.png\",\"contentUrl\":\"https:\\\/\\\/ecosupplements.be\\\/wp-content\\\/uploads\\\/2022\\\/06\\\/ecosupplement-family.png\",\"width\":593,\"height\":374,\"caption\":\"Eco Supplements\"},\"image\":{\"@id\":\"https:\\\/\\\/ecosupplements.be\\\/fr\\\/#\\\/schema\\\/logo\\\/image\\\/\"}}]}<\/script>\n<meta property=\"product:brand\" content=\"Tisserand Aromatherapy\" \/>\n<meta property=\"product:price:amount\" content=\"24.63\" \/>\n<meta property=\"product:price:currency\" content=\"EUR\" \/>\n<meta property=\"og:availability\" content=\"instock\" \/>\n<meta property=\"product:availability\" content=\"instock\" \/>\n<meta property=\"product:retailer_item_id\" content=\"5017402030547\" \/>\n<meta property=\"product:condition\" content=\"new\" \/>\n<!-- \/ Yoast SEO Premium plugin. -->","yoast_head_json":{"title":"La Petite Bo\u00eete du Bonheur - ECO Supplements","description":"Wij hebben een ruime keuze aan producten van La Petite Bo\u00eete du Bonheur . Winkel bij Eco Supplements altijd gratis verzending boven 100\u20ac","robots":{"index":"index","follow":"follow","max-snippet":"max-snippet:-1","max-image-preview":"max-image-preview:large","max-video-preview":"max-video-preview:-1"},"canonical":"https:\/\/ecosupplements.be\/fr\/produit\/tisserand-aromatherapy-the-little-box-of-happiness-3-x-10-ml-3-x-034-fl-oz\/","og_locale":"fr_FR","og_type":"article","og_title":"La Petite Bo\u00eete du Bonheur","og_description":"Wij hebben een ruime keuze aan producten van La Petite Bo\u00eete du Bonheur . Winkel bij Eco Supplements altijd gratis verzending boven 100\u20ac","og_url":"https:\/\/ecosupplements.be\/fr\/produit\/tisserand-aromatherapy-the-little-box-of-happiness-3-x-10-ml-3-x-034-fl-oz\/","og_site_name":"ECO Supplements","article_modified_time":"2025-08-28T03:09:18+00:00","og_image":[{"width":821,"height":1165,"url":"https:\/\/ecosupplements.be\/wp-content\/uploads\/2025\/08\/Tisserand-Aromatherapy-TISSERAND-AROMATHERAPY-The-Little-Box-Of-Happiness-3-x-10-ml-3-x-034-fl.-oz.jpg","type":"image\/jpeg"}],"twitter_card":"summary_large_image","twitter_misc":{"Prix":"24.63&nbsp;&euro;","Disponibilit\u00e9":"En stock"},"schema":{"@context":"https:\/\/schema.org","@graph":[{"@type":["WebPage","ItemPage"],"@id":"https:\/\/ecosupplements.be\/fr\/produit\/tisserand-aromatherapy-the-little-box-of-happiness-3-x-10-ml-3-x-034-fl-oz\/","url":"https:\/\/ecosupplements.be\/fr\/produit\/tisserand-aromatherapy-the-little-box-of-happiness-3-x-10-ml-3-x-034-fl-oz\/","name":"La Petite Bo\u00eete du Bonheur - ECO Supplements","isPartOf":{"@id":"https:\/\/ecosupplements.be\/fr\/#website"},"primaryImageOfPage":{"@id":"https:\/\/ecosupplements.be\/fr\/produit\/tisserand-aromatherapy-the-little-box-of-happiness-3-x-10-ml-3-x-034-fl-oz\/#primaryimage"},"image":{"@id":"https:\/\/ecosupplements.be\/fr\/produit\/tisserand-aromatherapy-the-little-box-of-happiness-3-x-10-ml-3-x-034-fl-oz\/#primaryimage"},"thumbnailUrl":"https:\/\/ecosupplements.be\/wp-content\/uploads\/2025\/08\/TISSERAND-AROMATHERAPY-The-Little-Box-Of-Happiness-3-x-10-ml-3-x-034-fl.-oz.jpg","datePublished":"2025-07-27T13:15:13+00:00","dateModified":"2025-08-28T03:09:18+00:00","description":"Wij hebben een ruime keuze aan producten van La Petite Bo\u00eete du Bonheur . Winkel bij Eco Supplements altijd gratis verzending boven 100\u20ac","breadcrumb":{"@id":"https:\/\/ecosupplements.be\/fr\/produit\/tisserand-aromatherapy-the-little-box-of-happiness-3-x-10-ml-3-x-034-fl-oz\/#breadcrumb"},"inLanguage":"fr-FR","potentialAction":[{"@type":"ReadAction","target":["https:\/\/ecosupplements.be\/fr\/produit\/tisserand-aromatherapy-the-little-box-of-happiness-3-x-10-ml-3-x-034-fl-oz\/"]}]},{"@type":"ImageObject","inLanguage":"fr-FR","@id":"https:\/\/ecosupplements.be\/fr\/produit\/tisserand-aromatherapy-the-little-box-of-happiness-3-x-10-ml-3-x-034-fl-oz\/#primaryimage","url":"https:\/\/ecosupplements.be\/wp-content\/uploads\/2025\/08\/TISSERAND-AROMATHERAPY-The-Little-Box-Of-Happiness-3-x-10-ml-3-x-034-fl.-oz.jpg","contentUrl":"https:\/\/ecosupplements.be\/wp-content\/uploads\/2025\/08\/TISSERAND-AROMATHERAPY-The-Little-Box-Of-Happiness-3-x-10-ml-3-x-034-fl.-oz.jpg","width":821,"height":1165},{"@type":"BreadcrumbList","@id":"https:\/\/ecosupplements.be\/fr\/produit\/tisserand-aromatherapy-the-little-box-of-happiness-3-x-10-ml-3-x-034-fl-oz\/#breadcrumb","itemListElement":[{"@type":"ListItem","position":1,"name":"Home","item":"https:\/\/ecosupplements.be\/fr\/"},{"@type":"ListItem","position":2,"name":"Boutique","item":"https:\/\/ecosupplements.be\/fr\/boutique\/"},{"@type":"ListItem","position":3,"name":"La Petite Bo\u00eete du Bonheur"}]},{"@type":"WebSite","@id":"https:\/\/ecosupplements.be\/fr\/#website","url":"https:\/\/ecosupplements.be\/fr\/","name":"ECO Supplements","description":"Eco Supplements - Gezonde supplementen","publisher":{"@id":"https:\/\/ecosupplements.be\/fr\/#organization"},"potentialAction":[{"@type":"SearchAction","target":{"@type":"EntryPoint","urlTemplate":"https:\/\/ecosupplements.be\/fr\/?s={search_term_string}"},"query-input":{"@type":"PropertyValueSpecification","valueRequired":true,"valueName":"search_term_string"}}],"inLanguage":"fr-FR"},{"@type":"Organization","@id":"https:\/\/ecosupplements.be\/fr\/#organization","name":"Eco Supplements","url":"https:\/\/ecosupplements.be\/fr\/","logo":{"@type":"ImageObject","inLanguage":"fr-FR","@id":"https:\/\/ecosupplements.be\/fr\/#\/schema\/logo\/image\/","url":"https:\/\/ecosupplements.be\/wp-content\/uploads\/2022\/06\/ecosupplement-family.png","contentUrl":"https:\/\/ecosupplements.be\/wp-content\/uploads\/2022\/06\/ecosupplement-family.png","width":593,"height":374,"caption":"Eco Supplements"},"image":{"@id":"https:\/\/ecosupplements.be\/fr\/#\/schema\/logo\/image\/"}}]},"product_brand":"Tisserand Aromatherapy","product_price_amount":"24.63","product_price_currency":"EUR","og_availability":"instock","product_availability":"instock","product_retailer_item_id":"5017402030547","product_condition":"new"},"_links":{"self":[{"href":"https:\/\/ecosupplements.be\/fr\/wp-json\/wp\/v2\/product\/304113","targetHints":{"allow":["GET"]}}],"collection":[{"href":"https:\/\/ecosupplements.be\/fr\/wp-json\/wp\/v2\/product"}],"about":[{"href":"https:\/\/ecosupplements.be\/fr\/wp-json\/wp\/v2\/types\/product"}],"replies":[{"embeddable":true,"href":"https:\/\/ecosupplements.be\/fr\/wp-json\/wp\/v2\/comments?post=304113"}],"wp:featuredmedia":[{"embeddable":true,"href":"https:\/\/ecosupplements.be\/fr\/wp-json\/wp\/v2\/media\/278253"}],"wp:attachment":[{"href":"https:\/\/ecosupplements.be\/fr\/wp-json\/wp\/v2\/media?parent=304113"}],"wp:term":[{"taxonomy":"product_brand","embeddable":true,"href":"https:\/\/ecosupplements.be\/fr\/wp-json\/wp\/v2\/product_brand?post=304113"},{"taxonomy":"product_cat","embeddable":true,"href":"https:\/\/ecosupplements.be\/fr\/wp-json\/wp\/v2\/product_cat?post=304113"},{"taxonomy":"product_tag","embeddable":true,"href":"https:\/\/ecosupplements.be\/fr\/wp-json\/wp\/v2\/product_tag?post=304113"}],"curies":[{"name":"wp","href":"https:\/\/api.w.org\/{rel}","templated":true}]}}