{"id":304227,"date":"2025-07-27T16:16:06","date_gmt":"2025-07-27T15:16:06","guid":{"rendered":"https:\/\/ecosupplements.be\/product\/yango-alfalfa-60-caps\/"},"modified":"2025-08-28T04:11:39","modified_gmt":"2025-08-28T03:11:39","slug":"yango-alfalfa-60-caps","status":"publish","type":"product","link":"https:\/\/ecosupplements.be\/fr\/produit\/yango-alfalfa-60-caps\/","title":{"rendered":"YANGO Luzerne (60 g\u00e9lules)"},"content":{"rendered":"<p><strong>Lucerna siewna <\/strong>wp\u0142ywa pozytywnie na zdrowie <strong>dolnych dr\u00f3g moczowych<\/strong> oraz prawid\u0142owe funkcjonowanie <strong>uk\u0142adu rozrodczego<\/strong>. Mo\u017ce powodowa\u0107 <strong>zmniejszenie masy cia\u0142a<\/strong> poprzez oddzia\u0142ywanie na <strong>metabolizm oraz apetyt<\/strong>. Posiada w\u0142a\u015bciwo\u015bci regeneruj\u0105ce, pomaga od\u017cywi\u0107 cia\u0142o. Poprawia struktur\u0119 i wygl\u0105d <strong>w\u0142os\u00f3w i paznokci<\/strong>. Wp\u0142ywa pozytywnie na <strong>zdrowie seksualne kobiet<\/strong>.<\/p>\n<p>\u00a0 \u00a0<\/p>\n<table>\n<tbody>\n<tr>\n<td><img loading=\"lazy\" decoding=\"async\" alt=\"\" src=\"https:\/\/ecosupplements.be\/wp-content\/uploads\/2025\/08\/Tick24pxH-1.png\" width=\"22\" height=\"24\" \/><\/td>\n<td>Naturalne wsparcie\u00a0dolnych dr\u00f3g moczowych<\/td>\n<\/tr>\n<tr>\n<td><img loading=\"lazy\" decoding=\"async\" src=\"https:\/\/ecosupplements.be\/wp-content\/uploads\/2025\/08\/Tick24pxH-1.png\" alt=\"\" width=\"22\" height=\"24\" \/><\/td>\n<td>60 dni naturalnej suplementacji!<\/td>\n<\/tr>\n<tr>\n<td><img loading=\"lazy\" decoding=\"async\" src=\"https:\/\/ecosupplements.be\/wp-content\/uploads\/2025\/08\/Tick24pxH-1.png\" alt=\"\" width=\"22\" height=\"24\" \/><\/td>\n<td>Bez dodatk\u00f3w i wype\u0142niaczy<\/td>\n<\/tr>\n<tr>\n<td><img loading=\"lazy\" decoding=\"async\" src=\"https:\/\/ecosupplements.be\/wp-content\/uploads\/2025\/08\/Tick24pxH-1.png\" alt=\"\" width=\"22\" height=\"24\" \/><\/td>\n<td>Kapsu\u0142ki z celulozy ro\u015blinnej, delikatne dla \u017co\u0142\u0105dka, przyjazne wegetarianom i weganom\u00a0<\/td>\n<\/tr>\n<\/tbody>\n<\/table>\n<h3>\u00a0\u00a0\u00a0 \u00a0<\/h3>\n<table border=\"1\">\n<tbody>\n<tr>\n<td><strong>Sk\u0142adnik aktywny<\/strong><\/td>\n<td><strong>1 kapsu\u0142ka\u00a0<\/strong><\/td>\n<\/tr>\n<tr>\n<td>Lucerna siewna &#8211; ekstrakt 10:1<\/td>\n<td>390 mg<\/td>\n<\/tr>\n<\/tbody>\n<\/table>\n<p><strong>Spos\u00f3b u\u017cycia:<\/strong>\u00a01 kapsu\u0142ka raz dziennie, po posi\u0142ku.\u00a0<\/p>\n<p><strong>Sk\u0142adniki: E<\/strong>kstrakt z ziela lucerny siewnej (<em>Medicago sativa<\/em>) 10:1.\u00a0<strong>Sk\u0142ad kapsu\u0142ki:<\/strong>\u00a0celuloza ro\u015blinna (wegetaria\u0144skie).<\/p>\n<p><strong>Informacja:<\/strong>\u00a0Suplement diety nie mo\u017ce by\u0107 stosowany jako substytut zr\u00f3\u017cnicowanej diety i zdrowego trybu \u017cycia. Przechowywa\u0107 w ciemnym i suchym miejscu w temperaturze pokojowej, w spos\u00f3b niedost\u0119pny dla ma\u0142ych dzieci. Osoby przyjmuj\u0105ce leki przed u\u017cyciem powinny skonsultowa\u0107 si\u0119 z lekarzem lub farmaceut\u0105. Niewskazane ma\u0142ym dzieciom, kobietom w ci\u0105\u017cy oraz karmi\u0105cym.\u00a0\u00a0<strong>Wyprodukowano w Unii Europejskiej.<\/strong>\u00a0<strong>Podmiot odpowiedzialny:<\/strong>\u00a0YANGO Sp. z o.o. Masa netto: 28,8 g.<\/p>\n<p><strong>Informacja alergiczna:<\/strong><br \/>Nie zawiera skorupiak\u00f3w, jaj, ryb, orzech\u00f3w, soi, sk\u0142adnik\u00f3w mlecznych, selera, gorczycy, sezamu.<\/p>\n<p>Produkowane bez u\u017cycia sztucznych substancji konserwuj\u0105cych, zapachowych lub barwi\u0105cych.<br \/>Produkt wolny od metali ci\u0119\u017ckich, takich jak arsen, kadm, o\u0142\u00f3w czy rt\u0119\u0107.<\/p>\n<p>G\u0142\u00f3wny Inspektorat Sanitarny:\u00a0<span class=\"fontstyle0\">2020\/05\/19\/SD\/009006<\/span><\/p>\n","protected":false},"excerpt":{"rendered":"<p>Lucerna siewna wp\u0142ywa pozytywnie na zdrowie dolnych dr\u00f3g moczowych oraz prawid\u0142owe funkcjonowanie uk\u0142adu rozrodczego. Mo\u017ce powodowa\u0107 zmniejszenie masy cia\u0142a poprzez oddzia\u0142ywanie na metabolizm oraz apetyt. Posiada w\u0142a\u015bciwo\u015bci regeneruj\u0105ce, pomaga od\u017cywi\u0107 cia\u0142o. Poprawia struktur\u0119 i wygl\u0105d w\u0142os\u00f3w i paznokci. Wp\u0142ywa pozytywnie na zdrowie seksualne kobiet. \u00a0 \u00a0 Naturalne wsparcie\u00a0dolnych dr\u00f3g moczowych 60 dni naturalnej suplementacji! Bez [&#8230;]\n","protected":false},"featured_media":278367,"comment_status":"closed","ping_status":"open","template":"","meta":[],"product_brand":[5393],"product_cat":[5053],"product_tag":[],"class_list":{"0":"post-304227","1":"product","2":"type-product","3":"status-publish","4":"has-post-thumbnail","6":"product_brand-yango-2","7":"product_cat-vitamines-et-mineraux","9":"first","10":"instock","11":"taxable","12":"shipping-taxable","13":"purchasable","14":"product-type-simple"},"yoast_head":"<!-- This site is optimized with the Yoast SEO Premium plugin v27.5 (Yoast SEO v27.5) - https:\/\/yoast.com\/product\/yoast-seo-premium-wordpress\/ -->\n<title>YANGO Luzerne (60 g\u00e9lules) - ECO Supplements<\/title>\n<meta name=\"description\" content=\"Wij hebben een ruime keuze aan producten van YANGO Luzerne (60 g\u00e9lules) . Winkel bij Eco Supplements altijd gratis verzending boven 100\u20ac\" \/>\n<meta name=\"robots\" content=\"index, follow, max-snippet:-1, max-image-preview:large, max-video-preview:-1\" \/>\n<link rel=\"canonical\" href=\"https:\/\/ecosupplements.be\/fr\/produit\/yango-alfalfa-60-caps\/\" \/>\n<meta property=\"og:locale\" content=\"fr_FR\" \/>\n<meta property=\"og:type\" content=\"article\" \/>\n<meta property=\"og:title\" content=\"YANGO Luzerne (60 g\u00e9lules)\" \/>\n<meta property=\"og:description\" content=\"Wij hebben een ruime keuze aan producten van YANGO Luzerne (60 g\u00e9lules) . Winkel bij Eco Supplements altijd gratis verzending boven 100\u20ac\" \/>\n<meta property=\"og:url\" content=\"https:\/\/ecosupplements.be\/fr\/produit\/yango-alfalfa-60-caps\/\" \/>\n<meta property=\"og:site_name\" content=\"ECO Supplements\" \/>\n<meta property=\"article:modified_time\" content=\"2025-08-28T03:11:39+00:00\" \/>\n<meta property=\"og:image\" content=\"https:\/\/ecosupplements.be\/wp-content\/uploads\/2025\/08\/YANGO-Alfalfa-60-caps.jpg\" \/>\n\t<meta property=\"og:image:width\" content=\"800\" \/>\n\t<meta property=\"og:image:height\" content=\"800\" \/>\n\t<meta property=\"og:image:type\" content=\"image\/jpeg\" \/>\n<meta name=\"twitter:card\" content=\"summary_large_image\" \/>\n<meta name=\"twitter:label1\" content=\"Prix\" \/>\n\t<meta name=\"twitter:data1\" content=\"10.55&nbsp;&euro;\" \/>\n\t<meta name=\"twitter:label2\" content=\"Disponibilit\u00e9\" \/>\n\t<meta name=\"twitter:data2\" content=\"En stock\" \/>\n<script type=\"application\/ld+json\" class=\"yoast-schema-graph\">{\"@context\":\"https:\\\/\\\/schema.org\",\"@graph\":[{\"@type\":[\"WebPage\",\"ItemPage\"],\"@id\":\"https:\\\/\\\/ecosupplements.be\\\/fr\\\/produit\\\/yango-alfalfa-60-caps\\\/\",\"url\":\"https:\\\/\\\/ecosupplements.be\\\/fr\\\/produit\\\/yango-alfalfa-60-caps\\\/\",\"name\":\"YANGO Luzerne (60 g\u00e9lules) - ECO Supplements\",\"isPartOf\":{\"@id\":\"https:\\\/\\\/ecosupplements.be\\\/fr\\\/#website\"},\"primaryImageOfPage\":{\"@id\":\"https:\\\/\\\/ecosupplements.be\\\/fr\\\/produit\\\/yango-alfalfa-60-caps\\\/#primaryimage\"},\"image\":{\"@id\":\"https:\\\/\\\/ecosupplements.be\\\/fr\\\/produit\\\/yango-alfalfa-60-caps\\\/#primaryimage\"},\"thumbnailUrl\":\"https:\\\/\\\/ecosupplements.be\\\/wp-content\\\/uploads\\\/2025\\\/08\\\/YANGO-Alfalfa-60-caps.jpg\",\"datePublished\":\"2025-07-27T15:16:06+00:00\",\"dateModified\":\"2025-08-28T03:11:39+00:00\",\"description\":\"Wij hebben een ruime keuze aan producten van YANGO Luzerne (60 g\u00e9lules) . Winkel bij Eco Supplements altijd gratis verzending boven 100\u20ac\",\"breadcrumb\":{\"@id\":\"https:\\\/\\\/ecosupplements.be\\\/fr\\\/produit\\\/yango-alfalfa-60-caps\\\/#breadcrumb\"},\"inLanguage\":\"fr-FR\",\"potentialAction\":[{\"@type\":\"ReadAction\",\"target\":[\"https:\\\/\\\/ecosupplements.be\\\/fr\\\/produit\\\/yango-alfalfa-60-caps\\\/\"]}]},{\"@type\":\"ImageObject\",\"inLanguage\":\"fr-FR\",\"@id\":\"https:\\\/\\\/ecosupplements.be\\\/fr\\\/produit\\\/yango-alfalfa-60-caps\\\/#primaryimage\",\"url\":\"https:\\\/\\\/ecosupplements.be\\\/wp-content\\\/uploads\\\/2025\\\/08\\\/YANGO-Alfalfa-60-caps.jpg\",\"contentUrl\":\"https:\\\/\\\/ecosupplements.be\\\/wp-content\\\/uploads\\\/2025\\\/08\\\/YANGO-Alfalfa-60-caps.jpg\",\"width\":800,\"height\":800},{\"@type\":\"BreadcrumbList\",\"@id\":\"https:\\\/\\\/ecosupplements.be\\\/fr\\\/produit\\\/yango-alfalfa-60-caps\\\/#breadcrumb\",\"itemListElement\":[{\"@type\":\"ListItem\",\"position\":1,\"name\":\"Home\",\"item\":\"https:\\\/\\\/ecosupplements.be\\\/fr\\\/\"},{\"@type\":\"ListItem\",\"position\":2,\"name\":\"Boutique\",\"item\":\"https:\\\/\\\/ecosupplements.be\\\/fr\\\/boutique\\\/\"},{\"@type\":\"ListItem\",\"position\":3,\"name\":\"YANGO Luzerne (60 g\u00e9lules)\"}]},{\"@type\":\"WebSite\",\"@id\":\"https:\\\/\\\/ecosupplements.be\\\/fr\\\/#website\",\"url\":\"https:\\\/\\\/ecosupplements.be\\\/fr\\\/\",\"name\":\"ECO Supplements\",\"description\":\"Eco Supplements - Gezonde supplementen\",\"publisher\":{\"@id\":\"https:\\\/\\\/ecosupplements.be\\\/fr\\\/#organization\"},\"potentialAction\":[{\"@type\":\"SearchAction\",\"target\":{\"@type\":\"EntryPoint\",\"urlTemplate\":\"https:\\\/\\\/ecosupplements.be\\\/fr\\\/?s={search_term_string}\"},\"query-input\":{\"@type\":\"PropertyValueSpecification\",\"valueRequired\":true,\"valueName\":\"search_term_string\"}}],\"inLanguage\":\"fr-FR\"},{\"@type\":\"Organization\",\"@id\":\"https:\\\/\\\/ecosupplements.be\\\/fr\\\/#organization\",\"name\":\"Eco Supplements\",\"url\":\"https:\\\/\\\/ecosupplements.be\\\/fr\\\/\",\"logo\":{\"@type\":\"ImageObject\",\"inLanguage\":\"fr-FR\",\"@id\":\"https:\\\/\\\/ecosupplements.be\\\/fr\\\/#\\\/schema\\\/logo\\\/image\\\/\",\"url\":\"https:\\\/\\\/ecosupplements.be\\\/wp-content\\\/uploads\\\/2022\\\/06\\\/ecosupplement-family.png\",\"contentUrl\":\"https:\\\/\\\/ecosupplements.be\\\/wp-content\\\/uploads\\\/2022\\\/06\\\/ecosupplement-family.png\",\"width\":593,\"height\":374,\"caption\":\"Eco Supplements\"},\"image\":{\"@id\":\"https:\\\/\\\/ecosupplements.be\\\/fr\\\/#\\\/schema\\\/logo\\\/image\\\/\"}}]}<\/script>\n<meta property=\"product:brand\" content=\"Yango\" \/>\n<meta property=\"product:price:amount\" content=\"10.55\" \/>\n<meta property=\"product:price:currency\" content=\"EUR\" \/>\n<meta property=\"og:availability\" content=\"instock\" \/>\n<meta property=\"product:availability\" content=\"instock\" \/>\n<meta property=\"product:retailer_item_id\" content=\"5907483417613\" \/>\n<meta property=\"product:condition\" content=\"new\" \/>\n<!-- \/ Yoast SEO Premium plugin. -->","yoast_head_json":{"title":"YANGO Luzerne (60 g\u00e9lules) - ECO Supplements","description":"Wij hebben een ruime keuze aan producten van YANGO Luzerne (60 g\u00e9lules) . Winkel bij Eco Supplements altijd gratis verzending boven 100\u20ac","robots":{"index":"index","follow":"follow","max-snippet":"max-snippet:-1","max-image-preview":"max-image-preview:large","max-video-preview":"max-video-preview:-1"},"canonical":"https:\/\/ecosupplements.be\/fr\/produit\/yango-alfalfa-60-caps\/","og_locale":"fr_FR","og_type":"article","og_title":"YANGO Luzerne (60 g\u00e9lules)","og_description":"Wij hebben een ruime keuze aan producten van YANGO Luzerne (60 g\u00e9lules) . Winkel bij Eco Supplements altijd gratis verzending boven 100\u20ac","og_url":"https:\/\/ecosupplements.be\/fr\/produit\/yango-alfalfa-60-caps\/","og_site_name":"ECO Supplements","article_modified_time":"2025-08-28T03:11:39+00:00","og_image":[{"width":800,"height":800,"url":"https:\/\/ecosupplements.be\/wp-content\/uploads\/2025\/08\/YANGO-Alfalfa-60-caps.jpg","type":"image\/jpeg"}],"twitter_card":"summary_large_image","twitter_misc":{"Prix":"10.55&nbsp;&euro;","Disponibilit\u00e9":"En stock"},"schema":{"@context":"https:\/\/schema.org","@graph":[{"@type":["WebPage","ItemPage"],"@id":"https:\/\/ecosupplements.be\/fr\/produit\/yango-alfalfa-60-caps\/","url":"https:\/\/ecosupplements.be\/fr\/produit\/yango-alfalfa-60-caps\/","name":"YANGO Luzerne (60 g\u00e9lules) - ECO Supplements","isPartOf":{"@id":"https:\/\/ecosupplements.be\/fr\/#website"},"primaryImageOfPage":{"@id":"https:\/\/ecosupplements.be\/fr\/produit\/yango-alfalfa-60-caps\/#primaryimage"},"image":{"@id":"https:\/\/ecosupplements.be\/fr\/produit\/yango-alfalfa-60-caps\/#primaryimage"},"thumbnailUrl":"https:\/\/ecosupplements.be\/wp-content\/uploads\/2025\/08\/YANGO-Alfalfa-60-caps.jpg","datePublished":"2025-07-27T15:16:06+00:00","dateModified":"2025-08-28T03:11:39+00:00","description":"Wij hebben een ruime keuze aan producten van YANGO Luzerne (60 g\u00e9lules) . Winkel bij Eco Supplements altijd gratis verzending boven 100\u20ac","breadcrumb":{"@id":"https:\/\/ecosupplements.be\/fr\/produit\/yango-alfalfa-60-caps\/#breadcrumb"},"inLanguage":"fr-FR","potentialAction":[{"@type":"ReadAction","target":["https:\/\/ecosupplements.be\/fr\/produit\/yango-alfalfa-60-caps\/"]}]},{"@type":"ImageObject","inLanguage":"fr-FR","@id":"https:\/\/ecosupplements.be\/fr\/produit\/yango-alfalfa-60-caps\/#primaryimage","url":"https:\/\/ecosupplements.be\/wp-content\/uploads\/2025\/08\/YANGO-Alfalfa-60-caps.jpg","contentUrl":"https:\/\/ecosupplements.be\/wp-content\/uploads\/2025\/08\/YANGO-Alfalfa-60-caps.jpg","width":800,"height":800},{"@type":"BreadcrumbList","@id":"https:\/\/ecosupplements.be\/fr\/produit\/yango-alfalfa-60-caps\/#breadcrumb","itemListElement":[{"@type":"ListItem","position":1,"name":"Home","item":"https:\/\/ecosupplements.be\/fr\/"},{"@type":"ListItem","position":2,"name":"Boutique","item":"https:\/\/ecosupplements.be\/fr\/boutique\/"},{"@type":"ListItem","position":3,"name":"YANGO Luzerne (60 g\u00e9lules)"}]},{"@type":"WebSite","@id":"https:\/\/ecosupplements.be\/fr\/#website","url":"https:\/\/ecosupplements.be\/fr\/","name":"ECO Supplements","description":"Eco Supplements - Gezonde supplementen","publisher":{"@id":"https:\/\/ecosupplements.be\/fr\/#organization"},"potentialAction":[{"@type":"SearchAction","target":{"@type":"EntryPoint","urlTemplate":"https:\/\/ecosupplements.be\/fr\/?s={search_term_string}"},"query-input":{"@type":"PropertyValueSpecification","valueRequired":true,"valueName":"search_term_string"}}],"inLanguage":"fr-FR"},{"@type":"Organization","@id":"https:\/\/ecosupplements.be\/fr\/#organization","name":"Eco Supplements","url":"https:\/\/ecosupplements.be\/fr\/","logo":{"@type":"ImageObject","inLanguage":"fr-FR","@id":"https:\/\/ecosupplements.be\/fr\/#\/schema\/logo\/image\/","url":"https:\/\/ecosupplements.be\/wp-content\/uploads\/2022\/06\/ecosupplement-family.png","contentUrl":"https:\/\/ecosupplements.be\/wp-content\/uploads\/2022\/06\/ecosupplement-family.png","width":593,"height":374,"caption":"Eco Supplements"},"image":{"@id":"https:\/\/ecosupplements.be\/fr\/#\/schema\/logo\/image\/"}}]},"product_brand":"Yango","product_price_amount":"10.55","product_price_currency":"EUR","og_availability":"instock","product_availability":"instock","product_retailer_item_id":"5907483417613","product_condition":"new"},"_links":{"self":[{"href":"https:\/\/ecosupplements.be\/fr\/wp-json\/wp\/v2\/product\/304227","targetHints":{"allow":["GET"]}}],"collection":[{"href":"https:\/\/ecosupplements.be\/fr\/wp-json\/wp\/v2\/product"}],"about":[{"href":"https:\/\/ecosupplements.be\/fr\/wp-json\/wp\/v2\/types\/product"}],"replies":[{"embeddable":true,"href":"https:\/\/ecosupplements.be\/fr\/wp-json\/wp\/v2\/comments?post=304227"}],"wp:featuredmedia":[{"embeddable":true,"href":"https:\/\/ecosupplements.be\/fr\/wp-json\/wp\/v2\/media\/278367"}],"wp:attachment":[{"href":"https:\/\/ecosupplements.be\/fr\/wp-json\/wp\/v2\/media?parent=304227"}],"wp:term":[{"taxonomy":"product_brand","embeddable":true,"href":"https:\/\/ecosupplements.be\/fr\/wp-json\/wp\/v2\/product_brand?post=304227"},{"taxonomy":"product_cat","embeddable":true,"href":"https:\/\/ecosupplements.be\/fr\/wp-json\/wp\/v2\/product_cat?post=304227"},{"taxonomy":"product_tag","embeddable":true,"href":"https:\/\/ecosupplements.be\/fr\/wp-json\/wp\/v2\/product_tag?post=304227"}],"curies":[{"name":"wp","href":"https:\/\/api.w.org\/{rel}","templated":true}]}}