{"id":304241,"date":"2025-07-27T16:30:24","date_gmt":"2025-07-27T15:30:24","guid":{"rendered":"https:\/\/ecosupplements.be\/product\/yango-aquabalance-90-caps\/"},"modified":"2025-08-28T04:12:02","modified_gmt":"2025-08-28T03:12:02","slug":"yango-aquabalance-90-caps","status":"publish","type":"product","link":"https:\/\/ecosupplements.be\/fr\/produit\/yango-aquabalance-90-caps\/","title":{"rendered":"YANGO AquaBalance (90 g\u00e9lules)"},"content":{"rendered":"<p><strong>YANGO AquaBalance (90 caps)<\/strong><\/p>\n<p>D\u00e9couvrez YANGO AquaBalance, un produit con\u00e7u avec des ingr\u00e9dients d&#8217;origine naturelle, encapsul\u00e9s dans une formule pratique pour une utilisation quotidienne. Ce compl\u00e9ment alimentaire est pr\u00e9sent\u00e9 sous forme de capsules v\u00e9g\u00e9tales faciles \u00e0 consommer.<\/p>\n<p><strong>Ingr\u00e9dients principaux :<\/strong><\/p>\n<ul>\n<li>Extrait d&#8217;Opuntia ficus-indica<\/li>\n<li>Extrait de Petroselinum crispum<\/li>\n<li>Extrait de Solidago virgaurea<\/li>\n<li>Extrait de Camellia sinensis standardis\u00e9 en polyph\u00e9nols et cat\u00e9chines<\/li>\n<li>Extrait de Taraxacum officinale<\/li>\n<li>Extrait de Garcinia cambogia standardis\u00e9 en HCA<\/li>\n<li>Extrait d&#8217;Urtica dioica<\/li>\n<li>Extrait de Betula pendula<\/li>\n<p>  Foeniculum vulgare extract<\/p>\n<li \/>\n<li>Gallium aparine extract\n<li \/>\n<ul \/>\n<p>Ces composants sont s\u00e9lectionn\u00e9s pour leur haute puret\u00e9 et leur origine contr\u00f4l\u00e9e, garantissant un produit final de qualit\u00e9 sup\u00e9rieure.<\/p>\n<table border=\"1\">\n<tbody>\n<tr>\n<td><strong>Ingr\u00e9dient actif par capsule:<\/strong><\/td>\n<\/tr>\n<\/tbody>\n<tr>\n<td>Poudre d&#8217;Opuntia ficus-indica: <\/td>\n<td align=\"center\">60 mg \/120 mg (2 caps)<\/td>\n<\/tr>\n<tr>\n<td>Poudre Petroselinum crispum: <\/td>\n<td align=\"center\">60 mg \/120 mg (2 caps)<\/td>\n<\/tr>\n<tr><Td>Solidago virgaurea powder: <\/Td>Td align=&#8221;center&#8221;&gt;50mg\/100mg(2caps)T\/tr<\/p>\n<p><Td>Camellia sinensis extract:<\/Td>Td align=&#8221;center&#8221;&gt;50mg\/100mg(2caps)T\/tr<\/p>\n<p><Td>Taraxacum officinale powder:<\/Td>Td align=&#8221;center&#8221;&gt;40mg\/80mg(2caps)T\/tr<\/p>\n<p><Td>Garcinia cambogia extract:<\/Td>Td align=&#8221;center&#8221;&gt;30mg\/60mg(2caps)T\/tr<\/p>\n<p><TD>Nettle leaf powder(Urtica dioica):&lt;TD ALIGN=CENTER&quot;30MG\/60MG(2CAPS)&quot;TR\/TD<br \/>\n&lt;Birch leaf powder(Betula pendula):&lt;TD ALIGN=CENTER&quot;30MG\/60MG(2CAPS)&quot;TR\/TD<br \/>\n&lt;Fennel seed(Foeniculum vulgare):&lt;TD ALIGN=CENTER&quot;30MG\/60MG(2CAPS)&quot;TR\/TD<br \/>\n&lt;cleavers(Galium aparine):&lt;TD ALIGN=CENTER&quot;20MG\/40MGT\/TR<br \/>\n\/tbody\/table\/<\/p>\n<p>&lt;P<strong>Modes of use:&lt;STRONG\/P<P>To take one capsule twice daily with a large glass of water after meals.&lt;P\/P&lt;P<strong>Safety and storage instructions:&lt;STRONG\/P<P>This supplement should be stored in a cool, dry place out of reach of small children. It is free from heavy metals such as arsenic, cadmium, lead and mercury.&lt;P\/P<P>Note that this dietary supplement is not intended to replace a varied diet and healthy lifestyle. Consultation with a healthcare provider is recommended before use if you are taking medication or have specific health conditions.&lt;P\/P<\/p>\n","protected":false},"excerpt":{"rendered":"<p>YANGO AquaBalance (90 caps) D\u00e9couvrez YANGO AquaBalance, un produit con\u00e7u avec des ingr\u00e9dients d&#8217;origine naturelle, encapsul\u00e9s dans une formule pratique pour une utilisation quotidienne. Ce compl\u00e9ment alimentaire est pr\u00e9sent\u00e9 sous forme de capsules v\u00e9g\u00e9tales faciles \u00e0 consommer. Ingr\u00e9dients principaux : Extrait d&#8217;Opuntia ficus-indica Extrait de Petroselinum crispum Extrait de Solidago virgaurea Extrait de Camellia sinensis [&#8230;]\n","protected":false},"featured_media":278379,"comment_status":"closed","ping_status":"open","template":"","meta":[],"product_brand":[5393],"product_cat":[5052,5094,5053],"product_tag":[],"class_list":{"0":"post-304241","1":"product","2":"type-product","3":"status-publish","4":"has-post-thumbnail","6":"product_brand-yango-2","7":"product_cat-sante-et-bien-etre","8":"product_cat-supplements-a-base-de-plantes","9":"product_cat-vitamines-et-mineraux","11":"first","12":"instock","13":"taxable","14":"shipping-taxable","15":"purchasable","16":"product-type-simple"},"yoast_head":"<!-- This site is optimized with the Yoast SEO Premium plugin v27.3 (Yoast SEO v27.3) - https:\/\/yoast.com\/product\/yoast-seo-premium-wordpress\/ -->\n<title>YANGO AquaBalance (90 g\u00e9lules) - ECO Supplements<\/title>\n<meta name=\"description\" content=\"Wij hebben een ruime keuze aan producten van YANGO AquaBalance (90 g\u00e9lules) . Winkel bij Eco Supplements altijd gratis verzending boven 100\u20ac\" \/>\n<meta name=\"robots\" content=\"index, follow, max-snippet:-1, max-image-preview:large, max-video-preview:-1\" \/>\n<link rel=\"canonical\" href=\"https:\/\/ecosupplements.be\/fr\/produit\/yango-aquabalance-90-caps\/\" \/>\n<meta property=\"og:locale\" content=\"fr_FR\" \/>\n<meta property=\"og:type\" content=\"article\" \/>\n<meta property=\"og:title\" content=\"YANGO AquaBalance (90 g\u00e9lules)\" \/>\n<meta property=\"og:description\" content=\"Wij hebben een ruime keuze aan producten van YANGO AquaBalance (90 g\u00e9lules) . Winkel bij Eco Supplements altijd gratis verzending boven 100\u20ac\" \/>\n<meta property=\"og:url\" content=\"https:\/\/ecosupplements.be\/fr\/produit\/yango-aquabalance-90-caps\/\" \/>\n<meta property=\"og:site_name\" content=\"ECO Supplements\" \/>\n<meta property=\"article:modified_time\" content=\"2025-08-28T03:12:02+00:00\" \/>\n<meta property=\"og:image\" content=\"https:\/\/ecosupplements.be\/wp-content\/uploads\/2025\/08\/Yango-YANGO-AquaBalance-90-caps.jpg\" \/>\n\t<meta property=\"og:image:width\" content=\"1000\" \/>\n\t<meta property=\"og:image:height\" content=\"1243\" \/>\n\t<meta property=\"og:image:type\" content=\"image\/jpeg\" \/>\n<meta name=\"twitter:card\" content=\"summary_large_image\" \/>\n<meta name=\"twitter:label1\" content=\"Prix\" \/>\n\t<meta name=\"twitter:data1\" content=\"12.84&nbsp;&euro;\" \/>\n\t<meta name=\"twitter:label2\" content=\"Disponibilit\u00e9\" \/>\n\t<meta name=\"twitter:data2\" content=\"En stock\" \/>\n<script type=\"application\/ld+json\" class=\"yoast-schema-graph\">{\"@context\":\"https:\\\/\\\/schema.org\",\"@graph\":[{\"@type\":[\"WebPage\",\"ItemPage\"],\"@id\":\"https:\\\/\\\/ecosupplements.be\\\/fr\\\/produit\\\/yango-aquabalance-90-caps\\\/\",\"url\":\"https:\\\/\\\/ecosupplements.be\\\/fr\\\/produit\\\/yango-aquabalance-90-caps\\\/\",\"name\":\"YANGO AquaBalance (90 g\u00e9lules) - ECO Supplements\",\"isPartOf\":{\"@id\":\"https:\\\/\\\/ecosupplements.be\\\/fr\\\/#website\"},\"primaryImageOfPage\":{\"@id\":\"https:\\\/\\\/ecosupplements.be\\\/fr\\\/produit\\\/yango-aquabalance-90-caps\\\/#primaryimage\"},\"image\":{\"@id\":\"https:\\\/\\\/ecosupplements.be\\\/fr\\\/produit\\\/yango-aquabalance-90-caps\\\/#primaryimage\"},\"thumbnailUrl\":\"https:\\\/\\\/ecosupplements.be\\\/wp-content\\\/uploads\\\/2025\\\/08\\\/YANGO-AquaBalance-90-caps.jpg\",\"datePublished\":\"2025-07-27T15:30:24+00:00\",\"dateModified\":\"2025-08-28T03:12:02+00:00\",\"description\":\"Wij hebben een ruime keuze aan producten van YANGO AquaBalance (90 g\u00e9lules) . Winkel bij Eco Supplements altijd gratis verzending boven 100\u20ac\",\"breadcrumb\":{\"@id\":\"https:\\\/\\\/ecosupplements.be\\\/fr\\\/produit\\\/yango-aquabalance-90-caps\\\/#breadcrumb\"},\"inLanguage\":\"fr-FR\",\"potentialAction\":[{\"@type\":\"ReadAction\",\"target\":[\"https:\\\/\\\/ecosupplements.be\\\/fr\\\/produit\\\/yango-aquabalance-90-caps\\\/\"]}]},{\"@type\":\"ImageObject\",\"inLanguage\":\"fr-FR\",\"@id\":\"https:\\\/\\\/ecosupplements.be\\\/fr\\\/produit\\\/yango-aquabalance-90-caps\\\/#primaryimage\",\"url\":\"https:\\\/\\\/ecosupplements.be\\\/wp-content\\\/uploads\\\/2025\\\/08\\\/YANGO-AquaBalance-90-caps.jpg\",\"contentUrl\":\"https:\\\/\\\/ecosupplements.be\\\/wp-content\\\/uploads\\\/2025\\\/08\\\/YANGO-AquaBalance-90-caps.jpg\",\"width\":1000,\"height\":1243},{\"@type\":\"BreadcrumbList\",\"@id\":\"https:\\\/\\\/ecosupplements.be\\\/fr\\\/produit\\\/yango-aquabalance-90-caps\\\/#breadcrumb\",\"itemListElement\":[{\"@type\":\"ListItem\",\"position\":1,\"name\":\"Home\",\"item\":\"https:\\\/\\\/ecosupplements.be\\\/fr\\\/\"},{\"@type\":\"ListItem\",\"position\":2,\"name\":\"Boutique\",\"item\":\"https:\\\/\\\/ecosupplements.be\\\/fr\\\/boutique\\\/\"},{\"@type\":\"ListItem\",\"position\":3,\"name\":\"YANGO AquaBalance (90 g\u00e9lules)\"}]},{\"@type\":\"WebSite\",\"@id\":\"https:\\\/\\\/ecosupplements.be\\\/fr\\\/#website\",\"url\":\"https:\\\/\\\/ecosupplements.be\\\/fr\\\/\",\"name\":\"ECO Supplements\",\"description\":\"Eco Supplements - Gezonde supplementen\",\"publisher\":{\"@id\":\"https:\\\/\\\/ecosupplements.be\\\/fr\\\/#organization\"},\"potentialAction\":[{\"@type\":\"SearchAction\",\"target\":{\"@type\":\"EntryPoint\",\"urlTemplate\":\"https:\\\/\\\/ecosupplements.be\\\/fr\\\/?s={search_term_string}\"},\"query-input\":{\"@type\":\"PropertyValueSpecification\",\"valueRequired\":true,\"valueName\":\"search_term_string\"}}],\"inLanguage\":\"fr-FR\"},{\"@type\":\"Organization\",\"@id\":\"https:\\\/\\\/ecosupplements.be\\\/fr\\\/#organization\",\"name\":\"Eco Supplements\",\"url\":\"https:\\\/\\\/ecosupplements.be\\\/fr\\\/\",\"logo\":{\"@type\":\"ImageObject\",\"inLanguage\":\"fr-FR\",\"@id\":\"https:\\\/\\\/ecosupplements.be\\\/fr\\\/#\\\/schema\\\/logo\\\/image\\\/\",\"url\":\"https:\\\/\\\/ecosupplements.be\\\/wp-content\\\/uploads\\\/2022\\\/06\\\/ecosupplement-family.png\",\"contentUrl\":\"https:\\\/\\\/ecosupplements.be\\\/wp-content\\\/uploads\\\/2022\\\/06\\\/ecosupplement-family.png\",\"width\":593,\"height\":374,\"caption\":\"Eco Supplements\"},\"image\":{\"@id\":\"https:\\\/\\\/ecosupplements.be\\\/fr\\\/#\\\/schema\\\/logo\\\/image\\\/\"}}]}<\/script>\n<meta property=\"product:brand\" content=\"Yango\" \/>\n<meta property=\"product:price:amount\" content=\"12.84\" \/>\n<meta property=\"product:price:currency\" content=\"EUR\" \/>\n<meta property=\"og:availability\" content=\"instock\" \/>\n<meta property=\"product:availability\" content=\"instock\" \/>\n<meta property=\"product:retailer_item_id\" content=\"5904194060404\" \/>\n<meta property=\"product:condition\" content=\"new\" \/>\n<!-- \/ Yoast SEO Premium plugin. -->","yoast_head_json":{"title":"YANGO AquaBalance (90 g\u00e9lules) - ECO Supplements","description":"Wij hebben een ruime keuze aan producten van YANGO AquaBalance (90 g\u00e9lules) . Winkel bij Eco Supplements altijd gratis verzending boven 100\u20ac","robots":{"index":"index","follow":"follow","max-snippet":"max-snippet:-1","max-image-preview":"max-image-preview:large","max-video-preview":"max-video-preview:-1"},"canonical":"https:\/\/ecosupplements.be\/fr\/produit\/yango-aquabalance-90-caps\/","og_locale":"fr_FR","og_type":"article","og_title":"YANGO AquaBalance (90 g\u00e9lules)","og_description":"Wij hebben een ruime keuze aan producten van YANGO AquaBalance (90 g\u00e9lules) . Winkel bij Eco Supplements altijd gratis verzending boven 100\u20ac","og_url":"https:\/\/ecosupplements.be\/fr\/produit\/yango-aquabalance-90-caps\/","og_site_name":"ECO Supplements","article_modified_time":"2025-08-28T03:12:02+00:00","og_image":[{"width":1000,"height":1243,"url":"https:\/\/ecosupplements.be\/wp-content\/uploads\/2025\/08\/Yango-YANGO-AquaBalance-90-caps.jpg","type":"image\/jpeg"}],"twitter_card":"summary_large_image","twitter_misc":{"Prix":"12.84&nbsp;&euro;","Disponibilit\u00e9":"En stock"},"schema":{"@context":"https:\/\/schema.org","@graph":[{"@type":["WebPage","ItemPage"],"@id":"https:\/\/ecosupplements.be\/fr\/produit\/yango-aquabalance-90-caps\/","url":"https:\/\/ecosupplements.be\/fr\/produit\/yango-aquabalance-90-caps\/","name":"YANGO AquaBalance (90 g\u00e9lules) - ECO Supplements","isPartOf":{"@id":"https:\/\/ecosupplements.be\/fr\/#website"},"primaryImageOfPage":{"@id":"https:\/\/ecosupplements.be\/fr\/produit\/yango-aquabalance-90-caps\/#primaryimage"},"image":{"@id":"https:\/\/ecosupplements.be\/fr\/produit\/yango-aquabalance-90-caps\/#primaryimage"},"thumbnailUrl":"https:\/\/ecosupplements.be\/wp-content\/uploads\/2025\/08\/YANGO-AquaBalance-90-caps.jpg","datePublished":"2025-07-27T15:30:24+00:00","dateModified":"2025-08-28T03:12:02+00:00","description":"Wij hebben een ruime keuze aan producten van YANGO AquaBalance (90 g\u00e9lules) . Winkel bij Eco Supplements altijd gratis verzending boven 100\u20ac","breadcrumb":{"@id":"https:\/\/ecosupplements.be\/fr\/produit\/yango-aquabalance-90-caps\/#breadcrumb"},"inLanguage":"fr-FR","potentialAction":[{"@type":"ReadAction","target":["https:\/\/ecosupplements.be\/fr\/produit\/yango-aquabalance-90-caps\/"]}]},{"@type":"ImageObject","inLanguage":"fr-FR","@id":"https:\/\/ecosupplements.be\/fr\/produit\/yango-aquabalance-90-caps\/#primaryimage","url":"https:\/\/ecosupplements.be\/wp-content\/uploads\/2025\/08\/YANGO-AquaBalance-90-caps.jpg","contentUrl":"https:\/\/ecosupplements.be\/wp-content\/uploads\/2025\/08\/YANGO-AquaBalance-90-caps.jpg","width":1000,"height":1243},{"@type":"BreadcrumbList","@id":"https:\/\/ecosupplements.be\/fr\/produit\/yango-aquabalance-90-caps\/#breadcrumb","itemListElement":[{"@type":"ListItem","position":1,"name":"Home","item":"https:\/\/ecosupplements.be\/fr\/"},{"@type":"ListItem","position":2,"name":"Boutique","item":"https:\/\/ecosupplements.be\/fr\/boutique\/"},{"@type":"ListItem","position":3,"name":"YANGO AquaBalance (90 g\u00e9lules)"}]},{"@type":"WebSite","@id":"https:\/\/ecosupplements.be\/fr\/#website","url":"https:\/\/ecosupplements.be\/fr\/","name":"ECO Supplements","description":"Eco Supplements - Gezonde supplementen","publisher":{"@id":"https:\/\/ecosupplements.be\/fr\/#organization"},"potentialAction":[{"@type":"SearchAction","target":{"@type":"EntryPoint","urlTemplate":"https:\/\/ecosupplements.be\/fr\/?s={search_term_string}"},"query-input":{"@type":"PropertyValueSpecification","valueRequired":true,"valueName":"search_term_string"}}],"inLanguage":"fr-FR"},{"@type":"Organization","@id":"https:\/\/ecosupplements.be\/fr\/#organization","name":"Eco Supplements","url":"https:\/\/ecosupplements.be\/fr\/","logo":{"@type":"ImageObject","inLanguage":"fr-FR","@id":"https:\/\/ecosupplements.be\/fr\/#\/schema\/logo\/image\/","url":"https:\/\/ecosupplements.be\/wp-content\/uploads\/2022\/06\/ecosupplement-family.png","contentUrl":"https:\/\/ecosupplements.be\/wp-content\/uploads\/2022\/06\/ecosupplement-family.png","width":593,"height":374,"caption":"Eco Supplements"},"image":{"@id":"https:\/\/ecosupplements.be\/fr\/#\/schema\/logo\/image\/"}}]},"product_brand":"Yango","product_price_amount":"12.84","product_price_currency":"EUR","og_availability":"instock","product_availability":"instock","product_retailer_item_id":"5904194060404","product_condition":"new"},"_links":{"self":[{"href":"https:\/\/ecosupplements.be\/fr\/wp-json\/wp\/v2\/product\/304241","targetHints":{"allow":["GET"]}}],"collection":[{"href":"https:\/\/ecosupplements.be\/fr\/wp-json\/wp\/v2\/product"}],"about":[{"href":"https:\/\/ecosupplements.be\/fr\/wp-json\/wp\/v2\/types\/product"}],"replies":[{"embeddable":true,"href":"https:\/\/ecosupplements.be\/fr\/wp-json\/wp\/v2\/comments?post=304241"}],"wp:featuredmedia":[{"embeddable":true,"href":"https:\/\/ecosupplements.be\/fr\/wp-json\/wp\/v2\/media\/278379"}],"wp:attachment":[{"href":"https:\/\/ecosupplements.be\/fr\/wp-json\/wp\/v2\/media?parent=304241"}],"wp:term":[{"taxonomy":"product_brand","embeddable":true,"href":"https:\/\/ecosupplements.be\/fr\/wp-json\/wp\/v2\/product_brand?post=304241"},{"taxonomy":"product_cat","embeddable":true,"href":"https:\/\/ecosupplements.be\/fr\/wp-json\/wp\/v2\/product_cat?post=304241"},{"taxonomy":"product_tag","embeddable":true,"href":"https:\/\/ecosupplements.be\/fr\/wp-json\/wp\/v2\/product_tag?post=304241"}],"curies":[{"name":"wp","href":"https:\/\/api.w.org\/{rel}","templated":true}]}}