{"id":304316,"date":"2025-07-27T18:00:30","date_gmt":"2025-07-27T17:00:30","guid":{"rendered":"https:\/\/ecosupplements.be\/product\/yango-candida-control-complex-90-caps\/"},"modified":"2025-08-28T04:13:57","modified_gmt":"2025-08-28T03:13:57","slug":"yango-candida-control-complex-90-caps","status":"publish","type":"product","link":"https:\/\/ecosupplements.be\/fr\/produit\/yango-candida-control-complex-90-caps\/","title":{"rendered":"Complexe de Contr\u00f4le de la Candida YANGO (90 g\u00e9lules)"},"content":{"rendered":"<p>Lukrecja wspiera prawid\u0142owe funkcjonowanie b\u0142on \u015bluzowych znajduj\u0105cych si\u0119 w \u017co\u0142\u0105dku oraz jelicie cienkim. Ekstrakt z tarczycy bajkalskiej mo\u017ce wp\u0142ywa\u0107 na zahamowanie wzrostu dro\u017cd\u017cy z rodzaju <em>Candida*.\u00a0<\/em>Czosnek stanowi naturaln\u0105 ochron\u0105 przed dzia\u0142aniem mikroorganizm\u00f3w, natomiast imbir wykazuje zdolno\u015b\u0107 hamowania rozwoju dro\u017cd\u017cy <em>Candida albicans<\/em>**. Ekstrakt z czystka wp\u0142ywa negatywnie na inwazj\u0119 niepo\u017c\u0105danej mikroflory*** Natomiast kurkuma przyczynia si\u0119 do utrzymania prawid\u0142owych w\u0142a\u015bciwo\u015bci przeciwutleniaj\u0105cych.<\/p>\n<p>\u00a0 \u00a0<\/p>\n<table style=\"height:143px\" width=\"514\">\n<tbody>\n<tr>\n<td><img loading=\"lazy\" decoding=\"async\" src=\"https:\/\/ecosupplements.be\/wp-content\/uploads\/2025\/08\/Tick24pxH-1.png\" alt=\"\" width=\"22\" height=\"24\" \/><\/td>\n<td style=\"text-align:left\">Oryginalne po\u0142\u0105czenie 7 ekstrakt\u00f3w ro\u015blinnych.\u00a0<\/td>\n<\/tr>\n<tr>\n<td><img loading=\"lazy\" decoding=\"async\" src=\"https:\/\/ecosupplements.be\/wp-content\/uploads\/2025\/08\/Tick24pxH-1.png\" alt=\"\" width=\"22\" height=\"24\" \/><\/td>\n<td>Hamuj\u0105ce dzia\u0142anie na rozw\u00f3j dro\u017cd\u017cy z rodzaju <em>Candida<\/em> oraz innych niepo\u017c\u0105danych mikroorganizm\u00f3w<\/td>\n<\/tr>\n<tr>\n<td><img loading=\"lazy\" decoding=\"async\" src=\"https:\/\/ecosupplements.be\/wp-content\/uploads\/2025\/08\/Tick24pxH-1.png\" alt=\"\" width=\"22\" height=\"24\" \/><\/td>\n<td>Naturalne sk\u0142adniki<\/td>\n<\/tr>\n<tr>\n<td><img loading=\"lazy\" decoding=\"async\" src=\"https:\/\/ecosupplements.be\/wp-content\/uploads\/2025\/08\/Tick24pxH-1.png\" alt=\"\" width=\"22\" height=\"24\" \/><\/td>\n<td>Bez dodatk\u00f3w i wype\u0142niaczy<\/td>\n<\/tr>\n<tr>\n<td><img loading=\"lazy\" decoding=\"async\" src=\"https:\/\/ecosupplements.be\/wp-content\/uploads\/2025\/08\/Tick24pxH-1.png\" alt=\"\" width=\"22\" height=\"24\" \/><\/td>\n<td>Kapsu\u0142ki z celulozy ro\u015blinnej, delikatne dla \u017co\u0142\u0105dka, przyjazne wegetarianom i weganom<\/td>\n<\/tr>\n<\/tbody>\n<\/table>\n<p>\u00a0 \u00a0 \u00a0<\/p>\n<table>\n<tbody>\n<tr>\n<td><strong>Sk\u0142adnik aktywny<\/strong><\/td>\n<td style=\"text-align:right\"><strong>1 kapsu\u0142ka\u00a0<\/strong><\/td>\n<td style=\"text-align:right\"><strong>2 kapsu\u0142ki<\/strong>\u00a0<\/td>\n<\/tr>\n<tr>\n<td>Korze\u0144 lukrecji &#8211; ekstrakt 10:1\u00a0<\/td>\n<td style=\"text-align:right\">100 mg<\/td>\n<td style=\"text-align:right\">200 mg<\/td>\n<\/tr>\n<tr>\n<td>Tarczyca bajkalska &#8211; ekstrakt<\/td>\n<td style=\"text-align:right\">45 mg<\/td>\n<td style=\"text-align:right\">90 mg<\/td>\n<\/tr>\n<tr>\n<td>\u00a0w tym bajkalina (85%)<\/td>\n<td style=\"text-align:right\">38 mg<\/td>\n<td style=\"text-align:right\">76 mg<\/td>\n<\/tr>\n<tr>\n<td>Czystek &#8211; ekstrakt 10:1<\/td>\n<td style=\"text-align:right\">40 mg<\/td>\n<td style=\"text-align:right\">80 mg<\/td>\n<\/tr>\n<tr>\n<td>Imbir &#8211; ekstrakt 10:1\u00a0<\/td>\n<td style=\"text-align:right\">40 mg<\/td>\n<td style=\"text-align:right\">80 mg<\/td>\n<\/tr>\n<tr>\n<td>Kie\u0142ki broku\u0142a &#8211; ekstrakt 10:1<\/td>\n<td style=\"text-align:right\">40 mg<\/td>\n<td style=\"text-align:right\">80 mg<\/td>\n<\/tr>\n<tr>\n<td>Czosnek &#8211; ekstrakt 10:1<\/td>\n<td style=\"text-align:right\">30 mg<\/td>\n<td style=\"text-align:right\">60 mg<\/td>\n<\/tr>\n<tr>\n<td>Kurkuma &#8211; ekstrakt<\/td>\n<td style=\"text-align:right\">20 mg<\/td>\n<td style=\"text-align:right\">40 mg<\/td>\n<\/tr>\n<tr>\n<td>\u00a0w tym kurkuminoidy (95%)<\/td>\n<td style=\"text-align:right\">19 mg<\/td>\n<td style=\"text-align:right\">38 mg<\/td>\n<\/tr>\n<tr>\n<td><strong>Informacje dodatkowe<\/strong>\u00a0<\/td>\n<td style=\"text-align:right\"><\/td>\n<td style=\"text-align:right\"><\/td>\n<\/tr>\n<tr>\n<td>Kapsu\u0142ek w opakowaniu<\/td>\n<td style=\"text-align:right\">90 kapsu\u0142ek<\/td>\n<td style=\"text-align:right\"><\/td>\n<\/tr>\n<tr>\n<td>Rodzaj kapsu\u0142ek<\/td>\n<td style=\"text-align:right\">Ro\u015blinne<\/td>\n<td style=\"text-align:right\"><\/td>\n<\/tr>\n<tr>\n<td>Sugerowana dawka dzienna<\/td>\n<td style=\"text-align:right\">2 kapsu\u0142ki<\/td>\n<td style=\"text-align:right\"><\/td>\n<\/tr>\n<tr>\n<td>1 opakowanie wystarczy na<\/td>\n<td style=\"text-align:right\">45 dni<\/td>\n<td style=\"text-align:right\"><\/td>\n<\/tr>\n<\/tbody>\n<\/table>\n<p>\u00a0 \u00a0\u00a0<\/p>\n<p><strong>Dawkowanie:\u00a0<\/strong>1 kapsu\u0142ka 2 razy dziennie.\u00a0<\/p>\n<p><strong>Spos\u00f3b u\u017cycia:<\/strong>\u00a0Kapsu\u0142k\u0119 po\u0142kn\u0105\u0107 i popi\u0107 du\u017c\u0105 ilo\u015bci\u0105 wody, po posi\u0142ku.\u00a0<\/p>\n<p><strong>Masa netto:<\/strong>\u00a090 kapsu\u0142ek po 315 mg ka\u017cda (=28,35g)<\/p>\n<p><strong>Sk\u0142adniki:<\/strong>\u00a0Ekstrakt 10:1 z korzenia lukrecji (<em>Glycyrrhiza glabra<\/em>), ekstrakt z korzenia tarczycy bajkalskiej (<em>Scutellaria baicalensis<\/em>) standaryzowany na zawarto\u015b\u0107 min. 85% bajkaliny, ekstrakt 10:1 z ziela czystka krete\u0144skiego (<em>Cistus creticus<\/em>), ekstrakt 10:1 z k\u0142\u0105cza imbiru (<em>Zingiber officinale<\/em>), ekstrakt 10:1 z kie\u0142k\u00f3w broku\u0142a (<em>Brassica oleracea italica<\/em>), ekstrakt 10:1 z czosnku zwyczajnego (<em>Allium sativum<\/em>), ekstrakt z k\u0142\u0105cza kurkumy (<em>Curcuma longa<\/em>) standaryzowany na zawarto\u015b\u0107 95% kurkuminoid\u00f3w.\u00a0Sk\u0142ad kapsu\u0142ki: celuloza ro\u015blinna.\u00a0<\/p>\n<p>\u00a0 \u00a0 \u00a0\u00a0<\/p>\n<p><strong>Informacja: <\/strong>Nie przekracza\u0107 zalecanej dziennej porcji.<strong>\u00a0<\/strong>Nie stosowa\u0107 u os\u00f3b maj\u0105cych predyspozycje do tworzenia kamieni nerkowych lub choruj\u0105cych na kamienic\u0119 nerkow\u0105.\u00a0Osoby przyjmuj\u0105ce leki przed u\u017cyciem powinny skontaktowa\u0107 si\u0119 z lekarzem lub farmaceut\u0105. Niewskazane dzieciom oraz kobietom w ci\u0105\u017cy i karmi\u0105cym. Nie przekracza\u0107 zalecanej dziennej porcji. Suplement diety nie mo\u017ce by\u0107 stosowany jako substytut zr\u00f3\u017cnicowanej diety i zdrowego tryby \u017cycia. Przechowywa\u0107 w suchym i ciemnym miejscu w temperaturze pokojowej w spos\u00f3b niedost\u0119pny dla ma\u0142ych dzieci. Wyprodukowano w Unii Europejskiej. Podmiot odpowiedzialny: YANGO Sp. z o.o. ul. Granitowa 3\/14, 02-681 Warszawa<\/p>\n<p><strong>Informacja alergiczna:<\/strong><br \/>Nie zawiera skorupiak\u00f3w, jaj, orzech\u00f3w, soi, sk\u0142adnik\u00f3w mlecznych, selera, gorczycy, sezamu.<\/p>\n<p>Produkowane bez u\u017cycia sztucznych substancji konserwuj\u0105cych, zapachowych lub barwi\u0105cych.<br \/>Produkt wolny od metali ci\u0119\u017ckich, takich jak arsen, kadm, o\u0142\u00f3w czy rt\u0119\u0107.<\/p>\n<p>G\u0142\u00f3wny Inspektorat Sanitarny:\u00a0GIS-\u017bP-SD-4230-10304\/KC\/19<\/p>\n","protected":false},"excerpt":{"rendered":"<p>Lukrecja wspiera prawid\u0142owe funkcjonowanie b\u0142on \u015bluzowych znajduj\u0105cych si\u0119 w \u017co\u0142\u0105dku oraz jelicie cienkim. Ekstrakt z tarczycy bajkalskiej mo\u017ce wp\u0142ywa\u0107 na zahamowanie wzrostu dro\u017cd\u017cy z rodzaju Candida*.\u00a0Czosnek stanowi naturaln\u0105 ochron\u0105 przed dzia\u0142aniem mikroorganizm\u00f3w, natomiast imbir wykazuje zdolno\u015b\u0107 hamowania rozwoju dro\u017cd\u017cy Candida albicans**. Ekstrakt z czystka wp\u0142ywa negatywnie na inwazj\u0119 niepo\u017c\u0105danej mikroflory*** Natomiast kurkuma przyczynia si\u0119 do [&#8230;]\n","protected":false},"featured_media":278454,"comment_status":"closed","ping_status":"open","template":"","meta":[],"product_brand":[5393],"product_cat":[5052,5094,5053],"product_tag":[],"class_list":{"0":"post-304316","1":"product","2":"type-product","3":"status-publish","4":"has-post-thumbnail","6":"product_brand-yango-2","7":"product_cat-sante-et-bien-etre","8":"product_cat-supplements-a-base-de-plantes","9":"product_cat-vitamines-et-mineraux","11":"first","12":"instock","13":"taxable","14":"shipping-taxable","15":"purchasable","16":"product-type-simple"},"yoast_head":"<!-- This site is optimized with the Yoast SEO Premium plugin v27.3 (Yoast SEO v27.3) - https:\/\/yoast.com\/product\/yoast-seo-premium-wordpress\/ -->\n<title>Complexe de Contr\u00f4le de la Candida YANGO (90 g\u00e9lules) - ECO Supplements<\/title>\n<meta name=\"description\" content=\"Wij hebben een ruime keuze aan producten van Complexe de Contr\u00f4le de la Candida YANGO (90 g\u00e9lules) . Winkel bij Eco Supplements altijd gratis verzending boven 100\u20ac\" \/>\n<meta name=\"robots\" content=\"index, follow, max-snippet:-1, max-image-preview:large, max-video-preview:-1\" \/>\n<link rel=\"canonical\" href=\"https:\/\/ecosupplements.be\/fr\/produit\/yango-candida-control-complex-90-caps\/\" \/>\n<meta property=\"og:locale\" content=\"fr_FR\" \/>\n<meta property=\"og:type\" content=\"article\" \/>\n<meta property=\"og:title\" content=\"Complexe de Contr\u00f4le de la Candida YANGO (90 g\u00e9lules)\" \/>\n<meta property=\"og:description\" content=\"Wij hebben een ruime keuze aan producten van Complexe de Contr\u00f4le de la Candida YANGO (90 g\u00e9lules) . Winkel bij Eco Supplements altijd gratis verzending boven 100\u20ac\" \/>\n<meta property=\"og:url\" content=\"https:\/\/ecosupplements.be\/fr\/produit\/yango-candida-control-complex-90-caps\/\" \/>\n<meta property=\"og:site_name\" content=\"ECO Supplements\" \/>\n<meta property=\"article:modified_time\" content=\"2025-08-28T03:13:57+00:00\" \/>\n<meta property=\"og:image\" content=\"https:\/\/ecosupplements.be\/wp-content\/uploads\/2025\/08\/YANGO-Candida-Control-Complex-90-caps.jpg\" \/>\n\t<meta property=\"og:image:width\" content=\"562\" \/>\n\t<meta property=\"og:image:height\" content=\"900\" \/>\n\t<meta property=\"og:image:type\" content=\"image\/jpeg\" \/>\n<meta name=\"twitter:card\" content=\"summary_large_image\" \/>\n<meta name=\"twitter:label1\" content=\"Prix\" \/>\n\t<meta name=\"twitter:data1\" content=\"25.65&nbsp;&euro;\" \/>\n\t<meta name=\"twitter:label2\" content=\"Disponibilit\u00e9\" \/>\n\t<meta name=\"twitter:data2\" content=\"En stock\" \/>\n<script type=\"application\/ld+json\" class=\"yoast-schema-graph\">{\"@context\":\"https:\\\/\\\/schema.org\",\"@graph\":[{\"@type\":[\"WebPage\",\"ItemPage\"],\"@id\":\"https:\\\/\\\/ecosupplements.be\\\/fr\\\/produit\\\/yango-candida-control-complex-90-caps\\\/\",\"url\":\"https:\\\/\\\/ecosupplements.be\\\/fr\\\/produit\\\/yango-candida-control-complex-90-caps\\\/\",\"name\":\"Complexe de Contr\u00f4le de la Candida YANGO (90 g\u00e9lules) - ECO Supplements\",\"isPartOf\":{\"@id\":\"https:\\\/\\\/ecosupplements.be\\\/fr\\\/#website\"},\"primaryImageOfPage\":{\"@id\":\"https:\\\/\\\/ecosupplements.be\\\/fr\\\/produit\\\/yango-candida-control-complex-90-caps\\\/#primaryimage\"},\"image\":{\"@id\":\"https:\\\/\\\/ecosupplements.be\\\/fr\\\/produit\\\/yango-candida-control-complex-90-caps\\\/#primaryimage\"},\"thumbnailUrl\":\"https:\\\/\\\/ecosupplements.be\\\/wp-content\\\/uploads\\\/2025\\\/08\\\/YANGO-Candida-Control-Complex-90-caps.jpg\",\"datePublished\":\"2025-07-27T17:00:30+00:00\",\"dateModified\":\"2025-08-28T03:13:57+00:00\",\"description\":\"Wij hebben een ruime keuze aan producten van Complexe de Contr\u00f4le de la Candida YANGO (90 g\u00e9lules) . Winkel bij Eco Supplements altijd gratis verzending boven 100\u20ac\",\"breadcrumb\":{\"@id\":\"https:\\\/\\\/ecosupplements.be\\\/fr\\\/produit\\\/yango-candida-control-complex-90-caps\\\/#breadcrumb\"},\"inLanguage\":\"fr-FR\",\"potentialAction\":[{\"@type\":\"ReadAction\",\"target\":[\"https:\\\/\\\/ecosupplements.be\\\/fr\\\/produit\\\/yango-candida-control-complex-90-caps\\\/\"]}]},{\"@type\":\"ImageObject\",\"inLanguage\":\"fr-FR\",\"@id\":\"https:\\\/\\\/ecosupplements.be\\\/fr\\\/produit\\\/yango-candida-control-complex-90-caps\\\/#primaryimage\",\"url\":\"https:\\\/\\\/ecosupplements.be\\\/wp-content\\\/uploads\\\/2025\\\/08\\\/YANGO-Candida-Control-Complex-90-caps.jpg\",\"contentUrl\":\"https:\\\/\\\/ecosupplements.be\\\/wp-content\\\/uploads\\\/2025\\\/08\\\/YANGO-Candida-Control-Complex-90-caps.jpg\",\"width\":562,\"height\":900},{\"@type\":\"BreadcrumbList\",\"@id\":\"https:\\\/\\\/ecosupplements.be\\\/fr\\\/produit\\\/yango-candida-control-complex-90-caps\\\/#breadcrumb\",\"itemListElement\":[{\"@type\":\"ListItem\",\"position\":1,\"name\":\"Home\",\"item\":\"https:\\\/\\\/ecosupplements.be\\\/fr\\\/\"},{\"@type\":\"ListItem\",\"position\":2,\"name\":\"Boutique\",\"item\":\"https:\\\/\\\/ecosupplements.be\\\/fr\\\/boutique\\\/\"},{\"@type\":\"ListItem\",\"position\":3,\"name\":\"Complexe de Contr\u00f4le de la Candida YANGO (90 g\u00e9lules)\"}]},{\"@type\":\"WebSite\",\"@id\":\"https:\\\/\\\/ecosupplements.be\\\/fr\\\/#website\",\"url\":\"https:\\\/\\\/ecosupplements.be\\\/fr\\\/\",\"name\":\"ECO Supplements\",\"description\":\"Eco Supplements - Gezonde supplementen\",\"publisher\":{\"@id\":\"https:\\\/\\\/ecosupplements.be\\\/fr\\\/#organization\"},\"potentialAction\":[{\"@type\":\"SearchAction\",\"target\":{\"@type\":\"EntryPoint\",\"urlTemplate\":\"https:\\\/\\\/ecosupplements.be\\\/fr\\\/?s={search_term_string}\"},\"query-input\":{\"@type\":\"PropertyValueSpecification\",\"valueRequired\":true,\"valueName\":\"search_term_string\"}}],\"inLanguage\":\"fr-FR\"},{\"@type\":\"Organization\",\"@id\":\"https:\\\/\\\/ecosupplements.be\\\/fr\\\/#organization\",\"name\":\"Eco Supplements\",\"url\":\"https:\\\/\\\/ecosupplements.be\\\/fr\\\/\",\"logo\":{\"@type\":\"ImageObject\",\"inLanguage\":\"fr-FR\",\"@id\":\"https:\\\/\\\/ecosupplements.be\\\/fr\\\/#\\\/schema\\\/logo\\\/image\\\/\",\"url\":\"https:\\\/\\\/ecosupplements.be\\\/wp-content\\\/uploads\\\/2022\\\/06\\\/ecosupplement-family.png\",\"contentUrl\":\"https:\\\/\\\/ecosupplements.be\\\/wp-content\\\/uploads\\\/2022\\\/06\\\/ecosupplement-family.png\",\"width\":593,\"height\":374,\"caption\":\"Eco Supplements\"},\"image\":{\"@id\":\"https:\\\/\\\/ecosupplements.be\\\/fr\\\/#\\\/schema\\\/logo\\\/image\\\/\"}}]}<\/script>\n<meta property=\"product:brand\" content=\"Yango\" \/>\n<meta property=\"product:price:amount\" content=\"25.65\" \/>\n<meta property=\"product:price:currency\" content=\"EUR\" \/>\n<meta property=\"og:availability\" content=\"instock\" \/>\n<meta property=\"product:availability\" content=\"instock\" \/>\n<meta property=\"product:retailer_item_id\" content=\"5907483417217\" \/>\n<meta property=\"product:condition\" content=\"new\" \/>\n<!-- \/ Yoast SEO Premium plugin. -->","yoast_head_json":{"title":"Complexe de Contr\u00f4le de la Candida YANGO (90 g\u00e9lules) - ECO Supplements","description":"Wij hebben een ruime keuze aan producten van Complexe de Contr\u00f4le de la Candida YANGO (90 g\u00e9lules) . Winkel bij Eco Supplements altijd gratis verzending boven 100\u20ac","robots":{"index":"index","follow":"follow","max-snippet":"max-snippet:-1","max-image-preview":"max-image-preview:large","max-video-preview":"max-video-preview:-1"},"canonical":"https:\/\/ecosupplements.be\/fr\/produit\/yango-candida-control-complex-90-caps\/","og_locale":"fr_FR","og_type":"article","og_title":"Complexe de Contr\u00f4le de la Candida YANGO (90 g\u00e9lules)","og_description":"Wij hebben een ruime keuze aan producten van Complexe de Contr\u00f4le de la Candida YANGO (90 g\u00e9lules) . Winkel bij Eco Supplements altijd gratis verzending boven 100\u20ac","og_url":"https:\/\/ecosupplements.be\/fr\/produit\/yango-candida-control-complex-90-caps\/","og_site_name":"ECO Supplements","article_modified_time":"2025-08-28T03:13:57+00:00","og_image":[{"width":562,"height":900,"url":"https:\/\/ecosupplements.be\/wp-content\/uploads\/2025\/08\/YANGO-Candida-Control-Complex-90-caps.jpg","type":"image\/jpeg"}],"twitter_card":"summary_large_image","twitter_misc":{"Prix":"25.65&nbsp;&euro;","Disponibilit\u00e9":"En stock"},"schema":{"@context":"https:\/\/schema.org","@graph":[{"@type":["WebPage","ItemPage"],"@id":"https:\/\/ecosupplements.be\/fr\/produit\/yango-candida-control-complex-90-caps\/","url":"https:\/\/ecosupplements.be\/fr\/produit\/yango-candida-control-complex-90-caps\/","name":"Complexe de Contr\u00f4le de la Candida YANGO (90 g\u00e9lules) - ECO Supplements","isPartOf":{"@id":"https:\/\/ecosupplements.be\/fr\/#website"},"primaryImageOfPage":{"@id":"https:\/\/ecosupplements.be\/fr\/produit\/yango-candida-control-complex-90-caps\/#primaryimage"},"image":{"@id":"https:\/\/ecosupplements.be\/fr\/produit\/yango-candida-control-complex-90-caps\/#primaryimage"},"thumbnailUrl":"https:\/\/ecosupplements.be\/wp-content\/uploads\/2025\/08\/YANGO-Candida-Control-Complex-90-caps.jpg","datePublished":"2025-07-27T17:00:30+00:00","dateModified":"2025-08-28T03:13:57+00:00","description":"Wij hebben een ruime keuze aan producten van Complexe de Contr\u00f4le de la Candida YANGO (90 g\u00e9lules) . Winkel bij Eco Supplements altijd gratis verzending boven 100\u20ac","breadcrumb":{"@id":"https:\/\/ecosupplements.be\/fr\/produit\/yango-candida-control-complex-90-caps\/#breadcrumb"},"inLanguage":"fr-FR","potentialAction":[{"@type":"ReadAction","target":["https:\/\/ecosupplements.be\/fr\/produit\/yango-candida-control-complex-90-caps\/"]}]},{"@type":"ImageObject","inLanguage":"fr-FR","@id":"https:\/\/ecosupplements.be\/fr\/produit\/yango-candida-control-complex-90-caps\/#primaryimage","url":"https:\/\/ecosupplements.be\/wp-content\/uploads\/2025\/08\/YANGO-Candida-Control-Complex-90-caps.jpg","contentUrl":"https:\/\/ecosupplements.be\/wp-content\/uploads\/2025\/08\/YANGO-Candida-Control-Complex-90-caps.jpg","width":562,"height":900},{"@type":"BreadcrumbList","@id":"https:\/\/ecosupplements.be\/fr\/produit\/yango-candida-control-complex-90-caps\/#breadcrumb","itemListElement":[{"@type":"ListItem","position":1,"name":"Home","item":"https:\/\/ecosupplements.be\/fr\/"},{"@type":"ListItem","position":2,"name":"Boutique","item":"https:\/\/ecosupplements.be\/fr\/boutique\/"},{"@type":"ListItem","position":3,"name":"Complexe de Contr\u00f4le de la Candida YANGO (90 g\u00e9lules)"}]},{"@type":"WebSite","@id":"https:\/\/ecosupplements.be\/fr\/#website","url":"https:\/\/ecosupplements.be\/fr\/","name":"ECO Supplements","description":"Eco Supplements - Gezonde supplementen","publisher":{"@id":"https:\/\/ecosupplements.be\/fr\/#organization"},"potentialAction":[{"@type":"SearchAction","target":{"@type":"EntryPoint","urlTemplate":"https:\/\/ecosupplements.be\/fr\/?s={search_term_string}"},"query-input":{"@type":"PropertyValueSpecification","valueRequired":true,"valueName":"search_term_string"}}],"inLanguage":"fr-FR"},{"@type":"Organization","@id":"https:\/\/ecosupplements.be\/fr\/#organization","name":"Eco Supplements","url":"https:\/\/ecosupplements.be\/fr\/","logo":{"@type":"ImageObject","inLanguage":"fr-FR","@id":"https:\/\/ecosupplements.be\/fr\/#\/schema\/logo\/image\/","url":"https:\/\/ecosupplements.be\/wp-content\/uploads\/2022\/06\/ecosupplement-family.png","contentUrl":"https:\/\/ecosupplements.be\/wp-content\/uploads\/2022\/06\/ecosupplement-family.png","width":593,"height":374,"caption":"Eco Supplements"},"image":{"@id":"https:\/\/ecosupplements.be\/fr\/#\/schema\/logo\/image\/"}}]},"product_brand":"Yango","product_price_amount":"25.65","product_price_currency":"EUR","og_availability":"instock","product_availability":"instock","product_retailer_item_id":"5907483417217","product_condition":"new"},"_links":{"self":[{"href":"https:\/\/ecosupplements.be\/fr\/wp-json\/wp\/v2\/product\/304316","targetHints":{"allow":["GET"]}}],"collection":[{"href":"https:\/\/ecosupplements.be\/fr\/wp-json\/wp\/v2\/product"}],"about":[{"href":"https:\/\/ecosupplements.be\/fr\/wp-json\/wp\/v2\/types\/product"}],"replies":[{"embeddable":true,"href":"https:\/\/ecosupplements.be\/fr\/wp-json\/wp\/v2\/comments?post=304316"}],"wp:featuredmedia":[{"embeddable":true,"href":"https:\/\/ecosupplements.be\/fr\/wp-json\/wp\/v2\/media\/278454"}],"wp:attachment":[{"href":"https:\/\/ecosupplements.be\/fr\/wp-json\/wp\/v2\/media?parent=304316"}],"wp:term":[{"taxonomy":"product_brand","embeddable":true,"href":"https:\/\/ecosupplements.be\/fr\/wp-json\/wp\/v2\/product_brand?post=304316"},{"taxonomy":"product_cat","embeddable":true,"href":"https:\/\/ecosupplements.be\/fr\/wp-json\/wp\/v2\/product_cat?post=304316"},{"taxonomy":"product_tag","embeddable":true,"href":"https:\/\/ecosupplements.be\/fr\/wp-json\/wp\/v2\/product_tag?post=304316"}],"curies":[{"name":"wp","href":"https:\/\/api.w.org\/{rel}","templated":true}]}}