{"id":304334,"date":"2025-07-27T18:30:24","date_gmt":"2025-07-27T17:30:24","guid":{"rendered":"https:\/\/ecosupplements.be\/product\/yango-white-mulberry-chlorophyll-in-drops-30-ml-1-fl-oz\/"},"modified":"2025-08-28T04:14:20","modified_gmt":"2025-08-28T03:14:20","slug":"yango-white-mulberry-chlorophyll-in-drops-30-ml-1-fl-oz","status":"publish","type":"product","link":"https:\/\/ecosupplements.be\/fr\/produit\/yango-white-mulberry-chlorophyll-in-drops-30-ml-1-fl-oz\/","title":{"rendered":"Gouttes de Chlorophylle de M\u00fbrier Blanc YANGO (30 ml \/ 1 fl. oz.)"},"content":{"rendered":"<p><strong>Nom du produit :<\/strong> YANGO White Mulberry Chlorophyll in drops (30 ml \/ 1 fl.oz.)<\/p>\n<p><strong>Description :<\/strong> D\u00e9couvrez la simplicit\u00e9 et la puret\u00e9 de notre chlorophylle en gouttes, extraite de la m\u00fbre blanche. Ce produit est con\u00e7u pour s&#8217;int\u00e9grer harmonieusement \u00e0 votre quotidien gr\u00e2ce \u00e0 son format pratique en gouttes, facile \u00e0 utiliser.<\/p>\n<p><strong>ingr\u00e9dients principaux :<\/strong> Eau purifi\u00e9e, glyc\u00e9rol (support), chlorophylline sodique-cuivrique issue de m\u00fbre blanche (Morus alba), vitamine E (antioxydant), huile essentielle de menthe poivr\u00e9e, conservateur (sorbate de potassium).<\/p>\n<p><strong>contenu et emballage :<\/strong> Flacon compte-gouttes contenant 30 ml \/ 1 fl. oz. du produit.<\/p>\n<p><strong>Utilisation recommand\u00e9e :<\/strong> Agiter avant usage. Utiliser le compte-gouttes pour mesurer la dose souhait\u00e9e,diluer dans un peu d&#8217;eau et consommer imm\u00e9diatement. Apr\u00e8s ouverture, conserver au r\u00e9frig\u00e9rateur et consommer dans les 10 semaines.<\/p>\n<p><b>Note:<\/b> Ne pas d\u00e9passer la dose journali\u00e8re recommand\u00e9e. Les compl\u00e9ments alimentaires ne doivent pas \u00eatre utilis\u00e9s comme substitut d&#8217;un r\u00e9gime alimentaire vari\u00e9.<\/p>\n<p><b>Mise en garde:<\/b> Ne pas utiliser en cas d&#8217;allergie \u00e0 l&#8217;un des composants du produit.<\/p>\n<p><b>Rangement:<\/b> Conserver dans un endroit sec et frais, hors de port\u00e9e des enfants.<\/p>\n","protected":false},"excerpt":{"rendered":"<p>Nom du produit : YANGO White Mulberry Chlorophyll in drops (30 ml \/ 1 fl.oz.) Description : D\u00e9couvrez la simplicit\u00e9 et la puret\u00e9 de notre chlorophylle en gouttes, extraite de la m\u00fbre blanche. Ce produit est con\u00e7u pour s&#8217;int\u00e9grer harmonieusement \u00e0 votre quotidien gr\u00e2ce \u00e0 son format pratique en gouttes, facile \u00e0 utiliser. ingr\u00e9dients principaux [&#8230;]\n","protected":false},"featured_media":278472,"comment_status":"closed","ping_status":"open","template":"","meta":[],"product_brand":[5393],"product_cat":[5052,5094,5053],"product_tag":[],"class_list":{"0":"post-304334","1":"product","2":"type-product","3":"status-publish","4":"has-post-thumbnail","6":"product_brand-yango-2","7":"product_cat-sante-et-bien-etre","8":"product_cat-supplements-a-base-de-plantes","9":"product_cat-vitamines-et-mineraux","11":"first","12":"instock","13":"taxable","14":"shipping-taxable","15":"purchasable","16":"product-type-simple"},"yoast_head":"<!-- This site is optimized with the Yoast SEO Premium plugin v27.3 (Yoast SEO v27.3) - https:\/\/yoast.com\/product\/yoast-seo-premium-wordpress\/ -->\n<title>Gouttes de Chlorophylle de M\u00fbrier Blanc YANGO (30 ml \/ 1 fl. oz.) - ECO Supplements<\/title>\n<meta name=\"description\" content=\"Wij hebben een ruime keuze aan producten van Gouttes de Chlorophylle de M\u00fbrier Blanc YANGO (30 ml \/ 1 fl. oz.) . Winkel bij Eco Supplements altijd gratis verzending boven 100\u20ac\" \/>\n<meta name=\"robots\" content=\"index, follow, max-snippet:-1, max-image-preview:large, max-video-preview:-1\" \/>\n<link rel=\"canonical\" href=\"https:\/\/ecosupplements.be\/fr\/produit\/yango-white-mulberry-chlorophyll-in-drops-30-ml-1-fl-oz\/\" \/>\n<meta property=\"og:locale\" content=\"fr_FR\" \/>\n<meta property=\"og:type\" content=\"article\" \/>\n<meta property=\"og:title\" content=\"Gouttes de Chlorophylle de M\u00fbrier Blanc YANGO (30 ml \/ 1 fl. oz.)\" \/>\n<meta property=\"og:description\" content=\"Wij hebben een ruime keuze aan producten van Gouttes de Chlorophylle de M\u00fbrier Blanc YANGO (30 ml \/ 1 fl. oz.) . Winkel bij Eco Supplements altijd gratis verzending boven 100\u20ac\" \/>\n<meta property=\"og:url\" content=\"https:\/\/ecosupplements.be\/fr\/produit\/yango-white-mulberry-chlorophyll-in-drops-30-ml-1-fl-oz\/\" \/>\n<meta property=\"og:site_name\" content=\"ECO Supplements\" \/>\n<meta property=\"article:modified_time\" content=\"2025-08-28T03:14:20+00:00\" \/>\n<meta property=\"og:image\" content=\"https:\/\/ecosupplements.be\/wp-content\/uploads\/2025\/08\/Yango-YANGO-White-Mulberry-Chlorophyll-in-drops-30-ml-1-fl.-oz.jpg\" \/>\n\t<meta property=\"og:image:width\" content=\"1000\" \/>\n\t<meta property=\"og:image:height\" content=\"1243\" \/>\n\t<meta property=\"og:image:type\" content=\"image\/jpeg\" \/>\n<meta name=\"twitter:card\" content=\"summary_large_image\" \/>\n<meta name=\"twitter:label1\" content=\"Prix\" \/>\n\t<meta name=\"twitter:data1\" content=\"8.83&nbsp;&euro;\" \/>\n\t<meta name=\"twitter:label2\" content=\"Disponibilit\u00e9\" \/>\n\t<meta name=\"twitter:data2\" content=\"En stock\" \/>\n<script type=\"application\/ld+json\" class=\"yoast-schema-graph\">{\"@context\":\"https:\\\/\\\/schema.org\",\"@graph\":[{\"@type\":[\"WebPage\",\"ItemPage\"],\"@id\":\"https:\\\/\\\/ecosupplements.be\\\/fr\\\/produit\\\/yango-white-mulberry-chlorophyll-in-drops-30-ml-1-fl-oz\\\/\",\"url\":\"https:\\\/\\\/ecosupplements.be\\\/fr\\\/produit\\\/yango-white-mulberry-chlorophyll-in-drops-30-ml-1-fl-oz\\\/\",\"name\":\"Gouttes de Chlorophylle de M\u00fbrier Blanc YANGO (30 ml \\\/ 1 fl. oz.) - ECO Supplements\",\"isPartOf\":{\"@id\":\"https:\\\/\\\/ecosupplements.be\\\/fr\\\/#website\"},\"primaryImageOfPage\":{\"@id\":\"https:\\\/\\\/ecosupplements.be\\\/fr\\\/produit\\\/yango-white-mulberry-chlorophyll-in-drops-30-ml-1-fl-oz\\\/#primaryimage\"},\"image\":{\"@id\":\"https:\\\/\\\/ecosupplements.be\\\/fr\\\/produit\\\/yango-white-mulberry-chlorophyll-in-drops-30-ml-1-fl-oz\\\/#primaryimage\"},\"thumbnailUrl\":\"https:\\\/\\\/ecosupplements.be\\\/wp-content\\\/uploads\\\/2025\\\/08\\\/YANGO-White-Mulberry-Chlorophyll-in-drops-30-ml-1-fl.-oz.jpg\",\"datePublished\":\"2025-07-27T17:30:24+00:00\",\"dateModified\":\"2025-08-28T03:14:20+00:00\",\"description\":\"Wij hebben een ruime keuze aan producten van Gouttes de Chlorophylle de M\u00fbrier Blanc YANGO (30 ml \\\/ 1 fl. oz.) . Winkel bij Eco Supplements altijd gratis verzending boven 100\u20ac\",\"breadcrumb\":{\"@id\":\"https:\\\/\\\/ecosupplements.be\\\/fr\\\/produit\\\/yango-white-mulberry-chlorophyll-in-drops-30-ml-1-fl-oz\\\/#breadcrumb\"},\"inLanguage\":\"fr-FR\",\"potentialAction\":[{\"@type\":\"ReadAction\",\"target\":[\"https:\\\/\\\/ecosupplements.be\\\/fr\\\/produit\\\/yango-white-mulberry-chlorophyll-in-drops-30-ml-1-fl-oz\\\/\"]}]},{\"@type\":\"ImageObject\",\"inLanguage\":\"fr-FR\",\"@id\":\"https:\\\/\\\/ecosupplements.be\\\/fr\\\/produit\\\/yango-white-mulberry-chlorophyll-in-drops-30-ml-1-fl-oz\\\/#primaryimage\",\"url\":\"https:\\\/\\\/ecosupplements.be\\\/wp-content\\\/uploads\\\/2025\\\/08\\\/YANGO-White-Mulberry-Chlorophyll-in-drops-30-ml-1-fl.-oz.jpg\",\"contentUrl\":\"https:\\\/\\\/ecosupplements.be\\\/wp-content\\\/uploads\\\/2025\\\/08\\\/YANGO-White-Mulberry-Chlorophyll-in-drops-30-ml-1-fl.-oz.jpg\",\"width\":1000,\"height\":1243},{\"@type\":\"BreadcrumbList\",\"@id\":\"https:\\\/\\\/ecosupplements.be\\\/fr\\\/produit\\\/yango-white-mulberry-chlorophyll-in-drops-30-ml-1-fl-oz\\\/#breadcrumb\",\"itemListElement\":[{\"@type\":\"ListItem\",\"position\":1,\"name\":\"Home\",\"item\":\"https:\\\/\\\/ecosupplements.be\\\/fr\\\/\"},{\"@type\":\"ListItem\",\"position\":2,\"name\":\"Boutique\",\"item\":\"https:\\\/\\\/ecosupplements.be\\\/fr\\\/boutique\\\/\"},{\"@type\":\"ListItem\",\"position\":3,\"name\":\"Gouttes de Chlorophylle de M\u00fbrier Blanc YANGO (30 ml \\\/ 1 fl. oz.)\"}]},{\"@type\":\"WebSite\",\"@id\":\"https:\\\/\\\/ecosupplements.be\\\/fr\\\/#website\",\"url\":\"https:\\\/\\\/ecosupplements.be\\\/fr\\\/\",\"name\":\"ECO Supplements\",\"description\":\"Eco Supplements - Gezonde supplementen\",\"publisher\":{\"@id\":\"https:\\\/\\\/ecosupplements.be\\\/fr\\\/#organization\"},\"potentialAction\":[{\"@type\":\"SearchAction\",\"target\":{\"@type\":\"EntryPoint\",\"urlTemplate\":\"https:\\\/\\\/ecosupplements.be\\\/fr\\\/?s={search_term_string}\"},\"query-input\":{\"@type\":\"PropertyValueSpecification\",\"valueRequired\":true,\"valueName\":\"search_term_string\"}}],\"inLanguage\":\"fr-FR\"},{\"@type\":\"Organization\",\"@id\":\"https:\\\/\\\/ecosupplements.be\\\/fr\\\/#organization\",\"name\":\"Eco Supplements\",\"url\":\"https:\\\/\\\/ecosupplements.be\\\/fr\\\/\",\"logo\":{\"@type\":\"ImageObject\",\"inLanguage\":\"fr-FR\",\"@id\":\"https:\\\/\\\/ecosupplements.be\\\/fr\\\/#\\\/schema\\\/logo\\\/image\\\/\",\"url\":\"https:\\\/\\\/ecosupplements.be\\\/wp-content\\\/uploads\\\/2022\\\/06\\\/ecosupplement-family.png\",\"contentUrl\":\"https:\\\/\\\/ecosupplements.be\\\/wp-content\\\/uploads\\\/2022\\\/06\\\/ecosupplement-family.png\",\"width\":593,\"height\":374,\"caption\":\"Eco Supplements\"},\"image\":{\"@id\":\"https:\\\/\\\/ecosupplements.be\\\/fr\\\/#\\\/schema\\\/logo\\\/image\\\/\"}}]}<\/script>\n<meta property=\"product:brand\" content=\"Yango\" \/>\n<meta property=\"product:price:amount\" content=\"8.83\" \/>\n<meta property=\"product:price:currency\" content=\"EUR\" \/>\n<meta property=\"og:availability\" content=\"instock\" \/>\n<meta property=\"product:availability\" content=\"instock\" \/>\n<meta property=\"product:retailer_item_id\" content=\"5904194063948\" \/>\n<meta property=\"product:condition\" content=\"new\" \/>\n<!-- \/ Yoast SEO Premium plugin. -->","yoast_head_json":{"title":"Gouttes de Chlorophylle de M\u00fbrier Blanc YANGO (30 ml \/ 1 fl. oz.) - ECO Supplements","description":"Wij hebben een ruime keuze aan producten van Gouttes de Chlorophylle de M\u00fbrier Blanc YANGO (30 ml \/ 1 fl. oz.) . Winkel bij Eco Supplements altijd gratis verzending boven 100\u20ac","robots":{"index":"index","follow":"follow","max-snippet":"max-snippet:-1","max-image-preview":"max-image-preview:large","max-video-preview":"max-video-preview:-1"},"canonical":"https:\/\/ecosupplements.be\/fr\/produit\/yango-white-mulberry-chlorophyll-in-drops-30-ml-1-fl-oz\/","og_locale":"fr_FR","og_type":"article","og_title":"Gouttes de Chlorophylle de M\u00fbrier Blanc YANGO (30 ml \/ 1 fl. oz.)","og_description":"Wij hebben een ruime keuze aan producten van Gouttes de Chlorophylle de M\u00fbrier Blanc YANGO (30 ml \/ 1 fl. oz.) . Winkel bij Eco Supplements altijd gratis verzending boven 100\u20ac","og_url":"https:\/\/ecosupplements.be\/fr\/produit\/yango-white-mulberry-chlorophyll-in-drops-30-ml-1-fl-oz\/","og_site_name":"ECO Supplements","article_modified_time":"2025-08-28T03:14:20+00:00","og_image":[{"width":1000,"height":1243,"url":"https:\/\/ecosupplements.be\/wp-content\/uploads\/2025\/08\/Yango-YANGO-White-Mulberry-Chlorophyll-in-drops-30-ml-1-fl.-oz.jpg","type":"image\/jpeg"}],"twitter_card":"summary_large_image","twitter_misc":{"Prix":"8.83&nbsp;&euro;","Disponibilit\u00e9":"En stock"},"schema":{"@context":"https:\/\/schema.org","@graph":[{"@type":["WebPage","ItemPage"],"@id":"https:\/\/ecosupplements.be\/fr\/produit\/yango-white-mulberry-chlorophyll-in-drops-30-ml-1-fl-oz\/","url":"https:\/\/ecosupplements.be\/fr\/produit\/yango-white-mulberry-chlorophyll-in-drops-30-ml-1-fl-oz\/","name":"Gouttes de Chlorophylle de M\u00fbrier Blanc YANGO (30 ml \/ 1 fl. oz.) - ECO Supplements","isPartOf":{"@id":"https:\/\/ecosupplements.be\/fr\/#website"},"primaryImageOfPage":{"@id":"https:\/\/ecosupplements.be\/fr\/produit\/yango-white-mulberry-chlorophyll-in-drops-30-ml-1-fl-oz\/#primaryimage"},"image":{"@id":"https:\/\/ecosupplements.be\/fr\/produit\/yango-white-mulberry-chlorophyll-in-drops-30-ml-1-fl-oz\/#primaryimage"},"thumbnailUrl":"https:\/\/ecosupplements.be\/wp-content\/uploads\/2025\/08\/YANGO-White-Mulberry-Chlorophyll-in-drops-30-ml-1-fl.-oz.jpg","datePublished":"2025-07-27T17:30:24+00:00","dateModified":"2025-08-28T03:14:20+00:00","description":"Wij hebben een ruime keuze aan producten van Gouttes de Chlorophylle de M\u00fbrier Blanc YANGO (30 ml \/ 1 fl. oz.) . Winkel bij Eco Supplements altijd gratis verzending boven 100\u20ac","breadcrumb":{"@id":"https:\/\/ecosupplements.be\/fr\/produit\/yango-white-mulberry-chlorophyll-in-drops-30-ml-1-fl-oz\/#breadcrumb"},"inLanguage":"fr-FR","potentialAction":[{"@type":"ReadAction","target":["https:\/\/ecosupplements.be\/fr\/produit\/yango-white-mulberry-chlorophyll-in-drops-30-ml-1-fl-oz\/"]}]},{"@type":"ImageObject","inLanguage":"fr-FR","@id":"https:\/\/ecosupplements.be\/fr\/produit\/yango-white-mulberry-chlorophyll-in-drops-30-ml-1-fl-oz\/#primaryimage","url":"https:\/\/ecosupplements.be\/wp-content\/uploads\/2025\/08\/YANGO-White-Mulberry-Chlorophyll-in-drops-30-ml-1-fl.-oz.jpg","contentUrl":"https:\/\/ecosupplements.be\/wp-content\/uploads\/2025\/08\/YANGO-White-Mulberry-Chlorophyll-in-drops-30-ml-1-fl.-oz.jpg","width":1000,"height":1243},{"@type":"BreadcrumbList","@id":"https:\/\/ecosupplements.be\/fr\/produit\/yango-white-mulberry-chlorophyll-in-drops-30-ml-1-fl-oz\/#breadcrumb","itemListElement":[{"@type":"ListItem","position":1,"name":"Home","item":"https:\/\/ecosupplements.be\/fr\/"},{"@type":"ListItem","position":2,"name":"Boutique","item":"https:\/\/ecosupplements.be\/fr\/boutique\/"},{"@type":"ListItem","position":3,"name":"Gouttes de Chlorophylle de M\u00fbrier Blanc YANGO (30 ml \/ 1 fl. oz.)"}]},{"@type":"WebSite","@id":"https:\/\/ecosupplements.be\/fr\/#website","url":"https:\/\/ecosupplements.be\/fr\/","name":"ECO Supplements","description":"Eco Supplements - Gezonde supplementen","publisher":{"@id":"https:\/\/ecosupplements.be\/fr\/#organization"},"potentialAction":[{"@type":"SearchAction","target":{"@type":"EntryPoint","urlTemplate":"https:\/\/ecosupplements.be\/fr\/?s={search_term_string}"},"query-input":{"@type":"PropertyValueSpecification","valueRequired":true,"valueName":"search_term_string"}}],"inLanguage":"fr-FR"},{"@type":"Organization","@id":"https:\/\/ecosupplements.be\/fr\/#organization","name":"Eco Supplements","url":"https:\/\/ecosupplements.be\/fr\/","logo":{"@type":"ImageObject","inLanguage":"fr-FR","@id":"https:\/\/ecosupplements.be\/fr\/#\/schema\/logo\/image\/","url":"https:\/\/ecosupplements.be\/wp-content\/uploads\/2022\/06\/ecosupplement-family.png","contentUrl":"https:\/\/ecosupplements.be\/wp-content\/uploads\/2022\/06\/ecosupplement-family.png","width":593,"height":374,"caption":"Eco Supplements"},"image":{"@id":"https:\/\/ecosupplements.be\/fr\/#\/schema\/logo\/image\/"}}]},"product_brand":"Yango","product_price_amount":"8.83","product_price_currency":"EUR","og_availability":"instock","product_availability":"instock","product_retailer_item_id":"5904194063948","product_condition":"new"},"_links":{"self":[{"href":"https:\/\/ecosupplements.be\/fr\/wp-json\/wp\/v2\/product\/304334","targetHints":{"allow":["GET"]}}],"collection":[{"href":"https:\/\/ecosupplements.be\/fr\/wp-json\/wp\/v2\/product"}],"about":[{"href":"https:\/\/ecosupplements.be\/fr\/wp-json\/wp\/v2\/types\/product"}],"replies":[{"embeddable":true,"href":"https:\/\/ecosupplements.be\/fr\/wp-json\/wp\/v2\/comments?post=304334"}],"wp:featuredmedia":[{"embeddable":true,"href":"https:\/\/ecosupplements.be\/fr\/wp-json\/wp\/v2\/media\/278472"}],"wp:attachment":[{"href":"https:\/\/ecosupplements.be\/fr\/wp-json\/wp\/v2\/media?parent=304334"}],"wp:term":[{"taxonomy":"product_brand","embeddable":true,"href":"https:\/\/ecosupplements.be\/fr\/wp-json\/wp\/v2\/product_brand?post=304334"},{"taxonomy":"product_cat","embeddable":true,"href":"https:\/\/ecosupplements.be\/fr\/wp-json\/wp\/v2\/product_cat?post=304334"},{"taxonomy":"product_tag","embeddable":true,"href":"https:\/\/ecosupplements.be\/fr\/wp-json\/wp\/v2\/product_tag?post=304334"}],"curies":[{"name":"wp","href":"https:\/\/api.w.org\/{rel}","templated":true}]}}