{"id":304436,"date":"2025-07-27T20:01:27","date_gmt":"2025-07-27T19:01:27","guid":{"rendered":"https:\/\/ecosupplements.be\/product\/yango-wild-rose-extract-90-caps\/"},"modified":"2025-08-28T04:16:36","modified_gmt":"2025-08-28T03:16:36","slug":"yango-wild-rose-extract-90-caps","status":"publish","type":"product","link":"https:\/\/ecosupplements.be\/fr\/produit\/yango-wild-rose-extract-90-caps\/","title":{"rendered":"YANGO Rose sauvage &#8211; extrait (90 g\u00e9lules)"},"content":{"rendered":"<p>Owoce dzikiej r\u00f3\u017cy s\u0105 niezwykle cenne ze wzgl\u0119du na wysok\u0105 zawarto\u015b\u0107 witaminy C, kt\u00f3ra wspomaga prawid\u0142owe funkcjonowanie uk\u0142adu odporno\u015bciowego oraz chroni kom\u00f3rki przed stresem oksydacyjnym. Dodatkowo witamina C utrzymuje prawid\u0142owe funkcjonowanie uk\u0142adu nerwowego, wspomaga produkcj\u0119 kolagenu oraz redukuje uczucie zm\u0119czenia.<\/p>\n<p>Preparat zosta\u0142 stworzony z my\u015bl\u0105 o osobach, kt\u00f3re chc\u0105 wzmocni\u0107 odporno\u015b\u0107 oraz zachowa\u0107 zdrowie uk\u0142adu nerwowego i promienn\u0105 cer\u0119.<\/p>\n<p>Suplementy YANGO produkujemy zachowuj\u0105c najwy\u017csze rygory kontroli jako\u015bci. Dbamy o odpowiednie st\u0119\u017cenie substancji czynnych i ca\u0142kowite bezpiecze\u0144stwo produkt\u00f3w. Wierzymy, \u017ce w ten spos\u00f3b mo\u017cemy skutecznie pom\u00f3c Ci w osi\u0105gni\u0119ciu zamierzonych cel\u00f3w.<\/p>\n<p>&nbsp;&nbsp;<\/p>\n<table style=\"height:279px\" width=\"481\" class=\" cke_show_border\">\n<tbody>\n<tr>\n<td><img loading=\"lazy\" decoding=\"async\" data-cke-saved-src=\"https:\/\/ecosupplements.be\/wp-content\/uploads\/2025\/08\/Tick24pxH-1.png\" src=\"https:\/\/ecosupplements.be\/wp-content\/uploads\/2025\/08\/Tick24pxH-1.png\" alt=\"\" width=\"22\" height=\"24\"><\/td>\n<td>\n<p>Ekstrakt standaryzowany na 70% witaminy C<\/p>\n<\/td>\n<\/tr>\n<tr>\n<td><img loading=\"lazy\" decoding=\"async\" data-cke-saved-src=\"https:\/\/ecosupplements.be\/wp-content\/uploads\/2025\/08\/Tick24pxH-1.png\" src=\"https:\/\/ecosupplements.be\/wp-content\/uploads\/2025\/08\/Tick24pxH-1.png\" alt=\"\" width=\"22\" height=\"24\"><\/td>\n<td>\n<p>Naturalne wsparcie uk\u0142adu immunologicznego<\/p>\n<\/td>\n<\/tr>\n<tr>\n<td><img loading=\"lazy\" decoding=\"async\" data-cke-saved-src=\"https:\/\/ecosupplements.be\/wp-content\/uploads\/2025\/08\/Tick24pxH-1.png\" src=\"https:\/\/ecosupplements.be\/wp-content\/uploads\/2025\/08\/Tick24pxH-1.png\" alt=\"\" width=\"22\" height=\"24\"><\/td>\n<td>\n<p>Gwarancj\u0119 wysokiej zawarto\u015bci witaminy C potwierdza metoda HPLC o wysokiej selektywno\u015bci czu\u0142o\u015bci&nbsp;<\/p>\n<\/td>\n<\/tr>\n<tr>\n<td><img loading=\"lazy\" decoding=\"async\" data-cke-saved-src=\"https:\/\/ecosupplements.be\/wp-content\/uploads\/2025\/08\/Tick24pxH-1.png\" src=\"https:\/\/ecosupplements.be\/wp-content\/uploads\/2025\/08\/Tick24pxH-1.png\" alt=\"\" width=\"22\" height=\"24\"><\/td>\n<td>\n<p>550 mg ekstraktu 20:1 w dawce dziennej<\/p>\n<\/td>\n<\/tr>\n<tr>\n<td><img loading=\"lazy\" decoding=\"async\" data-cke-saved-src=\"https:\/\/ecosupplements.be\/wp-content\/uploads\/2025\/08\/Tick24pxH-1.png\" src=\"https:\/\/ecosupplements.be\/wp-content\/uploads\/2025\/08\/Tick24pxH-1.png\" alt=\"\" width=\"22\" height=\"24\"><\/td>\n<td>\n<p>Bez dodatk\u00f3w i wype\u0142niaczy<\/p>\n<\/td>\n<\/tr>\n<tr>\n<td><img loading=\"lazy\" decoding=\"async\" data-cke-saved-src=\"https:\/\/ecosupplements.be\/wp-content\/uploads\/2025\/08\/Tick24pxH-1.png\" src=\"https:\/\/ecosupplements.be\/wp-content\/uploads\/2025\/08\/Tick24pxH-1.png\" alt=\"\" width=\"22\" height=\"24\"><\/td>\n<td>Kapsu\u0142ki z celulozy ro\u015blinnej, delikatne dla \u017co\u0142\u0105dka, przyjazne wegetarianom i weganom<\/td>\n<\/tr>\n<\/tbody>\n<\/table>\n<p>&nbsp; &nbsp;&nbsp;<\/p>\n<p>&nbsp; &nbsp; &nbsp;<\/p>\n<table class=\" cke_show_border\">\n<tbody>\n<tr>\n<td><strong>Sk\u0142adnik aktywny<\/strong><\/td>\n<td>1 kapsu\u0142ka<\/td>\n<td>2 kapsu\u0142ki<\/td>\n<\/tr>\n<tr>\n<td>Ekstrakt z dziej r\u00f3\u017cy &#8211; 20:1&nbsp;<\/td>\n<td>550 mg<\/td>\n<td>1100 mg<\/td>\n<\/tr>\n<tr>\n<td><b>&nbsp;<\/b>w tym witamina C<\/td>\n<td>385 mg (481%*)<\/td>\n<td>770 mg (962%*)<\/td>\n<\/tr>\n<\/tbody>\n<\/table>\n<p>&nbsp; &nbsp;*RWS &#8211; Referencyjna Warto\u015b\u0107 Spo\u017cycia&nbsp;<\/p>\n<p><strong>Zalecane dawkowanie:<\/strong>&nbsp;1 kapsu\u0142ka 2 razy dziennie.&nbsp;<\/p>\n<p><strong>Spos\u00f3b u\u017cycia:<\/strong>&nbsp;Kapsu\u0142k\u0119 po\u0142kn\u0105\u0107 i popi\u0107 du\u017c\u0105 ilo\u015bci\u0105 wody, po posi\u0142ku.&nbsp;<\/p>\n<p><strong>Sk\u0142adniki:<\/strong>&nbsp;Ekstrakt z owoc\u00f3w dzikiej r\u00f3\u017cy (<em>Rosa canina<\/em>). <strong>Sk\u0142ad kapsu\u0142ki<\/strong>: celuloza ro\u015blinna (wegetaria\u0144skie)<\/p>\n<p><strong>Podmiot odpowiedzialny:<\/strong>&nbsp;YANGO Sp. z o.o. ul. Granitowa 3\/14, 02-681 Warszawa.&nbsp;<strong>Wyprodukowano w UE.&nbsp;<\/strong><\/p>\n<p><strong>Informacja:<\/strong>&nbsp;Nie przekracza\u0107 zalecanej dziennej porcji. Suplement diety nie mo\u017ce by\u0107 stosowany jako substytut zr\u00f3\u017cnicowanej diety i zdrowego trybu \u017cycia. Przechowywa\u0107 w suchym i ciemnym miejscu w temperaturze pokojowej, w spos\u00f3b niedost\u0119pny dla ma\u0142ych dzieci. Ze wzgl\u0119du na zawarto\u015b\u0107 witaminy C, nie stosowa\u0107 u os\u00f3b maj\u0105cych predyspozycj\u0119 do tworzenia si\u0119 kamieni nerkowych lub choruj\u0105cych na kamic\u0119 nerkow\u0105.&nbsp;<\/p>\n<p><strong>Ostrze\u017cenie<\/strong>: Osoby przyjmuj\u0105ce leki przed u\u017cyciem powinny skonsultowa\u0107 si\u0119 z lekarzem lub farmaceut\u0105. Niewskazane dzieciom, kobietom w ci\u0105\u017cy oraz karmi\u0105cym.&nbsp;<\/p>\n<p>&nbsp;&nbsp;<\/p>\n<p>G\u0142\u00f3wny Inspektorat Sanitarny: GIS-\u017bP-SD-4230-13630\/KC\/19<\/p>\n","protected":false},"excerpt":{"rendered":"<p>Owoce dzikiej r\u00f3\u017cy s\u0105 niezwykle cenne ze wzgl\u0119du na wysok\u0105 zawarto\u015b\u0107 witaminy C, kt\u00f3ra wspomaga prawid\u0142owe funkcjonowanie uk\u0142adu odporno\u015bciowego oraz chroni kom\u00f3rki przed stresem oksydacyjnym. Dodatkowo witamina C utrzymuje prawid\u0142owe funkcjonowanie uk\u0142adu nerwowego, wspomaga produkcj\u0119 kolagenu oraz redukuje uczucie zm\u0119czenia. Preparat zosta\u0142 stworzony z my\u015bl\u0105 o osobach, kt\u00f3re chc\u0105 wzmocni\u0107 odporno\u015b\u0107 oraz zachowa\u0107 zdrowie uk\u0142adu [&#8230;]\n","protected":false},"featured_media":278576,"comment_status":"closed","ping_status":"open","template":"","meta":[],"product_brand":[5393],"product_cat":[5053],"product_tag":[],"class_list":{"0":"post-304436","1":"product","2":"type-product","3":"status-publish","4":"has-post-thumbnail","6":"product_brand-yango-2","7":"product_cat-vitamines-et-mineraux","9":"first","10":"instock","11":"taxable","12":"shipping-taxable","13":"purchasable","14":"product-type-simple"},"yoast_head":"<!-- This site is optimized with the Yoast SEO Premium plugin v27.5 (Yoast SEO v27.5) - https:\/\/yoast.com\/product\/yoast-seo-premium-wordpress\/ -->\n<title>YANGO Rose sauvage - extrait (90 g\u00e9lules) - ECO Supplements<\/title>\n<meta name=\"description\" content=\"Wij hebben een ruime keuze aan producten van YANGO Rose sauvage - extrait (90 g\u00e9lules) . Winkel bij Eco Supplements altijd gratis verzending boven 100\u20ac\" \/>\n<meta name=\"robots\" content=\"index, follow, max-snippet:-1, max-image-preview:large, max-video-preview:-1\" \/>\n<link rel=\"canonical\" href=\"https:\/\/ecosupplements.be\/fr\/produit\/yango-wild-rose-extract-90-caps\/\" \/>\n<meta property=\"og:locale\" content=\"fr_FR\" \/>\n<meta property=\"og:type\" content=\"article\" \/>\n<meta property=\"og:title\" content=\"YANGO Rose sauvage - extrait (90 g\u00e9lules)\" \/>\n<meta property=\"og:description\" content=\"Wij hebben een ruime keuze aan producten van YANGO Rose sauvage - extrait (90 g\u00e9lules) . Winkel bij Eco Supplements altijd gratis verzending boven 100\u20ac\" \/>\n<meta property=\"og:url\" content=\"https:\/\/ecosupplements.be\/fr\/produit\/yango-wild-rose-extract-90-caps\/\" \/>\n<meta property=\"og:site_name\" content=\"ECO Supplements\" \/>\n<meta property=\"article:modified_time\" content=\"2025-08-28T03:16:36+00:00\" \/>\n<meta property=\"og:image\" content=\"https:\/\/ecosupplements.be\/wp-content\/uploads\/2025\/08\/YANGO-Wild-rose-extract-90-caps.jpg\" \/>\n\t<meta property=\"og:image:width\" content=\"800\" \/>\n\t<meta property=\"og:image:height\" content=\"800\" \/>\n\t<meta property=\"og:image:type\" content=\"image\/jpeg\" \/>\n<meta name=\"twitter:card\" content=\"summary_large_image\" \/>\n<meta name=\"twitter:label1\" content=\"Prix\" \/>\n\t<meta name=\"twitter:data1\" content=\"15.57&nbsp;&euro;\" \/>\n\t<meta name=\"twitter:label2\" content=\"Disponibilit\u00e9\" \/>\n\t<meta name=\"twitter:data2\" content=\"En stock\" \/>\n<script type=\"application\/ld+json\" class=\"yoast-schema-graph\">{\"@context\":\"https:\\\/\\\/schema.org\",\"@graph\":[{\"@type\":[\"WebPage\",\"ItemPage\"],\"@id\":\"https:\\\/\\\/ecosupplements.be\\\/fr\\\/produit\\\/yango-wild-rose-extract-90-caps\\\/\",\"url\":\"https:\\\/\\\/ecosupplements.be\\\/fr\\\/produit\\\/yango-wild-rose-extract-90-caps\\\/\",\"name\":\"YANGO Rose sauvage - extrait (90 g\u00e9lules) - ECO Supplements\",\"isPartOf\":{\"@id\":\"https:\\\/\\\/ecosupplements.be\\\/fr\\\/#website\"},\"primaryImageOfPage\":{\"@id\":\"https:\\\/\\\/ecosupplements.be\\\/fr\\\/produit\\\/yango-wild-rose-extract-90-caps\\\/#primaryimage\"},\"image\":{\"@id\":\"https:\\\/\\\/ecosupplements.be\\\/fr\\\/produit\\\/yango-wild-rose-extract-90-caps\\\/#primaryimage\"},\"thumbnailUrl\":\"https:\\\/\\\/ecosupplements.be\\\/wp-content\\\/uploads\\\/2025\\\/08\\\/YANGO-Wild-rose-extract-90-caps.jpg\",\"datePublished\":\"2025-07-27T19:01:27+00:00\",\"dateModified\":\"2025-08-28T03:16:36+00:00\",\"description\":\"Wij hebben een ruime keuze aan producten van YANGO Rose sauvage - extrait (90 g\u00e9lules) . Winkel bij Eco Supplements altijd gratis verzending boven 100\u20ac\",\"breadcrumb\":{\"@id\":\"https:\\\/\\\/ecosupplements.be\\\/fr\\\/produit\\\/yango-wild-rose-extract-90-caps\\\/#breadcrumb\"},\"inLanguage\":\"fr-FR\",\"potentialAction\":[{\"@type\":\"ReadAction\",\"target\":[\"https:\\\/\\\/ecosupplements.be\\\/fr\\\/produit\\\/yango-wild-rose-extract-90-caps\\\/\"]}]},{\"@type\":\"ImageObject\",\"inLanguage\":\"fr-FR\",\"@id\":\"https:\\\/\\\/ecosupplements.be\\\/fr\\\/produit\\\/yango-wild-rose-extract-90-caps\\\/#primaryimage\",\"url\":\"https:\\\/\\\/ecosupplements.be\\\/wp-content\\\/uploads\\\/2025\\\/08\\\/YANGO-Wild-rose-extract-90-caps.jpg\",\"contentUrl\":\"https:\\\/\\\/ecosupplements.be\\\/wp-content\\\/uploads\\\/2025\\\/08\\\/YANGO-Wild-rose-extract-90-caps.jpg\",\"width\":800,\"height\":800},{\"@type\":\"BreadcrumbList\",\"@id\":\"https:\\\/\\\/ecosupplements.be\\\/fr\\\/produit\\\/yango-wild-rose-extract-90-caps\\\/#breadcrumb\",\"itemListElement\":[{\"@type\":\"ListItem\",\"position\":1,\"name\":\"Home\",\"item\":\"https:\\\/\\\/ecosupplements.be\\\/fr\\\/\"},{\"@type\":\"ListItem\",\"position\":2,\"name\":\"Boutique\",\"item\":\"https:\\\/\\\/ecosupplements.be\\\/fr\\\/boutique\\\/\"},{\"@type\":\"ListItem\",\"position\":3,\"name\":\"YANGO Rose sauvage &#8211; extrait (90 g\u00e9lules)\"}]},{\"@type\":\"WebSite\",\"@id\":\"https:\\\/\\\/ecosupplements.be\\\/fr\\\/#website\",\"url\":\"https:\\\/\\\/ecosupplements.be\\\/fr\\\/\",\"name\":\"ECO Supplements\",\"description\":\"Eco Supplements - Gezonde supplementen\",\"publisher\":{\"@id\":\"https:\\\/\\\/ecosupplements.be\\\/fr\\\/#organization\"},\"potentialAction\":[{\"@type\":\"SearchAction\",\"target\":{\"@type\":\"EntryPoint\",\"urlTemplate\":\"https:\\\/\\\/ecosupplements.be\\\/fr\\\/?s={search_term_string}\"},\"query-input\":{\"@type\":\"PropertyValueSpecification\",\"valueRequired\":true,\"valueName\":\"search_term_string\"}}],\"inLanguage\":\"fr-FR\"},{\"@type\":\"Organization\",\"@id\":\"https:\\\/\\\/ecosupplements.be\\\/fr\\\/#organization\",\"name\":\"Eco Supplements\",\"url\":\"https:\\\/\\\/ecosupplements.be\\\/fr\\\/\",\"logo\":{\"@type\":\"ImageObject\",\"inLanguage\":\"fr-FR\",\"@id\":\"https:\\\/\\\/ecosupplements.be\\\/fr\\\/#\\\/schema\\\/logo\\\/image\\\/\",\"url\":\"https:\\\/\\\/ecosupplements.be\\\/wp-content\\\/uploads\\\/2022\\\/06\\\/ecosupplement-family.png\",\"contentUrl\":\"https:\\\/\\\/ecosupplements.be\\\/wp-content\\\/uploads\\\/2022\\\/06\\\/ecosupplement-family.png\",\"width\":593,\"height\":374,\"caption\":\"Eco Supplements\"},\"image\":{\"@id\":\"https:\\\/\\\/ecosupplements.be\\\/fr\\\/#\\\/schema\\\/logo\\\/image\\\/\"}}]}<\/script>\n<meta property=\"product:brand\" content=\"Yango\" \/>\n<meta property=\"product:price:amount\" content=\"15.57\" \/>\n<meta property=\"product:price:currency\" content=\"EUR\" \/>\n<meta property=\"og:availability\" content=\"instock\" \/>\n<meta property=\"product:availability\" content=\"instock\" \/>\n<meta property=\"product:retailer_item_id\" content=\"5907483417262\" \/>\n<meta property=\"product:condition\" content=\"new\" \/>\n<!-- \/ Yoast SEO Premium plugin. -->","yoast_head_json":{"title":"YANGO Rose sauvage - extrait (90 g\u00e9lules) - ECO Supplements","description":"Wij hebben een ruime keuze aan producten van YANGO Rose sauvage - extrait (90 g\u00e9lules) . Winkel bij Eco Supplements altijd gratis verzending boven 100\u20ac","robots":{"index":"index","follow":"follow","max-snippet":"max-snippet:-1","max-image-preview":"max-image-preview:large","max-video-preview":"max-video-preview:-1"},"canonical":"https:\/\/ecosupplements.be\/fr\/produit\/yango-wild-rose-extract-90-caps\/","og_locale":"fr_FR","og_type":"article","og_title":"YANGO Rose sauvage - extrait (90 g\u00e9lules)","og_description":"Wij hebben een ruime keuze aan producten van YANGO Rose sauvage - extrait (90 g\u00e9lules) . Winkel bij Eco Supplements altijd gratis verzending boven 100\u20ac","og_url":"https:\/\/ecosupplements.be\/fr\/produit\/yango-wild-rose-extract-90-caps\/","og_site_name":"ECO Supplements","article_modified_time":"2025-08-28T03:16:36+00:00","og_image":[{"width":800,"height":800,"url":"https:\/\/ecosupplements.be\/wp-content\/uploads\/2025\/08\/YANGO-Wild-rose-extract-90-caps.jpg","type":"image\/jpeg"}],"twitter_card":"summary_large_image","twitter_misc":{"Prix":"15.57&nbsp;&euro;","Disponibilit\u00e9":"En stock"},"schema":{"@context":"https:\/\/schema.org","@graph":[{"@type":["WebPage","ItemPage"],"@id":"https:\/\/ecosupplements.be\/fr\/produit\/yango-wild-rose-extract-90-caps\/","url":"https:\/\/ecosupplements.be\/fr\/produit\/yango-wild-rose-extract-90-caps\/","name":"YANGO Rose sauvage - extrait (90 g\u00e9lules) - ECO Supplements","isPartOf":{"@id":"https:\/\/ecosupplements.be\/fr\/#website"},"primaryImageOfPage":{"@id":"https:\/\/ecosupplements.be\/fr\/produit\/yango-wild-rose-extract-90-caps\/#primaryimage"},"image":{"@id":"https:\/\/ecosupplements.be\/fr\/produit\/yango-wild-rose-extract-90-caps\/#primaryimage"},"thumbnailUrl":"https:\/\/ecosupplements.be\/wp-content\/uploads\/2025\/08\/YANGO-Wild-rose-extract-90-caps.jpg","datePublished":"2025-07-27T19:01:27+00:00","dateModified":"2025-08-28T03:16:36+00:00","description":"Wij hebben een ruime keuze aan producten van YANGO Rose sauvage - extrait (90 g\u00e9lules) . Winkel bij Eco Supplements altijd gratis verzending boven 100\u20ac","breadcrumb":{"@id":"https:\/\/ecosupplements.be\/fr\/produit\/yango-wild-rose-extract-90-caps\/#breadcrumb"},"inLanguage":"fr-FR","potentialAction":[{"@type":"ReadAction","target":["https:\/\/ecosupplements.be\/fr\/produit\/yango-wild-rose-extract-90-caps\/"]}]},{"@type":"ImageObject","inLanguage":"fr-FR","@id":"https:\/\/ecosupplements.be\/fr\/produit\/yango-wild-rose-extract-90-caps\/#primaryimage","url":"https:\/\/ecosupplements.be\/wp-content\/uploads\/2025\/08\/YANGO-Wild-rose-extract-90-caps.jpg","contentUrl":"https:\/\/ecosupplements.be\/wp-content\/uploads\/2025\/08\/YANGO-Wild-rose-extract-90-caps.jpg","width":800,"height":800},{"@type":"BreadcrumbList","@id":"https:\/\/ecosupplements.be\/fr\/produit\/yango-wild-rose-extract-90-caps\/#breadcrumb","itemListElement":[{"@type":"ListItem","position":1,"name":"Home","item":"https:\/\/ecosupplements.be\/fr\/"},{"@type":"ListItem","position":2,"name":"Boutique","item":"https:\/\/ecosupplements.be\/fr\/boutique\/"},{"@type":"ListItem","position":3,"name":"YANGO Rose sauvage &#8211; extrait (90 g\u00e9lules)"}]},{"@type":"WebSite","@id":"https:\/\/ecosupplements.be\/fr\/#website","url":"https:\/\/ecosupplements.be\/fr\/","name":"ECO Supplements","description":"Eco Supplements - Gezonde supplementen","publisher":{"@id":"https:\/\/ecosupplements.be\/fr\/#organization"},"potentialAction":[{"@type":"SearchAction","target":{"@type":"EntryPoint","urlTemplate":"https:\/\/ecosupplements.be\/fr\/?s={search_term_string}"},"query-input":{"@type":"PropertyValueSpecification","valueRequired":true,"valueName":"search_term_string"}}],"inLanguage":"fr-FR"},{"@type":"Organization","@id":"https:\/\/ecosupplements.be\/fr\/#organization","name":"Eco Supplements","url":"https:\/\/ecosupplements.be\/fr\/","logo":{"@type":"ImageObject","inLanguage":"fr-FR","@id":"https:\/\/ecosupplements.be\/fr\/#\/schema\/logo\/image\/","url":"https:\/\/ecosupplements.be\/wp-content\/uploads\/2022\/06\/ecosupplement-family.png","contentUrl":"https:\/\/ecosupplements.be\/wp-content\/uploads\/2022\/06\/ecosupplement-family.png","width":593,"height":374,"caption":"Eco Supplements"},"image":{"@id":"https:\/\/ecosupplements.be\/fr\/#\/schema\/logo\/image\/"}}]},"product_brand":"Yango","product_price_amount":"15.57","product_price_currency":"EUR","og_availability":"instock","product_availability":"instock","product_retailer_item_id":"5907483417262","product_condition":"new"},"_links":{"self":[{"href":"https:\/\/ecosupplements.be\/fr\/wp-json\/wp\/v2\/product\/304436","targetHints":{"allow":["GET"]}}],"collection":[{"href":"https:\/\/ecosupplements.be\/fr\/wp-json\/wp\/v2\/product"}],"about":[{"href":"https:\/\/ecosupplements.be\/fr\/wp-json\/wp\/v2\/types\/product"}],"replies":[{"embeddable":true,"href":"https:\/\/ecosupplements.be\/fr\/wp-json\/wp\/v2\/comments?post=304436"}],"wp:featuredmedia":[{"embeddable":true,"href":"https:\/\/ecosupplements.be\/fr\/wp-json\/wp\/v2\/media\/278576"}],"wp:attachment":[{"href":"https:\/\/ecosupplements.be\/fr\/wp-json\/wp\/v2\/media?parent=304436"}],"wp:term":[{"taxonomy":"product_brand","embeddable":true,"href":"https:\/\/ecosupplements.be\/fr\/wp-json\/wp\/v2\/product_brand?post=304436"},{"taxonomy":"product_cat","embeddable":true,"href":"https:\/\/ecosupplements.be\/fr\/wp-json\/wp\/v2\/product_cat?post=304436"},{"taxonomy":"product_tag","embeddable":true,"href":"https:\/\/ecosupplements.be\/fr\/wp-json\/wp\/v2\/product_tag?post=304436"}],"curies":[{"name":"wp","href":"https:\/\/api.w.org\/{rel}","templated":true}]}}