{"id":304460,"date":"2025-07-27T20:30:25","date_gmt":"2025-07-27T19:30:25","guid":{"rendered":"https:\/\/ecosupplements.be\/product\/yango-forskolin-coleus-forskohlii-90-caps\/"},"modified":"2025-08-28T04:17:06","modified_gmt":"2025-08-28T03:17:06","slug":"yango-forskolin-coleus-forskohlii-90-caps","status":"publish","type":"product","link":"https:\/\/ecosupplements.be\/fr\/produit\/yango-forskolin-coleus-forskohlii-90-caps\/","title":{"rendered":"Forskoline YANGO &#8211; Coleus Forskohlii (90 g\u00e9lules)"},"content":{"rendered":"<p><strong>Pokrzywa indyjska<\/strong> to wieloletnia ro\u015blina tropikalna, kt\u00f3ra znana jest r\u00f3wnie\u017c pod nazw\u0105 <strong>forskolina<\/strong> oraz <strong>sza\u0142wia indyjska<\/strong>. Pomaga kontrolowa\u0107 <strong>mas\u0119 cia\u0142a<\/strong>. Wp\u0142ywa pozytywnie na <strong>metabolizm lipid\u00f3w<\/strong> i reguluje proces <strong>odk\u0142adania si\u0119 t\u0142uszczu<\/strong> w organizmie.<\/p>\n<p>\u00a0 \u00a0<\/p>\n<table>\n<tbody>\n<tr>\n<td><img loading=\"lazy\" decoding=\"async\" alt=\"\" src=\"https:\/\/ecosupplements.be\/wp-content\/uploads\/2025\/08\/Tick24pxH-1.png\" width=\"22\" height=\"24\" \/><\/td>\n<td>370 mg ekstraktu z pokrzywy indyjskiej, co odpowiada spo\u017cyciu 3700 mg sproszkowanej rosliny<\/td>\n<\/tr>\n<tr>\n<td><img loading=\"lazy\" decoding=\"async\" src=\"https:\/\/ecosupplements.be\/wp-content\/uploads\/2025\/08\/Tick24pxH-1.png\" alt=\"\" width=\"22\" height=\"24\" \/><\/td>\n<td>Bez dodatk\u00f3w i wype\u0142niaczy<\/td>\n<\/tr>\n<tr>\n<td><img loading=\"lazy\" decoding=\"async\" src=\"https:\/\/ecosupplements.be\/wp-content\/uploads\/2025\/08\/Tick24pxH-1.png\" alt=\"\" width=\"22\" height=\"24\" \/><\/td>\n<td>Kapsu\u0142ki z celulozy ro\u015blinnej, delikatne dla \u017co\u0142\u0105dka, przyjazne wegetarianom i weganom<\/td>\n<\/tr>\n<\/tbody>\n<\/table>\n<p>\u00a0\u00a0<\/p>\n<table border=\"1\">\n<tbody>\n<tr>\n<td><strong>Sk\u0142adnik aktywny<\/strong><\/td>\n<td><strong>1 kapsu\u0142ka\u00a0<\/strong><\/td>\n<\/tr>\n<tr>\n<td>Pokrzywa indyjska &#8211; ekstrakt 10:1\u00a0<\/td>\n<td>370 mg<\/td>\n<\/tr>\n<\/tbody>\n<\/table>\n<p><strong>Spos\u00f3b u\u017cycia:<\/strong>\u00a01 kapsu\u0142ka 2 razy dziennie, po posi\u0142ku.\u00a0<\/p>\n<p><strong>Sk\u0142adniki: <\/strong>Ekstrakt z korzenia pokrzywy indyjskiej (<em>Coleus forskohlii<\/em>) 10:1. <strong>Sk\u0142ad kapsu\u0142ki:<\/strong> celuloza ro\u015blinna (wegetaria\u0144skie).<\/p>\n<p><strong>Informacja:<\/strong>\u00a0Suplement diety nie mo\u017ce by\u0107 stosowany jako substytut zr\u00f3\u017cnicowanej diety i zdrowego trybu \u017cycia. Przechowywa\u0107 w ciemnym i suchym miejscu w temperaturze pokojowej, w spos\u00f3b niedost\u0119pny dla ma\u0142ych dzieci. Osoby przyjmuj\u0105ce leki przed u\u017cyciem powinny skonsultowa\u0107 si\u0119 z lekarzem lub farmaceut\u0105. Niewskazane ma\u0142ym dzieciom, kobietom w ci\u0105\u017cy oraz karmi\u0105cym.\u00a0<strong>Wyprodukowano w Unii Europejskiej.<\/strong>\u00a0<strong>Podmiot odpowiedzialny:<\/strong>\u00a0YANGO Sp. z o.o. Masa netto: 41,4 g.<\/p>\n<p><strong>Informacja alergiczna:<\/strong><br \/>Nie zawiera skorupiak\u00f3w, jaj, ryb, orzech\u00f3w, soi, sk\u0142adnik\u00f3w mlecznych, selera, gorczycy, sezamu.<\/p>\n<p>Produkowane bez u\u017cycia sztucznych substancji konserwuj\u0105cych, zapachowych lub barwi\u0105cych.<br \/>Produkt wolny od metali ci\u0119\u017ckich, takich jak arsen, kadm, o\u0142\u00f3w czy rt\u0119\u0107.<\/p>\n<p>G\u0142\u00f3wny Inspektorat Sanitarny:\u00a0<span class=\"fontstyle0\">2020\/05\/19\/SD\/FEF37F<\/span><\/p>\n","protected":false},"excerpt":{"rendered":"<p>Pokrzywa indyjska to wieloletnia ro\u015blina tropikalna, kt\u00f3ra znana jest r\u00f3wnie\u017c pod nazw\u0105 forskolina oraz sza\u0142wia indyjska. Pomaga kontrolowa\u0107 mas\u0119 cia\u0142a. Wp\u0142ywa pozytywnie na metabolizm lipid\u00f3w i reguluje proces odk\u0142adania si\u0119 t\u0142uszczu w organizmie. \u00a0 \u00a0 370 mg ekstraktu z pokrzywy indyjskiej, co odpowiada spo\u017cyciu 3700 mg sproszkowanej rosliny Bez dodatk\u00f3w i wype\u0142niaczy Kapsu\u0142ki z celulozy [&#8230;]\n","protected":false},"featured_media":278600,"comment_status":"closed","ping_status":"open","template":"","meta":[],"product_brand":[5393],"product_cat":[5052,5094,5053],"product_tag":[],"class_list":{"0":"post-304460","1":"product","2":"type-product","3":"status-publish","4":"has-post-thumbnail","6":"product_brand-yango-2","7":"product_cat-sante-et-bien-etre","8":"product_cat-supplements-a-base-de-plantes","9":"product_cat-vitamines-et-mineraux","11":"first","12":"instock","13":"taxable","14":"shipping-taxable","15":"purchasable","16":"product-type-simple"},"yoast_head":"<!-- This site is optimized with the Yoast SEO Premium plugin v27.5 (Yoast SEO v27.5) - https:\/\/yoast.com\/product\/yoast-seo-premium-wordpress\/ -->\n<title>Forskoline YANGO - Coleus Forskohlii (90 g\u00e9lules) - ECO Supplements<\/title>\n<meta name=\"description\" content=\"Wij hebben een ruime keuze aan producten van Forskoline YANGO - Coleus Forskohlii (90 g\u00e9lules) . Winkel bij Eco Supplements altijd gratis verzending boven 100\u20ac\" \/>\n<meta name=\"robots\" content=\"index, follow, max-snippet:-1, max-image-preview:large, max-video-preview:-1\" \/>\n<link rel=\"canonical\" href=\"https:\/\/ecosupplements.be\/fr\/produit\/yango-forskolin-coleus-forskohlii-90-caps\/\" \/>\n<meta property=\"og:locale\" content=\"fr_FR\" \/>\n<meta property=\"og:type\" content=\"article\" \/>\n<meta property=\"og:title\" content=\"Forskoline YANGO - Coleus Forskohlii (90 g\u00e9lules)\" \/>\n<meta property=\"og:description\" content=\"Wij hebben een ruime keuze aan producten van Forskoline YANGO - Coleus Forskohlii (90 g\u00e9lules) . Winkel bij Eco Supplements altijd gratis verzending boven 100\u20ac\" \/>\n<meta property=\"og:url\" content=\"https:\/\/ecosupplements.be\/fr\/produit\/yango-forskolin-coleus-forskohlii-90-caps\/\" \/>\n<meta property=\"og:site_name\" content=\"ECO Supplements\" \/>\n<meta property=\"article:modified_time\" content=\"2025-08-28T03:17:06+00:00\" \/>\n<meta property=\"og:image\" content=\"https:\/\/ecosupplements.be\/wp-content\/uploads\/2025\/08\/YANGO-Forskolin-Coleus-Forskohlii-90-caps.jpg\" \/>\n\t<meta property=\"og:image:width\" content=\"581\" \/>\n\t<meta property=\"og:image:height\" content=\"900\" \/>\n\t<meta property=\"og:image:type\" content=\"image\/jpeg\" \/>\n<meta name=\"twitter:card\" content=\"summary_large_image\" \/>\n<meta name=\"twitter:label1\" content=\"Prix\" \/>\n\t<meta name=\"twitter:data1\" content=\"10.08&nbsp;&euro;\" \/>\n\t<meta name=\"twitter:label2\" content=\"Disponibilit\u00e9\" \/>\n\t<meta name=\"twitter:data2\" content=\"En stock\" \/>\n<script type=\"application\/ld+json\" class=\"yoast-schema-graph\">{\"@context\":\"https:\\\/\\\/schema.org\",\"@graph\":[{\"@type\":[\"WebPage\",\"ItemPage\"],\"@id\":\"https:\\\/\\\/ecosupplements.be\\\/fr\\\/produit\\\/yango-forskolin-coleus-forskohlii-90-caps\\\/\",\"url\":\"https:\\\/\\\/ecosupplements.be\\\/fr\\\/produit\\\/yango-forskolin-coleus-forskohlii-90-caps\\\/\",\"name\":\"Forskoline YANGO - Coleus Forskohlii (90 g\u00e9lules) - ECO Supplements\",\"isPartOf\":{\"@id\":\"https:\\\/\\\/ecosupplements.be\\\/fr\\\/#website\"},\"primaryImageOfPage\":{\"@id\":\"https:\\\/\\\/ecosupplements.be\\\/fr\\\/produit\\\/yango-forskolin-coleus-forskohlii-90-caps\\\/#primaryimage\"},\"image\":{\"@id\":\"https:\\\/\\\/ecosupplements.be\\\/fr\\\/produit\\\/yango-forskolin-coleus-forskohlii-90-caps\\\/#primaryimage\"},\"thumbnailUrl\":\"https:\\\/\\\/ecosupplements.be\\\/wp-content\\\/uploads\\\/2025\\\/08\\\/YANGO-Forskolin-Coleus-Forskohlii-90-caps.jpg\",\"datePublished\":\"2025-07-27T19:30:25+00:00\",\"dateModified\":\"2025-08-28T03:17:06+00:00\",\"description\":\"Wij hebben een ruime keuze aan producten van Forskoline YANGO - Coleus Forskohlii (90 g\u00e9lules) . Winkel bij Eco Supplements altijd gratis verzending boven 100\u20ac\",\"breadcrumb\":{\"@id\":\"https:\\\/\\\/ecosupplements.be\\\/fr\\\/produit\\\/yango-forskolin-coleus-forskohlii-90-caps\\\/#breadcrumb\"},\"inLanguage\":\"fr-FR\",\"potentialAction\":[{\"@type\":\"ReadAction\",\"target\":[\"https:\\\/\\\/ecosupplements.be\\\/fr\\\/produit\\\/yango-forskolin-coleus-forskohlii-90-caps\\\/\"]}]},{\"@type\":\"ImageObject\",\"inLanguage\":\"fr-FR\",\"@id\":\"https:\\\/\\\/ecosupplements.be\\\/fr\\\/produit\\\/yango-forskolin-coleus-forskohlii-90-caps\\\/#primaryimage\",\"url\":\"https:\\\/\\\/ecosupplements.be\\\/wp-content\\\/uploads\\\/2025\\\/08\\\/YANGO-Forskolin-Coleus-Forskohlii-90-caps.jpg\",\"contentUrl\":\"https:\\\/\\\/ecosupplements.be\\\/wp-content\\\/uploads\\\/2025\\\/08\\\/YANGO-Forskolin-Coleus-Forskohlii-90-caps.jpg\",\"width\":581,\"height\":900},{\"@type\":\"BreadcrumbList\",\"@id\":\"https:\\\/\\\/ecosupplements.be\\\/fr\\\/produit\\\/yango-forskolin-coleus-forskohlii-90-caps\\\/#breadcrumb\",\"itemListElement\":[{\"@type\":\"ListItem\",\"position\":1,\"name\":\"Home\",\"item\":\"https:\\\/\\\/ecosupplements.be\\\/fr\\\/\"},{\"@type\":\"ListItem\",\"position\":2,\"name\":\"Boutique\",\"item\":\"https:\\\/\\\/ecosupplements.be\\\/fr\\\/boutique\\\/\"},{\"@type\":\"ListItem\",\"position\":3,\"name\":\"Forskoline YANGO &#8211; Coleus Forskohlii (90 g\u00e9lules)\"}]},{\"@type\":\"WebSite\",\"@id\":\"https:\\\/\\\/ecosupplements.be\\\/fr\\\/#website\",\"url\":\"https:\\\/\\\/ecosupplements.be\\\/fr\\\/\",\"name\":\"ECO Supplements\",\"description\":\"Eco Supplements - Gezonde supplementen\",\"publisher\":{\"@id\":\"https:\\\/\\\/ecosupplements.be\\\/fr\\\/#organization\"},\"potentialAction\":[{\"@type\":\"SearchAction\",\"target\":{\"@type\":\"EntryPoint\",\"urlTemplate\":\"https:\\\/\\\/ecosupplements.be\\\/fr\\\/?s={search_term_string}\"},\"query-input\":{\"@type\":\"PropertyValueSpecification\",\"valueRequired\":true,\"valueName\":\"search_term_string\"}}],\"inLanguage\":\"fr-FR\"},{\"@type\":\"Organization\",\"@id\":\"https:\\\/\\\/ecosupplements.be\\\/fr\\\/#organization\",\"name\":\"Eco Supplements\",\"url\":\"https:\\\/\\\/ecosupplements.be\\\/fr\\\/\",\"logo\":{\"@type\":\"ImageObject\",\"inLanguage\":\"fr-FR\",\"@id\":\"https:\\\/\\\/ecosupplements.be\\\/fr\\\/#\\\/schema\\\/logo\\\/image\\\/\",\"url\":\"https:\\\/\\\/ecosupplements.be\\\/wp-content\\\/uploads\\\/2022\\\/06\\\/ecosupplement-family.png\",\"contentUrl\":\"https:\\\/\\\/ecosupplements.be\\\/wp-content\\\/uploads\\\/2022\\\/06\\\/ecosupplement-family.png\",\"width\":593,\"height\":374,\"caption\":\"Eco Supplements\"},\"image\":{\"@id\":\"https:\\\/\\\/ecosupplements.be\\\/fr\\\/#\\\/schema\\\/logo\\\/image\\\/\"}}]}<\/script>\n<meta property=\"product:brand\" content=\"Yango\" \/>\n<meta property=\"product:price:amount\" content=\"10.08\" \/>\n<meta property=\"product:price:currency\" content=\"EUR\" \/>\n<meta property=\"og:availability\" content=\"instock\" \/>\n<meta property=\"product:availability\" content=\"instock\" \/>\n<meta property=\"product:retailer_item_id\" content=\"5907483417682\" \/>\n<meta property=\"product:condition\" content=\"new\" \/>\n<!-- \/ Yoast SEO Premium plugin. -->","yoast_head_json":{"title":"Forskoline YANGO - Coleus Forskohlii (90 g\u00e9lules) - ECO Supplements","description":"Wij hebben een ruime keuze aan producten van Forskoline YANGO - Coleus Forskohlii (90 g\u00e9lules) . Winkel bij Eco Supplements altijd gratis verzending boven 100\u20ac","robots":{"index":"index","follow":"follow","max-snippet":"max-snippet:-1","max-image-preview":"max-image-preview:large","max-video-preview":"max-video-preview:-1"},"canonical":"https:\/\/ecosupplements.be\/fr\/produit\/yango-forskolin-coleus-forskohlii-90-caps\/","og_locale":"fr_FR","og_type":"article","og_title":"Forskoline YANGO - Coleus Forskohlii (90 g\u00e9lules)","og_description":"Wij hebben een ruime keuze aan producten van Forskoline YANGO - Coleus Forskohlii (90 g\u00e9lules) . Winkel bij Eco Supplements altijd gratis verzending boven 100\u20ac","og_url":"https:\/\/ecosupplements.be\/fr\/produit\/yango-forskolin-coleus-forskohlii-90-caps\/","og_site_name":"ECO Supplements","article_modified_time":"2025-08-28T03:17:06+00:00","og_image":[{"width":581,"height":900,"url":"https:\/\/ecosupplements.be\/wp-content\/uploads\/2025\/08\/YANGO-Forskolin-Coleus-Forskohlii-90-caps.jpg","type":"image\/jpeg"}],"twitter_card":"summary_large_image","twitter_misc":{"Prix":"10.08&nbsp;&euro;","Disponibilit\u00e9":"En stock"},"schema":{"@context":"https:\/\/schema.org","@graph":[{"@type":["WebPage","ItemPage"],"@id":"https:\/\/ecosupplements.be\/fr\/produit\/yango-forskolin-coleus-forskohlii-90-caps\/","url":"https:\/\/ecosupplements.be\/fr\/produit\/yango-forskolin-coleus-forskohlii-90-caps\/","name":"Forskoline YANGO - Coleus Forskohlii (90 g\u00e9lules) - ECO Supplements","isPartOf":{"@id":"https:\/\/ecosupplements.be\/fr\/#website"},"primaryImageOfPage":{"@id":"https:\/\/ecosupplements.be\/fr\/produit\/yango-forskolin-coleus-forskohlii-90-caps\/#primaryimage"},"image":{"@id":"https:\/\/ecosupplements.be\/fr\/produit\/yango-forskolin-coleus-forskohlii-90-caps\/#primaryimage"},"thumbnailUrl":"https:\/\/ecosupplements.be\/wp-content\/uploads\/2025\/08\/YANGO-Forskolin-Coleus-Forskohlii-90-caps.jpg","datePublished":"2025-07-27T19:30:25+00:00","dateModified":"2025-08-28T03:17:06+00:00","description":"Wij hebben een ruime keuze aan producten van Forskoline YANGO - Coleus Forskohlii (90 g\u00e9lules) . Winkel bij Eco Supplements altijd gratis verzending boven 100\u20ac","breadcrumb":{"@id":"https:\/\/ecosupplements.be\/fr\/produit\/yango-forskolin-coleus-forskohlii-90-caps\/#breadcrumb"},"inLanguage":"fr-FR","potentialAction":[{"@type":"ReadAction","target":["https:\/\/ecosupplements.be\/fr\/produit\/yango-forskolin-coleus-forskohlii-90-caps\/"]}]},{"@type":"ImageObject","inLanguage":"fr-FR","@id":"https:\/\/ecosupplements.be\/fr\/produit\/yango-forskolin-coleus-forskohlii-90-caps\/#primaryimage","url":"https:\/\/ecosupplements.be\/wp-content\/uploads\/2025\/08\/YANGO-Forskolin-Coleus-Forskohlii-90-caps.jpg","contentUrl":"https:\/\/ecosupplements.be\/wp-content\/uploads\/2025\/08\/YANGO-Forskolin-Coleus-Forskohlii-90-caps.jpg","width":581,"height":900},{"@type":"BreadcrumbList","@id":"https:\/\/ecosupplements.be\/fr\/produit\/yango-forskolin-coleus-forskohlii-90-caps\/#breadcrumb","itemListElement":[{"@type":"ListItem","position":1,"name":"Home","item":"https:\/\/ecosupplements.be\/fr\/"},{"@type":"ListItem","position":2,"name":"Boutique","item":"https:\/\/ecosupplements.be\/fr\/boutique\/"},{"@type":"ListItem","position":3,"name":"Forskoline YANGO &#8211; Coleus Forskohlii (90 g\u00e9lules)"}]},{"@type":"WebSite","@id":"https:\/\/ecosupplements.be\/fr\/#website","url":"https:\/\/ecosupplements.be\/fr\/","name":"ECO Supplements","description":"Eco Supplements - Gezonde supplementen","publisher":{"@id":"https:\/\/ecosupplements.be\/fr\/#organization"},"potentialAction":[{"@type":"SearchAction","target":{"@type":"EntryPoint","urlTemplate":"https:\/\/ecosupplements.be\/fr\/?s={search_term_string}"},"query-input":{"@type":"PropertyValueSpecification","valueRequired":true,"valueName":"search_term_string"}}],"inLanguage":"fr-FR"},{"@type":"Organization","@id":"https:\/\/ecosupplements.be\/fr\/#organization","name":"Eco Supplements","url":"https:\/\/ecosupplements.be\/fr\/","logo":{"@type":"ImageObject","inLanguage":"fr-FR","@id":"https:\/\/ecosupplements.be\/fr\/#\/schema\/logo\/image\/","url":"https:\/\/ecosupplements.be\/wp-content\/uploads\/2022\/06\/ecosupplement-family.png","contentUrl":"https:\/\/ecosupplements.be\/wp-content\/uploads\/2022\/06\/ecosupplement-family.png","width":593,"height":374,"caption":"Eco Supplements"},"image":{"@id":"https:\/\/ecosupplements.be\/fr\/#\/schema\/logo\/image\/"}}]},"product_brand":"Yango","product_price_amount":"10.08","product_price_currency":"EUR","og_availability":"instock","product_availability":"instock","product_retailer_item_id":"5907483417682","product_condition":"new"},"_links":{"self":[{"href":"https:\/\/ecosupplements.be\/fr\/wp-json\/wp\/v2\/product\/304460","targetHints":{"allow":["GET"]}}],"collection":[{"href":"https:\/\/ecosupplements.be\/fr\/wp-json\/wp\/v2\/product"}],"about":[{"href":"https:\/\/ecosupplements.be\/fr\/wp-json\/wp\/v2\/types\/product"}],"replies":[{"embeddable":true,"href":"https:\/\/ecosupplements.be\/fr\/wp-json\/wp\/v2\/comments?post=304460"}],"wp:featuredmedia":[{"embeddable":true,"href":"https:\/\/ecosupplements.be\/fr\/wp-json\/wp\/v2\/media\/278600"}],"wp:attachment":[{"href":"https:\/\/ecosupplements.be\/fr\/wp-json\/wp\/v2\/media?parent=304460"}],"wp:term":[{"taxonomy":"product_brand","embeddable":true,"href":"https:\/\/ecosupplements.be\/fr\/wp-json\/wp\/v2\/product_brand?post=304460"},{"taxonomy":"product_cat","embeddable":true,"href":"https:\/\/ecosupplements.be\/fr\/wp-json\/wp\/v2\/product_cat?post=304460"},{"taxonomy":"product_tag","embeddable":true,"href":"https:\/\/ecosupplements.be\/fr\/wp-json\/wp\/v2\/product_tag?post=304460"}],"curies":[{"name":"wp","href":"https:\/\/api.w.org\/{rel}","templated":true}]}}